{"id":15308,"date":"2025-01-19T14:21:57","date_gmt":"2025-01-19T14:21:57","guid":{"rendered":"https:\/\/www.hydraulic-cylinders.net\/product\/bucket-cylinder-for-hyundai-small-excavator-r130-5\/"},"modified":"2025-01-19T14:21:59","modified_gmt":"2025-01-19T14:21:59","slug":"bucket-cylinder-for-hyundai-small-excavator-r130-5","status":"publish","type":"product","link":"https:\/\/www.hydraulic-cylinders.net\/hu\/termek\/bucket-cylinder-for-hyundai-small-excavator-r130-5\/","title":{"rendered":"Kan\u00e1lhenger Hyundai kis kotr\u00f3g\u00e9phez R130-5"},"content":{"rendered":"<h1>Kan\u00e1lhenger Hyundai kis kotr\u00f3g\u00e9phez R130-5<\/h1>\n<h2>Bevezet\u00e9s<\/h2>\n<p>A Hyundai R130-5 kis kotr\u00f3g\u00e9p kan\u00e1lhengere egy speci\u00e1lisan tervezett hidraulikus henger, amelyet f\u0151k\u00e9nt neh\u00e9zg\u00e9pek, p\u00e9ld\u00e1ul kotr\u00f3g\u00e9pek, kotr\u00f3rakod\u00f3k \u00e9s homlokrakod\u00f3k kan\u00e1lmozg\u00e1s\u00e1nak vez\u00e9rl\u00e9s\u00e9re haszn\u00e1lnak. F\u0151 funkci\u00f3ja a kan\u00e1l emel\u00e9se, s\u00fcllyeszt\u00e9se \u00e9s billent\u00e9se, megk\u00f6nny\u00edtve a k\u00fcl\u00f6nf\u00e9le anyagmozgat\u00e1si feladatok elv\u00e9gz\u00e9s\u00e9t. A hidraulikus rendszerben a kan\u00e1lhenger a hidraulikaolaj nyom\u00e1s\u00e1nak v\u00e1ltoztat\u00e1s\u00e1val prec\u00edzen szab\u00e1lyozza a kan\u00e1l mozg\u00e1s\u00e1t, lehet\u0151v\u00e9 t\u00e9ve a kezel\u0151k sz\u00e1m\u00e1ra a neh\u00e9z terhek hat\u00e9kony kezel\u00e9s\u00e9t, valamint az \u00f6sszetett munkak\u00f6rnyezetekhez \u00e9s a v\u00e1ltozatos munkak\u00f6vetelm\u00e9nyekhez val\u00f3 alkalmazkod\u00e1st.<\/p>\n<p><img decoding=\"async\" src=\"https:\/\/www.hydraulic-cylinders.net\/wp-content\/uploads\/2025\/01\/songte-company-2.webp\" alt=\"V\u00f6d\u00f6rhenger\" \/><\/p>\n<h2>Jellemz\u0151k<\/h2>\n<ul>\n<li>Nagy szil\u00e1rds\u00e1g \u00e9s tart\u00f3ss\u00e1g: \u00c1ltal\u00e1ban nagy szil\u00e1rds\u00e1g\u00fa ac\u00e9lb\u00f3l vagy alum\u00edniumb\u00f3l k\u00e9sz\u00fcl, ellen\u00e1ll a nagy nyom\u00e1snak \u00e9s a nagy terhel\u00e9seknek, alkalmazkodik a zord munkak\u00f6rnyezethez, \u00e9s kop\u00e1s\u00e1ll\u00f3s\u00e1gra \u00e9s korr\u00f3zi\u00f3\u00e1ll\u00f3s\u00e1gra tervezt\u00e9k, meghosszabb\u00edtva \u00e9lettartam\u00e1t.<\/li>\n<li>Hat\u00e9kony hidraulikus m\u0171k\u00f6d\u00e9s: A hidraulikaolaj nyom\u00e1s\u00e1nak k\u00f6sz\u00f6nhet\u0151en sima kiny\u00fal\u00e1si \u00e9s \u00f6sszeh\u00faz\u00e1si mozg\u00e1sok \u00e9rhet\u0151k el, gyorsan reag\u00e1l a m\u0171k\u00f6d\u00e9si parancsokra, nagy h\u00faz\u00f3-nyom\u00f3 er\u0151t biztos\u00edt, \u00e9s alkalmas neh\u00e9z terhek \u00e9s \u00f6sszetett feladatok kezel\u00e9s\u00e9re.<\/li>\n<li>K\u00fcl\u00f6nb\u00f6z\u0151 t\u00edpusok: Az ig\u00e9nyeknek megfelel\u0151en v\u00e1laszthat\u00f3 egyszeres m\u0171k\u00f6d\u00e9s\u0171 (csak egy ir\u00e1nyban hidraulikusan m\u0171k\u00f6dtethet\u0151) vagy kett\u0151s m\u0171k\u00f6d\u00e9s\u0171 (mindk\u00e9t ir\u00e1nyban hidraulikusan m\u0171k\u00f6dtethet\u0151) hengerk\u00e9nt. Egyes modellek teleszk\u00f3posak, \u00edgy nagyobb kiny\u00fal\u00e1st tesznek lehet\u0151v\u00e9 a k\u00fcls\u0151 m\u00e9retek n\u00f6vel\u00e9se n\u00e9lk\u00fcl, \u00edgy alkalmasak korl\u00e1tozott helyig\u00e9ny\u0171 alkalmaz\u00e1sokhoz.<\/li>\n<li>K\u00f6nnyen telep\u00edthet\u0151 \u00e9s karbantarthat\u00f3: Term\u00e9keink t\u00f6k\u00e9letesen helyettes\u00edthetik ezeket a hidraulikus hengereket.<\/li>\n<\/ul>\n<p><img decoding=\"async\" src=\"https:\/\/www.hydraulic-cylinders.net\/wp-content\/uploads\/2025\/01\/songte-cylinder-head-with-all-kinds-excavator-models.webp\" alt=\"Kan\u00e1lhenger modellek\" \/><\/p>\n<h2>Alkalmaz\u00e1sok<\/h2>\n<p>A v\u00f6d\u00f6rhenger sz\u00e9les k\u00f6r\u0171 alkalmaz\u00e1si lehet\u0151s\u00e9gekkel rendelkezik, bele\u00e9rtve:<\/p>\n<ul>\n<li>\u00c9p\u00edt\u0151ipari berendez\u00e9sek: Kotr\u00f3g\u00e9pekben kritikus fontoss\u00e1g\u00faak az \u00e1s\u00e1shoz, a rakod\u00e1shoz \u00e9s a f\u00f6ld vagy t\u00f6rmel\u00e9k mozgat\u00e1s\u00e1hoz. Kotr\u00f3g\u00e9p-rakod\u00f3kban a kan\u00e1lhenger mind az \u00e1s\u00e1st, mind az emel\u00e9st seg\u00edti. <\/li>\n<li>Mez\u0151gazdas\u00e1gi g\u00e9pek: Homlokrakod\u00f3kban haszn\u00e1lj\u00e1k talaj, sz\u00e9na \u00e9s egy\u00e9b anyagok felszed\u00e9s\u00e9re, emel\u00e9s\u00e9re \u00e9s sz\u00e1ll\u00edt\u00e1s\u00e1ra. <\/li>\n<li>Kotr\u00f3g\u00e9pek: A kan\u00e1lhenger \u00fagy \u00e9ri el az \u00e1s\u00f3hat\u00e1st, hogy lehet\u0151v\u00e9 teszi a kan\u00e1l talajba val\u00f3 behatol\u00e1s\u00e1t. <\/li>\n<li>Rakod\u00f3k: A homlokrakod\u00f3k hat\u00e9konyan seg\u00edtik az \u00e1ruk emel\u00e9s\u00e9t \u00e9s billent\u00e9s\u00e9t. <\/li>\n<\/ul>\n<h2>Tervez\u00e9si szempontok \u00e9s kiv\u00e1laszt\u00e1si krit\u00e9riumok<\/h2>\n<p>A v\u00f6d\u00f6rhenger haszn\u00e1latakor a k\u00f6vetkez\u0151 tervez\u00e9si szempontokat \u00e9s kiv\u00e1laszt\u00e1si krit\u00e9riumokat kell figyelembe venni:<\/p>\n<ul>\n<li>Teherb\u00edr\u00e1s: A hengernek k\u00e9pesnek kell lennie a teher megtart\u00e1s\u00e1ra.<\/li>\n<li>T\u00f6m\u00edt\u00e9s: K\u00fcl\u00f6nb\u00f6z\u0151 t\u00f6m\u00edt\u0151elemeket kell kiv\u00e1lasztani kop\u00e1s\u00e1ll\u00f3s\u00e1guk alapj\u00e1n, p\u00e9ld\u00e1ul dugatty\u00fat\u00f6m\u00edt\u00e9seket, r\u00fadt\u00f6m\u00edt\u00e9seket stb. A t\u00f6m\u00edt\u0151anyag kiv\u00e1laszt\u00e1s\u00e1t is figyelembe kell venni a hidraulikaolaj sziv\u00e1rg\u00e1s\u00e1nak megakad\u00e1lyoz\u00e1sa \u00e9rdek\u00e9ben.<\/li>\n<li>Tart\u00f3ss\u00e1g: A hengernek k\u00e9pesnek kell lennie ellen\u00e1llni a nagy terhel\u00e9seknek \u00e9s a zord munkak\u00f6rnyezetnek, \u00e9s a hengertest \u00e9s a menetes v\u00e9g fel\u00fclet\u00e9t j\u00f3l kell kezelni a kop\u00e1s\u00e1ll\u00f3s\u00e1g jav\u00edt\u00e1sa \u00e9rdek\u00e9ben.<\/li>\n<li>Biztons\u00e1g: \u00dczemeltet\u00e9s k\u00f6zben biztons\u00e1gi int\u00e9zked\u00e9seket kell tenni a balesetek megel\u0151z\u00e9se \u00e9rdek\u00e9ben.<\/li>\n<li>Karbantart\u00e1s: A hengert rendszeresen hidraulikaolajjal kell kenni, \u00e9s a k\u00fcl\u00f6nb\u00f6z\u0151 alkatr\u00e9szeket rendszeresen ellen\u0151rizni kell karbantart\u00e1s c\u00e9lj\u00e1b\u00f3l.<\/li>\n<\/ul>\n<p><img decoding=\"async\" src=\"https:\/\/www.hydraulic-cylinders.net\/wp-content\/uploads\/2025\/01\/songte-oil-pipes-and-spare-parts.webp\" alt=\"Alkatr\u00e9szek\" \/><\/p>\n<h2>T\u00f6m\u00edt\u00e9s \u00e9s ken\u00e9s<\/h2>\n<p>K\u00fcl\u00f6nb\u00f6z\u0151 t\u00f6m\u00edt\u0151elemeket, p\u00e9ld\u00e1ul dugatty\u00fat\u00f6m\u00edt\u00e9seket, r\u00fadt\u00f6m\u00edt\u00e9seket stb. kell haszn\u00e1lni, \u00e9s a t\u00f6m\u00edt\u0151anyagokat, p\u00e9ld\u00e1ul a poliuret\u00e1nt \u00e9s a nitrilgumit stb. figyelembe kell venni a kop\u00e1s\u00e1ll\u00f3s\u00e1guk szempontj\u00e1b\u00f3l az olajsziv\u00e1rg\u00e1s megel\u0151z\u00e9se \u00e9rdek\u00e9ben. A hengertestet \u00e9s a menetes v\u00e9gfel\u00fcletet finoman kell kezelni a kop\u00e1s\u00e1ll\u00f3s\u00e1g jav\u00edt\u00e1sa \u00e9rdek\u00e9ben, \u00e9s rendszeresen hidraulikaolajjal kell kenni a z\u00f6kken\u0151mentes m\u0171k\u00f6d\u00e9s biztos\u00edt\u00e1sa \u00e9rdek\u00e9ben.<\/p>\n<h2>Karbantart\u00e1s \u00e9s jav\u00edt\u00e1s<\/h2>\n<p>A rendszeres ellen\u0151rz\u00e9sek, a megfelel\u0151 ken\u00e9s, a t\u00f6m\u00edt\u00e9sek cser\u00e9je \u00e9s a kalibr\u00e1ci\u00f3s ellen\u0151rz\u00e9sek mind gyakori karbantart\u00e1si feladatok. A megfelel\u0151 beszerel\u00e9s, ken\u00e9s \u00e9s be\u00e1ll\u00edt\u00e1s elengedhetetlen, \u00e9s a beszerel\u00e9s sor\u00e1n megfelel\u0151 be\u00e1ll\u00edt\u00e1si \u00fatmutat\u00e1st kell biztos\u00edtani. A henger r\u00f6gz\u00edt\u00e9s\u00e9hez aj\u00e1nlott megfelel\u0151 szerel\u0151konzolokat haszn\u00e1lni, \u00e9s aj\u00e1nlott ellen\u0151rz\u00e9si, jav\u00edt\u00e1si \u00e9s csere elj\u00e1r\u00e1sokat biztos\u00edtani a henger \u00e9lettartam\u00e1nak meghosszabb\u00edt\u00e1sa \u00e9rdek\u00e9ben.<\/p>\n<p><img decoding=\"async\" src=\"https:\/\/www.hydraulic-cylinders.net\/wp-content\/uploads\/2025\/01\/songte-chushion-collar.webp\" alt=\"P\u00e1rna gall\u00e9r\" \/><\/p>\n<h2>Biztons\u00e1gi \u00e9s k\u00f6rnyezetv\u00e9delmi szempontok<\/h2>\n<p>A kan\u00e1lhenger haszn\u00e1latakor biztons\u00e1gi int\u00e9zked\u00e9seket kell tenni a balesetek megel\u0151z\u00e9se \u00e9rdek\u00e9ben \u00fczemeltet\u00e9s k\u00f6zben. Figyelembe kell venni a k\u00f6rnyezetv\u00e9delmi szempontokat, p\u00e9ld\u00e1ul az olajsziv\u00e1rg\u00e1st \u00e9s a hullad\u00e9kkezel\u00e9st is.<\/p>\n<h2>Gyakori probl\u00e9m\u00e1k \u00e9s hibaelh\u00e1r\u00edt\u00e1s<\/h2>\n<p>A kan\u00e1lhenger gyakori probl\u00e9m\u00e1i k\u00f6z\u00e9 tartoznak a sziv\u00e1rg\u00e1sok, a rendellenes zajok \u00e9s a hengertest deform\u00e1ci\u00f3ja. A hibaelh\u00e1r\u00edt\u00e1si tippek \u00e9s megold\u00e1sok seg\u00edthetnek az olvas\u00f3knak a probl\u00e9m\u00e1k hat\u00e9kony diagnosztiz\u00e1l\u00e1s\u00e1ban \u00e9s megold\u00e1s\u00e1ban, a megel\u0151z\u0151 int\u00e9zked\u00e9sek pedig minimaliz\u00e1lhatj\u00e1k a lehets\u00e9ges probl\u00e9m\u00e1kat.<\/p>\n<p><img decoding=\"async\" src=\"https:\/\/www.hydraulic-cylinders.net\/wp-content\/uploads\/2025\/01\/songte-bushings-with-all-kinds-of-excavator-models.webp\" alt=\"perselyek\" \/><\/p>\n<h2>C\u00e9g\u00fcnkr\u0151l<\/h2>\n<p>Hidraulikus hengergy\u00e1rt\u00f3k\u00e9nt specializ\u00e1l\u00f3dtunk a p\u00f3thengerek gy\u00e1rt\u00e1s\u00e1ra. Term\u00e9keink komplett egys\u00e9get alkotnak, \u00edgy a hazai \u00e9s nemzetk\u00f6zi piacok egyik vezet\u0151 hidraulikus hengergy\u00e1rt\u00f3ja \u00e9s nagykereskedelmi forgalmaz\u00f3ja vagyunk. A kiv\u00e1l\u00f3 min\u0151s\u00e9g elv\u00e9t k\u00f6vetj\u00fck, \u00e9s egy kifinomult gy\u00e1rt\u00f3m\u0171hely ipari termel\u00e9sir\u00e1ny\u00edt\u00e1si strat\u00e9gi\u00e1j\u00e1ra t\u00e1maszkodunk. Folyamatosan fejlesztj\u00fck gy\u00e1rt\u00e1si platformunkat, t\u00f6k\u00e9letes\u00edtj\u00fck a term\u00e9kmin\u0151s\u00e9gi gy\u00e1rt\u00e1si \u00fatvonalat, \u00e9s er\u0151s kreativit\u00e1ssal, valamint nagy hat\u00e9konys\u00e1ggal, nagy pontoss\u00e1ggal \u00e9s magas min\u0151s\u00e9gi elvekkel rendelkez\u00fcnk, hogy kiel\u00e9g\u00edts\u00fck \u00fcgyfeleink sokr\u00e9t\u0171 ig\u00e9nyeit.<\/p>\n<p><img decoding=\"async\" src=\"https:\/\/hzpt.com\/wp-content\/uploads\/2024\/11\/songte-company-1.webp\" alt=\"V\u00e1llalat\" \/><\/p>\n<h2>Szakmaiass\u00e1g<\/h2>\n<p>C\u00e9g\u00fcnk professzion\u00e1lis m\u0171szaki szem\u00e9lyzettel rendelkezik, akik egyedi hidraulikus hengereket terveznek \u00e9s fejlesztenek az \u00fcgyfelek ig\u00e9nyei szerint. Tapasztalt csapatunk professzion\u00e1lis szolg\u00e1ltat\u00e1sokat \u00e9s megb\u00edzhat\u00f3 t\u00e1mogat\u00e1st ny\u00fajt az \u00fcgyfeleknek.<\/p>\n<h2>Nemzetk\u00f6zi min\u0151s\u00edt\u00e9s<\/h2>\n<p>Nemzetk\u00f6zi tan\u00fas\u00edtv\u00e1nyokkal rendelkez\u00fcnk, mint p\u00e9ld\u00e1ul az ISO9001, \u00e9s sz\u00e1mos min\u0151s\u00e9gi \u00e9s biztons\u00e1gi teszten vett\u00fcnk r\u00e9szt annak \u00e9rdek\u00e9ben, hogy term\u00e9keink megfeleljenek a nemzetk\u00f6zi szabv\u00e1nyoknak \u00e9s kiv\u00e1l\u00f3 min\u0151s\u00e9g\u0171ek legyenek.<\/p>\n<h2>Testreszabott szolg\u00e1ltat\u00e1sok<\/h2>\n<p>C\u00e9g\u00fcnk egyedi szolg\u00e1ltat\u00e1sokat ny\u00fajt, \u00e9s a vev\u0151i ig\u00e9nyek \u00e9s rajzok szerint tudunk hidraulikus hengereket gy\u00e1rtani, \u00edgy egyedi ig\u00e9nyeiknek megfelel\u0151, testreszabott hidraulikus henger megold\u00e1sokat k\u00edn\u00e1lunk.<\/p>\n<h2>Termel\u00e9si berendez\u00e9sek<\/h2>\n<p>C\u00e9g\u00fcnk korszer\u0171 gy\u00e1rt\u00f3berendez\u00e9sek \u00e9s tesztel\u0151 berendez\u00e9sek teljes k\u00e9szlet\u00e9vel rendelkezik, bele\u00e9rtve CNC eszterg\u00e1kat, CNC megmunk\u00e1l\u00f3k\u00f6zpontokat, s\u00edkcsiszol\u00f3kat \u00e9s egy\u00e9b gy\u00e1rt\u00f3berendez\u00e9seket. Finom\u00edtott gy\u00e1rt\u00e1si folyamatot alkalmazunk minden egyes hidraulikus henger pontoss\u00e1g\u00e1nak \u00e9s min\u0151s\u00e9g\u00e9nek biztos\u00edt\u00e1sa \u00e9rdek\u00e9ben.<\/p>\n<h2>\u00c9rt\u00e9kes\u00edt\u00e9s ut\u00e1ni szolg\u00e1ltat\u00e1s<\/h2>\n<p>C\u00e9g\u00fcnk min\u0151s\u00e9gi \u00e9rt\u00e9kes\u00edt\u00e9s ut\u00e1ni szolg\u00e1ltat\u00e1st ny\u00fajt \u00fcgyfeleinek, bele\u00e9rtve a rendszeres karbantart\u00e1st, jav\u00edt\u00e1st \u00e9s alkatr\u00e9szcser\u00e9t. Emellett technikai t\u00e1mogat\u00e1st \u00e9s \u00fatmutat\u00e1st is ny\u00fajtunk \u00fcgyfeleinknek a hidraulikus hengerek haszn\u00e1lat\u00e1val kapcsolatos probl\u00e9m\u00e1k megold\u00e1s\u00e1ban.<\/p>\n<p>Szerz\u0151: lyl<\/p>","protected":false},"excerpt":{"rendered":"<p>Bucket Cylinder For Hyundai Small Excavator R130-5 Introduction The bucket cylinder for Hyundai small excavator R130-5 is a specially designed hydraulic cylinder mainly used to control the movement of the bucket in heavy machinery, such as excavators, backhoe loaders, and front-end loaders. Its main function is to enable the bucket to be lifted, lowered, and [&hellip;]<\/p>","protected":false},"featured_media":14769,"comment_status":"open","ping_status":"closed","template":"","meta":{"_et_pb_use_builder":"","_et_pb_old_content":"","_et_gb_content_width":""},"product_brand":[],"product_cat":[1494],"product_tag":[1495,1496],"class_list":{"0":"post-15308","1":"product","2":"type-product","3":"status-publish","4":"has-post-thumbnail","6":"product_cat-bucket-cylinders","7":"product_tag-bucket-cylinders","8":"product_tag-hydraulic-cylinders","10":"first","11":"instock","12":"shipping-taxable","13":"product-type-simple"},"amp_enabled":true,"_links":{"self":[{"href":"https:\/\/www.hydraulic-cylinders.net\/hu\/wp-json\/wp\/v2\/product\/15308","targetHints":{"allow":["GET"]}}],"collection":[{"href":"https:\/\/www.hydraulic-cylinders.net\/hu\/wp-json\/wp\/v2\/product"}],"about":[{"href":"https:\/\/www.hydraulic-cylinders.net\/hu\/wp-json\/wp\/v2\/types\/product"}],"replies":[{"embeddable":true,"href":"https:\/\/www.hydraulic-cylinders.net\/hu\/wp-json\/wp\/v2\/comments?post=15308"}],"wp:featuredmedia":[{"embeddable":true,"href":"https:\/\/www.hydraulic-cylinders.net\/hu\/wp-json\/wp\/v2\/media\/14769"}],"wp:attachment":[{"href":"https:\/\/www.hydraulic-cylinders.net\/hu\/wp-json\/wp\/v2\/media?parent=15308"}],"wp:term":[{"taxonomy":"product_brand","embeddable":true,"href":"https:\/\/www.hydraulic-cylinders.net\/hu\/wp-json\/wp\/v2\/product_brand?post=15308"},{"taxonomy":"product_cat","embeddable":true,"href":"https:\/\/www.hydraulic-cylinders.net\/hu\/wp-json\/wp\/v2\/product_cat?post=15308"},{"taxonomy":"product_tag","embeddable":true,"href":"https:\/\/www.hydraulic-cylinders.net\/hu\/wp-json\/wp\/v2\/product_tag?post=15308"}],"curies":[{"name":"munkaf\u00fczet","href":"https:\/\/api.w.org\/{rel}","templated":true}]}}