{"id":15310,"date":"2025-01-19T14:22:11","date_gmt":"2025-01-19T14:22:11","guid":{"rendered":"https:\/\/www.hydraulic-cylinders.net\/product\/bucket-cylinder-for-hyundai-small-excavator-r110-7-9\/"},"modified":"2025-01-19T14:22:13","modified_gmt":"2025-01-19T14:22:13","slug":"bucket-cylinder-for-hyundai-small-excavator-r110-7-9","status":"publish","type":"product","link":"https:\/\/www.hydraulic-cylinders.net\/hu\/termek\/bucket-cylinder-for-hyundai-small-excavator-r110-7-9\/","title":{"rendered":"Kan\u00e1lhenger Hyundai kis kotr\u00f3g\u00e9phez R110-7-9"},"content":{"rendered":"<h1>Kan\u00e1lhenger Hyundai kis kotr\u00f3g\u00e9phez R110-7-9<\/h1>\n<h2>Bevezet\u00e9s<\/h2>\n<h3>A v\u00f6d\u00f6rhenger meghat\u00e1roz\u00e1sa<\/h3>\n<p>A kan\u00e1lhenger egy speci\u00e1lisan tervezett hidraulikus henger, amelyet a kan\u00e1l mozg\u00e1s\u00e1nak vez\u00e9rl\u00e9s\u00e9re haszn\u00e1lnak neh\u00e9zg\u00e9pekben, p\u00e9ld\u00e1ul kotr\u00f3g\u00e9pekben, kotr\u00f3g\u00e9pekben \u00e9s homlokrakod\u00f3kban. F\u0151 funkci\u00f3ja a kan\u00e1l emel\u00e9s\u00e9nek, s\u00fcllyeszt\u00e9s\u00e9nek \u00e9s billent\u00e9s\u00e9nek lehet\u0151v\u00e9 t\u00e9tele, ez\u00e1ltal megk\u00f6nny\u00edtve a k\u00fcl\u00f6nf\u00e9le anyagmozgat\u00e1si feladatokat. A hidraulikus rendszerben a kan\u00e1lhenger a hidraulikaolaj nyom\u00e1s\u00e1nak v\u00e1ltoztat\u00e1s\u00e1val \u00e9ri el a kan\u00e1l pontos vez\u00e9rl\u00e9s\u00e9t, lehet\u0151v\u00e9 t\u00e9ve a kezel\u0151 sz\u00e1m\u00e1ra, hogy hat\u00e9konyan kezeljen neh\u00e9z t\u00e1rgyakat, \u00e9s alkalmazkodjon az \u00f6sszetett munkak\u00f6rnyezetekhez \u00e9s a v\u00e1ltozatos munkak\u00f6vetelm\u00e9nyekhez.<\/p>\n<p><img decoding=\"async\" src=\"https:\/\/www.hydraulic-cylinders.net\/wp-content\/uploads\/2025\/01\/songte-company-2.webp\" alt=\"V\u00f6d\u00f6r henger k\u00e9pe\"><\/p>\n<h3>A v\u00f6d\u00f6rhenger jellemz\u0151i<\/h3>\n<ul>\n<li>Nagy szil\u00e1rds\u00e1g \u00e9s tart\u00f3ss\u00e1g: \u00c1ltal\u00e1ban nagy szil\u00e1rds\u00e1g\u00fa ac\u00e9lb\u00f3l vagy alum\u00edniumb\u00f3l k\u00e9sz\u00fcl, ellen\u00e1ll a nagy nyom\u00e1snak \u00e9s a nagy terhel\u00e9seknek, alkalmazkodik a zord munkak\u00f6rnyezethez, \u00e9s kop\u00e1s\u00e1ll\u00f3s\u00e1ggal \u00e9s korr\u00f3zi\u00f3\u00e1ll\u00f3s\u00e1ggal tervezt\u00e9k az \u00e9lettartam meghosszabb\u00edt\u00e1sa \u00e9rdek\u00e9ben.<\/li>\n<li>Hat\u00e9kony hidraulikus m\u0171k\u00f6d\u00e9s: A hidraulikaolaj nyom\u00e1s\u00e1nak k\u00f6sz\u00f6nhet\u0151en sima kiny\u00fal\u00e1si \u00e9s \u00f6sszeh\u00faz\u00e1si mozg\u00e1sok \u00e9rhet\u0151k el, amely gyorsan reag\u00e1l a vez\u00e9rl\u0151parancsokra, er\u0151s tol\u00f3- \u00e9s h\u00faz\u00f3er\u0151t biztos\u00edt, \u00e9s alkalmas neh\u00e9z t\u00e1rgyak kezel\u00e9s\u00e9re \u00e9s \u00f6sszetett feladatok elv\u00e9gz\u00e9s\u00e9re.<\/li>\n<li>K\u00fcl\u00f6nb\u00f6z\u0151 t\u00edpusok: Az egyir\u00e1ny\u00fa hidraulikus m\u0171k\u00f6dtet\u00e9s\u0171) vagy a k\u00e9tir\u00e1ny\u00fa hidraulikus m\u0171k\u00f6dtet\u00e9s\u0171 hengerek ig\u00e9ny szerint v\u00e1laszthat\u00f3k a k\u00fcl\u00f6nb\u00f6z\u0151 m\u0171k\u00f6d\u00e9si k\u00f6vetelm\u00e9nyeknek megfelel\u0151en. Egyes modellek teleszk\u00f3posak, \u00edgy nagyobb t\u00e1gul\u00e1st tesznek lehet\u0151v\u00e9 a k\u00fcls\u0151 m\u00e9retek n\u00f6vel\u00e9se n\u00e9lk\u00fcl, \u00edgy alkalmasak korl\u00e1tozott helyig\u00e9ny\u0171 alkalmaz\u00e1sokhoz.<\/li>\n<li>K\u00f6lts\u00e9ghat\u00e9kony: Term\u00e9keink t\u00f6k\u00e9letesen helyettes\u00edthetik ezeket a hidraulikus hengereket, \u00e9s \u00fagy tervezt\u00fck, hogy megfizethet\u0151 lehet\u0151s\u00e9get biztos\u00edtsanak az \u00fcgyfelek sz\u00e1m\u00e1ra a k\u00f6lts\u00e9gek cs\u00f6kkent\u00e9s\u00e9re.<\/li>\n<li>Rugalmass\u00e1g: Ezt a term\u00e9ket az \u00fcgyf\u00e9l ig\u00e9nyei szerint tudjuk legy\u00e1rtani, figyelembe v\u00e9ve az egyes \u00fcgyfelek egyedi ig\u00e9nyeit \u00e9s ig\u00e9nyeit.<\/li>\n<\/ul>\n<p><img decoding=\"async\" src=\"https:\/\/www.hydraulic-cylinders.net\/wp-content\/uploads\/2025\/01\/songte-cylinder-head-with-all-kinds-excavator-models.webp\" alt=\"V\u00f6d\u00f6rhenger modellek k\u00e9pe\"><\/p>\n<h3>A v\u00f6d\u00f6rhenger alkalmaz\u00e1sai<\/h3>\n<p>A kan\u00e1lhengereket sz\u00e1mos ipar\u00e1gban \u00e9s alkalmaz\u00e1sban haszn\u00e1lj\u00e1k, bele\u00e9rtve:<\/p>\n<ul>\n<li>\u00c9p\u00edt\u0151ipari berendez\u00e9sek: Kotr\u00f3g\u00e9pekben kritikus fontoss\u00e1g\u00faak az \u00e1s\u00e1shoz, a rakod\u00e1shoz \u00e9s a talaj vagy t\u00f6rmel\u00e9k mozgat\u00e1s\u00e1hoz. A kotr\u00f3g\u00e9pekben a kan\u00e1lhengerek mind a f\u00f6ldmunk\u00e1ban, mind az emel\u00e9sben seg\u00edtenek. <\/li>\n<li>Mez\u0151gazdas\u00e1gi g\u00e9pek: Homlokrakod\u00f3kban haszn\u00e1lj\u00e1k talaj, sz\u00e9na \u00e9s egy\u00e9b anyagok \u00e1s\u00e1s\u00e1ra, emel\u00e9s\u00e9re \u00e9s sz\u00e1ll\u00edt\u00e1s\u00e1ra. <\/li>\n<li>Kotr\u00f3g\u00e9pek: A kan\u00e1lhenger lehet\u0151v\u00e9 teszi az \u00e1s\u00e1si m\u0171veletet az\u00e1ltal, hogy lehet\u0151v\u00e9 teszi a kan\u00e1l sz\u00e1m\u00e1ra a talajba val\u00f3 behatol\u00e1st. <\/li>\n<li>Rakod\u00f3g\u00e9pek: Az el\u00fcls\u0151 rakod\u00f3g\u00e9pekben hat\u00e9konyan seg\u00edtik a rakom\u00e1ny emel\u00e9s\u00e9t \u00e9s billent\u00e9s\u00e9t.<\/li>\n<\/ul>\n<p>Az al\u00e1bbiakban n\u00e9h\u00e1ny konkr\u00e9t p\u00e9ld\u00e1t l\u00e1that a v\u00f6d\u00f6rhenger alkalmaz\u00e1sokra:<\/p>\n<h4>\u00c9p\u00edt\u0151ipari berendez\u00e9sek<\/h4>\n<p>A kotr\u00f3g\u00e9pekben a kan\u00e1lhengereket \u00e1s\u00e1sra, rakod\u00e1sra \u00e9s talaj vagy t\u00f6rmel\u00e9k mozgat\u00e1s\u00e1ra haszn\u00e1lj\u00e1k. A kan\u00e1lhenger seg\u00edts\u00e9g\u00e9vel a kotr\u00f3g\u00e9p pontos \u00e1s\u00e1si m\u00e9lys\u00e9get \u00e9s sz\u00f6get tud el\u00e9rni, \u00e9s a kezel\u0151 k\u00f6nnyed\u00e9n ir\u00e1ny\u00edthatja a kan\u00e1l mozg\u00e1s\u00e1t. Hasonl\u00f3k\u00e9ppen, a kotr\u00f3g\u00e9pekben a kan\u00e1lhenger lehet\u0151v\u00e9 teszi, hogy a kan\u00e1l behatoljon a talajba, \u00e9s seg\u00edti a t\u00f6rmel\u00e9k emel\u00e9s\u00e9t \u00e9s lerak\u00e1s\u00e1t.<\/p>\n<h4>Mez\u0151gazdas\u00e1gi g\u00e9pek<\/h4>\n<p>A kan\u00e1lhengert homlokrakod\u00f3kban haszn\u00e1lj\u00e1k talaj, sz\u00e9na \u00e9s egy\u00e9b anyagok mer\u00e9s\u00e9re, emel\u00e9s\u00e9re \u00e9s sz\u00e1ll\u00edt\u00e1s\u00e1ra. A henger sima kiny\u00fal\u00e1sa \u00e9s \u00f6sszeh\u00faz\u00f3d\u00e1sa lehet\u0151v\u00e9 teszi a neh\u00e9z anyagok hat\u00e9kony kezel\u00e9s\u00e9t, a kezel\u0151 pedig a joystick seg\u00edts\u00e9g\u00e9vel vez\u00e9relheti a kan\u00e1l mozg\u00e1s\u00e1t.<\/p>\n<h4>Kotr\u00f3g\u00e9pek<\/h4>\n<p>A kan\u00e1lhenger lehet\u0151v\u00e9 teszi az \u00e1s\u00e1si m\u0171veletet az\u00e1ltal, hogy lehet\u0151v\u00e9 teszi a kan\u00e1l sz\u00e1m\u00e1ra a talajba val\u00f3 behatol\u00e1st. A henger szab\u00e1lyozhatja mind a f\u00f6ldmunk\u00e1k m\u00e9lys\u00e9g\u00e9t, mind a sz\u00f6g\u00e9t, \u00edgy a kotr\u00f3g\u00e9p alapvet\u0151 alkatr\u00e9sz\u00e9v\u00e9 v\u00e1lik.<\/p>\n<h4>Rakod\u00f3k<\/h4>\n<p>A homlokrakod\u00f3kban a kan\u00e1lhengerek hat\u00e9konyan seg\u00edtik a rakom\u00e1ny emel\u00e9s\u00e9t \u00e9s billent\u00e9s\u00e9t. A henger kiny\u00fal\u00e1si \u00e9s \u00f6sszeh\u00faz\u00f3d\u00e1si mozg\u00e1sa sima emel\u00e9st tesz lehet\u0151v\u00e9, \u00e9s a kezel\u0151 k\u00f6nnyed\u00e9n ir\u00e1ny\u00edthatja a kanalat.<\/p>\n<h3>Tervez\u00e9si szempontok \u00e9s kiv\u00e1laszt\u00e1si krit\u00e9riumok<\/h3>\n<p>V\u00f6d\u00f6rhenger kiv\u00e1laszt\u00e1sakor fontos figyelembe venni a k\u00f6vetkez\u0151 tervez\u00e9si \u00e9s kiv\u00e1laszt\u00e1si krit\u00e9riumokat:<\/p>\n<ul>\n<li>Teherb\u00edr\u00e1s: A hengernek k\u00e9pesnek kell lennie arra, hogy ellen\u00e1lljon a sz\u00fcks\u00e9ges teherb\u00edr\u00e1snak \u00e9s a hidraulikaolaj nyom\u00e1s\u00e1nak.<\/li>\n<li>T\u00f6m\u00edt\u00e9s: A hengert megfelel\u0151en le kell t\u00f6m\u00edteni az olajsziv\u00e1rg\u00e1s \u00e9s a szennyez\u0151d\u00e9s elker\u00fcl\u00e9se \u00e9rdek\u00e9ben.<\/li>\n<li>Tart\u00f3ss\u00e1g: A hengernek kiv\u00e1l\u00f3 min\u0151s\u00e9g\u0171 anyagokb\u00f3l kell k\u00e9sz\u00fclnie, amelyek ellen\u00e1llnak a zord munkak\u00f6rnyezetnek \u00e9s meghosszabb\u00edtj\u00e1k az \u00e9lettartamot.<\/li>\n<li>Biztons\u00e1g: A palack tervez\u00e9s\u00e9n\u00e9l figyelembe kell venni a biztons\u00e1gi szempontokat a balesetek vagy a berendez\u00e9s k\u00e1rosod\u00e1s\u00e1nak megel\u0151z\u00e9se \u00e9rdek\u00e9ben.<\/li>\n<li>Karbantart\u00e1s: A hengert \u00fagy kell megtervezni, hogy k\u00f6nnyen karbantarthat\u00f3, jav\u00edthat\u00f3 \u00e9s cser\u00e9lhet\u0151 legyen.<\/li>\n<\/ul>\n<p><img decoding=\"async\" src=\"https:\/\/www.hydraulic-cylinders.net\/wp-content\/uploads\/2025\/01\/songte-oil-pipes-and-spare-parts.webp\" alt=\"V\u00f6d\u00f6rhenger alkatr\u00e9szek k\u00e9pe\"><\/p>\n<h3>T\u00f6m\u00edt\u00e9s \u00e9s ken\u00e9s<\/h3>\n<p>A kan\u00e1lhenger k\u00fcl\u00f6nf\u00e9le t\u00f6m\u00edt\u0151elemeket haszn\u00e1l, p\u00e9ld\u00e1ul dugatty\u00fat\u00f6m\u00edt\u00e9seket, r\u00fadt\u00f6m\u00edt\u00e9seket stb., amelyek kop\u00e1s\u00e1ll\u00f3 anyagokb\u00f3l, p\u00e9ld\u00e1ul poliuret\u00e1nb\u00f3l \u00e9s nitrilgumib\u00f3l k\u00e9sz\u00fclnek, hogy megakad\u00e1lyozz\u00e1k a hidraulikaolaj sziv\u00e1rg\u00e1s\u00e1t. A hengertest \u00e9s a menetes v\u00e9gek fel\u00fcletei finom megmunk\u00e1l\u00e1son esnek \u00e1t, ami fokozza a kop\u00e1s\u00e1ll\u00f3s\u00e1got \u00e9s a korr\u00f3zi\u00f3\u00e1ll\u00f3s\u00e1got. Fontos, hogy rendszeresen a megfelel\u0151 mennyis\u00e9g\u0171 hidraulikaolajat adagoljuk a henger megfelel\u0151 ken\u00e9s\u00e9nek biztos\u00edt\u00e1sa \u00e9rdek\u00e9ben.<\/p>\n<h3>Karbantart\u00e1s \u00e9s jav\u00edt\u00e1s<\/h3>\n<p>A rendszeres karbantart\u00e1s \u00e9s jav\u00edt\u00e1s elengedhetetlen a kan\u00e1lhenger megfelel\u0151 m\u0171k\u00f6d\u00e9s\u00e9nek \u00e9s hossz\u00fa \u00e9lettartam\u00e1nak biztos\u00edt\u00e1s\u00e1hoz. Az \u00e1ltal\u00e1nos karbantart\u00e1si feladatok k\u00f6z\u00e9 tartozik a rendszeres ellen\u0151rz\u00e9s, ken\u00e9s, t\u00f6m\u00edt\u00e9scsere \u00e9s kalibr\u00e1ci\u00f3s ellen\u0151rz\u00e9s. Fontos a henger helyes beszerel\u00e9se, be\u00e1ll\u00edt\u00e1sa \u00e9s megfelel\u0151 tart\u00f3konzolok haszn\u00e1lata a r\u00f6gz\u00edt\u00e9shez. Meghib\u00e1sod\u00e1s eset\u00e9n azonnali diagnosztika \u00e9s jav\u00edt\u00e1s sz\u00fcks\u00e9ges. Cserealkatr\u00e9szeket \u00e9s fel\u00faj\u00edt\u00e1si szolg\u00e1ltat\u00e1sokat biztos\u00edtunk a henger \u00e9lettartam\u00e1nak meghosszabb\u00edt\u00e1sa \u00e9rdek\u00e9ben.<\/p>\n<p><img decoding=\"async\" src=\"https:\/\/www.hydraulic-cylinders.net\/wp-content\/uploads\/2025\/01\/songte-chushion-collar.webp\" alt=\"V\u00f6d\u00f6r henger gall\u00e9r k\u00e9p\"><\/p>\n<h3>Biztons\u00e1gi \u00e9s k\u00f6rnyezetv\u00e9delmi szempontok<\/h3>\n<p>Serleghengerek haszn\u00e1latakor elengedhetetlen a biztons\u00e1gi ir\u00e1nyelvek betart\u00e1sa a balesetek \u00e9s a berendez\u00e9sek k\u00e1rosod\u00e1s\u00e1nak megel\u0151z\u00e9se \u00e9rdek\u00e9ben. Fontos biztos\u00edtani, hogy a henger megfelel\u0151en legyen felszerelve \u00e9s be\u00e1ll\u00edtva a kop\u00e1s \u00e9s elhaszn\u00e1l\u00f3d\u00e1s megel\u0151z\u00e9se \u00e9rdek\u00e9ben. Ezenk\u00edv\u00fcl rendszeres ellen\u0151rz\u00e9s \u00e9s karbantart\u00e1s sz\u00fcks\u00e9ges a henger megfelel\u0151 m\u0171k\u00f6d\u00e9s\u00e9nek biztos\u00edt\u00e1s\u00e1hoz \u00e9s a balesetek megel\u0151z\u00e9se \u00e9rdek\u00e9ben. Fontos figyelembe venni a k\u00f6rnyezetv\u00e9delmi szempontokat, p\u00e9ld\u00e1ul a haszn\u00e1lt hidraulikaolaj \u00e9s egy\u00e9b hullad\u00e9kterm\u00e9kek megfelel\u0151 \u00e1rtalmatlan\u00edt\u00e1s\u00e1t.<\/p>\n<h3>Hibaelh\u00e1r\u00edt\u00e1s \u00e9s gyakori probl\u00e9m\u00e1k<\/h3>\n<p>A kan\u00e1lhengerek gyakori probl\u00e9m\u00e1i k\u00f6z\u00e9 tartozik az olajsziv\u00e1rg\u00e1s, a nem megfelel\u0151 ken\u00e9s \u00e9s a nem megfelel\u0151 be\u00e1ll\u00edt\u00e1s. A henger meghib\u00e1sodhat, ha a t\u00f6m\u00edt\u00e9sek elkoptak vagy megs\u00e9r\u00fcltek. A rendszeres ellen\u0151rz\u00e9s \u00e9s karbantart\u00e1s megel\u0151zheti ezeket a probl\u00e9m\u00e1kat. Ha b\u00e1rmilyen probl\u00e9ma mer\u00fcl fel, javasoljuk, hogy forduljon m\u0171szaki csapatunkhoz a gyors diagn\u00f3zis \u00e9s jav\u00edt\u00e1s \u00e9rdek\u00e9ben.<\/p>\n<p><img decoding=\"async\" src=\"https:\/\/www.hydraulic-cylinders.net\/wp-content\/uploads\/2025\/01\/songte-bushings-with-all-kinds-of-excavator-models.webp\" alt=\"V\u00f6d\u00f6r henger perselyek k\u00e9pe\"><\/p>\n<h2>C\u00e9g\u00fcnkr\u0151l<\/h2>\n<p>Vezet\u0151 hidraulikus hengergy\u00e1rt\u00f3 \u00e9s -nagykeresked\u0151 vagyunk, sz\u00e9les term\u00e9kv\u00e1laszt\u00e9kot \u00e9s megold\u00e1sokat k\u00edn\u00e1lunk a k\u00fcl\u00f6nf\u00e9le ipar\u00e1gak ig\u00e9nyeinek kiel\u00e9g\u00edt\u00e9s\u00e9re. A kiv\u00e1l\u00f3 min\u0151s\u00e9g filoz\u00f3fi\u00e1j\u00e1t k\u00f6vetj\u00fck, \u00e9s fejlett gy\u00e1rt\u00e1sir\u00e1ny\u00edt\u00e1si strat\u00e9gi\u00e1kat alkalmazunk kifinomult gy\u00e1rt\u00f3m\u0171helyeinkben. C\u00e9g\u00fcnk technol\u00f3gi\u00e1ba, berendez\u00e9sekbe \u00e9s professzion\u00e1lis tesztel\u0151rendszerekbe fektet be, hogy hat\u00e9kony, prec\u00edz \u00e9s kiv\u00e1l\u00f3 min\u0151s\u00e9g\u0171 gy\u00e1rt\u00f3sort fejlesszen ki, amely megfelel \u00fcgyfeleink ig\u00e9nyeinek. Testreszabott szolg\u00e1ltat\u00e1sokat \u00e9s megold\u00e1sokat tudunk ny\u00fajtani minden egyes \u00fcgyf\u00e9l egyedi ig\u00e9nyeinek kiel\u00e9g\u00edt\u00e9s\u00e9re.<\/p>\n<h3>Szakmaiass\u00e1g<\/h3>\n<p>Tapasztalt szakembereinkb\u0151l \u00e1ll\u00f3 csapatunk szak\u00e9rt\u0151 technikai t\u00e1mogat\u00e1st \u00e9s tan\u00e1csad\u00e1st ny\u00fajt \u00fcgyfeleink sz\u00e1m\u00e1ra, biztos\u00edtva, hogy megfelelj\u00fcnk ig\u00e9nyeiknek \u00e9s t\u00falsz\u00e1rnyaljuk elv\u00e1r\u00e1saikat. Gondoskodunk arr\u00f3l, hogy minden term\u00e9k\u00fcnket tesztelj\u00fck \u00e9s ellen\u0151rizz\u00fck a magas min\u0151s\u00e9g \u00e9s funkcionalit\u00e1s garant\u00e1l\u00e1sa \u00e9rdek\u00e9ben.<\/p>\n<h3>Nemzetk\u00f6zi min\u0151s\u00edt\u00e9s<\/h3>\n<p>Term\u00e9keinket nemzetk\u00f6zi szervezetek \u00e9s szabv\u00e1nyok tan\u00fas\u00edtott\u00e1k, biztos\u00edtva, hogy gy\u00e1rt\u00e1si folyamatunk \u00e9s min\u0151s\u00e9gellen\u0151rz\u00e9s\u00fcnk megfeleljen az ipar\u00e1gi szabv\u00e1nyoknak. Term\u00e9keinket vil\u00e1gszerte export\u00e1ljuk \u00fcgyfeleinknek, \u00e9s h\u00edrnevet \u00e9p\u00edtett\u00fcnk ki a min\u0151s\u00e9g, a megb\u00edzhat\u00f3s\u00e1g \u00e9s a hat\u00e9konys\u00e1g ter\u00e9n.<\/p>\n<h3>Testreszab\u00e1s<\/h3>\n<p>Term\u00e9keinket minden egyes \u00fcgyf\u00e9l egyedi ig\u00e9nyeihez tudjuk igaz\u00edtani, biztos\u00edtva, hogy a legjobb megold\u00e1st k\u00edn\u00e1ljuk sz\u00e1mukra. Term\u00e9keinket rugalmasnak, k\u00f6lts\u00e9ghat\u00e9konynak \u00e9s a v\u00e1ltozatos munkak\u00f6rnyezetekhez \u00e9s alkalmaz\u00e1sokhoz adapt\u00e1lhat\u00f3nak tervezt\u00fck.<\/p>\n<h3>Termel\u00e9si berendez\u00e9sek<\/h3>\n<p>Korszer\u0171 gy\u00e1rt\u00f3berendez\u00e9seket \u00e9s g\u00e9peket haszn\u00e1lunk annak \u00e9rdek\u00e9ben, hogy term\u00e9keink megfeleljenek a legmagasabb min\u0151s\u00e9gi el\u0151\u00edr\u00e1soknak. Gy\u00e1rt\u00f3sorunk a leg\u00fajabb CNC g\u00e9pekkel, k\u00f6sz\u00f6r\u0171kkel, eszterg\u00e1kkal \u00e9s egy\u00e9b speci\u00e1lis berendez\u00e9sekkel van felszerelve, hogy minden egyes \u00fcgyf\u00e9l egyedi ig\u00e9nyeit kiel\u00e9g\u00edts\u00fck.<\/p>\n<h3>\u00c9rt\u00e9kes\u00edt\u00e9s ut\u00e1ni szolg\u00e1ltat\u00e1s<\/h3>\n<p>\u00c9rt\u00e9kes\u00edt\u00e9s ut\u00e1ni szolg\u00e1ltat\u00e1st \u00e9s t\u00e1mogat\u00e1st ny\u00fajtunk annak \u00e9rdek\u00e9ben, hogy \u00fcgyfeleink el\u00e9gedettek maradjanak term\u00e9keinkkel. M\u0171szaki t\u00e1mogat\u00e1st, cserealkatr\u00e9szeket \u00e9s fel\u00faj\u00edt\u00e1si szolg\u00e1ltat\u00e1sokat ny\u00fajtunk term\u00e9keink \u00e9lettartam\u00e1nak meghosszabb\u00edt\u00e1sa \u00e9s \u00fcgyfeleink sz\u00e1m\u00e1ra ny\u00fajtott \u00e9rt\u00e9k\u00e9nek maximaliz\u00e1l\u00e1sa \u00e9rdek\u00e9ben.<\/p>\n<p><img decoding=\"async\" src=\"https:\/\/hzpt.com\/wp-content\/uploads\/2024\/11\/songte-company-1.webp\" alt=\"C\u00e9g\u00fcnk im\u00e1zsa\"><\/p>\n<p>Szerz\u0151: lyl<\/p>","protected":false},"excerpt":{"rendered":"<p>Bucket Cylinder For Hyundai Small Excavator R110-7-9 Introduction Defining Bucket Cylinder A bucket cylinder is a specially designed hydraulic cylinder used to control the movement of the bucket in heavy machinery such as excavators, backhoe excavators, and front-end loaders. Its main function is to enable the bucket to lift, lower and tilt, thus facilitating various [&hellip;]<\/p>","protected":false},"featured_media":14762,"comment_status":"open","ping_status":"closed","template":"","meta":{"_et_pb_use_builder":"","_et_pb_old_content":"","_et_gb_content_width":""},"product_brand":[],"product_cat":[1494],"product_tag":[1495,1496],"class_list":{"0":"post-15310","1":"product","2":"type-product","3":"status-publish","4":"has-post-thumbnail","6":"product_cat-bucket-cylinders","7":"product_tag-bucket-cylinders","8":"product_tag-hydraulic-cylinders","10":"first","11":"instock","12":"shipping-taxable","13":"product-type-simple"},"amp_enabled":true,"_links":{"self":[{"href":"https:\/\/www.hydraulic-cylinders.net\/hu\/wp-json\/wp\/v2\/product\/15310","targetHints":{"allow":["GET"]}}],"collection":[{"href":"https:\/\/www.hydraulic-cylinders.net\/hu\/wp-json\/wp\/v2\/product"}],"about":[{"href":"https:\/\/www.hydraulic-cylinders.net\/hu\/wp-json\/wp\/v2\/types\/product"}],"replies":[{"embeddable":true,"href":"https:\/\/www.hydraulic-cylinders.net\/hu\/wp-json\/wp\/v2\/comments?post=15310"}],"wp:featuredmedia":[{"embeddable":true,"href":"https:\/\/www.hydraulic-cylinders.net\/hu\/wp-json\/wp\/v2\/media\/14762"}],"wp:attachment":[{"href":"https:\/\/www.hydraulic-cylinders.net\/hu\/wp-json\/wp\/v2\/media?parent=15310"}],"wp:term":[{"taxonomy":"product_brand","embeddable":true,"href":"https:\/\/www.hydraulic-cylinders.net\/hu\/wp-json\/wp\/v2\/product_brand?post=15310"},{"taxonomy":"product_cat","embeddable":true,"href":"https:\/\/www.hydraulic-cylinders.net\/hu\/wp-json\/wp\/v2\/product_cat?post=15310"},{"taxonomy":"product_tag","embeddable":true,"href":"https:\/\/www.hydraulic-cylinders.net\/hu\/wp-json\/wp\/v2\/product_tag?post=15310"}],"curies":[{"name":"munkaf\u00fczet","href":"https:\/\/api.w.org\/{rel}","templated":true}]}}