{"id":15312,"date":"2025-01-19T14:22:19","date_gmt":"2025-01-19T14:22:19","guid":{"rendered":"https:\/\/www.hydraulic-cylinders.net\/product\/bucket-cylinder-for-hyundai-middle-excavator-r170lc-5\/"},"modified":"2025-01-19T14:22:21","modified_gmt":"2025-01-19T14:22:21","slug":"bucket-cylinder-for-hyundai-middle-excavator-r170lc-5","status":"publish","type":"product","link":"https:\/\/www.hydraulic-cylinders.net\/hu\/termek\/bucket-cylinder-for-hyundai-middle-excavator-r170lc-5\/","title":{"rendered":"Kan\u00e1lhenger Hyundai k\u00f6z\u00e9ps\u0151 kotr\u00f3g\u00e9phez R170LC-5"},"content":{"rendered":"<h1>Kan\u00e1lhenger Hyundai k\u00f6z\u00e9ps\u0151 kotr\u00f3g\u00e9phez R170LC-5<\/h1>\n<h2>Bevezet\u00e9s<\/h2>\n<p>A Hyundai R170LC-5 k\u00f6z\u00e9pkotr\u00f3g\u00e9p kan\u00e1lhengere egy speci\u00e1lis hidraulikus henger, amelyet els\u0151sorban neh\u00e9zg\u00e9pek, p\u00e9ld\u00e1ul kotr\u00f3g\u00e9pek, kotr\u00f3g\u00e9pek \u00e9s homlokrakod\u00f3k kotr\u00f3g\u00e9peinek kanalainak mozg\u00e1s\u00e1nak vez\u00e9rl\u00e9s\u00e9re haszn\u00e1lnak. F\u0151 funkci\u00f3ja a kan\u00e1l emel\u00e9se, s\u00fcllyeszt\u00e9se \u00e9s billent\u00e9se, megk\u00f6nny\u00edtve a k\u00fcl\u00f6nf\u00e9le anyagmozgat\u00e1si feladatok elv\u00e9gz\u00e9s\u00e9t. A hidraulikus rendszerben a kan\u00e1lhenger a hidraulikaolaj nyom\u00e1sv\u00e1ltoz\u00e1sait haszn\u00e1lja ki a kan\u00e1l pontos vez\u00e9rl\u00e9s\u00e9hez, lehet\u0151v\u00e9 t\u00e9ve a kezel\u0151k sz\u00e1m\u00e1ra, hogy hat\u00e9konyan kezelj\u00e9k a neh\u00e9z terheket, \u00e9s alkalmazkodjanak az \u00f6sszetett munkak\u00f6rnyezetekhez \u00e9s a v\u00e1ltozatos munkak\u00f6vetelm\u00e9nyekhez.<\/p>\n<p><img decoding=\"async\" src=\"https:\/\/www.hydraulic-cylinders.net\/wp-content\/uploads\/2025\/01\/songte-company-2.webp\"><\/p>\n<h2>Term\u00e9kjellemz\u0151k<\/h2>\n<ul>\n<li>\n<h3>Nagy szil\u00e1rds\u00e1g \u00e9s tart\u00f3ss\u00e1g<\/h3>\n<p>A jellemz\u0151en nagy szil\u00e1rds\u00e1g\u00fa ac\u00e9lb\u00f3l vagy alum\u00edniumb\u00f3l k\u00e9sz\u00fclt kan\u00e1lhenger nagy nyom\u00e1st \u00e9s nagy terhel\u00e9st b\u00edr ki, \u00edgy alkalmazkodik a zord munkak\u00f6rnyezethez. A kialak\u00edt\u00e1s sor\u00e1n a kop\u00e1s\u00e1ll\u00f3s\u00e1got \u00e9s a korr\u00f3zi\u00f3\u00e1ll\u00f3s\u00e1got is figyelembe vett\u00e9k a henger \u00e9lettartam\u00e1nak meghosszabb\u00edt\u00e1sa \u00e9rdek\u00e9ben.<\/p>\n<\/li>\n<li>\n<h3>Hat\u00e9kony hidraulikus m\u0171k\u00f6dtet\u00e9s<\/h3>\n<p>A hidraulikaolaj nyom\u00e1s\u00e1t kihaszn\u00e1lva a henger sima ki- \u00e9s visszah\u00faz\u00e1st tesz lehet\u0151v\u00e9, gyorsan reag\u00e1l a parancsokra, \u00e9s er\u0151s nyom\u00f3- \u00e9s h\u00faz\u00f3er\u0151t biztos\u00edt, \u00edgy alkalmas neh\u00e9z terhek \u00e9s \u00f6sszetett feladatok kezel\u00e9s\u00e9re.<\/p>\n<\/li>\n<li>\n<h3>K\u00fcl\u00f6nb\u00f6z\u0151 t\u00edpusok<\/h3>\n<p>Az ig\u00e9nyeknek megfelel\u0151en egy- vagy kett\u0151s m\u0171k\u00f6d\u00e9s\u0171 hengerek v\u00e1laszthat\u00f3k a k\u00fcl\u00f6nb\u00f6z\u0151 m\u0171k\u00f6d\u00e9si k\u00f6vetelm\u00e9nyeknek megfelel\u0151en. Egyes modellek teleszk\u00f3posak, \u00edgy nagyobb kiny\u00fal\u00e1st tesznek lehet\u0151v\u00e9 a k\u00fcls\u0151 m\u00e9retek n\u00f6vel\u00e9se n\u00e9lk\u00fcl, \u00edgy alkalmasak korl\u00e1tozott helyig\u00e9ny\u0171 alkalmaz\u00e1sokhoz.<\/p>\n<\/li>\n<li>\n<h3>T\u00f6k\u00e9letes csere<\/h3>\n<p>Term\u00e9k\u00fcnk t\u00f6k\u00e9letesen helyettes\u00edtheti ezeket a hidraulikus hengereket. <\/p>\n<\/li>\n<\/ul>\n<p><img decoding=\"async\" src=\"https:\/\/www.hydraulic-cylinders.net\/wp-content\/uploads\/2025\/01\/songte-cylinder-head-with-all-kinds-excavator-models.webp\"><\/p>\n<h2>Alkalmaz\u00e1sok<\/h2>\n<p>A Hyundai R170LC-5 k\u00f6z\u00e9pkotr\u00f3g\u00e9p kan\u00e1lhengere sz\u00e9les k\u00f6rben haszn\u00e1lhat\u00f3 k\u00fcl\u00f6nf\u00e9le neh\u00e9zg\u00e9pekben, bele\u00e9rtve:<\/p>\n<ul>\n<li>\n<h3>\u00c9p\u00edt\u0151ipari berendez\u00e9sek<\/h3>\n<p>Kotr\u00f3g\u00e9pekben elengedhetetlenek az \u00e1s\u00e1shoz, rakod\u00e1shoz \u00e9s a talaj vagy t\u00f6rmel\u00e9k mozgat\u00e1s\u00e1hoz. A kotr\u00f3g\u00e9pekben a henger mind az \u00e1s\u00e1st, mind az emel\u00e9st seg\u00edti. <\/p>\n<\/li>\n<li>\n<h3>Mez\u0151gazdas\u00e1gi g\u00e9pek<\/h3>\n<p>A homlokrakod\u00f3kban talaj, sz\u00e9na \u00e9s egy\u00e9b anyagok kezel\u00e9s\u00e9re haszn\u00e1lt henger felemelhet\u0151 \u00e9s d\u00f6nthet\u0151 a hat\u00e9kony \u00fcr\u00edt\u00e9s \u00e9rdek\u00e9ben. <\/p>\n<\/li>\n<li>\n<h3>Kotr\u00f3g\u00e9pek<\/h3>\n<p>A kan\u00e1lhenger lehet\u0151v\u00e9 teszi, hogy a kan\u00e1l behatoljon a talajba \u00e1s\u00e1si m\u0171veletek k\u00f6zben. <\/p>\n<\/li>\n<li>\n<h3>Rakod\u00f3k<\/h3>\n<p>A homlokrakod\u00f3kban hat\u00e9konyan seg\u00edtenek az \u00e1ruk emel\u00e9s\u00e9ben \u00e9s \u00fcr\u00edt\u00e9s\u00e9ben. <\/p>\n<\/li>\n<\/ul>\n<h2>Tervez\u00e9si szempontok \u00e9s kiv\u00e1laszt\u00e1si krit\u00e9riumok<\/h2>\n<p>A Hyundai R170LC-5 k\u00f6z\u00e9pkotr\u00f3g\u00e9p kan\u00e1lhenger\u00e9t sz\u00e1mos t\u00e9nyez\u0151 figyelembev\u00e9tel\u00e9vel tervezt\u00e9k, bele\u00e9rtve:<\/p>\n<ul>\n<li>\n<h3>Teherb\u00edr\u00e1s<\/h3>\n<p>A hengernek k\u00e9pesnek kell lennie arra, hogy ellen\u00e1lljon a maxim\u00e1lis terhel\u00e9snek, amelyet kezelni fog. <\/p>\n<\/li>\n<li>\n<h3>T\u00f6m\u00edt\u00e9si teljes\u00edtm\u00e9ny<\/h3>\n<p>A hengernek megb\u00edzhat\u00f3 t\u00f6m\u00edt\u00e9si teljes\u00edtm\u00e9ny\u0171nek kell lennie az olajsziv\u00e1rg\u00e1s megakad\u00e1lyoz\u00e1sa \u00e9s a z\u00f6kken\u0151mentes m\u0171k\u00f6d\u00e9s biztos\u00edt\u00e1sa \u00e9rdek\u00e9ben. <\/p>\n<\/li>\n<li>\n<h3>Tart\u00f3ss\u00e1g<\/h3>\n<p>A hengert kiv\u00e1l\u00f3 min\u0151s\u00e9g\u0171, nagy kop\u00e1s\u00e1ll\u00f3s\u00e1g\u00fa \u00e9s korr\u00f3zi\u00f3\u00e1ll\u00f3 anyagokb\u00f3l kell k\u00e9sz\u00edteni az \u00e9lettartam\u00e1nak meghosszabb\u00edt\u00e1sa \u00e9rdek\u00e9ben. <\/p>\n<\/li>\n<li>\n<h3>Biztons\u00e1g<\/h3>\n<p>A palackot biztons\u00e1gi szempontokat szem el\u0151tt tartva kell megtervezni, hogy megel\u0151zze a palack meghib\u00e1sod\u00e1sa okozta baleseteket. <\/p>\n<\/li>\n<li>\n<h3>Karbantarthat\u00f3s\u00e1g<\/h3>\n<p>A hengernek k\u00f6nnyen karbantarthat\u00f3nak kell lennie a karbantart\u00e1si k\u00f6lts\u00e9gek \u00e9s az \u00e1ll\u00e1sid\u0151 cs\u00f6kkent\u00e9se \u00e9rdek\u00e9ben. <\/p>\n<\/li>\n<\/ul>\n<p><img decoding=\"async\" src=\"https:\/\/www.hydraulic-cylinders.net\/wp-content\/uploads\/2025\/01\/songte-oil-pipes-and-spare-parts.webp\"><\/p>\n<h2>T\u00f6m\u00edt\u00e9s \u00e9s ken\u00e9s<\/h2>\n<p>A Hyundai R170LC-5 k\u00f6z\u00e9pkotr\u00f3g\u00e9p kan\u00e1lhengere k\u00fcl\u00f6nf\u00e9le t\u00f6m\u00edt\u0151elemeket haszn\u00e1l, p\u00e9ld\u00e1ul dugatty\u00fat\u00f6m\u00edt\u00e9seket \u00e9s r\u00fadt\u00f6m\u00edt\u00e9seket, amelyek kop\u00e1s\u00e1ll\u00f3 anyagokb\u00f3l, p\u00e9ld\u00e1ul poliuret\u00e1nb\u00f3l \u00e9s nitrilgumib\u00f3l k\u00e9sz\u00fclnek. A hengertest, a dugatty\u00fa \u00e9s a r\u00fad fel\u00fclete szint\u00e9n finomkezel\u00e9s\u0171 a kop\u00e1s\u00e1ll\u00f3s\u00e1g jav\u00edt\u00e1sa \u00e9rdek\u00e9ben. A z\u00f6kken\u0151mentes m\u0171k\u00f6d\u00e9s biztos\u00edt\u00e1s\u00e1hoz rendszeres ken\u00e9s sz\u00fcks\u00e9ges megfelel\u0151 hidraulikaolajjal. <\/p>\n<h2>Rendszeres ellen\u0151rz\u00e9s \u00e9s megel\u0151z\u0151 karbantart\u00e1s<\/h2>\n<p>A Hyundai R170LC-5 k\u00f6z\u00e9pkotr\u00f3g\u00e9p kan\u00e1lhenger\u00e9nek biztons\u00e1gos \u00e9s hat\u00e9kony m\u0171k\u00f6d\u00e9s\u00e9nek biztos\u00edt\u00e1s\u00e1hoz fontos a rendszeres ellen\u0151rz\u00e9s \u00e9s a megel\u0151z\u0151 karbantart\u00e1s. N\u00e9h\u00e1ny megel\u0151z\u0151 karbantart\u00e1si int\u00e9zked\u00e9s a k\u00f6vetkez\u0151ket foglalja mag\u00e1ban:<\/p>\n<ul>\n<li>Rendszeres ken\u00e9s<\/li>\n<li>T\u00f6m\u00edt\u00e9s csere<\/li>\n<li>Kalibr\u00e1ci\u00f3s ellen\u0151rz\u00e9s<\/li>\n<\/ul>\n<h2>Term\u00e9ktelep\u00edt\u00e9si \u00fatmutat\u00f3<\/h2>\n<p>A Hyundai R170LC-5 k\u00f6z\u00e9pkotr\u00f3g\u00e9p kan\u00e1lhenger\u00e9nek biztons\u00e1gos \u00e9s hat\u00e9kony m\u0171k\u00f6d\u00e9s\u00e9hez elengedhetetlen a megfelel\u0151 telep\u00edt\u00e9s. A k\u00f6vetkez\u0151 l\u00e9p\u00e9sek \u00fatmutat\u00e1st ny\u00fajtanak a megfelel\u0151 telep\u00edt\u00e9shez:<\/p>\n<ol>\n<li>Igaz\u00edtsa a hengert a r\u00f6gz\u00edt\u00e9si fel\u00fclethez.<\/li>\n<li>Haszn\u00e1ljon megfelel\u0151 r\u00f6gz\u00edt\u0151elemeket a henger r\u00f6gz\u00edt\u00e9s\u00e9hez.<\/li>\n<li>Csatlakoztassa a hidraulikat\u00f6ml\u0151ket a hengerhez.<\/li>\n<li>Gy\u0151z\u0151dj\u00f6n meg arr\u00f3l, hogy a t\u00f6ml\u0151k nincsenek megcsavarodva vagy megt\u00f6rve.<\/li>\n<li>\u00dczemeltet\u00e9s el\u0151tt \u00f6bl\u00edtse \u00e1t a hidraulikus rendszert.<\/li>\n<\/ol>\n<p>A henger \u00e9lettartam\u00e1nak \u00e9s teljes\u00edtm\u00e9ny\u00e9nek jav\u00edt\u00e1sa \u00e9rdek\u00e9ben hangs\u00falyozzuk a megfelel\u0151 beszerel\u00e9s, ken\u00e9s \u00e9s be\u00e1ll\u00edt\u00e1s fontoss\u00e1g\u00e1t. A legjobb eredm\u00e9ny el\u00e9r\u00e9se \u00e9rdek\u00e9ben javasoljuk a megfelel\u0151 beszerel\u0151 szersz\u00e1mok haszn\u00e1lat\u00e1t, valamint az ellen\u0151rz\u00e9s, jav\u00edt\u00e1s \u00e9s csere aj\u00e1nlott elj\u00e1r\u00e1sainak betart\u00e1s\u00e1t. <\/p>\n<p><img decoding=\"async\" src=\"https:\/\/www.hydraulic-cylinders.net\/wp-content\/uploads\/2025\/01\/songte-chushion-collar.webp\"><\/p>\n<h2>Biztons\u00e1gi szempontok \u00e9s k\u00f6rnyezeti t\u00e9nyez\u0151k<\/h2>\n<p>A Hyundai R170LC-5 k\u00f6z\u00e9pkotr\u00f3g\u00e9p kan\u00e1lhenger\u00e9nek kezel\u00e9sekor elengedhetetlen a biztons\u00e1gi el\u0151\u00edr\u00e1sok betart\u00e1sa. A balesetek megel\u0151z\u00e9se \u00e9rdek\u00e9ben a hengert a megadott param\u00e9tereken bel\u00fcl kell \u00fczemeltetni. A henger \u00fczemeltet\u00e9se sor\u00e1n a k\u00f6rnyezeti t\u00e9nyez\u0151ket, p\u00e9ld\u00e1ul a h\u0151m\u00e9rs\u00e9kletet \u00e9s a p\u00e1ratartalmat is figyelembe kell venni.<\/p>\n<h2>Hibaelh\u00e1r\u00edt\u00e1s \u00e9s gyakori probl\u00e9m\u00e1k<\/h2>\n<p>A Hyundai R170LC-5 k\u00f6z\u00e9pkotr\u00f3g\u00e9p kan\u00e1lhenger\u00e9nek haszn\u00e1latakor a k\u00f6vetkez\u0151 gyakori probl\u00e9m\u00e1k mer\u00fclhetnek fel:<\/p>\n<ul>\n<li>Olajsziv\u00e1rg\u00e1s<\/li>\n<li>Lass\u00fa m\u0171k\u00f6d\u00e9s<\/li>\n<li>Szab\u00e1lytalan m\u0171k\u00f6d\u00e9s<\/li>\n<li>Zaj<\/li>\n<\/ul>\n<p>Ezen probl\u00e9m\u00e1k megold\u00e1sa \u00e9rdek\u00e9ben megfelel\u0151 hibaelh\u00e1r\u00edt\u00e1si int\u00e9zked\u00e9seket kell tenni. Az olajsziv\u00e1rg\u00e1st p\u00e9ld\u00e1ul s\u00e9r\u00fclt t\u00f6m\u00edt\u00e9sek vagy laza csatlakoz\u00e1sok okozhatj\u00e1k. A lass\u00fa m\u0171k\u00f6d\u00e9st az alacsony hidraulikaolaj-nyom\u00e1s okozhatja. A szab\u00e1lytalan m\u0171k\u00f6d\u00e9st hib\u00e1san m\u0171k\u00f6d\u0151 szelep vagy henger okozhatja. A zajt a hidraulikus rendszerben bennrekedt leveg\u0151 okozhatja. A rendszeres ellen\u0151rz\u00e9s \u00e9s a megel\u0151z\u0151 karbantart\u00e1s seg\u00edthet megel\u0151zni ezeket a probl\u00e9m\u00e1kat.<\/p>\n<p><img decoding=\"async\" src=\"https:\/\/www.hydraulic-cylinders.net\/wp-content\/uploads\/2025\/01\/songte-bushings-with-all-kinds-of-excavator-models.webp\"><\/p>\n<h2>C\u00e9g\u00fcnkr\u0151l<\/h2>\n<p>Cserehidraulikus hengerek gy\u00e1rt\u00f3ja vagyunk, teljes term\u00e9kk\u00edn\u00e1lattal. A hazai \u00e9s nemzetk\u00f6zi piacok egyik vezet\u0151 hidraulikus hengergy\u00e1rt\u00f3j\u00e1v\u00e1 \u00e9s nagykereskedelmi forgalmaz\u00f3j\u00e1v\u00e1 v\u00e1ltunk. A kiv\u00e1l\u00f3 min\u0151s\u00e9g strat\u00e9gi\u00e1j\u00e1t k\u00f6vetj\u00fck, a finomgy\u00e1rt\u00f3 m\u0171helyek iparos\u00edtott termel\u00e9sir\u00e1ny\u00edt\u00e1s\u00e1ra t\u00e1maszkodva. Folyamatosan fejlesztj\u00fck m\u0171hely\u00fcnk gy\u00e1rt\u00e1si platformj\u00e1t, jav\u00edtjuk a term\u00e9k gy\u00e1rt\u00e1si min\u0151s\u00e9g\u00e9t, \u00e9s er\u0151s kreat\u00edv k\u00e9pess\u00e9gekkel rendelkez\u00fcnk. A nagy hat\u00e9konys\u00e1got, a nagy pontoss\u00e1got \u00e9s a magas min\u0151s\u00e9get alkalmazzuk alapelvk\u00e9nt, hogy kiel\u00e9g\u00edts\u00fck \u00fcgyfeleink sokr\u00e9t\u0171 ig\u00e9nyeit.<\/p>\n<p>Elk\u00f6telezettek vagyunk a professzion\u00e1lis, nemzetk\u00f6zileg tan\u00fas\u00edtott, szem\u00e9lyre szabott szolg\u00e1ltat\u00e1sok, valamint a korszer\u0171 gy\u00e1rt\u00f3berendez\u00e9sek \u00e9s a kiv\u00e1l\u00f3 \u00e9rt\u00e9kes\u00edt\u00e9s ut\u00e1ni szolg\u00e1ltat\u00e1s ny\u00fajt\u00e1sa ir\u00e1nt. C\u00e9g\u00fcnk folyamatosan n\u00f6vekszik \u00e9s fejl\u0151dik, \u00e9s b\u00edzunk benne, hogy min\u0151s\u00e9gi term\u00e9keket \u00e9s szolg\u00e1ltat\u00e1sokat tudunk ny\u00fajtani \u00fcgyfeleinknek.<\/p>\n<p><img decoding=\"async\" src=\"https:\/\/hzpt.com\/wp-content\/uploads\/2024\/11\/songte-company-1.webp\"><\/p>\n<p>Szerz\u0151: lyl<\/p>","protected":false},"excerpt":{"rendered":"<p>Bucket Cylinder For Hyundai Middle Excavator R170LC-5 Introduction The Bucket Cylinder for Hyundai Middle Excavator R170LC-5 is a specialized hydraulic cylinder primarily used to control the motion of excavator buckets in heavy machinery such as excavators, backhoe excavators, and front-end loaders. Its main function is to enable the bucket to lift, lower, and tilt, making [&hellip;]<\/p>","protected":false},"featured_media":14789,"comment_status":"open","ping_status":"closed","template":"","meta":{"_et_pb_use_builder":"","_et_pb_old_content":"","_et_gb_content_width":""},"product_brand":[],"product_cat":[1494],"product_tag":[1495,1496],"class_list":{"0":"post-15312","1":"product","2":"type-product","3":"status-publish","4":"has-post-thumbnail","6":"product_cat-bucket-cylinders","7":"product_tag-bucket-cylinders","8":"product_tag-hydraulic-cylinders","10":"first","11":"instock","12":"shipping-taxable","13":"product-type-simple"},"amp_enabled":true,"_links":{"self":[{"href":"https:\/\/www.hydraulic-cylinders.net\/hu\/wp-json\/wp\/v2\/product\/15312","targetHints":{"allow":["GET"]}}],"collection":[{"href":"https:\/\/www.hydraulic-cylinders.net\/hu\/wp-json\/wp\/v2\/product"}],"about":[{"href":"https:\/\/www.hydraulic-cylinders.net\/hu\/wp-json\/wp\/v2\/types\/product"}],"replies":[{"embeddable":true,"href":"https:\/\/www.hydraulic-cylinders.net\/hu\/wp-json\/wp\/v2\/comments?post=15312"}],"wp:featuredmedia":[{"embeddable":true,"href":"https:\/\/www.hydraulic-cylinders.net\/hu\/wp-json\/wp\/v2\/media\/14789"}],"wp:attachment":[{"href":"https:\/\/www.hydraulic-cylinders.net\/hu\/wp-json\/wp\/v2\/media?parent=15312"}],"wp:term":[{"taxonomy":"product_brand","embeddable":true,"href":"https:\/\/www.hydraulic-cylinders.net\/hu\/wp-json\/wp\/v2\/product_brand?post=15312"},{"taxonomy":"product_cat","embeddable":true,"href":"https:\/\/www.hydraulic-cylinders.net\/hu\/wp-json\/wp\/v2\/product_cat?post=15312"},{"taxonomy":"product_tag","embeddable":true,"href":"https:\/\/www.hydraulic-cylinders.net\/hu\/wp-json\/wp\/v2\/product_tag?post=15312"}],"curies":[{"name":"munkaf\u00fczet","href":"https:\/\/api.w.org\/{rel}","templated":true}]}}