{"id":15314,"date":"2025-01-19T14:22:28","date_gmt":"2025-01-19T14:22:28","guid":{"rendered":"https:\/\/www.hydraulic-cylinders.net\/product\/bucket-cylinder-for-hyundai-middle-excavator-r210-5d\/"},"modified":"2025-01-19T14:22:29","modified_gmt":"2025-01-19T14:22:29","slug":"bucket-cylinder-for-hyundai-middle-excavator-r210-5d","status":"publish","type":"product","link":"https:\/\/www.hydraulic-cylinders.net\/hu\/termek\/bucket-cylinder-for-hyundai-middle-excavator-r210-5d\/","title":{"rendered":"Kan\u00e1lhenger Hyundai k\u00f6z\u00e9ps\u0151 kotr\u00f3g\u00e9phez R210-5D"},"content":{"rendered":"<h1>Kan\u00e1lhenger Hyundai k\u00f6z\u00e9ps\u0151 kotr\u00f3g\u00e9phez R210-5D<\/h1>\n<h2>Bevezet\u00e9s<\/h2>\n<p>A kan\u00e1lhenger egy speci\u00e1lisan tervezett hidraulikus henger, amelyet neh\u00e9zg\u00e9pek, p\u00e9ld\u00e1ul kotr\u00f3g\u00e9pek, kotr\u00f3rakod\u00f3k \u00e9s homlokrakod\u00f3k kan\u00e1lj\u00e1nak mozg\u00e1s\u00e1nak vez\u00e9rl\u00e9s\u00e9re haszn\u00e1lnak. F\u0151 funkci\u00f3ja a kan\u00e1l emel\u00e9s\u00e9nek, s\u00fcllyeszt\u00e9s\u00e9nek \u00e9s billent\u00e9s\u00e9nek lehet\u0151v\u00e9 t\u00e9tele, ez\u00e1ltal megk\u00f6nny\u00edtve a k\u00fcl\u00f6nf\u00e9le anyagmozgat\u00e1si feladatokat. A hidraulikus rendszerben a kan\u00e1lhenger a hidraulikaolaj nyom\u00e1s\u00e1nak v\u00e1ltoztat\u00e1s\u00e1val prec\u00edzen szab\u00e1lyozza a kan\u00e1l mozg\u00e1s\u00e1t, lehet\u0151v\u00e9 t\u00e9ve a kezel\u0151k sz\u00e1m\u00e1ra a neh\u00e9z t\u00e1rgyak hat\u00e9kony kezel\u00e9s\u00e9t, valamint az \u00f6sszetett munkak\u00f6rnyezetekhez \u00e9s a v\u00e1ltozatos m\u0171k\u00f6d\u00e9si k\u00f6vetelm\u00e9nyekhez val\u00f3 alkalmazkod\u00e1st.<\/p>\n<p><img decoding=\"async\" src=\"https:\/\/www.hydraulic-cylinders.net\/wp-content\/uploads\/2025\/01\/songte-company-2.webp\" \/><\/p>\n<h2>Jellemz\u0151k<\/h2>\n<ul>\n<li>\n<h3>Nagy szil\u00e1rds\u00e1g \u00e9s tart\u00f3ss\u00e1g<\/h3>\n<p>A kan\u00e1lhengerek jellemz\u0151en nagy szil\u00e1rds\u00e1g\u00fa ac\u00e9lb\u00f3l vagy alum\u00edniumb\u00f3l k\u00e9sz\u00fclnek, k\u00e9pesek ellen\u00e1llni a nagy nyom\u00e1snak \u00e9s a nagy terhel\u00e9seknek, \u00e9s kop\u00e1s\u00e1ll\u00f3s\u00e1ggal \u00e9s korr\u00f3zi\u00f3\u00e1ll\u00f3s\u00e1ggal tervezt\u00e9k \u0151ket, hogy meghosszabb\u00edts\u00e1k \u00e9lettartamukat.<\/p>\n<\/li>\n<li>\n<h3>Hat\u00e9kony hidraulikus m\u0171k\u00f6dtet\u00e9s<\/h3>\n<p>A kan\u00e1lhengerek a hidraulikaolaj nyom\u00e1s\u00e1t haszn\u00e1lj\u00e1k fel a sima kiny\u00fajt\u00e1s \u00e9s \u00f6sszeh\u00faz\u00f3d\u00e1s el\u00e9r\u00e9s\u00e9hez, gyorsan reag\u00e1lnak a vez\u00e9rl\u0151parancsokra, er\u0151teljes tol\u00f3- \u00e9s h\u00faz\u00f3er\u0151t biztos\u00edtanak, \u00e9s ide\u00e1lisak neh\u00e9z t\u00e1rgyak kezel\u00e9s\u00e9hez \u00e9s \u00f6sszetett m\u0171k\u00f6d\u00e9si feladatokhoz.<\/p>\n<\/li>\n<li>\n<h3>K\u00fcl\u00f6nb\u00f6z\u0151 t\u00edpusok<\/h3>\n<p>A kan\u00e1lhengerek a m\u0171k\u00f6d\u00e9si ig\u00e9nyeknek megfelel\u0151en egyszeres m\u0171k\u00f6d\u00e9s\u0171 (csak egy ir\u00e1nyban haszn\u00e1lhat\u00f3 hidraulika) vagy kett\u0151s m\u0171k\u00f6d\u00e9s\u0171 (k\u00e9t ir\u00e1nyban haszn\u00e1lhat\u00f3 hidraulika) hengerekk\u00e9nt v\u00e1laszthat\u00f3k. Egyes modellek teleszk\u00f3posak, \u00edgy nagyobb t\u00e1gul\u00e1st tesznek lehet\u0151v\u00e9 a k\u00fcls\u0151 m\u00e9retek n\u00f6vel\u00e9se n\u00e9lk\u00fcl, \u00edgy alkalmasak korl\u00e1tozott helyig\u00e9ny\u0171 alkalmaz\u00e1sokhoz.<\/p>\n<\/li>\n<li>\n<h3>T\u00f6k\u00e9letes csere<\/h3>\n<p>Term\u00e9keink t\u00f6k\u00e9letesen helyettes\u00edthetik ezeket a hidraulikus hengereket.<\/p>\n<\/li>\n<\/ul>\n<p><img decoding=\"async\" src=\"https:\/\/www.hydraulic-cylinders.net\/wp-content\/uploads\/2025\/01\/songte-cylinder-head-with-all-kinds-excavator-models.webp\" \/><\/p>\n<h2>Alkalmaz\u00e1sok<\/h2>\n<p>A v\u00f6d\u00f6rhengereket sz\u00e9les k\u00f6rben haszn\u00e1lj\u00e1k k\u00fcl\u00f6nf\u00e9le ipar\u00e1gakban, k\u00fcl\u00f6nb\u00f6z\u0151 c\u00e9lokra, bele\u00e9rtve:<\/p>\n<ul>\n<li>\n<h3>\u00c9p\u00edt\u0151ipari berendez\u00e9sek<\/h3>\n<p>A kan\u00e1lhengerek elengedhetetlenek a kotr\u00f3g\u00e9pek \u00e1s\u00e1s\u00e1hoz, rakod\u00e1s\u00e1hoz \u00e9s talaj vagy t\u00f6rmel\u00e9k mozgat\u00e1s\u00e1hoz. A kotr\u00f3g\u00e9p-rakod\u00f3kban a kan\u00e1lhengerek mind az \u00e1s\u00e1sban, mind az emel\u00e9sben seg\u00edtenek.<\/p>\n<\/li>\n<li>\n<h3>Mez\u0151gazdas\u00e1gi g\u00e9pek<\/h3>\n<p>A kan\u00e1lhengereket homlokrakod\u00f3kban haszn\u00e1lj\u00e1k talaj, sz\u00e9na \u00e9s egy\u00e9b anyagok mer\u00e9s\u00e9re, emel\u00e9s\u00e9re \u00e9s sz\u00e1ll\u00edt\u00e1s\u00e1ra. Kotr\u00f3g\u00e9pekben a kan\u00e1lhenger lehet\u0151v\u00e9 teszi az \u00e1s\u00e1st az\u00e1ltal, hogy lehet\u0151v\u00e9 teszi a kan\u00e1l talajba val\u00f3 behatol\u00e1s\u00e1t.<\/p>\n<\/li>\n<li>\n<h3>Rakod\u00f3<\/h3>\n<p>A kan\u00e1lhengerek hat\u00e9konyan seg\u00edtik az \u00e1ruk emel\u00e9s\u00e9t \u00e9s \u00fcr\u00edt\u00e9s\u00e9t a homlokrakod\u00f3kban.<\/p>\n<\/li>\n<\/ul>\n<h2>Tervez\u00e9si szempontok \u00e9s kiv\u00e1laszt\u00e1si krit\u00e9riumok<\/h2>\n<ul>\n<li>\n<h3>Teherb\u00edr\u00e1s<\/h3>\n<p>A hengert \u00fagy kell kialak\u00edtani, hogy ellen\u00e1lljon a nagy terhel\u00e9snek \u00e9s nyom\u00e1snak, a felhaszn\u00e1lt anyagoknak pedig rendk\u00edv\u00fcl tart\u00f3snak, kop\u00e1s- \u00e9s korr\u00f3zi\u00f3\u00e1ll\u00f3nak kell lenni\u00fck.<\/p>\n<\/li>\n<li>\n<h3>T\u00f6m\u00edt\u00e9s \u00e9s ken\u00e9s<\/h3>\n<p>A hengeren k\u00fcl\u00f6nf\u00e9le t\u00f6m\u00edt\u00e9seket kell haszn\u00e1lni, p\u00e9ld\u00e1ul dugatty\u00fat\u00f6m\u00edt\u0151gy\u0171r\u0171ket \u00e9s r\u00fadt\u00f6m\u00edt\u0151gy\u0171r\u0171ket, amelyek kop\u00e1s\u00e1ll\u00f3 anyagokb\u00f3l, p\u00e9ld\u00e1ul poliuret\u00e1nb\u00f3l \u00e9s nitrilgumib\u00f3l k\u00e9sz\u00fclnek. A hengertestet \u00e9s a menetes v\u00e9gek fel\u00fcleteit finom megmunk\u00e1l\u00e1snak kell al\u00e1vetni a kop\u00e1s\u00e1ll\u00f3s\u00e1g jav\u00edt\u00e1sa \u00e9rdek\u00e9ben. Rendszeresen megfelel\u0151 mennyis\u00e9g\u0171 hidraulikaolajat kell ut\u00e1nt\u00f6lteni a ken\u00e9shez.<\/p>\n<\/li>\n<li>\n<h3>Tart\u00f3ss\u00e1g \u00e9s biztons\u00e1g<\/h3>\n<p>A palackot biztons\u00e1gtechnikai szempontokat szem el\u0151tt tartva kell megtervezni, olyan int\u00e9zked\u00e9sekkel, mint a nyom\u00e1scs\u00f6kkent\u0151 szelepek. Tart\u00f3ss\u00e1g\u00e1nak \u00e9s biztons\u00e1g\u00e1nak biztos\u00edt\u00e1sa \u00e9rdek\u00e9ben megfelel\u0151 karbantart\u00e1st \u00e9s id\u0151szakos ellen\u0151rz\u00e9st kell v\u00e9gezni.<\/p>\n<\/li>\n<\/ul>\n<p><img decoding=\"async\" src=\"https:\/\/www.hydraulic-cylinders.net\/wp-content\/uploads\/2025\/01\/songte-oil-pipes-and-spare-parts.webp\" \/><\/p>\n<h2>Karbantart\u00e1s \u00e9s jav\u00edt\u00e1s<\/h2>\n<p>A kan\u00e1lhengerek hossz\u00fa \u00e9lettartam\u00e1hoz rendszeres karbantart\u00e1s \u00e9s megfelel\u0151 ken\u00e9s sz\u00fcks\u00e9ges. A gyakori karbantart\u00e1si feladatok a k\u00f6vetkez\u0151k:<\/p>\n<ul>\n<li>\n<h3>Id\u0151szakos ellen\u0151rz\u00e9s<\/h3>\n<p>A henger rendszeres ellen\u0151rz\u00e9se a megfelel\u0151 m\u0171k\u00f6d\u00e9s biztos\u00edt\u00e1sa \u00e9s az esetleges probl\u00e9m\u00e1k \u00e9szlel\u00e9se \u00e9rdek\u00e9ben.<\/p>\n<\/li>\n<li>\n<h3>Ken\u00e9s<\/h3>\n<p>Rendszeresen adagolja a megfelel\u0151 mennyis\u00e9g\u0171 hidraulikaolajat a henger megfelel\u0151 ken\u00e9s\u00e9nek biztos\u00edt\u00e1sa \u00e9rdek\u00e9ben.<\/p>\n<\/li>\n<li>\n<h3>T\u00f6m\u00edt\u00e9s csere<\/h3>\n<p>A t\u00f6m\u00edt\u00e9sek, p\u00e9ld\u00e1ul a dugatty\u00fa t\u00f6m\u00edt\u0151gy\u0171r\u0171k \u00e9s a r\u00fad t\u00f6m\u00edt\u0151gy\u0171r\u0171inek cser\u00e9je, amikor a henger integrit\u00e1s\u00e1nak meg\u0151rz\u00e9se \u00e9rdek\u00e9ben sz\u00fcks\u00e9ges.<\/p>\n<\/li>\n<li>\n<h3>Kalibr\u00e1ci\u00f3s ellen\u0151rz\u00e9s<\/h3>\n<p>A henger kalibr\u00e1l\u00e1s\u00e1nak rendszeres ellen\u0151rz\u00e9se annak biztos\u00edt\u00e1sa \u00e9rdek\u00e9ben, hogy a rendeltet\u00e9sszer\u0171en m\u0171k\u00f6dj\u00f6n.<\/p>\n<\/li>\n<\/ul>\n<p><img decoding=\"async\" src=\"https:\/\/www.hydraulic-cylinders.net\/wp-content\/uploads\/2025\/01\/songte-chushion-collar.webp\" \/><\/p>\n<h2>Biztons\u00e1gi \u00e9s k\u00f6rnyezetv\u00e9delmi szempontok<\/h2>\n<p>Biztons\u00e1gi \u00f3vint\u00e9zked\u00e9seket kell tenni a kan\u00e1lhengerek haszn\u00e1latakor, hogy minimaliz\u00e1ljuk a kezel\u0151k \u00e9s a k\u00f6zelben tart\u00f3zkod\u00f3k s\u00e9r\u00fcl\u00e9s\u00e9nek kock\u00e1zat\u00e1t. A szennyez\u00e9s cs\u00f6kkent\u00e9se \u00e9rdek\u00e9ben elengedhetetlen a k\u00f6rnyezeti t\u00e9nyez\u0151k figyelembev\u00e9tele is, p\u00e9ld\u00e1ul a haszn\u00e1lt hidraulikaolaj \u00e9s t\u00f6m\u00edt\u00e9sek megfelel\u0151 \u00e1rtalmatlan\u00edt\u00e1sa.<\/p>\n<h2>Hibaelh\u00e1r\u00edt\u00e1s \u00e9s gyakori probl\u00e9m\u00e1k<\/h2>\n<p>A kan\u00e1lhenger gyakori probl\u00e9m\u00e1i k\u00f6z\u00e9 tartozik a sziv\u00e1rg\u00e1s, a lass\u00fa m\u0171k\u00f6d\u00e9s \u00e9s az alacsony nyom\u00e1s. A hibaelh\u00e1r\u00edt\u00e1si tippek \u00e9s megold\u00e1sok a k\u00f6vetkez\u0151k:<\/p>\n<ul>\n<li>\n<h3>Sziv\u00e1rg\u00e1s<\/h3>\n<p>Ellen\u0151rizze a t\u00f6m\u00edt\u00e9seket, \u00e9s sz\u00fcks\u00e9g eset\u00e9n cser\u00e9lje ki \u0151ket.<\/p>\n<\/li>\n<li>\n<h3>Lass\u00fa m\u0171k\u00f6d\u00e9s<\/h3>\n<p>Ellen\u0151rizze, hogy elegend\u0151-e a hidraulikaolaj szintje, \u00e9s sz\u00fcks\u00e9g eset\u00e9n \u00e1ll\u00edtsa be a vez\u00e9rl\u0151szelepet.<\/p>\n<\/li>\n<li>\n<h3>Alacsony nyom\u00e1s<\/h3>\n<p>Ellen\u0151rizze a hidraulikus szivatty\u00fa megfelel\u0151 m\u0171k\u00f6d\u00e9s\u00e9t, \u00e9s sz\u00fcks\u00e9g eset\u00e9n \u00e1ll\u00edtsa be a nyom\u00e1scs\u00f6kkent\u0151 szelepet.<\/p>\n<\/li>\n<li>\n<h3>Megel\u0151z\u0151 int\u00e9zked\u00e9sek<\/h3>\n<p>A rendszeres karbantart\u00e1s \u00e9s ellen\u0151rz\u00e9s seg\u00edthet megel\u0151zni a gyakori probl\u00e9m\u00e1k el\u0151fordul\u00e1s\u00e1t \u00e9s biztos\u00edthatja a palack hossz\u00fa \u00e9lettartam\u00e1t.<\/p>\n<\/li>\n<\/ul>\n<p><img decoding=\"async\" src=\"https:\/\/www.hydraulic-cylinders.net\/wp-content\/uploads\/2025\/01\/songte-bushings-with-all-kinds-of-excavator-models.webp\" \/><\/p>\n<h2>R\u00f3lunk<\/h2>\n<p>Cserehidraulikus hengerek gy\u00e1rt\u00f3ja vagyunk. Sz\u00e9les term\u00e9kk\u00edn\u00e1latunknak k\u00f6sz\u00f6nhet\u0151en a hazai \u00e9s a nemzetk\u00f6zi piacok egyik vezet\u0151 hidraulikus hengergy\u00e1rt\u00f3j\u00e1v\u00e1 \u00e9s nagykeresked\u0151j\u00e9v\u00e9 v\u00e1ltunk. A kiv\u00e1l\u00f3 min\u0151s\u00e9g elv\u00e9t k\u00f6vetj\u00fck, \u00e9s kifinomult gy\u00e1rt\u00f3m\u0171helyeink iparos\u00edtott termel\u00e9sir\u00e1ny\u00edt\u00e1si strat\u00e9gi\u00e1ira t\u00e1maszkodunk. A technol\u00f3giai tehets\u00e9gre, a digit\u00e1lis cs\u00facskateg\u00f3ri\u00e1s gy\u00e1rt\u00f3berendez\u00e9sekre \u00e9s a professzion\u00e1lis tesztel\u0151rendszerekre \u00f6sszpontos\u00edtva gy\u00e1rt\u00e1si platformunkat folyamatosan fejlesztj\u00fck, t\u00f6k\u00e9letes\u00edtve a term\u00e9kmin\u0151s\u00e9get \u00e9s a gy\u00e1rt\u00e1si \u00fatvonalakat, hogy nagy hat\u00e9konys\u00e1ggal, pontoss\u00e1ggal \u00e9s min\u0151s\u00e9gben megfelelj\u00fcnk a v\u00e1ltozatos \u00fcgyf\u00e9lig\u00e9nyeknek.<\/p>\n<h3>Szakmaiass\u00e1g<\/h3>\n<p>C\u00e9g\u00fcnk elk\u00f6telezett amellett, hogy professzion\u00e1lis \u00e9s megb\u00edzhat\u00f3 hidraulikus henger term\u00e9keket \u00e9s megold\u00e1sokat ny\u00fajtson \u00fcgyfeleinek, amelyeket k\u00e9pzett m\u00e9rn\u00f6k\u00f6kb\u0151l \u00e9s technikusokb\u00f3l \u00e1ll\u00f3 csapat t\u00e1mogat, akik tapasztalattal rendelkeznek a hidraulikus g\u00e9pek ter\u00fclet\u00e9n.<\/p>\n<h3>Nemzetk\u00f6zi min\u0151s\u00edt\u00e9s<\/h3>\n<p>C\u00e9g\u00fcnk nemzetk\u00f6zi tan\u00fas\u00edtv\u00e1nyokkal rendelkezik, mint p\u00e9ld\u00e1ul az ISO9001, ami garant\u00e1lja term\u00e9keink min\u0151s\u00e9g\u00e9t.<\/p>\n<h3>Testreszabott szolg\u00e1ltat\u00e1s<\/h3>\n<p>Testreszabott szolg\u00e1ltat\u00e1sokat k\u00edn\u00e1lunk, amelyek megfelelnek \u00fcgyfeleink speci\u00e1lis ig\u00e9nyeinek.<\/p>\n<h3>Termel\u00e9si berendez\u00e9sek<\/h3>\n<p>C\u00e9g\u00fcnk korszer\u0171 gy\u00e1rt\u00f3berendez\u00e9sekkel \u00e9s vizsg\u00e1l\u00f3berendez\u00e9sekkel rendelkezik, amelyek biztos\u00edtj\u00e1k, hogy term\u00e9keink megfeleljenek a magas szabv\u00e1nyoknak.<\/p>\n<h3>\u00c9rt\u00e9kes\u00edt\u00e9s ut\u00e1ni szolg\u00e1ltat\u00e1s<\/h3>\n<p>C\u00e9g\u00fcnk \u00e1tfog\u00f3 \u00e9s id\u0151ben t\u00f6rt\u00e9n\u0151 \u00e9rt\u00e9kes\u00edt\u00e9s ut\u00e1ni szolg\u00e1ltat\u00e1st ny\u00fajt az \u00fcgyfelek el\u00e9gedetts\u00e9g\u00e9nek biztos\u00edt\u00e1sa \u00e9rdek\u00e9ben.<\/p>\n<p><img decoding=\"async\" src=\"https:\/\/hzpt.com\/wp-content\/uploads\/2024\/11\/songte-company-1.webp\" \/><\/p>\n<p>Szerz\u0151: lyl.<\/p>","protected":false},"excerpt":{"rendered":"<p>Bucket Cylinder For Hyundai Middle Excavator R210-5D Introduction A bucket cylinder is a specially designed hydraulic cylinder used to control the movement of the bucket in heavy machinery, such as excavators, backhoe loaders, and front-end loaders. Its main function is to enable the bucket to lift, lower, and tilt, thus facilitating various material handling tasks. [&hellip;]<\/p>","protected":false},"featured_media":14787,"comment_status":"open","ping_status":"closed","template":"","meta":{"_et_pb_use_builder":"","_et_pb_old_content":"","_et_gb_content_width":""},"product_brand":[],"product_cat":[1494],"product_tag":[1495,1496],"class_list":{"0":"post-15314","1":"product","2":"type-product","3":"status-publish","4":"has-post-thumbnail","6":"product_cat-bucket-cylinders","7":"product_tag-bucket-cylinders","8":"product_tag-hydraulic-cylinders","10":"first","11":"instock","12":"shipping-taxable","13":"product-type-simple"},"amp_enabled":true,"_links":{"self":[{"href":"https:\/\/www.hydraulic-cylinders.net\/hu\/wp-json\/wp\/v2\/product\/15314","targetHints":{"allow":["GET"]}}],"collection":[{"href":"https:\/\/www.hydraulic-cylinders.net\/hu\/wp-json\/wp\/v2\/product"}],"about":[{"href":"https:\/\/www.hydraulic-cylinders.net\/hu\/wp-json\/wp\/v2\/types\/product"}],"replies":[{"embeddable":true,"href":"https:\/\/www.hydraulic-cylinders.net\/hu\/wp-json\/wp\/v2\/comments?post=15314"}],"wp:featuredmedia":[{"embeddable":true,"href":"https:\/\/www.hydraulic-cylinders.net\/hu\/wp-json\/wp\/v2\/media\/14787"}],"wp:attachment":[{"href":"https:\/\/www.hydraulic-cylinders.net\/hu\/wp-json\/wp\/v2\/media?parent=15314"}],"wp:term":[{"taxonomy":"product_brand","embeddable":true,"href":"https:\/\/www.hydraulic-cylinders.net\/hu\/wp-json\/wp\/v2\/product_brand?post=15314"},{"taxonomy":"product_cat","embeddable":true,"href":"https:\/\/www.hydraulic-cylinders.net\/hu\/wp-json\/wp\/v2\/product_cat?post=15314"},{"taxonomy":"product_tag","embeddable":true,"href":"https:\/\/www.hydraulic-cylinders.net\/hu\/wp-json\/wp\/v2\/product_tag?post=15314"}],"curies":[{"name":"munkaf\u00fczet","href":"https:\/\/api.w.org\/{rel}","templated":true}]}}