{"id":15321,"date":"2025-01-19T14:22:56","date_gmt":"2025-01-19T14:22:56","guid":{"rendered":"https:\/\/www.hydraulic-cylinders.net\/product\/bucket-cylinder-for-hyundai-middle-excavator-r260lc-7\/"},"modified":"2025-01-19T14:22:58","modified_gmt":"2025-01-19T14:22:58","slug":"bucket-cylinder-for-hyundai-middle-excavator-r260lc-7","status":"publish","type":"product","link":"https:\/\/www.hydraulic-cylinders.net\/hu\/termek\/bucket-cylinder-for-hyundai-middle-excavator-r260lc-7\/","title":{"rendered":"Kan\u00e1lhenger Hyundai k\u00f6z\u00e9ps\u0151 kotr\u00f3g\u00e9phez R260LC-7"},"content":{"rendered":"<h1>Kan\u00e1lhenger Hyundai k\u00f6z\u00e9ps\u0151 kotr\u00f3g\u00e9phez R260LC-7<\/h1>\n<h2>Bevezet\u00e9s<\/h2>\n<h3>Meghat\u00e1roz\u00e1s<\/h3>\n<p>A kan\u00e1lhenger egy speci\u00e1lisan tervezett hidraulikus henger, amelyet els\u0151sorban a kan\u00e1l mozg\u00e1s\u00e1nak vez\u00e9rl\u00e9s\u00e9re haszn\u00e1lnak neh\u00e9zg\u00e9pekben, p\u00e9ld\u00e1ul kotr\u00f3g\u00e9pekben, kotr\u00f3g\u00e9pekben \u00e9s homlokrakod\u00f3kban. Els\u0151dleges funkci\u00f3ja a kan\u00e1l emel\u00e9se, s\u00fcllyeszt\u00e9se \u00e9s billent\u00e9se, megk\u00f6nny\u00edtve a k\u00fcl\u00f6nf\u00e9le anyagmozgat\u00e1si feladatok elv\u00e9gz\u00e9s\u00e9t. A hidraulikus rendszerben a kan\u00e1lhenger a hidraulikaolaj nyom\u00e1s\u00e1nak v\u00e1ltoztat\u00e1s\u00e1val \u00e9ri el a kan\u00e1l pontos vez\u00e9rl\u00e9s\u00e9t, lehet\u0151v\u00e9 t\u00e9ve a kezel\u0151k sz\u00e1m\u00e1ra a neh\u00e9z terhek hat\u00e9kony kezel\u00e9s\u00e9t, az \u00f6sszetett munkak\u00f6rnyezetekhez \u00e9s a v\u00e1ltozatos m\u0171k\u00f6d\u00e9si ig\u00e9nyekhez val\u00f3 alkalmazkod\u00e1st.<\/p>\n<p><img decoding=\"async\" src=\"https:\/\/www.hydraulic-cylinders.net\/wp-content\/uploads\/2025\/01\/songte-company-2.webp\" alt=\"V\u00f6d\u00f6r henger k\u00e9pe\"><\/p>\n<h3>Jellemz\u0151k<\/h3>\n<ul>\n<li>Nagy szil\u00e1rds\u00e1g \u00e9s tart\u00f3ss\u00e1g: \u00c1ltal\u00e1ban nagy szil\u00e1rds\u00e1g\u00fa ac\u00e9lb\u00f3l vagy alum\u00edniumb\u00f3l k\u00e9sz\u00fcl, amely ellen\u00e1ll a nagy nyom\u00e1snak \u00e9s nagy terhel\u00e9seknek, \u00edgy alkalmas a zord munkak\u00f6rnyezethez. A kop\u00e1s\u00e1ll\u00f3s\u00e1g \u00e9s a korr\u00f3zi\u00f3\u00e1ll\u00f3s\u00e1g figyelembev\u00e9tel\u00e9vel tervezt\u00e9k, meghosszabb\u00edtva az \u00e9lettartamot.<\/li>\n<li>Hat\u00e9kony hidraulikus m\u0171k\u00f6d\u00e9s: A hidraulikaolaj nyom\u00e1s\u00e1nak k\u00f6sz\u00f6nhet\u0151en a ki- \u00e9s beh\u00faz\u00e1s sima, \u00edgy gyors reag\u00e1l\u00e1st biztos\u00edt a vez\u00e9rl\u0151parancsokra, \u00e9s nagy tol\u00f3- \u00e9s h\u00faz\u00f3er\u0151t biztos\u00edt, \u00edgy alkalmas neh\u00e9z terhek \u00e9s \u00f6sszetett \u00fczemeltet\u00e9si feladatok kezel\u00e9s\u00e9re.<\/li>\n<li>K\u00fcl\u00f6nb\u00f6z\u0151 t\u00edpusok: A hengerek v\u00e1laszthat\u00f3k egyszeres m\u0171k\u00f6d\u00e9s\u0171k\u00e9nt (hidraulikusan csak egy ir\u00e1nyban) vagy kett\u0151s m\u0171k\u00f6d\u00e9s\u0171k\u00e9nt (hidraulikusan mindk\u00e9t ir\u00e1nyban) a k\u00fcl\u00f6nb\u00f6z\u0151 m\u0171k\u00f6d\u00e9si ig\u00e9nyeknek megfelel\u0151en. Bizonyos modellek teleszk\u00f3posak, \u00edgy nagyobb kiny\u00fal\u00e1st tesznek lehet\u0151v\u00e9 a k\u00fcls\u0151 m\u00e9retek n\u00f6vel\u00e9se n\u00e9lk\u00fcl, \u00edgy alkalmasak korl\u00e1tozott helyig\u00e9ny\u0171 alkalmaz\u00e1sokhoz.<\/li>\n<li>Cser\u00e9lhet\u0151: Term\u00e9k\u00fcnk t\u00f6k\u00e9letesen helyettes\u00edtheti ezeket a hidraulikus hengereket.<\/li>\n<\/ul>\n<p><img decoding=\"async\" src=\"https:\/\/www.hydraulic-cylinders.net\/wp-content\/uploads\/2025\/01\/songte-cylinder-head-with-all-kinds-excavator-models.webp\" alt=\"Cser\u00e9lhet\u0151 henger k\u00e9pe\"><\/p>\n<h2>Alkalmaz\u00e1sok<\/h2>\n<p>A v\u00f6d\u00f6rhengereket k\u00fcl\u00f6nf\u00e9le ipar\u00e1gakban \u00e9s alkalmaz\u00e1sokban haszn\u00e1lj\u00e1k, bele\u00e9rtve:<\/p>\n<h3>\u00c9p\u00edt\u0151ipari berendez\u00e9sek<\/h3>\n<p>Kotr\u00f3g\u00e9pekben kritikus fontoss\u00e1g\u00faak a talaj vagy t\u00f6rmel\u00e9k ki\u00e1s\u00e1s\u00e1hoz, rakod\u00e1s\u00e1hoz \u00e9s mozgat\u00e1s\u00e1hoz. Kotr\u00f3g\u00e9pekben a kan\u00e1lhenger seg\u00edti a ki\u00e1s\u00e1st \u00e9s az emel\u00e9st. Homlokrakod\u00f3kban pedig az \u00e1ruk hat\u00e9kony emel\u00e9s\u00e9t \u00e9s billent\u00e9s\u00e9t seg\u00edtik el\u0151.<\/p>\n<h3>Mez\u0151gazdas\u00e1gi g\u00e9pek<\/h3>\n<p>Homlokrakod\u00f3kban haszn\u00e1lj\u00e1k talaj, sz\u00e9na \u00e9s egy\u00e9b anyagok mer\u00e9s\u00e9re, emel\u00e9s\u00e9re \u00e9s sz\u00e1ll\u00edt\u00e1s\u00e1ra.<\/p>\n<h3>Kotr\u00f3g\u00e9pek<\/h3>\n<p>A kan\u00e1lhenger lehet\u0151v\u00e9 teszi a f\u00f6ldmunk\u00e1t az\u00e1ltal, hogy lehet\u0151v\u00e9 teszi a kan\u00e1l talajba val\u00f3 behatol\u00e1s\u00e1t.<\/p>\n<h3>Rakod\u00f3k<\/h3>\n<p>A homlokrakod\u00f3kban hat\u00e9konyan seg\u00edtik az \u00e1ruk emel\u00e9s\u00e9t \u00e9s billent\u00e9s\u00e9t.<\/p>\n<h2>Tervez\u00e9si szempontok \u00e9s kiv\u00e1laszt\u00e1si krit\u00e9riumok<\/h2>\n<p>A kan\u00e1lhengerek f\u0151 tervez\u00e9si szempontjai a k\u00f6vetkez\u0151k:<\/p>\n<ul>\n<li>Teherb\u00edr\u00e1s: A hengernek k\u00e9pesnek kell lennie arra, hogy ellen\u00e1lljon a nagy nyom\u00e1snak \u00e9s a nagy terhel\u00e9snek.<\/li>\n<li>T\u00f6m\u00edt\u0151 tulajdons\u00e1g: A hengernek j\u00f3 t\u00f6m\u00edt\u0151 tulajdons\u00e1ggal kell rendelkeznie a hidraulikaolaj sziv\u00e1rg\u00e1s\u00e1nak megakad\u00e1lyoz\u00e1sa \u00e9rdek\u00e9ben.<\/li>\n<li>Tart\u00f3ss\u00e1g: A hengernek kop\u00e1s\u00e1ll\u00f3nak \u00e9s korr\u00f3zi\u00f3\u00e1ll\u00f3nak kell lennie a hossz\u00fa \u00e9lettartam \u00e9rdek\u00e9ben.<\/li>\n<li>Biztons\u00e1g: A palackot biztons\u00e1got szem el\u0151tt tartva kell megtervezni, \u00e9s megb\u00edzhat\u00f3, biztons\u00e1gos m\u0171k\u00f6d\u00e9st kell biztos\u00edtani.<\/li>\n<li>Karbantarthat\u00f3s\u00e1g: A hengernek k\u00f6nnyen karbantarthat\u00f3nak \u00e9s jav\u00edthat\u00f3nak kell lennie a hossz\u00fa t\u00e1v\u00fa haszn\u00e1lat \u00e9rdek\u00e9ben.<\/li>\n<\/ul>\n<p><img decoding=\"async\" src=\"https:\/\/www.hydraulic-cylinders.net\/wp-content\/uploads\/2025\/01\/songte-oil-pipes-and-spare-parts.webp\" alt=\"Hidraulikus henger alkatr\u00e9szek k\u00e9pe\"><\/p>\n<h2>T\u00f6m\u00edt\u00e9s \u00e9s ken\u00e9s<\/h2>\n<p>K\u00fcl\u00f6nb\u00f6z\u0151 t\u00f6m\u00edt\u00e9seket haszn\u00e1lnak, p\u00e9ld\u00e1ul dugatty\u00fat\u00f6m\u00edt\u00e9seket \u00e9s r\u00fadt\u00f6m\u00edt\u00e9seket, amelyek kop\u00e1s\u00e1ll\u00f3 anyagokb\u00f3l, p\u00e9ld\u00e1ul poliuret\u00e1nb\u00f3l \u00e9s nitrilgumib\u00f3l k\u00e9sz\u00fclnek. A hengertestet \u00e9s a menetes v\u00e9gfel\u00fcletet finoman megmunk\u00e1lj\u00e1k a kop\u00e1s\u00e1ll\u00f3s\u00e1g jav\u00edt\u00e1sa \u00e9rdek\u00e9ben. A ken\u00e9shez rendszeres hidraulikaolaj hozz\u00e1ad\u00e1sa sz\u00fcks\u00e9ges.<\/p>\n<h2>Karbantart\u00e1s \u00e9s jav\u00edt\u00e1s<\/h2>\n<p>A serleghenger megfelel\u0151 m\u0171k\u00f6d\u00e9s\u00e9nek biztos\u00edt\u00e1sa \u00e9rdek\u00e9ben rendszeres karbantart\u00e1st \u00e9s megel\u0151z\u0151 int\u00e9zked\u00e9seket kell v\u00e9gezni. A gyakori karbantart\u00e1si feladatok a k\u00f6vetkez\u0151k:<\/p>\n<ul>\n<li>Id\u0151szakos ellen\u0151rz\u00e9s<\/li>\n<li>Megfelel\u0151 ken\u00e9s<\/li>\n<li>T\u00f6m\u00edt\u00e9s csere<\/li>\n<li>Kalibr\u00e1ci\u00f3s ellen\u0151rz\u00e9s<\/li>\n<\/ul>\n<p>A megfelel\u0151 beszerel\u00e9s elengedhetetlen a henger hossz\u00fa \u00e9lettartam\u00e1nak biztos\u00edt\u00e1s\u00e1hoz. Javasolt a megfelel\u0151 r\u00f6gz\u00edt\u0151konzolok haszn\u00e1lata a henger stabilit\u00e1sa \u00e9s be\u00e1ll\u00edt\u00e1sa \u00e9rdek\u00e9ben, valamint az aj\u00e1nlott ellen\u0151rz\u00e9si, jav\u00edt\u00e1si \u00e9s csereelj\u00e1r\u00e1sok betart\u00e1sa. Az alkatr\u00e9szcsere \u00e9s -fel\u00faj\u00edt\u00e1si szolg\u00e1ltat\u00e1sok ig\u00e9nybe vehet\u0151k a serleghenger \u00e9lettartam\u00e1nak n\u00f6vel\u00e9se \u00e9rdek\u00e9ben.<\/p>\n<p><img decoding=\"async\" src=\"https:\/\/www.hydraulic-cylinders.net\/wp-content\/uploads\/2025\/01\/songte-chushion-collar.webp\" alt=\"Hidraulikus henger jav\u00edt\u00e1si k\u00e9p\"><\/p>\n<h2>Biztons\u00e1gi szempontok \u00e9s k\u00f6rnyezeti t\u00e9nyez\u0151k<\/h2>\n<p>A biztons\u00e1g kiemelked\u0151 fontoss\u00e1g\u00fa a hidraulikus g\u00e9pek kezel\u00e9sekor. A megfelel\u0151 k\u00e9pz\u00e9s \u00e9s a biztons\u00e1gi int\u00e9zked\u00e9sek betart\u00e1sa elengedhetetlen a balesetek \u00e9s s\u00e9r\u00fcl\u00e9sek elker\u00fcl\u00e9se \u00e9rdek\u00e9ben.<\/p>\n<p><img decoding=\"async\" src=\"https:\/\/hzpt.com\/wp-content\/uploads\/2024\/11\/songte-company-1.webp\" alt=\"Hidraulikus biztons\u00e1gi k\u00e9p\"><\/p>\n<h2>Hibadiagn\u00f3zis \u00e9s hibaelh\u00e1r\u00edt\u00e1s<\/h2>\n<p>A kan\u00e1lhengerek gyakori hib\u00e1i k\u00f6z\u00e9 tartozik a sziv\u00e1rg\u00e1s, az el\u00e9gtelen nyom\u00e1s \u00e9s a lass\u00fa m\u0171k\u00f6d\u00e9s. Hibaelh\u00e1r\u00edt\u00e1si tippek \u00e9s megold\u00e1sok \u00e1llnak rendelkez\u00e9sre a probl\u00e9m\u00e1k diagnosztiz\u00e1l\u00e1s\u00e1hoz \u00e9s megold\u00e1s\u00e1hoz, valamint megel\u0151z\u0151 int\u00e9zked\u00e9sek a lehets\u00e9ges probl\u00e9m\u00e1k minimaliz\u00e1l\u00e1s\u00e1ra.<\/p>\n<p><img decoding=\"async\" src=\"https:\/\/www.hydraulic-cylinders.net\/wp-content\/uploads\/2025\/01\/songte-bushings-with-all-kinds-of-excavator-models.webp\" alt=\"Hidraulikus henger hibaelh\u00e1r\u00edt\u00e1si k\u00e9pe\"><\/p>\n<h2>C\u00e9g\u00fcnkr\u0151l<\/h2>\n<p>Cserehidraulikus hengerek gy\u00e1rt\u00f3ja vagyunk. \u00c1tfog\u00f3 term\u00e9kk\u00edn\u00e1latunknak k\u00f6sz\u00f6nhet\u0151en a hidraulikus hengerek egyik vezet\u0151 gy\u00e1rt\u00f3ja \u00e9s nagykereskedelmi forgalmaz\u00f3ja vagyunk mind a hazai, mind a nemzetk\u00f6zi piacokon. A kiv\u00e1l\u00f3 min\u0151s\u00e9g elv\u00e9t k\u00f6vetj\u00fck, \u00e9s egy kifinomult gy\u00e1rt\u00f3m\u0171hely termel\u00e9sir\u00e1ny\u00edt\u00e1si strat\u00e9gi\u00e1j\u00e1ra t\u00e1maszkodunk. M\u0171hely\u00fcnk gy\u00e1rt\u00e1si platformj\u00e1t folyamatosan fejlesztj\u00fck k\u00e9pzett m\u0171szaki szem\u00e9lyzet, digit\u00e1lis, cs\u00facskateg\u00f3ri\u00e1s gy\u00e1rt\u00f3berendez\u00e9sek \u00e9s professzion\u00e1lis tesztel\u0151rendszerek alkalmaz\u00e1s\u00e1val. Er\u0151s kreat\u00edv k\u00e9pess\u00e9gekkel rendelkez\u00fcnk, \u00e9s nagy hat\u00e9konys\u00e1ggal, nagy pontoss\u00e1ggal \u00e9s kiv\u00e1l\u00f3 min\u0151s\u00e9g\u0171 term\u00e9kekkel el\u00e9g\u00edtj\u00fck ki az \u00fcgyfelek ig\u00e9nyeit. <\/p>\n<p><img decoding=\"async\" src=\"https:\/\/www.hydraulic-cylinders.net\/wp-content\/uploads\/2025\/01\/songte-company-3.webp\" alt=\"C\u00e9g\u00fcnk im\u00e1zsa\"><\/p>\n<h3>Szakmaiass\u00e1g<\/h3>\n<p>Professzion\u00e1lis m\u0171szaki szem\u00e9lyzettel \u00e9s korszer\u0171 gy\u00e1rt\u00f3berendez\u00e9sekkel rendelkez\u00fcnk term\u00e9keink magas min\u0151s\u00e9g\u00e9nek biztos\u00edt\u00e1sa \u00e9rdek\u00e9ben.<\/p>\n<h3>Nemzetk\u00f6zi tan\u00fas\u00edtv\u00e1nyok<\/h3>\n<p>Term\u00e9keink sz\u00e1mos nemzetk\u00f6zi tan\u00fas\u00edtv\u00e1nyon, p\u00e9ld\u00e1ul ISO, CE \u00e9s SGS min\u0151s\u00edt\u00e9sen estek \u00e1t.<\/p>\n<h3>Testreszab\u00e1si szolg\u00e1ltat\u00e1s<\/h3>\n<p>Testreszabott szolg\u00e1ltat\u00e1sokat ny\u00fajtunk, hogy kiel\u00e9g\u00edts\u00fck az \u00fcgyfelek k\u00fcl\u00f6nb\u00f6z\u0151 ig\u00e9nyeit.<\/p>\n<h3>Termel\u00e9si berendez\u00e9sek<\/h3>\n<p>Korszer\u0171 CNC v\u00e1g\u00f3g\u00e9pekkel, CNC eszterg\u00e1kkal \u00e9s egy\u00e9b cs\u00facskateg\u00f3ri\u00e1s berendez\u00e9sekkel rendelkez\u00fcnk, amelyek szil\u00e1rd alapot biztos\u00edtanak termel\u00e9si min\u0151s\u00e9g\u00fcnkh\u00f6z.<\/p>\n<h3>\u00c9rt\u00e9kes\u00edt\u00e9s ut\u00e1ni szolg\u00e1ltat\u00e1s<\/h3>\n<p>\u00c1tfog\u00f3 \u00e9rt\u00e9kes\u00edt\u00e9s ut\u00e1ni szolg\u00e1ltat\u00e1st \u00e9s m\u0171szaki t\u00e1mogat\u00e1st ny\u00fajtunk az \u00fcgyfelek el\u00e9gedetts\u00e9g\u00e9nek biztos\u00edt\u00e1sa \u00e9rdek\u00e9ben.<\/p>\n<p>Szerz\u0151: lyl<\/p>","protected":false},"excerpt":{"rendered":"<p>Bucket Cylinder For Hyundai Middle Excavator R260LC-7 Introduction Definition A bucket cylinder is a specially designed hydraulic cylinder that is primarily used to control the movement of the bucket in heavy machinery such as excavators, backhoes, and front-end loaders. Its primary function is to allow the bucket to be lifted, lowered, and tilted, making it [&hellip;]<\/p>","protected":false},"featured_media":14773,"comment_status":"open","ping_status":"closed","template":"","meta":{"_et_pb_use_builder":"","_et_pb_old_content":"","_et_gb_content_width":""},"product_brand":[],"product_cat":[1494],"product_tag":[1495,1496],"class_list":{"0":"post-15321","1":"product","2":"type-product","3":"status-publish","4":"has-post-thumbnail","6":"product_cat-bucket-cylinders","7":"product_tag-bucket-cylinders","8":"product_tag-hydraulic-cylinders","10":"first","11":"instock","12":"shipping-taxable","13":"product-type-simple"},"amp_enabled":true,"_links":{"self":[{"href":"https:\/\/www.hydraulic-cylinders.net\/hu\/wp-json\/wp\/v2\/product\/15321","targetHints":{"allow":["GET"]}}],"collection":[{"href":"https:\/\/www.hydraulic-cylinders.net\/hu\/wp-json\/wp\/v2\/product"}],"about":[{"href":"https:\/\/www.hydraulic-cylinders.net\/hu\/wp-json\/wp\/v2\/types\/product"}],"replies":[{"embeddable":true,"href":"https:\/\/www.hydraulic-cylinders.net\/hu\/wp-json\/wp\/v2\/comments?post=15321"}],"wp:featuredmedia":[{"embeddable":true,"href":"https:\/\/www.hydraulic-cylinders.net\/hu\/wp-json\/wp\/v2\/media\/14773"}],"wp:attachment":[{"href":"https:\/\/www.hydraulic-cylinders.net\/hu\/wp-json\/wp\/v2\/media?parent=15321"}],"wp:term":[{"taxonomy":"product_brand","embeddable":true,"href":"https:\/\/www.hydraulic-cylinders.net\/hu\/wp-json\/wp\/v2\/product_brand?post=15321"},{"taxonomy":"product_cat","embeddable":true,"href":"https:\/\/www.hydraulic-cylinders.net\/hu\/wp-json\/wp\/v2\/product_cat?post=15321"},{"taxonomy":"product_tag","embeddable":true,"href":"https:\/\/www.hydraulic-cylinders.net\/hu\/wp-json\/wp\/v2\/product_tag?post=15321"}],"curies":[{"name":"munkaf\u00fczet","href":"https:\/\/api.w.org\/{rel}","templated":true}]}}