{"id":15342,"date":"2025-01-19T14:24:34","date_gmt":"2025-01-19T14:24:34","guid":{"rendered":"https:\/\/www.hydraulic-cylinders.net\/product\/bucket-cylinder-for-kobelco-small-excavator-sk45\/"},"modified":"2025-01-19T14:24:36","modified_gmt":"2025-01-19T14:24:36","slug":"bucket-cylinder-for-kobelco-small-excavator-sk45","status":"publish","type":"product","link":"https:\/\/www.hydraulic-cylinders.net\/hu\/termek\/bucket-cylinder-for-kobelco-small-excavator-sk45\/","title":{"rendered":"Kan\u00e1lhenger Kobelco kis kotr\u00f3g\u00e9phez SK45"},"content":{"rendered":"<h1>Kan\u00e1lhenger Kobelco kis kotr\u00f3g\u00e9phez SK45<\/h1>\n<h2>Bevezet\u00e9s<\/h2>\n<p>A Kobelco SK45 kis kotr\u00f3g\u00e9p kan\u00e1lhengere egy speci\u00e1lis hidraulikus henger, amelyet neh\u00e9zg\u00e9pek, p\u00e9ld\u00e1ul kotr\u00f3g\u00e9pek, kotr\u00f3rakod\u00f3k \u00e9s homlokrakod\u00f3k kan\u00e1lmozg\u00e1s\u00e1nak vez\u00e9rl\u00e9s\u00e9re haszn\u00e1lnak. F\u0151 funkci\u00f3ja a kan\u00e1l emel\u00e9se, s\u00fcllyeszt\u00e9se \u00e9s billent\u00e9se, ami megk\u00f6nny\u00edti a k\u00fcl\u00f6nf\u00e9le anyagmozgat\u00e1si feladatok elv\u00e9gz\u00e9s\u00e9t. A hidraulikus rendszerben a kan\u00e1lhenger a hidraulikaolaj nyom\u00e1sa seg\u00edts\u00e9g\u00e9vel vez\u00e9rli a kan\u00e1l pontos mozg\u00e1s\u00e1t, lehet\u0151v\u00e9 t\u00e9ve a kezel\u0151 sz\u00e1m\u00e1ra, hogy hat\u00e9konyan kezelje a neh\u00e9z terheket, \u00e9s alkalmazkodjon az \u00f6sszetett munkak\u00f6rnyezetekhez \u00e9s a v\u00e1ltozatos munkak\u00f6vetelm\u00e9nyekhez.<\/p>\n<p><img decoding=\"async\" src=\"https:\/\/www.hydraulic-cylinders.net\/wp-content\/uploads\/2025\/01\/songte-company-2.webp\"><\/p>\n<h2>Jellemz\u0151k<\/h2>\n<ul>\n<li>Nagy szil\u00e1rds\u00e1g \u00e9s tart\u00f3ss\u00e1g: \u00c1ltal\u00e1ban nagy szil\u00e1rds\u00e1g\u00fa ac\u00e9lb\u00f3l vagy alum\u00edniumb\u00f3l k\u00e9sz\u00fcl, \u00edgy ellen\u00e1ll a nagy nyom\u00e1snak \u00e9s a nagy terhel\u00e9seknek, alkalmazkodva a zord munkak\u00f6rnyezethez. Kop\u00e1s\u00e1ll\u00f3s\u00e1got \u00e9s korr\u00f3zi\u00f3\u00e1ll\u00f3s\u00e1got szem el\u0151tt tartva tervezt\u00e9k, meghosszabb\u00edtva \u00e9lettartam\u00e1t.<\/li>\n<li>Hat\u00e9kony hidraulikus m\u0171k\u00f6d\u00e9s: A hidraulikaolaj nyom\u00e1sa sima kitol\u00e1st \u00e9s visszah\u00faz\u00e1st tesz lehet\u0151v\u00e9, ami gyors reag\u00e1l\u00e1st tesz lehet\u0151v\u00e9 a vez\u00e9rl\u0151parancsokra, er\u0151teljes tol\u00f3- \u00e9s h\u00faz\u00f3er\u0151t biztos\u00edtva, alkalmas neh\u00e9z terhek \u00e9s \u00f6sszetett feladatok kezel\u00e9s\u00e9re.<\/li>\n<li>K\u00fcl\u00f6nb\u00f6z\u0151 t\u00edpusok: Az egyir\u00e1ny\u00fa hidraulikus m\u0171k\u00f6dtet\u00e9s\u0171) vagy k\u00e9tir\u00e1ny\u00fa (mindk\u00e9t ir\u00e1ny\u00fa hidraulikus m\u0171k\u00f6dtet\u00e9s\u0171) hengerek a k\u00f6vetelm\u00e9nyeknek megfelel\u0151en v\u00e1laszthat\u00f3k ki, hogy megfeleljenek a k\u00fcl\u00f6nb\u00f6z\u0151 m\u0171k\u00f6d\u00e9si ig\u00e9nyeknek. Egyes modellek teleszk\u00f3posak, \u00edgy nagyobb kiny\u00fal\u00e1st tesznek lehet\u0151v\u00e9 a k\u00fcls\u0151 m\u00e9ret n\u00f6vel\u00e9se n\u00e9lk\u00fcl, \u00edgy alkalmasak korl\u00e1tozott helykihaszn\u00e1l\u00e1s\u00fa alkalmaz\u00e1sokhoz.<\/li>\n<li>T\u00f6k\u00e9letes csere: Term\u00e9keink t\u00f6k\u00e9letesen helyettes\u00edthetik ezeket a hidraulikus hengereket.<\/li>\n<\/ul>\n<p><img decoding=\"async\" src=\"https:\/\/www.hydraulic-cylinders.net\/wp-content\/uploads\/2025\/01\/songte-cylinder-head-with-all-kinds-excavator-models.webp\"><\/p>\n<h2>Alkalmaz\u00e1sok<\/h2>\n<p>A Kobelco SK45 kis kotr\u00f3g\u00e9p kan\u00e1lhenger\u00e9t sz\u00e9les k\u00f6rben haszn\u00e1lj\u00e1k k\u00fcl\u00f6nf\u00e9le neh\u00e9zg\u00e9pekben, p\u00e9ld\u00e1ul:<\/p>\n<ul>\n<li>\u00c9p\u00edt\u0151ipari berendez\u00e9sek: A kotr\u00f3g\u00e9pek sz\u00e1m\u00e1ra elengedhetetlen a talaj vagy t\u00f6rmel\u00e9k \u00e1s\u00e1sa, rakod\u00e1sa \u00e9s mozgat\u00e1sa. A kotr\u00f3g\u00e9pekn\u00e9l a kan\u00e1lhenger seg\u00edt mind az \u00e1s\u00e1sban, mind az emel\u00e9sben. <\/li>\n<li>Mez\u0151gazdas\u00e1gi g\u00e9pek: Homlokrakod\u00f3kban haszn\u00e1lj\u00e1k talaj, sz\u00e9na \u00e9s egy\u00e9b anyagok mer\u00e9s\u00e9re, emel\u00e9s\u00e9re \u00e9s sz\u00e1ll\u00edt\u00e1s\u00e1ra. Kotr\u00f3g\u00e9pekben a kan\u00e1lhenger lehet\u0151v\u00e9 teszi az \u00e1s\u00e1st az\u00e1ltal, hogy lehet\u0151v\u00e9 teszi a kan\u00e1l talajba hatol\u00e1s\u00e1t. Homlokrakod\u00f3kban hat\u00e9konyan seg\u00edtik a rakom\u00e1ny emel\u00e9s\u00e9t \u00e9s \u00fcr\u00edt\u00e9s\u00e9t.<\/li>\n<\/ul>\n<h2>Tervez\u00e9si szempontok \u00e9s kiv\u00e1laszt\u00e1si szabv\u00e1nyok<\/h2>\n<ul>\n<li>Teherb\u00edr\u00e1s: A kan\u00e1lhengert \u00fagy kell megtervezni, hogy ellen\u00e1lljon a nagy nyom\u00e1snak \u00e9s a neh\u00e9z terhel\u00e9seknek.<\/li>\n<li>T\u00f6m\u00edt\u00e9s: K\u00fcl\u00f6nb\u00f6z\u0151 t\u00f6m\u00edt\u0151elemeket, p\u00e9ld\u00e1ul dugatty\u00fat\u00f6m\u00edt\u00e9seket \u00e9s r\u00fadt\u00f6m\u00edt\u00e9seket kell haszn\u00e1lni, \u00e9s ezeknek kop\u00e1s\u00e1ll\u00f3 anyagokb\u00f3l, p\u00e9ld\u00e1ul poliuret\u00e1nb\u00f3l \u00e9s nitrilgumib\u00f3l kell k\u00e9sz\u00fclni\u00fck.<\/li>\n<li>Tart\u00f3ss\u00e1g: A hengertestet \u00e9s a menetes v\u00e9gfel\u00fcletet finoman meg kell munk\u00e1lni a kop\u00e1s\u00e1ll\u00f3s\u00e1g jav\u00edt\u00e1sa \u00e9rdek\u00e9ben. <\/li>\n<li>Biztons\u00e1g: A v\u00f6d\u00f6rhengert a biztons\u00e1g szem el\u0151tt tart\u00e1s\u00e1val kell megtervezni, biztons\u00e1gi mechanizmusokkal, p\u00e9ld\u00e1ul nyom\u00e1scs\u00f6kkent\u0151 szelepekkel, \u00e9s megfelel\u0151 v\u00e9delemmel a mozg\u00f3 alkatr\u00e9szek k\u00f6r\u00fcl a s\u00e9r\u00fcl\u00e9sek megel\u0151z\u00e9se \u00e9rdek\u00e9ben. <\/li>\n<li>Karbantart\u00e1s: A hengert \u00fagy kell kialak\u00edtani, hogy k\u00f6nnyen \u00f6sszeszerelhet\u0151 \u00e9s sz\u00e9tszerelhet\u0151 legyen, k\u00f6nnyen cser\u00e9lhet\u0151 alkatr\u00e9szekkel \u00e9s k\u00f6nnyen tiszt\u00edthat\u00f3 fel\u00fcletekkel a karbantart\u00e1s megk\u00f6nny\u00edt\u00e9se \u00e9rdek\u00e9ben.<\/li>\n<\/ul>\n<p><img decoding=\"async\" src=\"https:\/\/www.hydraulic-cylinders.net\/wp-content\/uploads\/2025\/01\/songte-oil-pipes-and-spare-parts.webp\"><\/p>\n<h2>T\u00f6m\u00edt\u00e9s \u00e9s ken\u00e9s<\/h2>\n<p>A kan\u00e1lhengernek k\u00fcl\u00f6nf\u00e9le t\u00f6m\u00edt\u0151elemeket kell haszn\u00e1lnia, p\u00e9ld\u00e1ul dugatty\u00fat\u00f6m\u00edt\u00e9seket \u00e9s r\u00fadt\u00f6m\u00edt\u00e9seket, amelyek kop\u00e1s\u00e1ll\u00f3 anyagokb\u00f3l, p\u00e9ld\u00e1ul poliuret\u00e1nb\u00f3l \u00e9s nitrilgumib\u00f3l k\u00e9sz\u00fclnek. A henger j\u00f3 \u00fczem\u00e1llapot\u00e1nak meg\u0151rz\u00e9s\u00e9hez rendszeres ken\u00e9s sz\u00fcks\u00e9ges megfelel\u0151 mennyis\u00e9g\u0171 hidraulikaolajjal.<\/p>\n<h2>Karbantart\u00e1s \u00e9s jav\u00edt\u00e1s<\/h2>\n<p>A rendszeres karbantart\u00e1si feladatok k\u00f6z\u00e9 tartozik a rendszeres ellen\u0151rz\u00e9s, a megfelel\u0151 ken\u00e9s \u00e9s az elkopott t\u00f6m\u00edt\u00e9sek id\u0151ben t\u00f6rt\u00e9n\u0151 cser\u00e9je. A megfelel\u0151 beszerel\u00e9s, ken\u00e9s \u00e9s be\u00e1ll\u00edt\u00e1s elengedhetetlen a Kobelco SK45 kis kotr\u00f3g\u00e9p kan\u00e1lhenger\u00e9nek haszn\u00e1lat\u00e1hoz.<\/p>\n<ul>\n<li>Rendszeres ellen\u0151rz\u00e9s: Rendszeres ellen\u0151rz\u00e9ssel kell biztos\u00edtani a palack j\u00f3 m\u0171k\u00f6d\u00e9si \u00e1llapot\u00e1t, \u00e9s az elkopott alkatr\u00e9szeket halad\u00e9ktalanul ki kell cser\u00e9lni.<\/li>\n<li>Megfelel\u0151 ken\u00e9s: A henger zavartalan m\u0171k\u00f6d\u00e9s\u00e9nek biztos\u00edt\u00e1sa \u00e9rdek\u00e9ben rendszeres id\u0151k\u00f6z\u00f6nk\u00e9nt kenni kell. <\/li>\n<li>T\u00f6m\u00edt\u00e9scsere \u00e9s kalibr\u00e1l\u00e1s ellen\u0151rz\u00e9se: Az elkopott t\u00f6m\u00edt\u00e9seket azonnal ki kell cser\u00e9lni az olajsziv\u00e1rg\u00e1s megel\u0151z\u00e9se \u00e9rdek\u00e9ben. A kalibr\u00e1l\u00e1st rendszeresen el kell v\u00e9gezni annak biztos\u00edt\u00e1sa \u00e9rdek\u00e9ben, hogy a kan\u00e1lhenger megfelel\u0151en m\u0171k\u00f6dj\u00f6n. <\/li>\n<\/ul>\n<p><img decoding=\"async\" src=\"https:\/\/www.hydraulic-cylinders.net\/wp-content\/uploads\/2025\/01\/songte-chushion-collar.webp\"><\/p>\n<h2>Biztons\u00e1gi szempontok \u00e9s k\u00f6rnyezeti t\u00e9nyez\u0151k<\/h2>\n<p>A serlegtart\u00f3 haszn\u00e1lata sor\u00e1n biztons\u00e1gi int\u00e9zked\u00e9seket kell tenni a s\u00e9r\u00fcl\u00e9sek elker\u00fcl\u00e9se \u00e9rdek\u00e9ben. A kezel\u0151 \u00e9s a t\u00f6bbi szem\u00e9lyzet biztons\u00e1ga \u00e9rdek\u00e9ben elengedhetetlen a gy\u00e1rt\u00f3 utas\u00edt\u00e1sainak betart\u00e1sa a telep\u00edt\u00e9ssel, haszn\u00e1lattal, karbantart\u00e1ssal \u00e9s jav\u00edt\u00e1ssal kapcsolatban. A serlegtart\u00f3 kiv\u00e1laszt\u00e1sakor \u00e9s haszn\u00e1latakor a k\u00f6rnyezeti t\u00e9nyez\u0151ket, p\u00e9ld\u00e1ul a h\u0151m\u00e9rs\u00e9kletet \u00e9s a p\u00e1ratartalmat is figyelembe kell venni.<\/p>\n<h2>Hibaelh\u00e1r\u00edt\u00e1s \u00e9s gyakori probl\u00e9m\u00e1k<\/h2>\n<p>A kan\u00e1lhenger gyakori probl\u00e9m\u00e1i k\u00f6z\u00e9 tartozik az olajsziv\u00e1rg\u00e1s, a lass\u00fa m\u0171k\u00f6d\u00e9s \u00e9s a cs\u00f6kkent teljes\u00edtm\u00e9ny. Alapvet\u0151 fontoss\u00e1g\u00fa a probl\u00e9ma helyes diagnosztiz\u00e1l\u00e1sa \u00e9s a megfelel\u0151 int\u00e9zked\u00e9sek megt\u00e9tele a megold\u00e1s\u00e1ra. Javasoljuk, hogy a probl\u00e9m\u00e1k megold\u00e1sa \u00e9rdek\u00e9ben forduljon a gy\u00e1rt\u00f3hoz vagy egy szakk\u00e9pzett szakemberhez.<\/p>\n<ul>\n<li>Olajsziv\u00e1rg\u00e1s: Ellen\u0151rizze a t\u00f6m\u00edt\u00e9st, \u00e9s sz\u00fcks\u00e9g eset\u00e9n cser\u00e9lje ki. Gy\u0151z\u0151dj\u00f6n meg arr\u00f3l, hogy a henger tiszta \u00e9s t\u00f6rmel\u00e9kmentes.<\/li>\n<li>Lass\u00fa m\u0171k\u00f6d\u00e9s: Ellen\u0151rizze a hidraulikaolaj szintj\u00e9t \u00e9s min\u0151s\u00e9g\u00e9t. Sz\u00fcks\u00e9g eset\u00e9n cser\u00e9lje ki az olajat. Ellen\u0151rizze a hidraulikarendszert, hogy nincs-e elt\u00f6m\u0151d\u00e9s vagy s\u00e9r\u00fcl\u00e9s. <\/li>\n<li>Cs\u00f6kkent teljes\u00edtm\u00e9ny: Ellen\u0151rizze a hengert s\u00e9r\u00fcl\u00e9s vagy kop\u00e1s szempontj\u00e1b\u00f3l. Sz\u00fcks\u00e9g eset\u00e9n cser\u00e9lje ki az alkatr\u00e9szeket.<\/li>\n<\/ul>\n<p><img decoding=\"async\" src=\"https:\/\/www.hydraulic-cylinders.net\/wp-content\/uploads\/2025\/01\/songte-bushings-with-all-kinds-of-excavator-models.webp\"><\/p>\n<h2>C\u00e9g\u00fcnkr\u0151l<\/h2>\n<p>A hidraulikus hengerek vezet\u0151 gy\u00e1rt\u00f3i \u00e9s nagykereskedelmi forgalmaz\u00f3i vagyunk a hazai \u00e9s a nemzetk\u00f6zi piacon. C\u00e9g\u00fcnk a hidraulikus hengerek teljes v\u00e1laszt\u00e9k\u00e1t k\u00edn\u00e1lja, a kiv\u00e1l\u00f3 min\u0151s\u00e9g elv\u00e9t k\u00f6veti, \u00e9s folyamatosan fejleszti term\u00e9kei min\u0151s\u00e9g\u00e9t \u00e9s termel\u00e9si hat\u00e9konys\u00e1g\u00e1t. Term\u00e9keinket szakemberekb\u0151l \u00e1ll\u00f3 csapat \u00e9s a legmodernebb berendez\u00e9sek gy\u00e1rtj\u00e1k, a testreszabhat\u00f3s\u00e1gra \u00e9s az \u00fcgyf\u00e9l-el\u00e9gedetts\u00e9gre \u00f6sszpontos\u00edtva.<\/p>\n<ul>\n<li>Professzionalizmus: Szakemberekb\u0151l \u00e1ll\u00f3 csapatunk t\u00f6bb \u00e9ves tapasztalattal rendelkezik hidraulikus hengerek tervez\u00e9s\u00e9ben \u00e9s gy\u00e1rt\u00e1s\u00e1ban. <\/li>\n<li>Nemzetk\u00f6zi min\u0151s\u00edt\u00e9s: Term\u00e9keink rendelkeznek nemzetk\u00f6zi min\u0151s\u00edt\u00e9sekkel, mint p\u00e9ld\u00e1ul az ISO9001 \u00e9s a CE.<\/li>\n<li>Testreszab\u00e1s: Testreszab\u00e1si szolg\u00e1ltat\u00e1sokat k\u00edn\u00e1lunk \u00fcgyfeleink egyedi ig\u00e9nyeinek kiel\u00e9g\u00edt\u00e9s\u00e9re.<\/li>\n<li>Gy\u00e1rt\u00f3berendez\u00e9sek: Korszer\u0171 gy\u00e1rt\u00f3berendez\u00e9sekkel rendelkez\u00fcnk annak \u00e9rdek\u00e9ben, hogy term\u00e9keink megfeleljenek a legmagasabb min\u0151s\u00e9gi el\u0151\u00edr\u00e1soknak. <\/li>\n<li>\u00c9rt\u00e9kes\u00edt\u00e9s ut\u00e1ni szolg\u00e1ltat\u00e1s: \u00c1tfog\u00f3 \u00e9rt\u00e9kes\u00edt\u00e9s ut\u00e1ni szolg\u00e1ltat\u00e1st k\u00edn\u00e1lunk az \u00fcgyfelek el\u00e9gedetts\u00e9g\u00e9nek \u00e9s a term\u00e9k teljes\u00edtm\u00e9ny\u00e9nek biztos\u00edt\u00e1sa \u00e9rdek\u00e9ben.<\/li>\n<\/ul>\n<p><img decoding=\"async\" src=\"https:\/\/hzpt.com\/wp-content\/uploads\/2024\/11\/songte-company-1.webp\"><\/p>\n<p><em>Szerz\u0151: lyl<\/em><\/p>","protected":false},"excerpt":{"rendered":"<p>Bucket Cylinder For Kobelco Small Excavator SK45 Introduction A bucket cylinder for Kobelco small excavator SK45 is a specialized hydraulic cylinder used to control the movement of the bucket in heavy machinery such as excavators, backhoe loaders, and front loaders. Its main function is to lift, lower, and tilt the bucket, making it easier to [&hellip;]<\/p>","protected":false},"featured_media":14789,"comment_status":"open","ping_status":"closed","template":"","meta":{"_et_pb_use_builder":"","_et_pb_old_content":"","_et_gb_content_width":""},"product_brand":[],"product_cat":[1494],"product_tag":[1495,1496],"class_list":{"0":"post-15342","1":"product","2":"type-product","3":"status-publish","4":"has-post-thumbnail","6":"product_cat-bucket-cylinders","7":"product_tag-bucket-cylinders","8":"product_tag-hydraulic-cylinders","10":"first","11":"instock","12":"shipping-taxable","13":"product-type-simple"},"amp_enabled":true,"_links":{"self":[{"href":"https:\/\/www.hydraulic-cylinders.net\/hu\/wp-json\/wp\/v2\/product\/15342","targetHints":{"allow":["GET"]}}],"collection":[{"href":"https:\/\/www.hydraulic-cylinders.net\/hu\/wp-json\/wp\/v2\/product"}],"about":[{"href":"https:\/\/www.hydraulic-cylinders.net\/hu\/wp-json\/wp\/v2\/types\/product"}],"replies":[{"embeddable":true,"href":"https:\/\/www.hydraulic-cylinders.net\/hu\/wp-json\/wp\/v2\/comments?post=15342"}],"wp:featuredmedia":[{"embeddable":true,"href":"https:\/\/www.hydraulic-cylinders.net\/hu\/wp-json\/wp\/v2\/media\/14789"}],"wp:attachment":[{"href":"https:\/\/www.hydraulic-cylinders.net\/hu\/wp-json\/wp\/v2\/media?parent=15342"}],"wp:term":[{"taxonomy":"product_brand","embeddable":true,"href":"https:\/\/www.hydraulic-cylinders.net\/hu\/wp-json\/wp\/v2\/product_brand?post=15342"},{"taxonomy":"product_cat","embeddable":true,"href":"https:\/\/www.hydraulic-cylinders.net\/hu\/wp-json\/wp\/v2\/product_cat?post=15342"},{"taxonomy":"product_tag","embeddable":true,"href":"https:\/\/www.hydraulic-cylinders.net\/hu\/wp-json\/wp\/v2\/product_tag?post=15342"}],"curies":[{"name":"munkaf\u00fczet","href":"https:\/\/api.w.org\/{rel}","templated":true}]}}