{"id":15343,"date":"2025-01-19T14:24:39","date_gmt":"2025-01-19T14:24:39","guid":{"rendered":"https:\/\/www.hydraulic-cylinders.net\/product\/bucket-cylinder-for-kobelco-small-excavator-sk60-c\/"},"modified":"2025-01-19T14:24:40","modified_gmt":"2025-01-19T14:24:40","slug":"bucket-cylinder-for-kobelco-small-excavator-sk60-c","status":"publish","type":"product","link":"https:\/\/www.hydraulic-cylinders.net\/hu\/termek\/bucket-cylinder-for-kobelco-small-excavator-sk60-c\/","title":{"rendered":"Kan\u00e1lhenger Kobelco kis kotr\u00f3g\u00e9phez SK60-C"},"content":{"rendered":"<h1>Kan\u00e1lhenger Kobelco kis kotr\u00f3g\u00e9phez SK60-C<\/h1>\n<h2>Bevezet\u00e9s<\/h2>\n<h3>Meghat\u00e1roz\u00e1s<\/h3>\n<p>A kan\u00e1lhenger egy speci\u00e1lisan tervezett hidraulikus henger, amelyet neh\u00e9zg\u00e9pek, p\u00e9ld\u00e1ul kotr\u00f3g\u00e9pek, kotr\u00f3rakod\u00f3k \u00e9s homlokrakod\u00f3k kan\u00e1lj\u00e1nak mozg\u00e1s\u00e1nak vez\u00e9rl\u00e9s\u00e9re haszn\u00e1lnak. Els\u0151dleges funkci\u00f3ja a kan\u00e1l emel\u00e9se, s\u00fcllyeszt\u00e9se \u00e9s billent\u00e9se, megk\u00f6nny\u00edtve a k\u00fcl\u00f6nf\u00e9le anyagok kezel\u00e9s\u00e9t. A hidraulikus rendszerben a kan\u00e1lhenger a hidraulikaolaj nyom\u00e1s\u00e1nak v\u00e1ltoztat\u00e1s\u00e1val prec\u00edzen szab\u00e1lyozza a kan\u00e1l mozg\u00e1s\u00e1t, lehet\u0151v\u00e9 t\u00e9ve a kezel\u0151 sz\u00e1m\u00e1ra, hogy hat\u00e9konyan kezelje a neh\u00e9z terheket, \u00e9s alkalmazkodjon az \u00f6sszetett munkak\u00f6r\u00fclm\u00e9nyekhez \u00e9s a v\u00e1ltozatos \u00fczemeltet\u00e9si k\u00f6vetelm\u00e9nyekhez.<\/p>\n<p><img decoding=\"async\" src=\"https:\/\/www.hydraulic-cylinders.net\/wp-content\/uploads\/2025\/01\/songte-company-2.webp\" alt=\"V\u00f6d\u00f6r henger k\u00e9pe\"><\/p>\n<h2>Jellemz\u0151k<\/h2>\n<ul>\n<li><strong>Nagy szil\u00e1rds\u00e1g \u00e9s tart\u00f3ss\u00e1g:<\/strong> \u00c1ltal\u00e1ban nagy szil\u00e1rds\u00e1g\u00fa ac\u00e9lb\u00f3l vagy alum\u00edniumb\u00f3l k\u00e9sz\u00fcl, \u00edgy ellen\u00e1ll a nagy nyom\u00e1snak \u00e9s a neh\u00e9z terhel\u00e9seknek, alkalmazkodik a zord munkak\u00f6rnyezethez, a kop\u00e1s\u00e1ll\u00f3s\u00e1got \u00e9s a korr\u00f3zi\u00f3\u00e1ll\u00f3s\u00e1got figyelembe vev\u0151 kialak\u00edt\u00e1snak k\u00f6sz\u00f6nhet\u0151en meghosszabb\u00edtja az \u00e9lettartamot.<\/li>\n<li><strong>Hat\u00e9kony hidraulikus m\u0171k\u00f6d\u00e9s:<\/strong> A hidraulikaolaj nyom\u00e1s\u00e1nak k\u00f6sz\u00f6nhet\u0151en sima kitol\u00e1st \u00e9s visszah\u00faz\u00e1st biztos\u00edt, gyorsan reag\u00e1l a vez\u00e9rl\u0151parancsokra, \u00edgy nagy teljes\u00edtm\u00e9ny\u0171 tol\u00f3- \u00e9s h\u00faz\u00f3er\u0151t biztos\u00edt, amely alkalmas neh\u00e9z terhek \u00e9s \u00f6sszetett m\u0171k\u00f6d\u00e9si feladatok kezel\u00e9s\u00e9re.<\/li>\n<li><strong>K\u00fcl\u00f6nb\u00f6z\u0151 t\u00edpusok:<\/strong> Az ig\u00e9nyeknek megfelel\u0151en egyszeres m\u0171k\u00f6d\u00e9s\u0171 (a hidraulika csak egy ir\u00e1nyban m\u0171k\u00f6dik) vagy kett\u0151s m\u0171k\u00f6d\u00e9s\u0171 (a hidraulika mindk\u00e9t ir\u00e1nyban m\u0171k\u00f6dik) hengerek v\u00e1laszthat\u00f3k ki a k\u00fcl\u00f6nb\u00f6z\u0151 m\u0171k\u00f6d\u00e9si k\u00f6vetelm\u00e9nyeknek megfelel\u0151en. Egyes modellek teleszk\u00f3posak, \u00edgy nagyobb kiny\u00fal\u00e1st tesznek lehet\u0151v\u00e9 a k\u00fcls\u0151 m\u00e9retek n\u00f6vel\u00e9se n\u00e9lk\u00fcl, \u00edgy alkalmasak korl\u00e1tozott helyig\u00e9ny\u0171 alkalmaz\u00e1sokhoz.<\/li>\n<li><strong>Felcser\u00e9lhet\u0151:<\/strong> Term\u00e9keink t\u00f6k\u00e9letesen helyettes\u00edthetik ezeket a hidraulikus hengereket.<\/li>\n<li><strong>Testreszab\u00e1s:<\/strong> Ezt a term\u00e9ket az \u00fcgyf\u00e9l specifik\u00e1ci\u00f3i szerint tudjuk legy\u00e1rtani.<\/li>\n<\/ul>\n<p><img decoding=\"async\" src=\"https:\/\/www.hydraulic-cylinders.net\/wp-content\/uploads\/2025\/01\/songte-cylinder-head-with-all-kinds-excavator-models.webp\" alt=\"V\u00f6d\u00f6rhenger csere k\u00e9p\"><\/p>\n<h2>Alkalmaz\u00e1sok<\/h2>\n<p>A kan\u00e1lhengereket sz\u00e9les k\u00f6rben haszn\u00e1lj\u00e1k k\u00fcl\u00f6nf\u00e9le neh\u00e9zg\u00e9pekben, bele\u00e9rtve:<\/p>\n<ul>\n<li>\u00c9p\u00edt\u0151ipari berendez\u00e9sek: Kotr\u00f3g\u00e9pekben elengedhetetlenek az \u00e1s\u00e1shoz, a rakod\u00e1shoz \u00e9s a talaj vagy t\u00f6rmel\u00e9k mozgat\u00e1s\u00e1hoz. Kotr\u00f3g\u00e9p-rakod\u00f3kban a kan\u00e1lhenger seg\u00edti a f\u00f6ldmunk\u00e1t \u00e9s az emel\u00e9st. <\/li>\n<li>Mez\u0151gazdas\u00e1gi g\u00e9pek: Homlokrakod\u00f3kban haszn\u00e1lj\u00e1k talaj, sz\u00e9na \u00e9s egy\u00e9b anyagok ki\u00e1s\u00e1s\u00e1ra, emel\u00e9s\u00e9re \u00e9s sz\u00e1ll\u00edt\u00e1s\u00e1ra.<\/li>\n<li>Kotr\u00f3g\u00e9pek: A kan\u00e1lhenger \u00fagy \u00e9ri el az \u00e1s\u00f3hat\u00e1st, hogy lehet\u0151v\u00e9 teszi a kan\u00e1l talajba val\u00f3 behatol\u00e1s\u00e1t.<\/li>\n<li>Homlokrakod\u00f3k: A homlokrakod\u00f3k hat\u00e9konyan seg\u00edtik az \u00e1ruk emel\u00e9s\u00e9t \u00e9s billent\u00e9s\u00e9t.<\/li>\n<\/ul>\n<h2>Tervez\u00e9si szempontok \u00e9s kiv\u00e1laszt\u00e1si krit\u00e9riumok<\/h2>\n<h3>Tervez\u00e9si szempontok<\/h3>\n<ul>\n<li><strong>Teherb\u00edr\u00e1s:<\/strong> A hengert \u00fagy kell megtervezni, hogy ellen\u00e1lljon a m\u0171k\u00f6d\u00e9s k\u00f6zben fell\u00e9p\u0151 maxim\u00e1lis terhel\u00e9snek.<\/li>\n<li><strong>T\u00f6m\u00edt\u00e9s:<\/strong> K\u00fcl\u00f6nb\u00f6z\u0151 t\u00f6m\u00edt\u0151elemeket, p\u00e9ld\u00e1ul dugatty\u00fat\u00f6m\u00edt\u00e9seket \u00e9s r\u00fadt\u00f6m\u00edt\u00e9seket kell haszn\u00e1lni a folyad\u00e9ksziv\u00e1rg\u00e1s megakad\u00e1lyoz\u00e1s\u00e1ra.<\/li>\n<li><strong>Tart\u00f3ss\u00e1g:<\/strong> A hengert kop\u00e1s\u00e1ll\u00f3 anyagokb\u00f3l \u00e9s fel\u00fcletkezel\u00e9sekkel kell megtervezni az \u00e9lettartam\u00e1nak meghosszabb\u00edt\u00e1sa \u00e9rdek\u00e9ben.<\/li>\n<li><strong>Biztons\u00e1g:<\/strong> A palackot \u00fagy kell megtervezni, hogy megel\u0151zze a baleseteket, p\u00e9ld\u00e1ul a hirtelen lees\u00e9st vagy a t\u00falterhel\u00e9st, \u00e9s meg kell felelnie a vonatkoz\u00f3 biztons\u00e1gi el\u0151\u00edr\u00e1soknak.<\/li>\n<li><strong>Karbantarthat\u00f3s\u00e1g:<\/strong> A palackot \u00fagy kell kialak\u00edtani, hogy k\u00f6nnyen ellen\u0151rizhet\u0151, karbantarthat\u00f3 \u00e9s jav\u00edthat\u00f3 legyen.<\/li>\n<\/ul>\n<p><img decoding=\"async\" src=\"https:\/\/www.hydraulic-cylinders.net\/wp-content\/uploads\/2025\/01\/songte-oil-pipes-and-spare-parts.webp\" alt=\"V\u00f6d\u00f6rhenger alkatr\u00e9szek k\u00e9pe\"><\/p>\n<h3>Kiv\u00e1laszt\u00e1si krit\u00e9riumok<\/h3>\n<ul>\n<li><strong>Alkalmaz\u00e1s:<\/strong> A megfelel\u0151 hengert\u00edpus kiv\u00e1laszt\u00e1s\u00e1nak az adott alkalmaz\u00e1son \u00e9s az \u00fczemeltet\u00e9si k\u00f6vetelm\u00e9nyeken kell alapulnia.<\/li>\n<li><strong>M\u00e9ret \u00e9s ecsetvon\u00e1s:<\/strong> A henger furat\u00e1tm\u00e9r\u0151j\u00e9t \u00e9s l\u00f6kethossz\u00e1t a teherb\u00edr\u00e1s \u00e9s az \u00fczemi k\u00f6r\u00fclm\u00e9nyek alapj\u00e1n kell kiv\u00e1lasztani.<\/li>\n<li><strong>Szerel\u00e9si st\u00edlus:<\/strong> A henger r\u00f6gz\u00edt\u00e9s\u00e9t a g\u00e9p r\u00f6gz\u00edt\u00e9si st\u00edlusa alapj\u00e1n kell kiv\u00e1lasztani.<\/li>\n<li><strong>\u00dczemi nyom\u00e1s:<\/strong> A henger \u00fczemi nyom\u00e1s\u00e1nak a hidraulikus rendszer megadott tartom\u00e1ny\u00e1n bel\u00fcl kell lennie.<\/li>\n<li><strong>K\u00f6rnyezeti k\u00f6vetelm\u00e9nyek:<\/strong> A palackot a g\u00e9p k\u00f6rnyezeti k\u00f6vetelm\u00e9nyei, p\u00e9ld\u00e1ul a h\u0151m\u00e9rs\u00e9klet, a p\u00e1ratartalom \u00e9s a korroz\u00edv tulajdons\u00e1g alapj\u00e1n kell kiv\u00e1lasztani.<\/li>\n<\/ul>\n<h2>T\u00f6m\u00edt\u00e9s \u00e9s ken\u00e9s<\/h2>\n<p>A folyad\u00e9k sziv\u00e1rg\u00e1s\u00e1nak megakad\u00e1lyoz\u00e1sa \u00e9rdek\u00e9ben k\u00fcl\u00f6nf\u00e9le t\u00f6m\u00edt\u0151elemeket, p\u00e9ld\u00e1ul dugatty\u00fat\u00f6m\u00edt\u00e9seket \u00e9s r\u00fadt\u00f6m\u00edt\u00e9seket kell haszn\u00e1lni. A t\u00f6m\u00edt\u00e9seknek kop\u00e1s\u00e1ll\u00f3 anyagokb\u00f3l, p\u00e9ld\u00e1ul poliuret\u00e1nb\u00f3l vagy nitrilgumib\u00f3l kell k\u00e9sz\u00fclni\u00fck. A hengertestet \u00e9s a menetes v\u00e9gfel\u00fcletet finoman kell kezelni a kop\u00e1s\u00e1ll\u00f3s\u00e1g jav\u00edt\u00e1sa \u00e9rdek\u00e9ben. A megfelel\u0151 mennyis\u00e9g\u0171 hidraulikaolaj rendszeres hozz\u00e1ad\u00e1sa hat\u00e9konyan keni a hengert \u00e9s meghosszabb\u00edtja annak \u00e9lettartam\u00e1t.<\/p>\n<h2>Karbantart\u00e1s \u00e9s jav\u00edt\u00e1s<\/h2>\n<p>A rendszeres ellen\u0151rz\u00e9s, a megfelel\u0151 ken\u00e9s, a t\u00f6m\u00edt\u00e9sek cser\u00e9je \u00e9s a kalibr\u00e1ci\u00f3s ellen\u0151rz\u00e9sek tipikus karbantart\u00e1si feladatok. A megfelel\u0151 beszerel\u00e9s, ken\u00e9s \u00e9s be\u00e1ll\u00edt\u00e1s elengedhetetlen a henger teljes\u00edtm\u00e9ny\u00e9hez \u00e9s hossz\u00fa \u00e9lettartam\u00e1hoz. A beszerel\u00e9s sor\u00e1n elengedhetetlen a henger megfelel\u0151 be\u00e1ll\u00edt\u00e1sa \u00e9s a megfelel\u0151 r\u00f6gz\u00edt\u0151konzolok haszn\u00e1lata a henger r\u00f6gz\u00edt\u00e9s\u00e9hez. Javasoljuk a speci\u00e1lis ellen\u0151rz\u00e9si, jav\u00edt\u00e1si \u00e9s csere elj\u00e1r\u00e1sokat, bele\u00e9rtve az \u00fajj\u00e1\u00e9p\u00edt\u00e9si szolg\u00e1ltat\u00e1sokat \u00e9s a henger \u00e9lettartam\u00e1nak n\u00f6vel\u00e9s\u00e9re vonatkoz\u00f3 tippeket.<\/p>\n<p><img decoding=\"async\" src=\"https:\/\/www.hydraulic-cylinders.net\/wp-content\/uploads\/2025\/01\/songte-chushion-collar.webp\" alt=\"V\u00f6d\u00f6rhenger telep\u00edt\u00e9si k\u00e9pe\"><\/p>\n<h2>Biztons\u00e1gi szempontok \u00e9s k\u00f6rnyezeti t\u00e9nyez\u0151k<\/h2>\n<p>Hidraulikus hengerek haszn\u00e1latakor elengedhetetlenek a biztons\u00e1gi \u00f3vint\u00e9zked\u00e9sek, p\u00e9ld\u00e1ul a v\u00e9d\u0151felszerel\u00e9s visel\u00e9se \u00e9s a biztons\u00e1gi ir\u00e1nyelvek betart\u00e1sa. A henger \u00e9s a hidraulikus rendszer kiv\u00e1laszt\u00e1sakor figyelembe kell venni a k\u00f6rnyezeti t\u00e9nyez\u0151ket, p\u00e9ld\u00e1ul a h\u0151m\u00e9rs\u00e9kletet, a p\u00e1ratartalmat, a korroz\u00edv hat\u00e1st \u00e9s a tisztas\u00e1got.<\/p>\n<h2>Gyakori probl\u00e9m\u00e1k \u00e9s hibaelh\u00e1r\u00edt\u00e1s<\/h2>\n<p>A hidraulikus hengerek gyakori probl\u00e9m\u00e1i k\u00f6z\u00e9 tartozik a folyad\u00e9ksziv\u00e1rg\u00e1s, az el\u00e9gtelen er\u0151 \u00e9s a szab\u00e1lytalan mozg\u00e1s. A hibaelh\u00e1r\u00edt\u00e1s mag\u00e1ban foglalja a konkr\u00e9t probl\u00e9ma \u00e9s okainak, p\u00e9ld\u00e1ul a kopott t\u00f6m\u00edt\u00e9sek vagy a szennyezett folyad\u00e9k azonos\u00edt\u00e1s\u00e1t, valamint a megfelel\u0151 korrekci\u00f3s int\u00e9zked\u00e9sek megt\u00e9tel\u00e9t, p\u00e9ld\u00e1ul a t\u00f6m\u00edt\u00e9s cser\u00e9j\u00e9t vagy a folyad\u00e9k \u00e1t\u00f6bl\u00edt\u00e9s\u00e9t. A rendszeres megel\u0151z\u0151 karbantart\u00e1s seg\u00edthet minimaliz\u00e1lni az ilyen probl\u00e9m\u00e1kat.<\/p>\n<p><img decoding=\"async\" src=\"https:\/\/www.hydraulic-cylinders.net\/wp-content\/uploads\/2025\/01\/songte-bushings-with-all-kinds-of-excavator-models.webp\" alt=\"V\u00f6d\u00f6rhenger hibaelh\u00e1r\u00edt\u00e1si k\u00e9pe\"><\/p>\n<h2>C\u00e9g\u00fcnkr\u0151l<\/h2>\n<p>Cserehidraulikus hengerek gy\u00e1rt\u00f3ja vagyunk, teljes term\u00e9kk\u00edn\u00e1lattal. A hidraulikus hengerek egyik vezet\u0151 gy\u00e1rt\u00f3ja \u00e9s nagykereskedelmi forgalmaz\u00f3ja vagyunk a hazai \u00e9s a nemzetk\u00f6zi piacon. A kiv\u00e1l\u00f3 min\u0151s\u00e9g elv\u00e9t k\u00f6vetj\u00fck, \u00e9s ipari termel\u00e9sir\u00e1ny\u00edt\u00e1si strat\u00e9gi\u00e1kra t\u00e1maszkodunk, kifinomult gy\u00e1rt\u00f3m\u0171helyekkel, folyamatosan fejlesztj\u00fck gy\u00e1rt\u00e1si platformjainkat \u00e9s t\u00f6k\u00e9letes\u00edtj\u00fck term\u00e9kmin\u0151s\u00e9gi gy\u00e1rt\u00f3sorainkat. Er\u0151s alkot\u00f3k\u00e9pess\u00e9ggel rendelkez\u00fcnk, hogy nagy hat\u00e9konys\u00e1ggal, pontoss\u00e1ggal \u00e9s min\u0151s\u00e9gben el\u00e9g\u00edts\u00fck ki a v\u00e1ltozatos \u00fcgyf\u00e9lig\u00e9nyeket. <\/p>\n<ul>\n<li><strong>Szakmaiass\u00e1g:<\/strong> Csapatunk tapasztalt szakemberekb\u0151l \u00e1ll, akik szem\u00e9lyre szabott megold\u00e1sokat tudnak k\u00edn\u00e1lni a k\u00fcl\u00f6nb\u00f6z\u0151 \u00fcgyfelek sz\u00e1m\u00e1ra.<\/li>\n<li><strong>Nemzetk\u00f6zi min\u0151s\u00edt\u00e9s:<\/strong> Term\u00e9keink megfeleltek a nemzetk\u00f6zi tan\u00fas\u00edtv\u00e1nyoknak, mint p\u00e9ld\u00e1ul az ISO9001, CE \u00e9s SGS.<\/li>\n<li><strong>Testreszab\u00e1si szolg\u00e1ltat\u00e1s:<\/strong> Egyedi hengereket tudunk biztos\u00edtani az \u00fcgyf\u00e9l specifik\u00e1ci\u00f3i \u00e9s ig\u00e9nyei szerint.<\/li>\n<li><strong>Korszer\u0171 gy\u00e1rt\u00f3berendez\u00e9sek:<\/strong> Korszer\u0171 digit\u00e1lis gy\u00e1rt\u00f3berendez\u00e9sekkel, p\u00e9ld\u00e1ul CNC g\u00e9pekkel \u00e9s tesztrendszerekkel rendelkez\u00fcnk a term\u00e9kmin\u0151s\u00e9g \u00e9s -\u00e1lland\u00f3s\u00e1g biztos\u00edt\u00e1sa \u00e9rdek\u00e9ben.<\/li>\n<li><strong>\u00c9rt\u00e9kes\u00edt\u00e9s ut\u00e1ni szolg\u00e1ltat\u00e1s:<\/strong> Id\u0151beni \u00e9rt\u00e9kes\u00edt\u00e9s ut\u00e1ni szolg\u00e1ltat\u00e1st ny\u00fajtunk, bele\u00e9rtve az alkatr\u00e9szcser\u00e9t \u00e9s az \u00fajj\u00e1\u00e9p\u00edt\u00e9si szolg\u00e1ltat\u00e1sokat, hogy biztos\u00edtsuk \u00fcgyfeleink el\u00e9gedetts\u00e9g\u00e9t.<\/li>\n<\/ul>\n<p><img decoding=\"async\" src=\"https:\/\/hzpt.com\/wp-content\/uploads\/2024\/11\/songte-company-1.webp\" alt=\"C\u00e9ges im\u00e1zs\"><\/p>\n<p>Szerz\u0151: lyl.<\/p>","protected":false},"excerpt":{"rendered":"<p>Bucket Cylinder for Kobelco Small Excavator SK60-C Introduction Definition A bucket cylinder is a specially designed hydraulic cylinder used to control the movement of a bucket in heavy machinery such as excavators, backhoe loaders, and front loaders. Its primary function is to enable the bucket to lift, lower, and tilt, making it easier to handle [&hellip;]<\/p>","protected":false},"featured_media":14788,"comment_status":"open","ping_status":"closed","template":"","meta":{"_et_pb_use_builder":"","_et_pb_old_content":"","_et_gb_content_width":""},"product_brand":[],"product_cat":[1494],"product_tag":[1495,1496],"class_list":{"0":"post-15343","1":"product","2":"type-product","3":"status-publish","4":"has-post-thumbnail","6":"product_cat-bucket-cylinders","7":"product_tag-bucket-cylinders","8":"product_tag-hydraulic-cylinders","10":"first","11":"instock","12":"shipping-taxable","13":"product-type-simple"},"amp_enabled":true,"_links":{"self":[{"href":"https:\/\/www.hydraulic-cylinders.net\/hu\/wp-json\/wp\/v2\/product\/15343","targetHints":{"allow":["GET"]}}],"collection":[{"href":"https:\/\/www.hydraulic-cylinders.net\/hu\/wp-json\/wp\/v2\/product"}],"about":[{"href":"https:\/\/www.hydraulic-cylinders.net\/hu\/wp-json\/wp\/v2\/types\/product"}],"replies":[{"embeddable":true,"href":"https:\/\/www.hydraulic-cylinders.net\/hu\/wp-json\/wp\/v2\/comments?post=15343"}],"wp:featuredmedia":[{"embeddable":true,"href":"https:\/\/www.hydraulic-cylinders.net\/hu\/wp-json\/wp\/v2\/media\/14788"}],"wp:attachment":[{"href":"https:\/\/www.hydraulic-cylinders.net\/hu\/wp-json\/wp\/v2\/media?parent=15343"}],"wp:term":[{"taxonomy":"product_brand","embeddable":true,"href":"https:\/\/www.hydraulic-cylinders.net\/hu\/wp-json\/wp\/v2\/product_brand?post=15343"},{"taxonomy":"product_cat","embeddable":true,"href":"https:\/\/www.hydraulic-cylinders.net\/hu\/wp-json\/wp\/v2\/product_cat?post=15343"},{"taxonomy":"product_tag","embeddable":true,"href":"https:\/\/www.hydraulic-cylinders.net\/hu\/wp-json\/wp\/v2\/product_tag?post=15343"}],"curies":[{"name":"munkaf\u00fczet","href":"https:\/\/api.w.org\/{rel}","templated":true}]}}