{"id":15355,"date":"2025-01-19T14:25:34","date_gmt":"2025-01-19T14:25:34","guid":{"rendered":"https:\/\/www.hydraulic-cylinders.net\/product\/bucket-cylinder-for-kobelco-middle-excavator-sk250-8\/"},"modified":"2025-01-19T14:25:36","modified_gmt":"2025-01-19T14:25:36","slug":"bucket-cylinder-for-kobelco-middle-excavator-sk250-8","status":"publish","type":"product","link":"https:\/\/www.hydraulic-cylinders.net\/hu\/termek\/bucket-cylinder-for-kobelco-middle-excavator-sk250-8\/","title":{"rendered":"Kan\u00e1lhenger Kobelco k\u00f6z\u00e9ps\u0151 kotr\u00f3g\u00e9phez SK250-8"},"content":{"rendered":"<h1>Kan\u00e1lhenger Kobelco k\u00f6z\u00e9ps\u0151 kotr\u00f3g\u00e9phez SK250-8<\/h1>\n<h2>Bevezet\u00e9s<\/h2>\n<h3>Mi az a v\u00f6d\u00f6rhenger?<\/h3>\n<p>A kan\u00e1lhenger egy speci\u00e1lis hidraulikus henger, amelyet neh\u00e9zg\u00e9pek, p\u00e9ld\u00e1ul kotr\u00f3g\u00e9pek, kotr\u00f3rakod\u00f3k \u00e9s homlokrakod\u00f3k kanalainak mozg\u00e1s\u00e1nak vez\u00e9rl\u00e9s\u00e9re terveztek. F\u0151 funkci\u00f3ja a kan\u00e1l emel\u00e9s\u00e9nek, s\u00fcllyeszt\u00e9s\u00e9nek \u00e9s billent\u00e9s\u00e9nek lehet\u0151v\u00e9 t\u00e9tele, megk\u00f6nny\u00edtve a k\u00fcl\u00f6nf\u00e9le anyagmozgat\u00e1si feladatok elv\u00e9gz\u00e9s\u00e9t. A hidraulikus rendszerben a kan\u00e1lhenger a hidraulikaolaj nyom\u00e1s\u00e1nak v\u00e1ltoztat\u00e1s\u00e1val prec\u00edzen szab\u00e1lyozza a kan\u00e1l mozg\u00e1s\u00e1t, lehet\u0151v\u00e9 t\u00e9ve a kezel\u0151k sz\u00e1m\u00e1ra a neh\u00e9z terhek hat\u00e9kony kezel\u00e9s\u00e9t, valamint az \u00f6sszetett munkak\u00f6rnyezetekhez \u00e9s a v\u00e1ltozatos m\u0171k\u00f6d\u00e9si k\u00f6vetelm\u00e9nyekhez val\u00f3 alkalmazkod\u00e1st.<\/p>\n<p><img decoding=\"async\" src=\"https:\/\/www.hydraulic-cylinders.net\/wp-content\/uploads\/2025\/01\/songte-company-2.webp\" alt=\"V\u00f6d\u00f6r henger k\u00e9pe\"><\/p>\n<h3>A v\u00f6d\u00f6rhenger jellemz\u0151i<\/h3>\n<ul>\n<li><strong>Nagy szil\u00e1rds\u00e1g \u00e9s tart\u00f3ss\u00e1g:<\/strong> \u00c1ltal\u00e1ban nagy szil\u00e1rds\u00e1g\u00fa ac\u00e9lb\u00f3l vagy alum\u00edniumb\u00f3l k\u00e9sz\u00fcl, \u00edgy ellen\u00e1ll a nagy nyom\u00e1snak \u00e9s a nagy terhel\u00e9seknek, \u00edgy alkalmas zord munkak\u00f6rnyezetre. A kialak\u00edt\u00e1s sor\u00e1n figyelembe vett\u00e9k a kop\u00e1s\u00e1ll\u00f3s\u00e1got \u00e9s a korr\u00f3zi\u00f3\u00e1ll\u00f3s\u00e1got, meghosszabb\u00edtva az \u00e9lettartamot.<\/li>\n<li><strong>Hat\u00e9kony hidraulikus m\u0171k\u00f6dtet\u00e9s:<\/strong> A hidraulikaolaj nyom\u00e1s\u00e1nak k\u00f6sz\u00f6nhet\u0151en sima kiny\u00fajt\u00e1st \u00e9s \u00f6sszeh\u00faz\u00f3d\u00e1st biztos\u00edt, gyorsan reag\u00e1l a vez\u00e9rl\u0151parancsokra, er\u0151teljes tol\u00f3- \u00e9s h\u00faz\u00f3er\u0151t biztos\u00edt, \u00e9s alkalmas neh\u00e9z terhek \u00e9s \u00f6sszetett feladatok kezel\u00e9s\u00e9re.<\/li>\n<li><strong>K\u00fcl\u00f6nb\u00f6z\u0151 t\u00edpusok:<\/strong> Az egyir\u00e1ny\u00fa hidraulikus m\u0171k\u00f6dtet\u00e9s\u0171) vagy k\u00e9tir\u00e1ny\u00fa hidraulikus m\u0171k\u00f6dtet\u00e9s\u0171 hengerek a k\u00fcl\u00f6nb\u00f6z\u0151 m\u0171k\u00f6d\u00e9si ig\u00e9nyeknek megfelel\u0151en v\u00e1laszthat\u00f3k ki. Egyes modellek teleszk\u00f3posak, \u00edgy nagyobb kiny\u00fal\u00e1st tesznek lehet\u0151v\u00e9 a k\u00fcls\u0151 m\u00e9retek n\u00f6vel\u00e9se n\u00e9lk\u00fcl, \u00e9s alkalmasak korl\u00e1tozott helyig\u00e9ny\u0171 alkalmaz\u00e1sokhoz.<\/li>\n<li><strong>K\u00f6nny\u0171 telep\u00edt\u00e9s:<\/strong> Term\u00e9k\u00fcnk t\u00f6k\u00e9letesen helyettes\u00edtheti ezeket a hidraulikus hengereket.<\/li>\n<li><strong>Testreszabhat\u00f3:<\/strong> Egyedi hidraulikus hengereket tudunk gy\u00e1rtani \u00fcgyfeleink egyedi ig\u00e9nyei szerint.<\/li>\n<\/ul>\n<p><img decoding=\"async\" src=\"https:\/\/www.hydraulic-cylinders.net\/wp-content\/uploads\/2025\/01\/songte-cylinder-head-with-all-kinds-excavator-models.webp\" alt=\"V\u00f6d\u00f6rhenger 2. k\u00e9p\"><\/p>\n<h3>A v\u00f6d\u00f6rhenger alkalmaz\u00e1sai<\/h3>\n<h4>\u00c9p\u00edt\u0151ipari berendez\u00e9sek<\/h4>\n<p>Kotr\u00f3g\u00e9pekben kulcsfontoss\u00e1g\u00faak az \u00e1s\u00e1shoz, rakod\u00e1shoz \u00e9s a f\u00f6ld vagy t\u00f6rmel\u00e9k mozgat\u00e1s\u00e1hoz. Kotr\u00f3g\u00e9p-rakod\u00f3kban a kan\u00e1lhenger mind az \u00e1s\u00e1st, mind az emel\u00e9st seg\u00edti. <\/p>\n<h4>Mez\u0151gazdas\u00e1gi g\u00e9pek<\/h4>\n<p>Homlokrakod\u00f3khoz haszn\u00e1lj\u00e1k talaj, sz\u00e9na \u00e9s egy\u00e9b anyagok felv\u00e9tel\u00e9re, emel\u00e9s\u00e9re \u00e9s sz\u00e1ll\u00edt\u00e1s\u00e1ra. Kotr\u00f3g\u00e9pekben a kan\u00e1lhenger lehet\u0151v\u00e9 teszi, hogy a kan\u00e1l behatoljon a talajba \u00e1s\u00e1si m\u0171velet elv\u00e9gz\u00e9s\u00e9hez. Homlokrakod\u00f3kban hat\u00e9konyan seg\u00edtik a rakom\u00e1ny billent\u00e9s\u00e9t \u00e9s \u00fcr\u00edt\u00e9s\u00e9t.<\/p>\n<h4>Egy\u00e9b alkalmaz\u00e1sok<\/h4>\n<p>A kan\u00e1lhengert m\u00e1s alkalmaz\u00e1sokban is haszn\u00e1lj\u00e1k, p\u00e9ld\u00e1ul b\u00e1ny\u00e1szatban, erd\u00e9szetben \u00e9s anyagmozgat\u00e1sban.<\/p>\n<h3>Tervez\u00e9si szempontok \u00e9s kiv\u00e1laszt\u00e1si krit\u00e9riumok<\/h3>\n<h4>Teherb\u00edr\u00f3 k\u00e9pess\u00e9g<\/h4>\n<p>Egy serleghenger teherb\u00edr\u00e1sa kritikus fontoss\u00e1g\u00fa, \u00e9s azt a maxim\u00e1lis terhel\u00e9s alapj\u00e1n kell kiv\u00e1lasztani, amelyet el kell viselnie. Fontos biztos\u00edtani, hogy a henger elb\u00edrja a m\u0171k\u00f6d\u00e9se sor\u00e1n fell\u00e9p\u0151 maxim\u00e1lis nyom\u00e1st \u00e9s terhel\u00e9st.<\/p>\n<h4>T\u00f6m\u00edt\u00e9s \u00e9s tart\u00f3ss\u00e1g<\/h4>\n<p>A t\u00f6m\u00edt\u00e9s \u00e9s a tart\u00f3ss\u00e1g kulcsfontoss\u00e1g\u00fa a henger teljes\u00edtm\u00e9nye \u00e9s \u00e9lettartama szempontj\u00e1b\u00f3l. A dugatty\u00fat\u00f6m\u00edt\u00e9snek \u00e9s a r\u00fadt\u00f6m\u00edt\u00e9snek kop\u00e1s\u00e1ll\u00f3 \u00e9s korr\u00f3zi\u00f3\u00e1ll\u00f3 anyagokb\u00f3l, p\u00e9ld\u00e1ul poliuret\u00e1nb\u00f3l \u00e9s nitrilgumib\u00f3l kell k\u00e9sz\u00fclnie. A hengertestet \u00e9s a menetes v\u00e9gfel\u00fcleteket finoman kell kezelni a kop\u00e1s\u00e1ll\u00f3s\u00e1g jav\u00edt\u00e1sa \u00e9rdek\u00e9ben. A henger optim\u00e1lis teljes\u00edtm\u00e9ny\u00e9nek fenntart\u00e1s\u00e1hoz a megfelel\u0151 hidraulikaolajjal t\u00f6rt\u00e9n\u0151 rendszeres ken\u00e9s is sz\u00fcks\u00e9ges.<\/p>\n<p><img decoding=\"async\" src=\"https:\/\/www.hydraulic-cylinders.net\/wp-content\/uploads\/2025\/01\/songte-oil-pipes-and-spare-parts.webp\" alt=\"V\u00f6d\u00f6rhenger 3. k\u00e9p\"><\/p>\n<h3>Karbantart\u00e1s \u00e9s jav\u00edt\u00e1s<\/h3>\n<h4>Telep\u00edt\u00e9s<\/h4>\n<p>A megfelel\u0151 telep\u00edt\u00e9s elengedhetetlen a kan\u00e1lhenger optim\u00e1lis teljes\u00edtm\u00e9ny\u00e9nek \u00e9s hossz\u00fa \u00e9lettartam\u00e1nak biztos\u00edt\u00e1s\u00e1hoz. Javasoljuk, hogy a telep\u00edt\u00e9s sor\u00e1n megfelel\u0151en igaz\u00edtsa be a hengert, \u00e9s a megfelel\u0151 r\u00f6gz\u00edt\u0151konzolokat haszn\u00e1lja a r\u00f6gz\u00edt\u00e9shez.<\/p>\n<h4>Karbantart\u00e1s<\/h4>\n<ul>\n<li><strong>Rendszeres ellen\u0151rz\u00e9s:<\/strong> A henger \u00e1llapot\u00e1nak rendszeres ellen\u0151rz\u00e9se sz\u00fcks\u00e9ges az esetleges kop\u00e1s vagy s\u00e9r\u00fcl\u00e9sek \u00e9szlel\u00e9s\u00e9hez \u00e9s az id\u0151ben t\u00f6rt\u00e9n\u0151 korrekci\u00f3s int\u00e9zked\u00e9sek megt\u00e9tel\u00e9hez.<\/li>\n<li><strong>Ken\u00e9s:<\/strong> A henger optim\u00e1lis teljes\u00edtm\u00e9ny\u00e9nek fenntart\u00e1s\u00e1hoz sz\u00fcks\u00e9ges a megfelel\u0151 hidraulikaolajjal t\u00f6rt\u00e9n\u0151 rendszeres ken\u00e9s.<\/li>\n<li><strong>T\u00f6m\u00edt\u00e9scsere:<\/strong> A t\u00f6m\u00edt\u00e9seket rendszeresen cser\u00e9lni kell a megfelel\u0151 t\u00f6m\u00edt\u00e9s biztos\u00edt\u00e1sa \u00e9s az olajsziv\u00e1rg\u00e1s megel\u0151z\u00e9se \u00e9rdek\u00e9ben.<\/li>\n<\/ul>\n<h4>Jav\u00edt\u00e1s<\/h4>\n<p>B\u00e1rmilyen jav\u00edt\u00e1s eset\u00e9n javasoljuk, hogy forduljon tapasztalt szakembereinkhez, hogy a munk\u00e1t a legmagasabb sz\u00ednvonalon v\u00e9gezz\u00fck el.<\/p>\n<h3>Biztons\u00e1gi \u00e9s k\u00f6rnyezetv\u00e9delmi szempontok<\/h3>\n<p>A kan\u00e1lhenger kezel\u00e9sekor elengedhetetlen az \u00f6sszes sz\u00fcks\u00e9ges biztons\u00e1gi int\u00e9zked\u00e9s betart\u00e1sa a balesetek megel\u0151z\u00e9se \u00e9rdek\u00e9ben. A haszn\u00e1lt hidraulikaolaj \u00e9s egy\u00e9b vesz\u00e9lyes hullad\u00e9kok megfelel\u0151 \u00e1rtalmatlan\u00edt\u00e1sa szint\u00e9n elengedhetetlen a k\u00f6rnyezet v\u00e9delme \u00e9rdek\u00e9ben.<\/p>\n<p><img decoding=\"async\" src=\"https:\/\/www.hydraulic-cylinders.net\/wp-content\/uploads\/2025\/01\/songte-chushion-collar.webp\" alt=\"V\u00f6d\u00f6rhenger 4. k\u00e9p\"><\/p>\n<h3>Hibaelh\u00e1r\u00edt\u00e1s \u00e9s gyakori probl\u00e9m\u00e1k<\/h3>\n<p>A kan\u00e1lhengerek gyakori probl\u00e9m\u00e1i k\u00f6z\u00e9 tartozik az olajsziv\u00e1rg\u00e1s, a t\u00f6m\u00edt\u00e9s s\u00e9r\u00fcl\u00e9se \u00e9s a dugatty\u00far\u00fad meghib\u00e1sod\u00e1sa. Ha b\u00e1rmilyen probl\u00e9m\u00e1ba \u00fctk\u00f6zik a kan\u00e1lhenger\u00e9vel, k\u00e9rj\u00fck, forduljon tapasztalt szakembereinkhez seg\u00edts\u00e9g\u00e9rt.<\/p>\n<h3>R\u00f3lunk<\/h3>\n<p>Cserehidraulikus hengerek gy\u00e1rt\u00f3jak\u00e9nt sz\u00e9les term\u00e9kv\u00e1laszt\u00e9kot k\u00edn\u00e1lunk, \u00e9s a hazai \u00e9s nemzetk\u00f6zi piacok egyik vezet\u0151 hidraulikus hengergy\u00e1rt\u00f3j\u00e1v\u00e1 \u00e9s nagykereskedelmi forgalmaz\u00f3j\u00e1v\u00e1 v\u00e1lunk. A kiv\u00e1l\u00f3 min\u0151s\u00e9g strat\u00e9gi\u00e1j\u00e1t k\u00f6vetj\u00fck, a kifinomult gy\u00e1rt\u00f3m\u0171helyek iparos\u00edt\u00e1si termel\u00e9sir\u00e1ny\u00edt\u00e1s\u00e1ra t\u00e1maszkodva. C\u00e9g\u00fcnk folyamatosan fejleszti m\u0171hely\u00fcnk gy\u00e1rt\u00e1si platformj\u00e1t, jav\u00edtja term\u00e9keink gy\u00e1rt\u00e1si min\u0151s\u00e9g\u00e9t, \u00e9s er\u0151s alkot\u00f3k\u00e9pess\u00e9ggel rendelkezik. \u00dcgyfeleink sokr\u00e9t\u0171 ig\u00e9nyeit a nagy hat\u00e9konys\u00e1g, a nagy pontoss\u00e1g \u00e9s a kiv\u00e1l\u00f3 min\u0151s\u00e9g elveinek betart\u00e1s\u00e1val el\u00e9g\u00edtj\u00fck ki. <\/p>\n<p><img decoding=\"async\" src=\"https:\/\/hzpt.com\/wp-content\/uploads\/2024\/11\/songte-company-1.webp\" alt=\"V\u00f6d\u00f6rhenger 5. k\u00e9p\"><\/p>\n<h4>Szakmaiass\u00e1g<\/h4>\n<p>T\u00f6bb \u00e9ves tapasztalattal, m\u0171szaki szak\u00e9rtelemmel \u00e9s korszer\u0171 gy\u00e1rt\u00f3berendez\u00e9sekkel rendelkez\u0151 szakemberg\u00e1rd\u00e1val rendelkez\u00fcnk.<\/p>\n<h4>Nemzetk\u00f6zi min\u0151s\u00edt\u00e9s<\/h4>\n<p>Term\u00e9keink nemzetk\u00f6zi szervezetek \u00e1ltal tan\u00fas\u00edtottak, \u00e9s megfelelnek a legmagasabb min\u0151s\u00e9gi \u00e9s biztons\u00e1gi el\u0151\u00edr\u00e1soknak.<\/p>\n<h4>Testreszab\u00e1si szolg\u00e1ltat\u00e1sok<\/h4>\n<p>Testreszabott szolg\u00e1ltat\u00e1sokat k\u00edn\u00e1lunk, hogy megfelelj\u00fcnk \u00fcgyfeleink speci\u00e1lis ig\u00e9nyeinek.<\/p>\n<h4>Termel\u00e9si berendez\u00e9sek<\/h4>\n<p>Korszer\u0171 digit\u00e1lis gy\u00e1rt\u00f3berendez\u00e9sekkel \u00e9s professzion\u00e1lis tesztel\u0151rendszerekkel rendelkez\u00fcnk term\u00e9keink magas min\u0151s\u00e9g\u00e9nek biztos\u00edt\u00e1sa \u00e9rdek\u00e9ben.<\/p>\n<h4>\u00c9rt\u00e9kes\u00edt\u00e9s ut\u00e1ni szolg\u00e1ltat\u00e1s<\/h4>\n<p>\u00c1tfog\u00f3 \u00e9rt\u00e9kes\u00edt\u00e9s ut\u00e1ni szolg\u00e1ltat\u00e1st k\u00edn\u00e1lunk, bele\u00e9rtve az alkatr\u00e9szcser\u00e9t \u00e9s az \u00fajj\u00e1\u00e9p\u00edt\u00e9si szolg\u00e1ltat\u00e1sokat, hogy biztos\u00edtsuk term\u00e9keink hossz\u00fa \u00e9lettartam\u00e1t.<\/p>\n<p>Szerz\u0151: lyl.<\/p>","protected":false},"excerpt":{"rendered":"<p>Bucket Cylinder For Kobelco Middle Excavator SK250-8 Introduction What is a Bucket Cylinder? A bucket cylinder is a specialized hydraulic cylinder designed for controlling the movement of buckets in heavy machinery such as excavators, backhoe loaders, and front-end loaders. Its main function is to enable the bucket to lift, lower, and tilt, making it easier [&hellip;]<\/p>","protected":false},"featured_media":14762,"comment_status":"open","ping_status":"closed","template":"","meta":{"_et_pb_use_builder":"","_et_pb_old_content":"","_et_gb_content_width":""},"product_brand":[],"product_cat":[1494],"product_tag":[1495,1496],"class_list":{"0":"post-15355","1":"product","2":"type-product","3":"status-publish","4":"has-post-thumbnail","6":"product_cat-bucket-cylinders","7":"product_tag-bucket-cylinders","8":"product_tag-hydraulic-cylinders","10":"first","11":"instock","12":"shipping-taxable","13":"product-type-simple"},"amp_enabled":true,"_links":{"self":[{"href":"https:\/\/www.hydraulic-cylinders.net\/hu\/wp-json\/wp\/v2\/product\/15355","targetHints":{"allow":["GET"]}}],"collection":[{"href":"https:\/\/www.hydraulic-cylinders.net\/hu\/wp-json\/wp\/v2\/product"}],"about":[{"href":"https:\/\/www.hydraulic-cylinders.net\/hu\/wp-json\/wp\/v2\/types\/product"}],"replies":[{"embeddable":true,"href":"https:\/\/www.hydraulic-cylinders.net\/hu\/wp-json\/wp\/v2\/comments?post=15355"}],"wp:featuredmedia":[{"embeddable":true,"href":"https:\/\/www.hydraulic-cylinders.net\/hu\/wp-json\/wp\/v2\/media\/14762"}],"wp:attachment":[{"href":"https:\/\/www.hydraulic-cylinders.net\/hu\/wp-json\/wp\/v2\/media?parent=15355"}],"wp:term":[{"taxonomy":"product_brand","embeddable":true,"href":"https:\/\/www.hydraulic-cylinders.net\/hu\/wp-json\/wp\/v2\/product_brand?post=15355"},{"taxonomy":"product_cat","embeddable":true,"href":"https:\/\/www.hydraulic-cylinders.net\/hu\/wp-json\/wp\/v2\/product_cat?post=15355"},{"taxonomy":"product_tag","embeddable":true,"href":"https:\/\/www.hydraulic-cylinders.net\/hu\/wp-json\/wp\/v2\/product_tag?post=15355"}],"curies":[{"name":"munkaf\u00fczet","href":"https:\/\/api.w.org\/{rel}","templated":true}]}}