{"id":15360,"date":"2025-01-19T14:25:54","date_gmt":"2025-01-19T14:25:54","guid":{"rendered":"https:\/\/www.hydraulic-cylinders.net\/product\/bucket-cylinder-for-kobelco-middle-excavator-sk260lc-8\/"},"modified":"2025-01-19T14:25:56","modified_gmt":"2025-01-19T14:25:56","slug":"bucket-cylinder-for-kobelco-middle-excavator-sk260lc-8","status":"publish","type":"product","link":"https:\/\/www.hydraulic-cylinders.net\/hu\/termek\/bucket-cylinder-for-kobelco-middle-excavator-sk260lc-8\/","title":{"rendered":"Kan\u00e1lhenger Kobelco k\u00f6z\u00e9ps\u0151 kotr\u00f3g\u00e9phez SK260LC-8"},"content":{"rendered":"<p><!DOCTYPE html><br \/>\n<html><br \/>\n<head><br \/>\n    <title>Kan\u00e1lhenger Kobelco k\u00f6z\u00e9ps\u0151 kotr\u00f3g\u00e9phez SK260LC-8<\/title><br \/>\n<\/head><br \/>\n<body><\/p>\n<h1>Kan\u00e1lhenger Kobelco k\u00f6z\u00e9ps\u0151 kotr\u00f3g\u00e9phez SK260LC-8<\/h1>\n<h2>Bevezet\u00e9s<\/h2>\n<p>A kan\u00e1lhenger egy speci\u00e1lisan tervezett hidraulikus henger, amelyet neh\u00e9zg\u00e9pek, p\u00e9ld\u00e1ul kotr\u00f3g\u00e9pek, kotr\u00f3rakod\u00f3k \u00e9s homlokrakod\u00f3k kan\u00e1lj\u00e1nak mozg\u00e1s\u00e1nak vez\u00e9rl\u00e9s\u00e9re haszn\u00e1lnak. F\u0151 funkci\u00f3ja a kan\u00e1l emel\u00e9s\u00e9nek, s\u00fcllyeszt\u00e9s\u00e9nek \u00e9s billent\u00e9s\u00e9nek lehet\u0151v\u00e9 t\u00e9tele, megk\u00f6nny\u00edtve a k\u00fcl\u00f6nf\u00e9le anyagmozgat\u00e1si feladatok elv\u00e9gz\u00e9s\u00e9t. Egy hidraulikus rendszerben a kan\u00e1lhenger a hidraulikaolaj nyom\u00e1s\u00e1nak v\u00e1ltoz\u00e1sait kihaszn\u00e1lva \u00e9ri el a kan\u00e1l pontos vez\u00e9rl\u00e9s\u00e9t, lehet\u0151v\u00e9 t\u00e9ve a kezel\u0151k sz\u00e1m\u00e1ra, hogy hat\u00e9konyan kezelj\u00e9k a neh\u00e9z terheket, \u00e9s alkalmazkodjanak az \u00f6sszetett munkak\u00f6rnyezetekhez \u00e9s a v\u00e1ltozatos munkak\u00f6vetelm\u00e9nyekhez.<\/p>\n<p>    <img decoding=\"async\" src=\"https:\/\/www.hydraulic-cylinders.net\/wp-content\/uploads\/2025\/01\/songte-company-2.webp\" alt=\"V\u00f6d\u00f6r henger k\u00e9pe\"><\/p>\n<h2>Jellemz\u0151k<\/h2>\n<ul>\n<li>Nagy szil\u00e1rds\u00e1g \u00e9s tart\u00f3ss\u00e1g: \u00c1ltal\u00e1ban nagy szil\u00e1rds\u00e1g\u00fa ac\u00e9lb\u00f3l vagy alum\u00edniumb\u00f3l k\u00e9sz\u00fcl, k\u00e9pes ellen\u00e1llni a nagy nyom\u00e1snak \u00e9s a nagy terhel\u00e9seknek, alkalmas zord munkak\u00f6rnyezetre, kop\u00e1s\u00e1ll\u00f3s\u00e1g \u00e9s korr\u00f3zi\u00f3\u00e1ll\u00f3s\u00e1g figyelembev\u00e9tel\u00e9vel tervezt\u00e9k, meghosszabb\u00edtva az \u00e9lettartamot.<\/li>\n<li>Hat\u00e9kony hidraulikus m\u0171k\u00f6d\u00e9s: A hidraulikaolaj nyom\u00e1s\u00e1t haszn\u00e1lva sima kitol\u00e1si \u00e9s visszah\u00faz\u00e1si mozg\u00e1sokat \u00e9r el, gyorsan reag\u00e1l a vez\u00e9rl\u0151parancsokra, er\u0151teljes tol\u00f3- \u00e9s h\u00faz\u00f3er\u0151t biztos\u00edt, alkalmas neh\u00e9z terhek \u00e9s \u00f6sszetett feladatok kezel\u00e9s\u00e9re.<\/li>\n<li>K\u00fcl\u00f6nb\u00f6z\u0151 t\u00edpusok: Ig\u00e9ny szerint v\u00e1laszthat\u00f3 egyszeres m\u0171k\u00f6d\u00e9s\u0171 (csak egy ir\u00e1nyban hidraulikusan haszn\u00e1lhat\u00f3) vagy kett\u0151s m\u0171k\u00f6d\u00e9s\u0171 (mindk\u00e9t ir\u00e1nyban hidraulikusan haszn\u00e1lhat\u00f3) hengerk\u00e9nt, egyes modellek teleszk\u00f3posak is, \u00edgy nagyobb kiny\u00fal\u00e1st tesznek lehet\u0151v\u00e9 a k\u00fcls\u0151 m\u00e9retek n\u00f6vel\u00e9se n\u00e9lk\u00fcl, \u00edgy alkalmasak korl\u00e1tozott helyig\u00e9ny\u0171 alkalmaz\u00e1sokhoz.<\/li>\n<li>T\u00f6k\u00e9letes csere: Term\u00e9keink t\u00f6k\u00e9letesen helyettes\u00edthetik ezeket a hidraulikus hengereket.<\/li>\n<\/ul>\n<p>    <img decoding=\"async\" src=\"https:\/\/www.hydraulic-cylinders.net\/wp-content\/uploads\/2025\/01\/songte-cylinder-head-with-all-kinds-excavator-models.webp\" alt=\"V\u00f6d\u00f6rhenger csere k\u00e9p\"><\/p>\n<h2>Alkalmaz\u00e1sok<\/h2>\n<p>A v\u00f6d\u00f6rhengert sz\u00e9les k\u00f6rben haszn\u00e1lj\u00e1k k\u00fcl\u00f6nf\u00e9le alkalmaz\u00e1sokban, t\u00f6bbek k\u00f6z\u00f6tt:<\/p>\n<ul>\n<li>\u00c9p\u00edt\u0151ipari berendez\u00e9sek: Kotr\u00f3g\u00e9pekben tal\u00e1lhat\u00f3k, kulcsfontoss\u00e1g\u00faak a f\u00f6ldmunk\u00e1k, a rakod\u00e1s \u00e9s a talaj vagy t\u00f6rmel\u00e9k mozgat\u00e1sa sor\u00e1n. A kotr\u00f3g\u00e9p-rakod\u00f3kban a kan\u00e1lhenger seg\u00edti mind az \u00e1s\u00e1st, mind az emel\u00e9st.<\/li>\n<li>Mez\u0151gazdas\u00e1gi g\u00e9pek: Homlokrakod\u00f3kban haszn\u00e1lj\u00e1k talaj, sz\u00e9na \u00e9s egy\u00e9b anyagok \u00e1s\u00e1s\u00e1ra, emel\u00e9s\u00e9re \u00e9s sz\u00e1ll\u00edt\u00e1s\u00e1ra.<\/li>\n<li>Kotr\u00f3g\u00e9pek: A kan\u00e1lhenger lehet\u0151v\u00e9 teszi az \u00e1s\u00e1si m\u0171veletet az\u00e1ltal, hogy lehet\u0151v\u00e9 teszi a kan\u00e1l talajba val\u00f3 behatol\u00e1s\u00e1t.<\/li>\n<li>Rakod\u00f3k: A homlokrakod\u00f3kban hat\u00e9konyan seg\u00edtik az \u00e1ruk emel\u00e9s\u00e9t \u00e9s billent\u00e9s\u00e9t.<\/li>\n<\/ul>\n<h2>Tervez\u00e9si szempontok \u00e9s kiv\u00e1laszt\u00e1si krit\u00e9riumok<\/h2>\n<p>A hengerek tervez\u00e9sekor sz\u00e1mos kulcsfontoss\u00e1g\u00fa t\u00e9nyez\u0151t vesznek figyelembe:<\/p>\n<ul>\n<li>Teherb\u00edr\u00e1s: A hengernek k\u00e9pesnek kell lennie a v\u00e1rhat\u00f3 maxim\u00e1lis terhel\u00e9sek elvisel\u00e9s\u00e9re meghib\u00e1sod\u00e1s n\u00e9lk\u00fcl.<\/li>\n<li>T\u00f6m\u00edt\u00e9s: K\u00fcl\u00f6nb\u00f6z\u0151 t\u00f6m\u00edt\u0151elemeket, p\u00e9ld\u00e1ul dugatty\u00fat\u00f6m\u00edt\u00e9seket \u00e9s r\u00fadt\u00f6m\u00edt\u00e9seket haszn\u00e1lnak kop\u00e1s\u00e1ll\u00f3 anyagokkal, p\u00e9ld\u00e1ul poliuret\u00e1nnal \u00e9s nitrilgumival, a megfelel\u0151 t\u00f6m\u00edt\u00e9s biztos\u00edt\u00e1sa \u00e9s a sziv\u00e1rg\u00e1s megel\u0151z\u00e9se \u00e9rdek\u00e9ben.<\/li>\n<li>Tart\u00f3ss\u00e1g: A hengert \u00fagy tervezt\u00e9k, hogy ellen\u00e1lljon a tervezett \u00fczemi k\u00f6r\u00fclm\u00e9nyeknek, \u00e9s ellen\u00e1lljon a kop\u00e1snak a hosszabb \u00e9lettartam \u00e9rdek\u00e9ben.<\/li>\n<li>Biztons\u00e1g: A biztons\u00e1gi funkci\u00f3k a balesetek megel\u0151z\u00e9se \u00e9s a palack biztons\u00e1gos m\u0171k\u00f6d\u00e9s\u00e9nek biztos\u00edt\u00e1sa \u00e9rdek\u00e9ben ker\u00fcltek be\u00e9p\u00edt\u00e9sre.<\/li>\n<li>Karbantarthat\u00f3s\u00e1g: A hengert \u00fagy tervezt\u00e9k, hogy k\u00f6nnyen karbantarthat\u00f3 \u00e9s jav\u00edthat\u00f3 legyen, \u00edgy hat\u00e9kony \u00e9s k\u00f6lts\u00e9ghat\u00e9kony szervizel\u00e9st biztos\u00edt.<\/li>\n<\/ul>\n<p>    <img decoding=\"async\" src=\"https:\/\/www.hydraulic-cylinders.net\/wp-content\/uploads\/2025\/01\/songte-oil-pipes-and-spare-parts.webp\" alt=\"V\u00f6d\u00f6rhenger tervez\u00e9si k\u00e9p\"><\/p>\n<h2>T\u00f6m\u00edt\u00e9s \u00e9s ken\u00e9s<\/h2>\n<p>A serleghengerek k\u00fcl\u00f6nf\u00e9le t\u00f6m\u00edt\u0151elemeket haszn\u00e1lnak, p\u00e9ld\u00e1ul dugatty\u00fat\u00f6m\u00edt\u00e9seket \u00e9s r\u00fadt\u00f6m\u00edt\u00e9seket, amelyek kop\u00e1s\u00e1ll\u00f3 anyagokb\u00f3l, p\u00e9ld\u00e1ul poliuret\u00e1nb\u00f3l \u00e9s nitrilgumib\u00f3l k\u00e9sz\u00fclnek. A hengertestet \u00e9s a menetes v\u00e9geket finoman kezelik a kop\u00e1s\u00e1ll\u00f3s\u00e1g jav\u00edt\u00e1sa \u00e9rdek\u00e9ben. A megfelel\u0151 mennyis\u00e9g\u0171 hidraulikaolajjal t\u00f6rt\u00e9n\u0151 rendszeres ken\u00e9s sz\u00fcks\u00e9ges a z\u00f6kken\u0151mentes m\u0171k\u00f6d\u00e9s biztos\u00edt\u00e1s\u00e1hoz \u00e9s a henger \u00e9lettartam\u00e1nak meghosszabb\u00edt\u00e1s\u00e1hoz.<\/p>\n<h2>Rendszeres ellen\u0151rz\u00e9s \u00e9s megel\u0151z\u0151 karbantart\u00e1s<\/h2>\n<ul>\n<li>Rendszeresen ellen\u0151rizze a palackot s\u00e9r\u00fcl\u00e9s, sziv\u00e1rg\u00e1s vagy rendellenes m\u0171k\u00f6d\u00e9s jelei szempontj\u00e1b\u00f3l.<\/li>\n<li>Biztos\u00edtsa az \u00f6sszes mozg\u00f3 alkatr\u00e9sz megfelel\u0151 ken\u00e9s\u00e9t.<\/li>\n<li>Cser\u00e9lje ki a t\u00f6m\u00edt\u00e9seket \u00e9s m\u00e1s kopott alkatr\u00e9szeket sz\u00fcks\u00e9g szerint.<\/li>\n<li>Kalibr\u00e1ci\u00f3s ellen\u0151rz\u00e9seket kell v\u00e9gezni annak biztos\u00edt\u00e1s\u00e1ra, hogy a henger a megadott param\u00e9tereken bel\u00fcl m\u0171k\u00f6dj\u00f6n.<\/li>\n<\/ul>\n<p>    <img decoding=\"async\" src=\"https:\/\/www.hydraulic-cylinders.net\/wp-content\/uploads\/2025\/01\/songte-chushion-collar.webp\" alt=\"V\u00f6d\u00f6rhenger ellen\u0151rz\u00e9si k\u00e9p\"><\/p>\n<h2>Biztons\u00e1gi szempontok \u00e9s k\u00f6rnyezeti t\u00e9nyez\u0151k<\/h2>\n<p>V\u00f6dr\u00f6s palackok haszn\u00e1latakor fontos a biztons\u00e1gi int\u00e9zked\u00e9sek betart\u00e1sa a balesetek megel\u0151z\u00e9se \u00e9s a szem\u00e9lyzet j\u00f3l\u00e9t\u00e9nek biztos\u00edt\u00e1sa \u00e9rdek\u00e9ben. Ezenk\u00edv\u00fcl a k\u00f6rnyezeti t\u00e9nyez\u0151ket, p\u00e9ld\u00e1ul a megfelel\u0151 hullad\u00e9kkezel\u00e9st \u00e9s az el\u0151\u00edr\u00e1sok betart\u00e1s\u00e1t is figyelembe kell venni a k\u00f6rnyezetre gyakorolt \u200b\u200bhat\u00e1s minimaliz\u00e1l\u00e1sa \u00e9rdek\u00e9ben.<\/p>\n<h2>Hibadiagn\u00f3zis \u00e9s gyakori probl\u00e9m\u00e1k<\/h2>\n<p>A kan\u00e1lhengerekkel kapcsolatos gyakori probl\u00e9m\u00e1k k\u00f6z\u00e9 tartozik a sziv\u00e1rg\u00e1s, az el\u00e9gtelen teljes\u00edtm\u00e9ny \u00e9s a rendellenes mozg\u00e1sok. Ha b\u00e1rmilyen probl\u00e9ma mer\u00fcl fel, a k\u00f6vetkez\u0151 tippek \u00e9s megold\u00e1sok seg\u00edthetnek a probl\u00e9m\u00e1k hat\u00e9kony diagnosztiz\u00e1l\u00e1s\u00e1ban \u00e9s megold\u00e1s\u00e1ban. Javasolt megel\u0151z\u0151 int\u00e9zked\u00e9sek bevezet\u00e9se is a lehets\u00e9ges probl\u00e9m\u00e1k minimaliz\u00e1l\u00e1sa \u00e9rdek\u00e9ben.<\/p>\n<p>    <img decoding=\"async\" src=\"https:\/\/www.hydraulic-cylinders.net\/wp-content\/uploads\/2025\/01\/songte-bushings-with-all-kinds-of-excavator-models.webp\" alt=\"Kan\u00e1lhenger hibadiagnosztikai k\u00e9p\"><\/p>\n<h2>Karbantart\u00e1si feladatok<\/h2>\n<p>A serleghengerek gyakori karbantart\u00e1si feladatai k\u00f6z\u00e9 tartozik a rendszeres ellen\u0151rz\u00e9s, a megfelel\u0151 ken\u00e9s, a t\u00f6m\u00edt\u00e9sek cser\u00e9je \u00e9s a kalibr\u00e1l\u00e1s ellen\u0151rz\u00e9se. Fontos hangs\u00falyozni a helyes beszerel\u00e9s, ken\u00e9s \u00e9s be\u00e1ll\u00edt\u00e1s fontoss\u00e1g\u00e1t. A beszerel\u00e9s sor\u00e1n aj\u00e1nlott a henger megfelel\u0151 be\u00e1ll\u00edt\u00e1si \u00fatmutat\u00e1sa \u00e9s a megfelel\u0151 r\u00f6gz\u00edt\u0151konzolok haszn\u00e1lata a henger r\u00f6gz\u00edt\u00e9s\u00e9hez. Aj\u00e1nlott ellen\u0151rz\u00e9si, jav\u00edt\u00e1si \u00e9s csereelj\u00e1r\u00e1sokat, valamint tippeket adunk a henger \u00e9lettartam\u00e1nak meghosszabb\u00edt\u00e1s\u00e1ra.<\/p>\n<h2>C\u00e9g\u00fcnk<\/h2>\n<p>A hidraulikus hengerek vezet\u0151 gy\u00e1rt\u00f3i \u00e9s nagykereskedelmi forgalmaz\u00f3i vagyunk mind a hazai, mind a nemzetk\u00f6zi piacokon. C\u00e9g\u00fcnk sz\u00e9les term\u00e9kv\u00e1laszt\u00e9kot k\u00edn\u00e1l, \u00e9s az iparos\u00edtott termel\u00e9sir\u00e1ny\u00edt\u00e1s strat\u00e9gi\u00e1j\u00e1t k\u00f6veti, kiv\u00e1l\u00f3 gy\u00e1rt\u00f3m\u0171helyre, korszer\u0171 gy\u00e1rt\u00f3berendez\u00e9sekre \u00e9s professzion\u00e1lis tesztel\u0151rendszerekre t\u00e1maszkodva. Er\u0151s kreat\u00edv k\u00e9pess\u00e9gekkel rendelkez\u00fcnk, \u00e9s arra t\u00f6reksz\u00fcnk, hogy nagy hat\u00e9konys\u00e1ggal, pontoss\u00e1ggal \u00e9s min\u0151s\u00e9gben el\u00e9g\u00edts\u00fck ki a soksz\u00edn\u0171 \u00fcgyf\u00e9lig\u00e9nyeket.<\/p>\n<p>    <img decoding=\"async\" src=\"https:\/\/www.hydraulic-cylinders.net\/wp-content\/uploads\/2025\/01\/songte-company-3.webp\" alt=\"C\u00e9ges im\u00e1zs\"><\/p>\n<p>C\u00e9g\u00fcnk kiemelkedik professzionalizmusa, nemzetk\u00f6zi tan\u00fas\u00edtv\u00e1nyai, testreszabott szolg\u00e1ltat\u00e1sai, gy\u00e1rt\u00f3berendez\u00e9sei \u00e9s \u00e9rt\u00e9kes\u00edt\u00e9s ut\u00e1ni szolg\u00e1ltat\u00e1sai tekintet\u00e9ben.<\/p>\n<p>Szerz\u0151: lyl<\/p>\n<p><\/body><br \/>\n<\/html><\/p>","protected":false},"excerpt":{"rendered":"<p>Bucket Cylinder For Kobelco Middle Excavator SK260LC-8 Bucket Cylinder For Kobelco Middle Excavator SK260LC-8 Introduction A bucket cylinder is a specially designed hydraulic cylinder used to control the movement of the bucket in heavy machinery, such as excavators, backhoe loaders, and front-end loaders. Its main function is to enable the lifting, lowering, and tilting of [&hellip;]<\/p>","protected":false},"featured_media":14785,"comment_status":"open","ping_status":"closed","template":"","meta":{"_et_pb_use_builder":"","_et_pb_old_content":"","_et_gb_content_width":""},"product_brand":[],"product_cat":[1494],"product_tag":[1495,1496],"class_list":{"0":"post-15360","1":"product","2":"type-product","3":"status-publish","4":"has-post-thumbnail","6":"product_cat-bucket-cylinders","7":"product_tag-bucket-cylinders","8":"product_tag-hydraulic-cylinders","10":"first","11":"instock","12":"shipping-taxable","13":"product-type-simple"},"amp_enabled":true,"_links":{"self":[{"href":"https:\/\/www.hydraulic-cylinders.net\/hu\/wp-json\/wp\/v2\/product\/15360","targetHints":{"allow":["GET"]}}],"collection":[{"href":"https:\/\/www.hydraulic-cylinders.net\/hu\/wp-json\/wp\/v2\/product"}],"about":[{"href":"https:\/\/www.hydraulic-cylinders.net\/hu\/wp-json\/wp\/v2\/types\/product"}],"replies":[{"embeddable":true,"href":"https:\/\/www.hydraulic-cylinders.net\/hu\/wp-json\/wp\/v2\/comments?post=15360"}],"wp:featuredmedia":[{"embeddable":true,"href":"https:\/\/www.hydraulic-cylinders.net\/hu\/wp-json\/wp\/v2\/media\/14785"}],"wp:attachment":[{"href":"https:\/\/www.hydraulic-cylinders.net\/hu\/wp-json\/wp\/v2\/media?parent=15360"}],"wp:term":[{"taxonomy":"product_brand","embeddable":true,"href":"https:\/\/www.hydraulic-cylinders.net\/hu\/wp-json\/wp\/v2\/product_brand?post=15360"},{"taxonomy":"product_cat","embeddable":true,"href":"https:\/\/www.hydraulic-cylinders.net\/hu\/wp-json\/wp\/v2\/product_cat?post=15360"},{"taxonomy":"product_tag","embeddable":true,"href":"https:\/\/www.hydraulic-cylinders.net\/hu\/wp-json\/wp\/v2\/product_tag?post=15360"}],"curies":[{"name":"munkaf\u00fczet","href":"https:\/\/api.w.org\/{rel}","templated":true}]}}