{"id":15365,"date":"2025-01-19T14:26:13","date_gmt":"2025-01-19T14:26:13","guid":{"rendered":"https:\/\/www.hydraulic-cylinders.net\/product\/bucket-cylinder-for-kobelco-large-excavator-sk450-6-6e\/"},"modified":"2025-01-19T14:26:21","modified_gmt":"2025-01-19T14:26:21","slug":"bucket-cylinder-for-kobelco-large-excavator-sk450-6-6e","status":"publish","type":"product","link":"https:\/\/www.hydraulic-cylinders.net\/hu\/termek\/bucket-cylinder-for-kobelco-large-excavator-sk450-6-6e\/","title":{"rendered":"Kan\u00e1lhenger Kobelco nagy kotr\u00f3g\u00e9phez SK450-6-6E"},"content":{"rendered":"<h1>Kan\u00e1lhenger Kobelco nagy kotr\u00f3g\u00e9phez SK450-6-6E<\/h1>\n<h2>Bevezet\u00e9s<\/h2>\n<p>A Kobelco SK450-6-6E nagym\u00e9ret\u0171 kotr\u00f3g\u00e9p kan\u00e1lhengere egy speci\u00e1lisan tervezett hidraulikus henger, amelyet els\u0151sorban neh\u00e9zg\u00e9pek, p\u00e9ld\u00e1ul kotr\u00f3g\u00e9pek, kotr\u00f3g\u00e9pek \u00e9s homlokrakod\u00f3k kan\u00e1lmozg\u00e1s\u00e1nak vez\u00e9rl\u00e9s\u00e9re haszn\u00e1lnak. F\u0151 funkci\u00f3ja a kan\u00e1l emel\u00e9se, s\u00fcllyeszt\u00e9se \u00e9s billent\u00e9se, megk\u00f6nny\u00edtve a k\u00fcl\u00f6nf\u00e9le anyagmozgat\u00e1si feladatokat. A hidraulikus rendszerben a kan\u00e1lhenger a hidraulikaolaj nyom\u00e1s\u00e1nak v\u00e1ltoztat\u00e1s\u00e1val prec\u00edzen szab\u00e1lyozza a kan\u00e1l mozg\u00e1s\u00e1t, lehet\u0151v\u00e9 t\u00e9ve a kezel\u0151k sz\u00e1m\u00e1ra a neh\u00e9z terhek hat\u00e9kony kezel\u00e9s\u00e9t, valamint az \u00f6sszetett munkak\u00f6rnyezetekhez \u00e9s a v\u00e1ltozatos m\u0171k\u00f6d\u00e9si ig\u00e9nyekhez val\u00f3 alkalmazkod\u00e1st.<\/p>\n<p><img decoding=\"async\" src=\"https:\/\/www.hydraulic-cylinders.net\/wp-content\/uploads\/2025\/01\/songte-company-2.webp\" \/><\/p>\n<h2>Jellemz\u0151k<\/h2>\n<ul>\n<li>Nagy szil\u00e1rds\u00e1g \u00e9s tart\u00f3ss\u00e1g: \u00c1ltal\u00e1ban nagy szil\u00e1rds\u00e1g\u00fa ac\u00e9lb\u00f3l vagy alum\u00edniumb\u00f3l k\u00e9sz\u00fcl, \u00edgy ellen\u00e1ll a nagy nyom\u00e1snak \u00e9s a nagy terhel\u00e9seknek, \u00e9s alkalmazkodik a zord munkak\u00f6rnyezethez. A kialak\u00edt\u00e1s sor\u00e1n figyelembe vett\u00e9k a kop\u00e1s\u00e1ll\u00f3s\u00e1got \u00e9s a korr\u00f3zi\u00f3\u00e1ll\u00f3s\u00e1got, meghosszabb\u00edtva az \u00e9lettartamot.<\/li>\n<li>Hat\u00e9kony hidraulikus m\u0171k\u00f6d\u00e9s: A hidraulikaolaj nyom\u00e1s\u00e1nak k\u00f6sz\u00f6nhet\u0151en a g\u00e9p sima kiny\u00fajt\u00e1si \u00e9s \u00f6sszeh\u00faz\u00e1si m\u0171veleteket \u00e9r el, ami gyors reag\u00e1l\u00e1st tesz lehet\u0151v\u00e9 a m\u0171k\u00f6d\u00e9si parancsokra, \u00e9s er\u0151teljes tol\u00f3- \u00e9s h\u00faz\u00f3er\u0151t biztos\u00edt, \u00edgy alkalmas neh\u00e9z terhek \u00e9s \u00f6sszetett \u00fczemeltet\u00e9si feladatok kezel\u00e9s\u00e9re.<\/li>\n<li>K\u00fcl\u00f6nb\u00f6z\u0151 t\u00edpusok: Az egyir\u00e1ny\u00fa hidraulikus m\u0171k\u00f6dtet\u00e9s\u0171) vagy a k\u00e9tir\u00e1ny\u00fa (mindk\u00e9t ir\u00e1ny\u00fa hidraulikus m\u0171k\u00f6dtet\u00e9s\u0171) hengerek a k\u00f6vetelm\u00e9nyeknek megfelel\u0151en v\u00e1laszthat\u00f3k ki, hogy megfeleljenek a k\u00fcl\u00f6nb\u00f6z\u0151 \u00fczemi ig\u00e9nyeknek. Egyes modellek teleszk\u00f3posak, \u00edgy nagyobb t\u00e1gul\u00e1st tesznek lehet\u0151v\u00e9 a k\u00fcls\u0151 m\u00e9retek n\u00f6vel\u00e9se n\u00e9lk\u00fcl, \u00edgy alkalmasak korl\u00e1tozott helyig\u00e9ny\u0171 alkalmaz\u00e1sokhoz.<\/li>\n<li>Rendk\u00edv\u00fcl rugalmas: Term\u00e9k\u00fcnk t\u00f6k\u00e9letesen helyettes\u00edtheti ezeket a hidraulikus hengereket.<\/li>\n<\/ul>\n<p><img decoding=\"async\" src=\"https:\/\/www.hydraulic-cylinders.net\/wp-content\/uploads\/2025\/01\/songte-cylinder-head-with-all-kinds-excavator-models.webp\" \/><\/p>\n<h2>Alkalmaz\u00e1s<\/h2>\n<p>A kan\u00e1lhenger sz\u00e9les k\u00f6rben alkalmazhat\u00f3 k\u00fcl\u00f6nf\u00e9le ipar\u00e1gakban. N\u00e9h\u00e1ny gyakori alkalmaz\u00e1si ter\u00fclet:<\/p>\n<ul>\n<li>\u00c9p\u00edt\u0151ipari berendez\u00e9sek: Kotr\u00f3g\u00e9pekben kulcsfontoss\u00e1g\u00faak az \u00e1s\u00e1shoz, a rakod\u00e1shoz \u00e9s a talaj vagy t\u00f6rmel\u00e9k mozgat\u00e1s\u00e1hoz. A kotr\u00f3g\u00e9pekben a kan\u00e1lhenger seg\u00edti mind az \u00e1s\u00e1st, mind az emel\u00e9st. <\/li>\n<li>Mez\u0151gazdas\u00e1gi g\u00e9pek: Homlokrakod\u00f3kban haszn\u00e1lj\u00e1k \u0151ket, f\u00f6ldet, sz\u00e9n\u00e1t \u00e9s egy\u00e9b anyagokat kanalaznak, emelnek \u00e9s sz\u00e1ll\u00edtanak. <\/li>\n<li>Kotr\u00f3g\u00e9pek: A kan\u00e1lhenger lehet\u0151v\u00e9 teszi az \u00e1s\u00e1si m\u0171veletet az\u00e1ltal, hogy lehet\u0151v\u00e9 teszi a kan\u00e1l talajba val\u00f3 behatol\u00e1s\u00e1t. <\/li>\n<li>Rakod\u00f3g\u00e9pek: A homlokrakod\u00f3k hat\u00e9konyan seg\u00edtik a rakom\u00e1ny emel\u00e9s\u00e9t \u00e9s \u00fcr\u00edt\u00e9s\u00e9t.<\/li>\n<\/ul>\n<p>A kan\u00e1lhenger\u00fcnk t\u00f6k\u00e9letes ezekhez \u00e9s sok m\u00e1s alkalmaz\u00e1sokhoz. <\/p>\n<h2>Tervez\u00e9si szempontok \u00e9s kiv\u00e1laszt\u00e1si szabv\u00e1nyok<\/h2>\n<p>A kan\u00e1lhenger fontos alkatr\u00e9sz a hidraulikus rendszerekben, \u00e9s tervez\u00e9si szempontjai, valamint kiv\u00e1laszt\u00e1si szabv\u00e1nyai kulcsfontoss\u00e1g\u00faak az optim\u00e1lis teljes\u00edtm\u00e9ny biztos\u00edt\u00e1sa \u00e9rdek\u00e9ben. A legfontosabb tervez\u00e9si szempontok k\u00f6z\u00e9 tartozik:<\/p>\n<ul>\n<li>Teherb\u00edr\u00e1s: A hengernek k\u00e9pesnek kell lennie arra, hogy elviselje a r\u00e1 nehezed\u0151 terhel\u00e9st g\u00f6rb\u00fcl\u00e9s vagy t\u00f6r\u00e9s n\u00e9lk\u00fcl.<\/li>\n<li>T\u00f6m\u00edt\u00e9s: A megfelel\u0151 t\u00f6m\u00edt\u00e9s elengedhetetlen az olajsziv\u00e1rg\u00e1s megakad\u00e1lyoz\u00e1s\u00e1hoz \u00e9s az optim\u00e1lis teljes\u00edtm\u00e9ny biztos\u00edt\u00e1s\u00e1hoz.<\/li>\n<li>Tart\u00f3ss\u00e1g: A hengernek kiv\u00e1l\u00f3 min\u0151s\u00e9g\u0171, kop\u00e1s- \u00e9s korr\u00f3zi\u00f3\u00e1ll\u00f3 anyagokb\u00f3l kell k\u00e9sz\u00fclnie a hossz\u00fa \u00e9lettartam biztos\u00edt\u00e1sa \u00e9rdek\u00e9ben.<\/li>\n<li>Biztons\u00e1g: A palackot biztons\u00e1got szem el\u0151tt tartva kell megtervezni, olyan funkci\u00f3kkal, mint a biztons\u00e1gi szelepek a t\u00falterhel\u00e9s megakad\u00e1lyoz\u00e1s\u00e1ra.<\/li>\n<li>Karbantarthat\u00f3s\u00e1g: A palacknak \u200b\u200bk\u00f6nnyen karbantarthat\u00f3nak \u00e9s jav\u00edthat\u00f3nak kell lennie, az alkatr\u00e9szekhez k\u00f6nnyen hozz\u00e1f\u00e9rhet\u0151nek, valamint a karbantart\u00e1sra \u00e9s jav\u00edt\u00e1sra vonatkoz\u00f3 egy\u00e9rtelm\u0171 utas\u00edt\u00e1soknak.<\/li>\n<\/ul>\n<p>Kanalas munkahenger\u00fcnk megfelel mindezen tervez\u00e9si szempontoknak, biztos\u00edtva az optim\u00e1lis teljes\u00edtm\u00e9nyt \u00e9s a hossz\u00fa \u00e9lettartamot.<\/p>\n<p><img decoding=\"async\" src=\"https:\/\/www.hydraulic-cylinders.net\/wp-content\/uploads\/2025\/01\/songte-oil-pipes-and-spare-parts.webp\" \/><\/p>\n<h2>T\u00f6m\u00edt\u00e9s \u00e9s ken\u00e9s<\/h2>\n<p>A v\u00f6d\u00f6rhenger k\u00fcl\u00f6nf\u00e9le t\u00f6m\u00edt\u0151elemeket haszn\u00e1l, p\u00e9ld\u00e1ul dugatty\u00fat\u00f6m\u00edt\u00e9seket, r\u00fadt\u00f6m\u00edt\u00e9seket stb., amelyek kop\u00e1s\u00e1ll\u00f3 anyagokb\u00f3l, p\u00e9ld\u00e1ul poliuret\u00e1nb\u00f3l, nitrilgumib\u00f3l stb. k\u00e9sz\u00fclnek. A t\u00f6m\u00edt\u0151rendszert megfelel\u0151en kell kenni, \u00e9s a hengert rendszeresen karban kell tartani a megfelel\u0151 mennyis\u00e9g\u0171 hidraulikaolajjal az optim\u00e1lis teljes\u00edtm\u00e9ny biztos\u00edt\u00e1sa \u00e9rdek\u00e9ben.<\/p>\n<h2>Karbantart\u00e1s \u00e9s jav\u00edt\u00e1s<\/h2>\n<p>A rendszeres karbantart\u00e1s \u00e9s jav\u00edt\u00e1s elengedhetetlen a serleghenger optim\u00e1lis teljes\u00edtm\u00e9ny\u00e9nek \u00e9s hossz\u00fa \u00e9lettartam\u00e1nak biztos\u00edt\u00e1s\u00e1hoz. N\u00e9h\u00e1ny gyakori karbantart\u00e1si feladat k\u00f6z\u00e9 tartozik a rendszeres ellen\u0151rz\u00e9s, a megfelel\u0151 ken\u00e9s \u00e9s a t\u00f6m\u00edt\u00e9sek cser\u00e9je. A megfelel\u0151 beszerel\u00e9s, ken\u00e9s \u00e9s be\u00e1ll\u00edt\u00e1s szint\u00e9n elengedhetetlen az optim\u00e1lis teljes\u00edtm\u00e9nyhez. A henger r\u00f6gz\u00edt\u00e9s\u00e9re szolg\u00e1l\u00f3 megfelel\u0151 szerelv\u00e9nyek haszn\u00e1lata, az aj\u00e1nlott ellen\u0151rz\u00e9si, jav\u00edt\u00e1si \u00e9s csere elj\u00e1r\u00e1sok, valamint a fel\u00faj\u00edt\u00e1si szolg\u00e1ltat\u00e1sok ig\u00e9nybev\u00e9tele mind hozz\u00e1j\u00e1rulhat a serleghenger \u00e9lettartam\u00e1nak jav\u00edt\u00e1s\u00e1hoz.<\/p>\n<p><img decoding=\"async\" src=\"https:\/\/www.hydraulic-cylinders.net\/wp-content\/uploads\/2025\/01\/songte-chushion-collar.webp\" \/><\/p>\n<h2>Biztons\u00e1gi \u00e9s k\u00f6rnyezetv\u00e9delmi szempontok<\/h2>\n<p>A kan\u00e1lhenger a neh\u00e9zg\u00e9pek elengedhetetlen alkatr\u00e9sze, \u00e9s haszn\u00e1latakor a biztons\u00e1gnak kell az els\u0151dleges szempontnak lennie. A megfelel\u0151 kezel\u00e9si, \u00fczemeltet\u00e9si \u00e9s karbantart\u00e1si elj\u00e1r\u00e1sokat be kell tartani az optim\u00e1lis biztons\u00e1g \u00e9s a k\u00f6rnyezetv\u00e9delem biztos\u00edt\u00e1sa \u00e9rdek\u00e9ben. <\/p>\n<h2>Gyakori hib\u00e1k \u00e9s hibaelh\u00e1r\u00edt\u00e1s<\/h2>\n<p>A kan\u00e1lhenger gyakori hib\u00e1i k\u00f6z\u00e9 tartozik az olajsziv\u00e1rg\u00e1s, a t\u00f6r\u00f6tt t\u00f6m\u00edt\u00e9sek \u00e9s a s\u00e9r\u00fclt rudak. A megfelel\u0151 ellen\u0151rz\u00e9s \u00e9s karbantart\u00e1s seg\u00edthet megel\u0151zni ezeket a hib\u00e1kat. Ha hib\u00e1k l\u00e9pnek fel, a megfelel\u0151 hibaelh\u00e1r\u00edt\u00e1si \u00e9s jav\u00edt\u00e1si elj\u00e1r\u00e1sokat kell k\u00f6vetni az optim\u00e1lis teljes\u00edtm\u00e9ny vissza\u00e1ll\u00edt\u00e1sa \u00e9rdek\u00e9ben. A lehets\u00e9ges probl\u00e9m\u00e1k minimaliz\u00e1l\u00e1sa \u00e9rdek\u00e9ben aj\u00e1nlott megel\u0151z\u0151 int\u00e9zked\u00e9seket k\u00f6vetni.<\/p>\n<p><img decoding=\"async\" src=\"https:\/\/www.hydraulic-cylinders.net\/wp-content\/uploads\/2025\/01\/songte-bushings-with-all-kinds-of-excavator-models.webp\" \/><\/p>\n<h2>C\u00e9g\u00fcnkr\u0151l<\/h2>\n<p>Cserehidraulikus hengerek gy\u00e1rt\u00f3ja vagyunk, teljes term\u00e9kk\u00edn\u00e1lattal. A hazai \u00e9s nemzetk\u00f6zi piacok egyik vezet\u0151 hidraulikus henger gy\u00e1rt\u00f3ja \u00e9s nagykeresked\u0151je vagyunk. A kiv\u00e1l\u00f3 min\u0151s\u00e9g elv\u00e9t k\u00f6vetj\u00fck, a finomgy\u00e1rt\u00f3 m\u0171helyek iparos\u00edtott termel\u00e9sir\u00e1ny\u00edt\u00e1si strat\u00e9gi\u00e1j\u00e1ra t\u00e1maszkodunk, \u00e9s folyamatosan fejlesztj\u00fck m\u0171helyeink gy\u00e1rt\u00e1si platformj\u00e1t technol\u00f3giai tehets\u00e9gekkel, digit\u00e1lis, cs\u00facskateg\u00f3ri\u00e1s gy\u00e1rt\u00f3berendez\u00e9sekkel \u00e9s professzion\u00e1lis tesztel\u0151rendszerekkel. Arra t\u00f6reksz\u00fcnk, hogy nagy hat\u00e9konys\u00e1g\u00fa, nagy pontoss\u00e1g\u00fa \u00e9s kiv\u00e1l\u00f3 min\u0151s\u00e9g\u0171 term\u00e9keket k\u00edn\u00e1ljunk \u00fcgyfeleink sokr\u00e9t\u0171 ig\u00e9nyeinek kiel\u00e9g\u00edt\u00e9s\u00e9re. <\/p>\n<p>Elk\u00f6telezettek vagyunk az ir\u00e1nt, hogy professzion\u00e1lis, nemzetk\u00f6zileg tan\u00fas\u00edtott \u00e9s szem\u00e9lyre szabott szolg\u00e1ltat\u00e1sokat ny\u00fajtsunk \u00fcgyfeleinknek. Gy\u00e1rt\u00f3berendez\u00e9seink \u00e9s \u00e9rt\u00e9kes\u00edt\u00e9s ut\u00e1ni szolg\u00e1ltat\u00e1saink a legkiv\u00e1l\u00f3bbak, biztos\u00edtva term\u00e9keink optim\u00e1lis teljes\u00edtm\u00e9ny\u00e9t \u00e9s hossz\u00fa \u00e9lettartam\u00e1t. <\/p>\n<p><img decoding=\"async\" src=\"https:\/\/hzpt.com\/wp-content\/uploads\/2024\/11\/songte-company-1.webp\" \/><\/p>\n<p><em>Szerz\u0151: lyl<\/em><\/p>","protected":false},"excerpt":{"rendered":"<p>Bucket Cylinder For Kobelco Large Excavator SK450-6-6E Introduction The bucket cylinder for Kobelco large excavator SK450-6-6E is a specially designed hydraulic cylinder primarily used to control the movement of the bucket in heavy machinery such as excavators, backhoe excavators, and front-end loaders. Its main function is to enable lifting, lowering, and tilting of the bucket, [&hellip;]<\/p>","protected":false},"featured_media":14776,"comment_status":"open","ping_status":"closed","template":"","meta":{"_et_pb_use_builder":"","_et_pb_old_content":"","_et_gb_content_width":""},"product_brand":[],"product_cat":[1494],"product_tag":[1495,1496],"class_list":{"0":"post-15365","1":"product","2":"type-product","3":"status-publish","4":"has-post-thumbnail","6":"product_cat-bucket-cylinders","7":"product_tag-bucket-cylinders","8":"product_tag-hydraulic-cylinders","10":"first","11":"instock","12":"shipping-taxable","13":"product-type-simple"},"amp_enabled":true,"_links":{"self":[{"href":"https:\/\/www.hydraulic-cylinders.net\/hu\/wp-json\/wp\/v2\/product\/15365","targetHints":{"allow":["GET"]}}],"collection":[{"href":"https:\/\/www.hydraulic-cylinders.net\/hu\/wp-json\/wp\/v2\/product"}],"about":[{"href":"https:\/\/www.hydraulic-cylinders.net\/hu\/wp-json\/wp\/v2\/types\/product"}],"replies":[{"embeddable":true,"href":"https:\/\/www.hydraulic-cylinders.net\/hu\/wp-json\/wp\/v2\/comments?post=15365"}],"wp:featuredmedia":[{"embeddable":true,"href":"https:\/\/www.hydraulic-cylinders.net\/hu\/wp-json\/wp\/v2\/media\/14776"}],"wp:attachment":[{"href":"https:\/\/www.hydraulic-cylinders.net\/hu\/wp-json\/wp\/v2\/media?parent=15365"}],"wp:term":[{"taxonomy":"product_brand","embeddable":true,"href":"https:\/\/www.hydraulic-cylinders.net\/hu\/wp-json\/wp\/v2\/product_brand?post=15365"},{"taxonomy":"product_cat","embeddable":true,"href":"https:\/\/www.hydraulic-cylinders.net\/hu\/wp-json\/wp\/v2\/product_cat?post=15365"},{"taxonomy":"product_tag","embeddable":true,"href":"https:\/\/www.hydraulic-cylinders.net\/hu\/wp-json\/wp\/v2\/product_tag?post=15365"}],"curies":[{"name":"munkaf\u00fczet","href":"https:\/\/api.w.org\/{rel}","templated":true}]}}