{"id":15376,"date":"2025-01-19T14:27:11","date_gmt":"2025-01-19T14:27:11","guid":{"rendered":"https:\/\/www.hydraulic-cylinders.net\/product\/bucket-cylinder-for-yugong-wy75-7-8\/"},"modified":"2025-01-19T14:27:13","modified_gmt":"2025-01-19T14:27:13","slug":"bucket-cylinder-for-yugong-wy75-7-8","status":"publish","type":"product","link":"https:\/\/www.hydraulic-cylinders.net\/hu\/termek\/bucket-cylinder-for-yugong-wy75-7-8\/","title":{"rendered":"V\u00f6d\u00f6rhenger Yugong WY75-7-8-hoz"},"content":{"rendered":"<h2>Bevezet\u00e9s<\/h2>\n<h3>A Yugong WY75-7-8 v\u00f6d\u00f6rhenger\u00e9nek meghat\u00e1roz\u00e1sa<\/h3>\n<p>A Yugong WY75-7-8 kan\u00e1lhengere egy speci\u00e1lis hidraulikus henger, amelyet els\u0151sorban a neh\u00e9zg\u00e9pek, p\u00e9ld\u00e1ul kotr\u00f3g\u00e9pek, kotr\u00f3rakod\u00f3k \u00e9s homlokrakod\u00f3k kan\u00e1lmozg\u00e1s\u00e1nak vez\u00e9rl\u00e9s\u00e9re terveztek. Els\u0151dleges funkci\u00f3ja a kan\u00e1l emel\u00e9se, s\u00fcllyeszt\u00e9se \u00e9s billent\u00e9se, ez\u00e1ltal megk\u00f6nny\u00edtve a k\u00fcl\u00f6nf\u00e9le anyagmozgat\u00e1si feladatokat. A hidraulikus rendszerben a kan\u00e1lhenger a hidraulikaolaj nyom\u00e1s\u00e1nak v\u00e1ltoztat\u00e1s\u00e1val prec\u00edzen szab\u00e1lyozza a kan\u00e1l mozg\u00e1s\u00e1t, lehet\u0151v\u00e9 t\u00e9ve a kezel\u0151k sz\u00e1m\u00e1ra a neh\u00e9z terhek hat\u00e9kony kezel\u00e9s\u00e9t, valamint az \u00f6sszetett munkak\u00f6rnyezetekhez \u00e9s a v\u00e1ltozatos m\u0171k\u00f6d\u00e9si k\u00f6vetelm\u00e9nyekhez val\u00f3 alkalmazkod\u00e1st.<\/p>\n<p><img decoding=\"async\" src=\"https:\/\/www.hydraulic-cylinders.net\/wp-content\/uploads\/2025\/01\/songte-company-2.webp\"\/><\/p>\n<h3>A Yugong WY75-7-8 v\u00f6d\u00f6rhenger\u00e9nek jellemz\u0151i<\/h3>\n<ul>\n<li><strong>Nagy szil\u00e1rds\u00e1g \u00e9s tart\u00f3ss\u00e1g:<\/strong> \u00c1ltal\u00e1ban nagy szil\u00e1rds\u00e1g\u00fa ac\u00e9lb\u00f3l vagy alum\u00edniumb\u00f3l k\u00e9sz\u00fcl, \u00edgy ellen\u00e1ll a nagy nyom\u00e1snak \u00e9s a nagy terhel\u00e9seknek, alkalmazkodik a zord munkak\u00f6rnyezethez, \u00e9s kop\u00e1s\u00e1ll\u00f3s\u00e1ggal \u00e9s korr\u00f3zi\u00f3\u00e1ll\u00f3s\u00e1ggal tervezt\u00e9k, hogy meghosszabb\u00edtsa \u00e9lettartam\u00e1t.<\/li>\n<li><strong>Hat\u00e9kony hidraulikus m\u0171k\u00f6dtet\u00e9s:<\/strong> A hidraulikaolaj nyom\u00e1s\u00e1nak k\u00f6sz\u00f6nhet\u0151en sima t\u00e1gul\u00e1st \u00e9s \u00f6sszeh\u00faz\u00f3d\u00e1st biztos\u00edt, gyorsan reag\u00e1l a vez\u00e9rl\u0151parancsokra, er\u0151teljes tol\u00f3- \u00e9s h\u00faz\u00f3er\u0151t biztos\u00edtva, ami alkalmas neh\u00e9z terhek \u00e9s \u00f6sszetett \u00fczemeltet\u00e9si feladatok kezel\u00e9s\u00e9re.<\/li>\n<li><strong>K\u00fcl\u00f6nb\u00f6z\u0151 t\u00edpusok:<\/strong> Az egyir\u00e1ny\u00fa hidraulikus m\u0171k\u00f6dtet\u00e9s\u0171) vagy k\u00e9tir\u00e1ny\u00fa hidraulikus m\u0171k\u00f6dtet\u00e9s\u0171 hengerek a k\u00fcl\u00f6nb\u00f6z\u0151 m\u0171k\u00f6d\u00e9si ig\u00e9nyeknek megfelel\u0151en v\u00e1laszthat\u00f3k ki. Egyes modellek teleszk\u00f3posak, \u00edgy nagyobb kiny\u00fal\u00e1st tesznek lehet\u0151v\u00e9 a k\u00fcls\u0151 m\u00e9retek n\u00f6vel\u00e9se n\u00e9lk\u00fcl, \u00edgy alkalmasak korl\u00e1tozott helyig\u00e9ny\u0171 alkalmaz\u00e1sokhoz.<\/li>\n<li><strong>K\u00f6nnyen el\u0151\u00e1ll\u00edthat\u00f3:<\/strong> Term\u00e9keink t\u00f6k\u00e9letesen helyettes\u00edthetik ezeket a hidraulikus hengereket.<\/li>\n<\/ul>\n<p><img decoding=\"async\" src=\"https:\/\/www.hydraulic-cylinders.net\/wp-content\/uploads\/2025\/01\/songte-cylinder-head-with-all-kinds-excavator-models.webp\"\/><\/p>\n<h3>A Yugong WY75-7-8 v\u00f6d\u00f6rhenger\u00e9nek alkalmaz\u00e1sai<\/h3>\n<p>A Yugong WY75-7-8 kan\u00e1lhenger\u00e9t sz\u00e9les k\u00f6rben haszn\u00e1lj\u00e1k k\u00fcl\u00f6nf\u00e9le neh\u00e9zg\u00e9pekben, bele\u00e9rtve:<\/p>\n<ul>\n<li><strong>\u00c9p\u00edt\u0151ipari berendez\u00e9sek:<\/strong> Kotr\u00f3g\u00e9pekben elengedhetetlenek az \u00e1s\u00e1shoz, rakod\u00e1shoz \u00e9s a talaj vagy t\u00f6rmel\u00e9k mozgat\u00e1s\u00e1hoz. A kotr\u00f3g\u00e9p-rakod\u00f3kban a kan\u00e1lhengerek mind az \u00e1s\u00e1st, mind az emel\u00e9st seg\u00edtik. <\/li>\n<li><strong>Mez\u0151gazdas\u00e1gi g\u00e9pek:<\/strong> A homlokrakod\u00f3kban talaj, sz\u00e9na \u00e9s egy\u00e9b anyagok mer\u00e9s\u00e9re, emel\u00e9s\u00e9re \u00e9s sz\u00e1ll\u00edt\u00e1s\u00e1ra haszn\u00e1lt kan\u00e1lhengerek lehet\u0151v\u00e9 teszik a talaj \u00e1s\u00e1s\u00e1t. <\/li>\n<li><strong>Bet\u00f6lt\u0151:<\/strong> A homlokrakod\u00f3kban a kan\u00e1lhengerek hat\u00e9konyan emelik \u00e9s \u00fcr\u00edtik az \u00e1rukat.<\/li>\n<\/ul>\n<h3>Tervez\u00e9si szempontok \u00e9s kiv\u00e1laszt\u00e1si krit\u00e9riumok a Yugong WY75-7-8 v\u00f6d\u00f6rhenger\u00e9hez<\/h3>\n<p>A kan\u00e1lhengerek tervez\u00e9se \u00e9s kiv\u00e1laszt\u00e1sa sor\u00e1n sz\u00e1mos t\u00e9nyez\u0151t kell figyelembe venni a megb\u00edzhat\u00f3s\u00e1guk \u00e9s teljes\u00edtm\u00e9ny\u00fck biztos\u00edt\u00e1sa \u00e9rdek\u00e9ben. Ezek a t\u00e9nyez\u0151k a k\u00f6vetkez\u0151k:<\/p>\n<ul>\n<li><strong>Teherb\u00edr\u00e1s:<\/strong> Annak biztos\u00edt\u00e1sa, hogy a v\u00f6d\u00f6rhenger ellen\u00e1lljon a r\u00e1 hat\u00f3 terhel\u00e9seknek \u00e9s meghib\u00e1sod\u00e1s n\u00e9lk\u00fcl ell\u00e1ssa funkci\u00f3it.<\/li>\n<li><strong>T\u00f6m\u00edt\u00e9s:<\/strong> K\u00fcl\u00f6nb\u00f6z\u0151 t\u00f6m\u00edt\u00e9sek, p\u00e9ld\u00e1ul dugatty\u00fat\u00f6m\u00edt\u00e9sek, r\u00fadt\u00f6m\u00edt\u00e9sek stb. haszn\u00e1lat\u00e1val, valamint kop\u00e1s\u00e1ll\u00f3 anyagok, p\u00e9ld\u00e1ul poliuret\u00e1n \u00e9s nitrilkaucsuk t\u00f6m\u00edt\u00e9sek kiv\u00e1laszt\u00e1s\u00e1val a hengertestet \u00e9s a menetes v\u00e9gfel\u00fcletet finoman megmunk\u00e1lj\u00e1k a kop\u00e1s\u00e1ll\u00f3s\u00e1g jav\u00edt\u00e1sa \u00e9rdek\u00e9ben, \u00e9s a ken\u00e9shez rendszeres \u00fczemanyag-ut\u00e1nt\u00f6lt\u00e9s sz\u00fcks\u00e9ges.<\/li>\n<li><strong>Tart\u00f3ss\u00e1g:<\/strong> Biztos\u00edtja, hogy a kan\u00e1lhenger ellen\u00e1lljon a zord k\u00f6rnyezeti felt\u00e9teleknek, \u00e9s hossz\u00fa ideig meg\u0151rizze teljes\u00edtm\u00e9ny\u00e9t.<\/li>\n<li><strong>Biztons\u00e1g:<\/strong> Annak biztos\u00edt\u00e1sa, hogy a kan\u00e1lhenger biztons\u00e1gosan \u00fczemeltethet\u0151, \u00e9s ne jelentsen vesz\u00e9lyt a kezel\u0151kre vagy m\u00e1s berendez\u00e9sekre.<\/li>\n<li><strong>Karbantarthat\u00f3s\u00e1g:<\/strong> Biztos\u00edtva a kan\u00e1lhenger k\u00f6nny\u0171 karbantart\u00e1s\u00e1t \u00e9s jav\u00edt\u00e1s\u00e1t, cs\u00f6kkentve az \u00e1ll\u00e1sid\u0151t \u00e9s a karbantart\u00e1si k\u00f6lts\u00e9geket.<\/li>\n<\/ul>\n<p><img decoding=\"async\" src=\"https:\/\/www.hydraulic-cylinders.net\/wp-content\/uploads\/2025\/01\/songte-oil-pipes-and-spare-parts.webp\"\/><\/p>\n<h3>A Yugong WY75-7-8 v\u00f6d\u00f6rhenger\u00e9nek karbantart\u00e1sa \u00e9s hibaelh\u00e1r\u00edt\u00e1sa<\/h3>\n<p>A kan\u00e1lhengerek megb\u00edzhat\u00f3 m\u0171k\u00f6d\u00e9s\u00e9nek biztos\u00edt\u00e1s\u00e1hoz elengedhetetlen a rendszeres karbantart\u00e1s \u00e9s ellen\u0151rz\u00e9s. N\u00e9h\u00e1ny gyakori karbantart\u00e1si feladat:<\/p>\n<ul>\n<li><strong>Rendszeres ellen\u0151rz\u00e9s:<\/strong> A hengertest, a dugatty\u00fa, a r\u00fad \u00e9s a t\u00f6m\u00edt\u00e9sek kop\u00e1s\u00e1nak \u00e9s s\u00e9r\u00fcl\u00e9s\u00e9nek ellen\u0151rz\u00e9se.<\/li>\n<li><strong>Ken\u00e9s:<\/strong> A hengertestre \u00e9s a t\u00f6m\u00edt\u00e9sekre megfelel\u0151 mennyis\u00e9g\u0171 hidraulikaolajat kell felvinni a z\u00f6kken\u0151mentes m\u0171k\u00f6d\u00e9s biztos\u00edt\u00e1sa, valamint a kop\u00e1s \u00e9s a k\u00e1rosod\u00e1s megel\u0151z\u00e9se \u00e9rdek\u00e9ben.<\/li>\n<li><strong>T\u00f6m\u00edt\u00e9scsere:<\/strong> A kopott vagy s\u00e9r\u00fclt t\u00f6m\u00edt\u00e9sek cser\u00e9je a henger t\u00f6m\u00edt\u0151teljes\u00edtm\u00e9ny\u00e9nek fenntart\u00e1sa \u00e9rdek\u00e9ben.<\/li>\n<\/ul>\n<p>A megfelel\u0151 beszerel\u00e9s, ken\u00e9s \u00e9s be\u00e1ll\u00edt\u00e1s elengedhetetlen a kan\u00e1lhengerek megb\u00edzhat\u00f3 \u00e9s biztons\u00e1gos m\u0171k\u00f6d\u00e9s\u00e9hez. A beszerel\u00e9s sor\u00e1n aj\u00e1nlott a hengert megfelel\u0151en be\u00e1ll\u00edtani, \u00e9s megfelel\u0151 r\u00f6gz\u00edt\u0151konzolokat haszn\u00e1lni a henger r\u00f6gz\u00edt\u00e9s\u00e9hez. A kan\u00e1lhenger \u00e9lettartam\u00e1nak meghosszabb\u00edt\u00e1sa \u00e9s megb\u00edzhat\u00f3s\u00e1g\u00e1nak jav\u00edt\u00e1sa \u00e9rdek\u00e9ben aj\u00e1nlott rendszeres ellen\u0151rz\u00e9st, jav\u00edt\u00e1st \u00e9s cser\u00e9t v\u00e9gezni.<\/p>\n<p><img decoding=\"async\" src=\"https:\/\/www.hydraulic-cylinders.net\/wp-content\/uploads\/2025\/01\/songte-chushion-collar.webp\"\/><\/p>\n<h3>A Yugong WY75-7-8 v\u00f6d\u00f6rhenger\u00e9nek biztons\u00e1gi szempontjai \u00e9s k\u00f6rnyezeti t\u00e9nyez\u0151i<\/h3>\n<p>V\u00f6dr\u00f6s palackok haszn\u00e1latakor biztons\u00e1gi int\u00e9zked\u00e9seket kell tenni a balesetek megel\u0151z\u00e9se \u00e9s a biztons\u00e1gos \u00fczemeltet\u00e9s biztos\u00edt\u00e1sa \u00e9rdek\u00e9ben. Javasolt a biztons\u00e1gi ir\u00e1nyelvek betart\u00e1sa \u00e9s a megfelel\u0151 szem\u00e9lyi v\u00e9d\u0151felszerel\u00e9s, p\u00e9ld\u00e1ul keszty\u0171 \u00e9s szemv\u00e9d\u0151 haszn\u00e1lata. A k\u00f6rnyezeti t\u00e9nyez\u0151ket, p\u00e9ld\u00e1ul a h\u0151m\u00e9rs\u00e9kletet, a p\u00e1ratartalmat, valamint a vegyszereknek vagy korroz\u00edv anyagoknak val\u00f3 kitetts\u00e9get is figyelembe kell venni, \u00e9s megfelel\u0151 int\u00e9zked\u00e9seket kell tenni a palack s\u00e9r\u00fcl\u00e9sekt\u0151l val\u00f3 v\u00e9delme \u00e9rdek\u00e9ben.<\/p>\n<p><img decoding=\"async\" src=\"https:\/\/www.hydraulic-cylinders.net\/wp-content\/uploads\/2025\/01\/songte-bushings-with-all-kinds-of-excavator-models.webp\"\/><\/p>\n<h3>K\u00f6vetkeztet\u00e9s<\/h3>\n<p>A hidraulikus hengerek vezet\u0151 gy\u00e1rt\u00f3jak\u00e9nt \u00e9s nagykeresked\u0151jek\u00e9nt sz\u00e9les term\u00e9kv\u00e1laszt\u00e9kot k\u00edn\u00e1lunk, hogy kiel\u00e9g\u00edts\u00fck a k\u00fcl\u00f6nf\u00e9le m\u0171k\u00f6d\u00e9si ig\u00e9nyeket. A min\u0151s\u00e9g, a termel\u00e9sir\u00e1ny\u00edt\u00e1s \u00e9s az \u00fcgyf\u00e9lszolg\u00e1lat ir\u00e1nti elk\u00f6telezetts\u00e9g\u00fcnk vezet\u0151v\u00e9 tett minket a glob\u00e1lis piacon. Korszer\u0171 gy\u00e1rt\u00f3l\u00e9tes\u00edtm\u00e9nyeinkkel \u00e9s magasan k\u00e9pzett m\u0171szaki csapatunkkal elk\u00f6telezettek vagyunk amellett, hogy hat\u00e9kony, pontos \u00e9s kiv\u00e1l\u00f3 min\u0151s\u00e9g\u0171 term\u00e9keket biztos\u00edtsunk \u00fcgyfeleinknek. C\u00e9g\u00fcnk professzion\u00e1lis testreszab\u00e1si szolg\u00e1ltat\u00e1sokat, nemzetk\u00f6zi tan\u00fas\u00edt\u00e1st \u00e9s kiv\u00e1l\u00f3 \u00e9rt\u00e9kes\u00edt\u00e9s ut\u00e1ni szolg\u00e1ltat\u00e1sokat k\u00edn\u00e1l az \u00fcgyfelek el\u00e9gedetts\u00e9g\u00e9nek biztos\u00edt\u00e1sa \u00e9rdek\u00e9ben.<\/p>\n<p><img decoding=\"async\" src=\"https:\/\/hzpt.com\/wp-content\/uploads\/2024\/11\/songte-company-1.webp\"\/><\/p>\n<p>Szerz\u0151: lyl<\/p>","protected":false},"excerpt":{"rendered":"<p>Introduction Definition of Bucket Cylinder For Yugong WY75-7-8 The bucket cylinder for Yugong WY75-7-8 is a type of specialized hydraulic cylinder designed primarily to control the movement of the bucket in heavy machinery such as excavators, backhoe loaders, and front-end loaders. Its primary function is to enable the bucket to lift, lower, and tilt, thus [&hellip;]<\/p>","protected":false},"featured_media":14784,"comment_status":"open","ping_status":"closed","template":"","meta":{"_et_pb_use_builder":"","_et_pb_old_content":"","_et_gb_content_width":""},"product_brand":[],"product_cat":[1494],"product_tag":[1495,1496],"class_list":{"0":"post-15376","1":"product","2":"type-product","3":"status-publish","4":"has-post-thumbnail","6":"product_cat-bucket-cylinders","7":"product_tag-bucket-cylinders","8":"product_tag-hydraulic-cylinders","10":"first","11":"instock","12":"shipping-taxable","13":"product-type-simple"},"amp_enabled":true,"_links":{"self":[{"href":"https:\/\/www.hydraulic-cylinders.net\/hu\/wp-json\/wp\/v2\/product\/15376","targetHints":{"allow":["GET"]}}],"collection":[{"href":"https:\/\/www.hydraulic-cylinders.net\/hu\/wp-json\/wp\/v2\/product"}],"about":[{"href":"https:\/\/www.hydraulic-cylinders.net\/hu\/wp-json\/wp\/v2\/types\/product"}],"replies":[{"embeddable":true,"href":"https:\/\/www.hydraulic-cylinders.net\/hu\/wp-json\/wp\/v2\/comments?post=15376"}],"wp:featuredmedia":[{"embeddable":true,"href":"https:\/\/www.hydraulic-cylinders.net\/hu\/wp-json\/wp\/v2\/media\/14784"}],"wp:attachment":[{"href":"https:\/\/www.hydraulic-cylinders.net\/hu\/wp-json\/wp\/v2\/media?parent=15376"}],"wp:term":[{"taxonomy":"product_brand","embeddable":true,"href":"https:\/\/www.hydraulic-cylinders.net\/hu\/wp-json\/wp\/v2\/product_brand?post=15376"},{"taxonomy":"product_cat","embeddable":true,"href":"https:\/\/www.hydraulic-cylinders.net\/hu\/wp-json\/wp\/v2\/product_cat?post=15376"},{"taxonomy":"product_tag","embeddable":true,"href":"https:\/\/www.hydraulic-cylinders.net\/hu\/wp-json\/wp\/v2\/product_tag?post=15376"}],"curies":[{"name":"munkaf\u00fczet","href":"https:\/\/api.w.org\/{rel}","templated":true}]}}