{"id":15381,"date":"2025-01-19T14:27:37","date_gmt":"2025-01-19T14:27:37","guid":{"rendered":"https:\/\/www.hydraulic-cylinders.net\/product\/bucket-cylinder-for-grand-cme85-9\/"},"modified":"2025-01-19T14:27:39","modified_gmt":"2025-01-19T14:27:39","slug":"bucket-cylinder-for-grand-cme85-9","status":"publish","type":"product","link":"https:\/\/www.hydraulic-cylinders.net\/hu\/termek\/bucket-cylinder-for-grand-cme85-9\/","title":{"rendered":"Kan\u00e1lhenger Grand CME85-9-hez"},"content":{"rendered":"<h1>Kan\u00e1lhenger Grand CME85-9-hez <\/h1>\n<h2>Bevezet\u00e9s<\/h2>\n<p>A Grand CME85-9 kan\u00e1lhengere egy speci\u00e1lis hidraulikus henger, amelyet neh\u00e9zg\u00e9pek, p\u00e9ld\u00e1ul kotr\u00f3g\u00e9pek, kotr\u00f3rakod\u00f3k \u00e9s homlokrakod\u00f3k kan\u00e1lmozg\u00e1s\u00e1nak vez\u00e9rl\u00e9s\u00e9re haszn\u00e1lnak. F\u0151 funkci\u00f3ja a kan\u00e1l emel\u00e9se, s\u00fcllyeszt\u00e9se \u00e9s billent\u00e9se, hogy megk\u00f6nny\u00edtse a k\u00fcl\u00f6nf\u00e9le anyagmozgat\u00e1si feladatokat. A kan\u00e1lhenger a hidraulikaolaj nyom\u00e1s\u00e1nak v\u00e1ltoztat\u00e1s\u00e1val \u00e9ri el a kan\u00e1l pontos vez\u00e9rl\u00e9s\u00e9t a hidraulikarendszerben. Ez lehet\u0151v\u00e9 teszi a kezel\u0151 sz\u00e1m\u00e1ra, hogy hat\u00e9konyan kezelje a neh\u00e9z terheket, alkalmazkodjon az \u00f6sszetett munkak\u00f6rnyezetekhez \u00e9s a v\u00e1ltozatos \u00fczemeltet\u00e9si ig\u00e9nyekhez.<\/p>\n<p><img decoding=\"async\" src=\"https:\/\/www.hydraulic-cylinders.net\/wp-content\/uploads\/2025\/01\/songte-company-2.webp\" alt=\"Kan\u00e1lhenger Grand CME85-9-hez K\u00e9p\"><\/p>\n<h2>Jellemz\u0151k<\/h2>\n<ul>\n<li>\n<h3>Nagy szil\u00e1rds\u00e1g \u00e9s tart\u00f3ss\u00e1g<\/h3>\n<p>Ezek a hengerek jellemz\u0151en nagy szil\u00e1rds\u00e1g\u00fa ac\u00e9lb\u00f3l vagy alum\u00edniumb\u00f3l k\u00e9sz\u00fclnek, \u00e9s k\u00e9pesek ellen\u00e1llni a nagy nyom\u00e1snak \u00e9s a nagy terhel\u00e9seknek, \u00edgy alkalmasak zord munkak\u00f6rnyezetben val\u00f3 haszn\u00e1latra. Tervez\u00e9s\u00fck sor\u00e1n figyelembe vett\u00e9k a kop\u00e1s\u00e1ll\u00f3s\u00e1got \u00e9s a korr\u00f3zi\u00f3\u00e1ll\u00f3s\u00e1got, hogy meghosszabb\u00edts\u00e1k \u00e9lettartamukat.<\/p>\n<\/li>\n<li>\n<h3>Hat\u00e9kony hidraulikus m\u0171k\u00f6dtet\u00e9s<\/h3>\n<p>A kan\u00e1lhenger a hidraulikaolaj nyom\u00e1s\u00e1nak k\u00f6sz\u00f6nhet\u0151en sima kitol\u00e1si \u00e9s visszah\u00faz\u00e1si mozg\u00e1sokat biztos\u00edt. Gyorsan reag\u00e1l a vez\u00e9rl\u0151parancsokra, \u00edgy nagy tol\u00f3- \u00e9s h\u00faz\u00f3er\u0151t biztos\u00edt a neh\u00e9z terhek \u00e9s az \u00f6sszetett m\u0171k\u00f6d\u00e9si feladatok kezel\u00e9s\u00e9hez.<\/p>\n<\/li>\n<li>\n<h3>T\u00f6bb t\u00edpus<\/h3>\n<p>A henger az \u00fczemeltet\u00e9si ig\u00e9nyeknek megfelel\u0151en v\u00e1laszthat\u00f3 egyszeres m\u0171k\u00f6d\u00e9s\u0171k\u00e9nt (a hidraulikus nyom\u00e1s csak az egyik ir\u00e1nyban m\u0171k\u00f6dik) vagy kett\u0151s m\u0171k\u00f6d\u00e9s\u0171k\u00e9nt (a hidraulikus nyom\u00e1s mindk\u00e9t ir\u00e1nyban m\u0171k\u00f6dik). Egyes modellek teleszk\u00f3posak, \u00edgy nagyobb kiny\u00fal\u00e1st tesznek lehet\u0151v\u00e9 a k\u00fcls\u0151 m\u00e9retek n\u00f6vel\u00e9se n\u00e9lk\u00fcl, \u00edgy alkalmasak korl\u00e1tozott helyig\u00e9ny\u0171 alkalmaz\u00e1sokhoz.<\/p>\n<\/li>\n<li>\n<h3>Hidraulikus hengerek helyettes\u00edt\u0151jek\u00e9nt haszn\u00e1lhat\u00f3<\/h3>\n<p>C\u00e9g\u00fcnk olyan hidraulikus hengereket gy\u00e1rt, amelyek t\u00f6k\u00e9letesen helyettes\u00edtik az eredeti hengereket.<\/p>\n<\/li>\n<li>\n<h3>Sz\u00e9les k\u00f6r\u0171 alkalmaz\u00e1s<\/h3>\n<p>A kan\u00e1lhengereket k\u00fcl\u00f6nf\u00e9le \u00e9p\u00edt\u0151ipari \u00e9s mez\u0151gazdas\u00e1gi g\u00e9pekben haszn\u00e1lj\u00e1k, p\u00e9ld\u00e1ul kotr\u00f3g\u00e9pekben, homlokrakod\u00f3kban \u00e9s kotr\u00f3rakod\u00f3kban. Elengedhetetlenek a talaj, sz\u00e9na \u00e9s egy\u00e9b anyagok ki\u00e1s\u00e1s\u00e1hoz, rakod\u00e1s\u00e1hoz \u00e9s sz\u00e1ll\u00edt\u00e1s\u00e1hoz. <\/p>\n<\/li>\n<\/ul>\n<p><img decoding=\"async\" src=\"https:\/\/www.hydraulic-cylinders.net\/wp-content\/uploads\/2025\/01\/songte-cylinder-head-with-all-kinds-excavator-models.webp\" alt=\"Kan\u00e1lhenger Grand CME85-9-hez K\u00e9p\"><\/p>\n<h2>Alkalmaz\u00e1sok<\/h2>\n<p>A kan\u00e1lhenger k\u00fcl\u00f6nf\u00e9le \u00e9p\u00edt\u0151ipari \u00e9s mez\u0151gazdas\u00e1gi g\u00e9pekben haszn\u00e1lhat\u00f3 az olyan feladatok elv\u00e9gz\u00e9s\u00e9re, mint:<\/p>\n<ul>\n<li>\n<h3>F\u00f6ldmunk\u00e1k<\/h3>\n<p>A kan\u00e1lhengerek lehet\u0151v\u00e9 teszik, hogy a kan\u00e1l behatoljon a talajba a kitermel\u00e9shez.<\/p>\n<\/li>\n<li>\n<h3>Rakod\u00e1s \u00e9s sz\u00e1ll\u00edt\u00e1s<\/h3>\n<p>A henger biztos\u00edtja a sz\u00fcks\u00e9ges emel\u0151er\u0151t a talaj, sz\u00e9na \u00e9s egy\u00e9b anyagok berakod\u00e1s\u00e1hoz \u00e9s sz\u00e1ll\u00edt\u00e1s\u00e1hoz.<\/p>\n<\/li>\n<li>\n<h3>T\u00f6rmel\u00e9ksz\u00e1ll\u00edt\u00e1s<\/h3>\n<p>A kan\u00e1lhengereket t\u00f6rmel\u00e9k \u00e9s egy\u00e9b t\u00e1rgyak mozgat\u00e1s\u00e1ra haszn\u00e1lj\u00e1k, \u00edgy elengedhetetlenek a takar\u00edt\u00e1si \u00e9s bont\u00e1si feladatokhoz.<\/p>\n<\/li>\n<\/ul>\n<h2>Tervez\u00e9si szempontok \u00e9s kiv\u00e1laszt\u00e1si krit\u00e9riumok<\/h2>\n<p>A hengeres hord\u00f3 kiv\u00e1laszt\u00e1sakor a k\u00f6vetkez\u0151 tervez\u00e9si szempontokat \u00e9s kiv\u00e1laszt\u00e1si krit\u00e9riumokat kell figyelembe venni:<\/p>\n<ul>\n<li>\n<h3>Teherb\u00edr\u00e1s<\/h3>\n<p>A hengernek k\u00e9pesnek kell lennie a g\u00e9p \u00e9s a kezelt anyag terhel\u00e9s\u00e9nek elvisel\u00e9s\u00e9re.<\/p>\n<\/li>\n<li>\n<h3>T\u00f6m\u00edt\u00e9s \u00e9s tart\u00f3ss\u00e1g<\/h3>\n<p>A hengert tart\u00f3s t\u00f6m\u00edt\u00e9sekkel \u00e9s anyagokkal kell megtervezni, hogy biztos\u00edts\u00e1k a hossz\u00fa \u00e9lettartam\u00e1t, valamint a kop\u00e1s- \u00e9s korr\u00f3zi\u00f3\u00e1ll\u00f3s\u00e1g\u00e1t.<\/p>\n<\/li>\n<li>\n<h3>Biztons\u00e1g \u00e9s karbantart\u00e1s<\/h3>\n<p>A palackot a biztons\u00e1g \u00e9s a k\u00f6nny\u0171 karbantart\u00e1s szem el\u0151tt tart\u00e1s\u00e1val kell megtervezni, hogy megel\u0151zze a baleseteket \u00e9s meghosszabb\u00edtsa \u00e9lettartam\u00e1t. <\/p>\n<\/li>\n<\/ul>\n<p><img decoding=\"async\" src=\"https:\/\/www.hydraulic-cylinders.net\/wp-content\/uploads\/2025\/01\/songte-oil-pipes-and-spare-parts.webp\" alt=\"Kan\u00e1lhenger Grand CME85-9-hez K\u00e9p\"><\/p>\n<h2>T\u00f6m\u00edt\u00e9s \u00e9s ken\u00e9s<\/h2>\n<p>A kan\u00e1lhengert k\u00fcl\u00f6nf\u00e9le t\u00f6m\u00edt\u00e9sekkel kell ell\u00e1tni, p\u00e9ld\u00e1ul dugatty\u00fat\u00f6m\u00edt\u00e9sekkel \u00e9s r\u00fadt\u00f6m\u00edt\u00e9sekkel, amelyek kop\u00e1s\u00e1ll\u00f3 anyagokb\u00f3l, p\u00e9ld\u00e1ul poliuret\u00e1nb\u00f3l \u00e9s nitrilgumib\u00f3l k\u00e9sz\u00fclnek. A hengertestet \u00e9s a menetes fel\u00fcletet finoman kell kezelni a kop\u00e1s\u00e1ll\u00f3s\u00e1g jav\u00edt\u00e1sa \u00e9rdek\u00e9ben. A henger z\u00f6kken\u0151mentes \u00e9s hat\u00e9kony m\u0171k\u00f6d\u00e9s\u00e9nek biztos\u00edt\u00e1s\u00e1hoz rendszeres ken\u00e9s sz\u00fcks\u00e9ges megfelel\u0151 hidraulikaolajjal.<\/p>\n<h2>Karbantart\u00e1s \u00e9s hibaelh\u00e1r\u00edt\u00e1s<\/h2>\n<p>A serleghenger megfelel\u0151 m\u0171k\u00f6d\u00e9s\u00e9nek biztos\u00edt\u00e1s\u00e1hoz rendszeres karbantart\u00e1s \u00e9s hibaelh\u00e1r\u00edt\u00e1s sz\u00fcks\u00e9ges. A k\u00f6vetkez\u0151 feladatokat kell elv\u00e9gezni:<\/p>\n<ul>\n<li>\n<h3>Rendszeres ellen\u0151rz\u00e9s<\/h3>\n<p>A palack \u00e9s alkatr\u00e9szeinek rendszeres ellen\u0151rz\u00e9se kor\u00e1n felismerheti a potenci\u00e1lis probl\u00e9m\u00e1kat \u00e9s megel\u0151zheti a baleseteket.<\/p>\n<\/li>\n<li>\n<h3>Megfelel\u0151 ken\u00e9s<\/h3>\n<p>A megfelel\u0151 hidraulikaolajjal t\u00f6rt\u00e9n\u0151 megfelel\u0151 ken\u00e9s biztos\u00edthatja a henger z\u00f6kken\u0151mentes \u00e9s hat\u00e9kony m\u0171k\u00f6d\u00e9s\u00e9t.<\/p>\n<\/li>\n<li>\n<h3>T\u00f6m\u00edt\u00e9scsere \u00e9s kalibr\u00e1l\u00e1s ellen\u0151rz\u00e9se<\/h3>\n<p>A kopott t\u00f6m\u00edt\u00e9sek cser\u00e9je \u00e9s a henger kalibr\u00e1l\u00e1s\u00e1nak ellen\u0151rz\u00e9se meghosszabb\u00edthatja annak \u00e9lettartam\u00e1t.<\/p>\n<\/li>\n<\/ul>\n<p><img decoding=\"async\" src=\"https:\/\/www.hydraulic-cylinders.net\/wp-content\/uploads\/2025\/01\/songte-chushion-collar.webp\" alt=\"Kan\u00e1lhenger Grand CME85-9-hez K\u00e9p\"><\/p>\n<h2>Biztons\u00e1gi szempontok \u00e9s k\u00f6rnyezeti t\u00e9nyez\u0151k<\/h2>\n<p>A v\u00f6dr\u00f6s henger haszn\u00e1latakor a biztons\u00e1gnak kell lennie a legfontosabbnak. Fontos a biztons\u00e1gi ir\u00e1nyelvek betart\u00e1sa \u00e9s a megfelel\u0151 v\u00e9d\u0151felszerel\u00e9s visel\u00e9se a balesetek megel\u0151z\u00e9se \u00e9rdek\u00e9ben. A henger \u00fczemeltet\u00e9se sor\u00e1n a k\u00f6rnyezeti t\u00e9nyez\u0151ket, p\u00e9ld\u00e1ul a h\u0151m\u00e9rs\u00e9kletet \u00e9s a p\u00e1ratartalmat is figyelembe kell venni.<\/p>\n<h2>C\u00e9gbemutat\u00f3<\/h2>\n<p>C\u00e9g\u00fcnk hidraulikus hengerek gy\u00e1rt\u00f3ja, sz\u00e9les term\u00e9kv\u00e1laszt\u00e9kot k\u00edn\u00e1l, \u00e9s a hazai \u00e9s nemzetk\u00f6zi piacok egyik vezet\u0151 hidraulikus hengergy\u00e1rt\u00f3j\u00e1v\u00e1 \u00e9s nagykereskedelmi forgalmaz\u00f3j\u00e1v\u00e1 v\u00e1lt. A kiv\u00e1l\u00f3 min\u0151s\u00e9g elv\u00e9t k\u00f6vetj\u00fck, \u00e9s a kifinomult gy\u00e1rt\u00f3m\u0171helyek ipari termel\u00e9sir\u00e1ny\u00edt\u00e1si strat\u00e9gi\u00e1j\u00e1ra t\u00e1maszkodunk. Folyamatosan fejlesztj\u00fck gy\u00e1rt\u00e1si platformjainkat technol\u00f3giai tehets\u00e9gekbe, digit\u00e1lis cs\u00facskateg\u00f3ri\u00e1s gy\u00e1rt\u00f3berendez\u00e9sekbe \u00e9s professzion\u00e1lis tesztel\u0151rendszerekbe t\u00f6rt\u00e9n\u0151 befektet\u00e9sekkel. C\u00e9lunk, hogy nagy hat\u00e9konys\u00e1g\u00fa, prec\u00edz \u00e9s min\u0151s\u00e9gi term\u00e9keket k\u00edn\u00e1ljunk, amelyek megfelelnek \u00fcgyfeleink ig\u00e9nyeinek.<\/p>\n<p><img decoding=\"async\" src=\"https:\/\/hzpt.com\/wp-content\/uploads\/2024\/11\/songte-company-1.webp\" alt=\"Kan\u00e1lhenger Grand CME85-9-hez K\u00e9p\"><\/p>\n<h2>Tov\u00e1bbi inform\u00e1ci\u00f3k<\/h2>\n<p>C\u00e9g\u00fcnk professzionalizmus\u00e1r\u00f3l, nemzetk\u00f6zi tan\u00fas\u00edtv\u00e1nyair\u00f3l, testreszabott szolg\u00e1ltat\u00e1sair\u00f3l, gy\u00e1rt\u00f3berendez\u00e9seir\u0151l \u00e9s \u00e9rt\u00e9kes\u00edt\u00e9s ut\u00e1ni szolg\u00e1ltat\u00e1sair\u00f3l ismert. Sz\u00e9les term\u00e9kv\u00e1laszt\u00e9kot k\u00edn\u00e1lunk, kiv\u00e1l\u00f3 min\u0151s\u00e9get, versenyk\u00e9pes \u00e1rakat \u00e9s id\u0151ben t\u00f6rt\u00e9n\u0151 sz\u00e1ll\u00edt\u00e1st biztos\u00edtunk \u00fcgyfeleinknek.<\/p>\n<h2>Szerz\u0151: lyl<\/h2>","protected":false},"excerpt":{"rendered":"<p>Bucket Cylinder For Grand CME85-9 Introduction The bucket cylinder for Grand CME85-9 is a specialized hydraulic cylinder used to control the movement of the bucket in heavy machinery such as excavators, backhoe loaders, and front end loaders. Its main function is to enable lifting, lowering, and tilting of the bucket to facilitate various material handling [&hellip;]<\/p>","protected":false},"featured_media":14773,"comment_status":"open","ping_status":"closed","template":"","meta":{"_et_pb_use_builder":"","_et_pb_old_content":"","_et_gb_content_width":""},"product_brand":[],"product_cat":[1494],"product_tag":[1495,1496],"class_list":{"0":"post-15381","1":"product","2":"type-product","3":"status-publish","4":"has-post-thumbnail","6":"product_cat-bucket-cylinders","7":"product_tag-bucket-cylinders","8":"product_tag-hydraulic-cylinders","10":"first","11":"instock","12":"shipping-taxable","13":"product-type-simple"},"amp_enabled":true,"_links":{"self":[{"href":"https:\/\/www.hydraulic-cylinders.net\/hu\/wp-json\/wp\/v2\/product\/15381","targetHints":{"allow":["GET"]}}],"collection":[{"href":"https:\/\/www.hydraulic-cylinders.net\/hu\/wp-json\/wp\/v2\/product"}],"about":[{"href":"https:\/\/www.hydraulic-cylinders.net\/hu\/wp-json\/wp\/v2\/types\/product"}],"replies":[{"embeddable":true,"href":"https:\/\/www.hydraulic-cylinders.net\/hu\/wp-json\/wp\/v2\/comments?post=15381"}],"wp:featuredmedia":[{"embeddable":true,"href":"https:\/\/www.hydraulic-cylinders.net\/hu\/wp-json\/wp\/v2\/media\/14773"}],"wp:attachment":[{"href":"https:\/\/www.hydraulic-cylinders.net\/hu\/wp-json\/wp\/v2\/media?parent=15381"}],"wp:term":[{"taxonomy":"product_brand","embeddable":true,"href":"https:\/\/www.hydraulic-cylinders.net\/hu\/wp-json\/wp\/v2\/product_brand?post=15381"},{"taxonomy":"product_cat","embeddable":true,"href":"https:\/\/www.hydraulic-cylinders.net\/hu\/wp-json\/wp\/v2\/product_cat?post=15381"},{"taxonomy":"product_tag","embeddable":true,"href":"https:\/\/www.hydraulic-cylinders.net\/hu\/wp-json\/wp\/v2\/product_tag?post=15381"}],"curies":[{"name":"munkaf\u00fczet","href":"https:\/\/api.w.org\/{rel}","templated":true}]}}