{"id":15397,"date":"2025-01-19T14:28:48","date_gmt":"2025-01-19T14:28:48","guid":{"rendered":"https:\/\/www.hydraulic-cylinders.net\/product\/bucket-cylinder-for-volvo-middle-excavator-ecr235e\/"},"modified":"2025-01-19T14:28:50","modified_gmt":"2025-01-19T14:28:50","slug":"bucket-cylinder-for-volvo-middle-excavator-ecr235e","status":"publish","type":"product","link":"https:\/\/www.hydraulic-cylinders.net\/hu\/termek\/bucket-cylinder-for-volvo-middle-excavator-ecr235e\/","title":{"rendered":"Kan\u00e1lhenger Volvo k\u00f6z\u00e9ps\u0151 kotr\u00f3g\u00e9phez ECR235E"},"content":{"rendered":"<h1>Kan\u00e1lhenger Volvo k\u00f6z\u00e9ps\u0151 kotr\u00f3g\u00e9phez ECR235E<\/h1>\n<h2>Bevezet\u00e9s<\/h2>\n<p>A kan\u00e1lhenger egy speci\u00e1lisan tervezett hidraulikus henger, amelyet els\u0151sorban a kan\u00e1l mozg\u00e1s\u00e1nak vez\u00e9rl\u00e9s\u00e9re haszn\u00e1lnak neh\u00e9zg\u00e9pekben, p\u00e9ld\u00e1ul kotr\u00f3g\u00e9pekben, kotr\u00f3g\u00e9pekben \u00e9s homlokrakod\u00f3kban. F\u0151 funkci\u00f3ja a kan\u00e1l emel\u00e9s\u00e9nek, s\u00fcllyeszt\u00e9s\u00e9nek \u00e9s billent\u00e9s\u00e9nek lehet\u0151v\u00e9 t\u00e9tele, megk\u00f6nny\u00edtve a k\u00fcl\u00f6nf\u00e9le anyagmozgat\u00e1si feladatok elv\u00e9gz\u00e9s\u00e9t. A hidraulikus rendszerben a kan\u00e1lhenger a hidraulikaolaj nyom\u00e1sv\u00e1ltoz\u00e1s\u00e1val \u00e9ri el a kan\u00e1l pontos vez\u00e9rl\u00e9s\u00e9t, lehet\u0151v\u00e9 t\u00e9ve a kezel\u0151k sz\u00e1m\u00e1ra, hogy hat\u00e9konyan kezelj\u00e9k a neh\u00e9z terheket, \u00e9s alkalmazkodjanak az \u00f6sszetett munkak\u00f6rnyezetekhez \u00e9s a v\u00e1ltozatos munkak\u00f6vetelm\u00e9nyekhez.<\/p>\n<p><img decoding=\"async\" src=\"https:\/\/www.hydraulic-cylinders.net\/wp-content\/uploads\/2025\/01\/songte-company-2.webp\" alt=\"Kan\u00e1lhenger Volvo k\u00f6z\u00e9ps\u0151 kotr\u00f3g\u00e9phez ECR235E\"><\/p>\n<h2>Jellemz\u0151k<\/h2>\n<ul>\n<li>Nagy szil\u00e1rds\u00e1g \u00e9s tart\u00f3ss\u00e1g: \u00c1ltal\u00e1ban nagy szil\u00e1rds\u00e1g\u00fa ac\u00e9lb\u00f3l vagy alum\u00edniumb\u00f3l k\u00e9sz\u00fcl, ellen\u00e1ll a nagy nyom\u00e1snak \u00e9s a nagy terhel\u00e9seknek, alkalmazkodik a zord munkak\u00f6rnyezethez, \u00e9s kop\u00e1s\u00e1ll\u00f3s\u00e1ggal \u00e9s korr\u00f3zi\u00f3\u00e1ll\u00f3s\u00e1ggal tervezt\u00e9k, hogy meghosszabb\u00edtsa \u00e9lettartam\u00e1t.<\/li>\n<li>Hat\u00e9kony hidraulikus m\u0171k\u00f6d\u00e9s: A hidraulikaolaj nyom\u00e1s\u00e1t haszn\u00e1lva \u00e9ri el a sima t\u00e1gul\u00e1st \u00e9s \u00f6sszeh\u00faz\u00f3d\u00e1st, gyorsan reag\u00e1l a vez\u00e9rl\u0151parancsokra, er\u0151teljes tol\u00f3- \u00e9s h\u00faz\u00f3er\u0151t biztos\u00edt, \u00e9s alkalmas neh\u00e9z terhek \u00e9s \u00f6sszetett feladatok kezel\u00e9s\u00e9re.<\/li>\n<li>K\u00fcl\u00f6nb\u00f6z\u0151 t\u00edpusok: Az egyir\u00e1ny\u00fa hidraulikus m\u0171k\u00f6dtet\u00e9s\u0171) vagy a k\u00e9tir\u00e1ny\u00fa (mindk\u00e9t ir\u00e1ny\u00fa hidraulikus m\u0171k\u00f6dtet\u00e9s\u0171) hengerek a k\u00f6vetelm\u00e9nyeknek megfelel\u0151en v\u00e1laszthat\u00f3k ki, hogy megfeleljenek a k\u00fcl\u00f6nb\u00f6z\u0151 m\u0171k\u00f6d\u00e9si ig\u00e9nyeknek. Egyes modellek teleszk\u00f3posak, \u00edgy nagyobb kiny\u00fal\u00e1st tesznek lehet\u0151v\u00e9 a k\u00fcls\u0151 m\u00e9retek n\u00f6vel\u00e9se n\u00e9lk\u00fcl, \u00edgy alkalmasak korl\u00e1tozott helyig\u00e9ny\u0171 alkalmaz\u00e1sokhoz.<\/li>\n<li>T\u00f6k\u00e9letes csere: Term\u00e9keink t\u00f6k\u00e9letesen helyettes\u00edthetik ezeket a hidraulikus hengereket.<\/li>\n<\/ul>\n<p><img decoding=\"async\" src=\"https:\/\/www.hydraulic-cylinders.net\/wp-content\/uploads\/2025\/01\/songte-cylinder-head-with-all-kinds-excavator-models.webp\" alt=\"T\u00f6k\u00e9letes csere a Volvo k\u00f6z\u00e9pkotr\u00f3g\u00e9p ECR235E modellhez\"><\/p>\n<h2>Alkalmaz\u00e1sok<\/h2>\n<h3>\u00c9p\u00edt\u0151ipari berendez\u00e9sek:<\/h3>\n<p>Kotr\u00f3g\u00e9pekben elengedhetetlenek az \u00e1s\u00e1shoz, rakod\u00e1shoz \u00e9s talaj vagy t\u00f6rmel\u00e9k mozgat\u00e1s\u00e1hoz. A kotr\u00f3g\u00e9pekben a kan\u00e1lhengerek seg\u00edtik az \u00e1s\u00e1st \u00e9s az emel\u00e9st. A homlokrakod\u00f3kban a rakom\u00e1ny hat\u00e9kony emel\u00e9s\u00e9ben \u00e9s \u00fcr\u00edt\u00e9s\u00e9ben seg\u00edtenek.<\/p>\n<h3>Mez\u0151gazdas\u00e1gi g\u00e9pek:<\/h3>\n<p>Homlokrakod\u00f3kban haszn\u00e1lj\u00e1k \u0151ket f\u00f6ld, sz\u00e9na \u00e9s egy\u00e9b anyagok felszed\u00e9s\u00e9re, emel\u00e9s\u00e9re \u00e9s sz\u00e1ll\u00edt\u00e1s\u00e1ra. Kotr\u00f3g\u00e9pekben a kan\u00e1lhengerek a talajba val\u00f3 behatol\u00e1ssal \u00e9rik el a kotr\u00e1si m\u0171veletet.<\/p>\n<h2>Tervez\u00e9si szempontok \u00e9s kiv\u00e1laszt\u00e1si krit\u00e9riumok<\/h2>\n<h3>Teherb\u00edr\u00e1s:<\/h3>\n<p>A kiv\u00e1lasztott hidraulikus hengernek k\u00e9pesnek kell lennie a g\u00e9p \u00e9s a kan\u00e1l maxim\u00e1lis terhel\u00e9s\u00e9nek elvisel\u00e9s\u00e9re. Fontos biztos\u00edtani, hogy a henger teherb\u00edr\u00e1sa nagyobb vagy egyenl\u0151 legyen a g\u00e9p maxim\u00e1lis s\u00falykapacit\u00e1s\u00e1val. <\/p>\n<h3>T\u00f6m\u00edt\u00e9s \u00e9s ken\u00e9s:<\/h3>\n<p>A hidraulikus henger t\u00f6m\u00edt\u00e9se \u00e9s ken\u00e9se kulcsfontoss\u00e1g\u00fa a teljes\u00edtm\u00e9nye \u00e9s hossz\u00fa \u00e9lettartama szempontj\u00e1b\u00f3l. A henger k\u00fcl\u00f6nf\u00e9le t\u00f6m\u00edt\u00e9seket haszn\u00e1l, p\u00e9ld\u00e1ul dugatty\u00fat\u00f6m\u00edt\u00e9seket, r\u00fadt\u00f6m\u00edt\u00e9seket stb. A t\u00f6m\u00edt\u00e9sek kop\u00e1s\u00e1ll\u00f3 anyagokb\u00f3l, p\u00e9ld\u00e1ul poliuret\u00e1nb\u00f3l \u00e9s nitrilgumib\u00f3l k\u00e9sz\u00fclnek, amelyek v\u00e9dik a hengert a kop\u00e1st\u00f3l. A rendszeres hidraulikaolajjal t\u00f6rt\u00e9n\u0151 ken\u00e9s elengedhetetlen a kop\u00e1s cs\u00f6kkent\u00e9se \u00e9s a z\u00f6kken\u0151mentes m\u0171k\u00f6d\u00e9s biztos\u00edt\u00e1sa \u00e9rdek\u00e9ben. <\/p>\n<p><img decoding=\"async\" src=\"https:\/\/www.hydraulic-cylinders.net\/wp-content\/uploads\/2025\/01\/songte-oil-pipes-and-spare-parts.webp\" alt=\"Hidraulikaolaj-cs\u00f6vek \u00e9s alkatr\u00e9szek\"><\/p>\n<h2>Karbantart\u00e1s \u00e9s jav\u00edt\u00e1s<\/h2>\n<h3>Term\u00e9k telep\u00edt\u00e9se:<\/h3>\n<p>A telep\u00edt\u00e9s sor\u00e1n elengedhetetlen a henger megfelel\u0151 be\u00e1ll\u00edt\u00e1sa \u00e9s r\u00f6gz\u00edt\u00e9se a megfelel\u0151 szerel\u0151konzolokkal, hogy elker\u00fclj\u00fck a hib\u00e1s be\u00e1ll\u00edt\u00e1st vagy a s\u00e9r\u00fcl\u00e9st. A henger hossz\u00fa \u00e9lettartam\u00e1nak biztos\u00edt\u00e1sa \u00e9rdek\u00e9ben be kell tartani az aj\u00e1nlott ellen\u0151rz\u00e9si, jav\u00edt\u00e1si \u00e9s csere elj\u00e1r\u00e1sokat.<\/p>\n<h3>Karbantart\u00e1si feladatok:<\/h3>\n<ul>\n<li>Rendszeres ellen\u0151rz\u00e9s: A palackot rendszeresen ellen\u0151rizni kell sziv\u00e1rg\u00e1sok, s\u00e9r\u00fcl\u00e9sek vagy kop\u00e1s szempontj\u00e1b\u00f3l.<\/li>\n<li>Ken\u00e9s: A hengert a gy\u00e1rt\u00f3 aj\u00e1nl\u00e1sainak megfelel\u0151en hidraulikaolajjal kell kenni.<\/li>\n<li>T\u00f6m\u00edt\u00e9scsere: A henger t\u00f6m\u00edt\u00e9seit rendszeresen cser\u00e9lni kell a henger megfelel\u0151 m\u0171k\u00f6d\u00e9s\u00e9nek biztos\u00edt\u00e1sa \u00e9rdek\u00e9ben.<\/li>\n<li>Kalibr\u00e1ci\u00f3s ellen\u0151rz\u00e9sek: A henger kalibr\u00e1l\u00e1s\u00e1t rendszeresen ellen\u0151rizni kell az optim\u00e1lis teljes\u00edtm\u00e9ny biztos\u00edt\u00e1sa \u00e9rdek\u00e9ben.<\/li>\n<\/ul>\n<p><img decoding=\"async\" src=\"https:\/\/www.hydraulic-cylinders.net\/wp-content\/uploads\/2025\/01\/songte-chushion-collar.webp\" alt=\"V\u00f6d\u00f6r henger p\u00e1rna gall\u00e9r\"><\/p>\n<h2>Biztons\u00e1gi szempontok \u00e9s k\u00f6rnyezeti t\u00e9nyez\u0151k<\/h2>\n<p>Hidraulikus hengerek haszn\u00e1latakor biztons\u00e1gi int\u00e9zked\u00e9seket kell tenni a balesetek megel\u0151z\u00e9se \u00e9rdek\u00e9ben. Alapvet\u0151 fontoss\u00e1g\u00fa a gy\u00e1rt\u00f3 utas\u00edt\u00e1sainak \u00e9s ir\u00e1nyelveinek betart\u00e1sa. A hengert a k\u00f6rnyezetv\u00e9delmi el\u0151\u00edr\u00e1soknak \u00e9s ir\u00e1nyelveknek megfelel\u0151en kell \u00e1rtalmatlan\u00edtani.<\/p>\n<h2>Hibadiagn\u00f3zis \u00e9s hibaelh\u00e1r\u00edt\u00e1s<\/h2>\n<p>A hidraulikus hengerekkel kapcsolatos gyakori probl\u00e9m\u00e1k k\u00f6z\u00e9 tartozik a sziv\u00e1rg\u00e1s, az el\u00e9gtelen er\u0151 \u00e9s a helytelen be\u00e1ll\u00edt\u00e1s. A probl\u00e9ma azonos\u00edt\u00e1sa \u00e9s megold\u00e1sa \u00e9rdek\u00e9ben megfelel\u0151 diagn\u00f3zist \u00e9s hibaelh\u00e1r\u00edt\u00e1st kell v\u00e9gezni. A rendszeres ellen\u0151rz\u00e9sek \u00e9s a megel\u0151z\u0151 karbantart\u00e1s seg\u00edthet elker\u00fclni a lehets\u00e9ges probl\u00e9m\u00e1kat.<\/p>\n<p><img decoding=\"async\" src=\"https:\/\/www.hydraulic-cylinders.net\/wp-content\/uploads\/2025\/01\/songte-bushings-with-all-kinds-of-excavator-models.webp\" alt=\"Kan\u00e1l henger perselyek\"><\/p>\n<h2>C\u00e9g\u00fcnkr\u0151l<\/h2>\n<p>Sz\u00e9les term\u00e9kv\u00e1laszt\u00e9kkal rendelkez\u0151 p\u00f3talkatr\u00e9sz-hidraulikus hengerek gy\u00e1rt\u00f3ja vagyunk. A hazai \u00e9s nemzetk\u00f6zi piacok egyik vezet\u0151 hidraulikus hengergy\u00e1rt\u00f3ja \u00e9s nagykereskedelmi forgalmaz\u00f3ja vagyunk. Kiv\u00e1l\u00f3 min\u0151s\u00e9get k\u00f6vet\u00fcnk, a kifinomult gy\u00e1rt\u00f3m\u0171hely ipari termel\u00e9sir\u00e1ny\u00edt\u00e1si strat\u00e9gi\u00e1j\u00e1ra t\u00e1maszkodunk, \u00e9s folyamatosan fejlesztj\u00fck m\u0171hely\u00fcnk gy\u00e1rt\u00e1si platformj\u00e1t a m\u0171szaki tehets\u00e9gek, a cs\u00facskateg\u00f3ri\u00e1s digit\u00e1lis gy\u00e1rt\u00f3berendez\u00e9sek \u00e9s a professzion\u00e1lis \u00e9rz\u00e9kel\u0151 rendszerek alkalmaz\u00e1s\u00e1val a term\u00e9kmin\u0151s\u00e9g-gy\u00e1rt\u00e1si folyamat t\u00f6k\u00e9letes\u00edt\u00e9se \u00e9rdek\u00e9ben. Er\u0151s kreat\u00edv k\u00e9pess\u00e9gekkel rendelkez\u00fcnk, \u00e9s arra t\u00f6reksz\u00fcnk, hogy a nagy hat\u00e9konys\u00e1g, a nagy pontoss\u00e1g \u00e9s a kiv\u00e1l\u00f3 min\u0151s\u00e9g elveivel el\u00e9g\u00edts\u00fck ki \u00fcgyfeleink sokr\u00e9t\u0171 ig\u00e9nyeit.<\/p>\n<ul>\n<li>Professzionalizmus: Tapasztalt szakemberekb\u0151l \u00e1ll\u00f3 csapatunk elk\u00f6telezett a kiv\u00e1l\u00f3 min\u0151s\u00e9g\u0171 hidraulikus hengerek biztos\u00edt\u00e1sa ir\u00e1nt.<\/li>\n<li>Nemzetk\u00f6zi min\u0151s\u00edt\u00e9s: Term\u00e9keink megfelelnek a nemzetk\u00f6zi szabv\u00e1nyoknak, biztos\u00edtva a legmagasabb min\u0151s\u00e9gi szabv\u00e1nyokat.<\/li>\n<li>Testreszab\u00e1si szolg\u00e1ltat\u00e1sok: Egyedi hidraulikus hengereket k\u00edn\u00e1lunk az \u00fcgyf\u00e9l ig\u00e9nyei szerint.<\/li>\n<li>Termel\u00e9si berendez\u00e9sek: Gy\u00e1rt\u00f3\u00fczemeink korszer\u0171 berendez\u00e9sekkel vannak felszerelve a hat\u00e9konys\u00e1g \u00e9s a min\u0151s\u00e9g biztos\u00edt\u00e1sa \u00e9rdek\u00e9ben.<\/li>\n<li>\u00c9rt\u00e9kes\u00edt\u00e9s ut\u00e1ni szolg\u00e1ltat\u00e1s: \u00c9rt\u00e9kes\u00edt\u00e9s ut\u00e1ni szolg\u00e1ltat\u00e1st k\u00edn\u00e1lunk, bele\u00e9rtve az alkatr\u00e9szcser\u00e9t \u00e9s az \u00fajj\u00e1\u00e9p\u00edt\u00e9si szolg\u00e1ltat\u00e1sokat, a hidraulikus hengerek \u00e9lettartam\u00e1nak meghosszabb\u00edt\u00e1sa \u00e9rdek\u00e9ben.<\/li>\n<\/ul>\n<p><img decoding=\"async\" src=\"https:\/\/hzpt.com\/wp-content\/uploads\/2024\/11\/songte-company-1.webp\" alt=\"C\u00e9g\u00fcnkr\u0151l\"><\/p>\n<h4>Szerz\u0151: lyl<\/h4>","protected":false},"excerpt":{"rendered":"<p>Bucket Cylinder For Volvo Middle Excavator ECR235E Introduction A bucket cylinder is a specially designed hydraulic cylinder primarily used to control the movement of the bucket in heavy machinery such as excavators, backhoe excavators, and front-end loaders. Its main function is to enable the bucket to lift, lower, and tilt, making it easier to handle [&hellip;]<\/p>","protected":false},"featured_media":14771,"comment_status":"open","ping_status":"closed","template":"","meta":{"_et_pb_use_builder":"","_et_pb_old_content":"","_et_gb_content_width":""},"product_brand":[],"product_cat":[1494],"product_tag":[1495,1496],"class_list":{"0":"post-15397","1":"product","2":"type-product","3":"status-publish","4":"has-post-thumbnail","6":"product_cat-bucket-cylinders","7":"product_tag-bucket-cylinders","8":"product_tag-hydraulic-cylinders","10":"first","11":"instock","12":"shipping-taxable","13":"product-type-simple"},"amp_enabled":true,"_links":{"self":[{"href":"https:\/\/www.hydraulic-cylinders.net\/hu\/wp-json\/wp\/v2\/product\/15397","targetHints":{"allow":["GET"]}}],"collection":[{"href":"https:\/\/www.hydraulic-cylinders.net\/hu\/wp-json\/wp\/v2\/product"}],"about":[{"href":"https:\/\/www.hydraulic-cylinders.net\/hu\/wp-json\/wp\/v2\/types\/product"}],"replies":[{"embeddable":true,"href":"https:\/\/www.hydraulic-cylinders.net\/hu\/wp-json\/wp\/v2\/comments?post=15397"}],"wp:featuredmedia":[{"embeddable":true,"href":"https:\/\/www.hydraulic-cylinders.net\/hu\/wp-json\/wp\/v2\/media\/14771"}],"wp:attachment":[{"href":"https:\/\/www.hydraulic-cylinders.net\/hu\/wp-json\/wp\/v2\/media?parent=15397"}],"wp:term":[{"taxonomy":"product_brand","embeddable":true,"href":"https:\/\/www.hydraulic-cylinders.net\/hu\/wp-json\/wp\/v2\/product_brand?post=15397"},{"taxonomy":"product_cat","embeddable":true,"href":"https:\/\/www.hydraulic-cylinders.net\/hu\/wp-json\/wp\/v2\/product_cat?post=15397"},{"taxonomy":"product_tag","embeddable":true,"href":"https:\/\/www.hydraulic-cylinders.net\/hu\/wp-json\/wp\/v2\/product_tag?post=15397"}],"curies":[{"name":"munkaf\u00fczet","href":"https:\/\/api.w.org\/{rel}","templated":true}]}}