{"id":15405,"date":"2025-01-19T14:29:20","date_gmt":"2025-01-19T14:29:20","guid":{"rendered":"https:\/\/www.hydraulic-cylinders.net\/product\/bucket-cylinder-for-volvo-large-excavator-ec300d\/"},"modified":"2025-01-19T14:29:28","modified_gmt":"2025-01-19T14:29:28","slug":"bucket-cylinder-for-volvo-large-excavator-ec300d","status":"publish","type":"product","link":"https:\/\/www.hydraulic-cylinders.net\/hu\/termek\/bucket-cylinder-for-volvo-large-excavator-ec300d\/","title":{"rendered":"Kan\u00e1lhenger Volvo EC300D nagym\u00e9ret\u0171 kotr\u00f3g\u00e9phez"},"content":{"rendered":"<h1>Kan\u00e1lhenger Volvo EC300D nagym\u00e9ret\u0171 kotr\u00f3g\u00e9phez<\/h1>\n<h2>Bevezet\u00e9s<\/h2>\n<p>A Volvo EC300D nagym\u00e9ret\u0171 kotr\u00f3g\u00e9p kan\u00e1lhengere egy speci\u00e1lis hidraulikus henger, amelyet neh\u00e9zg\u00e9pek, p\u00e9ld\u00e1ul kotr\u00f3g\u00e9pek, kotr\u00f3rakod\u00f3k \u00e9s homlokrakod\u00f3k kan\u00e1lmozg\u00e1s\u00e1nak vez\u00e9rl\u00e9s\u00e9re haszn\u00e1lnak. F\u0151 funkci\u00f3ja a kan\u00e1l emel\u00e9se, s\u00fcllyeszt\u00e9se \u00e9s billent\u00e9se, megk\u00f6nny\u00edtve a k\u00fcl\u00f6nf\u00e9le anyagmozgat\u00e1si feladatok elv\u00e9gz\u00e9s\u00e9t. A hidraulikus rendszerben a kan\u00e1lhenger pontosan szab\u00e1lyozza a kan\u00e1l mozg\u00e1s\u00e1t a hidraulikaolaj nyom\u00e1s\u00e1nak v\u00e1ltoz\u00e1sain kereszt\u00fcl, lehet\u0151v\u00e9 t\u00e9ve a kezel\u0151k sz\u00e1m\u00e1ra, hogy hat\u00e9konyan kezelj\u00e9k a neh\u00e9z terheket, \u00e9s alkalmazkodjanak az \u00f6sszetett munkak\u00f6rnyezetekhez \u00e9s a v\u00e1ltozatos m\u0171k\u00f6d\u00e9si k\u00f6vetelm\u00e9nyekhez.<\/p>\n<p><img decoding=\"async\" src=\"https:\/\/www.hydraulic-cylinders.net\/wp-content\/uploads\/2025\/01\/songte-company-2.webp\" alt=\"Kan\u00e1lhenger Volvo EC300D nagym\u00e9ret\u0171 kotr\u00f3g\u00e9phez\"><\/p>\n<h2>Jellemz\u0151k<\/h2>\n<ul>\n<li>Nagy szil\u00e1rds\u00e1g \u00e9s tart\u00f3ss\u00e1g: jellemz\u0151en nagy szil\u00e1rds\u00e1g\u00fa ac\u00e9lb\u00f3l vagy alum\u00edniumb\u00f3l k\u00e9sz\u00fcl, k\u00e9pes ellen\u00e1llni a nagy nyom\u00e1snak \u00e9s a nagy terhel\u00e9seknek, alkalmazkodik a zord munkak\u00f6r\u00fclm\u00e9nyekhez, \u00e9s kop\u00e1s\u00e1ll\u00f3s\u00e1got \u00e9s korr\u00f3zi\u00f3\u00e1ll\u00f3s\u00e1got szem el\u0151tt tartva tervezt\u00e9k, meghosszabb\u00edtva \u00e9lettartam\u00e1t.<\/li>\n<li>Hat\u00e9kony hidraulikus m\u0171k\u00f6d\u00e9s: a hidraulikaolaj nyom\u00e1s\u00e1nak k\u00f6sz\u00f6nhet\u0151en sima teleszk\u00f3pos mozg\u00e1s \u00e9rhet\u0151 el, amely lehet\u0151v\u00e9 teszi a vez\u00e9rl\u0151parancsokra adott gyors reag\u00e1l\u00e1st, er\u0151teljes tol\u00f3- \u00e9s h\u00faz\u00f3er\u0151t biztos\u00edt, alkalmas neh\u00e9z terhek \u00e9s \u00f6sszetett \u00fczemeltet\u00e9si feladatok kezel\u00e9s\u00e9re.<\/li>\n<li>K\u00fcl\u00f6nb\u00f6z\u0151 t\u00edpusok: egyszeres m\u0171k\u00f6d\u00e9s\u0171 (csak egy ir\u00e1nyban hidraulikus) vagy kett\u0151s m\u0171k\u00f6d\u00e9s\u0171 (mindk\u00e9t ir\u00e1nyban hidraulikus) hengerek v\u00e1laszthat\u00f3k az \u00fczemi ig\u00e9nyeknek megfelel\u0151en, egyes modellek teleszk\u00f3posak, \u00edgy nagyobb kiny\u00fal\u00e1st tesznek lehet\u0151v\u00e9 a k\u00fcls\u0151 m\u00e9retek n\u00f6vel\u00e9se n\u00e9lk\u00fcl, \u00edgy alkalmasak korl\u00e1tozott helyig\u00e9ny\u0171 alkalmaz\u00e1sokhoz.<\/li>\n<li>K\u00f6nny\u0171 csere: term\u00e9keink t\u00f6k\u00e9letesen helyettes\u00edthet\u0151k ezekkel a hidraulikus hengerekkel. <\/li>\n<\/ul>\n<p><img decoding=\"async\" src=\"https:\/\/www.hydraulic-cylinders.net\/wp-content\/uploads\/2025\/01\/songte-cylinder-head-with-all-kinds-excavator-models.webp\" alt=\"Kan\u00e1lhenger Volvo EC300D nagym\u00e9ret\u0171 kotr\u00f3g\u00e9phez\"><\/p>\n<h2>Alkalmaz\u00e1sok<\/h2>\n<p>A Volvo EC300D nagym\u00e9ret\u0171 kotr\u00f3g\u00e9p kan\u00e1lhenger\u00e9t sz\u00e9les k\u00f6rben haszn\u00e1lj\u00e1k k\u00fcl\u00f6nf\u00e9le ter\u00fcleteken, t\u00f6bbek k\u00f6z\u00f6tt:<\/p>\n<h3>\u00c9p\u00edt\u0151ipari berendez\u00e9sek<\/h3>\n<p>Kotr\u00f3g\u00e9pekben l\u00e9tfontoss\u00e1g\u00faak az \u00e1s\u00e1shoz, rakod\u00e1shoz \u00e9s a f\u00f6ld vagy t\u00f6rmel\u00e9k mozgat\u00e1s\u00e1hoz. A kotr\u00f3g\u00e9p-rakod\u00f3kban a kan\u00e1lhengerek mind az \u00e1s\u00e1st, mind az emel\u00e9st seg\u00edtik. <\/p>\n<h3>Mez\u0151gazdas\u00e1gi g\u00e9pek<\/h3>\n<p>Homlokrakod\u00f3kban haszn\u00e1lj\u00e1k talaj, sz\u00e9na \u00e9s egy\u00e9b anyagok mer\u00e9s\u00e9re, emel\u00e9s\u00e9re \u00e9s sz\u00e1ll\u00edt\u00e1s\u00e1ra. Kotr\u00f3g\u00e9pekben a kan\u00e1lhengerek az\u00e1ltal \u00e9rik el az \u00e1s\u00f3hat\u00e1st, hogy lehet\u0151v\u00e9 teszik a kan\u00e1l talajba val\u00f3 behatol\u00e1s\u00e1t. Homlokrakod\u00f3kban hat\u00e9konyan seg\u00edtik a rakom\u00e1ny emel\u00e9s\u00e9t \u00e9s \u00fcr\u00edt\u00e9s\u00e9t.<\/p>\n<p><img decoding=\"async\" src=\"https:\/\/www.hydraulic-cylinders.net\/wp-content\/uploads\/2025\/01\/songte-bushings-with-all-kinds-of-excavator-models.webp\" alt=\"Kan\u00e1lhenger Volvo EC300D nagym\u00e9ret\u0171 kotr\u00f3g\u00e9phez\"><\/p>\n<h2>Tervez\u00e9si szempontok \u00e9s kiv\u00e1laszt\u00e1si krit\u00e9riumok<\/h2>\n<p>A Volvo EC300D nagym\u00e9ret\u0171 kotr\u00f3g\u00e9p kan\u00e1lhenger\u00e9nek tervez\u00e9sekor sz\u00e1mos kulcsfontoss\u00e1g\u00fa t\u00e9nyez\u0151t kell figyelembe venni:<\/p>\n<ul>\n<li>Teherb\u00edr\u00e1s: a hengernek k\u00e9pesnek kell lennie arra, hogy ellen\u00e1lljon a nagy nyom\u00e1snak \u00e9s a nagy terhel\u00e9snek.<\/li>\n<li>T\u00f6m\u00edt\u00e9si teljes\u00edtm\u00e9ny: a k\u00fcl\u00f6nf\u00e9le t\u00f6m\u00edt\u0151elemeknek, p\u00e9ld\u00e1ul a dugatty\u00fat\u00f6m\u00edt\u00e9seknek \u00e9s a r\u00fadt\u00f6m\u00edt\u00e9seknek kop\u00e1s\u00e1ll\u00f3 anyagokb\u00f3l, p\u00e9ld\u00e1ul poliuret\u00e1nb\u00f3l \u00e9s nitrilgumib\u00f3l kell k\u00e9sz\u00fclni\u00fck a hossz\u00fa t\u00e1v\u00fa teljes\u00edtm\u00e9ny biztos\u00edt\u00e1sa \u00e9rdek\u00e9ben. <\/li>\n<li>Tart\u00f3ss\u00e1g: a henger tervez\u00e9s\u00e9n\u00e9l figyelembe kell venni a kop\u00e1s\u00e1ll\u00f3s\u00e1got \u00e9s a korr\u00f3zi\u00f3\u00e1ll\u00f3s\u00e1got az \u00e9lettartam meghosszabb\u00edt\u00e1sa \u00e9rdek\u00e9ben.<\/li>\n<li>Biztons\u00e1g: a biztons\u00e1gnak kell a legfontosabbnak lennie a palackok tervez\u00e9sekor, hogy megel\u0151zz\u00e9k a munkahelyi s\u00e9r\u00fcl\u00e9seket \u00e9s baleseteket. <\/li>\n<li>Karbantart\u00e1s: a kialak\u00edt\u00e1snak k\u00f6nnyen karbantarthat\u00f3nak \u00e9s jav\u00edthat\u00f3nak kell lennie az \u00e1ll\u00e1sid\u0151 cs\u00f6kkent\u00e9se \u00e9s a m\u0171k\u00f6d\u00e9si hat\u00e9konys\u00e1g jav\u00edt\u00e1sa \u00e9rdek\u00e9ben.<\/li>\n<\/ul>\n<p><img decoding=\"async\" src=\"https:\/\/www.hydraulic-cylinders.net\/wp-content\/uploads\/2025\/01\/songte-oil-pipes-and-spare-parts.webp\" alt=\"Kan\u00e1lhenger Volvo EC300D nagym\u00e9ret\u0171 kotr\u00f3g\u00e9phez\"><\/p>\n<h2>A kan\u00e1lhenger t\u00f6m\u00edt\u00e9se \u00e9s ken\u00e9se<\/h2>\n<p>A Volvo EC300D nagym\u00e9ret\u0171 kotr\u00f3g\u00e9p kan\u00e1lhengere rendszeres karbantart\u00e1st ig\u00e9nyel a megfelel\u0151 t\u00f6m\u00edt\u00e9si teljes\u00edtm\u00e9ny \u00e9s ken\u00e9s biztos\u00edt\u00e1sa \u00e9rdek\u00e9ben:<\/p>\n<ul>\n<li>A k\u00fcl\u00f6nf\u00e9le t\u00f6m\u00edt\u0151elemeknek, p\u00e9ld\u00e1ul a dugatty\u00fat\u00f6m\u00edt\u00e9seknek \u00e9s a r\u00fadt\u00f6m\u00edt\u00e9seknek kiv\u00e1l\u00f3 min\u0151s\u00e9g\u0171, kop\u00e1s\u00e1ll\u00f3 anyagokb\u00f3l, p\u00e9ld\u00e1ul poliuret\u00e1nb\u00f3l \u00e9s nitrilgumib\u00f3l kell k\u00e9sz\u00fclni\u00fck. <\/li>\n<li>A hengertestet \u00e9s a menetes v\u00e9gfel\u00fcleteket finoman meg kell munk\u00e1lni a kop\u00e1s\u00e1ll\u00f3s\u00e1g jav\u00edt\u00e1sa \u00e9rdek\u00e9ben.<\/li>\n<li>Rendszeresen t\u00f6lts\u00f6n hozz\u00e1 megfelel\u0151 mennyis\u00e9g\u0171 hidraulikaolajat a henger ken\u00e9s\u00e9hez \u00e9s karbantart\u00e1s\u00e1hoz.<\/li>\n<\/ul>\n<h2>Karbantart\u00e1s \u00e9s jav\u00edt\u00e1s<\/h2>\n<p>A rendszeres karbantart\u00e1s \u00e9s a megfelel\u0151 jav\u00edt\u00e1s elengedhetetlen a Volvo EC300D nagym\u00e9ret\u0171 kotr\u00f3g\u00e9p kan\u00e1lhenger\u00e9nek hossz\u00fa t\u00e1v\u00fa teljes\u00edtm\u00e9ny\u00e9nek biztos\u00edt\u00e1s\u00e1hoz. A k\u00f6vetkez\u0151 karbantart\u00e1si feladatokat kell elv\u00e9gezni:<\/p>\n<ul>\n<li>Rendszeres ellen\u0151rz\u00e9s a hib\u00e1k vagy probl\u00e9m\u00e1k \u00e9szlel\u00e9se \u00e9s jav\u00edt\u00e1sa \u00e9rdek\u00e9ben.<\/li>\n<li>Megfelel\u0151 ken\u00e9s \u00e9s be\u00e1ll\u00edt\u00e1s az optim\u00e1lis teljes\u00edtm\u00e9ny biztos\u00edt\u00e1sa \u00e9rdek\u00e9ben.<\/li>\n<li>Kopott vagy s\u00e9r\u00fclt t\u00f6m\u00edt\u00e9sek cser\u00e9je az olajsziv\u00e1rg\u00e1s megel\u0151z\u00e9se \u00e9rdek\u00e9ben. <\/li>\n<\/ul>\n<h2>Biztons\u00e1gi szempontok \u00e9s k\u00f6rnyezeti t\u00e9nyez\u0151k<\/h2>\n<p>A Volvo EC300D nagym\u00e9ret\u0171 kotr\u00f3g\u00e9p kan\u00e1lhenger\u00e9nek haszn\u00e1latakor biztons\u00e1gi \u00f3vint\u00e9zked\u00e9seket kell tenni a munkahelyi s\u00e9r\u00fcl\u00e9sek \u00e9s balesetek megel\u0151z\u00e9se \u00e9rdek\u00e9ben. A munkav\u00e1llal\u00f3kat arra \u00f6szt\u00f6nzik, hogy g\u00e9pek kezel\u00e9sekor viseljenek v\u00e9d\u0151felszerel\u00e9st, p\u00e9ld\u00e1ul sisakot, keszty\u0171t \u00e9s biztons\u00e1gi cip\u0151t. A k\u00f6rnyezeti t\u00e9nyez\u0151ket, p\u00e9ld\u00e1ul a h\u0151m\u00e9rs\u00e9kletet \u00e9s a p\u00e1ratartalmat is figyelembe kell venni a hidraulikus hengerek k\u00fcl\u00f6nb\u00f6z\u0151 munkak\u00f6rnyezetekben t\u00f6rt\u00e9n\u0151 haszn\u00e1latakor az optim\u00e1lis teljes\u00edtm\u00e9ny biztos\u00edt\u00e1sa \u00e9rdek\u00e9ben.<\/p>\n<h2>Gyakori probl\u00e9m\u00e1k \u00e9s hibaelh\u00e1r\u00edt\u00e1s<\/h2>\n<p>A Volvo EC300D nagym\u00e9ret\u0171 kotr\u00f3g\u00e9p kan\u00e1lhenger\u00e9vel kapcsolatos gyakori probl\u00e9m\u00e1k az olajsziv\u00e1rg\u00e1s, a henger meghib\u00e1sod\u00e1sa \u00e9s a nem megfelel\u0151 m\u0171k\u00f6d\u00e9s. Ezen probl\u00e9m\u00e1k elh\u00e1r\u00edt\u00e1s\u00e1hoz a kezel\u0151knek a k\u00f6vetkez\u0151ket kell tenni\u00fck:<\/p>\n<ul>\n<li>Rendszeresen ellen\u0151rizze a palackot, hogy nincs-e rajta kop\u00e1s, elhaszn\u00e1l\u00f3d\u00e1s vagy egy\u00e9b s\u00e9r\u00fcl\u00e9s.<\/li>\n<li>A kopott vagy s\u00e9r\u00fclt t\u00f6m\u00edt\u00e9seket megfelel\u0151en ellen\u0151rizze \u00e9s cser\u00e9lje ki.<\/li>\n<li>A balesetek vagy nem megfelel\u0151 m\u0171k\u00f6d\u00e9s elker\u00fcl\u00e9se \u00e9rdek\u00e9ben k\u00f6vesse a megfelel\u0151 kezel\u00e9si utas\u00edt\u00e1sokat.<\/li>\n<\/ul>\n<h2>C\u00e9g\u00fcnkr\u0151l<\/h2>\n<p>Vezet\u0151 hidraulikus hengergy\u00e1rt\u00f3 \u00e9s -nagykeresked\u0151 vagyunk, teljes term\u00e9kv\u00e1laszt\u00e9kot k\u00edn\u00e1lva a hazai \u00e9s a nemzetk\u00f6zi piacokra. A kiv\u00e1l\u00f3 min\u0151s\u00e9g elv\u00e9t k\u00f6vetj\u00fck, iparos\u00edtott termel\u00e9sir\u00e1ny\u00edt\u00e1si strat\u00e9gi\u00e1kra t\u00e1maszkodunk gondosan kidolgozott gy\u00e1rt\u00f3m\u0171helyeinkben, \u00e9s folyamatosan fejlesztj\u00fck gy\u00e1rt\u00e1si platformjainkat a technol\u00f3gia, a tehets\u00e9gek, a digit\u00e1lis, cs\u00facskateg\u00f3ri\u00e1s gy\u00e1rt\u00f3berendez\u00e9sek \u00e9s a professzion\u00e1lis tesztel\u0151rendszerek r\u00e9v\u00e9n. Er\u0151s kutat\u00e1si \u00e9s fejleszt\u00e9si kapacit\u00e1sokkal, hat\u00e9kony, prec\u00edz \u00e9s magas min\u0151s\u00e9g\u0171 gy\u00e1rt\u00e1si szabv\u00e1nyokkal rendelkez\u00fcnk, \u00e9s k\u00e9pesek vagyunk kiel\u00e9g\u00edteni az \u00fcgyfelek sokr\u00e9t\u0171 ig\u00e9nyeit. <\/p>\n<p>C\u00e9g\u00fcnk egyedi szolg\u00e1ltat\u00e1sokat, nemzetk\u00f6zi tan\u00fas\u00edt\u00e1sokat, kiv\u00e1l\u00f3 min\u0151s\u00e9g\u0171 gy\u00e1rt\u00f3berendez\u00e9seket \u00e9s \u00e9rt\u00e9kes\u00edt\u00e9s ut\u00e1ni szolg\u00e1ltat\u00e1st is k\u00edn\u00e1l.<\/p>\n<p><img decoding=\"async\" src=\"https:\/\/hzpt.com\/wp-content\/uploads\/2024\/11\/songte-company-1.webp\" alt=\"Kan\u00e1lhenger Volvo EC300D nagym\u00e9ret\u0171 kotr\u00f3g\u00e9phez\"><\/p>\n<h2>Szerz\u0151<\/h2>\n<p>lyl<\/p>","protected":false},"excerpt":{"rendered":"<p>Bucket Cylinder For Volvo Large Excavator EC300D Introduction The bucket cylinder for Volvo large excavator EC300D is a specialized hydraulic cylinder used to control the movement of the bucket in heavy machinery such as excavators, backhoe loaders, and front loaders. Its main function is to enable the bucket to lift, lower, and tilt, making it [&hellip;]<\/p>","protected":false},"featured_media":14785,"comment_status":"open","ping_status":"closed","template":"","meta":{"_et_pb_use_builder":"","_et_pb_old_content":"","_et_gb_content_width":""},"product_brand":[],"product_cat":[1494],"product_tag":[1495,1496],"class_list":{"0":"post-15405","1":"product","2":"type-product","3":"status-publish","4":"has-post-thumbnail","6":"product_cat-bucket-cylinders","7":"product_tag-bucket-cylinders","8":"product_tag-hydraulic-cylinders","10":"first","11":"instock","12":"shipping-taxable","13":"product-type-simple"},"amp_enabled":true,"_links":{"self":[{"href":"https:\/\/www.hydraulic-cylinders.net\/hu\/wp-json\/wp\/v2\/product\/15405","targetHints":{"allow":["GET"]}}],"collection":[{"href":"https:\/\/www.hydraulic-cylinders.net\/hu\/wp-json\/wp\/v2\/product"}],"about":[{"href":"https:\/\/www.hydraulic-cylinders.net\/hu\/wp-json\/wp\/v2\/types\/product"}],"replies":[{"embeddable":true,"href":"https:\/\/www.hydraulic-cylinders.net\/hu\/wp-json\/wp\/v2\/comments?post=15405"}],"wp:featuredmedia":[{"embeddable":true,"href":"https:\/\/www.hydraulic-cylinders.net\/hu\/wp-json\/wp\/v2\/media\/14785"}],"wp:attachment":[{"href":"https:\/\/www.hydraulic-cylinders.net\/hu\/wp-json\/wp\/v2\/media?parent=15405"}],"wp:term":[{"taxonomy":"product_brand","embeddable":true,"href":"https:\/\/www.hydraulic-cylinders.net\/hu\/wp-json\/wp\/v2\/product_brand?post=15405"},{"taxonomy":"product_cat","embeddable":true,"href":"https:\/\/www.hydraulic-cylinders.net\/hu\/wp-json\/wp\/v2\/product_cat?post=15405"},{"taxonomy":"product_tag","embeddable":true,"href":"https:\/\/www.hydraulic-cylinders.net\/hu\/wp-json\/wp\/v2\/product_tag?post=15405"}],"curies":[{"name":"munkaf\u00fczet","href":"https:\/\/api.w.org\/{rel}","templated":true}]}}