{"id":15436,"date":"2025-01-19T14:31:45","date_gmt":"2025-01-19T14:31:45","guid":{"rendered":"https:\/\/www.hydraulic-cylinders.net\/product\/bucket-cylinder-for-sany-middle-excavator-sy215c-8-9\/"},"modified":"2025-01-19T14:31:47","modified_gmt":"2025-01-19T14:31:47","slug":"bucket-cylinder-for-sany-middle-excavator-sy215c-8-9","status":"publish","type":"product","link":"https:\/\/www.hydraulic-cylinders.net\/hu\/termek\/bucket-cylinder-for-sany-middle-excavator-sy215c-8-9\/","title":{"rendered":"V\u00f6d\u00f6rhenger Sany k\u00f6z\u00e9ps\u0151 kotr\u00f3g\u00e9phez SY215C-8-9"},"content":{"rendered":"<h2>V\u00f6d\u00f6rhenger Sany k\u00f6z\u00e9ps\u0151 kotr\u00f3g\u00e9phez SY215C-8-9<\/h2>\n<h3>Bevezet\u00e9s<\/h3>\n<p>A Sany SY215C-8-9 k\u00f6z\u00e9pkotr\u00f3g\u00e9p kan\u00e1lhengere egy speci\u00e1lisan tervezett hidraulikus henger, amelyet neh\u00e9zg\u00e9pek, p\u00e9ld\u00e1ul kotr\u00f3g\u00e9pek, kotr\u00f3rakod\u00f3k \u00e9s homlokrakod\u00f3k kan\u00e1lmozg\u00e1s\u00e1nak vez\u00e9rl\u00e9s\u00e9re haszn\u00e1lnak. F\u0151 funkci\u00f3ja a kan\u00e1l emel\u00e9se, s\u00fcllyeszt\u00e9se \u00e9s billent\u00e9se, \u00edgy k\u00e9nyelmesen haszn\u00e1lhat\u00f3 k\u00fcl\u00f6nf\u00e9le anyagmozgat\u00e1si feladatokhoz. A hidraulikus rendszerben a kan\u00e1lhenger a hidraulikaolaj nyom\u00e1sv\u00e1ltoz\u00e1sainak felhaszn\u00e1l\u00e1s\u00e1val \u00e9ri el a kan\u00e1l pontos vez\u00e9rl\u00e9s\u00e9t, lehet\u0151v\u00e9 t\u00e9ve a kezel\u0151k sz\u00e1m\u00e1ra, hogy hat\u00e9konyan kezelj\u00e9k a neh\u00e9z terheket, \u00e9s alkalmazkodjanak az \u00f6sszetett munkak\u00f6rnyezetekhez \u00e9s a v\u00e1ltozatos m\u0171k\u00f6d\u00e9si ig\u00e9nyekhez.<\/p>\n<p><img decoding=\"async\" src=\"https:\/\/www.hydraulic-cylinders.net\/wp-content\/uploads\/2025\/01\/songte-company-2.webp\" alt=\"V\u00f6d\u00f6r henger k\u00e9pe\"><\/p>\n<h3>Jellemz\u0151k<\/h3>\n<ul>\n<li>Nagy szil\u00e1rds\u00e1g \u00e9s tart\u00f3ss\u00e1g: \u00c1ltal\u00e1ban nagy szil\u00e1rds\u00e1g\u00fa ac\u00e9lb\u00f3l vagy alum\u00edniumb\u00f3l k\u00e9sz\u00fcl, k\u00e9pes ellen\u00e1llni a nagy nyom\u00e1snak \u00e9s a nagy terhel\u00e9seknek, alkalmazkodik a zord munkak\u00f6rnyezethez. Kop\u00e1s\u00e1ll\u00f3s\u00e1g \u00e9s korr\u00f3zi\u00f3\u00e1ll\u00f3s\u00e1g figyelembev\u00e9tel\u00e9vel tervezt\u00e9k, meghosszabb\u00edtva az \u00e9lettartamot.<\/li>\n<li>Hat\u00e9kony hidraulikus m\u0171k\u00f6d\u00e9s: A hidraulikaolaj nyom\u00e1s\u00e1t haszn\u00e1lva sima kitol\u00e1si \u00e9s visszah\u00faz\u00e1si mozg\u00e1sokat \u00e9r el, gyorsan reag\u00e1l a vez\u00e9rl\u0151parancsokra, \u00e9s nagy teljes\u00edtm\u00e9ny\u0171 tol\u00f3- \u00e9s h\u00faz\u00f3er\u0151t biztos\u00edt, amely alkalmas neh\u00e9z terhek \u00e9s \u00f6sszetett feladatok kezel\u00e9s\u00e9re.<\/li>\n<li>Sokoldal\u00fa t\u00edpusok: Kaphat\u00f3 egyszeres m\u0171k\u00f6d\u00e9s\u0171 (csak egy ir\u00e1nyban haszn\u00e1lhat\u00f3 hidraulikus nyom\u00e1s) vagy kett\u0151s m\u0171k\u00f6d\u00e9s\u0171 (mindk\u00e9t ir\u00e1nyban haszn\u00e1lhat\u00f3 hidraulikus nyom\u00e1s) hengerekkel a k\u00fcl\u00f6nb\u00f6z\u0151 m\u0171k\u00f6d\u00e9si k\u00f6vetelm\u00e9nyek kiel\u00e9g\u00edt\u00e9s\u00e9re. Egyes modellek teleszk\u00f3posak, \u00edgy nagyobb kiny\u00fal\u00e1st tesznek lehet\u0151v\u00e9 a k\u00fcls\u0151 m\u00e9retek n\u00f6vel\u00e9se n\u00e9lk\u00fcl, \u00edgy alkalmasak korl\u00e1tozott helyig\u00e9ny\u0171 alkalmaz\u00e1sokhoz.<\/li>\n<\/ul>\n<p><img decoding=\"async\" src=\"https:\/\/www.hydraulic-cylinders.net\/wp-content\/uploads\/2025\/01\/songte-cylinder-head-with-all-kinds-excavator-models.webp\" alt=\"Term\u00e9kk\u00e9p\"><\/p>\n<h3>Alkalmaz\u00e1sok<\/h3>\n<p>A kan\u00e1lhengerek k\u00fcl\u00f6nf\u00e9le alkalmaz\u00e1si ter\u00fcleteket tal\u00e1lnak a neh\u00e9zg\u00e9pekben:<\/p>\n<ol>\n<li>\u00c9p\u00edt\u0151ipari berendez\u00e9sek: Kotr\u00f3g\u00e9pekben tal\u00e1lhat\u00f3k, kulcsfontoss\u00e1g\u00faak a f\u00f6ldmunk\u00e1khoz, a rakod\u00e1shoz \u00e9s az anyagmozgat\u00e1shoz.<\/li>\n<li>Mez\u0151gazdas\u00e1gi g\u00e9pek: Homlokrakod\u00f3kban haszn\u00e1lj\u00e1k talaj, sz\u00e9na \u00e9s egy\u00e9b anyagok \u00e1s\u00e1s\u00e1ra, emel\u00e9s\u00e9re \u00e9s sz\u00e1ll\u00edt\u00e1s\u00e1ra.<\/li>\n<li>Kotr\u00f3g\u00e9pek: A kan\u00e1lhengerek lehet\u0151v\u00e9 teszik az \u00e1s\u00e1si m\u0171veleteket az\u00e1ltal, hogy lehet\u0151v\u00e9 teszik a kan\u00e1l talajba hatol\u00e1s\u00e1t.<\/li>\n<li>Rakod\u00f3k: A homlokrakod\u00f3kban hat\u00e9konyan seg\u00edtik az \u00e1ruk emel\u00e9s\u00e9t \u00e9s billent\u00e9s\u00e9t.<\/li>\n<\/ol>\n<h3>Tervez\u00e9si szempontok \u00e9s kiv\u00e1laszt\u00e1si krit\u00e9riumok<\/h3>\n<p>A kan\u00e1lhengerek tervez\u00e9sekor sz\u00e1mos t\u00e9nyez\u0151t vesznek figyelembe, bele\u00e9rtve a teherb\u00edr\u00e1st, a t\u00f6m\u00edt\u00e9st, a tart\u00f3ss\u00e1got, a biztons\u00e1got \u00e9s a karbantarthat\u00f3s\u00e1got:<\/p>\n<ul>\n<li>Teherb\u00edr\u00e1s: A hengert \u00fagy kell megtervezni, hogy meghib\u00e1sod\u00e1s n\u00e9lk\u00fcl ellen\u00e1lljon a tervezett terhel\u00e9seknek \u00e9s \u00fczemi k\u00f6r\u00fclm\u00e9nyeknek.<\/li>\n<li>T\u00f6m\u00edt\u00e9s: K\u00fcl\u00f6nb\u00f6z\u0151 t\u00f6m\u00edt\u0151elemeket, p\u00e9ld\u00e1ul dugatty\u00fat\u00f6m\u00edt\u00e9seket \u00e9s r\u00fadt\u00f6m\u00edt\u00e9seket haszn\u00e1lnak kop\u00e1s\u00e1ll\u00f3 anyagokb\u00f3l, p\u00e9ld\u00e1ul poliuret\u00e1nb\u00f3l \u00e9s nitrilgumib\u00f3l, a hat\u00e9kony t\u00f6m\u00edt\u00e9s biztos\u00edt\u00e1s\u00e1hoz.<\/li>\n<li>Tart\u00f3ss\u00e1g: A hengertest \u00e9s a menetes v\u00e9gek prec\u00edz megmunk\u00e1l\u00e1son esnek \u00e1t a kop\u00e1s\u00e1ll\u00f3s\u00e1g n\u00f6vel\u00e9se \u00e9rdek\u00e9ben. A megfelel\u0151 hidraulikaolajjal t\u00f6rt\u00e9n\u0151 rendszeres ken\u00e9s sz\u00fcks\u00e9ges az \u00e9lettartam meghosszabb\u00edt\u00e1s\u00e1hoz.<\/li>\n<\/ul>\n<p><img decoding=\"async\" src=\"https:\/\/www.hydraulic-cylinders.net\/wp-content\/uploads\/2025\/01\/songte-oil-pipes-and-spare-parts.webp\" alt=\"Term\u00e9kk\u00e9p\"><\/p>\n<h3>Karbantart\u00e1s \u00e9s hibaelh\u00e1r\u00edt\u00e1s<\/h3>\n<p>A rendszeres ellen\u0151rz\u00e9s, a megfelel\u0151 ken\u00e9s, a t\u00f6m\u00edt\u00e9sek cser\u00e9je \u00e9s a kalibr\u00e1l\u00e1si ellen\u0151rz\u00e9sek gyakori karbantart\u00e1si feladatok a serleghengerek eset\u00e9ben. A megfelel\u0151 beszerel\u00e9s, ken\u00e9s \u00e9s be\u00e1ll\u00edt\u00e1s kulcsfontoss\u00e1g\u00fa szerepet j\u00e1tszik. A hat\u00e9kony karbantart\u00e1shoz elengedhetetlen a be\u00e1ll\u00edt\u00e1si \u00fatmutat\u00f3 a beszerel\u00e9s sor\u00e1n, a megfelel\u0151 r\u00f6gz\u00edt\u0151konzolok haszn\u00e1lata a henger r\u00f6gz\u00edt\u00e9s\u00e9hez, az aj\u00e1nlott ellen\u0151rz\u00e9si, jav\u00edt\u00e1si \u00e9s csereelj\u00e1r\u00e1sok, valamint a serleghenger \u00e9lettartam\u00e1nak n\u00f6vel\u00e9s\u00e9re vonatkoz\u00f3 tippek.<\/p>\n<p><img decoding=\"async\" src=\"https:\/\/www.hydraulic-cylinders.net\/wp-content\/uploads\/2025\/01\/songte-chushion-collar.webp\" alt=\"Term\u00e9kk\u00e9p\"><\/p>\n<h3>Biztons\u00e1gi szempontok \u00e9s k\u00f6rnyezeti t\u00e9nyez\u0151k<\/h3>\n<p>A serlegpalackok haszn\u00e1latakor a biztons\u00e1gi int\u00e9zked\u00e9sek betart\u00e1sa rendk\u00edv\u00fcl fontos. A megfelel\u0151 \u00f3vint\u00e9zked\u00e9sek \u00e9s a rendszeres karbantart\u00e1s seg\u00edtenek minimaliz\u00e1lni a lehets\u00e9ges kock\u00e1zatokat \u00e9s biztos\u00edtani a biztons\u00e1gos \u00fczemeltet\u00e9st. Ezenk\u00edv\u00fcl a k\u00f6rnyezeti t\u00e9nyez\u0151k figyelembev\u00e9tele \u00e9s a vonatkoz\u00f3 el\u0151\u00edr\u00e1sok betart\u00e1sa hozz\u00e1j\u00e1rul a fenntarthat\u00f3 gyakorlatokhoz.<\/p>\n<h3>Hibadiagn\u00f3zis \u00e9s hibaelh\u00e1r\u00edt\u00e1s<\/h3>\n<p>A kan\u00e1lhengerek hib\u00e1inak azonos\u00edt\u00e1sa \u00e9s a gyakori probl\u00e9m\u00e1k megold\u00e1sa kulcsfontoss\u00e1g\u00fa. A hibaelh\u00e1r\u00edt\u00e1si tippek \u00e9s megold\u00e1sok seg\u00edthetnek az olvas\u00f3knak a probl\u00e9m\u00e1k hat\u00e9kony diagnosztiz\u00e1l\u00e1s\u00e1ban \u00e9s megold\u00e1s\u00e1ban. Hangs\u00falyozni kell a lehets\u00e9ges probl\u00e9m\u00e1k minimaliz\u00e1l\u00e1sa \u00e9rdek\u00e9ben hozott \u00f3vint\u00e9zked\u00e9seket is.<\/p>\n<p><img decoding=\"async\" src=\"https:\/\/www.hydraulic-cylinders.net\/wp-content\/uploads\/2025\/01\/songte-bushings-with-all-kinds-of-excavator-models.webp\" alt=\"Term\u00e9kk\u00e9p\"><\/p>\n<h3>C\u00e9ginform\u00e1ci\u00f3<\/h3>\n<p>A hidraulikus hengerek vezet\u0151 gy\u00e1rt\u00f3i \u00e9s nagykereskedelmi forgalmaz\u00f3i vagyunk a hazai \u00e9s a nemzetk\u00f6zi piacokon. \u00c1tfog\u00f3 term\u00e9kk\u00edn\u00e1lattal, a kiv\u00e1l\u00f3 min\u0151s\u00e9gen \u00e9s a finomhangolt gy\u00e1rt\u00f3m\u0171helyen alapul\u00f3 ipari termel\u00e9sir\u00e1ny\u00edt\u00e1si strat\u00e9gi\u00e1t k\u00f6vet\u00fcnk. C\u00e9g\u00fcnk folyamatosan fejleszti gy\u00e1rt\u00e1si platformj\u00e1t, term\u00e9kmin\u0151s\u00e9gi gy\u00e1rt\u00e1si \u00fatvonalait, \u00e9s er\u0151s termel\u00e9si kapacit\u00e1ssal rendelkezik. A hat\u00e9konys\u00e1got, a pontoss\u00e1got \u00e9s a magas min\u0151s\u00e9get helyezz\u00fck el\u0151t\u00e9rbe, hogy megfelelj\u00fcnk a soksz\u00edn\u0171 \u00fcgyf\u00e9lig\u00e9nyeknek.<\/p>\n<p><img decoding=\"async\" src=\"https:\/\/hzpt.com\/wp-content\/uploads\/2024\/11\/songte-company-1.webp\" alt=\"C\u00e9ges im\u00e1zs\"><\/p>\n<h3>Tov\u00e1bbi c\u00e9ginform\u00e1ci\u00f3k<\/h3>\n<ul>\n<li>Professzionalizmus: Kiv\u00e1l\u00f3ak vagyunk a hidraulikus hengerek ter\u00fclet\u00e9n k\u00edn\u00e1lt professzion\u00e1lis megold\u00e1sokban.<\/li>\n<li>Nemzetk\u00f6zi tan\u00fas\u00edtv\u00e1nyok: Term\u00e9keink megfelelnek a nemzetk\u00f6zi szabv\u00e1nyoknak \u00e9s tan\u00fas\u00edtv\u00e1nyoknak, biztos\u00edtva a kiv\u00e1l\u00f3 min\u0151s\u00e9g\u0171 teljes\u00edtm\u00e9nyt.<\/li>\n<li>Testreszab\u00e1si szolg\u00e1ltat\u00e1sok: Egyedi megold\u00e1sokat k\u00edn\u00e1lunk az \u00fcgyfelek egyedi ig\u00e9nyeinek kiel\u00e9g\u00edt\u00e9s\u00e9re.<\/li>\n<li>Gy\u00e1rt\u00f3berendez\u00e9sek: A legmodernebb gy\u00e1rt\u00f3berendez\u00e9sekkel van felszerelve a hat\u00e9kony \u00e9s prec\u00edz gy\u00e1rt\u00e1s \u00e9rdek\u00e9ben.<\/li>\n<li>\u00c9rt\u00e9kes\u00edt\u00e9s ut\u00e1ni szolg\u00e1ltat\u00e1s: \u00c1tfog\u00f3 \u00e9rt\u00e9kes\u00edt\u00e9s ut\u00e1ni szolg\u00e1ltat\u00e1sokat ny\u00fajtunk, bele\u00e9rtve az alkatr\u00e9szcser\u00e9t \u00e9s az \u00fajj\u00e1\u00e9p\u00edt\u00e9st, term\u00e9keink \u00e9lettartam\u00e1nak n\u00f6vel\u00e9se \u00e9rdek\u00e9ben.<\/li>\n<\/ul>\n<p><img decoding=\"async\" src=\"https:\/\/www.hydraulic-cylinders.net\/wp-content\/uploads\/2025\/01\/songte-company-3.webp\" alt=\"C\u00e9ges im\u00e1zs\"><\/p>\n<p>Szerz\u0151: lyl<\/p>","protected":false},"excerpt":{"rendered":"<p>Bucket Cylinder For Sany Middle Excavator SY215C-8-9 Introduction The bucket cylinder for Sany middle excavator SY215C-8-9 is a specially designed hydraulic cylinder used to control the movement of the bucket in heavy machinery such as excavators, backhoe loaders, and front-end loaders. Its main function is to enable the lifting, lowering, and tilting of the bucket, [&hellip;]<\/p>","protected":false},"featured_media":14784,"comment_status":"open","ping_status":"closed","template":"","meta":{"_et_pb_use_builder":"","_et_pb_old_content":"","_et_gb_content_width":""},"product_brand":[],"product_cat":[1494],"product_tag":[1495,1496],"class_list":{"0":"post-15436","1":"product","2":"type-product","3":"status-publish","4":"has-post-thumbnail","6":"product_cat-bucket-cylinders","7":"product_tag-bucket-cylinders","8":"product_tag-hydraulic-cylinders","10":"first","11":"instock","12":"shipping-taxable","13":"product-type-simple"},"amp_enabled":true,"_links":{"self":[{"href":"https:\/\/www.hydraulic-cylinders.net\/hu\/wp-json\/wp\/v2\/product\/15436","targetHints":{"allow":["GET"]}}],"collection":[{"href":"https:\/\/www.hydraulic-cylinders.net\/hu\/wp-json\/wp\/v2\/product"}],"about":[{"href":"https:\/\/www.hydraulic-cylinders.net\/hu\/wp-json\/wp\/v2\/types\/product"}],"replies":[{"embeddable":true,"href":"https:\/\/www.hydraulic-cylinders.net\/hu\/wp-json\/wp\/v2\/comments?post=15436"}],"wp:featuredmedia":[{"embeddable":true,"href":"https:\/\/www.hydraulic-cylinders.net\/hu\/wp-json\/wp\/v2\/media\/14784"}],"wp:attachment":[{"href":"https:\/\/www.hydraulic-cylinders.net\/hu\/wp-json\/wp\/v2\/media?parent=15436"}],"wp:term":[{"taxonomy":"product_brand","embeddable":true,"href":"https:\/\/www.hydraulic-cylinders.net\/hu\/wp-json\/wp\/v2\/product_brand?post=15436"},{"taxonomy":"product_cat","embeddable":true,"href":"https:\/\/www.hydraulic-cylinders.net\/hu\/wp-json\/wp\/v2\/product_cat?post=15436"},{"taxonomy":"product_tag","embeddable":true,"href":"https:\/\/www.hydraulic-cylinders.net\/hu\/wp-json\/wp\/v2\/product_tag?post=15436"}],"curies":[{"name":"munkaf\u00fczet","href":"https:\/\/api.w.org\/{rel}","templated":true}]}}