{"id":15441,"date":"2025-01-19T14:32:04","date_gmt":"2025-01-19T14:32:04","guid":{"rendered":"https:\/\/www.hydraulic-cylinders.net\/product\/bucket-cylinder-for-sany-middle-excavator-sy215q\/"},"modified":"2025-01-19T14:32:06","modified_gmt":"2025-01-19T14:32:06","slug":"bucket-cylinder-for-sany-middle-excavator-sy215q","status":"publish","type":"product","link":"https:\/\/www.hydraulic-cylinders.net\/hu\/termek\/bucket-cylinder-for-sany-middle-excavator-sy215q\/","title":{"rendered":"V\u00f6d\u00f6rhenger Sany k\u00f6z\u00e9ps\u0151 kotr\u00f3g\u00e9phez SY215Q"},"content":{"rendered":"<h1>V\u00f6d\u00f6rhenger Sany k\u00f6z\u00e9ps\u0151 kotr\u00f3g\u00e9phez SY215Q<\/h1>\n<h2>Bevezet\u00e9s<\/h2>\n<p>A Sany SY215Q k\u00f6z\u00e9pkotr\u00f3g\u00e9p kan\u00e1lhengere egy speci\u00e1lisan tervezett hidraulikus henger, amelyet els\u0151sorban a neh\u00e9zg\u00e9pek, p\u00e9ld\u00e1ul kotr\u00f3g\u00e9pek, kotr\u00f3rakod\u00f3k \u00e9s homlokrakod\u00f3k kan\u00e1lmozg\u00e1s\u00e1nak vez\u00e9rl\u00e9s\u00e9re haszn\u00e1lnak. F\u0151 funkci\u00f3ja a kan\u00e1l emel\u00e9se, s\u00fcllyeszt\u00e9se \u00e9s billent\u00e9se, ez\u00e1ltal megk\u00f6nny\u00edtve a k\u00fcl\u00f6nf\u00e9le anyagmozgat\u00e1si feladatokat. A hidraulikus rendszerben a kan\u00e1lhenger a hidraulikaolaj nyom\u00e1s\u00e1nak v\u00e1ltoztat\u00e1s\u00e1val pontosan szab\u00e1lyozza a kan\u00e1l mozg\u00e1s\u00e1t, lehet\u0151v\u00e9 t\u00e9ve a kezel\u0151 sz\u00e1m\u00e1ra, hogy hat\u00e9konyan kezelje a neh\u00e9z terheket, \u00e9s alkalmazkodjon az \u00f6sszetett munkak\u00f6rnyezetekhez \u00e9s a v\u00e1ltozatos munkak\u00f6vetelm\u00e9nyekhez.<\/p>\n<p><img decoding=\"async\" src=\"https:\/\/www.hydraulic-cylinders.net\/wp-content\/uploads\/2025\/01\/songte-company-2.webp\" alt=\"V\u00f6d\u00f6rhenger Sany k\u00f6z\u00e9ps\u0151 kotr\u00f3g\u00e9phez SY215Q\"><\/p>\n<h2>Jellemz\u0151k<\/h2>\n<ul>\n<li>Nagy szil\u00e1rds\u00e1g \u00e9s tart\u00f3ss\u00e1g: \u00e1ltal\u00e1ban nagy szil\u00e1rds\u00e1g\u00fa ac\u00e9lb\u00f3l vagy alum\u00edniumb\u00f3l k\u00e9sz\u00fcl, ellen\u00e1ll a nagy nyom\u00e1snak \u00e9s a nagy terhel\u00e9seknek, alkalmazkodik a zord munkak\u00f6rnyezethez, \u00e9s a kop\u00e1s\u00e1ll\u00f3s\u00e1got \u00e9s a korr\u00f3zi\u00f3\u00e1ll\u00f3s\u00e1got szem el\u0151tt tartva tervezt\u00e9k, meghosszabb\u00edtva \u00e9lettartam\u00e1t.<\/li>\n<li>Hat\u00e9kony hidraulikus m\u0171k\u00f6d\u00e9s: a sima kitol\u00e1si \u00e9s visszah\u00faz\u00e1si m\u0171veleteket a hidraulikaolaj nyom\u00e1sa biztos\u00edtja, amely gyorsan reag\u00e1l a vez\u00e9rl\u0151parancsokra, er\u0151teljes tol\u00f3- \u00e9s h\u00faz\u00f3er\u0151t biztos\u00edt, \u00e9s alkalmas neh\u00e9z terhek \u00e9s \u00f6sszetett feladatok kezel\u00e9s\u00e9re.<\/li>\n<li>K\u00fcl\u00f6nb\u00f6z\u0151 t\u00edpusok: Az egyszeres m\u0171k\u00f6d\u00e9s\u0171 (a hidraulika csak az egyik ir\u00e1nyban m\u0171k\u00f6dik) vagy kett\u0151s m\u0171k\u00f6d\u00e9s\u0171 (a hidraulika mindk\u00e9t ir\u00e1nyban m\u0171k\u00f6dik) hengerek az ig\u00e9nyeknek megfelel\u0151en v\u00e1laszthat\u00f3k ki a k\u00fcl\u00f6nb\u00f6z\u0151 m\u0171k\u00f6d\u00e9si k\u00f6vetelm\u00e9nyeknek val\u00f3 megfelel\u00e9s \u00e9rdek\u00e9ben. Egyes modellek teleszk\u00f3posak, \u00edgy nagyobb kiny\u00fal\u00e1st tesznek lehet\u0151v\u00e9 a k\u00fcls\u0151 m\u00e9retek n\u00f6vel\u00e9se n\u00e9lk\u00fcl, \u00edgy alkalmasak korl\u00e1tozott helyig\u00e9ny\u0171 alkalmaz\u00e1sokhoz.<\/li>\n<li>K\u00f6nnyen telep\u00edthet\u0151: Term\u00e9k\u00fcnk t\u00f6k\u00e9letesen helyettes\u00edti ezeket a hidraulikus hengereket. Ezt a term\u00e9ket mi is le tudjuk gy\u00e1rtani.<\/li>\n<\/ul>\n<p><img decoding=\"async\" src=\"https:\/\/www.hydraulic-cylinders.net\/wp-content\/uploads\/2025\/01\/songte-cylinder-head-with-all-kinds-excavator-models.webp\" alt=\"V\u00f6d\u00f6rhenger Sany k\u00f6z\u00e9ps\u0151 kotr\u00f3g\u00e9phez SY215Q\"><\/p>\n<h2>Alkalmaz\u00e1sok<\/h2>\n<p>A Sany SY215Q k\u00f6z\u00e9ps\u0151 kotr\u00f3g\u00e9p v\u00f6d\u00f6rhenger\u00e9t sz\u00e9les k\u00f6rben haszn\u00e1lj\u00e1k k\u00fcl\u00f6nf\u00e9le ter\u00fcleteken, t\u00f6bbek k\u00f6z\u00f6tt:<\/p>\n<ul>\n<li>\u00c9p\u00edt\u0151ipari berendez\u00e9sek: Kotr\u00f3g\u00e9pekben elengedhetetlenek az \u00e1s\u00e1shoz, a rakod\u00e1shoz \u00e9s a talaj vagy t\u00f6rmel\u00e9k mozgat\u00e1s\u00e1hoz. Kotr\u00f3g\u00e9p-rakod\u00f3kban a kan\u00e1lhenger mind az \u00e1s\u00e1st, mind az emel\u00e9st seg\u00edti. <\/li>\n<li>Mez\u0151gazdas\u00e1gi g\u00e9pek: Homlokrakod\u00f3kon haszn\u00e1lj\u00e1k talaj, sz\u00e9na \u00e9s egy\u00e9b anyagok mer\u00e9s\u00e9re, emel\u00e9s\u00e9re \u00e9s sz\u00e1ll\u00edt\u00e1s\u00e1ra. <\/li>\n<li>Kotr\u00f3g\u00e9pek: A kan\u00e1lhengerek lehet\u0151v\u00e9 teszik az \u00e1s\u00e1si m\u0171veleteket az\u00e1ltal, hogy lehet\u0151v\u00e9 teszik a kan\u00e1l talajba hatol\u00e1s\u00e1t. <\/li>\n<li>Rakod\u00f3g\u00e9pek: Az el\u00fcls\u0151 rakod\u00f3g\u00e9pekben hat\u00e9konyan seg\u00edtik a rakom\u00e1nyok emel\u00e9s\u00e9t \u00e9s billent\u00e9s\u00e9t.<\/li>\n<\/ul>\n<p>Minden egyes alkalmaz\u00e1st r\u00e9szletesen ismertet\u00fcnk az al\u00e1bbiakban:<\/p>\n<h3>\u00c9p\u00edt\u0151ipari berendez\u00e9sek<\/h3>\n<p>Kotr\u00f3g\u00e9pekben a kan\u00e1lhengerek elengedhetetlenek az \u00e1s\u00e1shoz, rakod\u00e1shoz \u00e9s talaj vagy t\u00f6rmel\u00e9k mozgat\u00e1s\u00e1hoz. Kotr\u00f3g\u00e9p-rakod\u00f3kban is haszn\u00e1lj\u00e1k \u0151ket, ahol a kan\u00e1lhenger seg\u00edti az \u00e1s\u00e1si \u00e9s emel\u00e9si feladatokat. A kan\u00e1lhengereket sz\u00e9les k\u00f6rben haszn\u00e1lj\u00e1k az \u00e9p\u00edt\u0151iparban f\u00f6ldmunk\u00e1khoz \u00e9s rakod\u00e1si munk\u00e1khoz. Elengedhetetlenek a kan\u00e1l mozg\u00e1s\u00e1hoz, \u00e9s k\u00e9pesek emelni, s\u00fcllyeszteni \u00e9s d\u00f6nteni a v\u00f6dr\u00f6t, ami megk\u00f6nny\u00edti az anyagmozgat\u00e1si feladatokat.<\/p>\n<h3>Mez\u0151gazdas\u00e1gi g\u00e9pek<\/h3>\n<p>A kan\u00e1lhengert sz\u00e9les k\u00f6rben haszn\u00e1lj\u00e1k mez\u0151gazdas\u00e1gi g\u00e9pekben, p\u00e9ld\u00e1ul homlokrakod\u00f3kban. A kan\u00e1lhenger seg\u00edts\u00e9g\u00e9vel a rakod\u00f3 k\u00f6nnyed\u00e9n tud f\u00f6ldet, sz\u00e9n\u00e1t \u00e9s egy\u00e9b anyagokat mer\u00edteni, emelni \u00e9s sz\u00e1ll\u00edtani. A kan\u00e1lhenger a rakod\u00f3 alapvet\u0151 alkot\u00f3eleme, \u00e9s lehet\u0151v\u00e9 teszi a neh\u00e9z feladatok k\u00f6nny\u0171 elv\u00e9gz\u00e9s\u00e9t.<\/p>\n<h3>Kotr\u00f3g\u00e9pek<\/h3>\n<p>A Sany SY215Q k\u00f6z\u00e9pkotr\u00f3g\u00e9p kan\u00e1lhengere alapvet\u0151 szerepet j\u00e1tszik a kotr\u00f3g\u00e9pekben. Lehet\u0151v\u00e9 teszi, hogy a kan\u00e1l behatoljon a talajba, lehet\u0151v\u00e9 t\u00e9ve az \u00e1s\u00e1si m\u0171veletet. A kan\u00e1lhengert a hidraulikaolaj vez\u00e9rli, amely a nyom\u00e1s v\u00e1ltoztat\u00e1s\u00e1val szab\u00e1lyozza a kan\u00e1l mozg\u00e1s\u00e1t. Ez lehet\u0151v\u00e9 teszi a kezel\u0151 sz\u00e1m\u00e1ra a hat\u00e9kony, k\u00f6nny\u0171 \u00e9s eredm\u00e9nyes \u00e1s\u00e1st.<\/p>\n<h3>Rakod\u00f3k<\/h3>\n<p>A homlokrakod\u00f3kban a kan\u00e1lhengerek hat\u00e9konyan seg\u00edtik a rakom\u00e1nyok emel\u00e9s\u00e9t \u00e9s billent\u00e9s\u00e9t. \u00dagy tervezt\u00e9k \u0151ket, hogy neh\u00e9z rakom\u00e1nyokat sim\u00e1n \u00e9s biztons\u00e1gosan emeljenek, \u00e9s elengedhetetlenek az anyagmozgat\u00e1si feladatokhoz. A kan\u00e1lhengerek lehet\u0151v\u00e9 teszik a rakod\u00f3 sz\u00e1m\u00e1ra a kan\u00e1l emel\u00e9s\u00e9t, s\u00fcllyeszt\u00e9s\u00e9t \u00e9s billent\u00e9s\u00e9t, megk\u00f6nny\u00edtve a rakom\u00e1ny be- \u00e9s kirakod\u00e1s\u00e1t.<\/p>\n<h2>Tervez\u00e9si szempontok \u00e9s kiv\u00e1laszt\u00e1si krit\u00e9riumok<\/h2>\n<p>A kan\u00e1lhengerek tervez\u00e9sekor \u00e9s kiv\u00e1laszt\u00e1sakor sz\u00e1mos t\u00e9nyez\u0151t kell figyelembe venni, bele\u00e9rtve a teherb\u00edr\u00e1st, a t\u00f6m\u00edt\u00e9st, a tart\u00f3ss\u00e1got, a biztons\u00e1got \u00e9s a karbantarthat\u00f3s\u00e1got.<\/p>\n<ul>\n<li>Teherb\u00edr\u00e1s: A kan\u00e1lhengernek k\u00e9pesnek kell lennie ellen\u00e1llni a teher s\u00faly\u00e1nak. A felhaszn\u00e1lt anyagnak er\u0151snek \u00e9s tart\u00f3snak kell lennie, a henger szerkezeti kialak\u00edt\u00e1s\u00e1nak pedig el\u00e9g robusztusnak kell lennie a neh\u00e9z terhek kezel\u00e9s\u00e9hez.<\/li>\n<li>T\u00f6m\u00edt\u00e9s: A serleghengert megfelel\u0151en t\u00f6m\u00edteni kell a sziv\u00e1rg\u00e1sok megel\u0151z\u00e9se \u00e9s a zavartalan m\u0171k\u00f6d\u00e9s biztos\u00edt\u00e1sa \u00e9rdek\u00e9ben. A t\u00f6m\u00edt\u00e9seknek kop\u00e1s\u00e1ll\u00f3 anyagokb\u00f3l kell k\u00e9sz\u00fclni\u00fck, \u00e9s nagy nyom\u00e1snak kell ellen\u00e1llniuk.<\/li>\n<li>Tart\u00f3ss\u00e1g: A kan\u00e1lhengerek zord k\u00f6rnyezeti hat\u00e1soknak vannak kit\u00e9ve, ez\u00e9rt \u00fagy kell \u0151ket megtervezni, hogy ellen\u00e1lljanak a korr\u00f3zi\u00f3nak, a kop\u00e1snak \u00e9s m\u00e1s k\u00fcls\u0151 t\u00e9nyez\u0151knek, amelyek cs\u00f6kkenthetik \u00e9lettartamukat.<\/li>\n<li>Biztons\u00e1g: A v\u00f6dr\u00f6s hengereket biztons\u00e1g szem el\u0151tt tart\u00e1s\u00e1val kell megtervezni. Biztons\u00e1gi funkci\u00f3kkal, p\u00e9ld\u00e1ul nyom\u00e1scs\u00f6kkent\u0151 szelepekkel kell felszerelni \u0151ket a balesetek megel\u0151z\u00e9se \u00e9rdek\u00e9ben.<\/li>\n<li>Karbantarthat\u00f3s\u00e1g: A serleghengereket \u00fagy kell megtervezni, hogy k\u00f6nnyen karbantarthat\u00f3k \u00e9s jav\u00edthat\u00f3k legyenek. K\u00f6nnyen sz\u00e9tszerelhet\u0151knek \u00e9s \u00f6sszeszerelhet\u0151knek kell lenni\u00fck, \u00e9s a cserealkatr\u00e9szeknek k\u00f6nnyen el\u00e9rhet\u0151nek kell lenni\u00fck.<\/li>\n<\/ul>\n<p><img decoding=\"async\" src=\"https:\/\/www.hydraulic-cylinders.net\/wp-content\/uploads\/2025\/01\/songte-oil-pipes-and-spare-parts.webp\" alt=\"V\u00f6d\u00f6rhenger Sany k\u00f6z\u00e9ps\u0151 kotr\u00f3g\u00e9phez SY215Q\"><\/p>\n<h2>T\u00f6m\u00edt\u00e9s \u00e9s ken\u00e9s<\/h2>\n<p>A Sany SY215Q k\u00f6z\u00e9pkotr\u00f3g\u00e9p kan\u00e1lhengere k\u00fcl\u00f6nf\u00e9le t\u00f6m\u00edt\u0151elemeket haszn\u00e1l, p\u00e9ld\u00e1ul dugatty\u00fat\u00f6m\u00edt\u00e9seket \u00e9s r\u00fadt\u00f6m\u00edt\u00e9seket. A t\u00f6m\u00edt\u00e9sek kop\u00e1s\u00e1ll\u00f3 anyagokb\u00f3l, p\u00e9ld\u00e1ul poliuret\u00e1nb\u00f3l \u00e9s nitrilgumib\u00f3l k\u00e9sz\u00fclnek, hogy hosszabb \u00e9lettartamot biztos\u00edtsanak. A hengertest \u00e9s a menetes v\u00e9gfel\u00fclet finom megmunk\u00e1l\u00e1son esik \u00e1t a kop\u00e1s\u00e1ll\u00f3s\u00e1g jav\u00edt\u00e1sa \u00e9rdek\u00e9ben. A henger rendszeres ken\u00e9st ig\u00e9nyel hidraulikaolajjal a z\u00f6kken\u0151mentes m\u0171k\u00f6d\u00e9s biztos\u00edt\u00e1sa \u00e9rdek\u00e9ben. A rendszeres ken\u00e9s seg\u00edthet meghosszabb\u00edtani a henger \u00e9lettartam\u00e1t, \u00e9s biztos\u00edthatja a hat\u00e9kony \u00e9s biztons\u00e1gos m\u0171k\u00f6d\u00e9st.<\/p>\n<h2>Karbantart\u00e1s \u00e9s jav\u00edt\u00e1s<\/h2>\n<p>A Sany SY215Q k\u00f6z\u00e9pkotr\u00f3g\u00e9p kan\u00e1lhenger\u00e9nek hat\u00e9kony \u00e9s biztons\u00e1gos m\u0171k\u00f6d\u00e9s\u00e9hez elengedhetetlen a rendszeres karbantart\u00e1s \u00e9s jav\u00edt\u00e1s. N\u00e9h\u00e1ny gyakori karbantart\u00e1si feladat k\u00f6z\u00e9 tartozik a rendszeres ellen\u0151rz\u00e9s, a megfelel\u0151 ken\u00e9s, a t\u00f6m\u00edt\u00e9sek cser\u00e9je \u00e9s a kalibr\u00e1ci\u00f3s ellen\u0151rz\u00e9sek. A megfelel\u0151 beszerel\u00e9s, ken\u00e9s \u00e9s be\u00e1ll\u00edt\u00e1s szint\u00e9n elengedhetetlen a henger megfelel\u0151 m\u0171k\u00f6d\u00e9s\u00e9hez. A henger r\u00f6gz\u00edt\u00e9s\u00e9hez aj\u00e1nlott megfelel\u0151 r\u00f6gz\u00edt\u0151konzolok haszn\u00e1lata. Alkatr\u00e9szek jav\u00edt\u00e1sakor vagy cser\u00e9jekor aj\u00e1nlott a javasolt csereelj\u00e1r\u00e1sok betart\u00e1sa a henger biztons\u00e1gos \u00e9s hat\u00e9kony m\u0171k\u00f6d\u00e9s\u00e9nek biztos\u00edt\u00e1sa \u00e9rdek\u00e9ben.<\/p>\n<p><img decoding=\"async\" src=\"https:\/\/www.hydraulic-cylinders.net\/wp-content\/uploads\/2025\/01\/songte-chushion-collar.webp\" alt=\"V\u00f6d\u00f6rhenger Sany k\u00f6z\u00e9ps\u0151 kotr\u00f3g\u00e9phez SY215Q\"><\/p>\n<h2>Biztons\u00e1gi szempontok \u00e9s k\u00f6rnyezeti t\u00e9nyez\u0151k<\/h2>\n<p>A Sany SY215Q k\u00f6z\u00e9pkotr\u00f3g\u00e9p kan\u00e1lhenger\u00e9nek haszn\u00e1latakor elengedhetetlen a biztons\u00e1gi elj\u00e1r\u00e1sok betart\u00e1sa a balesetek megel\u0151z\u00e9se \u00e9rdek\u00e9ben. A balesetek megel\u0151z\u00e9se \u00e9rdek\u00e9ben biztons\u00e1gi berendez\u00e9seket, p\u00e9ld\u00e1ul nyom\u00e1scs\u00f6kkent\u0151 szelepeket kell felszerelni. A figyelembe veend\u0151 k\u00f6rnyezeti t\u00e9nyez\u0151k k\u00f6z\u00e9 tartozik az \u00fczemi k\u00f6rnyezet h\u0151m\u00e9rs\u00e9kleti tartom\u00e1nya, valamint az anyagok vagy komponensek t\u00edpusa, amelyekkel a henger \u00e9rintkez\u00e9sbe ker\u00fcl.<\/p>\n<h2>Hibadiagn\u00f3zis \u00e9s gyakori probl\u00e9m\u00e1k<\/h2>\n<p>A Sany SY215Q k\u00f6z\u00e9pkotr\u00f3g\u00e9p kan\u00e1lhenger\u00e9vel kapcsolatos gyakori probl\u00e9m\u00e1k k\u00f6z\u00e9 tartoznak a sziv\u00e1rg\u00e1sok, a nem megfelel\u0151 m\u0171k\u00f6d\u00e9s, valamint a t\u00f6m\u00edt\u00e9sek vagy m\u00e1s alkatr\u00e9szek s\u00e9r\u00fcl\u00e9sei. Ezeket a probl\u00e9m\u00e1kat a henger s\u00e9r\u00fcl\u00e9s\u00e9nek vagy kop\u00e1s\u00e1nak ellen\u0151rz\u00e9s\u00e9vel lehet diagnosztiz\u00e1lni. A rendszeres ellen\u0151rz\u00e9s \u00e9s karbantart\u00e1s seg\u00edthet megel\u0151zni ezeket a probl\u00e9m\u00e1kat, \u00e9s a korai felismer\u00e9s korl\u00e1tozhatja a k\u00e1rok m\u00e9rt\u00e9k\u00e9t.<\/p>\n<p>Probl\u00e9ma \u00e9szlel\u00e9se eset\u00e9n elengedhetetlen az aj\u00e1nlott jav\u00edt\u00e1si elj\u00e1r\u00e1sok betart\u00e1sa a henger biztons\u00e1gos \u00e9s hat\u00e9kony m\u0171k\u00f6d\u00e9s\u00e9nek biztos\u00edt\u00e1sa \u00e9rdek\u00e9ben. S\u00falyos s\u00e9r\u00fcl\u00e9s eset\u00e9n sz\u00fcks\u00e9gess\u00e9 v\u00e1lhat a henger vagy bizonyos alkatr\u00e9szek cser\u00e9je.<\/p>\n<p><img decoding=\"async\" src=\"https:\/\/www.hydraulic-cylinders.net\/wp-content\/uploads\/2025\/01\/songte-bushings-with-all-kinds-of-excavator-models.webp\" alt=\"V\u00f6d\u00f6rhenger Sany k\u00f6z\u00e9ps\u0151 kotr\u00f3g\u00e9phez SY215Q\"><\/p>\n<h2>C\u00e9g\u00fcnkr\u0151l<\/h2>\n<p>Cserehidraulikus hengerek gy\u00e1rt\u00f3ja vagyunk, teljes term\u00e9kk\u00edn\u00e1lattal. A hazai \u00e9s nemzetk\u00f6zi piacok egyik vezet\u0151 hidraulikus hengergy\u00e1rt\u00f3j\u00e1v\u00e1 \u00e9s nagykereskedelmi forgalmaz\u00f3j\u00e1v\u00e1 v\u00e1ltunk. A kiv\u00e1l\u00f3 min\u0151s\u00e9g elv\u00e9t k\u00f6vetj\u00fck, egy kifinomult gy\u00e1rt\u00f3m\u0171hely ipari termel\u00e9sir\u00e1ny\u00edt\u00e1si strat\u00e9gi\u00e1j\u00e1ra t\u00e1maszkodunk, \u00e9s folyamatosan fejlesztj\u00fck a m\u0171hely gy\u00e1rt\u00e1si platformj\u00e1t m\u0171szaki tehets\u00e9gek, digit\u00e1lis, cs\u00facskateg\u00f3ri\u00e1s gy\u00e1rt\u00f3berendez\u00e9sek \u00e9s professzion\u00e1lis tesztel\u0151rendszerek alkalmaz\u00e1s\u00e1val. Er\u0151s innov\u00e1ci\u00f3s k\u00e9pess\u00e9gekkel rendelkez\u00fcnk, \u00e9s a nagy hat\u00e9konys\u00e1g, a nagy pontoss\u00e1g \u00e9s a kiv\u00e1l\u00f3 min\u0151s\u00e9g elveit k\u00f6vetj\u00fck, hogy megfelelj\u00fcnk \u00fcgyfeleink sokr\u00e9t\u0171 ig\u00e9nyeinek.<\/p>\n<p>C\u00e9g\u00fcnk specializ\u00e1lt, nemzetk\u00f6zileg tan\u00fas\u00edtott, testreszabott szolg\u00e1ltat\u00e1sokat ny\u00fajt, korszer\u0171 gy\u00e1rt\u00f3berendez\u00e9seket haszn\u00e1l, \u00e9s kiv\u00e1l\u00f3 \u00e9rt\u00e9kes\u00edt\u00e9s ut\u00e1ni szolg\u00e1ltat\u00e1st ny\u00fajt. Term\u00e9keink m\u00f6g\u00f6tt a min\u0151s\u00e9g \u00e9s az innov\u00e1ci\u00f3 ir\u00e1nti elk\u00f6telezetts\u00e9g\u00fcnk \u00e1ll, \u00e9s arra t\u00f6reksz\u00fcnk, hogy a lehet\u0151 legjobb \u00fcgyf\u00e9l\u00e9lm\u00e9nyt ny\u00fajtsuk.<\/p>\n<p><img decoding=\"async\" src=\"https:\/\/hzpt.com\/wp-content\/uploads\/2024\/11\/songte-company-1.webp\" alt=\"V\u00f6d\u00f6rhenger Sany k\u00f6z\u00e9ps\u0151 kotr\u00f3g\u00e9phez SY215Q\"><\/p>\n<p>Szerz\u0151: lyl<\/p>","protected":false},"excerpt":{"rendered":"<p>Bucket Cylinder For Sany Middle Excavator SY215Q Introduction The bucket cylinder for Sany middle excavator SY215Q is a specially designed hydraulic cylinder used primarily to control the movement of the bucket in heavy machinery such as excavators, backhoe loaders, and front-end loaders. Its main function is to enable the bucket to lift, lower, and tilt, [&hellip;]<\/p>","protected":false},"featured_media":14773,"comment_status":"open","ping_status":"closed","template":"","meta":{"_et_pb_use_builder":"","_et_pb_old_content":"","_et_gb_content_width":""},"product_brand":[],"product_cat":[1494],"product_tag":[1495,1496],"class_list":{"0":"post-15441","1":"product","2":"type-product","3":"status-publish","4":"has-post-thumbnail","6":"product_cat-bucket-cylinders","7":"product_tag-bucket-cylinders","8":"product_tag-hydraulic-cylinders","10":"first","11":"instock","12":"shipping-taxable","13":"product-type-simple"},"amp_enabled":true,"_links":{"self":[{"href":"https:\/\/www.hydraulic-cylinders.net\/hu\/wp-json\/wp\/v2\/product\/15441","targetHints":{"allow":["GET"]}}],"collection":[{"href":"https:\/\/www.hydraulic-cylinders.net\/hu\/wp-json\/wp\/v2\/product"}],"about":[{"href":"https:\/\/www.hydraulic-cylinders.net\/hu\/wp-json\/wp\/v2\/types\/product"}],"replies":[{"embeddable":true,"href":"https:\/\/www.hydraulic-cylinders.net\/hu\/wp-json\/wp\/v2\/comments?post=15441"}],"wp:featuredmedia":[{"embeddable":true,"href":"https:\/\/www.hydraulic-cylinders.net\/hu\/wp-json\/wp\/v2\/media\/14773"}],"wp:attachment":[{"href":"https:\/\/www.hydraulic-cylinders.net\/hu\/wp-json\/wp\/v2\/media?parent=15441"}],"wp:term":[{"taxonomy":"product_brand","embeddable":true,"href":"https:\/\/www.hydraulic-cylinders.net\/hu\/wp-json\/wp\/v2\/product_brand?post=15441"},{"taxonomy":"product_cat","embeddable":true,"href":"https:\/\/www.hydraulic-cylinders.net\/hu\/wp-json\/wp\/v2\/product_cat?post=15441"},{"taxonomy":"product_tag","embeddable":true,"href":"https:\/\/www.hydraulic-cylinders.net\/hu\/wp-json\/wp\/v2\/product_tag?post=15441"}],"curies":[{"name":"munkaf\u00fczet","href":"https:\/\/api.w.org\/{rel}","templated":true}]}}