{"id":15454,"date":"2025-01-19T14:33:02","date_gmt":"2025-01-19T14:33:02","guid":{"rendered":"https:\/\/www.hydraulic-cylinders.net\/product\/bucket-cylinder-for-sany-large-excavator-sy880h-8\/"},"modified":"2025-01-19T14:33:04","modified_gmt":"2025-01-19T14:33:04","slug":"bucket-cylinder-for-sany-large-excavator-sy880h-8","status":"publish","type":"product","link":"https:\/\/www.hydraulic-cylinders.net\/hu\/termek\/bucket-cylinder-for-sany-large-excavator-sy880h-8\/","title":{"rendered":"V\u00f6d\u00f6rhenger Sany nagym\u00e9ret\u0171 kotr\u00f3g\u00e9phez SY880H-8"},"content":{"rendered":"<h1>V\u00f6d\u00f6rhenger Sany nagym\u00e9ret\u0171 kotr\u00f3g\u00e9phez SY880H-8<\/h1>\n<h2>Bevezet\u00e9s<\/h2>\n<h3>A v\u00f6d\u00f6rhenger meghat\u00e1roz\u00e1sa<\/h3>\n<p>A kan\u00e1lhenger egy speci\u00e1lisan tervezett hidraulikus henger, amelyet a kan\u00e1l mozg\u00e1s\u00e1nak vez\u00e9rl\u00e9s\u00e9re haszn\u00e1lnak neh\u00e9zg\u00e9pekben, p\u00e9ld\u00e1ul kotr\u00f3g\u00e9pekben, kotr\u00f3g\u00e9pekben \u00e9s homlokrakod\u00f3kban. F\u0151 funkci\u00f3ja a kan\u00e1l emel\u00e9s\u00e9nek, s\u00fcllyeszt\u00e9s\u00e9nek \u00e9s billent\u00e9s\u00e9nek lehet\u0151v\u00e9 t\u00e9tele, megk\u00f6nny\u00edtve a kezel\u0151 sz\u00e1m\u00e1ra a neh\u00e9z terhek kezel\u00e9s\u00e9t, valamint az alkalmazkod\u00e1st az \u00f6sszetett munkak\u00f6rnyezetekhez \u00e9s a v\u00e1ltozatos munkak\u00f6vetelm\u00e9nyekhez. A hidraulikus rendszerben a kan\u00e1lhenger a hidraulikaolaj nyom\u00e1s\u00e1nak v\u00e1ltoztat\u00e1s\u00e1val prec\u00edzen szab\u00e1lyozza a kan\u00e1l mozg\u00e1s\u00e1t, biztos\u00edtva a neh\u00e9z terhek hat\u00e9kony kezel\u00e9s\u00e9t.<\/p>\n<p><img decoding=\"async\" src=\"https:\/\/www.hydraulic-cylinders.net\/wp-content\/uploads\/2025\/01\/songte-company-2.webp\"><\/p>\n<h3>A v\u00f6d\u00f6rhenger jellemz\u0151i<\/h3>\n<ul>\n<li><strong>Nagy szil\u00e1rds\u00e1g \u00e9s tart\u00f3ss\u00e1g:<\/strong> \u00c1ltal\u00e1ban nagy szil\u00e1rds\u00e1g\u00fa ac\u00e9lb\u00f3l vagy alum\u00edniumb\u00f3l k\u00e9sz\u00fcl, ellen\u00e1ll a nagy nyom\u00e1snak \u00e9s a nagy terhel\u00e9seknek, alkalmas zord munkak\u00f6rnyezetre, \u00e9s a kop\u00e1s\u00e1ll\u00f3s\u00e1got \u00e9s a korr\u00f3zi\u00f3\u00e1ll\u00f3s\u00e1got szem el\u0151tt tartva tervezt\u00e9k, hogy meghosszabb\u00edts\u00e1k \u00e9lettartam\u00e1t.<\/li>\n<li><strong>Hat\u00e9kony hidraulikus m\u0171k\u00f6dtet\u00e9s:<\/strong> A hidraulikaolaj nyom\u00e1s\u00e1nak k\u00f6sz\u00f6nhet\u0151en a g\u00e9p sima kiny\u00fajt\u00e1st \u00e9s \u00f6sszeh\u00faz\u00f3d\u00e1st biztos\u00edt, \u00edgy gyorsan reag\u00e1l a vez\u00e9rl\u0151parancsokra, er\u0151teljes tol\u00f3- \u00e9s h\u00faz\u00f3er\u0151t biztos\u00edtva, \u00edgy alkalmass\u00e1 t\u00e9ve neh\u00e9z terhek \u00e9s \u00f6sszetett feladatok kezel\u00e9s\u00e9re.<\/li>\n<li><strong>K\u00fcl\u00f6nb\u00f6z\u0151 t\u00edpusok:<\/strong> Az ig\u00e9nyeknek megfelel\u0151en egyszeres m\u0171k\u00f6d\u00e9s\u0171 (csak egy ir\u00e1nyban hidraulikus) vagy kett\u0151s m\u0171k\u00f6d\u00e9s\u0171 (mindk\u00e9t ir\u00e1nyban hidraulikus) hengerek v\u00e1laszthat\u00f3k a k\u00fcl\u00f6nb\u00f6z\u0151 m\u0171k\u00f6d\u00e9si k\u00f6vetelm\u00e9nyeknek megfelel\u0151en. Egyes modellek teleszk\u00f3posak, \u00edgy nagyobb b\u0151v\u00edt\u00e9st tesznek lehet\u0151v\u00e9 a k\u00fcls\u0151 m\u00e9retek n\u00f6vel\u00e9se n\u00e9lk\u00fcl, \u00edgy alkalmasak korl\u00e1tozott helyig\u00e9ny\u0171 alkalmaz\u00e1sokhoz.<\/li>\n<li><strong>Term\u00e9k\u00fcnk:<\/strong> Ezt a term\u00e9ket el\u0151 tudjuk \u00e1ll\u00edtani, \u00e9s term\u00e9k\u00fcnk t\u00f6k\u00e9letesen helyettes\u00edtheti ezeket a hidraulikus hengereket.<\/li>\n<\/ul>\n<p><img decoding=\"async\" src=\"https:\/\/www.hydraulic-cylinders.net\/wp-content\/uploads\/2025\/01\/songte-cylinder-head-with-all-kinds-excavator-models.webp\"><\/p>\n<h3>A v\u00f6d\u00f6rhenger alkalmaz\u00e1sai<\/h3>\n<p>A v\u00f6d\u00f6rhengert sz\u00e9les k\u00f6rben haszn\u00e1lj\u00e1k k\u00fcl\u00f6nf\u00e9le neh\u00e9zg\u00e9pekben, p\u00e9ld\u00e1ul:<\/p>\n<ul>\n<li><strong>\u00c9p\u00edt\u0151ipari berendez\u00e9sek:<\/strong> Kotr\u00f3g\u00e9pekben kulcsfontoss\u00e1g\u00faak az \u00e1s\u00e1shoz, rakod\u00e1shoz \u00e9s a talaj vagy t\u00f6rmel\u00e9k mozgat\u00e1s\u00e1hoz. Kotr\u00f3g\u00e9p-rakod\u00f3kban a kan\u00e1lhenger mind az \u00e1s\u00e1st, mind az emel\u00e9st seg\u00edti. <\/li>\n<li><strong>Mez\u0151gazdas\u00e1gi g\u00e9pek:<\/strong> Homlokrakod\u00f3kban haszn\u00e1lj\u00e1k talaj, sz\u00e9na \u00e9s egy\u00e9b anyagok mer\u00e9s\u00e9re, emel\u00e9s\u00e9re \u00e9s sz\u00e1ll\u00edt\u00e1s\u00e1ra. <\/li>\n<li><strong>Kotr\u00f3g\u00e9pek:<\/strong> A kan\u00e1lhenger lehet\u0151v\u00e9 teszi az \u00e1s\u00e1si m\u0171veletet az\u00e1ltal, hogy lehet\u0151v\u00e9 teszi a kan\u00e1l sz\u00e1m\u00e1ra a talaj \u00e1tsz\u00far\u00e1s\u00e1t. <\/li>\n<li><strong>Rakod\u00f3g\u00e9pek:<\/strong> Homlokrakod\u00f3kn\u00e1l seg\u00edtik az emel\u00e9st \u00e9s a billent\u00e9st a hat\u00e9kony \u00fcr\u00edt\u00e9s \u00e9rdek\u00e9ben.<\/li>\n<\/ul>\n<h3>Tervez\u00e9si szempontok \u00e9s kiv\u00e1laszt\u00e1si krit\u00e9riumok<\/h3>\n<p>A hengerek tervez\u00e9sekor \u00e9s kiv\u00e1laszt\u00e1sakor sz\u00e1mos kulcsfontoss\u00e1g\u00fa t\u00e9nyez\u0151t kell figyelembe venni, t\u00f6bbek k\u00f6z\u00f6tt:<\/p>\n<ul>\n<li><strong>Teherb\u00edr\u00e1s:<\/strong> A hengert \u00fagy kell megtervezni, hogy ellen\u00e1lljon a maxim\u00e1lis terhel\u00e9snek.<\/li>\n<li><strong>T\u00f6m\u00edt\u00e9s:<\/strong> A hengert kiv\u00e1l\u00f3 min\u0151s\u00e9g\u0171 t\u00f6m\u00edt\u00e9sekkel kell ell\u00e1tni a sziv\u00e1rg\u00e1s megakad\u00e1lyoz\u00e1sa \u00e9rdek\u00e9ben.<\/li>\n<li><strong>Tart\u00f3ss\u00e1g:<\/strong> A hengernek kiv\u00e1l\u00f3 min\u0151s\u00e9g\u0171 anyagokb\u00f3l kell k\u00e9sz\u00fclnie, hogy ellen\u00e1lljon a zord munkak\u00f6rnyezetnek.<\/li>\n<li><strong>Biztons\u00e1g:<\/strong> A palackot biztons\u00e1gi funkci\u00f3kkal kell ell\u00e1tni a balesetek megel\u0151z\u00e9se \u00e9rdek\u00e9ben.<\/li>\n<li><strong>Karbantarthat\u00f3s\u00e1g:<\/strong> A palackot \u00fagy kell kialak\u00edtani, hogy k\u00f6nnyen karbantarthat\u00f3 legyen, k\u00f6nnyen el\u00e9rhet\u0151 cserealkatr\u00e9szekkel \u00e9s jav\u00edt\u00e1si szolg\u00e1ltat\u00e1sokkal.<\/li>\n<\/ul>\n<p><img decoding=\"async\" src=\"https:\/\/www.hydraulic-cylinders.net\/wp-content\/uploads\/2025\/01\/songte-oil-pipes-and-spare-parts.webp\"><\/p>\n<h3>A kan\u00e1lhenger t\u00f6m\u00edt\u00e9se \u00e9s ken\u00e9se<\/h3>\n<p>A serleghengerek rendszeres t\u00f6m\u00edt\u00e9st \u00e9s ken\u00e9st ig\u00e9nyelnek az optim\u00e1lis teljes\u00edtm\u00e9ny biztos\u00edt\u00e1sa \u00e9rdek\u00e9ben. Ez mag\u00e1ban foglalja:<\/p>\n<ul>\n<li>Kiv\u00e1l\u00f3 min\u0151s\u00e9g\u0171 t\u00f6m\u00edt\u00e9sek, p\u00e9ld\u00e1ul kop\u00e1s\u00e1ll\u00f3 anyagokb\u00f3l, p\u00e9ld\u00e1ul poliuret\u00e1nb\u00f3l \u00e9s nitrilgumib\u00f3l k\u00e9sz\u00fclt dugatty\u00fat\u00f6m\u00edt\u00e9sek \u00e9s r\u00fadt\u00f6m\u00edt\u00e9sek haszn\u00e1lata.<\/li>\n<li>A hengertest \u00e9s a menetv\u00e9g fel\u00fclet\u00e9nek finom\u00edt\u00e1sa a kop\u00e1s\u00e1ll\u00f3s\u00e1g jav\u00edt\u00e1sa \u00e9rdek\u00e9ben.<\/li>\n<li>Rendszeresen adjon hozz\u00e1 megfelel\u0151 mennyis\u00e9g\u0171 hidraulikaolajat a ken\u00e9shez.<\/li>\n<\/ul>\n<h3>A kan\u00e1lhenger ellen\u0151rz\u00e9se, karbantart\u00e1sa \u00e9s jav\u00edt\u00e1sa<\/h3>\n<p>A rendszeres ellen\u0151rz\u00e9s \u00e9s a megel\u0151z\u0151 karbantart\u00e1s elengedhetetlen a kan\u00e1lhenger hat\u00e9kony \u00e9s biztons\u00e1gos m\u0171k\u00f6d\u00e9s\u00e9nek biztos\u00edt\u00e1s\u00e1hoz. A gyakori karbantart\u00e1si feladatok a k\u00f6vetkez\u0151k:<\/p>\n<ul>\n<li><strong>Rendszeres ellen\u0151rz\u00e9s:<\/strong> A henger ellen\u0151rz\u00e9se kop\u00e1s, sziv\u00e1rg\u00e1s \u00e9s s\u00e9r\u00fcl\u00e9s jelei szempontj\u00e1b\u00f3l.<\/li>\n<li><strong>Ken\u00e9s:<\/strong> A hidraulikaolaj megfelel\u0151 szintj\u00e9nek fenntart\u00e1sa \u00e9s ken\u00e9s alkalmaz\u00e1sa a henger kritikus alkatr\u00e9szein.<\/li>\n<li><strong>T\u00f6m\u00edt\u00e9scsere:<\/strong> Kopott t\u00f6m\u00edt\u00e9sek cser\u00e9je a sziv\u00e1rg\u00e1s megel\u0151z\u00e9se \u00e9rdek\u00e9ben.<\/li>\n<li><strong>Igaz\u00edt\u00e1si ellen\u0151rz\u00e9s:<\/strong> A henger \u00e9s a kapcsol\u00f3d\u00f3 alkatr\u00e9szek megfelel\u0151 be\u00e1ll\u00edt\u00e1s\u00e1nak biztos\u00edt\u00e1sa a s\u00e9r\u00fcl\u00e9sek megel\u0151z\u00e9se \u00e9s a henger \u00e9lettartam\u00e1nak meghosszabb\u00edt\u00e1sa \u00e9rdek\u00e9ben.<\/li>\n<\/ul>\n<p><img decoding=\"async\" src=\"https:\/\/www.hydraulic-cylinders.net\/wp-content\/uploads\/2025\/01\/songte-chushion-collar.webp\"><\/p>\n<h3>Biztons\u00e1gi szempontok \u00e9s k\u00f6rnyezeti t\u00e9nyez\u0151k<\/h3>\n<p>V\u00f6dr\u00f6s palack haszn\u00e1latakor elengedhetetlen az \u00f6sszes biztons\u00e1gi int\u00e9zked\u00e9s betart\u00e1sa a balesetek megel\u0151z\u00e9se \u00e9rdek\u00e9ben. Ez mag\u00e1ban foglalja a v\u00e9d\u0151felszerel\u00e9s, p\u00e9ld\u00e1ul keszty\u0171 \u00e9s v\u00e9d\u0151szem\u00fcveg haszn\u00e1lat\u00e1t, \u00e9s azt, hogy soha ne pr\u00f3b\u00e1lja meg megjav\u00edtani a palackot megfelel\u0151 ismeretek n\u00e9lk\u00fcl.<\/p>\n<h3>Hibaelh\u00e1r\u00edt\u00e1s \u00e9s gyakori probl\u00e9m\u00e1k<\/h3>\n<p>A kan\u00e1lhengerekkel kapcsolatos gyakori probl\u00e9m\u00e1k k\u00f6z\u00e9 tartozik a sziv\u00e1rg\u00e1s, a nem megfelel\u0151 m\u0171k\u00f6d\u00e9s \u00e9s az \u00e1ltal\u00e1nos kop\u00e1s. A megfelel\u0151 hibaelh\u00e1r\u00edt\u00e1s \u00e9s megel\u0151z\u0151 int\u00e9zked\u00e9sek, mint p\u00e9ld\u00e1ul a rendszeres karbantart\u00e1s \u00e9s ken\u00e9s, seg\u00edthetnek megel\u0151zni ezeket a probl\u00e9m\u00e1kat.<\/p>\n<h3>C\u00e9g\u00fcnkr\u0151l<\/h3>\n<p>A hidraulikus hengerek vezet\u0151 gy\u00e1rt\u00f3i \u00e9s nagykereskedelmi forgalmaz\u00f3i vagyunk a hazai \u00e9s nemzetk\u00f6zi piacokon. Term\u00e9keinket kiv\u00e1l\u00f3 min\u0151s\u00e9get \u00e9s hat\u00e9konys\u00e1got szem el\u0151tt tartva tervezz\u00fck \u00e9s gy\u00e1rtjuk, hogy megfelelj\u00fcnk \u00fcgyfeleink sokr\u00e9t\u0171 ig\u00e9nyeinek. Ipari termel\u00e9sir\u00e1ny\u00edt\u00e1si strat\u00e9gi\u00e1kat k\u00f6vet\u00fcnk, fejlett technol\u00f3gi\u00e1ra, digit\u00e1lis cs\u00facskateg\u00f3ri\u00e1s gy\u00e1rt\u00f3berendez\u00e9sekre \u00e9s professzion\u00e1lis tesztel\u0151rendszerekre t\u00e1maszkodva folyamatosan fejlesztj\u00fck gy\u00e1rt\u00e1si platformunkat \u00e9s t\u00f6k\u00e9letes\u00edtj\u00fck term\u00e9kmin\u0151s\u00e9gi gy\u00e1rt\u00e1si folyamatunkat. Gy\u00e1runk tehets\u00e9ges, er\u0151s innov\u00e1ci\u00f3s k\u00e9pess\u00e9gekkel rendelkez\u0151 szakemberekb\u0151l \u00e1ll\u00f3 csapattal b\u00fcszk\u00e9lkedhet, akik elk\u00f6telezettek amellett, hogy \u00fcgyfeleinknek a legjobb term\u00e9keket \u00e9s szolg\u00e1ltat\u00e1sokat ny\u00fajts\u00e1k.<\/p>\n<ul>\n<li><strong>Szakmaiass\u00e1g:<\/strong> Szak\u00e9rtelemmel rendelkez\u00fcnk hidraulikus hengerek tervez\u00e9s\u00e9ben \u00e9s gy\u00e1rt\u00e1s\u00e1ban.<\/li>\n<li><strong>Nemzetk\u00f6zi min\u0151s\u00edt\u00e9s:<\/strong> Term\u00e9keink nemzetk\u00f6zi min\u0151s\u00e9gi szabv\u00e1nyoknak megfelel\u0151en tan\u00fas\u00edtottak.<\/li>\n<li><strong>Testreszab\u00e1si szolg\u00e1ltat\u00e1sok:<\/strong> Testreszabott szolg\u00e1ltat\u00e1sokat ny\u00fajtunk, hogy megfelelj\u00fcnk az \u00fcgyfelek speci\u00e1lis ig\u00e9nyeinek.<\/li>\n<li><strong>Gy\u00e1rt\u00f3berendez\u00e9sek:<\/strong> Korszer\u0171 gy\u00e1rt\u00f3berendez\u00e9seket haszn\u00e1lunk a kiv\u00e1l\u00f3 min\u0151s\u00e9g\u0171 term\u00e9kek biztos\u00edt\u00e1sa \u00e9rdek\u00e9ben.<\/li>\n<li><strong>\u00c9rt\u00e9kes\u00edt\u00e9s ut\u00e1ni szolg\u00e1ltat\u00e1sok:<\/strong> \u00c1tfog\u00f3 \u00e9rt\u00e9kes\u00edt\u00e9s ut\u00e1ni szolg\u00e1ltat\u00e1sokat ny\u00fajtunk \u00fcgyfeleinknek, bele\u00e9rtve a cserealkatr\u00e9szeket \u00e9s az \u00fajra\u00e9p\u00edt\u00e9si szolg\u00e1ltat\u00e1sokat, term\u00e9keik \u00e9lettartam\u00e1nak meghosszabb\u00edt\u00e1sa \u00e9rdek\u00e9ben.<\/li>\n<\/ul>\n<p><img decoding=\"async\" src=\"https:\/\/www.hydraulic-cylinders.net\/wp-content\/uploads\/2025\/01\/songte-company-3.webp\"><\/p>\n<p>LYL<\/p>","protected":false},"excerpt":{"rendered":"<p>Bucket Cylinder For Sany Large Excavator SY880H-8 Introduction Defining Bucket Cylinder A bucket cylinder is a specially designed hydraulic cylinder used to control the movement of the bucket in heavy machinery such as excavators, backhoes and front-end loaders. Its main function is to enable the bucket to lift, lower, and tilt, making it easier for [&hellip;]<\/p>","protected":false},"featured_media":14778,"comment_status":"open","ping_status":"closed","template":"","meta":{"_et_pb_use_builder":"","_et_pb_old_content":"","_et_gb_content_width":""},"product_brand":[],"product_cat":[1494],"product_tag":[1495,1496],"class_list":{"0":"post-15454","1":"product","2":"type-product","3":"status-publish","4":"has-post-thumbnail","6":"product_cat-bucket-cylinders","7":"product_tag-bucket-cylinders","8":"product_tag-hydraulic-cylinders","10":"first","11":"instock","12":"shipping-taxable","13":"product-type-simple"},"amp_enabled":true,"_links":{"self":[{"href":"https:\/\/www.hydraulic-cylinders.net\/hu\/wp-json\/wp\/v2\/product\/15454","targetHints":{"allow":["GET"]}}],"collection":[{"href":"https:\/\/www.hydraulic-cylinders.net\/hu\/wp-json\/wp\/v2\/product"}],"about":[{"href":"https:\/\/www.hydraulic-cylinders.net\/hu\/wp-json\/wp\/v2\/types\/product"}],"replies":[{"embeddable":true,"href":"https:\/\/www.hydraulic-cylinders.net\/hu\/wp-json\/wp\/v2\/comments?post=15454"}],"wp:featuredmedia":[{"embeddable":true,"href":"https:\/\/www.hydraulic-cylinders.net\/hu\/wp-json\/wp\/v2\/media\/14778"}],"wp:attachment":[{"href":"https:\/\/www.hydraulic-cylinders.net\/hu\/wp-json\/wp\/v2\/media?parent=15454"}],"wp:term":[{"taxonomy":"product_brand","embeddable":true,"href":"https:\/\/www.hydraulic-cylinders.net\/hu\/wp-json\/wp\/v2\/product_brand?post=15454"},{"taxonomy":"product_cat","embeddable":true,"href":"https:\/\/www.hydraulic-cylinders.net\/hu\/wp-json\/wp\/v2\/product_cat?post=15454"},{"taxonomy":"product_tag","embeddable":true,"href":"https:\/\/www.hydraulic-cylinders.net\/hu\/wp-json\/wp\/v2\/product_tag?post=15454"}],"curies":[{"name":"munkaf\u00fczet","href":"https:\/\/api.w.org\/{rel}","templated":true}]}}