{"id":15475,"date":"2025-01-19T14:34:39","date_gmt":"2025-01-19T14:34:39","guid":{"rendered":"https:\/\/www.hydraulic-cylinders.net\/product\/bucket-cylinder-for-xcmg-middle-excavator-xe235c\/"},"modified":"2025-01-19T14:34:41","modified_gmt":"2025-01-19T14:34:41","slug":"bucket-cylinder-for-xcmg-middle-excavator-xe235c","status":"publish","type":"product","link":"https:\/\/www.hydraulic-cylinders.net\/hu\/termek\/bucket-cylinder-for-xcmg-middle-excavator-xe235c\/","title":{"rendered":"Kan\u00e1lhenger XCMG k\u00f6z\u00e9ps\u0151 kotr\u00f3g\u00e9phez XE235C"},"content":{"rendered":"<h1>Kan\u00e1lhenger XCMG k\u00f6z\u00e9ps\u0151 kotr\u00f3g\u00e9phez XE235C<\/h1>\n<h2>Bevezet\u00e9s<\/h2>\n<h3>A v\u00f6d\u00f6rhenger meghat\u00e1roz\u00e1sa<\/h3>\n<p>A kan\u00e1lhenger egy olyan hidraulikus henger, amelyet kifejezetten a neh\u00e9zg\u00e9pek, p\u00e9ld\u00e1ul kotr\u00f3g\u00e9pek, kotr\u00f3rakod\u00f3k \u00e9s homlokrakod\u00f3k kan\u00e1lj\u00e1nak mozg\u00e1s\u00e1nak vez\u00e9rl\u00e9s\u00e9re terveztek. Els\u0151dleges funkci\u00f3ja, hogy lehet\u0151v\u00e9 tegye a kan\u00e1l emel\u00e9s\u00e9t, s\u00fcllyeszt\u00e9s\u00e9t \u00e9s billent\u00e9s\u00e9t, ez\u00e1ltal megk\u00f6nny\u00edtve a k\u00fcl\u00f6nf\u00e9le anyagmozgat\u00e1si feladatokat. A hidraulikus rendszerben a kan\u00e1lhenger a hidraulikaolaj nyom\u00e1s\u00e1nak manipul\u00e1l\u00e1s\u00e1val \u00e9ri el a kan\u00e1l pontos vez\u00e9rl\u00e9s\u00e9t, lehet\u0151v\u00e9 t\u00e9ve a kezel\u0151k sz\u00e1m\u00e1ra, hogy hat\u00e9konyan kezelj\u00e9k a neh\u00e9z terheket, \u00e9s alkalmazkodjanak az \u00f6sszetett munkak\u00f6rnyezetekhez \u00e9s a v\u00e1ltozatos munkak\u00f6vetelm\u00e9nyekhez.<\/p>\n<p><img decoding=\"async\" src=\"https:\/\/www.hydraulic-cylinders.net\/wp-content\/uploads\/2025\/01\/songte-company-2.webp\" alt=\"V\u00f6d\u00f6r henger k\u00e9pe\"><\/p>\n<h2>Term\u00e9kjellemz\u0151k<\/h2>\n<h3>Nagy szil\u00e1rds\u00e1g \u00e9s tart\u00f3ss\u00e1g<\/h3>\n<p>A kan\u00e1lhengerek \u00e1ltal\u00e1ban nagy szil\u00e1rds\u00e1g\u00fa ac\u00e9lb\u00f3l vagy alum\u00edniumb\u00f3l k\u00e9sz\u00fclnek, amelyek ellen\u00e1llnak a nagy nyom\u00e1snak \u00e9s a nagy terhel\u00e9seknek, alkalmazkodva a zord munkak\u00f6rnyezethez. \u00dagy tervezt\u00e9k \u0151ket, hogy figyelembe vegy\u00e9k a kop\u00e1s\u00e1ll\u00f3s\u00e1got \u00e9s a korr\u00f3zi\u00f3\u00e1ll\u00f3s\u00e1got az \u00e9lettartam meghosszabb\u00edt\u00e1sa \u00e9rdek\u00e9ben.<\/p>\n<h3>Hat\u00e9kony hidraulikus m\u0171k\u00f6dtet\u00e9s<\/h3>\n<p>A kan\u00e1lhengerek a hidraulikaolaj nyom\u00e1s\u00e1t haszn\u00e1lj\u00e1k fel a sima kitol\u00e1si \u00e9s visszah\u00faz\u00e1si m\u0171veletekhez, gyorsan reag\u00e1lnak a vez\u00e9rl\u0151parancsokra, \u00e9s er\u0151teljes tol\u00f3- \u00e9s h\u00faz\u00f3er\u0151t biztos\u00edtanak, \u00edgy alkalmasak neh\u00e9z terhek \u00e9s \u00f6sszetett feladatok kezel\u00e9s\u00e9re.<\/p>\n<h3>K\u00fcl\u00f6nb\u00f6z\u0151 t\u00edpusok<\/h3>\n<p>A kan\u00e1lhengerek az egyszeres m\u0171k\u00f6d\u00e9s\u0171 (csak egy ir\u00e1nyban haszn\u00e1l\u00f3 hidraulikus) vagy kett\u0151s m\u0171k\u00f6d\u00e9s\u0171 (k\u00e9t ir\u00e1nyban haszn\u00e1l\u00f3 hidraulikus) hengerek ig\u00e9nyei alapj\u00e1n v\u00e1laszthat\u00f3k ki, a k\u00fcl\u00f6nb\u00f6z\u0151 m\u0171k\u00f6d\u00e9si k\u00f6vetelm\u00e9nyeknek megfelel\u0151en. Egyes modellek teleszk\u00f3posak, \u00edgy nagyobb kiny\u00fal\u00e1st tesznek lehet\u0151v\u00e9 a k\u00fcls\u0151 m\u00e9retek n\u00f6vel\u00e9se n\u00e9lk\u00fcl, \u00edgy alkalmasak korl\u00e1tozott helyig\u00e9ny\u0171 alkalmaz\u00e1sokhoz.<\/p>\n<h3>T\u00f6k\u00e9letes csere<\/h3>\n<p>C\u00e9g\u00fcnk olyan kan\u00e1lhengereket gy\u00e1rt, amelyek t\u00f6k\u00e9letesen helyettes\u00edthetik ezeket a hidraulikus hengereket. <\/p>\n<p><img decoding=\"async\" src=\"https:\/\/www.hydraulic-cylinders.net\/wp-content\/uploads\/2025\/01\/songte-cylinder-head-with-all-kinds-excavator-models.webp\" alt=\"Kan\u00e1lhenger csere\"><\/p>\n<h2>Alkalmaz\u00e1sok<\/h2>\n<h3>\u00c9p\u00edt\u0151ipari berendez\u00e9sek<\/h3>\n<p>Kotr\u00f3g\u00e9pekben elengedhetetlenek az \u00e1s\u00e1shoz, rakod\u00e1shoz \u00e9s talaj vagy t\u00f6rmel\u00e9k mozgat\u00e1s\u00e1hoz. Kotr\u00f3g\u00e9p-rakod\u00f3kban a kan\u00e1lhengerek seg\u00edtik az \u00e1s\u00e1st \u00e9s az emel\u00e9st. Homlokrakod\u00f3kban a rakom\u00e1ny hat\u00e9kony emel\u00e9s\u00e9t \u00e9s \u00fcr\u00edt\u00e9s\u00e9t seg\u00edtik.<\/p>\n<h3>Mez\u0151gazdas\u00e1gi g\u00e9pek<\/h3>\n<p>Homlokrakod\u00f3khoz haszn\u00e1lj\u00e1k, f\u00f6ldet, sz\u00e9n\u00e1t \u00e9s egy\u00e9b anyagokat mer\u00edtenek, emelnek \u00e9s sz\u00e1ll\u00edtanak. A kotr\u00f3g\u00e9pekben a kan\u00e1lhengerek a f\u00f6ldmunk\u00e1t \u00fagy v\u00e9gzik, hogy a kan\u00e1l behatol a talajba.<\/p>\n<h3>Jelentkez\u00e9s r\u00e9szletei<\/h3>\n<p>\u00c9p\u00edt\u0151ipari g\u00e9pek: A kotr\u00f3g\u00e9pekben elengedhetetlen a kan\u00e1lhengerek haszn\u00e1lata \u00e1s\u00e1shoz, rakod\u00e1shoz \u00e9s talaj vagy t\u00f6rmel\u00e9k mozgat\u00e1s\u00e1hoz. A kotr\u00f3g\u00e9pek hasznosnak tal\u00e1lj\u00e1k a kan\u00e1lhengereket \u00e1s\u00e1shoz \u00e9s emel\u00e9shez. A homlokrakod\u00f3kban hat\u00e9konyan seg\u00edtik a rakom\u00e1ny emel\u00e9s\u00e9t \u00e9s lerak\u00e1s\u00e1t. Mez\u0151gazdas\u00e1gi g\u00e9pek: A homlokrakod\u00f3khoz haszn\u00e1lj\u00e1k, f\u00f6ldet, sz\u00e9n\u00e1t \u00e9s egy\u00e9b anyagokat mer\u00edtenek, emelnek \u00e9s sz\u00e1ll\u00edtanak. A kotr\u00f3g\u00e9pekben a kan\u00e1lhengerek a kan\u00e1l talajba hatol\u00e1s\u00e1val \u00e9rik el a ki\u00e1s\u00e1st. <\/p>\n<p><img decoding=\"async\" src=\"https:\/\/www.hydraulic-cylinders.net\/wp-content\/uploads\/2025\/01\/songte-bushings-with-all-kinds-of-excavator-models.webp\" alt=\"V\u00f6d\u00f6rhenger alkalmaz\u00e1sok\"><\/p>\n<h2>Tervez\u00e9si szempontok \u00e9s kiv\u00e1laszt\u00e1si szabv\u00e1nyok<\/h2>\n<h3>Teherb\u00edr\u00e1s<\/h3>\n<p>A v\u00f6d\u00f6rhengernek k\u00e9pesnek kell lennie nagy terhel\u00e9sek elvisel\u00e9s\u00e9re \u00e9s nagy nyom\u00e1s alatti m\u0171k\u00f6d\u00e9sre. Az anyagnak nagy szil\u00e1rds\u00e1g\u00fanak \u00e9s tart\u00f3snak kell lennie, biztos\u00edtva, hogy a henger ellen\u00e1lljon a zord munkak\u00f6rnyezetnek \u00e9s hosszabb ideig tartson.<\/p>\n<h3>T\u00f6m\u00edt\u00e9si teljes\u00edtm\u00e9ny<\/h3>\n<p>A serleghengernek k\u00fcl\u00f6nf\u00e9le t\u00f6m\u00edt\u0151elemeket kell haszn\u00e1lnia, p\u00e9ld\u00e1ul dugatty\u00fat\u00f6m\u00edt\u00e9seket, r\u00fadt\u00f6m\u00edt\u00e9seket \u00e9s kop\u00f3gy\u0171r\u0171ket, biztos\u00edtva, hogy a henger \u00e9lettartama alatt magas szint\u0171 t\u00f6m\u00edt\u0151teljes\u00edtm\u00e9nyt biztos\u00edtson. A kiv\u00e1lasztott t\u00f6m\u00edt\u0151elemeknek kop\u00e1s\u00e1ll\u00f3 anyagokb\u00f3l, p\u00e9ld\u00e1ul poliuret\u00e1nb\u00f3l \u00e9s nitrilgumib\u00f3l kell k\u00e9sz\u00fclni\u00fck.<\/p>\n<h3>Tart\u00f3ss\u00e1g<\/h3>\n<p>A v\u00f6d\u00f6rhengernek k\u00e9pesnek kell lennie ellen\u00e1llni a zord munkak\u00f6rnyezetnek, ami azt jelenti, hogy a hengernek kiv\u00e1l\u00f3 min\u0151s\u00e9g\u0171, kop\u00e1s\u00e1ll\u00f3 anyagokb\u00f3l kell k\u00e9sz\u00fclnie.<\/p>\n<h3>Biztons\u00e1g<\/h3>\n<p>A v\u00f6d\u00f6rhengert a biztons\u00e1g szem el\u0151tt tart\u00e1s\u00e1val kell megtervezni, biztos\u00edtva a kezel\u0151k sz\u00e1m\u00e1ra a biztons\u00e1gos haszn\u00e1latot. A biztons\u00e1gi elemek k\u00f6z\u00e9 tartozhatnak a nyom\u00e1scs\u00f6kkent\u0151 szelepek, a p\u00e1rn\u00e1z\u00f3 eszk\u00f6z\u00f6k \u00e9s egy\u00e9b biztons\u00e1gi mechanizmusok.<\/p>\n<h3>Karbantart\u00e1s<\/h3>\n<p>A serleghengert \u00fagy kell kialak\u00edtani, hogy k\u00f6nnyen karbantarthat\u00f3 legyen, lehet\u0151v\u00e9 t\u00e9ve az alkatr\u00e9szek egyszer\u0171 ellen\u0151rz\u00e9s\u00e9t, jav\u00edt\u00e1s\u00e1t \u00e9s cser\u00e9j\u00e9t. Rendszeres karbantart\u00e1st kell v\u00e9gezni annak biztos\u00edt\u00e1sa \u00e9rdek\u00e9ben, hogy a henger optim\u00e1lis szinten m\u0171k\u00f6dj\u00f6n.<\/p>\n<p><img decoding=\"async\" src=\"https:\/\/www.hydraulic-cylinders.net\/wp-content\/uploads\/2025\/01\/songte-oil-pipes-and-spare-parts.webp\" alt=\"V\u00f6d\u00f6rhenger kialak\u00edt\u00e1sa\"><\/p>\n<h2>T\u00f6m\u00edt\u00e9s \u00e9s ken\u00e9s<\/h2>\n<p>A serleghengerek k\u00fcl\u00f6nf\u00e9le t\u00f6m\u00edt\u0151elemeket, p\u00e9ld\u00e1ul dugatty\u00fat\u00f6m\u00edt\u00e9seket \u00e9s r\u00fadt\u00f6m\u00edt\u00e9seket haszn\u00e1lnak a t\u00f6m\u00edt\u0151teljes\u00edtm\u00e9ny fenntart\u00e1sa \u00e9rdek\u00e9ben. A kiv\u00e1lasztott t\u00f6m\u00edt\u0151elemeknek kop\u00e1s\u00e1ll\u00f3 anyagokb\u00f3l, p\u00e9ld\u00e1ul poliuret\u00e1nb\u00f3l \u00e9s nitrilgumib\u00f3l kell k\u00e9sz\u00fclni\u00fck. A hengertestet \u00e9s a menetes v\u00e9gfel\u00fcleteket finoman megmunk\u00e1lni kell a kop\u00e1s\u00e1ll\u00f3s\u00e1g jav\u00edt\u00e1sa \u00e9rdek\u00e9ben. Rendszeres ken\u00e9s sz\u00fcks\u00e9ges, \u00e9s a henger z\u00f6kken\u0151mentes m\u0171k\u00f6d\u00e9s\u00e9nek biztos\u00edt\u00e1sa \u00e9rdek\u00e9ben rendszeresen megfelel\u0151 mennyis\u00e9g\u0171 hidraulikaolajat kell hozz\u00e1adni.<\/p>\n<h2>Ellen\u0151rz\u00e9s \u00e9s karbantart\u00e1s<\/h2>\n<h3>Rendszeres ellen\u0151rz\u00e9s<\/h3>\n<p>A serleghengerek rendszeres ellen\u0151rz\u00e9se sz\u00fcks\u00e9ges az optim\u00e1lis m\u0171k\u00f6d\u00e9s\u00fck biztos\u00edt\u00e1s\u00e1hoz. Az ellen\u0151rz\u00e9sek magukban foglalhatj\u00e1k a sziv\u00e1rg\u00e1sok vagy s\u00e9r\u00fcl\u00e9sek ellen\u0151rz\u00e9s\u00e9t, a t\u00f6m\u00edt\u00e9sek vizsg\u00e1lat\u00e1t, valamint a hengertest kop\u00e1s\u00e1nak vizsg\u00e1lat\u00e1t.<\/p>\n<h3>Megfelel\u0151 ken\u00e9s<\/h3>\n<p>A kan\u00e1lhenger zavartalan m\u0171k\u00f6d\u00e9s\u00e9hez elengedhetetlen a megfelel\u0151 ken\u00e9s. A ken\u00e9st a gy\u00e1rt\u00f3 utas\u00edt\u00e1sai szerint kell elv\u00e9gezni, \u00e9s rendszeresen kell a megfelel\u0151 mennyis\u00e9g\u0171 hidraulikaolajat ut\u00e1nt\u00f6lteni.<\/p>\n<h3>T\u00f6m\u00edt\u00e9scsere \u00e9s kalibr\u00e1l\u00e1s ellen\u0151rz\u00e9se<\/h3>\n<p>A t\u00f6m\u00edt\u00e9seket rendszeresen cser\u00e9lni kell a palack magas szint\u0171 t\u00f6m\u00edt\u0151teljes\u00edtm\u00e9ny\u00e9nek biztos\u00edt\u00e1sa \u00e9rdek\u00e9ben. Kalibr\u00e1ci\u00f3s ellen\u0151rz\u00e9seket is el kell v\u00e9gezni annak biztos\u00edt\u00e1sa \u00e9rdek\u00e9ben, hogy a palack optim\u00e1lis szinten m\u0171k\u00f6dj\u00f6n.<\/p>\n<p><img decoding=\"async\" src=\"https:\/\/www.hydraulic-cylinders.net\/wp-content\/uploads\/2025\/01\/songte-chushion-collar.webp\" alt=\"Kan\u00e1lhenger ellen\u0151rz\u00e9se \u00e9s karbantart\u00e1sa\"><\/p>\n<h2>Biztons\u00e1gi szempontok \u00e9s k\u00f6rnyezeti t\u00e9nyez\u0151k<\/h2>\n<p>A biztons\u00e1gi int\u00e9zked\u00e9sek elengedhetetlenek a serleges palackok haszn\u00e1latakor. A kezel\u0151ket ki kell k\u00e9pezni a palack helyes haszn\u00e1lat\u00e1ra, \u00e9s biztons\u00e1gi berendez\u00e9seket, p\u00e9ld\u00e1ul nyom\u00e1scs\u00f6kkent\u0151 szelepeket \u00e9s p\u00e1rn\u00e1z\u00f3 eszk\u00f6z\u00f6ket kell felszerelni. A k\u00f6rnyezeti t\u00e9nyez\u0151k, mint p\u00e9ld\u00e1ul a h\u0151m\u00e9rs\u00e9klet \u00e9s a p\u00e1ratartalom, befoly\u00e1solhatj\u00e1k a palack teljes\u00edtm\u00e9ny\u00e9t, \u00e9s a kezel\u0151knek tiszt\u00e1ban kell lenni\u00fck ezekkel a t\u00e9nyez\u0151kkel a palack haszn\u00e1lata sor\u00e1n.<\/p>\n<h2>Hibadiagn\u00f3zis \u00e9s hibaelh\u00e1r\u00edt\u00e1s<\/h2>\n<p>A kan\u00e1lhengerek gyakori probl\u00e9m\u00e1i k\u00f6z\u00e9 tartozik a sziv\u00e1rg\u00e1s, a s\u00e9r\u00fcl\u00e9s, valamint a kiny\u00fajt\u00e1s vagy visszah\u00faz\u00f3d\u00e1s elmulaszt\u00e1sa. Ha a henger sziv\u00e1rog, az s\u00e9r\u00fclt t\u00f6m\u00edt\u00e9sekb\u0151l vagy kopott alkatr\u00e9szekb\u0151l ad\u00f3dhat. Ha a henger nem ny\u00falik ki vagy h\u00faz\u00f3dik vissza megfelel\u0151en, az a dugatty\u00fa vagy a hengertest s\u00e9r\u00fcl\u00e9s\u00e9b\u0151l ad\u00f3dhat. A hibaelh\u00e1r\u00edt\u00e1si tippek magukban foglalhatj\u00e1k a s\u00e9r\u00fclt alkatr\u00e9szek ellen\u0151rz\u00e9s\u00e9t \u00e9s cser\u00e9j\u00e9t, a hidraulikafolyad\u00e9k szintj\u00e9nek ellen\u0151rz\u00e9s\u00e9t, valamint a hidraulikus rendszer vizsg\u00e1lat\u00e1t az esetleges probl\u00e9m\u00e1k szempontj\u00e1b\u00f3l.<\/p>\n<p><img decoding=\"async\" src=\"https:\/\/hzpt.com\/wp-content\/uploads\/2024\/11\/songte-company-1.webp\" alt=\"Kan\u00e1lhenger hibaelh\u00e1r\u00edt\u00e1sa\"><\/p>\n<h2>C\u00e9g\u00fcnkr\u0151l<\/h2>\n<p>Hidraulikus hengerek gy\u00e1rt\u00f3ja vagyunk, amelyek k\u00e9pesek helyettes\u00edteni m\u00e1s m\u00e1rk\u00e1k hengereit. C\u00e9g\u00fcnk sz\u00e9les term\u00e9kv\u00e1laszt\u00e9kot k\u00edn\u00e1l, \u00edgy a hidraulikus hengerek egyik vezet\u0151 gy\u00e1rt\u00f3ja \u00e9s nagykereskedelmi forgalmaz\u00f3ja vagyunk mind a hazai, mind a nemzetk\u00f6zi piacokon. Kiv\u00e1l\u00f3 min\u0151s\u00e9get k\u00f6vet\u00fcnk, \u00e9s finom gy\u00e1rt\u00f3m\u0171helyeken alapul\u00f3 ipari termel\u00e9sir\u00e1ny\u00edt\u00e1si strat\u00e9gi\u00e1kra t\u00e1maszkodunk. C\u00e9g\u00fcnk folyamatosan fejleszti m\u0171hely\u00fcnk gy\u00e1rt\u00e1si platformj\u00e1t, t\u00f6k\u00e9letes\u00edti a gy\u00e1rt\u00e1si min\u0151s\u00e9gi \u00fatvonalat, \u00e9s er\u0151s kreat\u00edv k\u00e9pess\u00e9gekkel rendelkezik, hogy nagy hat\u00e9konys\u00e1ggal, nagy pontoss\u00e1ggal \u00e9s kiv\u00e1l\u00f3 min\u0151s\u00e9gben el\u00e9g\u00edtse ki az \u00fcgyfelek soksz\u00edn\u0171 ig\u00e9nyeit. <\/p>\n<p><img decoding=\"async\" src=\"https:\/\/www.hydraulic-cylinders.net\/wp-content\/uploads\/2025\/01\/songte-company-3.webp\" alt=\"V\u00f6d\u00f6rhenger T\u00e1rsas\u00e1g\"><\/p>\n<h3>Szakmaiass\u00e1g<\/h3>\n<p>C\u00e9g\u00fcnk gazdag m\u0171szaki tapasztalattal \u00e9s kiv\u00e1l\u00f3 kutat\u00e1si \u00e9s fejleszt\u00e9si k\u00e9pess\u00e9gekkel rendelkez\u0151 szakemberekb\u0151l \u00e1ll\u00f3 csapattal rendelkezik, amely professzion\u00e1lis \u00e9s szem\u00e9lyre szabott szolg\u00e1ltat\u00e1sokat ny\u00fajt \u00fcgyfeleinek.<\/p>\n<h3>Nemzetk\u00f6zi min\u0151s\u00edt\u00e9s<\/h3>\n<p>C\u00e9g\u00fcnk olyan nemzetk\u00f6zi tan\u00fas\u00edtv\u00e1nyokkal rendelkezik, mint az ISO9001 \u00e9s a CE, amelyek biztos\u00edtj\u00e1k, hogy term\u00e9keink megfeleljenek a legmagasabb min\u0151s\u00e9gi el\u0151\u00edr\u00e1soknak.<\/p>\n<h3>Testreszab\u00e1si szolg\u00e1ltat\u00e1s<\/h3>\n<p>C\u00e9g\u00fcnk egyedi ig\u00e9nyekre szabott szolg\u00e1ltat\u00e1sokat k\u00edn\u00e1l, bele\u00e9rtve a tervez\u00e9st \u00e9s gy\u00e1rt\u00e1st is, hogy megfeleljen az \u00fcgyfelek k\u00fcl\u00f6nb\u00f6z\u0151 ig\u00e9nyeinek.<\/p>\n<h3>Termel\u00e9si berendez\u00e9sek<\/h3>\n<p>C\u00e9g\u00fcnk fejlett, digitaliz\u00e1lt, cs\u00facskateg\u00f3ri\u00e1s gy\u00e1rt\u00f3berendez\u00e9sekkel \u00e9s tesztel\u0151rendszerekkel rendelkezik a term\u00e9kmin\u0151s\u00e9g \u00e9s a hat\u00e9konys\u00e1g biztos\u00edt\u00e1sa \u00e9rdek\u00e9ben.<\/p>\n<h3>\u00c9rt\u00e9kes\u00edt\u00e9s ut\u00e1ni szolg\u00e1ltat\u00e1s<\/h3>\n<p>C\u00e9g\u00fcnk magas sz\u00ednvonal\u00fa \u00e9rt\u00e9kes\u00edt\u00e9s ut\u00e1ni szolg\u00e1ltat\u00e1st ny\u00fajt \u00fcgyfeleinek, bele\u00e9rtve a term\u00e9kjav\u00edt\u00e1st \u00e9s -cser\u00e9t is, term\u00e9keink hossz\u00fa t\u00e1v\u00fa \u00e9s fenntarthat\u00f3 haszn\u00e1lat\u00e1nak biztos\u00edt\u00e1sa \u00e9rdek\u00e9ben.<\/p>\n<h2>Szerz\u0151i megjegyz\u00e9s<\/h2>\n<p>Szerz\u0151: lyl<\/p>","protected":false},"excerpt":{"rendered":"<p>Bucket Cylinder For XCMG Middle Excavator XE235C Introduction Definition of Bucket Cylinder A bucket cylinder is a type of hydraulic cylinder designed specifically to control the movement of the bucket in heavy machinery such as excavators, backhoe loaders, and front-end loaders. Its primary function is to enable the bucket to perform lifting, lowering, and tilting [&hellip;]<\/p>","protected":false},"featured_media":14762,"comment_status":"open","ping_status":"closed","template":"","meta":{"_et_pb_use_builder":"","_et_pb_old_content":"","_et_gb_content_width":""},"product_brand":[],"product_cat":[1494],"product_tag":[1495,1496],"class_list":{"0":"post-15475","1":"product","2":"type-product","3":"status-publish","4":"has-post-thumbnail","6":"product_cat-bucket-cylinders","7":"product_tag-bucket-cylinders","8":"product_tag-hydraulic-cylinders","10":"first","11":"instock","12":"shipping-taxable","13":"product-type-simple"},"amp_enabled":true,"_links":{"self":[{"href":"https:\/\/www.hydraulic-cylinders.net\/hu\/wp-json\/wp\/v2\/product\/15475","targetHints":{"allow":["GET"]}}],"collection":[{"href":"https:\/\/www.hydraulic-cylinders.net\/hu\/wp-json\/wp\/v2\/product"}],"about":[{"href":"https:\/\/www.hydraulic-cylinders.net\/hu\/wp-json\/wp\/v2\/types\/product"}],"replies":[{"embeddable":true,"href":"https:\/\/www.hydraulic-cylinders.net\/hu\/wp-json\/wp\/v2\/comments?post=15475"}],"wp:featuredmedia":[{"embeddable":true,"href":"https:\/\/www.hydraulic-cylinders.net\/hu\/wp-json\/wp\/v2\/media\/14762"}],"wp:attachment":[{"href":"https:\/\/www.hydraulic-cylinders.net\/hu\/wp-json\/wp\/v2\/media?parent=15475"}],"wp:term":[{"taxonomy":"product_brand","embeddable":true,"href":"https:\/\/www.hydraulic-cylinders.net\/hu\/wp-json\/wp\/v2\/product_brand?post=15475"},{"taxonomy":"product_cat","embeddable":true,"href":"https:\/\/www.hydraulic-cylinders.net\/hu\/wp-json\/wp\/v2\/product_cat?post=15475"},{"taxonomy":"product_tag","embeddable":true,"href":"https:\/\/www.hydraulic-cylinders.net\/hu\/wp-json\/wp\/v2\/product_tag?post=15475"}],"curies":[{"name":"munkaf\u00fczet","href":"https:\/\/api.w.org\/{rel}","templated":true}]}}