{"id":15484,"date":"2025-01-19T14:35:16","date_gmt":"2025-01-19T14:35:16","guid":{"rendered":"https:\/\/www.hydraulic-cylinders.net\/product\/bucket-cylinder-for-xcmg-large-excavator-xe700c\/"},"modified":"2025-01-19T14:35:18","modified_gmt":"2025-01-19T14:35:18","slug":"bucket-cylinder-for-xcmg-large-excavator-xe700c","status":"publish","type":"product","link":"https:\/\/www.hydraulic-cylinders.net\/hu\/termek\/bucket-cylinder-for-xcmg-large-excavator-xe700c\/","title":{"rendered":"Kan\u00e1lhenger XCMG nagy kotr\u00f3g\u00e9phez XE700C"},"content":{"rendered":"<h1>Kan\u00e1lhenger XCMG nagy kotr\u00f3g\u00e9phez XE700C<\/h1>\n<h2>Bevezet\u00e9s<\/h2>\n<h3>Meghat\u00e1roz\u00e1s<\/h3>\n<p>A kan\u00e1lhenger egy speci\u00e1lisan tervezett hidraulikus henger, amelyet neh\u00e9zg\u00e9pek, p\u00e9ld\u00e1ul kotr\u00f3g\u00e9pek, kotr\u00f3g\u00e9pek \u00e9s homlokrakod\u00f3k kan\u00e1lj\u00e1nak mozg\u00e1s\u00e1nak vez\u00e9rl\u00e9s\u00e9re haszn\u00e1lnak. F\u0151 funkci\u00f3ja a kan\u00e1l emel\u00e9s\u00e9nek, s\u00fcllyeszt\u00e9s\u00e9nek \u00e9s billent\u00e9s\u00e9nek lehet\u0151v\u00e9 t\u00e9tele, megk\u00f6nny\u00edtve a k\u00fcl\u00f6nf\u00e9le anyagmozgat\u00e1si feladatok elv\u00e9gz\u00e9s\u00e9t. A hidraulikus rendszerben a kan\u00e1lhenger a hidraulikaolaj nyom\u00e1s\u00e1nak v\u00e1ltoz\u00e1sait haszn\u00e1lja fel a kan\u00e1l pontos vez\u00e9rl\u00e9s\u00e9hez, lehet\u0151v\u00e9 t\u00e9ve a kezel\u0151k sz\u00e1m\u00e1ra a neh\u00e9z terhek hat\u00e9kony kezel\u00e9s\u00e9t, az \u00f6sszetett munkak\u00f6rnyezetekhez \u00e9s a v\u00e1ltozatos munkak\u00f6vetelm\u00e9nyekhez val\u00f3 alkalmazkod\u00e1st.<\/p>\n<p><img decoding=\"async\" src=\"https:\/\/www.hydraulic-cylinders.net\/wp-content\/uploads\/2025\/01\/songte-company-2.webp\" alt=\"v\u00f6d\u00f6rhenger k\u00e9p\"><\/p>\n<h3>Jellemz\u0151k<\/h3>\n<ul>\n<li>Nagy szil\u00e1rds\u00e1g \u00e9s tart\u00f3ss\u00e1g: jellemz\u0151en nagy szil\u00e1rds\u00e1g\u00fa ac\u00e9lb\u00f3l vagy alum\u00edniumb\u00f3l k\u00e9sz\u00fcl, k\u00e9pes ellen\u00e1llni a nagy nyom\u00e1snak \u00e9s a nagy terhel\u00e9seknek, alkalmas zord munkak\u00f6rnyezetre, kop\u00e1s\u00e1ll\u00f3s\u00e1got \u00e9s korr\u00f3zi\u00f3\u00e1ll\u00f3s\u00e1got szem el\u0151tt tartva tervezt\u00e9k, meghosszabb\u00edtva az \u00e9lettartamot.<\/li>\n<li>Hat\u00e9kony hidraulikus m\u0171k\u00f6d\u00e9s: a hidraulikaolaj nyom\u00e1s\u00e1nak k\u00f6sz\u00f6nhet\u0151en sima kitol\u00e1st \u00e9s visszah\u00faz\u00e1st biztos\u00edt, gyorsan reag\u00e1l a vez\u00e9rl\u0151parancsokra, er\u0151teljes tol\u00f3- \u00e9s h\u00faz\u00f3er\u0151t biztos\u00edt, alkalmas neh\u00e9z terhek \u00e9s \u00f6sszetett feladatok kezel\u00e9s\u00e9re.<\/li>\n<li>K\u00fcl\u00f6nb\u00f6z\u0151 t\u00edpusok: a henger lehet egyszeres m\u0171k\u00f6d\u00e9s\u0171 (csak egy ir\u00e1nyban hidraulikus) vagy kett\u0151s m\u0171k\u00f6d\u00e9s\u0171 (mindk\u00e9t ir\u00e1nyban hidraulikus) az ig\u00e9nyekt\u0151l f\u00fcgg\u0151en, egyes modellek teleszk\u00f3posak, \u00edgy nagyobb kiny\u00fal\u00e1st tesznek lehet\u0151v\u00e9 a k\u00fcls\u0151 m\u00e9retek n\u00f6vel\u00e9se n\u00e9lk\u00fcl, \u00edgy alkalmasak korl\u00e1tozott helyig\u00e9ny\u0171 alkalmaz\u00e1sokhoz.<\/li>\n<li>Kompatibilit\u00e1s: term\u00e9k\u00fcnk t\u00f6k\u00e9letesen helyettes\u00edtheti ezeket a hidraulikus hengereket.<\/li>\n<li>Testreszab\u00e1si lehet\u0151s\u00e9gek: a term\u00e9ket a megrendel\u0151 egyedi ig\u00e9nyei szerint tudjuk testre szabni.<\/li>\n<\/ul>\n<p><img decoding=\"async\" src=\"https:\/\/www.hydraulic-cylinders.net\/wp-content\/uploads\/2025\/01\/songte-cylinder-head-with-all-kinds-excavator-models.webp\" alt=\"v\u00f6d\u00f6r hengerfej k\u00e9p\"><\/p>\n<h3>Alkalmaz\u00e1sok<\/h3>\n<p>A v\u00f6d\u00f6rhengert sz\u00e9les k\u00f6rben haszn\u00e1lj\u00e1k sz\u00e1mos k\u00fcl\u00f6nb\u00f6z\u0151 ter\u00fcleten, n\u00e9h\u00e1ny alkalmaz\u00e1si ter\u00fclet:<\/p>\n<ul>\n<li>\u00c9p\u00edt\u0151ipari berendez\u00e9sek: kotr\u00f3g\u00e9pekben kritikus fontoss\u00e1g\u00faak az \u00e1s\u00e1shoz, a rakod\u00e1shoz \u00e9s a f\u00f6ld vagy t\u00f6rmel\u00e9k mozgat\u00e1s\u00e1hoz. A kotr\u00f3g\u00e9pekben a kan\u00e1lhenger mind az \u00e1s\u00e1st, mind az emel\u00e9st seg\u00edti. <\/li>\n<li>Mez\u0151gazdas\u00e1gi g\u00e9pek: homlokrakod\u00f3kban haszn\u00e1lj\u00e1k talaj, sz\u00e9na \u00e9s egy\u00e9b anyagok kotor\u00e1s\u00e1ra, emel\u00e9s\u00e9re \u00e9s sz\u00e1ll\u00edt\u00e1s\u00e1ra.<\/li>\n<li>Kotr\u00f3g\u00e9pek: a kan\u00e1lhenger lehet\u0151v\u00e9 teszi, hogy a kan\u00e1l behatoljon a talajba az \u00e1s\u00e1si m\u0171velet v\u00e9grehajt\u00e1sa \u00e9rdek\u00e9ben.<\/li>\n<li>Rakod\u00f3k: a homlokrakod\u00f3k hat\u00e9konyan seg\u00edtik a rakom\u00e1ny emel\u00e9s\u00e9t \u00e9s \u00fcr\u00edt\u00e9s\u00e9t.<\/li>\n<\/ul>\n<h3>Tervez\u00e9si szempontok \u00e9s kiv\u00e1laszt\u00e1si krit\u00e9riumok<\/h3>\n<ul>\n<li>Teherb\u00edr\u00e1s: a hengernek k\u00e9pesnek kell lennie arra, hogy ellen\u00e1lljon a r\u00e1 hat\u00f3 terhel\u00e9snek.<\/li>\n<li>T\u00f6m\u00edt\u00e9s: a hidraulikafolyad\u00e9k sziv\u00e1rg\u00e1s\u00e1nak megakad\u00e1lyoz\u00e1sa \u00e9rdek\u00e9ben k\u00fcl\u00f6nf\u00e9le t\u00f6m\u00edt\u0151elemeket, p\u00e9ld\u00e1ul dugatty\u00fat\u00f6m\u00edt\u00e9seket \u00e9s r\u00fadt\u00f6m\u00edt\u00e9seket kell haszn\u00e1lni.<\/li>\n<li>Tart\u00f3ss\u00e1g: a hengert kop\u00e1s\u00e1ll\u00f3s\u00e1ggal \u00e9s korr\u00f3zi\u00f3\u00e1ll\u00f3s\u00e1ggal kell megtervezni az \u00e9lettartam\u00e1nak meghosszabb\u00edt\u00e1sa \u00e9rdek\u00e9ben.<\/li>\n<li>Biztons\u00e1g: a palackot a balesetek megel\u0151z\u00e9se \u00e9rdek\u00e9ben a biztons\u00e1g szem el\u0151tt tart\u00e1s\u00e1val kell megtervezni.<\/li>\n<li>Karbantarthat\u00f3s\u00e1g: a hengernek k\u00f6nnyen karbantarthat\u00f3nak kell lennie az \u00e1ll\u00e1sid\u0151 minimaliz\u00e1l\u00e1sa \u00e9rdek\u00e9ben.<\/li>\n<\/ul>\n<p><img decoding=\"async\" src=\"https:\/\/www.hydraulic-cylinders.net\/wp-content\/uploads\/2025\/01\/songte-oil-pipes-and-spare-parts.webp\" alt=\"olajcs\u00f6vek \u00e9s alkatr\u00e9szek k\u00e9pe\"><\/p>\n<h3>T\u00f6m\u00edt\u00e9s \u00e9s ken\u00e9s<\/h3>\n<p>A hidraulikafolyad\u00e9k sziv\u00e1rg\u00e1s\u00e1nak megakad\u00e1lyoz\u00e1sa \u00e9rdek\u00e9ben k\u00fcl\u00f6nf\u00e9le t\u00f6m\u00edt\u0151elemeket, p\u00e9ld\u00e1ul dugatty\u00fat\u00f6m\u00edt\u00e9seket \u00e9s r\u00fadt\u00f6m\u00edt\u00e9seket kell haszn\u00e1lni. A t\u00f6m\u00edt\u00e9sek kop\u00e1s\u00e1ll\u00f3 anyagokb\u00f3l, p\u00e9ld\u00e1ul poliuret\u00e1nb\u00f3l \u00e9s nitrilgumib\u00f3l k\u00e9sz\u00fclnek. A hengertest \u00e9s a menetes v\u00e9gek finom megmunk\u00e1l\u00e1s\u00faak a kop\u00e1s\u00e1ll\u00f3s\u00e1g jav\u00edt\u00e1sa \u00e9rdek\u00e9ben. A ken\u00e9shez megfelel\u0151 hidraulikaolaj rendszeres hozz\u00e1ad\u00e1sa sz\u00fcks\u00e9ges.<\/p>\n<h3>Karbantart\u00e1s \u00e9s jav\u00edt\u00e1s<\/h3>\n<p>A rendszeres ellen\u0151rz\u00e9s \u00e9s a megel\u0151z\u0151 karbantart\u00e1si int\u00e9zked\u00e9sek kulcsfontoss\u00e1g\u00faak a serleghenger hossz\u00fa \u00e9lettartam\u00e1nak biztos\u00edt\u00e1s\u00e1hoz. N\u00e9h\u00e1ny gyakori karbantart\u00e1si feladat k\u00f6z\u00e9 tartozik a rendszeres ellen\u0151rz\u00e9s, a megfelel\u0151 ken\u00e9s, a t\u00f6m\u00edt\u00e9sek cser\u00e9je \u00e9s a kalibr\u00e1ci\u00f3s ellen\u0151rz\u00e9sek. A megfelel\u0151 telep\u00edt\u00e9s, ken\u00e9s \u00e9s be\u00e1ll\u00edt\u00e1s szint\u00e9n kulcsfontoss\u00e1g\u00fa a karbantart\u00e1si folyamatban. A telep\u00edt\u00e9s sor\u00e1n aj\u00e1nlott a megfelel\u0151 be\u00e1ll\u00edt\u00e1si \u00fatmutat\u00e1s, valamint a megfelel\u0151 szerel\u0151konzolok haszn\u00e1lata a henger r\u00f6gz\u00edt\u00e9s\u00e9hez. Cserealkatr\u00e9szeket \u00e9s fel\u00faj\u00edt\u00e1si szolg\u00e1ltat\u00e1sokat is biztos\u00edtunk a henger \u00e9lettartam\u00e1nak meghosszabb\u00edt\u00e1sa \u00e9rdek\u00e9ben.<\/p>\n<p><img decoding=\"async\" src=\"https:\/\/www.hydraulic-cylinders.net\/wp-content\/uploads\/2025\/01\/songte-chushion-collar.webp\" alt=\"p\u00e1rnagall\u00e9r k\u00e9p\"><\/p>\n<h3>Biztons\u00e1gi szempontok \u00e9s k\u00f6rnyezeti t\u00e9nyez\u0151k<\/h3>\n<p>A kan\u00e1lhenger haszn\u00e1latakor biztons\u00e1gi int\u00e9zked\u00e9seket kell tenni a balesetek megel\u0151z\u00e9se \u00e9rdek\u00e9ben. A kezel\u0151ket ki kell k\u00e9pezni a megfelel\u0151 haszn\u00e1latra \u00e9s karbantart\u00e1sra. A tervez\u00e9si \u00e9s kiv\u00e1laszt\u00e1si folyamat sor\u00e1n a k\u00f6rnyezeti t\u00e9nyez\u0151ket, p\u00e9ld\u00e1ul a h\u0151m\u00e9rs\u00e9kletet \u00e9s a p\u00e1ratartalmat is figyelembe kell venni.<\/p>\n<h3>Hibaelh\u00e1r\u00edt\u00e1s \u00e9s gyakori probl\u00e9m\u00e1k<\/h3>\n<p>A kan\u00e1lhengerekkel kapcsolatos gyakori probl\u00e9m\u00e1k k\u00f6z\u00e9 tartozik a sziv\u00e1rg\u00e1s, az el\u00e9gtelen nyom\u00e1s \u00e9s a lass\u00fa m\u0171k\u00f6d\u00e9s. Ezeket a probl\u00e9m\u00e1kat gyakran megfelel\u0151 karbantart\u00e1si \u00e9s jav\u00edt\u00e1si int\u00e9zked\u00e9sekkel, p\u00e9ld\u00e1ul t\u00f6m\u00edt\u00e9scser\u00e9vel \u00e9s hidraulikafolyad\u00e9k-ut\u00e1nt\u00f6lt\u00e9ssel lehet megoldani. Ezenk\u00edv\u00fcl a megel\u0151z\u0151 int\u00e9zked\u00e9sek, mint p\u00e9ld\u00e1ul a rendszeres ellen\u0151rz\u00e9s, seg\u00edthetnek cs\u00f6kkenteni ezeknek a probl\u00e9m\u00e1knak a val\u00f3sz\u00edn\u0171s\u00e9g\u00e9t.<\/p>\n<p><img decoding=\"async\" src=\"https:\/\/www.hydraulic-cylinders.net\/wp-content\/uploads\/2025\/01\/songte-bushings-with-all-kinds-of-excavator-models.webp\" alt=\"perselyek k\u00e9pe\"><\/p>\n<h2>C\u00e9g\u00fcnk<\/h2>\n<p>Cserehidraulikus hengerek gy\u00e1rt\u00f3jak\u00e9nt sz\u00e9les term\u00e9kv\u00e1laszt\u00e9kot k\u00edn\u00e1lunk, \u00e9s a hazai \u00e9s nemzetk\u00f6zi piacok egyik vezet\u0151 hidraulikus hengergy\u00e1rt\u00f3j\u00e1v\u00e1 \u00e9s nagykeresked\u0151j\u00e9v\u00e9 v\u00e1lunk. A kiv\u00e1l\u00f3 min\u0151s\u00e9g elv\u00e9t k\u00f6vetj\u00fck, egy kifinomult gy\u00e1rt\u00f3m\u0171hely ipari termel\u00e9sir\u00e1ny\u00edt\u00e1si strat\u00e9gi\u00e1j\u00e1ra t\u00e1maszkodunk, folyamatosan fejlesztj\u00fck m\u0171hely\u00fcnk gy\u00e1rt\u00e1si platformj\u00e1t, t\u00f6k\u00e9letes\u00edtj\u00fck a term\u00e9kmin\u0151s\u00e9gi gy\u00e1rt\u00f3sort, \u00e9s er\u0151s kreat\u00edv k\u00e9pess\u00e9gekkel rendelkez\u00fcnk. Term\u00e9keinket nagy hat\u00e9konys\u00e1g, nagy pontoss\u00e1g \u00e9s kiv\u00e1l\u00f3 min\u0151s\u00e9g jellemzi, \u00e9s teljes m\u00e9rt\u00e9kben ki tudj\u00e1k el\u00e9g\u00edteni az \u00fcgyfelek sokr\u00e9t\u0171 ig\u00e9nyeit.<\/p>\n<h3>Szakmaiass\u00e1g<\/h3>\n<p>C\u00e9g\u00fcnk a hidraulikus hengerek ter\u00fclet\u00e9n sz\u00e9lesk\u00f6r\u0171 tapasztalattal rendelkez\u0151 szakemberekb\u0151l \u00e1ll\u00f3 csapattal rendelkezik, \u00e9s kiz\u00e1r\u00f3lag a leg\u00fajabb technol\u00f3gi\u00e1t \u00e9s berendez\u00e9seket haszn\u00e1ljuk. Elk\u00f6telezettek vagyunk amellett, hogy \u00fcgyfeleinknek kiv\u00e1l\u00f3 min\u0151s\u00e9g\u0171 term\u00e9keket \u00e9s szolg\u00e1ltat\u00e1sokat ny\u00fajtsunk.<\/p>\n<h3>Nemzetk\u00f6zi min\u0151s\u00edt\u00e9s<\/h3>\n<p>Term\u00e9keink megfelelnek a nemzetk\u00f6zi min\u0151s\u00e9gi el\u0151\u00edr\u00e1soknak, \u00edgy biztos\u00edtva, hogy \u00fcgyfeleink csak a legmagasabb min\u0151s\u00e9g\u0171 term\u00e9keket kapj\u00e1k.<\/p>\n<h3>Testreszab\u00e1si szolg\u00e1ltat\u00e1sok<\/h3>\n<p>Egyedi ig\u00e9nyekre szabott term\u00e9keket k\u00edn\u00e1lunk, egyedi alkalmaz\u00e1sokhoz k\u00edn\u00e1lva testreszabott megold\u00e1sokat.<\/p>\n<h3>Termel\u00e9si berendez\u00e9sek<\/h3>\n<p>Kiz\u00e1r\u00f3lag a leg\u00fajabb \u00e9s legmodernebb gy\u00e1rt\u00f3berendez\u00e9seket haszn\u00e1ljuk a gy\u00e1rt\u00e1si folyamat sor\u00e1n, ezzel is biztos\u00edtva term\u00e9keink kiv\u00e1l\u00f3 min\u0151s\u00e9g\u00e9t.<\/p>\n<h3>\u00c9rt\u00e9kes\u00edt\u00e9s ut\u00e1ni szolg\u00e1ltat\u00e1s<\/h3>\n<p>Elk\u00f6telezettek vagyunk a kiv\u00e1l\u00f3 \u00e9rt\u00e9kes\u00edt\u00e9s ut\u00e1ni szolg\u00e1ltat\u00e1s ny\u00fajt\u00e1sa ir\u00e1nt, bele\u00e9rtve a telep\u00edt\u00e9si \u00fatmutat\u00e1st \u00e9s a m\u0171szaki t\u00e1mogat\u00e1st, hogy \u00fcgyfeleink teljes m\u00e9rt\u00e9kben el\u00e9gedettek legyenek term\u00e9keinkkel.<\/p>\n<p><img decoding=\"async\" src=\"https:\/\/hzpt.com\/wp-content\/uploads\/2024\/11\/songte-company-1.webp\" alt=\"c\u00e9ges im\u00e1zs\"><\/p>\n<p>Szerz\u0151: LYL<\/p>","protected":false},"excerpt":{"rendered":"<p>Bucket Cylinder For XCMG Large Excavator XE700C Introduction Definition A bucket cylinder is a specially designed hydraulic cylinder used to control the movement of a bucket in heavy machinery such as excavators, backhoes, and front loaders. Its main function is to enable the bucket to lift, lower, and tilt, making it easier to handle various [&hellip;]<\/p>","protected":false},"featured_media":14778,"comment_status":"open","ping_status":"closed","template":"","meta":{"_et_pb_use_builder":"","_et_pb_old_content":"","_et_gb_content_width":""},"product_brand":[],"product_cat":[1494],"product_tag":[1495,1496],"class_list":{"0":"post-15484","1":"product","2":"type-product","3":"status-publish","4":"has-post-thumbnail","6":"product_cat-bucket-cylinders","7":"product_tag-bucket-cylinders","8":"product_tag-hydraulic-cylinders","10":"first","11":"instock","12":"shipping-taxable","13":"product-type-simple"},"amp_enabled":true,"_links":{"self":[{"href":"https:\/\/www.hydraulic-cylinders.net\/hu\/wp-json\/wp\/v2\/product\/15484","targetHints":{"allow":["GET"]}}],"collection":[{"href":"https:\/\/www.hydraulic-cylinders.net\/hu\/wp-json\/wp\/v2\/product"}],"about":[{"href":"https:\/\/www.hydraulic-cylinders.net\/hu\/wp-json\/wp\/v2\/types\/product"}],"replies":[{"embeddable":true,"href":"https:\/\/www.hydraulic-cylinders.net\/hu\/wp-json\/wp\/v2\/comments?post=15484"}],"wp:featuredmedia":[{"embeddable":true,"href":"https:\/\/www.hydraulic-cylinders.net\/hu\/wp-json\/wp\/v2\/media\/14778"}],"wp:attachment":[{"href":"https:\/\/www.hydraulic-cylinders.net\/hu\/wp-json\/wp\/v2\/media?parent=15484"}],"wp:term":[{"taxonomy":"product_brand","embeddable":true,"href":"https:\/\/www.hydraulic-cylinders.net\/hu\/wp-json\/wp\/v2\/product_brand?post=15484"},{"taxonomy":"product_cat","embeddable":true,"href":"https:\/\/www.hydraulic-cylinders.net\/hu\/wp-json\/wp\/v2\/product_cat?post=15484"},{"taxonomy":"product_tag","embeddable":true,"href":"https:\/\/www.hydraulic-cylinders.net\/hu\/wp-json\/wp\/v2\/product_tag?post=15484"}],"curies":[{"name":"munkaf\u00fczet","href":"https:\/\/api.w.org\/{rel}","templated":true}]}}