{"id":15486,"date":"2025-01-19T14:35:24","date_gmt":"2025-01-19T14:35:24","guid":{"rendered":"https:\/\/www.hydraulic-cylinders.net\/product\/bucket-cylinder-for-xcmg-large-excavator-xe490ck\/"},"modified":"2025-01-19T14:35:26","modified_gmt":"2025-01-19T14:35:26","slug":"bucket-cylinder-for-xcmg-large-excavator-xe490ck","status":"publish","type":"product","link":"https:\/\/www.hydraulic-cylinders.net\/hu\/termek\/bucket-cylinder-for-xcmg-large-excavator-xe490ck\/","title":{"rendered":"Kan\u00e1lhenger XCMG nagy kotr\u00f3g\u00e9phez XE490CK"},"content":{"rendered":"<h1>Kan\u00e1lhenger XCMG nagy kotr\u00f3g\u00e9phez XE490CK<\/h1>\n<h2>Bevezet\u00e9s<\/h2>\n<h3>A v\u00f6d\u00f6rhenger meghat\u00e1roz\u00e1sa<\/h3>\n<p>A kan\u00e1lhenger egy speci\u00e1lisan tervezett hidraulikus henger, amelyet f\u0151k\u00e9nt neh\u00e9zg\u00e9pek, p\u00e9ld\u00e1ul kotr\u00f3g\u00e9pek, kotr\u00f3g\u00e9pek \u00e9s homlokrakod\u00f3k kanalainak mozg\u00e1s\u00e1nak vez\u00e9rl\u00e9s\u00e9re haszn\u00e1lnak. F\u0151 funkci\u00f3ja a kan\u00e1l emel\u00e9se, s\u00fcllyeszt\u00e9se \u00e9s billent\u00e9se, megk\u00f6nny\u00edtve a k\u00fcl\u00f6nf\u00e9le anyagmozgat\u00e1si feladatok elv\u00e9gz\u00e9s\u00e9t. A hidraulikus rendszerben a kan\u00e1lhenger a hidraulikaolaj nyom\u00e1s\u00e1nak v\u00e1ltoztat\u00e1s\u00e1val prec\u00edzen szab\u00e1lyozza a kan\u00e1l mozg\u00e1s\u00e1t, lehet\u0151v\u00e9 t\u00e9ve a kezel\u0151k sz\u00e1m\u00e1ra a neh\u00e9z terhek hat\u00e9kony kezel\u00e9s\u00e9t, valamint az \u00f6sszetett munkak\u00f6rnyezetekhez \u00e9s a v\u00e1ltozatos m\u0171k\u00f6d\u00e9si k\u00f6vetelm\u00e9nyekhez val\u00f3 alkalmazkod\u00e1st.<\/p>\n<p><img decoding=\"async\" src=\"https:\/\/www.hydraulic-cylinders.net\/wp-content\/uploads\/2025\/01\/songte-company-2.webp\" alt=\"V\u00f6d\u00f6rhenger\"><\/p>\n<h3>Jellemz\u0151k<\/h3>\n<ul>\n<li>Nagy szil\u00e1rds\u00e1g \u00e9s tart\u00f3ss\u00e1g: \u00c1ltal\u00e1ban nagy szil\u00e1rds\u00e1g\u00fa ac\u00e9lb\u00f3l vagy alum\u00edniumb\u00f3l k\u00e9sz\u00fcl, ellen\u00e1ll a nagy nyom\u00e1snak \u00e9s a nagy terhel\u00e9seknek, alkalmazkodik a zord munkak\u00f6rnyezethez, \u00e9s a kop\u00e1s\u00e1ll\u00f3s\u00e1got \u00e9s a korr\u00f3zi\u00f3\u00e1ll\u00f3s\u00e1got szem el\u0151tt tartva tervezt\u00e9k, meghosszabb\u00edtva az \u00e9lettartamot.<\/li>\n<li>Hat\u00e9kony hidraulikus m\u0171k\u00f6d\u00e9s: A hidraulikaolaj nyom\u00e1sa sima kitol\u00e1st \u00e9s visszah\u00faz\u00e1st tesz lehet\u0151v\u00e9, amely gyorsan reag\u00e1l a vez\u00e9rl\u0151parancsokra, \u00e9s er\u0151teljes tol\u00f3- \u00e9s h\u00faz\u00f3er\u0151t biztos\u00edt, \u00edgy alkalmass\u00e1 teszi neh\u00e9z terhek \u00e9s \u00f6sszetett \u00fczemeltet\u00e9si feladatok kezel\u00e9s\u00e9re.<\/li>\n<li>K\u00fcl\u00f6nb\u00f6z\u0151 t\u00edpusok: Egyszeres m\u0171k\u00f6d\u00e9s\u0171 (a hidraulika csak az egyik ir\u00e1nyban m\u0171k\u00f6dik) vagy kett\u0151s m\u0171k\u00f6d\u00e9s\u0171 (a hidraulika mindk\u00e9t ir\u00e1nyban m\u0171k\u00f6dik) hengerek v\u00e1laszthat\u00f3k a k\u00fcl\u00f6nb\u00f6z\u0151 m\u0171k\u00f6d\u00e9si ig\u00e9nyeknek megfelel\u0151en. Egyes modellek teleszk\u00f3posak, \u00edgy nagyobb kiny\u00fal\u00e1st tesznek lehet\u0151v\u00e9 a k\u00fcls\u0151 m\u00e9retek n\u00f6vel\u00e9se n\u00e9lk\u00fcl, \u00edgy alkalmasak korl\u00e1tozott helyig\u00e9ny\u0171 alkalmaz\u00e1sokhoz.<\/li>\n<li>Cser\u00e9lhet\u0151: Term\u00e9keink t\u00f6k\u00e9letesen helyettes\u00edthetik ezeket a hidraulikus hengereket.<\/li>\n<li>Testreszabhat\u00f3: Term\u00e9keinket az \u00fcgyfelek ig\u00e9nyei szerint testre szabhatjuk, hogy megfeleljenek az egyedi ig\u00e9nyeknek.<\/li>\n<\/ul>\n<p><img decoding=\"async\" src=\"https:\/\/www.hydraulic-cylinders.net\/wp-content\/uploads\/2025\/01\/songte-cylinder-head-with-all-kinds-excavator-models.webp\" alt=\"Testreszabhat\u00f3 v\u00f6d\u00f6rhenger\"><\/p>\n<h3>Alkalmaz\u00e1sok<\/h3>\n<p>A v\u00f6d\u00f6rhengereket sz\u00e9les k\u00f6rben haszn\u00e1lj\u00e1k k\u00fcl\u00f6nf\u00e9le ipar\u00e1gakban, t\u00f6bbek k\u00f6z\u00f6tt:<\/p>\n<h4>\u00c9p\u00edt\u0151ipari berendez\u00e9sek<\/h4>\n<p>Kotr\u00f3g\u00e9pekben elengedhetetlenek az \u00e1s\u00e1shoz, a talaj vagy t\u00f6rmel\u00e9k rakod\u00e1s\u00e1hoz \u00e9s mozgat\u00e1s\u00e1hoz. A kotr\u00f3g\u00e9pekben a kan\u00e1lhenger seg\u00edti mind a f\u00f6ldmunk\u00e1t, mind az emel\u00e9st. Homlokrakod\u00f3kban pedig a rakom\u00e1ny hat\u00e9kony emel\u00e9s\u00e9t \u00e9s \u00fcr\u00edt\u00e9s\u00e9t seg\u00edtik.<\/p>\n<h4>Mez\u0151gazdas\u00e1gi g\u00e9pek<\/h4>\n<p>Homlokrakod\u00f3kban haszn\u00e1lj\u00e1k talaj, sz\u00e9na \u00e9s egy\u00e9b anyagok mer\u00e9s\u00e9re, emel\u00e9s\u00e9re \u00e9s sz\u00e1ll\u00edt\u00e1s\u00e1ra. Kotr\u00f3g\u00e9pekben a kan\u00e1lhenger lehet\u0151v\u00e9 teszi az \u00e1s\u00e1si m\u0171veletet az\u00e1ltal, hogy lehet\u0151v\u00e9 teszi a kan\u00e1l talajba val\u00f3 behatol\u00e1s\u00e1t.<\/p>\n<h4>Egy\u00e9b alkalmaz\u00e1sok<\/h4>\n<p>A kan\u00e1lhengereket m\u00e1s alkalmaz\u00e1sokban is haszn\u00e1lj\u00e1k, p\u00e9ld\u00e1ul a b\u00e1ny\u00e1szatban, az erd\u00e9szetben \u00e9s a hullad\u00e9kgazd\u00e1lkod\u00e1sban.<\/p>\n<h3>Tervez\u00e9si szempontok \u00e9s kiv\u00e1laszt\u00e1si krit\u00e9riumok<\/h3>\n<h4>Teherb\u00edr\u00e1s<\/h4>\n<p>A kan\u00e1lhenger teherb\u00edr\u00e1sa kulcsfontoss\u00e1g\u00fa szempont. K\u00e9pesnek kell lennie az emelt anyag s\u00faly\u00e1nak kezel\u00e9s\u00e9re an\u00e9lk\u00fcl, hogy meghib\u00e1sodna vagy marad\u00f3 alakv\u00e1ltoz\u00e1st okozna.<\/p>\n<h4>T\u00f6m\u00edt\u00e9s \u00e9s ken\u00e9s<\/h4>\n<p>A t\u00f6m\u00edt\u00e9s \u00e9s a ken\u00e9s elengedhetetlen a kan\u00e1lhenger megfelel\u0151 m\u0171k\u00f6d\u00e9s\u00e9hez \u00e9s karbantart\u00e1s\u00e1hoz. K\u00fcl\u00f6nb\u00f6z\u0151 t\u00f6m\u00edt\u0151elemeket, p\u00e9ld\u00e1ul dugatty\u00fat\u00f6m\u00edt\u00e9seket \u00e9s r\u00fadt\u00f6m\u00edt\u00e9seket haszn\u00e1lnak a sziv\u00e1rg\u00e1s megakad\u00e1lyoz\u00e1s\u00e1ra. A kop\u00e1s cs\u00f6kkent\u00e9se \u00e9s a henger \u00e9lettartam\u00e1nak meghosszabb\u00edt\u00e1sa \u00e9rdek\u00e9ben rendszeres hidraulikaolajjal t\u00f6rt\u00e9n\u0151 ken\u00e9s sz\u00fcks\u00e9ges.<\/p>\n<h4>Tart\u00f3ss\u00e1g \u00e9s karbantart\u00e1s<\/h4>\n<p>A kan\u00e1lhengernek ellen\u00e1llnia kell a zord munkak\u00f6rnyezetnek \u00e9s a gyakori haszn\u00e1latnak. K\u00f6nnyen karbantarthat\u00f3nak \u00e9s jav\u00edthat\u00f3nak kell lennie az \u00e1ll\u00e1sid\u0151 minimaliz\u00e1l\u00e1sa \u00e9rdek\u00e9ben.<\/p>\n<p><img decoding=\"async\" src=\"https:\/\/www.hydraulic-cylinders.net\/wp-content\/uploads\/2025\/01\/songte-oil-pipes-and-spare-parts.webp\" alt=\"V\u00f6d\u00f6rhenger alkatr\u00e9szek\"><\/p>\n<h3>Karbantart\u00e1s<\/h3>\n<p>A megfelel\u0151 karbantart\u00e1s elengedhetetlen a kan\u00e1lhenger hossz\u00fa \u00e9lettartam\u00e1nak \u00e9s megb\u00edzhat\u00f3 m\u0171k\u00f6d\u00e9s\u00e9nek biztos\u00edt\u00e1s\u00e1hoz. A rendszeres karbantart\u00e1si feladatok a k\u00f6vetkez\u0151k:<\/p>\n<ul>\n<li>Ellen\u0151rizze a sziv\u00e1rg\u00e1sokat \u00e9s egy\u00e9b kop\u00e1si jeleket<\/li>\n<li>Rendszeres ken\u00e9s<\/li>\n<li>T\u00f6m\u00edt\u00e9s csere<\/li>\n<li>Kalibr\u00e1ci\u00f3s ellen\u0151rz\u00e9sek<\/li>\n<\/ul>\n<p><img decoding=\"async\" src=\"https:\/\/www.hydraulic-cylinders.net\/wp-content\/uploads\/2025\/01\/songte-chushion-collar.webp\" alt=\"Chushion gall\u00e9r\"><\/p>\n<h3>Biztons\u00e1gi \u00e9s k\u00f6rnyezetv\u00e9delmi szempontok<\/h3>\n<p>A serleghengerek nagy nyom\u00e1s \u00e9s neh\u00e9z terhel\u00e9s alatt m\u0171k\u00f6dnek, ez\u00e9rt elengedhetetlen a megfelel\u0151 biztons\u00e1gi elj\u00e1r\u00e1sok betart\u00e1sa a telep\u00edt\u00e9s\u00fck, \u00fczemeltet\u00e9s\u00fck \u00e9s karbantart\u00e1suk sor\u00e1n. A kezel\u0151knek megfelel\u0151 v\u00e9d\u0151felszerel\u00e9st kell viselni\u00fck, \u00e9s minden biztons\u00e1gi \u00f3vint\u00e9zked\u00e9st be kell tartaniuk a balesetek megel\u0151z\u00e9se \u00e9rdek\u00e9ben.<\/p>\n<h3>Gyakori probl\u00e9m\u00e1k \u00e9s hibaelh\u00e1r\u00edt\u00e1s<\/h3>\n<p>A kan\u00e1lhengerek gyakori probl\u00e9m\u00e1i k\u00f6z\u00e9 tartozik a sziv\u00e1rg\u00e1s, a nem megfelel\u0151 m\u0171k\u00f6d\u00e9s, valamint a nem megfelel\u0151 kiny\u00fal\u00e1s vagy visszah\u00faz\u00f3d\u00e1s. A hibaelh\u00e1r\u00edt\u00e1s mag\u00e1ban foglalja a probl\u00e9ma ok\u00e1nak azonos\u00edt\u00e1s\u00e1t \u00e9s a korrekci\u00f3s int\u00e9zked\u00e9sek megt\u00e9tel\u00e9t, p\u00e9ld\u00e1ul a s\u00e9r\u00fclt t\u00f6m\u00edt\u00e9sek vagy m\u00e1s alkatr\u00e9szek cser\u00e9j\u00e9t.<\/p>\n<p><img decoding=\"async\" src=\"https:\/\/www.hydraulic-cylinders.net\/wp-content\/uploads\/2025\/01\/songte-bushings-with-all-kinds-of-excavator-models.webp\" alt=\"Kan\u00e1l henger perselyek\"><\/p>\n<h2>R\u00f3lunk<\/h2>\n<p>A hidraulikus hengerek vezet\u0151 gy\u00e1rt\u00f3ja \u00e9s nagykeresked\u0151je vagyunk a hazai \u00e9s nemzetk\u00f6zi piacokon. Term\u00e9keink v\u00e1ltozatosak \u00e9s \u00e1tfog\u00f3ak, a kiv\u00e1l\u00f3 min\u0151s\u00e9g \u00e9s a hat\u00e9kony termel\u00e9sir\u00e1ny\u00edt\u00e1s alapelveit k\u00f6vetve.<\/p>\n<h3>Szakmaiass\u00e1g<\/h3>\n<p>Term\u00e9keinket tapasztalt szakemberekb\u0151l \u00e1ll\u00f3 csapat tervezi \u00e9s gy\u00e1rtja, akik a leg\u00fajabb technol\u00f3gi\u00e1t \u00e9s berendez\u00e9seket haszn\u00e1lj\u00e1k, hogy kiv\u00e1l\u00f3 min\u0151s\u00e9g\u0171 hidraulikus hengereket \u00e1ll\u00edtsanak el\u0151, amelyek megfelelnek \u00fcgyfeleink ig\u00e9nyeinek.<\/p>\n<h3>Nemzetk\u00f6zi min\u0151s\u00edt\u00e9s<\/h3>\n<p>Term\u00e9keink megfeleltek a nemzetk\u00f6zi tan\u00fas\u00edtv\u00e1nyoknak, mint p\u00e9ld\u00e1ul az ISO9001 \u00e9s a CE, \u00edgy biztos\u00edtva, hogy megfeleljenek a legmagasabb min\u0151s\u00e9gi el\u0151\u00edr\u00e1soknak.<\/p>\n<h3>Testreszab\u00e1si szolg\u00e1ltat\u00e1sok<\/h3>\n<p>Testreszabott szolg\u00e1ltat\u00e1sokat k\u00edn\u00e1lunk \u00fcgyfeleink egyedi ig\u00e9nyeinek kiel\u00e9g\u00edt\u00e9s\u00e9re.<\/p>\n<h3>Termel\u00e9si berendez\u00e9sek<\/h3>\n<p>Korszer\u0171, kiv\u00e1l\u00f3 min\u0151s\u00e9g\u0171 gy\u00e1rt\u00f3berendez\u00e9seket haszn\u00e1lunk term\u00e9keink min\u0151s\u00e9g\u00e9nek \u00e9s megb\u00edzhat\u00f3s\u00e1g\u00e1nak biztos\u00edt\u00e1sa, valamint a termel\u00e9si hat\u00e9konys\u00e1g jav\u00edt\u00e1sa \u00e9rdek\u00e9ben.<\/p>\n<h3>\u00c9rt\u00e9kes\u00edt\u00e9s ut\u00e1ni szolg\u00e1ltat\u00e1s<\/h3>\n<p>\u00c1tfog\u00f3 \u00e9rt\u00e9kes\u00edt\u00e9s ut\u00e1ni szolg\u00e1ltat\u00e1st ny\u00fajtunk \u00fcgyfeleinknek, bele\u00e9rtve a cserealkatr\u00e9szeket \u00e9s az \u00fajj\u00e1\u00e9p\u00edt\u00e9si szolg\u00e1ltat\u00e1sokat, hogy seg\u00edts\u00fcnk nekik meghosszabb\u00edtani hidraulikus hengereik \u00e9lettartam\u00e1t.<\/p>\n<p><img decoding=\"async\" src=\"https:\/\/hzpt.com\/wp-content\/uploads\/2024\/11\/songte-company-1.webp\" alt=\"R\u00f3lunk\"><\/p>\n<h4>Szerz\u0151: lyl.<\/h4>","protected":false},"excerpt":{"rendered":"<p>Bucket Cylinder For XCMG Large Excavator XE490CK Introduction Definition of Bucket Cylinder A Bucket Cylinder is a specially designed hydraulic cylinder mainly used to control the movement of buckets in heavy machinery such as excavators, backhoe excavators, and front loaders. Its main function is to enable the bucket to lift, lower, and tilt, making it [&hellip;]<\/p>","protected":false},"featured_media":14773,"comment_status":"open","ping_status":"closed","template":"","meta":{"_et_pb_use_builder":"","_et_pb_old_content":"","_et_gb_content_width":""},"product_brand":[],"product_cat":[1494],"product_tag":[1495,1496],"class_list":{"0":"post-15486","1":"product","2":"type-product","3":"status-publish","4":"has-post-thumbnail","6":"product_cat-bucket-cylinders","7":"product_tag-bucket-cylinders","8":"product_tag-hydraulic-cylinders","10":"first","11":"instock","12":"shipping-taxable","13":"product-type-simple"},"amp_enabled":true,"_links":{"self":[{"href":"https:\/\/www.hydraulic-cylinders.net\/hu\/wp-json\/wp\/v2\/product\/15486","targetHints":{"allow":["GET"]}}],"collection":[{"href":"https:\/\/www.hydraulic-cylinders.net\/hu\/wp-json\/wp\/v2\/product"}],"about":[{"href":"https:\/\/www.hydraulic-cylinders.net\/hu\/wp-json\/wp\/v2\/types\/product"}],"replies":[{"embeddable":true,"href":"https:\/\/www.hydraulic-cylinders.net\/hu\/wp-json\/wp\/v2\/comments?post=15486"}],"wp:featuredmedia":[{"embeddable":true,"href":"https:\/\/www.hydraulic-cylinders.net\/hu\/wp-json\/wp\/v2\/media\/14773"}],"wp:attachment":[{"href":"https:\/\/www.hydraulic-cylinders.net\/hu\/wp-json\/wp\/v2\/media?parent=15486"}],"wp:term":[{"taxonomy":"product_brand","embeddable":true,"href":"https:\/\/www.hydraulic-cylinders.net\/hu\/wp-json\/wp\/v2\/product_brand?post=15486"},{"taxonomy":"product_cat","embeddable":true,"href":"https:\/\/www.hydraulic-cylinders.net\/hu\/wp-json\/wp\/v2\/product_cat?post=15486"},{"taxonomy":"product_tag","embeddable":true,"href":"https:\/\/www.hydraulic-cylinders.net\/hu\/wp-json\/wp\/v2\/product_tag?post=15486"}],"curies":[{"name":"munkaf\u00fczet","href":"https:\/\/api.w.org\/{rel}","templated":true}]}}