{"id":15496,"date":"2025-01-19T14:36:11","date_gmt":"2025-01-19T14:36:11","guid":{"rendered":"https:\/\/www.hydraulic-cylinders.net\/product\/bucket-cylinder-for-zoomlion-middle-excavator-ze205e\/"},"modified":"2025-01-19T14:36:13","modified_gmt":"2025-01-19T14:36:13","slug":"bucket-cylinder-for-zoomlion-middle-excavator-ze205e","status":"publish","type":"product","link":"https:\/\/www.hydraulic-cylinders.net\/hu\/termek\/bucket-cylinder-for-zoomlion-middle-excavator-ze205e\/","title":{"rendered":"Kan\u00e1lhenger Zoomlion k\u00f6z\u00e9ps\u0151 kotr\u00f3g\u00e9phez ZE205E"},"content":{"rendered":"<h1>Kan\u00e1lhenger Zoomlion k\u00f6z\u00e9ps\u0151 kotr\u00f3g\u00e9phez ZE205E<\/h1>\n<h2>Bevezet\u00e9s<\/h2>\n<p>A kan\u00e1lhenger egy speci\u00e1lisan tervezett hidraulikus henger, amelyet f\u0151k\u00e9nt neh\u00e9zg\u00e9pek, p\u00e9ld\u00e1ul kotr\u00f3g\u00e9pek, kotr\u00f3rakod\u00f3k \u00e9s homlokrakod\u00f3k kan\u00e1lj\u00e1nak mozg\u00e1s\u00e1nak vez\u00e9rl\u00e9s\u00e9re haszn\u00e1lnak. F\u0151 funkci\u00f3ja a kan\u00e1l emel\u00e9s\u00e9nek, s\u00fcllyeszt\u00e9s\u00e9nek \u00e9s billent\u00e9s\u00e9nek lehet\u0151v\u00e9 t\u00e9tele, megk\u00f6nny\u00edtve a k\u00fcl\u00f6nf\u00e9le anyagmozgat\u00e1si feladatok elv\u00e9gz\u00e9s\u00e9t. A hidraulikus rendszerben a kan\u00e1lhenger a hidraulikaolaj nyom\u00e1s\u00e1nak v\u00e1ltoztat\u00e1s\u00e1val prec\u00edzen szab\u00e1lyozza a kan\u00e1l mozg\u00e1s\u00e1t, lehet\u0151v\u00e9 t\u00e9ve a kezel\u0151k sz\u00e1m\u00e1ra a neh\u00e9z terhek hat\u00e9kony kezel\u00e9s\u00e9t, valamint az \u00f6sszetett munkak\u00f6rnyezetekhez \u00e9s a v\u00e1ltozatos m\u0171k\u00f6d\u00e9si ig\u00e9nyekhez val\u00f3 alkalmazkod\u00e1st.<\/p>\n<p><img decoding=\"async\" src=\"https:\/\/www.hydraulic-cylinders.net\/wp-content\/uploads\/2025\/01\/songte-company-2.webp\" alt=\"V\u00f6d\u00f6r henger k\u00e9pe\"><\/p>\n<h2>Jellemz\u0151k<\/h2>\n<ul>\n<li>Nagy szil\u00e1rds\u00e1g \u00e9s tart\u00f3ss\u00e1g: \u00c1ltal\u00e1ban nagy szil\u00e1rds\u00e1g\u00fa ac\u00e9lb\u00f3l vagy alum\u00edniumb\u00f3l k\u00e9sz\u00fcl, ellen\u00e1ll a nagy nyom\u00e1snak \u00e9s a nagy terhel\u00e9seknek, alkalmazkodik a zord munkak\u00f6rnyezethez, \u00e9s \u00fagy tervezt\u00e9k, hogy figyelembe vegye a kop\u00e1s\u00e1ll\u00f3s\u00e1got \u00e9s a korr\u00f3zi\u00f3\u00e1ll\u00f3s\u00e1got az \u00e9lettartam\u00e1nak meghosszabb\u00edt\u00e1sa \u00e9rdek\u00e9ben.<\/li>\n<li>Hat\u00e9kony hidraulikus m\u0171k\u00f6d\u00e9s: A hidraulikaolaj nyom\u00e1sa sima kitol\u00e1si \u00e9s visszah\u00faz\u00e1si m\u0171veleteket biztos\u00edt, ami er\u0151teljes tol\u00f3- \u00e9s h\u00faz\u00f3er\u0151t biztos\u00edt, \u00e9s alkalmas neh\u00e9z terhek \u00e9s \u00f6sszetett \u00fczemeltet\u00e9si feladatok kezel\u00e9s\u00e9re.<\/li>\n<li>K\u00fcl\u00f6nb\u00f6z\u0151 t\u00edpusok: Az egyir\u00e1ny\u00fa hidraulikus m\u0171k\u00f6dtet\u00e9s\u0171) vagy a k\u00e9tir\u00e1ny\u00fa (mindk\u00e9t ir\u00e1nyban hidraulikus m\u0171k\u00f6dtet\u00e9s\u0171) hengerek a k\u00f6vetelm\u00e9nyeknek megfelel\u0151en v\u00e1laszthat\u00f3k ki, hogy megfeleljenek a k\u00fcl\u00f6nb\u00f6z\u0151 m\u0171k\u00f6d\u00e9si ig\u00e9nyeknek. Egyes modellek teleszk\u00f3posak, \u00edgy nagyobb kiny\u00fal\u00e1st tesznek lehet\u0151v\u00e9 a k\u00fcls\u0151 m\u00e9retek n\u00f6vel\u00e9se n\u00e9lk\u00fcl, \u00edgy alkalmasak korl\u00e1tozott helyig\u00e9ny\u0171 alkalmaz\u00e1sokhoz.<\/li>\n<li>Cser\u00e9lhet\u0151: Term\u00e9k\u00fcnk t\u00f6k\u00e9letesen helyettes\u00edtheti ezeket a hidraulikus hengereket.<\/li>\n<\/ul>\n<p><img decoding=\"async\" src=\"https:\/\/www.hydraulic-cylinders.net\/wp-content\/uploads\/2025\/01\/songte-cylinder-head-with-all-kinds-excavator-models.webp\" alt=\"Term\u00e9kk\u00e9p\"><\/p>\n<h2>Alkalmaz\u00e1sok<\/h2>\n<ul>\n<li>\u00c9p\u00edt\u0151ipari berendez\u00e9sek: Kotr\u00f3g\u00e9pekben elengedhetetlenek a talaj vagy t\u00f6rmel\u00e9k ki\u00e1s\u00e1s\u00e1hoz, rakod\u00e1s\u00e1hoz \u00e9s mozgat\u00e1s\u00e1hoz. Kotr\u00f3g\u00e9p-rakod\u00f3g\u00e9pekben a kan\u00e1lhenger mind a ki\u00e1s\u00e1sban, mind az emel\u00e9sben seg\u00edt. <\/li>\n<li>Mez\u0151gazdas\u00e1gi g\u00e9pek: Homlokrakod\u00f3khoz, talaj, sz\u00e9na \u00e9s egy\u00e9b anyagok kotor\u00e1s\u00e1hoz, emel\u00e9s\u00e9hez \u00e9s sz\u00e1ll\u00edt\u00e1s\u00e1hoz haszn\u00e1lj\u00e1k. <\/li>\n<li>Kotr\u00f3g\u00e9pek: A kan\u00e1lhenger lehet\u0151v\u00e9 teszi az \u00e1s\u00e1si m\u0171veletet az\u00e1ltal, hogy lehet\u0151v\u00e9 teszi a kan\u00e1l talajba val\u00f3 behatol\u00e1s\u00e1t. <\/li>\n<li>Homlokrakod\u00f3k: A homlokrakod\u00f3k hat\u00e9konyan seg\u00edtik az \u00e1ruk emel\u00e9s\u00e9t \u00e9s lerak\u00e1s\u00e1t.<\/li>\n<\/ul>\n<h2>Tervez\u00e9si szempontok \u00e9s kiv\u00e1laszt\u00e1si krit\u00e9riumok<\/h2>\n<ul>\n<li>Teherb\u00edr\u00e1s: A hengernek k\u00e9pesnek kell lennie a terhel\u00e9s elvisel\u00e9s\u00e9re, figyelembe v\u00e9ve a k\u00f6rnyezeti t\u00e9nyez\u0151ket \u00e9s az \u00fczemi felt\u00e9teleket.<\/li>\n<li>T\u00f6m\u00edt\u00e9s: A hengert le kell t\u00f6m\u00edteni a sziv\u00e1rg\u00e1s megakad\u00e1lyoz\u00e1sa \u00e9s a megfelel\u0151 m\u0171k\u00f6d\u00e9s biztos\u00edt\u00e1sa \u00e9rdek\u00e9ben. <\/li>\n<li>Tart\u00f3ss\u00e1g: A palacknak \u200b\u200bkop\u00e1s- \u00e9s korr\u00f3zi\u00f3\u00e1ll\u00f3nak kell lennie, \u00e9s olyan anyagokb\u00f3l \u00e9s bevonatokkal kell tervezni, amelyek meghosszabb\u00edtj\u00e1k az \u00e9lettartam\u00e1t.<\/li>\n<li>Biztons\u00e1g: A palackot a balesetek megel\u0151z\u00e9se \u00e9s a megfelel\u0151 m\u0171k\u00f6d\u00e9s biztos\u00edt\u00e1sa \u00e9rdek\u00e9ben a biztons\u00e1g szem el\u0151tt tart\u00e1s\u00e1val kell megtervezni \u00e9s beszerelni.<\/li>\n<li>Karbantart\u00e1s: A palackot \u00fagy kell megtervezni, hogy k\u00f6nnyen karbantarthat\u00f3 legyen, cser\u00e9lhet\u0151 alkatr\u00e9szekkel \u00e9s k\u00f6nny\u0171 hozz\u00e1f\u00e9r\u00e9ssel a jav\u00edt\u00e1s \u00e9s ellen\u0151rz\u00e9s \u00e9rdek\u00e9ben.<\/li>\n<\/ul>\n<p><img decoding=\"async\" src=\"https:\/\/www.hydraulic-cylinders.net\/wp-content\/uploads\/2025\/01\/songte-oil-pipes-and-spare-parts.webp\" alt=\"Tervez\u00e9si k\u00e9p\"><\/p>\n<h2>T\u00f6m\u00edt\u00e9s \u00e9s ken\u00e9s<\/h2>\n<p>K\u00fcl\u00f6nb\u00f6z\u0151 t\u00f6m\u00edt\u0151elemeket, p\u00e9ld\u00e1ul dugatty\u00fat\u00f6m\u00edt\u00e9seket \u00e9s r\u00fadt\u00f6m\u00edt\u00e9seket haszn\u00e1lnak, \u00e9s a t\u00f6m\u00edt\u0151elemekhez kop\u00e1s\u00e1ll\u00f3 anyagokat, p\u00e9ld\u00e1ul poliuret\u00e1nt \u00e9s nitrilgumit v\u00e1lasztanak. A hengertestet \u00e9s a menetes v\u00e9gfel\u00fcletet finoman megmunk\u00e1lj\u00e1k a kop\u00e1s\u00e1ll\u00f3s\u00e1g jav\u00edt\u00e1sa \u00e9rdek\u00e9ben. A megfelel\u0151 ken\u00e9s biztos\u00edt\u00e1sa \u00e9rdek\u00e9ben a hidraulikaolaj rendszeres ut\u00e1nt\u00f6lt\u00e9se sz\u00fcks\u00e9ges.<\/p>\n<p><img decoding=\"async\" src=\"https:\/\/www.hydraulic-cylinders.net\/wp-content\/uploads\/2025\/01\/songte-chushion-collar.webp\" alt=\"T\u00f6m\u00edt\u0151 k\u00e9p\"><\/p>\n<h2>Karbantart\u00e1s \u00e9s jav\u00edt\u00e1s<\/h2>\n<ul>\n<li>Rendszeres ellen\u0151rz\u00e9s: A palackot rendszeresen ellen\u0151rizni kell a megfelel\u0151 m\u0171k\u00f6d\u00e9s biztos\u00edt\u00e1sa \u00e9s a lehets\u00e9ges probl\u00e9m\u00e1k \u00e9szlel\u00e9se \u00e9rdek\u00e9ben.<\/li>\n<li>Ken\u00e9s: A megfelel\u0151 ken\u00e9s sz\u00fcks\u00e9ges a henger zavartalan m\u0171k\u00f6d\u00e9s\u00e9nek biztos\u00edt\u00e1s\u00e1hoz \u00e9s \u00e9lettartam\u00e1nak meghosszabb\u00edt\u00e1s\u00e1hoz.<\/li>\n<li>T\u00f6m\u00edt\u00e9scsere: A kopott vagy s\u00e9r\u00fclt t\u00f6m\u00edt\u00e9seket halad\u00e9ktalanul ki kell cser\u00e9lni a sziv\u00e1rg\u00e1s megel\u0151z\u00e9se \u00e9s a megfelel\u0151 m\u0171k\u00f6d\u00e9s biztos\u00edt\u00e1sa \u00e9rdek\u00e9ben.<\/li>\n<\/ul>\n<p> A megfelel\u0151 beszerel\u00e9s kritikus fontoss\u00e1g\u00fa a palack teljes\u00edtm\u00e9nye \u00e9s hossz\u00fa \u00e9lettartama szempontj\u00e1b\u00f3l. A palackot megfelel\u0151en kell be\u00e1ll\u00edtani \u00e9s r\u00f6gz\u00edteni a megfelel\u0151 r\u00f6gz\u00edt\u0151konzolok seg\u00edts\u00e9g\u00e9vel. A palack \u00e9lettartam\u00e1nak n\u00f6vel\u00e9se \u00e9rdek\u00e9ben aj\u00e1nlott ellen\u0151rz\u00e9si, jav\u00edt\u00e1si \u00e9s csereelj\u00e1r\u00e1sokat ismertet\u00fcnk.<\/p>\n<p><img decoding=\"async\" src=\"https:\/\/hzpt.com\/wp-content\/uploads\/2024\/11\/songte-company-1.webp\" alt=\"Karbantart\u00e1si k\u00e9p\"><\/p>\n<h2>Biztons\u00e1gi \u00e9s k\u00f6rnyezetv\u00e9delmi szempontok<\/h2>\n<p>A biztons\u00e1gi \u00f3vint\u00e9zked\u00e9sek rendk\u00edv\u00fcl fontosak a hidraulikus hengerek haszn\u00e1latakor. A balesetek megel\u0151z\u00e9se \u00e9rdek\u00e9ben be kell tartani a megfelel\u0151 telep\u00edt\u00e9si, karbantart\u00e1si \u00e9s \u00fczemeltet\u00e9si utas\u00edt\u00e1sokat. A k\u00f6rnyezeti t\u00e9nyez\u0151k, mint p\u00e9ld\u00e1ul a h\u0151m\u00e9rs\u00e9klet \u00e9s a p\u00e1ratartalom, befoly\u00e1solhatj\u00e1k a henger teljes\u00edtm\u00e9ny\u00e9t, ez\u00e9rt ezeket a telep\u00edt\u00e9s \u00e9s \u00fczemeltet\u00e9s sor\u00e1n figyelembe kell venni.<\/p>\n<p><img decoding=\"async\" src=\"https:\/\/www.hydraulic-cylinders.net\/wp-content\/uploads\/2025\/01\/songte-bushings-with-all-kinds-of-excavator-models.webp\" alt=\"Biztons\u00e1gi k\u00e9p\"><\/p>\n<h2>Hibaelh\u00e1r\u00edt\u00e1s \u00e9s gyakori probl\u00e9m\u00e1k<\/h2>\n<ul>\n<li>Gyakori sziv\u00e1rg\u00e1s: Ezt kopott t\u00f6m\u00edt\u00e9sek vagy s\u00e9r\u00fclt hengerek okozhatj\u00e1k.<\/li>\n<li>Gyakori hengermeghib\u00e1sod\u00e1s: Ennek oka lehet a nem megfelel\u0151 beszerel\u00e9s, a hib\u00e1s be\u00e1ll\u00edt\u00e1s vagy a helytelen m\u0171k\u00f6d\u00e9s.<\/li>\n<li>Rendellenes zaj m\u0171k\u00f6d\u00e9s k\u00f6zben: Ezt okozhatja a bels\u0151 alkatr\u00e9szek, p\u00e9ld\u00e1ul csap\u00e1gyak vagy t\u00f6m\u00edt\u00e9sek kop\u00e1sa vagy s\u00e9r\u00fcl\u00e9se.<\/li>\n<\/ul>\n<p>A rendszeres ellen\u0151rz\u00e9s \u00e9s karbantart\u00e1s seg\u00edthet megel\u0151zni ezeket a probl\u00e9m\u00e1kat. Hibaelh\u00e1r\u00edt\u00e1si tippeket \u00e9s megold\u00e1sokat k\u00edn\u00e1lunk, amelyek seg\u00edtenek az olvas\u00f3knak a probl\u00e9m\u00e1k diagnosztiz\u00e1l\u00e1s\u00e1ban \u00e9s megold\u00e1s\u00e1ban. A lehets\u00e9ges probl\u00e9m\u00e1k minimaliz\u00e1l\u00e1sa \u00e9rdek\u00e9ben megel\u0151z\u0151 int\u00e9zked\u00e9seket javasolunk.<\/p>\n<p><img decoding=\"async\" src=\"https:\/\/www.hydraulic-cylinders.net\/wp-content\/uploads\/2025\/01\/songte-company-3.webp\" alt=\"C\u00e9ges im\u00e1zs\"><\/p>\n<h2>R\u00f3lunk<\/h2>\n<p>Cserehidraulikus hengerek gy\u00e1rt\u00f3jak\u00e9nt sz\u00e9les term\u00e9kv\u00e1laszt\u00e9kot k\u00edn\u00e1lunk, \u00e9s a hidraulikus hengerek egyik vezet\u0151 gy\u00e1rt\u00f3j\u00e1v\u00e1 \u00e9s nagykereskedelmi forgalmaz\u00f3j\u00e1v\u00e1 v\u00e1lunk belf\u00f6ld\u00f6n \u00e9s nemzetk\u00f6zi szinten egyar\u00e1nt. A kiv\u00e1l\u00f3 min\u0151s\u00e9g elv\u00e9t k\u00f6vetj\u00fck, \u00e9s egy kifinomult gy\u00e1rt\u00f3m\u0171hely iparos\u00edt\u00e1si termel\u00e9sir\u00e1ny\u00edt\u00e1si strat\u00e9gi\u00e1j\u00e1ra t\u00e1maszkodunk. M\u0171hely\u00fcnk gy\u00e1rt\u00e1si platformj\u00e1t folyamatosan fejlesztj\u00fck m\u0171szaki tehets\u00e9gek, digit\u00e1lis cs\u00facskateg\u00f3ri\u00e1s gy\u00e1rt\u00f3berendez\u00e9sek \u00e9s professzion\u00e1lis tesztel\u0151rendszerek felhaszn\u00e1l\u00e1s\u00e1val, valamint a term\u00e9kmin\u0151s\u00e9gi gy\u00e1rt\u00e1si \u00fatvonal fejleszt\u00e9s\u00e9vel, er\u0151s kreat\u00edv k\u00e9pess\u00e9gekkel, nagy hat\u00e9konys\u00e1ggal, pontoss\u00e1ggal \u00e9s min\u0151s\u00e9ggel, hogy megfelelj\u00fcnk az \u00fcgyfelek soksz\u00edn\u0171 ig\u00e9nyeinek.<\/p>\n<p>Testreszabott szolg\u00e1ltat\u00e1sokat k\u00edn\u00e1lunk, nemzetk\u00f6zileg tan\u00fas\u00edtott term\u00e9keket haszn\u00e1lunk, \u00e9s professzion\u00e1lis \u00e9rt\u00e9kes\u00edt\u00e9s ut\u00e1ni szolg\u00e1ltat\u00e1sokat ny\u00fajtunk, bele\u00e9rtve az alkatr\u00e9szcser\u00e9t \u00e9s az \u00fajj\u00e1\u00e9p\u00edt\u00e9si szolg\u00e1ltat\u00e1sokat, a term\u00e9k \u00e9lettartam\u00e1nak jav\u00edt\u00e1sa \u00e9rdek\u00e9ben.<\/p>\n<p><img decoding=\"async\" src=\"https:\/\/www.hydraulic-cylinders.net\/wp-content\/uploads\/2025\/01\/songte-company-1.webp\" alt=\"R\u00f3lunk k\u00e9p\"><\/p>\n<p>Szerz\u0151: lyl.<\/p>","protected":false},"excerpt":{"rendered":"<p>Bucket Cylinder For Zoomlion Middle Excavator ZE205E Introduction The bucket cylinder is a specially designed hydraulic cylinder mainly used to control the movement of the bucket in heavy machinery such as excavators, backhoe loaders, and front loaders. Its main function is to enable the bucket to lift, lower, and tilt, making it easier to handle [&hellip;]<\/p>","protected":false},"featured_media":14784,"comment_status":"open","ping_status":"closed","template":"","meta":{"_et_pb_use_builder":"","_et_pb_old_content":"","_et_gb_content_width":""},"product_brand":[],"product_cat":[1494],"product_tag":[1495,1496],"class_list":{"0":"post-15496","1":"product","2":"type-product","3":"status-publish","4":"has-post-thumbnail","6":"product_cat-bucket-cylinders","7":"product_tag-bucket-cylinders","8":"product_tag-hydraulic-cylinders","10":"first","11":"instock","12":"shipping-taxable","13":"product-type-simple"},"amp_enabled":true,"_links":{"self":[{"href":"https:\/\/www.hydraulic-cylinders.net\/hu\/wp-json\/wp\/v2\/product\/15496","targetHints":{"allow":["GET"]}}],"collection":[{"href":"https:\/\/www.hydraulic-cylinders.net\/hu\/wp-json\/wp\/v2\/product"}],"about":[{"href":"https:\/\/www.hydraulic-cylinders.net\/hu\/wp-json\/wp\/v2\/types\/product"}],"replies":[{"embeddable":true,"href":"https:\/\/www.hydraulic-cylinders.net\/hu\/wp-json\/wp\/v2\/comments?post=15496"}],"wp:featuredmedia":[{"embeddable":true,"href":"https:\/\/www.hydraulic-cylinders.net\/hu\/wp-json\/wp\/v2\/media\/14784"}],"wp:attachment":[{"href":"https:\/\/www.hydraulic-cylinders.net\/hu\/wp-json\/wp\/v2\/media?parent=15496"}],"wp:term":[{"taxonomy":"product_brand","embeddable":true,"href":"https:\/\/www.hydraulic-cylinders.net\/hu\/wp-json\/wp\/v2\/product_brand?post=15496"},{"taxonomy":"product_cat","embeddable":true,"href":"https:\/\/www.hydraulic-cylinders.net\/hu\/wp-json\/wp\/v2\/product_cat?post=15496"},{"taxonomy":"product_tag","embeddable":true,"href":"https:\/\/www.hydraulic-cylinders.net\/hu\/wp-json\/wp\/v2\/product_tag?post=15496"}],"curies":[{"name":"munkaf\u00fczet","href":"https:\/\/api.w.org\/{rel}","templated":true}]}}