{"id":15500,"date":"2025-01-19T14:36:27","date_gmt":"2025-01-19T14:36:27","guid":{"rendered":"https:\/\/www.hydraulic-cylinders.net\/product\/bucket-cylinder-for-zoomlion-middle-excavator-ze260e\/"},"modified":"2025-01-19T14:36:29","modified_gmt":"2025-01-19T14:36:29","slug":"bucket-cylinder-for-zoomlion-middle-excavator-ze260e","status":"publish","type":"product","link":"https:\/\/www.hydraulic-cylinders.net\/hu\/termek\/bucket-cylinder-for-zoomlion-middle-excavator-ze260e\/","title":{"rendered":"Kan\u00e1lhenger Zoomlion k\u00f6z\u00e9ps\u0151 kotr\u00f3g\u00e9phez ZE260E"},"content":{"rendered":"<p><!DOCTYPE html><br \/>\n<html><br \/>\n<head><br \/>\n<title>Kan\u00e1lhenger Zoomlion k\u00f6z\u00e9ps\u0151 kotr\u00f3g\u00e9phez ZE260E<\/title><br \/>\n<\/head><br \/>\n<body><\/p>\n<h1>Kan\u00e1lhenger Zoomlion k\u00f6z\u00e9ps\u0151 kotr\u00f3g\u00e9phez ZE260E<\/h1>\n<h2>Bevezet\u00e9s<\/h2>\n<p>A kan\u00e1lhenger egy speci\u00e1lisan tervezett hidraulikus henger, amelyet els\u0151sorban a kan\u00e1l mozg\u00e1s\u00e1nak vez\u00e9rl\u00e9s\u00e9re haszn\u00e1lnak neh\u00e9zg\u00e9pekben, p\u00e9ld\u00e1ul kotr\u00f3g\u00e9pekben, kotr\u00f3rakod\u00f3kban \u00e9s homlokrakod\u00f3kban. F\u0151 funkci\u00f3ja, hogy lehet\u0151v\u00e9 tegye a kan\u00e1l emel\u00e9s\u00e9t, s\u00fcllyeszt\u00e9s\u00e9t \u00e9s billent\u00e9s\u00e9t, \u00edgy k\u00e9nyelmesen haszn\u00e1lhat\u00f3 k\u00fcl\u00f6nf\u00e9le anyagmozgat\u00e1si feladatokhoz. Egy hidraulikus rendszerben a kan\u00e1lhenger a hidraulikaolaj nyom\u00e1sv\u00e1ltoz\u00e1sainak felhaszn\u00e1l\u00e1s\u00e1val \u00e9ri el a kan\u00e1l pontos vez\u00e9rl\u00e9s\u00e9t, lehet\u0151v\u00e9 t\u00e9ve a kezel\u0151k sz\u00e1m\u00e1ra, hogy hat\u00e9konyan kezelj\u00e9k a neh\u00e9z terheket, \u00e9s alkalmazkodjanak az \u00f6sszetett munkak\u00f6rnyezetekhez \u00e9s a v\u00e1ltozatos m\u0171k\u00f6d\u00e9si ig\u00e9nyekhez.<\/p>\n<p><img decoding=\"async\" src=\"https:\/\/www.hydraulic-cylinders.net\/wp-content\/uploads\/2025\/01\/songte-company-2.webp\" alt=\"V\u00f6d\u00f6r henger k\u00e9pe\"><\/p>\n<h2>Jellemz\u0151k<\/h2>\n<ul>\n<li>Nagy szil\u00e1rds\u00e1g \u00e9s tart\u00f3ss\u00e1g: \u00c1ltal\u00e1ban nagy szil\u00e1rds\u00e1g\u00fa ac\u00e9lb\u00f3l vagy alum\u00edniumb\u00f3l k\u00e9sz\u00fcl, k\u00e9pes ellen\u00e1llni a nagy nyom\u00e1snak \u00e9s a neh\u00e9z terhel\u00e9seknek, alkalmazkodva a zord munkak\u00f6rnyezethez. Kop\u00e1s\u00e1ll\u00f3s\u00e1g \u00e9s korr\u00f3zi\u00f3\u00e1ll\u00f3s\u00e1g figyelembev\u00e9tel\u00e9vel tervezt\u00e9k, meghosszabb\u00edtva \u00e9lettartam\u00e1t.<\/li>\n<li>Hat\u00e9kony hidraulikus m\u0171k\u00f6d\u00e9s: A hidraulikaolaj nyom\u00e1s\u00e1t haszn\u00e1lva sima kitol\u00e1si \u00e9s visszah\u00faz\u00e1si m\u0171veleteket \u00e9r el, gyorsan reag\u00e1l a vez\u00e9rl\u0151parancsokra, er\u0151teljes tol\u00f3- \u00e9s h\u00faz\u00f3er\u0151t biztos\u00edt, alkalmas neh\u00e9z terhek \u00e9s \u00f6sszetett m\u0171k\u00f6d\u00e9si feladatok kezel\u00e9s\u00e9re.<\/li>\n<li>K\u00fcl\u00f6nb\u00f6z\u0151 t\u00edpusok: Az ig\u00e9nyeknek megfelel\u0151en v\u00e1laszthat egyszeres m\u0171k\u00f6d\u00e9s\u0171 (csak egy ir\u00e1nyban hidraulikusan m\u0171k\u00f6dtetett) vagy kett\u0151s m\u0171k\u00f6d\u00e9s\u0171 (mindk\u00e9t ir\u00e1nyban hidraulikusan m\u0171k\u00f6dtetett) hengerek k\u00f6z\u00fcl, amelyek megfelelnek a k\u00fcl\u00f6nb\u00f6z\u0151 m\u0171k\u00f6d\u00e9si k\u00f6vetelm\u00e9nyeknek. Egyes modellek teleszk\u00f3posak, \u00edgy nagyobb kiny\u00fal\u00e1st tesznek lehet\u0151v\u00e9 a k\u00fcls\u0151 m\u00e9retek n\u00f6vel\u00e9se n\u00e9lk\u00fcl, \u00edgy alkalmasak korl\u00e1tozott helyig\u00e9ny\u0171 alkalmaz\u00e1sokhoz.<\/li>\n<li>Csere opci\u00f3: Term\u00e9keink t\u00f6k\u00e9letesen helyettes\u00edthetik ezeket a hidraulikus hengereket.<\/li>\n<\/ul>\n<p><img decoding=\"async\" src=\"https:\/\/www.hydraulic-cylinders.net\/wp-content\/uploads\/2025\/01\/songte-cylinder-head-with-all-kinds-excavator-models.webp\" alt=\"Term\u00e9kk\u00e9p\"><\/p>\n<h2>Alkalmaz\u00e1sok<\/h2>\n<h3>\u00c9p\u00edt\u0151ipari berendez\u00e9sek:<\/h3>\n<p>Kotr\u00f3g\u00e9pekben elengedhetetlenek az \u00e1s\u00e1shoz, a rakod\u00e1shoz \u00e9s a talaj vagy t\u00f6rmel\u00e9k mozgat\u00e1s\u00e1hoz. Kotr\u00f3g\u00e9p-rakod\u00f3kban a kan\u00e1lhenger seg\u00edti mind a f\u00f6ldmunk\u00e1t, mind az emel\u00e9st.<\/p>\n<h3>Mez\u0151gazdas\u00e1gi g\u00e9pek:<\/h3>\n<p>Homlokrakod\u00f3kban haszn\u00e1lj\u00e1k talaj, sz\u00e9na \u00e9s egy\u00e9b anyagok mer\u00e9s\u00e9re, emel\u00e9s\u00e9re \u00e9s sz\u00e1ll\u00edt\u00e1s\u00e1ra.<\/p>\n<h3>Kotr\u00f3g\u00e9pek:<\/h3>\n<p>A kan\u00e1lhenger lehet\u0151v\u00e9 teszi a f\u00f6ldmunk\u00e1kat az\u00e1ltal, hogy lehet\u0151v\u00e9 teszi a kan\u00e1l talajba val\u00f3 behatol\u00e1s\u00e1t.<\/p>\n<h3>Rakod\u00f3g\u00e9pek:<\/h3>\n<p>A homlokrakod\u00f3kban hat\u00e9konyan seg\u00edtik az \u00e1ruk emel\u00e9s\u00e9t \u00e9s \u00fcr\u00edt\u00e9s\u00e9t.<\/p>\n<p><img decoding=\"async\" src=\"https:\/\/www.hydraulic-cylinders.net\/wp-content\/uploads\/2025\/01\/songte-oil-pipes-and-spare-parts.webp\" alt=\"Alkalmaz\u00e1sk\u00e9p\"><\/p>\n<h2>Tervez\u00e9si szempontok \u00e9s kiv\u00e1laszt\u00e1si krit\u00e9riumok<\/h2>\n<ul>\n<li>Teherb\u00edr\u00e1s: Besz\u00e9lje meg a henger teherb\u00edr\u00e1s\u00e1t.<\/li>\n<li>T\u00f6m\u00edt\u00e9s: Magyar\u00e1zza el a megfelel\u0151 t\u00f6m\u00edt\u00e9s fontoss\u00e1g\u00e1t a sziv\u00e1rg\u00e1s megel\u0151z\u00e9se \u00e9rdek\u00e9ben.<\/li>\n<li>Tart\u00f3ss\u00e1g: Besz\u00e9lje meg a henger kop\u00e1s- \u00e9s elhaszn\u00e1l\u00f3d\u00e1s\u00e1ll\u00f3s\u00e1g\u00e1t.<\/li>\n<li>Biztons\u00e1g: A tervez\u00e9s \u00e9s \u00fczemeltet\u00e9s sor\u00e1n figyelembe kell venni a biztons\u00e1gi szempontokat.<\/li>\n<li>Karbantarthat\u00f3s\u00e1g: Besz\u00e9lje meg a karbantart\u00e1s \u00e9s a jav\u00edt\u00e1s egyszer\u0171s\u00e9g\u00e9t.<\/li>\n<\/ul>\n<p><img decoding=\"async\" src=\"https:\/\/www.hydraulic-cylinders.net\/wp-content\/uploads\/2025\/01\/songte-oil-pipes-and-spare-parts.webp\" alt=\"Tervez\u00e9si k\u00e9p\"><\/p>\n<h2>T\u00f6m\u00edt\u00e9s \u00e9s ken\u00e9s<\/h2>\n<p>A henger k\u00fcl\u00f6nf\u00e9le t\u00f6m\u00edt\u00e9seket haszn\u00e1l, p\u00e9ld\u00e1ul dugatty\u00fat\u00f6m\u00edt\u00e9seket \u00e9s r\u00fadt\u00f6m\u00edt\u00e9seket, amelyek kop\u00e1s\u00e1ll\u00f3 anyagokb\u00f3l, p\u00e9ld\u00e1ul poliuret\u00e1nb\u00f3l \u00e9s nitrilgumib\u00f3l k\u00e9sz\u00fclnek. A hengertest \u00e9s a menetes v\u00e9gek finom megmunk\u00e1l\u00e1son esnek \u00e1t a kop\u00e1s\u00e1ll\u00f3s\u00e1g fokoz\u00e1sa \u00e9rdek\u00e9ben. A megfelel\u0151 hidraulikaolajjal t\u00f6rt\u00e9n\u0151 rendszeres ken\u00e9s sz\u00fcks\u00e9ges a z\u00f6kken\u0151mentes m\u0171k\u00f6d\u00e9s biztos\u00edt\u00e1s\u00e1hoz.<\/p>\n<h2>Ellen\u0151rz\u00e9s \u00e9s megel\u0151z\u0151 karbantart\u00e1s<\/h2>\n<ul>\n<li>Rendszeres ellen\u0151rz\u00e9s a s\u00e9r\u00fcl\u00e9sek vagy kop\u00e1s jeleinek azonos\u00edt\u00e1sa \u00e9rdek\u00e9ben.<\/li>\n<li>Megfelel\u0151 ken\u00e9s a henger zavartalan m\u0171k\u00f6d\u00e9s\u00e9hez.<\/li>\n<li>T\u00f6m\u00edt\u00e9scsere a sziv\u00e1rg\u00e1s megel\u0151z\u00e9se \u00e9s a teljes\u00edtm\u00e9ny fenntart\u00e1sa \u00e9rdek\u00e9ben.<\/li>\n<li>Kalibr\u00e1ci\u00f3s ellen\u0151rz\u00e9sek a pontos m\u0171k\u00f6d\u00e9s biztos\u00edt\u00e1sa \u00e9rdek\u00e9ben.<\/li>\n<\/ul>\n<p><img decoding=\"async\" src=\"https:\/\/www.hydraulic-cylinders.net\/wp-content\/uploads\/2025\/01\/songte-chushion-collar.webp\" alt=\"Karbantart\u00e1si k\u00e9p\"><\/p>\n<h2>Biztons\u00e1gi szempontok \u00e9s k\u00f6rnyezeti t\u00e9nyez\u0151k<\/h2>\n<p>Hidraulikus hengerek haszn\u00e1latakor fontos betartani a biztons\u00e1gi int\u00e9zked\u00e9seket a balesetek megel\u0151z\u00e9se \u00e9rdek\u00e9ben, \u00e9s figyelembe venni a k\u00f6rnyezeti t\u00e9nyez\u0151ket a negat\u00edv hat\u00e1sok minimaliz\u00e1l\u00e1sa \u00e9rdek\u00e9ben.<\/p>\n<h2>Hibaelh\u00e1r\u00edt\u00e1s \u00e9s gyakori probl\u00e9m\u00e1k<\/h2>\n<p>Besz\u00e9lj\u00e9tek meg a felmer\u00fcl\u0151 gyakori probl\u00e9m\u00e1kat, \u00e9s adj hibaelh\u00e1r\u00edt\u00e1si tippeket \u00e9s megold\u00e1sokat, hogy seg\u00edtsd az olvas\u00f3kat a probl\u00e9m\u00e1k hat\u00e9kony diagnosztiz\u00e1l\u00e1s\u00e1ban \u00e9s megold\u00e1s\u00e1ban. Javasolj megel\u0151z\u0151 int\u00e9zked\u00e9seket a lehets\u00e9ges probl\u00e9m\u00e1k minimaliz\u00e1l\u00e1sa \u00e9rdek\u00e9ben.<\/p>\n<p><img decoding=\"async\" src=\"https:\/\/www.hydraulic-cylinders.net\/wp-content\/uploads\/2025\/01\/songte-bushings-with-all-kinds-of-excavator-models.webp\" alt=\"Hibaelh\u00e1r\u00edt\u00e1si k\u00e9p\"><\/p>\n<h2>C\u00e9ginform\u00e1ci\u00f3k<\/h2>\n<p>Hidraulikus hengerek cserealkatr\u00e9szeire szakosodott gy\u00e1rt\u00f3 vagyunk. Sz\u00e9les term\u00e9kk\u00edn\u00e1latunkkal a hidraulikus hengerek egyik vezet\u0151 gy\u00e1rt\u00f3j\u00e1v\u00e1 \u00e9s nagykereskedelmi forgalmaz\u00f3j\u00e1v\u00e1 v\u00e1ltunk mind a hazai, mind a nemzetk\u00f6zi piacokon. Kifinomult gy\u00e1rt\u00f3m\u0171hely\u00fcnkben a kiv\u00e1l\u00f3 min\u0151s\u00e9g alapelveit k\u00f6vetj\u00fck, \u00e9s iparos\u00edtott termel\u00e9sir\u00e1ny\u00edt\u00e1si strat\u00e9gi\u00e1kra t\u00e1maszkodunk. Gy\u00e1rt\u00e1si platformunkat folyamatosan fejlesztj\u00fck m\u0171szaki tehets\u00e9gek, korszer\u0171 digit\u00e1lis gy\u00e1rt\u00f3berendez\u00e9sek \u00e9s professzion\u00e1lis tesztel\u0151rendszer alkalmaz\u00e1s\u00e1val. Er\u0151s kreat\u00edv k\u00e9pess\u00e9geink lehet\u0151v\u00e9 teszik sz\u00e1munkra, hogy nagy hat\u00e9konys\u00e1ggal, pontoss\u00e1ggal \u00e9s min\u0151s\u00e9gben el\u00e9g\u00edts\u00fck ki a v\u00e1ltozatos \u00fcgyf\u00e9lig\u00e9nyeket.<\/p>\n<p><img decoding=\"async\" src=\"https:\/\/www.hydraulic-cylinders.net\/wp-content\/uploads\/2025\/01\/songte-company-3.webp\" alt=\"C\u00e9ges im\u00e1zs\"><\/p>\n<ul>\n<li>Szakmaiass\u00e1g: Emeld ki a v\u00e1llalat szak\u00e9rtelm\u00e9t az adott ter\u00fcleten.<\/li>\n<li>Nemzetk\u00f6zi tan\u00fas\u00edtv\u00e1nyok: Besz\u00e9ljen a vonatkoz\u00f3 tan\u00fas\u00edtv\u00e1nyokr\u00f3l.<\/li>\n<li>Testreszab\u00e1si szolg\u00e1ltat\u00e1sok: Eml\u00edtse meg a testreszabott megold\u00e1sok el\u00e9rhet\u0151s\u00e9g\u00e9t.<\/li>\n<li>Gy\u00e1rt\u00f3berendez\u00e9sek: \u00cdrja le a korszer\u0171 gy\u00e1rt\u00f3berendez\u00e9seket.<\/li>\n<li>\u00c9rt\u00e9kes\u00edt\u00e9s ut\u00e1ni szolg\u00e1ltat\u00e1s: Besz\u00e9ljen a v\u00e1llalat elk\u00f6telezetts\u00e9g\u00e9r\u0151l a kiv\u00e1l\u00f3 \u00e9rt\u00e9kes\u00edt\u00e9s ut\u00e1ni szolg\u00e1ltat\u00e1s ny\u00fajt\u00e1sa ir\u00e1nt.<\/li>\n<\/ul>\n<p>Szerz\u0151: lyl<\/p>\n<p><\/body><br \/>\n<\/html><\/p>","protected":false},"excerpt":{"rendered":"<p>Bucket Cylinder For Zoomlion Middle Excavator ZE260E Bucket Cylinder For Zoomlion Middle Excavator ZE260E Introduction The bucket cylinder is a specially designed hydraulic cylinder used primarily to control the movement of the bucket in heavy machinery such as excavators, backhoe loaders, and front-end loaders. Its main function is to allow the bucket to perform lifting, [&hellip;]<\/p>","protected":false},"featured_media":14776,"comment_status":"open","ping_status":"closed","template":"","meta":{"_et_pb_use_builder":"","_et_pb_old_content":"","_et_gb_content_width":""},"product_brand":[],"product_cat":[1494],"product_tag":[1495,1496],"class_list":{"0":"post-15500","1":"product","2":"type-product","3":"status-publish","4":"has-post-thumbnail","6":"product_cat-bucket-cylinders","7":"product_tag-bucket-cylinders","8":"product_tag-hydraulic-cylinders","10":"first","11":"instock","12":"shipping-taxable","13":"product-type-simple"},"amp_enabled":true,"_links":{"self":[{"href":"https:\/\/www.hydraulic-cylinders.net\/hu\/wp-json\/wp\/v2\/product\/15500","targetHints":{"allow":["GET"]}}],"collection":[{"href":"https:\/\/www.hydraulic-cylinders.net\/hu\/wp-json\/wp\/v2\/product"}],"about":[{"href":"https:\/\/www.hydraulic-cylinders.net\/hu\/wp-json\/wp\/v2\/types\/product"}],"replies":[{"embeddable":true,"href":"https:\/\/www.hydraulic-cylinders.net\/hu\/wp-json\/wp\/v2\/comments?post=15500"}],"wp:featuredmedia":[{"embeddable":true,"href":"https:\/\/www.hydraulic-cylinders.net\/hu\/wp-json\/wp\/v2\/media\/14776"}],"wp:attachment":[{"href":"https:\/\/www.hydraulic-cylinders.net\/hu\/wp-json\/wp\/v2\/media?parent=15500"}],"wp:term":[{"taxonomy":"product_brand","embeddable":true,"href":"https:\/\/www.hydraulic-cylinders.net\/hu\/wp-json\/wp\/v2\/product_brand?post=15500"},{"taxonomy":"product_cat","embeddable":true,"href":"https:\/\/www.hydraulic-cylinders.net\/hu\/wp-json\/wp\/v2\/product_cat?post=15500"},{"taxonomy":"product_tag","embeddable":true,"href":"https:\/\/www.hydraulic-cylinders.net\/hu\/wp-json\/wp\/v2\/product_tag?post=15500"}],"curies":[{"name":"munkaf\u00fczet","href":"https:\/\/api.w.org\/{rel}","templated":true}]}}