{"id":15505,"date":"2025-01-19T14:36:53","date_gmt":"2025-01-19T14:36:53","guid":{"rendered":"https:\/\/www.hydraulic-cylinders.net\/product\/bucket-cylinder-for-zoomlion-large-excavator-ze330e\/"},"modified":"2025-01-19T14:36:55","modified_gmt":"2025-01-19T14:36:55","slug":"bucket-cylinder-for-zoomlion-large-excavator-ze330e","status":"publish","type":"product","link":"https:\/\/www.hydraulic-cylinders.net\/hu\/termek\/bucket-cylinder-for-zoomlion-large-excavator-ze330e\/","title":{"rendered":"Kan\u00e1lhenger Zoomlion ZE330E nagy kotr\u00f3g\u00e9phez"},"content":{"rendered":"<h1>Kan\u00e1lhenger Zoomlion ZE330E nagy kotr\u00f3g\u00e9phez<\/h1>\n<h2>Bevezet\u00e9s<\/h2>\n<p>A Zoomlion ZE330E nagym\u00e9ret\u0171 kotr\u00f3g\u00e9p kan\u00e1lhengere egy speci\u00e1lisan tervezett hidraulikus henger, amelyet f\u0151k\u00e9nt neh\u00e9zg\u00e9pek, p\u00e9ld\u00e1ul kotr\u00f3g\u00e9pek, kotr\u00f3rakod\u00f3k \u00e9s homlokrakod\u00f3k kan\u00e1lmozg\u00e1s\u00e1nak vez\u00e9rl\u00e9s\u00e9re haszn\u00e1lnak. F\u0151 funkci\u00f3ja a kan\u00e1l emel\u00e9se, s\u00fcllyeszt\u00e9se \u00e9s billent\u00e9se, megk\u00f6nny\u00edtve a k\u00fcl\u00f6nf\u00e9le anyagmozgat\u00e1si feladatok elv\u00e9gz\u00e9s\u00e9t. A hidraulikus rendszerben a kan\u00e1lhenger a hidraulikaolaj nyom\u00e1s\u00e1nak v\u00e1ltoztat\u00e1s\u00e1val prec\u00edzen szab\u00e1lyozza a kan\u00e1l mozg\u00e1s\u00e1t, lehet\u0151v\u00e9 t\u00e9ve a kezel\u0151k sz\u00e1m\u00e1ra a neh\u00e9z terhek hat\u00e9kony kezel\u00e9s\u00e9t, valamint az \u00f6sszetett munkak\u00f6rnyezetekhez \u00e9s a v\u00e1ltozatos munkak\u00f6vetelm\u00e9nyekhez val\u00f3 alkalmazkod\u00e1st.<\/p>\n<p><img decoding=\"async\" src=\"https:\/\/www.hydraulic-cylinders.net\/wp-content\/uploads\/2025\/01\/songte-company-2.webp\" alt=\"V\u00f6d\u00f6rhenger\" \/><\/p>\n<h2>Term\u00e9kjellemz\u0151k<\/h2>\n<ul>\n<li>\n<h3>Nagy szil\u00e1rds\u00e1g \u00e9s tart\u00f3ss\u00e1g<\/h3>\n<p>A kan\u00e1lhengerek jellemz\u0151en nagy szil\u00e1rds\u00e1g\u00fa ac\u00e9lb\u00f3l vagy alum\u00edniumb\u00f3l k\u00e9sz\u00fclnek, k\u00e9pesek ellen\u00e1llni a nagy nyom\u00e1snak \u00e9s a nagy terhel\u00e9seknek, alkalmazkodnak a zord munkak\u00f6rnyezethez, \u00e9s a kop\u00e1s\u00e1ll\u00f3s\u00e1got \u00e9s a korr\u00f3zi\u00f3\u00e1ll\u00f3s\u00e1got szem el\u0151tt tartva tervezt\u00e9k \u0151ket, meghosszabb\u00edtva \u00e9lettartamukat.<\/p>\n<\/li>\n<li>\n<h3>Hat\u00e9kony hidraulikus m\u0171k\u00f6dtet\u00e9s<\/h3>\n<p>A kan\u00e1lhengerek a hidraulikaolaj nyom\u00e1s\u00e1t haszn\u00e1lj\u00e1k a sima teleszk\u00f3pos m\u0171k\u00f6d\u00e9s el\u00e9r\u00e9s\u00e9hez, gyorsan reag\u00e1lnak a vez\u00e9rl\u0151parancsokra, er\u0151teljes tol\u00f3- \u00e9s h\u00faz\u00f3er\u0151t biztos\u00edtanak, \u00e9s alkalmasak neh\u00e9z terhek \u00e9s \u00f6sszetett feladatok kezel\u00e9s\u00e9re.<\/p>\n<\/li>\n<li>\n<h3>K\u00fcl\u00f6nb\u00f6z\u0151 t\u00edpusok<\/h3>\n<p>A kan\u00e1lhengerek lehetnek egyszeres m\u0171k\u00f6d\u00e9s\u0171ek (csak egy ir\u00e1nyban haszn\u00e1lj\u00e1k a hidraulik\u00e1t) vagy kett\u0151s m\u0171k\u00f6d\u00e9s\u0171ek (mindk\u00e9t ir\u00e1nyban haszn\u00e1lj\u00e1k a hidraulik\u00e1t) a k\u00f6vetelm\u00e9nyekt\u0151l f\u00fcgg\u0151en, \u00e9s egyes modellek teleszk\u00f3posak, ami nagyobb t\u00e1gul\u00e1st tesz lehet\u0151v\u00e9 a k\u00fcls\u0151 m\u00e9retek n\u00f6vel\u00e9se n\u00e9lk\u00fcl, \u00edgy alkalmasak korl\u00e1tozott helyig\u00e9ny\u0171 alkalmaz\u00e1sokhoz.<\/p>\n<\/li>\n<li>\n<h3>Term\u00e9kcsere<\/h3>\n<p>Term\u00e9keink t\u00f6k\u00e9letesen helyettes\u00edthetik ezeket a hidraulikus hengereket.<\/p>\n<\/li>\n<\/ul>\n<p><img decoding=\"async\" src=\"https:\/\/www.hydraulic-cylinders.net\/wp-content\/uploads\/2025\/01\/songte-cylinder-head-with-all-kinds-excavator-models.webp\" alt=\"Hengerfej\" \/><\/p>\n<h2>A v\u00f6d\u00f6rhenger alkalmaz\u00e1sai<\/h2>\n<p>A kan\u00e1lhengert gyakran haszn\u00e1lj\u00e1k k\u00fcl\u00f6nf\u00e9le \u00e9p\u00edt\u0151ipari berendez\u00e9sekben, bele\u00e9rtve:<\/p>\n<ul>\n<li>\n<h3>Kotr\u00f3g\u00e9pek<\/h3>\n<p>A kan\u00e1lhenger lehet\u0151v\u00e9 teszi az \u00e1s\u00e1si m\u0171veletet az\u00e1ltal, hogy lehet\u0151v\u00e9 teszi a kan\u00e1l talajba hatol\u00e1s\u00e1t.<\/p>\n<\/li>\n<li>\n<h3>Kotr\u00f3g\u00e9p-rakod\u00f3k<\/h3>\n<p>A kan\u00e1lhenger seg\u00edt mind az \u00e1s\u00e1sban, mind az emel\u00e9sben.<\/p>\n<\/li>\n<li>\n<h3>Homlokrakod\u00f3k<\/h3>\n<p>A kan\u00e1lhenger seg\u00edti a rakod\u00f3kan\u00e1l emel\u00e9s\u00e9t \u00e9s billent\u00e9s\u00e9t, \u00edgy hat\u00e9konny\u00e1 teszi az anyagok kirakod\u00e1s\u00e1t \u00e9s \u00fcr\u00edt\u00e9s\u00e9t.<\/p>\n<\/li>\n<\/ul>\n<h2>Tervez\u00e9si szempontok \u00e9s kiv\u00e1laszt\u00e1si krit\u00e9riumok<\/h2>\n<p>A kan\u00e1lhengerek kiv\u00e1laszt\u00e1sakor \u00e9s tervez\u00e9sekor fontos figyelembe venni olyan kulcsfontoss\u00e1g\u00fa t\u00e9nyez\u0151ket, mint a teherb\u00edr\u00e1s, a t\u00f6m\u00edt\u00e9s, a tart\u00f3ss\u00e1g, a biztons\u00e1g \u00e9s a karbantarthat\u00f3s\u00e1g. \u00cdme n\u00e9h\u00e1ny fontos szempont, amelyet \u00e9rdemes figyelembe venni:<\/p>\n<ul>\n<li>\n<h3>Teherb\u00edr\u00e1s<\/h3>\n<p>A kan\u00e1lhengert \u00fagy kell megtervezni, hogy ellen\u00e1lljon a terhel\u00e9snek, amelyet a kezelt anyag s\u00falya \u00e9s a mozg\u00e1s\u00e1ban r\u00e9szt vev\u0151 er\u0151k hat\u00e1roznak meg.<\/p>\n<\/li>\n<li>\n<h3>T\u00f6m\u00edt\u00e9s \u00e9s tart\u00f3ss\u00e1g<\/h3>\n<p>A serleghengerek kiv\u00e1l\u00f3 min\u0151s\u00e9g\u0171 t\u00f6m\u00edt\u0151anyagokat ig\u00e9nyelnek, p\u00e9ld\u00e1ul dugatty\u00fat\u00f6m\u00edt\u00e9seket \u00e9s r\u00fadt\u00f6m\u00edt\u00e9seket, amelyek kop\u00e1s\u00e1ll\u00f3 anyagokb\u00f3l, p\u00e9ld\u00e1ul poliuret\u00e1nb\u00f3l \u00e9s nitrilgumib\u00f3l k\u00e9sz\u00fclnek. Az is elengedhetetlen, hogy a hengertest \u00e9s a menet v\u00e9ge finoman legyen kezelve a kop\u00e1s\u00e1ll\u00f3s\u00e1g jav\u00edt\u00e1sa \u00e9rdek\u00e9ben. A ken\u00e9shez rendszeresen megfelel\u0151 mennyis\u00e9g\u0171 hidraulikaolajat kell ut\u00e1na adni.<\/p>\n<\/li>\n<li>\n<h3>Biztons\u00e1g \u00e9s karbantarthat\u00f3s\u00e1g<\/h3>\n<p>A serlegpalackokat a biztons\u00e1g szem el\u0151tt tart\u00e1s\u00e1val kell megtervezni, be\u00e9p\u00edtett biztons\u00e1gi funkci\u00f3kkal, p\u00e9ld\u00e1ul nyom\u00e1scs\u00f6kkent\u0151 szelepekkel \u00e9s elz\u00e1r\u00f3szelepekkel, valamint k\u00f6nnyen karbantarthat\u00f3nak \u00e9s jav\u00edthat\u00f3nak kell lenni\u00fck az alkatr\u00e9szek k\u00f6nny\u0171 cser\u00e9j\u00e9nek \u00e9s \u00fajj\u00e1\u00e9p\u00edt\u00e9s\u00e9nek, valamint a megfelel\u0151 karbantart\u00e1si elj\u00e1r\u00e1soknak k\u00f6sz\u00f6nhet\u0151en, amelyek meghosszabb\u00edtj\u00e1k \u00e9lettartamukat. <\/p>\n<\/li>\n<\/ul>\n<p><img decoding=\"async\" src=\"https:\/\/www.hydraulic-cylinders.net\/wp-content\/uploads\/2025\/01\/songte-oil-pipes-and-spare-parts.webp\" alt=\"Olajcs\u00f6vek\"\/><\/p>\n<h2>Karbantart\u00e1s \u00e9s hibaelh\u00e1r\u00edt\u00e1s<\/h2>\n<p>A rendszeres ellen\u0151rz\u00e9s \u00e9s a megel\u0151z\u0151 karbantart\u00e1s elengedhetetlen a kan\u00e1lhenger j\u00f3 m\u0171k\u00f6d\u0151k\u00e9pes \u00e1llapot\u00e1nak fenntart\u00e1s\u00e1hoz. \u00cdme n\u00e9h\u00e1ny gyakori karbantart\u00e1si feladat:<\/p>\n<ul>\n<li>\n<h3>Rendszeres ellen\u0151rz\u00e9s<\/h3>\n<p>Ellen\u0151rizze, hogy nincs-e sziv\u00e1rg\u00e1s, horpad\u00e1s vagy karcol\u00e1s, gy\u0151z\u0151dj\u00f6n meg arr\u00f3l, hogy a henger megfelel\u0151en van-e kenve \u00e9s tiszta, \u00e9s ellen\u0151rizze a hidraulikat\u00f6ml\u0151ket \u00e9s csatlakoz\u00f3kat s\u00e9r\u00fcl\u00e9sek vagy kop\u00e1sok szempontj\u00e1b\u00f3l.<\/p>\n<\/li>\n<li>\n<h3>Ken\u00e9s<\/h3>\n<p>Fontos a megfelel\u0151 t\u00edpus\u00fa \u00e9s mennyis\u00e9g\u0171 hidraulikaolaj haszn\u00e1lata a z\u00f6kken\u0151mentes \u00e9s hat\u00e9kony m\u0171k\u00f6d\u00e9s biztos\u00edt\u00e1sa, valamint a kop\u00e1s \u00e9s elhaszn\u00e1l\u00f3d\u00e1s elleni v\u00e9delem \u00e9rdek\u00e9ben.<\/p>\n<\/li>\n<li>\n<h3>T\u00f6m\u00edt\u00e9scsere \u00e9s kalibr\u00e1l\u00e1si ellen\u0151rz\u00e9s<\/h3>\n<p>Cser\u00e9lje ki az elkopott t\u00f6m\u00edt\u0151 alkatr\u00e9szeket, ellen\u0151rizze a kalibr\u00e1l\u00e1st, \u00e9s v\u00e9gezze el a sz\u00fcks\u00e9ges be\u00e1ll\u00edt\u00e1sokat a henger pontos mozg\u00e1s\u00e1nak biztos\u00edt\u00e1sa \u00e9rdek\u00e9ben.<\/p>\n<\/li>\n<\/ul>\n<p>Fontos a megfelel\u0151 beszerel\u00e9s, ken\u00e9s \u00e9s be\u00e1ll\u00edt\u00e1s a serleghenger karbantart\u00e1sa sor\u00e1n, hogy elker\u00fclj\u00fck az olyan lehets\u00e9ges probl\u00e9m\u00e1kat, mint a sziv\u00e1rg\u00e1s, a cs\u00f6kkent teljes\u00edtm\u00e9ny vagy a teljes meghib\u00e1sod\u00e1s. Elengedhetetlen a megfelel\u0151 \u00fatmutat\u00e1s biztos\u00edt\u00e1sa a beszerel\u00e9shez, a henger r\u00f6gz\u00edt\u00e9s\u00e9hez megfelel\u0151 r\u00f6gz\u00edt\u0151konzolok haszn\u00e1lata, az ellen\u0151rz\u00e9si, jav\u00edt\u00e1si \u00e9s csereelj\u00e1r\u00e1sok aj\u00e1nl\u00e1sa, valamint a serleghenger \u00e9lettartam\u00e1nak n\u00f6vel\u00e9s\u00e9re vonatkoz\u00f3 tippek megoszt\u00e1sa.<\/p>\n<p><img decoding=\"async\" src=\"https:\/\/www.hydraulic-cylinders.net\/wp-content\/uploads\/2025\/01\/songte-chushion-collar.webp\" alt=\"Chushion gall\u00e9r\"\/><\/p>\n<h2>Biztons\u00e1gi szempontok \u00e9s k\u00f6rnyezeti t\u00e9nyez\u0151k<\/h2>\n<p>A kan\u00e1lhengerekkel v\u00e9gzett munka sor\u00e1n fontos betartani a biztons\u00e1gi int\u00e9zked\u00e9seket, p\u00e9ld\u00e1ul viselni a megfelel\u0151 v\u00e9d\u0151felszerel\u00e9st, tartani a kezet \u00e9s a ruh\u00e1zatot t\u00e1vol a mozg\u00f3 alkatr\u00e9szekt\u0151l, \u00e9s gondoskodni a berendez\u00e9s j\u00f3 m\u0171k\u00f6d\u0151k\u00e9pes \u00e1llapot\u00e1r\u00f3l. A hidraulikaolaj megfelel\u0151 \u00e1rtalmatlan\u00edt\u00e1sa szint\u00e9n fontos a k\u00f6rnyezet v\u00e9delme \u00e9rdek\u00e9ben.<\/p>\n<p><img decoding=\"async\" src=\"https:\/\/www.hydraulic-cylinders.net\/wp-content\/uploads\/2025\/01\/songte-bushings-with-all-kinds-of-excavator-models.webp\" alt=\"perselyek\"\/><\/p>\n<h2>C\u00e9g\u00fcnkr\u0151l<\/h2>\n<p>Cserehidraulikus hengerek gy\u00e1rt\u00f3jak\u00e9nt teljes term\u00e9kk\u00edn\u00e1lattal rendelkez\u00fcnk, \u00e9s a hazai \u00e9s nemzetk\u00f6zi piacok egyik vezet\u0151 hidraulikus hengergy\u00e1rt\u00f3j\u00e1v\u00e1 \u00e9s nagykeresked\u0151j\u00e9v\u00e9 v\u00e1ltunk. A kiv\u00e1l\u00f3 min\u0151s\u00e9g elv\u00e9t k\u00f6vetj\u00fck, finomgy\u00e1rt\u00f3 m\u0171helyeinkben iparos\u00edtott termel\u00e9sir\u00e1ny\u00edt\u00e1si strat\u00e9gi\u00e1kra t\u00e1maszkodunk, folyamatosan fejlesztj\u00fck gy\u00e1rt\u00e1si platformunkat, jav\u00edtjuk a term\u00e9kmin\u0151s\u00e9get biztos\u00edt\u00f3 gy\u00e1rt\u00f3sort, \u00e9s er\u0151s innov\u00e1ci\u00f3s k\u00e9pess\u00e9gekkel rendelkez\u00fcnk. \u00dcgyfeleink sokr\u00e9t\u0171 ig\u00e9nyeit a nagy hat\u00e9konys\u00e1g, a nagy pontoss\u00e1g \u00e9s a kiv\u00e1l\u00f3 min\u0151s\u00e9g elveivel el\u00e9g\u00edtj\u00fck ki.<\/p>\n<p>C\u00e9g\u00fcnk professzion\u00e1lis szolg\u00e1ltat\u00e1sokat, nemzetk\u00f6zi tan\u00fas\u00edt\u00e1st, testreszabott szolg\u00e1ltat\u00e1sokat, korszer\u0171 gy\u00e1rt\u00f3berendez\u00e9seket \u00e9s \u00e9rt\u00e9kes\u00edt\u00e9s ut\u00e1ni szolg\u00e1ltat\u00e1sokat k\u00edn\u00e1l.<\/p>\n<p><img decoding=\"async\" src=\"https:\/\/hzpt.com\/wp-content\/uploads\/2024\/11\/songte-company-1.webp\" alt=\"C\u00e9gprofil\"\/><\/p>\n<p>Szerz\u0151: lyl<\/p>","protected":false},"excerpt":{"rendered":"<p>Bucket Cylinder For Zoomlion Large Excavator ZE330E Introduction The bucket cylinder for Zoomlion large excavator ZE330E is a specially designed hydraulic cylinder mainly used to control the movement of the bucket in heavy machinery such as excavators, backhoe loaders, and front loaders. Its main function is to enable the bucket to lift, lower, and tilt, [&hellip;]<\/p>","protected":false},"featured_media":14762,"comment_status":"open","ping_status":"closed","template":"","meta":{"_et_pb_use_builder":"","_et_pb_old_content":"","_et_gb_content_width":""},"product_brand":[],"product_cat":[1494],"product_tag":[1495,1496],"class_list":{"0":"post-15505","1":"product","2":"type-product","3":"status-publish","4":"has-post-thumbnail","6":"product_cat-bucket-cylinders","7":"product_tag-bucket-cylinders","8":"product_tag-hydraulic-cylinders","10":"first","11":"instock","12":"shipping-taxable","13":"product-type-simple"},"amp_enabled":true,"_links":{"self":[{"href":"https:\/\/www.hydraulic-cylinders.net\/hu\/wp-json\/wp\/v2\/product\/15505","targetHints":{"allow":["GET"]}}],"collection":[{"href":"https:\/\/www.hydraulic-cylinders.net\/hu\/wp-json\/wp\/v2\/product"}],"about":[{"href":"https:\/\/www.hydraulic-cylinders.net\/hu\/wp-json\/wp\/v2\/types\/product"}],"replies":[{"embeddable":true,"href":"https:\/\/www.hydraulic-cylinders.net\/hu\/wp-json\/wp\/v2\/comments?post=15505"}],"wp:featuredmedia":[{"embeddable":true,"href":"https:\/\/www.hydraulic-cylinders.net\/hu\/wp-json\/wp\/v2\/media\/14762"}],"wp:attachment":[{"href":"https:\/\/www.hydraulic-cylinders.net\/hu\/wp-json\/wp\/v2\/media?parent=15505"}],"wp:term":[{"taxonomy":"product_brand","embeddable":true,"href":"https:\/\/www.hydraulic-cylinders.net\/hu\/wp-json\/wp\/v2\/product_brand?post=15505"},{"taxonomy":"product_cat","embeddable":true,"href":"https:\/\/www.hydraulic-cylinders.net\/hu\/wp-json\/wp\/v2\/product_cat?post=15505"},{"taxonomy":"product_tag","embeddable":true,"href":"https:\/\/www.hydraulic-cylinders.net\/hu\/wp-json\/wp\/v2\/product_tag?post=15505"}],"curies":[{"name":"munkaf\u00fczet","href":"https:\/\/api.w.org\/{rel}","templated":true}]}}