{"id":15520,"date":"2025-01-19T14:37:58","date_gmt":"2025-01-19T14:37:58","guid":{"rendered":"https:\/\/www.hydraulic-cylinders.net\/product\/bucket-cylinder-for-sunward-middle-excavator-swe26olc\/"},"modified":"2025-01-19T14:38:00","modified_gmt":"2025-01-19T14:38:00","slug":"bucket-cylinder-for-sunward-middle-excavator-swe26olc","status":"publish","type":"product","link":"https:\/\/www.hydraulic-cylinders.net\/hu\/termek\/bucket-cylinder-for-sunward-middle-excavator-swe26olc\/","title":{"rendered":"Kan\u00e1lhenger Sunward k\u00f6z\u00e9ps\u0151 kotr\u00f3g\u00e9phez SWE26OLC"},"content":{"rendered":"<h1>Kan\u00e1lhenger Sunward k\u00f6z\u00e9ps\u0151 kotr\u00f3g\u00e9phez SWE26OLC<\/h1>\n<h2>Bevezet\u00e9s<\/h2>\n<p>A kan\u00e1lhenger egy speci\u00e1lisan tervezett hidraulikus henger, amelyet f\u0151k\u00e9nt neh\u00e9zg\u00e9pek, p\u00e9ld\u00e1ul kotr\u00f3g\u00e9pek, kotr\u00f3g\u00e9pek \u00e9s homlokrakod\u00f3k kanalainak mozg\u00e1s\u00e1nak vez\u00e9rl\u00e9s\u00e9re haszn\u00e1lnak. F\u0151 funkci\u00f3ja a kan\u00e1l emel\u00e9s\u00e9nek, s\u00fcllyeszt\u00e9s\u00e9nek \u00e9s billent\u00e9s\u00e9nek lehet\u0151v\u00e9 t\u00e9tele, ez\u00e1ltal megk\u00f6nny\u00edtve a k\u00fcl\u00f6nf\u00e9le anyagmozgat\u00e1si feladatokat. A hidraulikus rendszerben a kan\u00e1lhenger a hidraulikaolaj nyom\u00e1s\u00e1nak v\u00e1ltoztat\u00e1s\u00e1val prec\u00edzen szab\u00e1lyozza a kan\u00e1l mozg\u00e1s\u00e1t, lehet\u0151v\u00e9 t\u00e9ve a kezel\u0151k sz\u00e1m\u00e1ra, hogy hat\u00e9konyan kezelj\u00e9k a neh\u00e9z t\u00e1rgyakat, \u00e9s alkalmazkodjanak az \u00f6sszetett munkak\u00f6rnyezetekhez \u00e9s a v\u00e1ltozatos munkak\u00f6vetelm\u00e9nyekhez.<\/p>\n<p><img decoding=\"async\" src=\"https:\/\/www.hydraulic-cylinders.net\/wp-content\/uploads\/2025\/01\/songte-company-2.webp\" alt=\"V\u00f6d\u00f6r henger k\u00e9pe\"><\/p>\n<h2>Jellemz\u0151k<\/h2>\n<ul>\n<li>Nagy szil\u00e1rds\u00e1g \u00e9s tart\u00f3ss\u00e1g: \u00c1ltal\u00e1ban nagy szil\u00e1rds\u00e1g\u00fa ac\u00e9lb\u00f3l vagy alum\u00edniumb\u00f3l k\u00e9sz\u00fcl, ellen\u00e1ll a nagy nyom\u00e1snak \u00e9s a nagy terhel\u00e9seknek, alkalmazkodik a zord munkak\u00f6rnyezethez, \u00e9s a kop\u00e1s\u00e1ll\u00f3s\u00e1got \u00e9s a korr\u00f3zi\u00f3\u00e1ll\u00f3s\u00e1got szem el\u0151tt tartva tervezt\u00e9k, hogy meghosszabb\u00edts\u00e1k \u00e9lettartam\u00e1t.<\/li>\n<li>Hat\u00e9kony hidraulikus m\u0171k\u00f6d\u00e9s: A hidraulikaolaj nyom\u00e1s\u00e1t haszn\u00e1lja a sima kiny\u00fajt\u00e1shoz \u00e9s visszah\u00faz\u00e1shoz, gyorsan reag\u00e1l a vez\u00e9rl\u0151parancsokra, er\u0151teljes tol\u00f3- \u00e9s h\u00faz\u00f3er\u0151t biztos\u00edt, \u00e9s alkalmas neh\u00e9z t\u00e1rgyak \u00e9s \u00f6sszetett munkafeladatok kezel\u00e9s\u00e9re.<\/li>\n<li>T\u00f6bb t\u00edpus: Ig\u00e9ny szerint v\u00e1laszthat egyszeres m\u0171k\u00f6d\u00e9s\u0171 (csak egy ir\u00e1nyban hidraulikusan m\u0171k\u00f6dtetett) vagy kett\u0151s m\u0171k\u00f6d\u00e9s\u0171 (mindk\u00e9t ir\u00e1nyban hidraulikusan m\u0171k\u00f6dtetett) hengereket a k\u00fcl\u00f6nb\u00f6z\u0151 m\u0171k\u00f6d\u00e9si k\u00f6vetelm\u00e9nyeknek megfelel\u0151en. Egyes modellek teleszk\u00f3posak, \u00edgy nagyobb kiny\u00fal\u00e1st tesznek lehet\u0151v\u00e9 a k\u00fcls\u0151 m\u00e9retek n\u00f6vel\u00e9se n\u00e9lk\u00fcl, \u00edgy alkalmasak korl\u00e1tozott hely\u0171 alkalmaz\u00e1sokhoz.<\/li>\n<li>Gy\u00e1rt\u00e1s: C\u00e9g\u00fcnk k\u00e9pes el\u0151\u00e1ll\u00edtani ezt a term\u00e9ket, \u00e9s term\u00e9k\u00fcnk t\u00f6k\u00e9letesen helyettes\u00edtheti ezeket a hidraulikus hengereket.<\/li>\n<\/ul>\n<p><img decoding=\"async\" src=\"https:\/\/www.hydraulic-cylinders.net\/wp-content\/uploads\/2025\/01\/songte-cylinder-head-with-all-kinds-excavator-models.webp\" alt=\"V\u00f6d\u00f6rhenger csere k\u00e9p\"><\/p>\n<h2>Alkalmaz\u00e1sok<\/h2>\n<p>A v\u00f6d\u00f6rhengernek sz\u00e1mos alkalmaz\u00e1sa van k\u00fcl\u00f6nb\u00f6z\u0151 ipar\u00e1gakban, p\u00e9ld\u00e1ul:<\/p>\n<ul>\n<li>\u00c9p\u00edt\u0151ipari berendez\u00e9sek: Kotr\u00f3g\u00e9pekben kulcsfontoss\u00e1g\u00faak az \u00e1s\u00e1shoz, a rakod\u00e1shoz \u00e9s a talaj vagy t\u00f6rmel\u00e9k mozgat\u00e1s\u00e1hoz. A kotr\u00f3g\u00e9pekben a kan\u00e1lhenger seg\u00edti mind az \u00e1s\u00e1st, mind az emel\u00e9st. <\/li>\n<li>Mez\u0151gazdas\u00e1gi g\u00e9pek: Homlokrakod\u00f3khoz, talaj, sz\u00e9na \u00e9s egy\u00e9b anyagok felv\u00e9tel\u00e9hez, emel\u00e9s\u00e9hez \u00e9s sz\u00e1ll\u00edt\u00e1s\u00e1hoz haszn\u00e1lj\u00e1k. <\/li>\n<li>Kotr\u00f3g\u00e9pek: A kan\u00e1lhenger \u00fagy \u00e9ri el az \u00e1s\u00e1si m\u0171veletet, hogy lehet\u0151v\u00e9 teszi a kan\u00e1l talajba val\u00f3 behatol\u00e1s\u00e1t. <\/li>\n<li>Homlokrakod\u00f3k: A homlokrakod\u00f3k hat\u00e9konyan seg\u00edtik az \u00e1ruk emel\u00e9s\u00e9t \u00e9s billent\u00e9s\u00e9t.<\/li>\n<\/ul>\n<p>A kan\u00e1lhenger k\u00fcl\u00f6nf\u00e9le feladatokra haszn\u00e1lhat\u00f3 k\u00fcl\u00f6nb\u00f6z\u0151 ipar\u00e1gakban, \u00edgy sokoldal\u00fa berendez\u00e9ss\u00e9 v\u00e1lik.<\/p>\n<h2>Tervez\u00e9si szempontok \u00e9s kiv\u00e1laszt\u00e1si krit\u00e9riumok<\/h2>\n<p>A serleghengerek tervez\u00e9si szempontjai k\u00f6z\u00e9 tartozik a teherb\u00edr\u00e1s, a t\u00f6m\u00edthet\u0151s\u00e9g, a tart\u00f3ss\u00e1g, a biztons\u00e1g \u00e9s a karbantarthat\u00f3s\u00e1g. Serleghengereinket \u00fagy tervezt\u00fck, hogy ellen\u00e1lljanak a nagy terhel\u00e9seknek, kiv\u00e1l\u00f3 t\u00f6m\u00edt\u00e9ssel rendelkeznek a sziv\u00e1rg\u00e1s megakad\u00e1lyoz\u00e1sa \u00e9s a hossz\u00fa \u00e9lettartam biztos\u00edt\u00e1sa \u00e9rdek\u00e9ben. Tart\u00f3s anyagokb\u00f3l k\u00e9sz\u00fclnek, \u00e9s a biztons\u00e1got \u00e9s a karbantart\u00e1st szem el\u0151tt tartva tervezt\u00e9k \u0151ket. <\/p>\n<p>A kan\u00e1lhengerek kiv\u00e1laszt\u00e1si krit\u00e9riumai k\u00f6z\u00e9 tartozik a henger furata \u00e9s l\u00f6kethossza, az \u00fczemi nyom\u00e1s- \u00e9s h\u0151m\u00e9rs\u00e9klet-tartom\u00e1ny, valamint a be\u00e9p\u00edt\u00e9si hely. Term\u00e9keink sz\u00e9les specifik\u00e1ci\u00f3val rendelkeznek, hogy megfeleljenek a k\u00fcl\u00f6nb\u00f6z\u0151 k\u00f6vetelm\u00e9nyeknek.<\/p>\n<p><img decoding=\"async\" src=\"https:\/\/www.hydraulic-cylinders.net\/wp-content\/uploads\/2025\/01\/songte-oil-pipes-and-spare-parts.webp\" alt=\"V\u00f6d\u00f6rhenger alkatr\u00e9szek k\u00e9pe\"><\/p>\n<h2>T\u00f6m\u00edt\u00e9s \u00e9s ken\u00e9s<\/h2>\n<p>Serleges munkahengereink k\u00fcl\u00f6nf\u00e9le t\u00f6m\u00edt\u00e9seket haszn\u00e1lnak, p\u00e9ld\u00e1ul dugatty\u00fat\u00f6m\u00edt\u00e9seket, r\u00fadt\u00f6m\u00edt\u00e9seket stb., amelyek kop\u00e1s\u00e1ll\u00f3 anyagokb\u00f3l, p\u00e9ld\u00e1ul poliuret\u00e1nb\u00f3l, nitrilgumib\u00f3l stb. k\u00e9sz\u00fclnek, a hengertest \u00e9s a menetes v\u00e9gfel\u00fclet pedig finoman megmunk\u00e1lt a kop\u00e1s\u00e1ll\u00f3s\u00e1g jav\u00edt\u00e1sa \u00e9rdek\u00e9ben. A z\u00f6kken\u0151mentes m\u0171k\u00f6d\u00e9s biztos\u00edt\u00e1s\u00e1hoz rendszeres ken\u00e9s sz\u00fcks\u00e9ges megfelel\u0151 hidraulikaolajjal.<\/p>\n<h2>Karbantart\u00e1s \u00e9s jav\u00edt\u00e1s<\/h2>\n<p>A kan\u00e1lhengerek karbantart\u00e1s\u00e1nak gyakori feladatai a rendszeres ellen\u0151rz\u00e9sek, a megfelel\u0151 ken\u00e9s, a t\u00f6m\u00edt\u00e9sek cser\u00e9je \u00e9s a kalibr\u00e1l\u00e1s ellen\u0151rz\u00e9se. A megfelel\u0151 beszerel\u00e9s, ken\u00e9s \u00e9s be\u00e1ll\u00edt\u00e1s elengedhetetlen a kan\u00e1lhengerek hossz\u00fa \u00e9lettartam\u00e1nak biztos\u00edt\u00e1s\u00e1hoz. A beszerel\u00e9s sor\u00e1n elengedhetetlen a henger megfelel\u0151 be\u00e1ll\u00edt\u00e1sa, \u00e9s a henger r\u00f6gz\u00edt\u00e9s\u00e9hez megfelel\u0151 r\u00f6gz\u00edt\u0151konzolokat kell haszn\u00e1lni. A kan\u00e1lhengerek \u00e9lettartam\u00e1nak meghosszabb\u00edt\u00e1sa \u00e9rdek\u00e9ben rendszeres ellen\u0151rz\u00e9si, jav\u00edt\u00e1si \u00e9s csereelj\u00e1r\u00e1sokat javasolunk.<\/p>\n<p><img decoding=\"async\" src=\"https:\/\/www.hydraulic-cylinders.net\/wp-content\/uploads\/2025\/01\/songte-chushion-collar.webp\" alt=\"V\u00f6d\u00f6rhenger cserealkatr\u00e9szek k\u00e9pe\"><\/p>\n<h2>Biztons\u00e1gi szempontok \u00e9s k\u00f6rnyezeti t\u00e9nyez\u0151k<\/h2>\n<p>A serlegpalackokra vonatkoz\u00f3 biztons\u00e1gi int\u00e9zked\u00e9sek k\u00f6z\u00e9 tartozik a megfelel\u0151 telep\u00edt\u00e9s, karbantart\u00e1s \u00e9s \u00fczemeltet\u00e9s a balesetek megel\u0151z\u00e9se \u00e9rdek\u00e9ben. A k\u00f6rnyezeti t\u00e9nyez\u0151k, mint p\u00e9ld\u00e1ul a h\u0151m\u00e9rs\u00e9klet, a p\u00e1ratartalom \u00e9s a szennyez\u0151d\u00e9sek, befoly\u00e1solhatj\u00e1k a serlegpalackok teljes\u00edtm\u00e9ny\u00e9t, \u00e9s megfelel\u0151 int\u00e9zked\u00e9seket kell tenni ezen probl\u00e9m\u00e1k kezel\u00e9s\u00e9re.<\/p>\n<h2>Hibaelh\u00e1r\u00edt\u00e1s \u00e9s gyakori probl\u00e9m\u00e1k<\/h2>\n<p>A kan\u00e1lhengerek gyakori probl\u00e9m\u00e1i k\u00f6z\u00e9 tartozik a sziv\u00e1rg\u00e1s, az el\u00e9gtelen teljes\u00edtm\u00e9ny \u00e9s a rendellenes zaj. Ha ezek k\u00f6z\u00fcl a probl\u00e9m\u00e1k k\u00f6z\u00fcl b\u00e1rmelyik felmer\u00fcl, aj\u00e1nlott szakemberhez fordulni. A rendszeres karbantart\u00e1s \u00e9s ellen\u0151rz\u00e9s seg\u00edthet megel\u0151zni ezeket a probl\u00e9m\u00e1kat.<\/p>\n<p><img decoding=\"async\" src=\"https:\/\/www.hydraulic-cylinders.net\/wp-content\/uploads\/2025\/01\/songte-bushings-with-all-kinds-of-excavator-models.webp\" alt=\"V\u00f6d\u00f6r henger persely k\u00e9p\"><\/p>\n<h2>C\u00e9g\u00fcnkr\u0151l<\/h2>\n<p>Hidraulikus munkahengerek gy\u00e1rt\u00f3jak\u00e9nt \u00e1tfog\u00f3 term\u00e9kv\u00e1laszt\u00e9kot k\u00edn\u00e1lunk. A hazai \u00e9s nemzetk\u00f6zi piacok vezet\u0151 hidraulikus munkahenger-gy\u00e1rt\u00f3jak\u00e9nt \u00e9s -nagykeresked\u0151jek\u00e9nt a kiv\u00e1l\u00f3 min\u0151s\u00e9g alapelveit k\u00f6vetj\u00fck, \u00e9s gondosan kidolgozott m\u0171helyeinkben iparos\u00edtott termel\u00e9sir\u00e1ny\u00edt\u00e1si strat\u00e9gi\u00e1kra t\u00e1maszkodunk. C\u00e9lunk gy\u00e1rt\u00e1si platformunk fejleszt\u00e9se, term\u00e9kmin\u0151s\u00e9gi gy\u00e1rt\u00f3soraink t\u00f6k\u00e9letes\u00edt\u00e9se, valamint er\u0151s kreat\u00edv k\u00e9pess\u00e9geink r\u00e9v\u00e9n hat\u00e9konyan, pontosan \u00e9s kiv\u00e1l\u00f3 min\u0151s\u00e9gben el\u00e9g\u00edts\u00fck ki a soksz\u00edn\u0171 \u00fcgyf\u00e9lig\u00e9nyeket. <\/p>\n<p>Professzion\u00e1lis szolg\u00e1ltat\u00e1sokat, nemzetk\u00f6zi tan\u00fas\u00edtv\u00e1nyokat, testreszabott szolg\u00e1ltat\u00e1sokat, korszer\u0171 gy\u00e1rt\u00f3berendez\u00e9seket \u00e9s \u00e9rt\u00e9kes\u00edt\u00e9s ut\u00e1ni szolg\u00e1ltat\u00e1sokat k\u00edn\u00e1lunk \u00fcgyfeleinknek.<\/p>\n<p><img decoding=\"async\" src=\"https:\/\/hzpt.com\/wp-content\/uploads\/2024\/11\/songte-company-1.webp\" alt=\"C\u00e9ges im\u00e1zs\"><\/p>\n<p>Szerz\u0151: lyl.<\/p>","protected":false},"excerpt":{"rendered":"<p>Bucket Cylinder For Sunward Middle Excavator SWE26OLC Introduction A bucket cylinder is a specially designed hydraulic cylinder mainly used for controlling the movement of buckets in heavy machinery such as excavators, backhoe excavators, and front-end loaders. Its main function is to enable the bucket to lift, lower, and tilt, thus facilitating various material handling tasks. [&hellip;]<\/p>","protected":false},"featured_media":14762,"comment_status":"open","ping_status":"closed","template":"","meta":{"_et_pb_use_builder":"","_et_pb_old_content":"","_et_gb_content_width":""},"product_brand":[],"product_cat":[1494],"product_tag":[1495,1496],"class_list":{"0":"post-15520","1":"product","2":"type-product","3":"status-publish","4":"has-post-thumbnail","6":"product_cat-bucket-cylinders","7":"product_tag-bucket-cylinders","8":"product_tag-hydraulic-cylinders","10":"first","11":"instock","12":"shipping-taxable","13":"product-type-simple"},"amp_enabled":true,"_links":{"self":[{"href":"https:\/\/www.hydraulic-cylinders.net\/hu\/wp-json\/wp\/v2\/product\/15520","targetHints":{"allow":["GET"]}}],"collection":[{"href":"https:\/\/www.hydraulic-cylinders.net\/hu\/wp-json\/wp\/v2\/product"}],"about":[{"href":"https:\/\/www.hydraulic-cylinders.net\/hu\/wp-json\/wp\/v2\/types\/product"}],"replies":[{"embeddable":true,"href":"https:\/\/www.hydraulic-cylinders.net\/hu\/wp-json\/wp\/v2\/comments?post=15520"}],"wp:featuredmedia":[{"embeddable":true,"href":"https:\/\/www.hydraulic-cylinders.net\/hu\/wp-json\/wp\/v2\/media\/14762"}],"wp:attachment":[{"href":"https:\/\/www.hydraulic-cylinders.net\/hu\/wp-json\/wp\/v2\/media?parent=15520"}],"wp:term":[{"taxonomy":"product_brand","embeddable":true,"href":"https:\/\/www.hydraulic-cylinders.net\/hu\/wp-json\/wp\/v2\/product_brand?post=15520"},{"taxonomy":"product_cat","embeddable":true,"href":"https:\/\/www.hydraulic-cylinders.net\/hu\/wp-json\/wp\/v2\/product_cat?post=15520"},{"taxonomy":"product_tag","embeddable":true,"href":"https:\/\/www.hydraulic-cylinders.net\/hu\/wp-json\/wp\/v2\/product_tag?post=15520"}],"curies":[{"name":"munkaf\u00fczet","href":"https:\/\/api.w.org\/{rel}","templated":true}]}}