{"id":15521,"date":"2025-01-19T14:38:02","date_gmt":"2025-01-19T14:38:02","guid":{"rendered":"https:\/\/www.hydraulic-cylinders.net\/product\/bucket-cylinder-for-sunward-middle-excavator-swe230elr\/"},"modified":"2025-01-19T14:38:04","modified_gmt":"2025-01-19T14:38:04","slug":"bucket-cylinder-for-sunward-middle-excavator-swe230elr","status":"publish","type":"product","link":"https:\/\/www.hydraulic-cylinders.net\/hu\/termek\/bucket-cylinder-for-sunward-middle-excavator-swe230elr\/","title":{"rendered":"Kan\u00e1lhenger Sunward k\u00f6z\u00e9ps\u0151 kotr\u00f3g\u00e9phez SWE230ELR"},"content":{"rendered":"<p><!DOCTYPE html><br \/>\n<html><br \/>\n<head><br \/>\n<title>Kan\u00e1lhenger Sunward k\u00f6z\u00e9ps\u0151 kotr\u00f3g\u00e9phez SWE230ELR<\/title><br \/>\n<\/head><br \/>\n<body><\/p>\n<h1>Kan\u00e1lhenger Sunward k\u00f6z\u00e9ps\u0151 kotr\u00f3g\u00e9phez SWE230ELR<\/h1>\n<h2>Bevezet\u00e9s<\/h2>\n<p>A kan\u00e1lhenger egy speci\u00e1lisan tervezett hidraulikus henger, amelyet a kan\u00e1l mozg\u00e1s\u00e1nak vez\u00e9rl\u00e9s\u00e9re haszn\u00e1lnak neh\u00e9zg\u00e9pekben, p\u00e9ld\u00e1ul kotr\u00f3g\u00e9pekben, kotr\u00f3rakod\u00f3kban \u00e9s homlokrakod\u00f3kban. F\u0151 funkci\u00f3ja a kan\u00e1l emel\u00e9se, s\u00fcllyeszt\u00e9se \u00e9s billent\u00e9se, megk\u00f6nny\u00edtve ezzel a k\u00fcl\u00f6nf\u00e9le anyagmozgat\u00e1si feladatokat. Hidraulikus rendszerekben a kan\u00e1lhenger a hidraulikaolaj nyom\u00e1s\u00e1nak v\u00e1ltoztat\u00e1s\u00e1val \u00e9ri el a kan\u00e1l pontos vez\u00e9rl\u00e9s\u00e9t, lehet\u0151v\u00e9 t\u00e9ve a kezel\u0151k sz\u00e1m\u00e1ra a neh\u00e9z terhek hat\u00e9kony kezel\u00e9s\u00e9t, valamint az \u00f6sszetett munkak\u00f6rnyezetekhez \u00e9s a v\u00e1ltozatos munkak\u00f6vetelm\u00e9nyekhez val\u00f3 alkalmazkod\u00e1st.<\/p>\n<p><img decoding=\"async\" src=\"https:\/\/www.hydraulic-cylinders.net\/wp-content\/uploads\/2025\/01\/songte-company-2.webp\" alt=\"V\u00f6d\u00f6r henger k\u00e9pe\"><\/p>\n<h2>Jellemz\u0151k<\/h2>\n<ul>\n<li>Nagy szil\u00e1rds\u00e1g \u00e9s tart\u00f3ss\u00e1g: \u00c1ltal\u00e1ban nagy szil\u00e1rds\u00e1g\u00fa ac\u00e9lb\u00f3l vagy alum\u00edniumb\u00f3l k\u00e9sz\u00fcl, k\u00e9pes ellen\u00e1llni a nagy nyom\u00e1snak \u00e9s a nagy terhel\u00e9seknek, alkalmazkodik a zord munkak\u00f6rnyezethez, \u00e9s a kop\u00e1s\u00e1ll\u00f3s\u00e1got \u00e9s a korr\u00f3zi\u00f3\u00e1ll\u00f3s\u00e1got szem el\u0151tt tartva tervezt\u00e9k az \u00e9lettartam meghosszabb\u00edt\u00e1sa \u00e9rdek\u00e9ben.<\/li>\n<li>Hat\u00e9kony hidraulikus m\u0171k\u00f6d\u00e9s: A hidraulikaolaj nyom\u00e1s\u00e1t haszn\u00e1lja ki a sima kitol\u00e1si \u00e9s visszah\u00faz\u00e1si mozg\u00e1sok el\u00e9r\u00e9s\u00e9hez, lehet\u0151v\u00e9 t\u00e9ve a gyors reag\u00e1l\u00e1st a vez\u00e9rl\u0151parancsokra, er\u0151teljes tol\u00f3- \u00e9s h\u00faz\u00f3er\u0151t biztos\u00edtva, alkalmas neh\u00e9z terhek \u00e9s \u00f6sszetett feladatok kezel\u00e9s\u00e9re.<\/li>\n<li>K\u00fcl\u00f6nb\u00f6z\u0151 t\u00edpusok: Az adott m\u0171k\u00f6d\u00e9si ig\u00e9nyeknek megfelel\u0151en v\u00e1laszthat egyir\u00e1ny\u00fa (hidraulikus) vagy kett\u0151s m\u0171k\u00f6d\u00e9s\u0171 (hidraulikus mindk\u00e9t ir\u00e1nyban) hengerek k\u00f6z\u00f6tt. Egyes modellek teleszk\u00f3posak, \u00edgy nagyobb kiny\u00fal\u00e1st tesznek lehet\u0151v\u00e9 a k\u00fcls\u0151 m\u00e9retek n\u00f6vel\u00e9se n\u00e9lk\u00fcl, \u00edgy alkalmasak korl\u00e1tozott helyig\u00e9ny\u0171 alkalmaz\u00e1sokhoz.<\/li>\n<li>T\u00f6k\u00e9letes csere: Term\u00e9keink t\u00f6k\u00e9letesen helyettes\u00edthetik ezeket a hidraulikus hengereket.<\/li>\n<\/ul>\n<p><img decoding=\"async\" src=\"https:\/\/www.hydraulic-cylinders.net\/wp-content\/uploads\/2025\/01\/songte-cylinder-head-with-all-kinds-excavator-models.webp\" alt=\"Term\u00e9kcsere k\u00e9p\"><\/p>\n<h2>Alkalmaz\u00e1sok<\/h2>\n<p>A v\u00f6d\u00f6rhengereket sz\u00e9les k\u00f6rben haszn\u00e1lj\u00e1k k\u00fcl\u00f6nf\u00e9le berendez\u00e9sekben \u00e9s ipar\u00e1gakban:<\/p>\n<ul>\n<li>\u00c9p\u00edt\u0151ipari berendez\u00e9sek: Kotr\u00f3g\u00e9pekben tal\u00e1lhat\u00f3k, kulcsfontoss\u00e1g\u00faak az \u00e1s\u00e1shoz, a rakod\u00e1shoz \u00e9s a talaj vagy t\u00f6rmel\u00e9k mozgat\u00e1s\u00e1hoz. A kotr\u00f3g\u00e9p-rakod\u00f3kban a kan\u00e1lhengerek seg\u00edtik mind a f\u00f6ldmunk\u00e1t, mind az emel\u00e9st.<\/li>\n<li>Mez\u0151gazdas\u00e1gi g\u00e9pek: Homlokrakod\u00f3kban haszn\u00e1lj\u00e1k talaj, sz\u00e9na \u00e9s egy\u00e9b anyagok \u00e1s\u00e1s\u00e1ra, emel\u00e9s\u00e9re \u00e9s sz\u00e1ll\u00edt\u00e1s\u00e1ra.<\/li>\n<li>Kotr\u00f3g\u00e9pek: A kan\u00e1lhengerek lehet\u0151v\u00e9 teszik az \u00e1s\u00e1si m\u0171veleteket az\u00e1ltal, hogy lehet\u0151v\u00e9 teszik a kan\u00e1l talajba hatol\u00e1s\u00e1t.<\/li>\n<li>Rakod\u00f3k: A homlokrakod\u00f3kban hat\u00e9konyan seg\u00edtik az \u00e1ruk emel\u00e9s\u00e9t \u00e9s lerak\u00e1s\u00e1t.<\/li>\n<\/ul>\n<h2>Tervez\u00e9si szempontok \u00e9s kiv\u00e1laszt\u00e1si krit\u00e9riumok<\/h2>\n<p>A hengerek tervez\u00e9sekor \u00e9s kiv\u00e1laszt\u00e1sakor sz\u00e1mos kulcsfontoss\u00e1g\u00fa t\u00e9nyez\u0151t kell figyelembe venni:<\/p>\n<ul>\n<li>Teherb\u00edr\u00e1s: A hengernek k\u00e9pesnek kell lennie ellen\u00e1llni a m\u0171k\u00f6d\u00e9s k\u00f6zben fell\u00e9p\u0151 maxim\u00e1lis terhel\u00e9seknek.<\/li>\n<li>T\u00f6m\u00edt\u00e9s: K\u00fcl\u00f6nb\u00f6z\u0151 t\u00f6m\u00edt\u0151elemeket, p\u00e9ld\u00e1ul dugatty\u00fat\u00f6m\u00edt\u00e9seket \u00e9s r\u00fadt\u00f6m\u00edt\u00e9seket kell haszn\u00e1lni a folyad\u00e9ksziv\u00e1rg\u00e1s megakad\u00e1lyoz\u00e1sa \u00e9s a megb\u00edzhat\u00f3 m\u0171k\u00f6d\u00e9s biztos\u00edt\u00e1sa \u00e9rdek\u00e9ben.<\/li>\n<li>Tart\u00f3ss\u00e1g: A palackot olyan anyagokb\u00f3l \u00e9s bevonatokkal kell megtervezni \u00e9s gy\u00e1rtani, amelyek ellen\u00e1llnak a kop\u00e1snak \u00e9s a korr\u00f3zi\u00f3nak, biztos\u00edtva ezzel a hossz\u00fa \u00e9lettartamot.<\/li>\n<li>Biztons\u00e1g: A kezel\u0151k \u00e9s a berendez\u00e9sek v\u00e9delme \u00e9rdek\u00e9ben biztons\u00e1gi funkci\u00f3kat, p\u00e9ld\u00e1ul nyom\u00e1scs\u00f6kkent\u0151 szelepeket \u00e9s v\u00e9szle\u00e1ll\u00edt\u00f3 rendszereket kell be\u00e9p\u00edteni.<\/li>\n<li>Karbantarthat\u00f3s\u00e1g: A le\u00e1ll\u00e1si id\u0151 minimaliz\u00e1l\u00e1sa \u00e9rdek\u00e9ben figyelembe kell venni a karbantart\u00e1s \u00e9s jav\u00edt\u00e1s c\u00e9lj\u00e1b\u00f3l t\u00f6rt\u00e9n\u0151 k\u00f6nny\u0171 hozz\u00e1f\u00e9r\u00e9st, valamint a p\u00f3talkatr\u00e9szek el\u00e9rhet\u0151s\u00e9g\u00e9t.<\/li>\n<\/ul>\n<p><img decoding=\"async\" src=\"https:\/\/www.hydraulic-cylinders.net\/wp-content\/uploads\/2025\/01\/songte-oil-pipes-and-spare-parts.webp\" alt=\"T\u00f6m\u00edt\u00e9s \u00e9s p\u00f3talkatr\u00e9szek k\u00e9pe\"><\/p>\n<h2>T\u00f6m\u00edt\u00e9s \u00e9s ken\u00e9s<\/h2>\n<p>A megfelel\u0151 t\u00f6m\u00edt\u00e9s \u00e9s ken\u00e9s biztos\u00edt\u00e1s\u00e1hoz k\u00fcl\u00f6nf\u00e9le t\u00f6m\u00edt\u0151elemeket haszn\u00e1lnak, p\u00e9ld\u00e1ul dugatty\u00fat\u00f6m\u00edt\u00e9seket \u00e9s r\u00fadt\u00f6m\u00edt\u00e9seket. Ezek a t\u00f6m\u00edt\u00e9sek kop\u00e1s\u00e1ll\u00f3 anyagokb\u00f3l, p\u00e9ld\u00e1ul poliuret\u00e1nb\u00f3l \u00e9s nitrilgumib\u00f3l k\u00e9sz\u00fclnek. A hengertestet \u00e9s a menetes v\u00e9geket finoman kezelik a kop\u00e1s\u00e1ll\u00f3s\u00e1g jav\u00edt\u00e1sa \u00e9rdek\u00e9ben. A z\u00f6kken\u0151mentes m\u0171k\u00f6d\u00e9s biztos\u00edt\u00e1s\u00e1hoz rendszeres ken\u00e9s sz\u00fcks\u00e9ges megfelel\u0151 hidraulikaolajjal.<\/p>\n<h2>Rendszeres ellen\u0151rz\u00e9s \u00e9s megel\u0151z\u0151 karbantart\u00e1s<\/h2>\n<p>A kan\u00e1lhenger optim\u00e1lis teljes\u00edtm\u00e9ny\u00e9nek fenntart\u00e1sa \u00e9rdek\u00e9ben rendszeres ellen\u0151rz\u00e9s \u00e9s megel\u0151z\u0151 karbantart\u00e1s aj\u00e1nlott:<\/p>\n<ul>\n<li>Vizsg\u00e1lja meg az \u00f6sszes alkatr\u00e9szt kop\u00e1s vagy s\u00e9r\u00fcl\u00e9s jelei szempontj\u00e1b\u00f3l.<\/li>\n<li>Megfelel\u0151en kenje meg az \u00f6sszes mozg\u00f3 alkatr\u00e9szt.<\/li>\n<li>Rendszeresen cser\u00e9lje ki a kopott vagy s\u00e9r\u00fclt t\u00f6m\u00edt\u00e9seket.<\/li>\n<li>V\u00e9gezzen kalibr\u00e1ci\u00f3s ellen\u0151rz\u00e9seket a pontos m\u0171k\u00f6d\u00e9s biztos\u00edt\u00e1sa \u00e9rdek\u00e9ben.<\/li>\n<\/ul>\n<h2>Telep\u00edt\u00e9si \u00fatmutat\u00f3<\/h2>\n<p>A megfelel\u0151 beszerel\u00e9s elengedhetetlen a kan\u00e1lhenger megfelel\u0151 m\u0171k\u00f6d\u00e9s\u00e9hez. K\u00f6vesse az al\u00e1bbi ir\u00e1nyelveket:<\/p>\n<ul>\n<li>Gy\u0151z\u0151dj\u00f6n meg a henger megfelel\u0151 be\u00e1ll\u00edt\u00e1s\u00e1r\u00f3l.<\/li>\n<li>Haszn\u00e1ljon megfelel\u0151 r\u00f6gz\u00edt\u0151konzolokat a henger r\u00f6gz\u00edt\u00e9s\u00e9hez.<\/li>\n<li>K\u00f6vesse az aj\u00e1nlott ellen\u0151rz\u00e9si, jav\u00edt\u00e1si \u00e9s csere elj\u00e1r\u00e1sokat.<\/li>\n<li>\u00dajj\u00e1\u00e9p\u00edt\u00e9si szolg\u00e1ltat\u00e1sokat \u00e9s cserealkatr\u00e9szeket biztos\u00edt a kan\u00e1lhenger \u00e9lettartam\u00e1nak meghosszabb\u00edt\u00e1sa \u00e9rdek\u00e9ben.<\/li>\n<\/ul>\n<p><img decoding=\"async\" src=\"https:\/\/www.hydraulic-cylinders.net\/wp-content\/uploads\/2025\/01\/songte-chushion-collar.webp\" alt=\"Telep\u00edt\u00e9si \u00fatmutat\u00f3 k\u00e9pe\"><\/p>\n<h2>Biztons\u00e1gi szempontok \u00e9s k\u00f6rnyezeti t\u00e9nyez\u0151k<\/h2>\n<p>A serleges munkahengerekkel v\u00e9gzett munka sor\u00e1n a biztons\u00e1gi int\u00e9zked\u00e9sek rendk\u00edv\u00fcl fontosak. A megfelel\u0151 k\u00e9pz\u00e9s, a biztons\u00e1gi protokollok betart\u00e1sa \u00e9s a v\u00e9d\u0151felszerel\u00e9sek haszn\u00e1lata elengedhetetlen a balesetek megel\u0151z\u00e9se \u00e9s a biztons\u00e1gos munkak\u00f6rnyezet biztos\u00edt\u00e1sa \u00e9rdek\u00e9ben.<\/p>\n<h2>Hibadiagn\u00f3zis \u00e9s hibaelh\u00e1r\u00edt\u00e1s<\/h2>\n<p>B\u00e1rmilyen probl\u00e9ma eset\u00e9n fontos a probl\u00e9ma hat\u00e9kony diagnosztiz\u00e1l\u00e1sa \u00e9s elh\u00e1r\u00edt\u00e1sa. \u00cdme n\u00e9h\u00e1ny gyakori probl\u00e9ma \u00e9s azok megold\u00e1sa:<\/p>\n<ul>\n<li>Probl\u00e9ma: Sziv\u00e1rg\u00e1s a hengerb\u0151l. Megold\u00e1s: Ellen\u0151rizze \u00e9s cser\u00e9lje ki a kopott vagy s\u00e9r\u00fclt t\u00f6m\u00edt\u00e9seket.<\/li>\n<li>Probl\u00e9ma: A henger nem ny\u00falik ki vagy h\u00faz\u00f3dik vissza megfelel\u0151en. Megold\u00e1s: Ellen\u0151rizze, hogy nincsenek-e elt\u00f6m\u0151d\u00e9sek a hidraulikavezet\u00e9kekben, vagy nincs-e el\u00e9g hidraulikus nyom\u00e1s. Sz\u00fcntesse meg az elt\u00f6m\u0151d\u00e9seket, vagy h\u00e1r\u00edtsa el a nyom\u00e1sprobl\u00e9m\u00e1kat.<\/li>\n<li>Probl\u00e9ma: T\u00falzott zaj vagy rezg\u00e9s m\u0171k\u00f6d\u00e9s k\u00f6zben. Megold\u00e1s: Ellen\u0151rizze \u00e9s h\u00fazza meg a laza csatlakoz\u00e1sokat vagy s\u00e9r\u00fclt alkatr\u00e9szeket.<\/li>\n<\/ul>\n<p><img decoding=\"async\" src=\"https:\/\/www.hydraulic-cylinders.net\/wp-content\/uploads\/2025\/01\/songte-bushings-with-all-kinds-of-excavator-models.webp\" alt=\"Hibaelh\u00e1r\u00edt\u00e1si k\u00e9p\"><\/p>\n<h2>C\u00e9g\u00fcnkr\u0151l<\/h2>\n<p>Vezet\u0151 hidraulikus hengergy\u00e1rt\u00f3 \u00e9s nagykereskedelmi forgalmaz\u00f3 vagyunk, szakter\u00fclet\u00fcnk a p\u00f3thengerek gy\u00e1rt\u00e1sa. C\u00e9g\u00fcnk sz\u00e9les term\u00e9kv\u00e1laszt\u00e9kot k\u00edn\u00e1l, \u00e9s m\u00e1ra a hazai \u00e9s nemzetk\u00f6zi piacok egyik vezet\u0151 gy\u00e1rt\u00f3j\u00e1v\u00e1 \u00e9s forgalmaz\u00f3j\u00e1v\u00e1 v\u00e1lt. A kiv\u00e1l\u00f3 min\u0151s\u00e9get helyezz\u00fck el\u0151t\u00e9rbe, \u00e9s kifinomult gy\u00e1rt\u00f3m\u0171helyeinkben iparos\u00edtott termel\u00e9sir\u00e1ny\u00edt\u00e1si strat\u00e9gi\u00e1kat alkalmazunk. M\u0171szaki szak\u00e9rt\u0151ink csapat\u00e1val, fejlett gy\u00e1rt\u00f3berendez\u00e9seinkkel \u00e9s professzion\u00e1lis tesztel\u0151rendszereinkkel folyamatosan fejlesztj\u00fck gy\u00e1rt\u00e1si platformunkat \u00e9s term\u00e9kmin\u0151s\u00e9gi termel\u00e9si \u00fatvonalainkat, biztos\u00edtva a magas hat\u00e9konys\u00e1got, pontoss\u00e1got \u00e9s min\u0151s\u00e9get, hogy megfelelj\u00fcnk \u00fcgyfeleink sokr\u00e9t\u0171 ig\u00e9nyeinek.<\/p>\n<p><img decoding=\"async\" src=\"https:\/\/www.hydraulic-cylinders.net\/wp-content\/uploads\/2025\/01\/songte-company-3.webp\" alt=\"C\u00e9ges im\u00e1zs\"><\/p>\n<h3>Mi\u00e9rt v\u00e1lasszon minket?<\/h3>\n<ul>\n<li>Professzionalizmus: Szak\u00e9rtelemmel \u00e9s tapasztalattal rendelkez\u00fcnk hidraulikus hengerek gy\u00e1rt\u00e1s\u00e1ban.<\/li>\n<li>Nemzetk\u00f6zi tan\u00fas\u00edtv\u00e1nyok: Term\u00e9keink megfelelnek a nemzetk\u00f6zi min\u0151s\u00e9gi szabv\u00e1nyoknak \u00e9s tan\u00fas\u00edtv\u00e1nyoknak.<\/li>\n<li>Testreszab\u00e1si szolg\u00e1ltat\u00e1sok: Egyedi megold\u00e1sokat k\u00edn\u00e1lunk az egyedi ig\u00e9nyek kiel\u00e9g\u00edt\u00e9s\u00e9re.<\/li>\n<li>Korszer\u0171 gy\u00e1rt\u00f3berendez\u00e9sek: Korszer\u0171 gy\u00e1rt\u00f3berendez\u00e9seket haszn\u00e1lunk a kiv\u00e1l\u00f3 min\u0151s\u00e9g\u0171 termel\u00e9s \u00e9rdek\u00e9ben.<\/li>\n<li>\u00c9rt\u00e9kes\u00edt\u00e9s ut\u00e1ni szolg\u00e1ltat\u00e1s: Kiv\u00e1l\u00f3 \u00e9rt\u00e9kes\u00edt\u00e9s ut\u00e1ni t\u00e1mogat\u00e1st \u00e9s seg\u00edts\u00e9get ny\u00fajtunk.<\/li>\n<\/ul>\n<p><\/body><br \/>\n<\/html><br \/>\n<!-- Author: lyl. --><\/p>","protected":false},"excerpt":{"rendered":"<p>Bucket Cylinder For Sunward Middle Excavator SWE230ELR Bucket Cylinder For Sunward Middle Excavator SWE230ELR Introduction The bucket cylinder is a specially designed hydraulic cylinder used to control the movement of the bucket in heavy machinery such as excavators, backhoe loaders, and front loaders. Its main function is to allow the bucket to lift, lower, and [&hellip;]<\/p>","protected":false},"featured_media":14761,"comment_status":"open","ping_status":"closed","template":"","meta":{"_et_pb_use_builder":"","_et_pb_old_content":"","_et_gb_content_width":""},"product_brand":[],"product_cat":[1494],"product_tag":[1495,1496],"class_list":{"0":"post-15521","1":"product","2":"type-product","3":"status-publish","4":"has-post-thumbnail","6":"product_cat-bucket-cylinders","7":"product_tag-bucket-cylinders","8":"product_tag-hydraulic-cylinders","10":"first","11":"instock","12":"shipping-taxable","13":"product-type-simple"},"amp_enabled":true,"_links":{"self":[{"href":"https:\/\/www.hydraulic-cylinders.net\/hu\/wp-json\/wp\/v2\/product\/15521","targetHints":{"allow":["GET"]}}],"collection":[{"href":"https:\/\/www.hydraulic-cylinders.net\/hu\/wp-json\/wp\/v2\/product"}],"about":[{"href":"https:\/\/www.hydraulic-cylinders.net\/hu\/wp-json\/wp\/v2\/types\/product"}],"replies":[{"embeddable":true,"href":"https:\/\/www.hydraulic-cylinders.net\/hu\/wp-json\/wp\/v2\/comments?post=15521"}],"wp:featuredmedia":[{"embeddable":true,"href":"https:\/\/www.hydraulic-cylinders.net\/hu\/wp-json\/wp\/v2\/media\/14761"}],"wp:attachment":[{"href":"https:\/\/www.hydraulic-cylinders.net\/hu\/wp-json\/wp\/v2\/media?parent=15521"}],"wp:term":[{"taxonomy":"product_brand","embeddable":true,"href":"https:\/\/www.hydraulic-cylinders.net\/hu\/wp-json\/wp\/v2\/product_brand?post=15521"},{"taxonomy":"product_cat","embeddable":true,"href":"https:\/\/www.hydraulic-cylinders.net\/hu\/wp-json\/wp\/v2\/product_cat?post=15521"},{"taxonomy":"product_tag","embeddable":true,"href":"https:\/\/www.hydraulic-cylinders.net\/hu\/wp-json\/wp\/v2\/product_tag?post=15521"}],"curies":[{"name":"munkaf\u00fczet","href":"https:\/\/api.w.org\/{rel}","templated":true}]}}