{"id":15544,"date":"2025-01-19T14:39:51","date_gmt":"2025-01-19T14:39:51","guid":{"rendered":"https:\/\/www.hydraulic-cylinders.net\/product\/bucket-cylinder-for-lishide-large-excavator-sc300-8\/"},"modified":"2025-01-19T14:39:53","modified_gmt":"2025-01-19T14:39:53","slug":"bucket-cylinder-for-lishide-large-excavator-sc300-8","status":"publish","type":"product","link":"https:\/\/www.hydraulic-cylinders.net\/hu\/termek\/bucket-cylinder-for-lishide-large-excavator-sc300-8\/","title":{"rendered":"V\u00f6d\u00f6rhenger Lishide nagym\u00e9ret\u0171 kotr\u00f3g\u00e9phez SC300.8"},"content":{"rendered":"<h1>V\u00f6d\u00f6rhenger Lishide nagym\u00e9ret\u0171 kotr\u00f3g\u00e9phez SC300.8<\/h1>\n<h2>Bevezet\u00e9s<\/h2>\n<p>A Lishide nagym\u00e9ret\u0171 kotr\u00f3g\u00e9p SC300.8 kan\u00e1lhengere egy speci\u00e1lisan tervezett hidraulikus henger, amelyet f\u0151k\u00e9nt neh\u00e9zg\u00e9pek, p\u00e9ld\u00e1ul kotr\u00f3g\u00e9pek, kotr\u00f3g\u00e9pek \u00e9s homlokrakod\u00f3k kan\u00e1lmozg\u00e1s\u00e1nak vez\u00e9rl\u00e9s\u00e9re haszn\u00e1lnak. F\u0151 funkci\u00f3ja a kan\u00e1l emel\u00e9se, s\u00fcllyeszt\u00e9se \u00e9s billent\u00e9se, megk\u00f6nny\u00edtve a k\u00fcl\u00f6nf\u00e9le anyagmozgat\u00e1si feladatokat. A hidraulikus rendszerben a kan\u00e1lhenger a hidraulikaolaj nyom\u00e1s\u00e1nak v\u00e1ltoz\u00e1s\u00e1n kereszt\u00fcl pontosan vez\u00e9rli a kan\u00e1l mozg\u00e1s\u00e1t, lehet\u0151v\u00e9 t\u00e9ve a kezel\u0151k sz\u00e1m\u00e1ra a neh\u00e9z terhek hat\u00e9kony kezel\u00e9s\u00e9t, valamint az \u00f6sszetett munkak\u00f6rnyezetekhez \u00e9s a v\u00e1ltozatos munkak\u00f6vetelm\u00e9nyekhez val\u00f3 alkalmazkod\u00e1st.<\/p>\n<p><img decoding=\"async\" src=\"https:\/\/www.hydraulic-cylinders.net\/wp-content\/uploads\/2025\/01\/songte-company-2.webp\" alt=\"V\u00f6d\u00f6rhenger Lishide nagym\u00e9ret\u0171 kotr\u00f3g\u00e9phez SC300.8\"><\/p>\n<h2>Jellemz\u0151k<\/h2>\n<ul>\n<li>Nagy szil\u00e1rds\u00e1g \u00e9s tart\u00f3ss\u00e1g: \u00c1ltal\u00e1ban nagy szil\u00e1rds\u00e1g\u00fa ac\u00e9lb\u00f3l vagy alum\u00edniumb\u00f3l k\u00e9sz\u00fcl, a v\u00f6d\u00f6rhenger ellen\u00e1ll a nagy nyom\u00e1snak \u00e9s a nagy terhel\u00e9seknek, alkalmazkodik a zord munkak\u00f6rnyezethez, \u00e9s a tervez\u00e9s sor\u00e1n figyelembe veszi a kop\u00e1s\u00e1ll\u00f3s\u00e1got \u00e9s a korr\u00f3zi\u00f3\u00e1ll\u00f3s\u00e1got, meghosszabb\u00edtva \u00e9lettartam\u00e1t.<\/li>\n<li>Hat\u00e9kony hidraulikus m\u0171k\u00f6d\u00e9s: A hidraulikaolaj nyom\u00e1s\u00e1nak k\u00f6sz\u00f6nhet\u0151en a g\u00e9p sima kiny\u00fajt\u00e1st \u00e9s \u00f6sszeh\u00faz\u00e1st biztos\u00edt, ami gyors reag\u00e1l\u00e1st tesz lehet\u0151v\u00e9 a vez\u00e9rl\u0151parancsokra, er\u0151teljes tol\u00f3- \u00e9s h\u00faz\u00f3er\u0151t biztos\u00edt, \u00e9s alkalmas neh\u00e9z terhek \u00e9s \u00f6sszetett feladatok kezel\u00e9s\u00e9re.<\/li>\n<li>K\u00fcl\u00f6nb\u00f6z\u0151 t\u00edpusok: Az egyszeres m\u0171k\u00f6d\u00e9s\u0171 (csak egy ir\u00e1nyban haszn\u00e1lhat\u00f3 hidraulikus) vagy kett\u0151s m\u0171k\u00f6d\u00e9s\u0171 (mindk\u00e9t ir\u00e1nyban haszn\u00e1lhat\u00f3) hengerek az ig\u00e9nyeknek megfelel\u0151en v\u00e1laszthat\u00f3k ki a k\u00fcl\u00f6nb\u00f6z\u0151 m\u0171k\u00f6d\u00e9si k\u00f6vetelm\u00e9nyek kiel\u00e9g\u00edt\u00e9s\u00e9re. Egyes modellek teleszk\u00f3posak, \u00edgy nagyobb kiny\u00fal\u00e1st tesznek lehet\u0151v\u00e9 a k\u00fcls\u0151 m\u00e9retek n\u00f6vel\u00e9se n\u00e9lk\u00fcl, \u00edgy alkalmasak korl\u00e1tozott helyig\u00e9ny\u0171 alkalmaz\u00e1sokhoz.<\/li>\n<li>Cser\u00e9lhet\u0151 m\u00e1s hidraulikus hengerekkel: Term\u00e9k\u00fcnk t\u00f6k\u00e9letesen helyettes\u00edtheti ezeket a hidraulikus hengereket. <\/li>\n<\/ul>\n<p><img decoding=\"async\" src=\"https:\/\/www.hydraulic-cylinders.net\/wp-content\/uploads\/2025\/01\/songte-cylinder-head-with-all-kinds-excavator-models.webp\" alt=\"V\u00f6d\u00f6rhenger Lishide nagym\u00e9ret\u0171 kotr\u00f3g\u00e9phez SC300.8\"><\/p>\n<h2>Alkalmaz\u00e1sok<\/h2>\n<p>A Lishide nagym\u00e9ret\u0171 kotr\u00f3g\u00e9p SC300.8 kan\u00e1lhenger\u00e9t sz\u00e9les k\u00f6rben haszn\u00e1lj\u00e1k k\u00fcl\u00f6nf\u00e9le neh\u00e9zg\u00e9pekben, bele\u00e9rtve, de nem kiz\u00e1r\u00f3lagosan:<\/p>\n<ul>\n<li>\u00c9p\u00edt\u0151ipari berendez\u00e9sek: Kotr\u00f3g\u00e9pekben elengedhetetlenek az \u00e1s\u00e1shoz, rakod\u00e1shoz \u00e9s a talaj vagy t\u00f6rmel\u00e9k mozgat\u00e1s\u00e1hoz. A kotr\u00f3g\u00e9pekben a kan\u00e1lhenger seg\u00edti az \u00e1s\u00e1st \u00e9s az emel\u00e9st is. <\/li>\n<li>Mez\u0151gazdas\u00e1gi g\u00e9pek: Homlokrakod\u00f3kban haszn\u00e1lj\u00e1k talaj, sz\u00e9na \u00e9s egy\u00e9b anyagok kotor\u00e1s\u00e1ra, emel\u00e9s\u00e9re \u00e9s sz\u00e1ll\u00edt\u00e1s\u00e1ra.<\/li>\n<li>Kotr\u00f3g\u00e9pek: A kan\u00e1lhenger \u00fagy val\u00f3s\u00edtja meg az \u00e1s\u00e1si m\u0171veletet, hogy lehet\u0151v\u00e9 teszi a kan\u00e1l talajba val\u00f3 behatol\u00e1s\u00e1t.<\/li>\n<li>Rakod\u00f3g\u00e9pek: A homlokrakod\u00f3k hat\u00e9konyan emelik \u00e9s \u00fcr\u00edtik a rakom\u00e1nyt.<\/li>\n<\/ul>\n<h2>Tervez\u00e9si szempontok \u00e9s kiv\u00e1laszt\u00e1si krit\u00e9riumok<\/h2>\n<p>A Lishide SC300.8 nagym\u00e9ret\u0171 kotr\u00f3g\u00e9p kan\u00e1lhenger\u00e9t a k\u00f6vetkez\u0151 szempontok figyelembev\u00e9tel\u00e9vel tervezt\u00e9k:<\/p>\n<ul>\n<li>Teherb\u00edr\u00e1s: A hengernek k\u00e9pesnek kell lennie nagy terhel\u00e9sek elvisel\u00e9s\u00e9re.<\/li>\n<li>T\u00f6m\u00edt\u00e9s: A hengert j\u00f3l t\u00f6m\u00edteni kell a hidraulikafolyad\u00e9k sziv\u00e1rg\u00e1s\u00e1nak megakad\u00e1lyoz\u00e1sa \u00e9rdek\u00e9ben.<\/li>\n<li>Tart\u00f3ss\u00e1g: A hengernek tart\u00f3s anyagokb\u00f3l kell k\u00e9sz\u00fclnie, hogy ellen\u00e1lljon a kop\u00e1snak \u00e9s a kop\u00e1snak zord k\u00f6r\u00fclm\u00e9nyek k\u00f6z\u00f6tt.<\/li>\n<li>Biztons\u00e1g: A palackot \u00fagy kell megtervezni \u00e9s gy\u00e1rtani, hogy megfeleljen a biztons\u00e1gi el\u0151\u00edr\u00e1soknak, \u00e9s garant\u00e1lja a kezel\u0151 biztons\u00e1g\u00e1t.<\/li>\n<li>Karbantarthat\u00f3s\u00e1g: A hengert a k\u00f6nny\u0171 karbantart\u00e1s szem el\u0151tt tart\u00e1s\u00e1val kell megtervezni, hogy minimaliz\u00e1lj\u00e1k az \u00e1ll\u00e1sid\u0151t \u00e9s cs\u00f6kkents\u00e9k a karbantart\u00e1si k\u00f6lts\u00e9geket.<\/li>\n<\/ul>\n<p><img decoding=\"async\" src=\"https:\/\/www.hydraulic-cylinders.net\/wp-content\/uploads\/2025\/01\/songte-oil-pipes-and-spare-parts.webp\" alt=\"V\u00f6d\u00f6rhenger Lishide nagym\u00e9ret\u0171 kotr\u00f3g\u00e9phez SC300.8\"><\/p>\n<h2>T\u00f6m\u00edt\u00e9s \u00e9s ken\u00e9s<\/h2>\n<p>A Lishide nagym\u00e9ret\u0171 kotr\u00f3g\u00e9p SC300.8 kan\u00e1lhengere k\u00fcl\u00f6nf\u00e9le t\u00f6m\u00edt\u0151elemeket haszn\u00e1l, p\u00e9ld\u00e1ul dugatty\u00fat\u00f6m\u00edt\u00e9seket \u00e9s r\u00fadt\u00f6m\u00edt\u00e9seket, amelyek kop\u00e1s\u00e1ll\u00f3 anyagokb\u00f3l, p\u00e9ld\u00e1ul poliuret\u00e1nb\u00f3l \u00e9s nitrilgumib\u00f3l k\u00e9sz\u00fclnek. A hengertest \u00e9s a menetes v\u00e9gek finom megmunk\u00e1l\u00e1s\u00faak a kop\u00e1s\u00e1ll\u00f3s\u00e1g jav\u00edt\u00e1sa \u00e9rdek\u00e9ben. A megfelel\u0151 mennyis\u00e9g\u0171 hidraulikaolaj rendszeres hozz\u00e1ad\u00e1sa sz\u00fcks\u00e9ges a z\u00f6kken\u0151mentes m\u0171k\u00f6d\u00e9s \u00e9s ken\u00e9s biztos\u00edt\u00e1s\u00e1hoz.<\/p>\n<h2>Karbantart\u00e1s<\/h2>\n<p>A rendszeres ellen\u0151rz\u00e9s \u00e9s a megel\u0151z\u0151 karbantart\u00e1si int\u00e9zked\u00e9sek elengedhetetlenek a Lishide nagym\u00e9ret\u0171 kotr\u00f3g\u00e9p SC300.8 kan\u00e1lhenger\u00e9nek megb\u00edzhat\u00f3 m\u0171k\u00f6d\u00e9s\u00e9nek biztos\u00edt\u00e1s\u00e1hoz. H\u00e1rom gyakori karbantart\u00e1si feladat a k\u00f6vetkez\u0151:<\/p>\n<ul>\n<li>Rendszeres ellen\u0151rz\u00e9s: Rendszeresen ellen\u0151rizze a palackot s\u00e9r\u00fcl\u00e9sek, kop\u00e1s \u00e9s sziv\u00e1rg\u00e1sok szempontj\u00e1b\u00f3l.<\/li>\n<li>Megfelel\u0151 ken\u00e9s: Rendszeresen kenje be zs\u00edrral vagy olajjal a dugatty\u00far\u00fadat, a t\u00f6m\u00edt\u00e9seket \u00e9s a t\u00f6m\u00edt\u0151gy\u0171r\u0171ket a z\u00f6kken\u0151mentes m\u0171k\u00f6d\u00e9s biztos\u00edt\u00e1sa \u00e9s a sziv\u00e1rg\u00e1s megel\u0151z\u00e9se \u00e9rdek\u00e9ben.<\/li>\n<li>T\u00f6m\u00edt\u00e9scsere \u00e9s kalibr\u00e1l\u00e1s ellen\u0151rz\u00e9se: Cser\u00e9lje ki a t\u00f6m\u00edt\u00e9seket sz\u00fcks\u00e9g szerint, \u00e9s ellen\u0151rizze a kalibr\u00e1l\u00e1st a megfelel\u0151 m\u0171k\u00f6d\u00e9s biztos\u00edt\u00e1sa \u00e9rdek\u00e9ben.<\/li>\n<\/ul>\n<p><img decoding=\"async\" src=\"https:\/\/www.hydraulic-cylinders.net\/wp-content\/uploads\/2025\/01\/songte-chushion-collar.webp\" alt=\"V\u00f6d\u00f6rhenger Lishide nagym\u00e9ret\u0171 kotr\u00f3g\u00e9phez SC300.8\"><\/p>\n<h2>Biztons\u00e1gi \u00e9s k\u00f6rnyezetv\u00e9delmi szempontok<\/h2>\n<p>A Lishide SC300.8 nagym\u00e9ret\u0171 kotr\u00f3g\u00e9p kan\u00e1lhenger\u00e9nek haszn\u00e1latakor biztons\u00e1gi \u00f3vint\u00e9zked\u00e9seket kell betartani a kezel\u0151k \u00e9s m\u00e1s szem\u00e9lyzet biztons\u00e1ga \u00e9rdek\u00e9ben. Ezenk\u00edv\u00fcl figyelembe kell venni a k\u00f6rnyezeti t\u00e9nyez\u0151ket is, p\u00e9ld\u00e1ul a hidraulikaolaj megfelel\u0151 \u00e1rtalmatlan\u00edt\u00e1s\u00e1t \u00e9s a henger szennyez\u0151d\u00e9smentess\u00e9g\u00e9nek biztos\u00edt\u00e1s\u00e1t a k\u00f6rnyezeti k\u00e1rok megel\u0151z\u00e9se \u00e9rdek\u00e9ben.<\/p>\n<h2>Hibadiagn\u00f3zis \u00e9s hibaelh\u00e1r\u00edt\u00e1s<\/h2>\n<p>A Lishide SC300.8 nagym\u00e9ret\u0171 kotr\u00f3g\u00e9p kan\u00e1lhenger\u00e9nek gyakori hib\u00e1i k\u00f6z\u00e9 tartozik a sziv\u00e1rg\u00e1s, a rossz t\u00f6m\u00edt\u00e9s \u00e9s a rendellenes zaj. A megfelel\u0151 diagnosztikai \u00e9s hibaelh\u00e1r\u00edt\u00e1si technik\u00e1k elengedhetetlenek ezen probl\u00e9m\u00e1k gyors azonos\u00edt\u00e1s\u00e1hoz \u00e9s jav\u00edt\u00e1s\u00e1hoz, az \u00e1ll\u00e1sid\u0151 minimaliz\u00e1l\u00e1sa \u00e9s a jav\u00edt\u00e1si k\u00f6lts\u00e9gek cs\u00f6kkent\u00e9se \u00e9rdek\u00e9ben.<\/p>\n<h2>R\u00f3lunk<\/h2>\n<p>Hidraulikus hengerek gy\u00e1rt\u00f3jak\u00e9nt, valamint a hazai \u00e9s nemzetk\u00f6zi piacok vezet\u0151 hidraulikus hengergy\u00e1rt\u00f3ja \u00e9s nagykeresked\u0151jek\u00e9nt m\u0171k\u00f6d\u00fcnk. A kiv\u00e1l\u00f3 min\u0151s\u00e9g alapelveit k\u00f6vetj\u00fck, \u00e9s kifinomult gy\u00e1rt\u00f3m\u0171helyeinkben ipari termel\u00e9sir\u00e1ny\u00edt\u00e1si strat\u00e9gi\u00e1kra t\u00e1maszkodunk. Folyamatosan fejlesztj\u00fck gy\u00e1rt\u00e1si platformunkat, t\u00f6k\u00e9letes\u00edtj\u00fck term\u00e9kmin\u0151s\u00e9gi gy\u00e1rt\u00f3sorunkat, \u00e9s er\u0151s kreat\u00edv k\u00e9pess\u00e9gekkel rendelkez\u00fcnk. Nagy hat\u00e9konys\u00e1g\u00fa, nagy pontoss\u00e1g\u00fa \u00e9s kiv\u00e1l\u00f3 min\u0151s\u00e9g\u0171 elvekkel el\u00e9g\u00edtj\u00fck ki a soksz\u00edn\u0171 \u00fcgyf\u00e9lig\u00e9nyeket.<\/p>\n<p><img decoding=\"async\" src=\"https:\/\/hzpt.com\/wp-content\/uploads\/2024\/11\/songte-company-1.webp\" alt=\"V\u00f6d\u00f6rhenger Lishide nagym\u00e9ret\u0171 kotr\u00f3g\u00e9phez SC300.8\"><\/p>\n<h3>Szakmai hozz\u00e1\u00e9rt\u00e9s\u00fcnk<\/h3>\n<p>M\u0171szaki szem\u00e9lyzet\u00fcnk, cs\u00facskateg\u00f3ri\u00e1s digit\u00e1lis gy\u00e1rt\u00f3berendez\u00e9seink \u00e9s professzion\u00e1lis tesztel\u0151rendszereink lehet\u0151v\u00e9 teszik sz\u00e1munkra, hogy teljes term\u00e9kpalett\u00e1nkkal kiel\u00e9g\u00edts\u00fck a k\u00fcl\u00f6nf\u00e9le \u00fcgyf\u00e9lig\u00e9nyeket.<\/p>\n<h3>Nemzetk\u00f6zi min\u0151s\u00edt\u00e9s<\/h3>\n<p>Olyan nemzetk\u00f6zi tan\u00fas\u00edtv\u00e1nyokkal rendelkez\u00fcnk, mint az ISO 9001, ISO 14001 \u00e9s OHSAS 18001, amelyek biztos\u00edtj\u00e1k term\u00e9keink \u00e9s szolg\u00e1ltat\u00e1saink min\u0151s\u00e9g\u00e9t \u00e9s biztons\u00e1g\u00e1t.<\/p>\n<h3>Testreszab\u00e1si szolg\u00e1ltat\u00e1sok<\/h3>\n<p>\u00dcgyfeleink sz\u00e1m\u00e1ra szem\u00e9lyre szabott szolg\u00e1ltat\u00e1sokat k\u00edn\u00e1lunk, melyeket az egyedi ig\u00e9nyeikhez igaz\u00edthatunk.<\/p>\n<h3>Termel\u00e9si berendez\u00e9sek<\/h3>\n<p>Korszer\u0171 gy\u00e1rt\u00f3berendez\u00e9sekkel rendelkez\u00fcnk, bele\u00e9rtve a CNC szersz\u00e1mg\u00e9peket, automata hegeszt\u0151g\u00e9peket \u00e9s hidraulikus tesztpadokat, amelyek biztos\u00edtj\u00e1k term\u00e9keink pontoss\u00e1g\u00e1t \u00e9s min\u0151s\u00e9g\u00e9t.<\/p>\n<h3>\u00c9rt\u00e9kes\u00edt\u00e9s ut\u00e1ni szolg\u00e1ltat\u00e1s<\/h3>\n<p>\u00c9rt\u00e9kes\u00edt\u00e9s ut\u00e1ni szolg\u00e1ltat\u00e1si csapatunk gyors \u00e9s hat\u00e9kony megold\u00e1sokat k\u00edn\u00e1l \u00fcgyfeleinknek a felmer\u00fcl\u0151 probl\u00e9m\u00e1kra, biztos\u00edtva az \u00fcgyfelek el\u00e9gedetts\u00e9g\u00e9t.<\/p>\n<h4>Szerz\u0151: lyl.<\/h4>","protected":false},"excerpt":{"rendered":"<p>Bucket Cylinder For Lishide Large Excavator SC300.8 Introduction The bucket cylinder for Lishide large excavator SC300.8 is a specially designed hydraulic cylinder mainly used for controlling the movement of the bucket in heavy equipment such as excavators, backhoe excavators, and front-end loaders. Its main function is to enable the bucket to be lifted, lowered, and [&hellip;]<\/p>","protected":false},"featured_media":14778,"comment_status":"open","ping_status":"closed","template":"","meta":{"_et_pb_use_builder":"","_et_pb_old_content":"","_et_gb_content_width":""},"product_brand":[],"product_cat":[1494],"product_tag":[1495,1496],"class_list":{"0":"post-15544","1":"product","2":"type-product","3":"status-publish","4":"has-post-thumbnail","6":"product_cat-bucket-cylinders","7":"product_tag-bucket-cylinders","8":"product_tag-hydraulic-cylinders","10":"first","11":"instock","12":"shipping-taxable","13":"product-type-simple"},"amp_enabled":true,"_links":{"self":[{"href":"https:\/\/www.hydraulic-cylinders.net\/hu\/wp-json\/wp\/v2\/product\/15544","targetHints":{"allow":["GET"]}}],"collection":[{"href":"https:\/\/www.hydraulic-cylinders.net\/hu\/wp-json\/wp\/v2\/product"}],"about":[{"href":"https:\/\/www.hydraulic-cylinders.net\/hu\/wp-json\/wp\/v2\/types\/product"}],"replies":[{"embeddable":true,"href":"https:\/\/www.hydraulic-cylinders.net\/hu\/wp-json\/wp\/v2\/comments?post=15544"}],"wp:featuredmedia":[{"embeddable":true,"href":"https:\/\/www.hydraulic-cylinders.net\/hu\/wp-json\/wp\/v2\/media\/14778"}],"wp:attachment":[{"href":"https:\/\/www.hydraulic-cylinders.net\/hu\/wp-json\/wp\/v2\/media?parent=15544"}],"wp:term":[{"taxonomy":"product_brand","embeddable":true,"href":"https:\/\/www.hydraulic-cylinders.net\/hu\/wp-json\/wp\/v2\/product_brand?post=15544"},{"taxonomy":"product_cat","embeddable":true,"href":"https:\/\/www.hydraulic-cylinders.net\/hu\/wp-json\/wp\/v2\/product_cat?post=15544"},{"taxonomy":"product_tag","embeddable":true,"href":"https:\/\/www.hydraulic-cylinders.net\/hu\/wp-json\/wp\/v2\/product_tag?post=15544"}],"curies":[{"name":"munkaf\u00fczet","href":"https:\/\/api.w.org\/{rel}","templated":true}]}}