{"id":15549,"date":"2025-01-19T14:40:13","date_gmt":"2025-01-19T14:40:13","guid":{"rendered":"https:\/\/www.hydraulic-cylinders.net\/product\/bucket-cylinder-for-lishide-large-excavator-sc400-8\/"},"modified":"2025-01-19T14:40:15","modified_gmt":"2025-01-19T14:40:15","slug":"bucket-cylinder-for-lishide-large-excavator-sc400-8","status":"publish","type":"product","link":"https:\/\/www.hydraulic-cylinders.net\/hu\/termek\/bucket-cylinder-for-lishide-large-excavator-sc400-8\/","title":{"rendered":"Kan\u00e1lhenger Lishide nagym\u00e9ret\u0171 kotr\u00f3g\u00e9phez SC400.8"},"content":{"rendered":"<p><!DOCTYPE html><br \/>\n<html><br \/>\n<head><br \/>\n\t<title>Kan\u00e1lhenger Lishide nagym\u00e9ret\u0171 kotr\u00f3g\u00e9phez SC400.8<\/title><br \/>\n<\/head><br \/>\n<body><\/p>\n<h1>Kan\u00e1lhenger Lishide nagym\u00e9ret\u0171 kotr\u00f3g\u00e9phez SC400.8<\/h1>\n<p>\t<img decoding=\"async\" src=\"https:\/\/www.hydraulic-cylinders.net\/wp-content\/uploads\/2025\/01\/songte-company-2.webp\" alt=\"V\u00f6d\u00f6r henger k\u00e9pe\"><\/p>\n<h2>Bevezet\u00e9s<\/h2>\n<p>A kan\u00e1lhenger, m\u00e1s n\u00e9ven hidraulikus henger, egy speci\u00e1lisan tervezett alkatr\u00e9sz, amelyet neh\u00e9zg\u00e9pek, p\u00e9ld\u00e1ul kotr\u00f3g\u00e9pek, kotr\u00f3g\u00e9pek \u00e9s rakod\u00f3g\u00e9pek kan\u00e1lj\u00e1nak mozg\u00e1s\u00e1nak vez\u00e9rl\u00e9s\u00e9re haszn\u00e1lnak. F\u0151 funkci\u00f3ja a kan\u00e1l emel\u00e9s\u00e9nek, s\u00fcllyeszt\u00e9s\u00e9nek \u00e9s billent\u00e9s\u00e9nek lehet\u0151v\u00e9 t\u00e9tele, megk\u00f6nny\u00edtve a k\u00fcl\u00f6nf\u00e9le anyagmozgat\u00e1si feladatokat. Egy hidraulikus rendszerben a kan\u00e1lhenger a hidraulikaolaj nyom\u00e1s\u00e1nak v\u00e1ltoz\u00e1sait haszn\u00e1lja ki a kan\u00e1l pontos vez\u00e9rl\u00e9s\u00e9hez, lehet\u0151v\u00e9 t\u00e9ve a kezel\u0151k sz\u00e1m\u00e1ra, hogy hat\u00e9konyan kezelj\u00e9k a neh\u00e9z terheket, \u00e9s alkalmazkodjanak az \u00f6sszetett munkak\u00f6rnyezetekhez \u00e9s a v\u00e1ltozatos munkak\u00f6vetelm\u00e9nyekhez.<\/p>\n<h2>Jellemz\u0151k<\/h2>\n<ul>\n<li>Nagy szil\u00e1rds\u00e1g \u00e9s tart\u00f3ss\u00e1g: A jellemz\u0151en nagy szil\u00e1rds\u00e1g\u00fa ac\u00e9lb\u00f3l vagy alum\u00edniumb\u00f3l k\u00e9sz\u00fclt kan\u00e1lhenger nagy nyom\u00e1st \u00e9s nagy terhel\u00e9st k\u00e9pes ellen\u00e1llni, alkalmazkodva a zord munkak\u00f6r\u00fclm\u00e9nyekhez. Tervez\u00e9se sor\u00e1n figyelembe vett\u00e9k a kop\u00e1s\u00e1ll\u00f3s\u00e1got \u00e9s a korr\u00f3zi\u00f3\u00e1ll\u00f3s\u00e1got, meghosszabb\u00edtva \u00e9lettartam\u00e1t.<\/li>\n<li>Hat\u00e9kony hidraulikus m\u0171k\u00f6d\u00e9s: A hidraulikaolaj nyom\u00e1s\u00e1nak kihaszn\u00e1l\u00e1s\u00e1val a kan\u00e1lhenger sima kitol\u00e1si \u00e9s visszah\u00faz\u00e1si m\u0171veleteket tesz lehet\u0151v\u00e9, ami gyors reag\u00e1l\u00e1st tesz lehet\u0151v\u00e9 a vez\u00e9rl\u0151parancsokra, \u00e9s nagy teljes\u00edtm\u00e9ny\u0171 tol\u00f3- \u00e9s h\u00faz\u00f3er\u0151t biztos\u00edt, amely alkalmas neh\u00e9z terhek \u00e9s \u00f6sszetett feladatok kezel\u00e9s\u00e9re.<\/li>\n<li>K\u00fcl\u00f6nb\u00f6z\u0151 t\u00edpusok: A kan\u00e1lhenger v\u00e1laszthat\u00f3 egyszeres m\u0171k\u00f6d\u00e9s\u0171 (csak egy ir\u00e1nyban hidraulikusan m\u0171k\u00f6dtetett) vagy kett\u0151s m\u0171k\u00f6d\u00e9s\u0171 (mindk\u00e9t ir\u00e1nyban hidraulikusan m\u0171k\u00f6dtetett) hengerk\u00e9nt a k\u00fcl\u00f6nb\u00f6z\u0151 m\u0171k\u00f6d\u00e9si ig\u00e9nyek kiel\u00e9g\u00edt\u00e9se \u00e9rdek\u00e9ben. Egyes modellek teleszk\u00f3posak, \u00edgy nagyobb kiny\u00fal\u00e1st tesznek lehet\u0151v\u00e9 a k\u00fcls\u0151 m\u00e9retek n\u00f6vel\u00e9se n\u00e9lk\u00fcl, \u00edgy alkalmasak korl\u00e1tozott helyig\u00e9ny\u0171 alkalmaz\u00e1sokhoz.<\/li>\n<li>T\u00f6k\u00e9letes csere: Term\u00e9keink t\u00f6k\u00e9letesen helyettes\u00edtik a megl\u00e9v\u0151 hidraulikus hengereket. Sz\u00e9les v\u00e1laszt\u00e9kban k\u00edn\u00e1lunk hengereket, amelyek illeszkednek a k\u00fcl\u00f6nf\u00e9le kotr\u00f3g\u00e9p modellekhez.<\/li>\n<\/ul>\n<p>\t<img decoding=\"async\" src=\"https:\/\/www.hydraulic-cylinders.net\/wp-content\/uploads\/2025\/01\/songte-cylinder-head-with-all-kinds-excavator-models.webp\" alt=\"Term\u00e9kk\u00e9p\"><\/p>\n<h2>Alkalmaz\u00e1sok<\/h2>\n<p>A v\u00f6d\u00f6rhengerek k\u00fcl\u00f6nf\u00e9le ipar\u00e1gakban \u00e9s berendez\u00e9sekben alkalmazhat\u00f3k:<\/p>\n<ul>\n<li>\u00c9p\u00edt\u0151ipari berendez\u00e9sek: Kotr\u00f3g\u00e9pekben tal\u00e1lhat\u00f3k, kulcsfontoss\u00e1g\u00faak a f\u00f6ldmunk\u00e1k, a rakod\u00e1s \u00e9s a talaj vagy t\u00f6rmel\u00e9k mozgat\u00e1sa sor\u00e1n. A kotr\u00f3g\u00e9pekben a kan\u00e1lhenger seg\u00edti mind az \u00e1s\u00e1st, mind az emel\u00e9st.<\/li>\n<li>Mez\u0151gazdas\u00e1gi g\u00e9pek: Homlokrakod\u00f3kban haszn\u00e1lj\u00e1k talaj, sz\u00e9na \u00e9s egy\u00e9b anyagok \u00e1s\u00e1s\u00e1ra, emel\u00e9s\u00e9re \u00e9s sz\u00e1ll\u00edt\u00e1s\u00e1ra.<\/li>\n<li>Kotr\u00f3g\u00e9pek: A kan\u00e1lhenger lehet\u0151v\u00e9 teszi az \u00e1s\u00e1si m\u0171veleteket az\u00e1ltal, hogy lehet\u0151v\u00e9 teszi a kan\u00e1l talajba val\u00f3 behatol\u00e1s\u00e1t.<\/li>\n<li>Rakod\u00f3k: A homlokrakod\u00f3kban seg\u00edtik az \u00e1ruk hat\u00e9kony emel\u00e9s\u00e9t \u00e9s lerak\u00e1s\u00e1t.<\/li>\n<\/ul>\n<h2>Tervez\u00e9si szempontok \u00e9s kiv\u00e1laszt\u00e1si krit\u00e9riumok<\/h2>\n<p>\t<img decoding=\"async\" src=\"https:\/\/www.hydraulic-cylinders.net\/wp-content\/uploads\/2025\/01\/songte-oil-pipes-and-spare-parts.webp\" alt=\"Tervez\u00e9si k\u00e9p\"><\/p>\n<p>A hengerek tervez\u00e9sekor sz\u00e1mos t\u00e9nyez\u0151t vesznek figyelembe:<\/p>\n<ul>\n<li>Teherb\u00edr\u00e1s<\/li>\n<li>T\u00f6m\u00edt\u00e9s<\/li>\n<li>Tart\u00f3ss\u00e1g<\/li>\n<li>Biztons\u00e1g<\/li>\n<li>Karbantarthat\u00f3s\u00e1g<\/li>\n<\/ul>\n<h2>T\u00f6m\u00edt\u00e9s \u00e9s ken\u00e9s<\/h2>\n<p>A serleghengerek k\u00fcl\u00f6nf\u00e9le t\u00f6m\u00edt\u0151elemeket haszn\u00e1lnak, p\u00e9ld\u00e1ul dugatty\u00fat\u00f6m\u00edt\u00e9seket \u00e9s r\u00fadt\u00f6m\u00edt\u00e9seket, amelyek kop\u00e1s\u00e1ll\u00f3 anyagokb\u00f3l, p\u00e9ld\u00e1ul poliuret\u00e1nb\u00f3l \u00e9s nitrilgumib\u00f3l k\u00e9sz\u00fclnek. A hengertest \u00e9s a menetes v\u00e9gek finom megmunk\u00e1l\u00e1son esnek \u00e1t a kop\u00e1s\u00e1ll\u00f3s\u00e1g fokoz\u00e1sa \u00e9rdek\u00e9ben. Rendszeres ken\u00e9s sz\u00fcks\u00e9ges, \u00e9s a z\u00f6kken\u0151mentes m\u0171k\u00f6d\u00e9s \u00e9rdek\u00e9ben megfelel\u0151 mennyis\u00e9g\u0171 hidraulikaolajat kell hozz\u00e1adni.<\/p>\n<h2>Karbantart\u00e1s \u00e9s megel\u0151z\u0151 int\u00e9zked\u00e9sek<\/h2>\n<p>A rendszeres ellen\u0151rz\u00e9sek \u00e9s a megel\u0151z\u0151 karbantart\u00e1s elengedhetetlen az optim\u00e1lis teljes\u00edtm\u00e9nyhez:<\/p>\n<ul>\n<li>Rendszeresen ellen\u0151rizze a hengert kop\u00e1s vagy s\u00e9r\u00fcl\u00e9s jelei szempontj\u00e1b\u00f3l.<\/li>\n<li>Biztos\u00edtsa a megfelel\u0151 ken\u00e9st.<\/li>\n<li>Cser\u00e9lje ki a t\u00f6m\u00edt\u00e9seket, amikor sz\u00fcks\u00e9ges.<\/li>\n<li>V\u00e9gezzen kalibr\u00e1ci\u00f3s ellen\u0151rz\u00e9seket.<\/li>\n<\/ul>\n<p>\t<img decoding=\"async\" src=\"https:\/\/www.hydraulic-cylinders.net\/wp-content\/uploads\/2025\/01\/songte-chushion-collar.webp\" alt=\"Karbantart\u00e1si k\u00e9p\"><\/p>\n<h2>Biztons\u00e1gi szempontok \u00e9s k\u00f6rnyezeti t\u00e9nyez\u0151k<\/h2>\n<p>V\u00f6dr\u00f6s hengerek haszn\u00e1latakor fontos a balesetek megel\u0151z\u00e9se \u00e9s a k\u00f6rnyezeti t\u00e9nyez\u0151k figyelembev\u00e9tele \u00e9rdek\u00e9ben biztons\u00e1gi int\u00e9zked\u00e9sek v\u00e9grehajt\u00e1sa. A megfelel\u0151 k\u00e9pz\u00e9s, a helyes haszn\u00e1lat \u00e9s a biztons\u00e1gi ir\u00e1nyelvek betart\u00e1sa kulcsfontoss\u00e1g\u00fa.<\/p>\n<h2>Hibaelh\u00e1r\u00edt\u00e1s \u00e9s gyakori probl\u00e9m\u00e1k<\/h2>\n<p>A kan\u00e1lhengerekkel kapcsolatban sz\u00e1mos gyakori probl\u00e9ma mer\u00fclhet fel:<\/p>\n<ul>\n<li>Sziv\u00e1rg\u00e1s<\/li>\n<li>El\u00e9gtelen er\u0151<\/li>\n<li>Lass\u00fa m\u0171k\u00f6d\u00e9s<\/li>\n<\/ul>\n<p>\u00cdme n\u00e9h\u00e1ny hibaelh\u00e1r\u00edt\u00e1si tipp \u00e9s megold\u00e1s a probl\u00e9m\u00e1k hat\u00e9kony diagnosztiz\u00e1l\u00e1s\u00e1hoz \u00e9s megold\u00e1s\u00e1hoz:<\/p>\n<ul>\n<li>Rendszeresen ellen\u0151rizze a sziv\u00e1rg\u00e1sokat \u00e9s a s\u00e9r\u00fclt t\u00f6m\u00edt\u00e9seket.<\/li>\n<li>Gy\u0151z\u0151dj\u00f6n meg arr\u00f3l, hogy a hidraulikus rendszerben elegend\u0151 nyom\u00e1s van.<\/li>\n<li>Ellen\u0151rizze \u00e9s tiszt\u00edtsa meg a hidraulikasz\u0171r\u0151ket.<\/li>\n<\/ul>\n<p>\t<img decoding=\"async\" src=\"https:\/\/www.hydraulic-cylinders.net\/wp-content\/uploads\/2025\/01\/songte-bushings-with-all-kinds-of-excavator-models.webp\" alt=\"Hibaelh\u00e1r\u00edt\u00e1si k\u00e9p\"><\/p>\n<h2>C\u00e9g\u00fcnkr\u0151l<\/h2>\n<p>\t<img decoding=\"async\" src=\"https:\/\/hzpt.com\/wp-content\/uploads\/2024\/11\/songte-company-1.webp\" alt=\"C\u00e9ges im\u00e1zs\"><\/p>\n<p>A hidraulikus hengerek vezet\u0151 gy\u00e1rt\u00f3i \u00e9s nagykereskedelmi forgalmaz\u00f3i vagyunk a hazai \u00e9s a nemzetk\u00f6zi piacokon. C\u00e9g\u00fcnk sz\u00e9les term\u00e9kv\u00e1laszt\u00e9kot k\u00edn\u00e1l, \u00e9s kiv\u00e1l\u00f3 min\u0151s\u00e9g\u00e9r\u0151l ismert. Az ipar\u00e1gi szabv\u00e1nyoknak megfelel\u0151 termel\u00e9sir\u00e1ny\u00edt\u00e1si strat\u00e9gi\u00e1kra \u00f6sszpontos\u00edtva egy kifinomult gy\u00e1rt\u00f3m\u0171helyt hoztunk l\u00e9tre, amely fejlett digit\u00e1lis gy\u00e1rt\u00f3berendez\u00e9sekkel \u00e9s professzion\u00e1lis tesztel\u0151rendszerekkel van felszerelve. M\u0171szaki szak\u00e9rt\u0151kb\u0151l \u00e1ll\u00f3 csapatunk, valamint a hat\u00e9konys\u00e1g, a precizit\u00e1s \u00e9s a magas min\u0151s\u00e9g ir\u00e1nti elk\u00f6telezetts\u00e9g\u00fcnk lehet\u0151v\u00e9 teszi sz\u00e1munkra, hogy megfelelj\u00fcnk a soksz\u00edn\u0171 \u00fcgyf\u00e9lig\u00e9nyeknek.<\/p>\n<h3>C\u00e9g\u00fcnk kiemelt jellemz\u0151i:<\/h3>\n<ul>\n<li>Szakmaiass\u00e1g<\/li>\n<li>Nemzetk\u00f6zi tan\u00fas\u00edtv\u00e1nyok<\/li>\n<li>Testreszab\u00e1si szolg\u00e1ltat\u00e1sok<\/li>\n<li>Korszer\u0171 gy\u00e1rt\u00f3berendez\u00e9sek<\/li>\n<li>\u00c9rt\u00e9kes\u00edt\u00e9s ut\u00e1ni szolg\u00e1ltat\u00e1sok<\/li>\n<\/ul>\n<p>\t<img decoding=\"async\" src=\"https:\/\/www.hydraulic-cylinders.net\/wp-content\/uploads\/2025\/01\/songte-company-3.webp\" alt=\"C\u00e9ges im\u00e1zs\"><\/p>\n<p>Szerz\u0151: lyl<\/p>\n<p><\/body><br \/>\n<\/html><\/p>","protected":false},"excerpt":{"rendered":"<p>Bucket Cylinder For Lishide Large Excavator SC400.8 Bucket Cylinder For Lishide Large Excavator SC400.8 Introduction The bucket cylinder, also known as a hydraulic cylinder, is a specially designed component used to control the movement of the bucket in heavy machinery such as excavators, backhoes, and loaders. Its main function is to enable the lifting, lowering, [&hellip;]<\/p>","protected":false},"featured_media":14765,"comment_status":"open","ping_status":"closed","template":"","meta":{"_et_pb_use_builder":"","_et_pb_old_content":"","_et_gb_content_width":""},"product_brand":[],"product_cat":[1494],"product_tag":[1495,1496],"class_list":{"0":"post-15549","1":"product","2":"type-product","3":"status-publish","4":"has-post-thumbnail","6":"product_cat-bucket-cylinders","7":"product_tag-bucket-cylinders","8":"product_tag-hydraulic-cylinders","10":"first","11":"instock","12":"shipping-taxable","13":"product-type-simple"},"amp_enabled":true,"_links":{"self":[{"href":"https:\/\/www.hydraulic-cylinders.net\/hu\/wp-json\/wp\/v2\/product\/15549","targetHints":{"allow":["GET"]}}],"collection":[{"href":"https:\/\/www.hydraulic-cylinders.net\/hu\/wp-json\/wp\/v2\/product"}],"about":[{"href":"https:\/\/www.hydraulic-cylinders.net\/hu\/wp-json\/wp\/v2\/types\/product"}],"replies":[{"embeddable":true,"href":"https:\/\/www.hydraulic-cylinders.net\/hu\/wp-json\/wp\/v2\/comments?post=15549"}],"wp:featuredmedia":[{"embeddable":true,"href":"https:\/\/www.hydraulic-cylinders.net\/hu\/wp-json\/wp\/v2\/media\/14765"}],"wp:attachment":[{"href":"https:\/\/www.hydraulic-cylinders.net\/hu\/wp-json\/wp\/v2\/media?parent=15549"}],"wp:term":[{"taxonomy":"product_brand","embeddable":true,"href":"https:\/\/www.hydraulic-cylinders.net\/hu\/wp-json\/wp\/v2\/product_brand?post=15549"},{"taxonomy":"product_cat","embeddable":true,"href":"https:\/\/www.hydraulic-cylinders.net\/hu\/wp-json\/wp\/v2\/product_cat?post=15549"},{"taxonomy":"product_tag","embeddable":true,"href":"https:\/\/www.hydraulic-cylinders.net\/hu\/wp-json\/wp\/v2\/product_tag?post=15549"}],"curies":[{"name":"munkaf\u00fczet","href":"https:\/\/api.w.org\/{rel}","templated":true}]}}