{"id":15552,"date":"2025-01-19T14:40:26","date_gmt":"2025-01-19T14:40:26","guid":{"rendered":"https:\/\/www.hydraulic-cylinders.net\/product\/bucket-cylinder-for-lovol-small-excavator-fr80g\/"},"modified":"2025-01-19T14:40:28","modified_gmt":"2025-01-19T14:40:28","slug":"bucket-cylinder-for-lovol-small-excavator-fr80g","status":"publish","type":"product","link":"https:\/\/www.hydraulic-cylinders.net\/hu\/termek\/bucket-cylinder-for-lovol-small-excavator-fr80g\/","title":{"rendered":"Kan\u00e1lhenger Lovol FR80G kis kotr\u00f3g\u00e9phez"},"content":{"rendered":"<h1>Kan\u00e1lhenger Lovol FR80G kis kotr\u00f3g\u00e9phez<\/h1>\n<h2>Bevezet\u00e9s<\/h2>\n<p>A Lovol FR80G kis kotr\u00f3g\u00e9p kan\u00e1lhengere egy speci\u00e1lisan tervezett hidraulikus henger, amelyet els\u0151sorban a neh\u00e9zg\u00e9pek, p\u00e9ld\u00e1ul kotr\u00f3g\u00e9pek, kotr\u00f3g\u00e9pek \u00e9s homlokrakod\u00f3k kan\u00e1lmozg\u00e1s\u00e1nak vez\u00e9rl\u00e9s\u00e9re haszn\u00e1lnak. F\u0151 funkci\u00f3ja a kan\u00e1l emel\u00e9s\u00e9nek, s\u00fcllyeszt\u00e9s\u00e9nek \u00e9s billent\u00e9s\u00e9nek lehet\u0151v\u00e9 t\u00e9tele, megk\u00f6nny\u00edtve a k\u00fcl\u00f6nf\u00e9le anyagmozgat\u00e1si feladatok elv\u00e9gz\u00e9s\u00e9t. A hidraulikus rendszerben a kan\u00e1lhenger a hidraulikaolaj nyom\u00e1s\u00e1nak v\u00e1ltoztat\u00e1s\u00e1val prec\u00edzen szab\u00e1lyozza a kan\u00e1l mozg\u00e1s\u00e1t, lehet\u0151v\u00e9 t\u00e9ve a kezel\u0151k sz\u00e1m\u00e1ra, hogy hat\u00e9konyan kezelj\u00e9k a neh\u00e9z terheket, \u00e9s alkalmazkodjanak az \u00f6sszetett munkak\u00f6rnyezetekhez \u00e9s a v\u00e1ltozatos munkak\u00f6vetelm\u00e9nyekhez.<\/p>\n<p><img decoding=\"async\" src=\"https:\/\/www.hydraulic-cylinders.net\/wp-content\/uploads\/2025\/01\/songte-company-2.webp\" alt=\"V\u00f6d\u00f6r henger k\u00e9pe\"><\/p>\n<h2>Jellemz\u0151k<\/h2>\n<ul>\n<li>Nagy szil\u00e1rds\u00e1g \u00e9s tart\u00f3ss\u00e1g: \u00c1ltal\u00e1ban nagy szil\u00e1rds\u00e1g\u00fa ac\u00e9lb\u00f3l vagy alum\u00edniumb\u00f3l k\u00e9sz\u00fcl, k\u00e9pes ellen\u00e1llni a nagy nyom\u00e1snak \u00e9s a nagy terhel\u00e9seknek, alkalmazkodik a zord munkak\u00f6rnyezethez, kop\u00e1s\u00e1ll\u00f3s\u00e1got \u00e9s korr\u00f3zi\u00f3\u00e1ll\u00f3s\u00e1got szem el\u0151tt tartva tervezt\u00e9k, valamint meghosszabb\u00edtott \u00e9lettartamot biztos\u00edtanak.<\/li>\n<li>Hat\u00e9kony hidraulikus m\u0171k\u00f6d\u00e9s: A hidraulikaolaj nyom\u00e1s\u00e1nak k\u00f6sz\u00f6nhet\u0151en a ki- \u00e9s beh\u00faz\u00f3 mozg\u00e1sok simaak, \u00edgy gyorsan reag\u00e1l a manipul\u00e1ci\u00f3s parancsokra, er\u0151teljes tol\u00f3- \u00e9s h\u00faz\u00f3er\u0151t biztos\u00edt, \u00e9s alkalmas neh\u00e9z terhek \u00e9s \u00f6sszetett m\u0171veletek kezel\u00e9s\u00e9re.<\/li>\n<li>T\u00edpusv\u00e1laszt\u00e9k: Az ig\u00e9nyeknek megfelel\u0151en egyszeres m\u0171k\u00f6d\u00e9s\u0171 (csak egy ir\u00e1nyban hidraulikusan m\u0171k\u00f6dtetett) vagy kett\u0151s m\u0171k\u00f6d\u00e9s\u0171 (k\u00e9t ir\u00e1nyban hidraulikusan m\u0171k\u00f6dtetett) hengerek v\u00e1laszthat\u00f3k, bizonyos modellek teleszk\u00f3posak, \u00edgy nagyobb kiny\u00fal\u00e1st tesznek lehet\u0151v\u00e9 a k\u00fcls\u0151 m\u00e9retek n\u00f6vel\u00e9se n\u00e9lk\u00fcl, \u00edgy alkalmasak korl\u00e1tozott helyig\u00e9ny\u0171 alkalmaz\u00e1sokhoz.<\/li>\n<li>K\u00f6nnyen telep\u00edthet\u0151: Term\u00e9keink t\u00f6k\u00e9letesen helyettes\u00edthetik ezeket a hidraulikus hengereket.<\/li>\n<\/ul>\n<p><img decoding=\"async\" src=\"https:\/\/www.hydraulic-cylinders.net\/wp-content\/uploads\/2025\/01\/songte-cylinder-head-with-all-kinds-excavator-models.webp\" alt=\"V\u00f6d\u00f6rhenger modellek k\u00e9pe\"><\/p>\n<h2>Alkalmaz\u00e1sok<\/h2>\n<p>A Lovol FR80G kis kotr\u00f3g\u00e9p kan\u00e1lhenger\u00e9t sz\u00e9les k\u00f6rben haszn\u00e1lj\u00e1k k\u00fcl\u00f6nf\u00e9le ipar\u00e1gakban, p\u00e9ld\u00e1ul az \u00e9p\u00edt\u0151iparban \u00e9s a mez\u0151gazdas\u00e1gban. N\u00e9h\u00e1ny gyakori alkalmaz\u00e1si ter\u00fclete:<\/p>\n<h3>\u00c9p\u00edt\u0151ipari berendez\u00e9sek<\/h3>\n<p>Kotr\u00f3g\u00e9pekben elengedhetetlenek a talaj vagy t\u00f6rmel\u00e9k ki\u00e1s\u00e1s\u00e1hoz, rakod\u00e1s\u00e1hoz \u00e9s mozgat\u00e1s\u00e1hoz. A kotr\u00f3g\u00e9pekben a kan\u00e1lhengerek seg\u00edtik a ki\u00e1s\u00e1st \u00e9s az emel\u00e9st. Homlokrakod\u00f3kban az \u00e1ruk emel\u00e9s\u00e9t \u00e9s billent\u00e9s\u00e9t seg\u00edtik.<\/p>\n<h3>Mez\u0151gazdas\u00e1gi g\u00e9pek<\/h3>\n<p>Homlokrakod\u00f3kban haszn\u00e1lj\u00e1k \u0151ket, hasznosak talaj, sz\u00e9na \u00e9s egy\u00e9b anyagok \u00e1s\u00e1s\u00e1ra, emel\u00e9s\u00e9re \u00e9s sz\u00e1ll\u00edt\u00e1s\u00e1ra.<\/p>\n<h3>Kotr\u00f3g\u00e9pek<\/h3>\n<p>A kan\u00e1lhenger lehet\u0151v\u00e9 teszi, hogy a kan\u00e1l behatoljon a talajba, \u00e9s ez\u00e1ltal el\u00e9rje az \u00e1s\u00e1si m\u0171veletet.<\/p>\n<h2>Tervez\u00e9si szempontok \u00e9s kiv\u00e1laszt\u00e1si krit\u00e9riumok<\/h2>\n<p>A Lovol FR80G kis kotr\u00f3g\u00e9p kan\u00e1lhenger\u00e9nek tervez\u00e9sekor \u00e9s kiv\u00e1laszt\u00e1sakor sz\u00e1mos kulcsfontoss\u00e1g\u00fa t\u00e9nyez\u0151t kell figyelembe venni, t\u00f6bbek k\u00f6z\u00f6tt:<\/p>\n<h3>Teherb\u00edr\u00e1s<\/h3>\n<p>A hengernek k\u00e9pesnek kell lennie ellen\u00e1llni a teher s\u00faly\u00e1nak, \u00e9s elegend\u0151 er\u0151t kell biztos\u00edtania a teher mozgat\u00e1s\u00e1hoz.<\/p>\n<h3>T\u00f6m\u00edt\u00e9s<\/h3>\n<p>A hengert szorosan le kell z\u00e1rni a hidraulikaolaj sziv\u00e1rg\u00e1s\u00e1nak megakad\u00e1lyoz\u00e1sa, valamint a teljes\u00edtm\u00e9ny\u00e9nek \u00e9s hossz\u00fa \u00e9lettartam\u00e1nak meg\u0151rz\u00e9se \u00e9rdek\u00e9ben. K\u00fcl\u00f6nb\u00f6z\u0151 t\u00f6m\u00edt\u0151elemeket, p\u00e9ld\u00e1ul dugatty\u00fat\u00f6m\u00edt\u00e9seket \u00e9s kop\u00e1s\u00e1ll\u00f3 anyagokb\u00f3l, p\u00e9ld\u00e1ul poliuret\u00e1nb\u00f3l \u00e9s nitrilgumib\u00f3l k\u00e9sz\u00fclt r\u00fadt\u00f6m\u00edt\u00e9seket kell haszn\u00e1lni.<\/p>\n<h3>Tart\u00f3ss\u00e1g<\/h3>\n<p>A hengernek el\u00e9g tart\u00f3snak kell lennie ahhoz, hogy ellen\u00e1lljon a zord munkak\u00f6rnyezetnek, valamint ellen\u00e1lljon a kop\u00e1snak \u00e9s a korr\u00f3zi\u00f3nak. A hengertestet \u00e9s a menetes v\u00e9geket finoman kell megmunk\u00e1lni a kop\u00e1s\u00e1ll\u00f3s\u00e1g jav\u00edt\u00e1sa \u00e9rdek\u00e9ben.<\/p>\n<h3>Biztons\u00e1g<\/h3>\n<p>A palackot \u00fagy kell megtervezni \u00e9s gy\u00e1rtani, hogy biztos\u00edtsa a biztons\u00e1gos m\u0171k\u00f6d\u00e9st, megel\u0151zve a szem\u00e9lyzetet \u00e9s a g\u00e9peket k\u00e1ros\u00edt\u00f3 baleseteket.<\/p>\n<h3>Karbantarthat\u00f3s\u00e1g<\/h3>\n<p>A hengert \u00fagy kell megtervezni \u00e9s gy\u00e1rtani, hogy k\u00f6nnyen karbantarthat\u00f3 \u00e9s jav\u00edthat\u00f3 legyen. A henger megfelel\u0151 karbantart\u00e1s\u00e1hoz rendszeres ken\u00e9s \u00e9s a kopott alkatr\u00e9szek cser\u00e9je sz\u00fcks\u00e9ges.<\/p>\n<p><img decoding=\"async\" src=\"https:\/\/www.hydraulic-cylinders.net\/wp-content\/uploads\/2025\/01\/songte-oil-pipes-and-spare-parts.webp\" alt=\"V\u00f6d\u00f6rhenger alkatr\u00e9szek k\u00e9pe\"><\/p>\n<h2>T\u00f6m\u00edt\u00e9s \u00e9s ken\u00e9s<\/h2>\n<p>A Lovol FR80G kis kotr\u00f3g\u00e9p kan\u00e1lhengere k\u00fcl\u00f6nf\u00e9le t\u00f6m\u00edt\u0151elemeket haszn\u00e1l a megfelel\u0151 t\u00f6m\u00edt\u00e9s biztos\u00edt\u00e1s\u00e1ra, bele\u00e9rtve a dugatty\u00fat\u00f6m\u00edt\u00e9seket, a r\u00fadt\u00f6m\u00edt\u00e9seket \u00e9s az ablakt\u00f6rl\u0151ket. Ezekhez a t\u00f6m\u00edt\u00e9sekhez kop\u00e1s\u00e1ll\u00f3 anyagokat, p\u00e9ld\u00e1ul poliuret\u00e1nt \u00e9s nitrilgumit haszn\u00e1lnak. A hengertest \u00e9s a menetes v\u00e9gek finommegmunk\u00e1l\u00e1s\u00faak a kop\u00e1s\u00e1ll\u00f3s\u00e1g jav\u00edt\u00e1sa \u00e9rdek\u00e9ben. A megfelel\u0151 ken\u00e9s biztos\u00edt\u00e1sa \u00e9rdek\u00e9ben rendszeres id\u0151k\u00f6z\u00f6nk\u00e9nt megfelel\u0151 mennyis\u00e9g\u0171 hidraulikaolajat kell ut\u00e1nt\u00f6lteni.<\/p>\n<h2>Karbantart\u00e1s \u00e9s jav\u00edt\u00e1s<\/h2>\n<p>A Lovol FR80G kis kotr\u00f3g\u00e9p kan\u00e1lhenger\u00e9nek hossz\u00fa t\u00e1v\u00fa teljes\u00edtm\u00e9ny\u00e9nek biztos\u00edt\u00e1s\u00e1hoz rendszeres karbantart\u00e1s \u00e9s jav\u00edt\u00e1s sz\u00fcks\u00e9ges. A k\u00f6vetkez\u0151 feladatokat kell elv\u00e9gezni:<\/p>\n<ul>\n<li>Rendszeres ellen\u0151rz\u00e9s<\/li>\n<li>Megfelel\u0151 ken\u00e9s<\/li>\n<li>T\u00f6m\u00edt\u00e9s csere<\/li>\n<li>Kalibr\u00e1ci\u00f3s ellen\u0151rz\u00e9s<\/li>\n<\/ul>\n<p>A megfelel\u0151 beszerel\u00e9s, ken\u00e9s \u00e9s be\u00e1ll\u00edt\u00e1s elengedhetetlen a henger hossz\u00fa \u00e9lettartam\u00e1hoz \u00e9s biztons\u00e1gos m\u0171k\u00f6d\u00e9s\u00e9hez. A henger megfelel\u0151 be\u00e1ll\u00edt\u00e1sa a beszerel\u00e9s sor\u00e1n kulcsfontoss\u00e1g\u00fa, \u00e9s a henger r\u00f6gz\u00edt\u00e9s\u00e9hez megfelel\u0151 r\u00f6gz\u00edt\u0151konzolokat kell haszn\u00e1lni. A serleghenger \u00e9lettartam\u00e1nak meghosszabb\u00edt\u00e1sa \u00e9rdek\u00e9ben be kell tartani az aj\u00e1nlott ellen\u0151rz\u00e9si, jav\u00edt\u00e1si \u00e9s csere elj\u00e1r\u00e1sokat \u00e9s technik\u00e1kat.<\/p>\n<p><img decoding=\"async\" src=\"https:\/\/www.hydraulic-cylinders.net\/wp-content\/uploads\/2025\/01\/songte-chushion-collar.webp\" alt=\"V\u00f6d\u00f6r henger p\u00e1rna gall\u00e9r k\u00e9p\"><\/p>\n<h2>Biztons\u00e1gi \u00e9s k\u00f6rnyezetv\u00e9delmi szempontok<\/h2>\n<p>A Lovol FR80G kis kotr\u00f3g\u00e9p kan\u00e1lhenger\u00e9nek haszn\u00e1latakor biztons\u00e1gi \u00f3vint\u00e9zked\u00e9seket kell tenni a balesetek megel\u0151z\u00e9se \u00e9rdek\u00e9ben. Megfelel\u0151 v\u00e9d\u0151felszerel\u00e9st kell viselni, \u00e9s be kell tartani a biztons\u00e1gi ir\u00e1nyelveket. A henger haszn\u00e1latakor a k\u00f6rnyezeti t\u00e9nyez\u0151ket, p\u00e9ld\u00e1ul a zajszennyez\u00e9st, a l\u00e9gszennyez\u00e9st \u00e9s a hullad\u00e9kkezel\u00e9st is figyelembe kell venni.<\/p>\n<h2>Gyakori hib\u00e1k diagnosztiz\u00e1l\u00e1sa \u00e9s megold\u00e1sai<\/h2>\n<p>A Lovol FR80G kis kotr\u00f3g\u00e9p kan\u00e1lhenger\u00e9nek gyakori hib\u00e1i k\u00f6z\u00e9 tartozik a hidraulikaolaj sziv\u00e1rg\u00e1sa, az el\u00e9gtelen er\u0151 \u00e9s a rendellenes zaj. Ezeket a hib\u00e1kat a henger ellen\u0151rz\u00e9s\u00e9vel, a kopott alkatr\u00e9szek cser\u00e9j\u00e9vel \u00e9s a hidraulikus rendszer be\u00e1ll\u00edt\u00e1s\u00e1val lehet diagnosztiz\u00e1lni \u00e9s elh\u00e1r\u00edtani. A megel\u0151z\u0151 int\u00e9zked\u00e9sek, mint p\u00e9ld\u00e1ul a megfelel\u0151 ken\u00e9s \u00e9s a rendszeres ellen\u0151rz\u00e9s, minimaliz\u00e1lhatj\u00e1k a lehets\u00e9ges probl\u00e9m\u00e1kat.<\/p>\n<p><img decoding=\"async\" src=\"https:\/\/www.hydraulic-cylinders.net\/wp-content\/uploads\/2025\/01\/songte-bushings-with-all-kinds-of-excavator-models.webp\" alt=\"V\u00f6d\u00f6r henger perselyek k\u00e9pe\"><\/p>\n<h2>C\u00e9g\u00fcnkr\u0151l<\/h2>\n<p>Hidraulikus hengerek cserealkatr\u00e9szeinek gy\u00e1rt\u00f3ja vagyunk. C\u00e9g\u00fcnk teljes term\u00e9kk\u00edn\u00e1latot k\u00edn\u00e1l, \u00e9s m\u00e1ra a hidraulikus hengerek egyik vezet\u0151 gy\u00e1rt\u00f3j\u00e1v\u00e1 \u00e9s nagykereskedelmi forgalmaz\u00f3j\u00e1v\u00e1 v\u00e1lt mind a hazai, mind a nemzetk\u00f6zi piacokon. Kiv\u00e1l\u00f3 min\u0151s\u00e9gi politik\u00e1t k\u00f6vet\u00fcnk, iparos\u00edtott termel\u00e9sir\u00e1ny\u00edt\u00e1si strat\u00e9gi\u00e1kra t\u00e1maszkodunk finoman kidolgozott gy\u00e1rt\u00f3m\u0171helyeinkben, fejlesztj\u00fck gy\u00e1rt\u00e1si platformunkat, \u00e9s t\u00f6k\u00e9letes\u00edtj\u00fck a term\u00e9kmin\u0151s\u00e9gi gy\u00e1rt\u00f3sorokat m\u0171szaki szem\u00e9lyzet, digit\u00e1lis, cs\u00facskateg\u00f3ri\u00e1s gy\u00e1rt\u00f3berendez\u00e9sek \u00e9s professzion\u00e1lis tesztel\u0151rendszerek seg\u00edts\u00e9g\u00e9vel. Er\u0151s kreat\u00edv k\u00e9pess\u00e9gekkel rendelkez\u00fcnk, \u00e9s nagy hat\u00e9konys\u00e1g\u00fa, nagy pontoss\u00e1g\u00fa \u00e9s kiv\u00e1l\u00f3 min\u0151s\u00e9g\u0171 alapelveinkkel el\u00e9g\u00edtj\u00fck ki \u00fcgyfeleink sokr\u00e9t\u0171 ig\u00e9nyeit. Testreszabott szolg\u00e1ltat\u00e1sokat, gy\u00e1rt\u00f3berendez\u00e9seket \u00e9s \u00e9rt\u00e9kes\u00edt\u00e9s ut\u00e1ni szolg\u00e1ltat\u00e1sokat k\u00edn\u00e1lunk.<\/p>\n<p><img decoding=\"async\" src=\"https:\/\/hzpt.com\/wp-content\/uploads\/2024\/11\/songte-company-1.webp\" alt=\"C\u00e9ges fot\u00f3\"><\/p>\n<h3>Szakmaiass\u00e1g<\/h3>\n<p>C\u00e9g\u00fcnk elk\u00f6telezett a kiv\u00e1l\u00f3 min\u0151s\u00e9g\u0171 hidraulikus hengerek cser\u00e9je ir\u00e1nt, \u00e9s sok\u00e9ves tapasztalattal rendelkezik az ipar\u00e1gban. Magasan k\u00e9pzett technikusokb\u00f3l \u00e1ll\u00f3 csapatunk \u00e9s modern gy\u00e1rt\u00f3berendez\u00e9seink biztos\u00edtj\u00e1k, hogy term\u00e9keink megfeleljenek a legmagasabb min\u0151s\u00e9gi \u00e9s tart\u00f3ss\u00e1gi szabv\u00e1nyoknak.<\/p>\n<h3>Nemzetk\u00f6zi min\u0151s\u00edt\u00e9s<\/h3>\n<p>Term\u00e9keink megfeleltek a nemzetk\u00f6zi min\u0151s\u00e9gi tan\u00fas\u00edtv\u00e1nyoknak, mint p\u00e9ld\u00e1ul az ISO9001, CE \u00e9s SGS, \u00edgy biztos\u00edtva, hogy term\u00e9keink megfeleljenek a nemzetk\u00f6zi min\u0151s\u00e9gi el\u0151\u00edr\u00e1soknak.<\/p>\n<h3>Testreszab\u00e1si szolg\u00e1ltat\u00e1sok<\/h3>\n<p>Testreszabott szolg\u00e1ltat\u00e1sokat k\u00edn\u00e1lunk \u00fcgyfeleink egyedi ig\u00e9nyeinek kiel\u00e9g\u00edt\u00e9s\u00e9re. A hengert az \u00fcgyf\u00e9l ig\u00e9nyei szerint tudjuk testre szabni, bele\u00e9rtve a henger m\u00e9ret\u00e9t, alakj\u00e1t \u00e9s anyag\u00e1t is. Arra t\u00f6reksz\u00fcnk, hogy \u00fcgyfeleinknek a lehet\u0151 legjobb megold\u00e1sokat ny\u00fajtsuk hidraulikus henger ig\u00e9nyeikre.<\/p>\n<h3>Termel\u00e9si berendez\u00e9sek<\/h3>\n<p>C\u00e9g\u00fcnk modern gy\u00e1rt\u00f3berendez\u00e9sekkel rendelkezik, bele\u00e9rtve a prec\u00edzi\u00f3s CNC megmunk\u00e1l\u00f3k\u00f6zpontokat, eszterg\u00e1kat \u00e9s egy\u00e9b berendez\u00e9seket, amelyek lehet\u0151v\u00e9 teszik sz\u00e1munkra, hogy hat\u00e9konyan \u00e9s nagy mennyis\u00e9gben gy\u00e1rtsunk kiv\u00e1l\u00f3 min\u0151s\u00e9g\u0171 hidraulikus hengereket.<\/p>\n<h3>\u00c9rt\u00e9kes\u00edt\u00e9s ut\u00e1ni szolg\u00e1ltat\u00e1s<\/h3>\n<p>\u00c9rt\u00e9kes\u00edt\u00e9s ut\u00e1ni szolg\u00e1ltat\u00e1st ny\u00fajtunk \u00fcgyfeleinknek, bele\u00e9rtve a m\u0171szaki t\u00e1mogat\u00e1st, a jav\u00edt\u00e1si szolg\u00e1ltat\u00e1sokat \u00e9s a cserealkatr\u00e9szeket. Tapasztalt technikusokb\u00f3l \u00e1ll\u00f3 csapatunk id\u0151ben \u00e9s hat\u00e9konyan tud m\u0171szaki t\u00e1mogat\u00e1st ny\u00fajtani \u00fcgyfeleinknek.<\/p>\n<p>Szerz\u0151: lyl<\/p>","protected":false},"excerpt":{"rendered":"<p>Bucket Cylinder For Lovol Small Excavator FR80G Introduction The bucket cylinder for Lovol small excavator FR80G is a specially designed hydraulic cylinder used primarily to control the movement of the bucket in heavy machinery such as excavators, backhoe excavators, and front-end loaders. Its main function is to enable the bucket to lift, lower, and tilt, [&hellip;]<\/p>","protected":false},"featured_media":14789,"comment_status":"open","ping_status":"closed","template":"","meta":{"_et_pb_use_builder":"","_et_pb_old_content":"","_et_gb_content_width":""},"product_brand":[],"product_cat":[1494],"product_tag":[1495,1496],"class_list":{"0":"post-15552","1":"product","2":"type-product","3":"status-publish","4":"has-post-thumbnail","6":"product_cat-bucket-cylinders","7":"product_tag-bucket-cylinders","8":"product_tag-hydraulic-cylinders","10":"first","11":"instock","12":"shipping-taxable","13":"product-type-simple"},"amp_enabled":true,"_links":{"self":[{"href":"https:\/\/www.hydraulic-cylinders.net\/hu\/wp-json\/wp\/v2\/product\/15552","targetHints":{"allow":["GET"]}}],"collection":[{"href":"https:\/\/www.hydraulic-cylinders.net\/hu\/wp-json\/wp\/v2\/product"}],"about":[{"href":"https:\/\/www.hydraulic-cylinders.net\/hu\/wp-json\/wp\/v2\/types\/product"}],"replies":[{"embeddable":true,"href":"https:\/\/www.hydraulic-cylinders.net\/hu\/wp-json\/wp\/v2\/comments?post=15552"}],"wp:featuredmedia":[{"embeddable":true,"href":"https:\/\/www.hydraulic-cylinders.net\/hu\/wp-json\/wp\/v2\/media\/14789"}],"wp:attachment":[{"href":"https:\/\/www.hydraulic-cylinders.net\/hu\/wp-json\/wp\/v2\/media?parent=15552"}],"wp:term":[{"taxonomy":"product_brand","embeddable":true,"href":"https:\/\/www.hydraulic-cylinders.net\/hu\/wp-json\/wp\/v2\/product_brand?post=15552"},{"taxonomy":"product_cat","embeddable":true,"href":"https:\/\/www.hydraulic-cylinders.net\/hu\/wp-json\/wp\/v2\/product_cat?post=15552"},{"taxonomy":"product_tag","embeddable":true,"href":"https:\/\/www.hydraulic-cylinders.net\/hu\/wp-json\/wp\/v2\/product_tag?post=15552"}],"curies":[{"name":"munkaf\u00fczet","href":"https:\/\/api.w.org\/{rel}","templated":true}]}}