{"id":15576,"date":"2025-01-19T14:42:15","date_gmt":"2025-01-19T14:42:15","guid":{"rendered":"https:\/\/www.hydraulic-cylinders.net\/product\/bucket-cylinder-for-liugong-middle-excavator-clg225c\/"},"modified":"2025-01-19T14:42:17","modified_gmt":"2025-01-19T14:42:17","slug":"bucket-cylinder-for-liugong-middle-excavator-clg225c","status":"publish","type":"product","link":"https:\/\/www.hydraulic-cylinders.net\/hu\/termek\/bucket-cylinder-for-liugong-middle-excavator-clg225c\/","title":{"rendered":"Kan\u00e1lhenger Liugong k\u00f6z\u00e9ps\u0151 kotr\u00f3g\u00e9phez CLG225C"},"content":{"rendered":"<h1>Kan\u00e1lhenger Liugong k\u00f6z\u00e9ps\u0151 kotr\u00f3g\u00e9phez CLG225C<\/h1>\n<h2>Bevezet\u00e9s<\/h2>\n<p>A kan\u00e1lhenger, m\u00e1s n\u00e9ven kotr\u00f3g\u00e9p karhenger, egy speci\u00e1lisan tervezett hidraulikus henger, amelyet els\u0151sorban a kan\u00e1l mozg\u00e1s\u00e1nak vez\u00e9rl\u00e9s\u00e9re haszn\u00e1lnak neh\u00e9zg\u00e9pekben, p\u00e9ld\u00e1ul kotr\u00f3g\u00e9pekben, kotr\u00f3g\u00e9pekben \u00e9s homlokrakod\u00f3kban. F\u0151 funkci\u00f3ja a kan\u00e1l emel\u00e9s\u00e9nek, s\u00fcllyeszt\u00e9s\u00e9nek \u00e9s billent\u00e9s\u00e9nek lehet\u0151v\u00e9 t\u00e9tele, ez\u00e1ltal megk\u00f6nny\u00edtve a k\u00fcl\u00f6nf\u00e9le anyagmozgat\u00e1si feladatokat. A hidraulikus rendszerben a kan\u00e1lhenger a hidraulikaolaj nyom\u00e1s\u00e1nak v\u00e1ltoztat\u00e1s\u00e1val prec\u00edzen szab\u00e1lyozza a kan\u00e1l mozg\u00e1s\u00e1t, lehet\u0151v\u00e9 t\u00e9ve a kezel\u0151k sz\u00e1m\u00e1ra, hogy hat\u00e9konyan kezelj\u00e9k a neh\u00e9z terheket, \u00e9s alkalmazkodjanak az \u00f6sszetett munkak\u00f6rnyezetekhez \u00e9s a v\u00e1ltozatos m\u0171k\u00f6d\u00e9si ig\u00e9nyekhez.<\/p>\n<p><img decoding=\"async\" src=\"https:\/\/www.hydraulic-cylinders.net\/wp-content\/uploads\/2025\/01\/songte-company-2.webp\" alt=\"Kan\u00e1lhenger Liugong k\u00f6z\u00e9ps\u0151 kotr\u00f3g\u00e9phez CLG225C\"><\/p>\n<h2>Jellemz\u0151k<\/h2>\n<ul>\n<li>\n<h3>Nagy szil\u00e1rds\u00e1g \u00e9s tart\u00f3ss\u00e1g<\/h3>\n<p>A kan\u00e1lhenger \u00e1ltal\u00e1ban nagy szil\u00e1rds\u00e1g\u00fa ac\u00e9lb\u00f3l vagy alum\u00edniumb\u00f3l k\u00e9sz\u00fcl, \u00e9s nagy nyom\u00e1st \u00e9s nagy terhel\u00e9st b\u00edr ki, \u00edgy alkalmass\u00e1 teszi zord munkak\u00f6rnyezetre. Tervez\u00e9se sor\u00e1n figyelembe vett\u00e9k a kop\u00e1s\u00e1ll\u00f3s\u00e1got \u00e9s a korr\u00f3zi\u00f3\u00e1ll\u00f3s\u00e1got, ami meghosszabb\u00edtja az \u00e9lettartam\u00e1t.<\/p>\n<\/li>\n<li>\n<h3>Hat\u00e9kony hidraulikus m\u0171k\u00f6dtet\u00e9s<\/h3>\n<p>A kan\u00e1lhenger a hidraulikaolaj nyom\u00e1s\u00e1t haszn\u00e1lja a sima kitol\u00e1si \u00e9s visszah\u00faz\u00e1si m\u0171veletekhez, er\u0151teljes tol\u00f3- \u00e9s h\u00faz\u00f3er\u0151ket biztos\u00edtva, \u00e9s alkalmas neh\u00e9z terhek \u00e9s \u00f6sszetett \u00fczemeltet\u00e9si feladatok kezel\u00e9s\u00e9re.<\/p>\n<\/li>\n<li>\n<h3>K\u00fcl\u00f6nb\u00f6z\u0151 t\u00edpusok<\/h3>\n<p>A kan\u00e1lhenger lehet egyszeres m\u0171k\u00f6d\u00e9s\u0171 (a hidraulika csak az egyik ir\u00e1nyban m\u0171k\u00f6dik) vagy kett\u0151s m\u0171k\u00f6d\u00e9s\u0171 (a hidraulika mindk\u00e9t ir\u00e1nyban m\u0171k\u00f6dik), az \u00fczemeltet\u00e9si ig\u00e9nyekt\u0151l f\u00fcgg\u0151en. Bizonyos modellek teleszk\u00f3posak, ami nagyobb kiny\u00fal\u00e1st tesz lehet\u0151v\u00e9 a k\u00fcls\u0151 m\u00e9retek n\u00f6vel\u00e9se n\u00e9lk\u00fcl, \u00edgy alkalmasak korl\u00e1tozott helyig\u00e9ny\u0171 alkalmaz\u00e1sokhoz.<\/p>\n<\/li>\n<li>\n<h3>T\u00f6k\u00e9letes csere<\/h3>\n<p>Term\u00e9k\u00fcnk t\u00f6k\u00e9letesen helyettes\u00edtheti ezeket a hidraulikus hengereket. Kiv\u00e1l\u00f3 min\u0151s\u00e9gben \u00e9s megfizethet\u0151 \u00e1ron tudjuk el\u0151\u00e1ll\u00edtani.<\/p>\n<\/li>\n<\/ul>\n<p><img decoding=\"async\" src=\"https:\/\/www.hydraulic-cylinders.net\/wp-content\/uploads\/2025\/01\/songte-cylinder-head-with-all-kinds-excavator-models.webp\" alt=\"Kan\u00e1lhenger Liugong k\u00f6z\u00e9ps\u0151 kotr\u00f3g\u00e9phez CLG225C\"><\/p>\n<h2>Alkalmaz\u00e1sok<\/h2>\n<p>A v\u00f6d\u00f6rhenger sz\u00e1mos alkalmaz\u00e1si ter\u00fcleten megtal\u00e1lhat\u00f3 a k\u00fcl\u00f6nb\u00f6z\u0151 ipar\u00e1gakban, p\u00e9ld\u00e1ul:<\/p>\n<ul>\n<li>\n<h3>\u00c9p\u00edt\u0151ipari berendez\u00e9sek<\/h3>\n<p>Kotr\u00f3g\u00e9pekben a kan\u00e1lhenger elengedhetetlen az \u00e1s\u00e1shoz, rakod\u00e1shoz \u00e9s talaj vagy t\u00f6rmel\u00e9k mozgat\u00e1s\u00e1hoz. Kotr\u00f3g\u00e9pekben a kan\u00e1lhenger seg\u00edt az \u00e1s\u00e1sban \u00e9s az emel\u00e9sben. Homlokrakod\u00f3kban az \u00e1ruk hat\u00e9kony emel\u00e9s\u00e9ben \u00e9s \u00fcr\u00edt\u00e9s\u00e9ben seg\u00edt.<\/p>\n<\/li>\n<li>\n<h3>Mez\u0151gazdas\u00e1gi g\u00e9pek<\/h3>\n<p>A kan\u00e1lhengert homlokrakod\u00f3kban haszn\u00e1lj\u00e1k talaj, sz\u00e9na \u00e9s egy\u00e9b anyagok \u00e1s\u00e1s\u00e1ra, emel\u00e9s\u00e9re \u00e9s sz\u00e1ll\u00edt\u00e1s\u00e1ra.<\/p>\n<\/li>\n<li>\n<h3>Kotr\u00f3g\u00e9pek<\/h3>\n<p>A kan\u00e1lhenger lehet\u0151v\u00e9 teszi, hogy a kan\u00e1l behatoljon a talajba \u00e9s \u00e1s\u00e1si m\u0171veleteket v\u00e9gezzen.<\/p>\n<\/li>\n<li>\n<h3>Rakod\u00f3k<\/h3>\n<p>A homlokrakod\u00f3kn\u00e1l a kan\u00e1lhenger hat\u00e9konyan seg\u00edt az \u00e1ruk emel\u00e9s\u00e9ben \u00e9s billent\u00e9s\u00e9ben.<\/p>\n<\/li>\n<\/ul>\n<h2>Tervez\u00e9si szempontok \u00e9s kiv\u00e1laszt\u00e1si krit\u00e9riumok<\/h2>\n<p>The bucket cylinder&#8217;s design consideration includes its bearing capacity, sealing performance, durability, safety, and maintainability. <\/p>\n<ul>\n<li>\n<h3>Teherb\u00edr\u00e1s<\/h3>\n<p>A teherb\u00edr\u00e1s kisz\u00e1m\u00edt\u00e1sa l\u00e9tfontoss\u00e1g\u00fa szerepet j\u00e1tszik a megfelel\u0151 kan\u00e1lhenger kiv\u00e1laszt\u00e1s\u00e1ban. A hengernek el kell b\u00edrnia a nagy terhel\u00e9st, ez\u00e9rt elengedhetetlen a nagy teherb\u00edr\u00e1s\u00fa henger kiv\u00e1laszt\u00e1sa.<\/p>\n<\/li>\n<li>\n<h3>T\u00f6m\u00edt\u00e9si teljes\u00edtm\u00e9ny<\/h3>\n<p>A serleghenger k\u00fcl\u00f6nf\u00e9le t\u00f6m\u00edt\u0151elemeket haszn\u00e1l, p\u00e9ld\u00e1ul dugatty\u00fat\u00f6m\u00edt\u00e9seket \u00e9s r\u00fadt\u00f6m\u00edt\u00e9seket. A kiv\u00e1l\u00f3 min\u0151s\u00e9g\u0171 t\u00f6m\u00edt\u00e9sekkel ell\u00e1tott henger kiv\u00e1laszt\u00e1sa biztos\u00edtja az optim\u00e1lis teljes\u00edtm\u00e9nyt \u00e9s a sziv\u00e1rg\u00e1s megakad\u00e1lyoz\u00e1s\u00e1t.<\/p>\n<\/li>\n<li>\n<h3>Tart\u00f3ss\u00e1g<\/h3>\n<p>A kan\u00e1lhenger zord munkak\u00f6r\u00fclm\u00e9nyeknek van kit\u00e9ve, ez\u00e9rt hossz\u00fa \u00e9lettartamra van sz\u00fcks\u00e9g. A henger anyaga, megmunk\u00e1l\u00e1sa \u00e9s h\u0151kezel\u00e9se befoly\u00e1solja a tart\u00f3ss\u00e1g\u00e1t.<\/p>\n<\/li>\n<li>\n<h3>Biztons\u00e1g<\/h3>\n<p>A serlegpalackoknak meg kell felelni\u00fck a biztons\u00e1gi el\u0151\u00edr\u00e1soknak a balesetek \u00e9s s\u00e9r\u00fcl\u00e9sek megel\u0151z\u00e9se \u00e9rdek\u00e9ben. A biztons\u00e1gos \u00fczemeltet\u00e9s \u00e9rdek\u00e9ben elengedhetetlen a biztons\u00e1gi funkci\u00f3kkal, p\u00e9ld\u00e1ul t\u00falterhel\u00e9sv\u00e9delemmel \u00e9s nyom\u00e1scs\u00f6kkent\u0151 szeleppel ell\u00e1tott palackok kiv\u00e1laszt\u00e1sa.<\/p>\n<\/li>\n<li>\n<h3>Karbantarthat\u00f3s\u00e1g<\/h3>\n<p>A kan\u00e1lhenger rendszeres karbantart\u00e1st ig\u00e9nyel a megfelel\u0151 m\u0171k\u00f6d\u00e9s biztos\u00edt\u00e1sa \u00e9rdek\u00e9ben. A henger kialak\u00edt\u00e1sa, amely lehet\u0151v\u00e9 teszi az egyszer\u0171 karbantart\u00e1st \u00e9s jav\u00edt\u00e1st, cs\u00f6kkentheti az \u00e1ll\u00e1sid\u0151t \u00e9s n\u00f6velheti a hat\u00e9konys\u00e1got.<\/p>\n<\/li>\n<\/ul>\n<p><img decoding=\"async\" src=\"https:\/\/www.hydraulic-cylinders.net\/wp-content\/uploads\/2025\/01\/songte-oil-pipes-and-spare-parts.webp\" alt=\"Kan\u00e1lhenger Liugong k\u00f6z\u00e9ps\u0151 kotr\u00f3g\u00e9phez CLG225C\"><\/p>\n<h2>T\u00f6m\u00edt\u00e9s \u00e9s ken\u00e9s<\/h2>\n<p>A kan\u00e1lhenger k\u00fcl\u00f6nf\u00e9le t\u00f6m\u00edt\u0151elemeket tartalmaz, p\u00e9ld\u00e1ul dugatty\u00fat\u00f6m\u00edt\u00e9seket \u00e9s r\u00fadt\u00f6m\u00edt\u00e9seket. A megfelel\u0151 t\u00f6m\u00edt\u0151anyag kiv\u00e1laszt\u00e1sa \u00e9s a megfelel\u0151 ken\u00e9s biztos\u00edt\u00e1sa elengedhetetlen az optim\u00e1lis teljes\u00edtm\u00e9ny \u00e9s \u00e9lettartam \u00e9rdek\u00e9ben. A megfelel\u0151 mennyis\u00e9g\u0171 hidraulikaolaj rendszeres hozz\u00e1ad\u00e1sa sz\u00fcks\u00e9ges a megfelel\u0151 ken\u00e9shez.<\/p>\n<h2>Karbantart\u00e1s \u00e9s jav\u00edt\u00e1s<\/h2>\n<p>A kan\u00e1lhenger rendszeres karbantart\u00e1st \u00e9s jav\u00edt\u00e1st ig\u00e9nyel az \u00e9lettartam\u00e1nak meghosszabb\u00edt\u00e1sa, az \u00e1ll\u00e1sid\u0151 cs\u00f6kkent\u00e9se \u00e9s a hat\u00e9konys\u00e1g jav\u00edt\u00e1sa \u00e9rdek\u00e9ben. A rendszeres karbantart\u00e1si feladatok a k\u00f6vetkez\u0151k:<\/p>\n<ul>\n<li>\n<h3>Id\u0151szakos ellen\u0151rz\u00e9s<\/h3>\n<p>A kan\u00e1lhenger kop\u00e1s\u00e1nak, s\u00e9r\u00fcl\u00e9s\u00e9nek \u00e9s sziv\u00e1rg\u00e1s\u00e1nak ellen\u0151rz\u00e9se, valamint az elkopott t\u00f6m\u00edt\u00e9sek vagy alkatr\u00e9szek cser\u00e9je.<\/p>\n<\/li>\n<li>\n<h3>Ken\u00e9s<\/h3>\n<p>A henger rendszeres ken\u00e9se \u00e9s a hidraulikaolaj szintj\u00e9nek megfelel\u0151 szinten tart\u00e1sa.<\/p>\n<\/li>\n<li>\n<h3>T\u00f6m\u00edt\u00e9scsere \u00e9s kalibr\u00e1l\u00e1s ellen\u0151rz\u00e9se<\/h3>\n<p>A t\u00f6m\u00edt\u00e9s sz\u00fcks\u00e9g szerinti cser\u00e9je \u00e9s a henger kalibr\u00e1l\u00e1s\u00e1nak ellen\u0151rz\u00e9se a megfelel\u0151 m\u0171k\u00f6d\u00e9s biztos\u00edt\u00e1sa \u00e9rdek\u00e9ben.<\/p>\n<\/li>\n<\/ul>\n<p>Proper installation is crucial to ensure the cylinder&#8217;s optimal functioning. Aligning the cylinder correctly and using appropriate installation brackets to secure it is necessary. Recommended inspection, maintenance, and replacement procedures are also vital to increase the bucket cylinder&#8217;s service life.<\/p>\n<p><img decoding=\"async\" src=\"https:\/\/www.hydraulic-cylinders.net\/wp-content\/uploads\/2025\/01\/songte-chushion-collar.webp\" alt=\"Kan\u00e1lhenger Liugong k\u00f6z\u00e9ps\u0151 kotr\u00f3g\u00e9phez CLG225C\"><\/p>\n<h2>Biztons\u00e1gi \u00e9s k\u00f6rnyezetv\u00e9delmi szempontok<\/h2>\n<p>A kan\u00e1lhenger haszn\u00e1latakor elengedhetetlen a biztons\u00e1gi \u00f3vint\u00e9zked\u00e9sek betart\u00e1sa a balesetek \u00e9s s\u00e9r\u00fcl\u00e9sek megel\u0151z\u00e9se \u00e9rdek\u00e9ben. A hidraulikaolaj \u00e9s m\u00e1s vesz\u00e9lyes anyagok megfelel\u0151 \u00e1rtalmatlan\u00edt\u00e1sa is sz\u00fcks\u00e9ges a k\u00f6rnyezetszennyez\u00e9s megel\u0151z\u00e9se \u00e9rdek\u00e9ben.<\/p>\n<h2>Hibaelh\u00e1r\u00edt\u00e1s<\/h2>\n<p>A kan\u00e1lhenger gyakori probl\u00e9m\u00e1i k\u00f6z\u00e9 tartozik a sziv\u00e1rg\u00e1s, a nem megfelel\u0151 m\u0171k\u00f6d\u00e9s \u00e9s a t\u00f6m\u00edt\u00e9sek s\u00e9r\u00fcl\u00e9se. A megfelel\u0151 karbantart\u00e1s \u00e9s jav\u00edt\u00e1s megel\u0151zheti ezeket a probl\u00e9m\u00e1kat. Ha a probl\u00e9m\u00e1k tov\u00e1bbra is fenn\u00e1llnak, ellen\u0151rizze a k\u00f6vetkez\u0151ket: <\/p>\n<ul>\n<li>\n<h3>Alacsony hidraulikaolaj-szint<\/h3>\n<p>Ellen\u0151rizze a hidraulikaolaj szintj\u00e9t, \u00e9s sz\u00fcks\u00e9g szerint t\u00f6lts\u00f6n ut\u00e1na olajat.<\/p>\n<\/li>\n<li>\n<h3>Kopott t\u00f6m\u00edt\u00e9sek<\/h3>\n<p>Vizsg\u00e1lja meg a kan\u00e1lhenger t\u00f6m\u00edt\u00e9seit, hogy nincsenek-e elkopva, \u00e9s sz\u00fcks\u00e9g eset\u00e9n cser\u00e9lje ki azokat.<\/p>\n<\/li>\n<li>\n<h3>K\u00e1r<\/h3>\n<p>Ellen\u0151rizze a s\u00e9r\u00fcl\u00e9seket, p\u00e9ld\u00e1ul a g\u00f6rb\u00fclt vagy t\u00f6r\u00f6tt alkatr\u00e9szeket, \u00e9s azonnal cser\u00e9lje ki azokat.<\/p>\n<\/li>\n<\/ul>\n<h2>C\u00e9gbemutat\u00f3<\/h2>\n<p>A hidraulikus hengerek vezet\u0151 gy\u00e1rt\u00f3i \u00e9s nagykereskedelmi forgalmaz\u00f3i vagyunk a hazai \u00e9s a nemzetk\u00f6zi piacokon. Teljes term\u00e9kk\u00edn\u00e1latot k\u00edn\u00e1lunk, \u00e9s elk\u00f6telezettek vagyunk a kiv\u00e1l\u00f3 min\u0151s\u00e9g biztos\u00edt\u00e1sa ir\u00e1nt iparos\u00edtott termel\u00e9sir\u00e1ny\u00edt\u00e1si strat\u00e9gi\u00e1ink r\u00e9v\u00e9n. Prec\u00edzi\u00f3s gy\u00e1rt\u00f3m\u0171hely\u00fcnk, fejlett technol\u00f3gi\u00e1k alkalmaz\u00e1sa \u00e9s professzion\u00e1lis tesztel\u0151rendszereink biztos\u00edtj\u00e1k a kiv\u00e1l\u00f3 min\u0151s\u00e9g\u0171 term\u00e9keket, amelyek megfelelnek a sokr\u00e9t\u0171 \u00fcgyf\u00e9lig\u00e9nyeknek. <\/p>\n<p><img decoding=\"async\" src=\"https:\/\/hzpt.com\/wp-content\/uploads\/2024\/11\/songte-company-1.webp\" alt=\"Kan\u00e1lhenger Liugong k\u00f6z\u00e9ps\u0151 kotr\u00f3g\u00e9phez CLG225C\"><\/p>\n<h3>C\u00e9g\u00fcnk er\u0151ss\u00e9gei:<\/h3>\n<ul>\n<li>Szakmaiass\u00e1g<\/li>\n<li>Nemzetk\u00f6zi min\u0151s\u00edt\u00e9s<\/li>\n<li>Testreszabott szolg\u00e1ltat\u00e1sok<\/li>\n<li>Korszer\u0171 gy\u00e1rt\u00f3berendez\u00e9sek<\/li>\n<li>Kiv\u00e1l\u00f3 \u00e9rt\u00e9kes\u00edt\u00e9s ut\u00e1ni szolg\u00e1ltat\u00e1s<\/li>\n<\/ul>\n<p>Elk\u00f6telezettek vagyunk amellett, hogy kiv\u00e1l\u00f3 min\u0151s\u00e9g\u0171 hidraulikus hengereket sz\u00e1ll\u00edtsunk, amelyek megfelelnek az \u00fcgyfelek ig\u00e9nyeinek \u00e9s fel\u00fclm\u00falj\u00e1k az elv\u00e1r\u00e1sokat. <\/p>\n<p><img decoding=\"async\" src=\"https:\/\/www.hydraulic-cylinders.net\/wp-content\/uploads\/2025\/01\/songte-company-3.webp\" alt=\"Kan\u00e1lhenger Liugong k\u00f6z\u00e9ps\u0151 kotr\u00f3g\u00e9phez CLG225C\"><\/p>\n<p>Szerz\u0151: lyl<\/p>","protected":false},"excerpt":{"rendered":"<p>Bucket Cylinder For Liugong Middle Excavator CLG225C Introduction The bucket cylinder, also known as the excavator arm cylinder, is a specially designed hydraulic cylinder primarily used to control the motion of the bucket in heavy machinery such as excavators, backhoes, and front-end loaders. Its main function is to enable the bucket to lift, lower, and [&hellip;]<\/p>","protected":false},"featured_media":14773,"comment_status":"open","ping_status":"closed","template":"","meta":{"_et_pb_use_builder":"","_et_pb_old_content":"","_et_gb_content_width":""},"product_brand":[],"product_cat":[1494],"product_tag":[1495,1496],"class_list":{"0":"post-15576","1":"product","2":"type-product","3":"status-publish","4":"has-post-thumbnail","6":"product_cat-bucket-cylinders","7":"product_tag-bucket-cylinders","8":"product_tag-hydraulic-cylinders","10":"first","11":"instock","12":"shipping-taxable","13":"product-type-simple"},"amp_enabled":true,"_links":{"self":[{"href":"https:\/\/www.hydraulic-cylinders.net\/hu\/wp-json\/wp\/v2\/product\/15576","targetHints":{"allow":["GET"]}}],"collection":[{"href":"https:\/\/www.hydraulic-cylinders.net\/hu\/wp-json\/wp\/v2\/product"}],"about":[{"href":"https:\/\/www.hydraulic-cylinders.net\/hu\/wp-json\/wp\/v2\/types\/product"}],"replies":[{"embeddable":true,"href":"https:\/\/www.hydraulic-cylinders.net\/hu\/wp-json\/wp\/v2\/comments?post=15576"}],"wp:featuredmedia":[{"embeddable":true,"href":"https:\/\/www.hydraulic-cylinders.net\/hu\/wp-json\/wp\/v2\/media\/14773"}],"wp:attachment":[{"href":"https:\/\/www.hydraulic-cylinders.net\/hu\/wp-json\/wp\/v2\/media?parent=15576"}],"wp:term":[{"taxonomy":"product_brand","embeddable":true,"href":"https:\/\/www.hydraulic-cylinders.net\/hu\/wp-json\/wp\/v2\/product_brand?post=15576"},{"taxonomy":"product_cat","embeddable":true,"href":"https:\/\/www.hydraulic-cylinders.net\/hu\/wp-json\/wp\/v2\/product_cat?post=15576"},{"taxonomy":"product_tag","embeddable":true,"href":"https:\/\/www.hydraulic-cylinders.net\/hu\/wp-json\/wp\/v2\/product_tag?post=15576"}],"curies":[{"name":"munkaf\u00fczet","href":"https:\/\/api.w.org\/{rel}","templated":true}]}}