{"id":15585,"date":"2025-01-19T14:42:58","date_gmt":"2025-01-19T14:42:58","guid":{"rendered":"https:\/\/www.hydraulic-cylinders.net\/product\/bucket-cylinder-for-liugong-large-excavator-clg936d\/"},"modified":"2025-01-19T14:43:00","modified_gmt":"2025-01-19T14:43:00","slug":"bucket-cylinder-for-liugong-large-excavator-clg936d","status":"publish","type":"product","link":"https:\/\/www.hydraulic-cylinders.net\/hu\/termek\/bucket-cylinder-for-liugong-large-excavator-clg936d\/","title":{"rendered":"Kan\u00e1lhenger Liugong nagy kotr\u00f3g\u00e9phez CLG936D"},"content":{"rendered":"<h1> Kan\u00e1lhenger Liugong nagy kotr\u00f3g\u00e9phez CLG936D <\/h1>\n<h2> Bevezet\u00e9s <\/h2>\n<h3> Meghat\u00e1roz\u00e1s <\/h3>\n<p>A kan\u00e1lhenger egy speci\u00e1lisan tervezett hidraulikus henger, amelyet els\u0151sorban a kan\u00e1l mozg\u00e1s\u00e1nak vez\u00e9rl\u00e9s\u00e9re haszn\u00e1lnak neh\u00e9zg\u00e9pekben, p\u00e9ld\u00e1ul kotr\u00f3g\u00e9pekben, kotr\u00f3rakod\u00f3kban \u00e9s homlokrakod\u00f3kban. F\u0151 funkci\u00f3ja a kan\u00e1l emel\u00e9se, s\u00fcllyeszt\u00e9se \u00e9s billent\u00e9se, megk\u00f6nny\u00edtve a k\u00fcl\u00f6nf\u00e9le anyagok sz\u00e1ll\u00edt\u00e1s\u00e1t. A hidraulikus rendszerben a kan\u00e1lhenger a hidraulikaolaj nyom\u00e1sv\u00e1ltoz\u00e1sait haszn\u00e1lja a kan\u00e1l pontos vez\u00e9rl\u00e9s\u00e9hez, lehet\u0151v\u00e9 t\u00e9ve a kezel\u0151 sz\u00e1m\u00e1ra a neh\u00e9z terhek hat\u00e9kony kezel\u00e9s\u00e9t, az \u00f6sszetett munkak\u00f6rnyezetekhez \u00e9s a v\u00e1ltozatos m\u0171k\u00f6d\u00e9si ig\u00e9nyekhez val\u00f3 alkalmazkod\u00e1st.<\/p>\n<p><img decoding=\"async\" src=\"https:\/\/www.hydraulic-cylinders.net\/wp-content\/uploads\/2025\/01\/songte-company-2.webp\" alt=\"V\u00f6d\u00f6r henger k\u00e9pe\"><\/p>\n<h3> Jellemz\u0151k <\/h3>\n<ul>\n<li>Nagy szil\u00e1rds\u00e1g \u00e9s tart\u00f3ss\u00e1g: \u00e1ltal\u00e1ban nagy szil\u00e1rds\u00e1g\u00fa ac\u00e9lb\u00f3l vagy alum\u00edniumb\u00f3l k\u00e9sz\u00fcl, k\u00e9pes ellen\u00e1llni a nagy nyom\u00e1snak \u00e9s a nagy terhel\u00e9seknek, alkalmazkodik a zord munkak\u00f6rnyezethez, kop\u00e1s\u00e1ll\u00f3s\u00e1gra \u00e9s korr\u00f3zi\u00f3\u00e1ll\u00f3s\u00e1gra tervezt\u00e9k, meghosszabb\u00edtva az \u00e9lettartamot.<\/li>\n<li>Hat\u00e9kony hidraulikus m\u0171k\u00f6d\u00e9s: a hidraulikaolaj nyom\u00e1s\u00e1t haszn\u00e1lja a sima kiny\u00fajt\u00e1shoz \u00e9s \u00f6sszeh\u00faz\u00f3d\u00e1shoz, gyorsan reag\u00e1l a vez\u00e9rl\u0151parancsokra, er\u0151teljes tol\u00f3- \u00e9s h\u00faz\u00f3er\u0151t biztos\u00edt, alkalmas neh\u00e9z terhek \u00e9s \u00f6sszetett \u00fczemeltet\u00e9si feladatok kezel\u00e9s\u00e9re.<\/li>\n<li>K\u00fcl\u00f6nb\u00f6z\u0151 t\u00edpusok: egyszeres m\u0171k\u00f6d\u00e9s\u0171 (csak egy ir\u00e1nyban haszn\u00e1lhat\u00f3 hidraulikus) vagy kett\u0151s m\u0171k\u00f6d\u00e9s\u0171 (k\u00e9t ir\u00e1nyban haszn\u00e1lhat\u00f3 hidraulikus) hengerek v\u00e1laszthat\u00f3k az ig\u00e9nyeknek megfelel\u0151en, egyes modellek teleszk\u00f3posak, \u00edgy nagyobb kiny\u00fal\u00e1st tesznek lehet\u0151v\u00e9 a k\u00fcls\u0151 m\u00e9retek n\u00f6vel\u00e9se n\u00e9lk\u00fcl, \u00edgy alkalmasak korl\u00e1tozott helyig\u00e9ny\u0171 alkalmaz\u00e1sokhoz.<\/li>\n<li>Cser\u00e9lhet\u0151: term\u00e9k\u00fcnk t\u00f6k\u00e9letesen helyettes\u00edtheti ezeket a hidraulikus hengereket.<\/li>\n<\/ul>\n<p><img decoding=\"async\" src=\"https:\/\/www.hydraulic-cylinders.net\/wp-content\/uploads\/2025\/01\/songte-cylinder-head-with-all-kinds-excavator-models.webp\" alt=\"V\u00f6d\u00f6rhenger csere k\u00e9p\"><\/p>\n<h3> Alkalmaz\u00e1sok <\/h3>\n<p>A v\u00f6d\u00f6rhengereket sz\u00e9les k\u00f6rben haszn\u00e1lj\u00e1k k\u00fcl\u00f6nb\u00f6z\u0151 ipar\u00e1gakban:<\/p>\n<ul>\n<li>\u00c9p\u00edt\u0151ipari berendez\u00e9sek: kotr\u00f3g\u00e9pekben kritikus fontoss\u00e1g\u00faak az \u00e1s\u00e1shoz, a rakod\u00e1shoz \u00e9s a talaj vagy t\u00f6rmel\u00e9k mozgat\u00e1s\u00e1hoz. Kotr\u00f3g\u00e9p-rakod\u00f3kban a kan\u00e1lhenger mind az \u00e1s\u00e1sban, mind az emel\u00e9sben seg\u00edt. <\/li>\n<li>Mez\u0151gazdas\u00e1gi g\u00e9pek: homlokrakod\u00f3kban haszn\u00e1lj\u00e1k talaj, sz\u00e9na \u00e9s egy\u00e9b anyagok kotor\u00e1s\u00e1ra, emel\u00e9s\u00e9re \u00e9s sz\u00e1ll\u00edt\u00e1s\u00e1ra. <\/li>\n<li>Kotr\u00f3g\u00e9pek: a kan\u00e1lhenger \u00fagy \u00e9ri el az \u00e1s\u00e1si m\u0171veletet, hogy lehet\u0151v\u00e9 teszi a kan\u00e1l talajba val\u00f3 behatol\u00e1s\u00e1t. <\/li>\n<li>Homlokrakod\u00f3k: a homlokrakod\u00f3k hat\u00e9konyan seg\u00edtik a rakom\u00e1ny emel\u00e9s\u00e9t \u00e9s billent\u00e9s\u00e9t. <\/li>\n<\/ul>\n<h2> Tervez\u00e9si szempontok \u00e9s kiv\u00e1laszt\u00e1si krit\u00e9riumok <\/h2>\n<h3> F\u0151bb szempontok <\/h3>\n<ul>\n<li>Teherb\u00edr\u00e1s: A kan\u00e1lhengereknek elegend\u0151 teherb\u00edr\u00e1ssal kell rendelkezni\u00fck ahhoz, hogy elb\u00edrj\u00e1k a kan\u00e1l \u00e9s a sz\u00e1ll\u00edtott anyagok s\u00faly\u00e1t. <\/li>\n<li>T\u00f6m\u00edt\u00e9s: A hengert szorosan le kell z\u00e1rni a hidraulikafolyad\u00e9k sziv\u00e1rg\u00e1s\u00e1nak megakad\u00e1lyoz\u00e1sa \u00e9rdek\u00e9ben. <\/li>\n<li>Tart\u00f3ss\u00e1g: A v\u00f6d\u00f6rhengereket kiv\u00e1l\u00f3 min\u0151s\u00e9g\u0171 anyagokb\u00f3l kell k\u00e9sz\u00edteni, hogy ellen\u00e1lljanak a hosszan tart\u00f3 haszn\u00e1latb\u00f3l ered\u0151 kop\u00e1snak \u00e9s elhaszn\u00e1l\u00f3d\u00e1snak. <\/li>\n<li>Biztons\u00e1g: A balesetek kock\u00e1zat\u00e1nak minimaliz\u00e1l\u00e1sa \u00e9rdek\u00e9ben a palack kialak\u00edt\u00e1s\u00e1ba biztons\u00e1gi funkci\u00f3kat kell be\u00e9p\u00edteni. <\/li>\n<li>Karbantart\u00e1s: A hengert \u00fagy kell megtervezni, hogy k\u00f6nnyen karbantarthat\u00f3 \u00e9s jav\u00edthat\u00f3 legyen, minimaliz\u00e1lva az \u00e1ll\u00e1sid\u0151t.<\/li>\n<\/ul>\n<p><img decoding=\"async\" src=\"https:\/\/www.hydraulic-cylinders.net\/wp-content\/uploads\/2025\/01\/songte-oil-pipes-and-spare-parts.webp\" alt=\"V\u00f6d\u00f6rhenger alkatr\u00e9szek k\u00e9pe\"><\/p>\n<h3> T\u00f6m\u00edt\u00e9s \u00e9s ken\u00e9s <\/h3>\n<p>A serleghengerek k\u00fcl\u00f6nf\u00e9le t\u00f6m\u00edt\u0151elemeket haszn\u00e1lnak, mint p\u00e9ld\u00e1ul dugatty\u00fat\u00f6m\u00edt\u00e9sek, r\u00fadt\u00f6m\u00edt\u00e9sek stb., amelyek kop\u00e1s\u00e1ll\u00f3 anyagokb\u00f3l, p\u00e9ld\u00e1ul poliuret\u00e1nb\u00f3l, nitrilkaucsukb\u00f3l stb. k\u00e9sz\u00fclnek. A hengertest \u00e9s a menetes v\u00e9gfel\u00fclet finom megmunk\u00e1l\u00e1son esik \u00e1t a kop\u00e1s\u00e1ll\u00f3s\u00e1g jav\u00edt\u00e1sa \u00e9rdek\u00e9ben. A henger megfelel\u0151 m\u0171k\u00f6d\u00e9s\u00e9nek fenntart\u00e1s\u00e1hoz rendszeres ken\u00e9s sz\u00fcks\u00e9ges. <\/p>\n<h2> Karbantart\u00e1s \u00e9s hibaelh\u00e1r\u00edt\u00e1s <\/h2>\n<h3> Megel\u0151z\u0151 karbantart\u00e1s <\/h3>\n<ul>\n<li>Rendszeres ellen\u0151rz\u00e9s: Ellen\u0151rizze a hengertest, a dugatty\u00far\u00fad \u00e9s a perselyek kop\u00e1s\u00e1nak \u00e9s sziv\u00e1rg\u00e1s\u00e1nak jeleit. <\/li>\n<li>Megfelel\u0151 ken\u00e9s: Rendszeresen ken\u0151anyagot kell haszn\u00e1lni a henger zavartalan m\u0171k\u00f6d\u00e9s\u00e9nek biztos\u00edt\u00e1sa \u00e9rdek\u00e9ben. <\/li>\n<li>T\u00f6m\u00edt\u00e9scsere: Ellen\u0151rizze \u00e9s sz\u00fcks\u00e9g eset\u00e9n cser\u00e9lje ki a t\u00f6m\u00edt\u00e9seket a sziv\u00e1rg\u00e1s megel\u0151z\u00e9se \u00e9rdek\u00e9ben. <\/li>\n<\/ul>\n<p><img decoding=\"async\" src=\"https:\/\/www.hydraulic-cylinders.net\/wp-content\/uploads\/2025\/01\/songte-chushion-collar.webp\" alt=\"V\u00f6d\u00f6rhenger karbantart\u00e1si k\u00e9p\"><\/p>\n<h3> Hibaelh\u00e1r\u00edt\u00e1s \u00e9s jav\u00edt\u00e1s <\/h3>\n<p>A hengerrel kapcsolatos probl\u00e9m\u00e1k k\u00fcl\u00f6nb\u00f6z\u0151 okokb\u00f3l ad\u00f3dhatnak, p\u00e9ld\u00e1ul t\u00falzott kop\u00e1s, a dugatty\u00far\u00fad s\u00e9r\u00fcl\u00e9se stb. A probl\u00e9ma megfelel\u0151 diagnosztiz\u00e1l\u00e1sa sz\u00fcks\u00e9ges a megfelel\u0151 megold\u00e1s meghat\u00e1roz\u00e1s\u00e1hoz. A kan\u00e1lhengerekkel kapcsolatos gyakori probl\u00e9m\u00e1k a k\u00f6vetkez\u0151k:<\/p>\n<ul>\n<li>Folyad\u00e9ksziv\u00e1rg\u00e1sok: Ellen\u0151rizze a hengertest k\u00f6r\u00fcli sziv\u00e1rg\u00e1sokat, \u00e9s cser\u00e9lje ki a s\u00e9r\u00fclt t\u00f6m\u00edt\u00e9seket. <\/li>\n<li>Rossz m\u0171k\u00f6d\u00e9s: Ellen\u0151rizze az elkopott alkatr\u00e9szeket, \u00e9s cser\u00e9lje ki azokat. <\/li>\n<li>Rendellenes zaj: Ellen\u0151rizze, hogy nincsenek-e laza csatlakoz\u00f3k, \u00e9s h\u00fazza meg \u0151ket. <\/li>\n<\/ul>\n<h2> C\u00e9g\u00fcnkr\u0151l <\/h2>\n<p>A hidraulikus hengerek vezet\u0151 gy\u00e1rt\u00f3i \u00e9s nagykereskedelmi forgalmaz\u00f3i vagyunk a hazai \u00e9s nemzetk\u00f6zi piacokon. Sz\u00e9les v\u00e1laszt\u00e9kban gy\u00e1rtunk hengereket, olyan termel\u00e9sir\u00e1ny\u00edt\u00e1si strat\u00e9gi\u00e1t k\u00f6vetve, amely kiv\u00e1l\u00f3 min\u0151s\u00e9gre, fejlett technol\u00f3gi\u00e1ra, digit\u00e1lis, cs\u00facskateg\u00f3ri\u00e1s gy\u00e1rt\u00f3berendez\u00e9sekre \u00e9s professzion\u00e1lis tesztel\u0151rendszerekre t\u00e1maszkodik. Folyamatosan fejlesztj\u00fck gy\u00e1rt\u00e1si platformunkat, t\u00f6k\u00e9letes\u00edtj\u00fck a term\u00e9kmin\u0151s\u00e9g-gy\u00e1rt\u00e1si folyamatot, \u00e9s er\u0151s termel\u00e9si kapacit\u00e1ssal rendelkez\u00fcnk. Hat\u00e9kony, prec\u00edz \u00e9s kiv\u00e1l\u00f3 min\u0151s\u00e9g\u0171 term\u00e9keket k\u00edn\u00e1lunk, hogy kiel\u00e9g\u00edts\u00fck a k\u00fcl\u00f6nf\u00e9le \u00fcgyf\u00e9lig\u00e9nyeket.<\/p>\n<h3> Szakter\u00fcleteink <\/h3>\n<ul>\n<li>Nemzetk\u00f6zi tan\u00fas\u00edtv\u00e1nyok: Term\u00e9keink olyan nemzetk\u00f6zi tan\u00fas\u00edtv\u00e1nyokkal rendelkeznek, mint az ISO 9001:2015 \u00e9s a CE, amelyek biztos\u00edtj\u00e1k a legmagasabb min\u0151s\u00e9gi szabv\u00e1nyokat. <\/li>\n<li>Testreszab\u00e1s: Egyedi ig\u00e9nyekre szabott hidraulikus hengereket k\u00edn\u00e1lunk. <\/li>\n<li>Gy\u00e1rt\u00f3berendez\u00e9sek: Modern g\u00e9peket haszn\u00e1lunk, mint p\u00e9ld\u00e1ul CNC eszterg\u00e1k, csiszol\u00f3g\u00e9pek stb. a nagy pontoss\u00e1g biztos\u00edt\u00e1sa \u00e9rdek\u00e9ben. <\/li>\n<li>\u00c9rt\u00e9kes\u00edt\u00e9s ut\u00e1ni szolg\u00e1ltat\u00e1s: Teljes k\u00f6r\u0171 \u00e9rt\u00e9kes\u00edt\u00e9s ut\u00e1ni szolg\u00e1ltat\u00e1st k\u00edn\u00e1lunk, bele\u00e9rtve az alkatr\u00e9szcser\u00e9t \u00e9s az \u00fajratelep\u00edt\u00e9st. <\/li>\n<\/ul>\n<p><img decoding=\"async\" src=\"https:\/\/hzpt.com\/wp-content\/uploads\/2024\/11\/songte-company-1.webp\" alt=\"V\u00f6d\u00f6rhenger c\u00e9gk\u00e9pe\"><\/p>\n<p>Szerz\u0151: lyl<\/p>","protected":false},"excerpt":{"rendered":"<p>Bucket Cylinder For Liugong Large Excavator CLG936D Introduction Definition Bucket cylinder is a specially designed hydraulic cylinder primarily used to control the movement of the bucket in heavy machinery such as excavators, backhoe loaders, and front loaders. Its main function is to enable the bucket to be lifted, lowered, and tilted, making it easier to [&hellip;]<\/p>","protected":false},"featured_media":14785,"comment_status":"open","ping_status":"closed","template":"","meta":{"_et_pb_use_builder":"","_et_pb_old_content":"","_et_gb_content_width":""},"product_brand":[],"product_cat":[1494],"product_tag":[1495,1496],"class_list":{"0":"post-15585","1":"product","2":"type-product","3":"status-publish","4":"has-post-thumbnail","6":"product_cat-bucket-cylinders","7":"product_tag-bucket-cylinders","8":"product_tag-hydraulic-cylinders","10":"first","11":"instock","12":"shipping-taxable","13":"product-type-simple"},"amp_enabled":true,"_links":{"self":[{"href":"https:\/\/www.hydraulic-cylinders.net\/hu\/wp-json\/wp\/v2\/product\/15585","targetHints":{"allow":["GET"]}}],"collection":[{"href":"https:\/\/www.hydraulic-cylinders.net\/hu\/wp-json\/wp\/v2\/product"}],"about":[{"href":"https:\/\/www.hydraulic-cylinders.net\/hu\/wp-json\/wp\/v2\/types\/product"}],"replies":[{"embeddable":true,"href":"https:\/\/www.hydraulic-cylinders.net\/hu\/wp-json\/wp\/v2\/comments?post=15585"}],"wp:featuredmedia":[{"embeddable":true,"href":"https:\/\/www.hydraulic-cylinders.net\/hu\/wp-json\/wp\/v2\/media\/14785"}],"wp:attachment":[{"href":"https:\/\/www.hydraulic-cylinders.net\/hu\/wp-json\/wp\/v2\/media?parent=15585"}],"wp:term":[{"taxonomy":"product_brand","embeddable":true,"href":"https:\/\/www.hydraulic-cylinders.net\/hu\/wp-json\/wp\/v2\/product_brand?post=15585"},{"taxonomy":"product_cat","embeddable":true,"href":"https:\/\/www.hydraulic-cylinders.net\/hu\/wp-json\/wp\/v2\/product_cat?post=15585"},{"taxonomy":"product_tag","embeddable":true,"href":"https:\/\/www.hydraulic-cylinders.net\/hu\/wp-json\/wp\/v2\/product_tag?post=15585"}],"curies":[{"name":"munkaf\u00fczet","href":"https:\/\/api.w.org\/{rel}","templated":true}]}}