{"id":15593,"date":"2025-01-19T14:43:29","date_gmt":"2025-01-19T14:43:29","guid":{"rendered":"https:\/\/www.hydraulic-cylinders.net\/product\/bucket-cylinder-for-xgma-small-excavator-xg815el\/"},"modified":"2025-01-19T14:43:31","modified_gmt":"2025-01-19T14:43:31","slug":"bucket-cylinder-for-xgma-small-excavator-xg815el","status":"publish","type":"product","link":"https:\/\/www.hydraulic-cylinders.net\/hu\/termek\/bucket-cylinder-for-xgma-small-excavator-xg815el\/","title":{"rendered":"Kan\u00e1lhenger XGMA kis kotr\u00f3g\u00e9phez XG815EL"},"content":{"rendered":"<h1>Kan\u00e1lhenger XGMA kis kotr\u00f3g\u00e9phez XG815EL<\/h1>\n<h2>Bevezet\u00e9s<\/h2>\n<p>Az XGMA kis kotr\u00f3g\u00e9p XG815EL kan\u00e1lhengere egy speci\u00e1lisan tervezett hidraulikus henger, amelyet neh\u00e9zg\u00e9pek, p\u00e9ld\u00e1ul kotr\u00f3g\u00e9pek, kotr\u00f3rakod\u00f3k \u00e9s homlokrakod\u00f3k kan\u00e1lmozg\u00e1s\u00e1nak vez\u00e9rl\u00e9s\u00e9re haszn\u00e1lnak. F\u0151 funkci\u00f3ja a kan\u00e1l emel\u00e9se, s\u00fcllyeszt\u00e9se \u00e9s billent\u00e9se, megk\u00f6nny\u00edtve a k\u00fcl\u00f6nf\u00e9le anyagmozgat\u00e1si feladatok elv\u00e9gz\u00e9s\u00e9t. A hidraulikus rendszerben a kan\u00e1lhenger a hidraulikaolaj nyom\u00e1sv\u00e1ltoz\u00e1sain kereszt\u00fcl \u00e9ri el a kan\u00e1l pontos vez\u00e9rl\u00e9s\u00e9t, lehet\u0151v\u00e9 t\u00e9ve a kezel\u0151k sz\u00e1m\u00e1ra, hogy hat\u00e9konyan kezelj\u00e9k a neh\u00e9z terheket, \u00e9s alkalmazkodjanak az \u00f6sszetett munkak\u00f6rnyezetekhez \u00e9s a v\u00e1ltozatos \u00fczemeltet\u00e9si k\u00f6vetelm\u00e9nyekhez.<\/p>\n<p><img decoding=\"async\" src=\"https:\/\/www.hydraulic-cylinders.net\/wp-content\/uploads\/2025\/01\/songte-company-2.webp\" alt=\"V\u00f6d\u00f6r henger k\u00e9pe\"><\/p>\n<h2>Jellemz\u0151k<\/h2>\n<ul>\n<li>Nagy szil\u00e1rds\u00e1g \u00e9s tart\u00f3ss\u00e1g: \u00c1ltal\u00e1ban nagy szil\u00e1rds\u00e1g\u00fa ac\u00e9lb\u00f3l vagy alum\u00edniumb\u00f3l k\u00e9sz\u00fcl, k\u00e9pes ellen\u00e1llni a nagy nyom\u00e1snak \u00e9s a nagy terhel\u00e9seknek, alkalmazkodva a zord munkak\u00f6rnyezethez. A kop\u00e1s\u00e1ll\u00f3s\u00e1g \u00e9s a korr\u00f3zi\u00f3\u00e1ll\u00f3s\u00e1g figyelembev\u00e9tel\u00e9vel tervezt\u00e9k az \u00e9lettartam meghosszabb\u00edt\u00e1sa \u00e9rdek\u00e9ben.<\/li>\n<li>Hat\u00e9kony hidraulikus m\u0171k\u00f6d\u00e9s: A hidraulikaolaj nyom\u00e1s\u00e1t haszn\u00e1lja ki a sima kitol\u00e1si \u00e9s visszah\u00faz\u00e1si mozg\u00e1sok el\u00e9r\u00e9s\u00e9hez, lehet\u0151v\u00e9 t\u00e9ve a gyors reag\u00e1l\u00e1st a vez\u00e9rl\u0151parancsokra, er\u0151teljes tol\u00f3- \u00e9s h\u00faz\u00f3er\u0151t biztos\u00edtva, alkalmas neh\u00e9z terhek \u00e9s \u00f6sszetett m\u0171k\u00f6d\u00e9si feladatok kezel\u00e9s\u00e9re.<\/li>\n<li>K\u00fcl\u00f6nb\u00f6z\u0151 t\u00edpusok: Az ig\u00e9nyeknek megfelel\u0151en v\u00e1laszthat egyir\u00e1ny\u00fa hidraulikus vagy k\u00e9tir\u00e1ny\u00fa hidraulikus hengerek k\u00f6z\u00fcl. Egyes modellek teleszk\u00f3posak, \u00edgy nagyobb kiny\u00fal\u00e1st tesznek lehet\u0151v\u00e9 a k\u00fcls\u0151 m\u00e9retek n\u00f6vel\u00e9se n\u00e9lk\u00fcl, \u00edgy alkalmasak korl\u00e1tozott helyig\u00e9ny\u0171 alkalmaz\u00e1sokhoz.<\/li>\n<li>T\u00f6k\u00e9letes csere: Term\u00e9keink t\u00f6k\u00e9letesen helyettes\u00edthetik ezeket a hidraulikus hengereket.<\/li>\n<\/ul>\n<p><img decoding=\"async\" src=\"https:\/\/www.hydraulic-cylinders.net\/wp-content\/uploads\/2025\/01\/songte-cylinder-head-with-all-kinds-excavator-models.webp\" alt=\"Term\u00e9kk\u00e9p\"><\/p>\n<h2>Alkalmaz\u00e1sok<\/h2>\n<p>Az XGMA kis kotr\u00f3g\u00e9p XG815EL kan\u00e1lhenger\u00e9t sz\u00e9les k\u00f6rben haszn\u00e1lj\u00e1k k\u00fcl\u00f6nf\u00e9le alkalmaz\u00e1sokban:<\/p>\n<ul>\n<li>\u00c9p\u00edt\u0151ipari berendez\u00e9sek: Kotr\u00f3g\u00e9pekben tal\u00e1lhat\u00f3k, elengedhetetlenek a f\u00f6ldmunk\u00e1khoz, a rakod\u00e1shoz \u00e9s a talaj vagy t\u00f6rmel\u00e9k mozgat\u00e1s\u00e1hoz. A kotr\u00f3g\u00e9p-rakod\u00f3kban a kan\u00e1lhenger mind a f\u00f6ldmunk\u00e1ban, mind az emel\u00e9sben seg\u00edti a munk\u00e1t.<\/li>\n<li>Mez\u0151gazdas\u00e1gi g\u00e9pek: Homlokrakod\u00f3kban haszn\u00e1lj\u00e1k talaj, sz\u00e9na \u00e9s egy\u00e9b anyagok \u00e1s\u00e1s\u00e1ra, emel\u00e9s\u00e9re \u00e9s sz\u00e1ll\u00edt\u00e1s\u00e1ra.<\/li>\n<li>Kotr\u00f3g\u00e9pek: A kan\u00e1lhenger lehet\u0151v\u00e9 teszi az \u00e1s\u00e1si m\u0171veletet az\u00e1ltal, hogy lehet\u0151v\u00e9 teszi a kan\u00e1l talajba val\u00f3 behatol\u00e1s\u00e1t.<\/li>\n<li>Rakod\u00f3g\u00e9pek: A homlokrakod\u00f3kban hat\u00e9konyan seg\u00edtik az \u00e1ruk emel\u00e9s\u00e9t \u00e9s \u00fcr\u00edt\u00e9s\u00e9t.<\/li>\n<\/ul>\n<h2>Tervez\u00e9si szempontok \u00e9s kiv\u00e1laszt\u00e1si krit\u00e9riumok<\/h2>\n<p>Az XGMA kis kotr\u00f3g\u00e9p XG815EL kan\u00e1lhenger\u00e9nek tervez\u00e9sekor sz\u00e1mos kulcsfontoss\u00e1g\u00fa t\u00e9nyez\u0151t vesznek figyelembe:<\/p>\n<ul>\n<li>Teherb\u00edr\u00e1s: A hengert \u00fagy tervezt\u00e9k, hogy ellen\u00e1lljon a m\u0171k\u00f6d\u00e9s sor\u00e1n v\u00e1rhat\u00f3 terhel\u00e9seknek \u00e9s er\u0151knek.<\/li>\n<li>T\u00f6m\u00edt\u00e9s: K\u00fcl\u00f6nb\u00f6z\u0151 t\u00f6m\u00edt\u0151elemeket, p\u00e9ld\u00e1ul dugatty\u00fat\u00f6m\u00edt\u00e9seket \u00e9s r\u00fadt\u00f6m\u00edt\u00e9seket haszn\u00e1lnak a megfelel\u0151 t\u00f6m\u00edt\u00e9s biztos\u00edt\u00e1s\u00e1ra \u00e9s a hidraulikafolyad\u00e9k sziv\u00e1rg\u00e1s\u00e1nak megakad\u00e1lyoz\u00e1s\u00e1ra.<\/li>\n<li>Tart\u00f3ss\u00e1g: A henger \u00fagy van kialak\u00edtva, hogy ellen\u00e1lljon a neh\u00e9z munkak\u00f6r\u00fclm\u00e9nyeknek \u00e9s hossz\u00fa t\u00e1v\u00fa teljes\u00edtm\u00e9nyt ny\u00fajtson.<\/li>\n<li>Biztons\u00e1g: A biztons\u00e1gi funkci\u00f3k biztos\u00edtj\u00e1k a palack megb\u00edzhat\u00f3 m\u0171k\u00f6d\u00e9s\u00e9t \u00e9s minimaliz\u00e1lj\u00e1k a kezel\u0151kre leselked\u0151 kock\u00e1zatokat.<\/li>\n<li>Karbantarthat\u00f3s\u00e1g: Figyelembe veszik a henger egyszer\u0171 karbantart\u00e1s\u00e1t \u00e9s jav\u00edt\u00e1s\u00e1t.<\/li>\n<\/ul>\n<p><img decoding=\"async\" src=\"https:\/\/www.hydraulic-cylinders.net\/wp-content\/uploads\/2025\/01\/songte-oil-pipes-and-spare-parts.webp\" alt=\"Term\u00e9kk\u00e9p\"><\/p>\n<h2>T\u00f6m\u00edt\u00e9s \u00e9s ken\u00e9s<\/h2>\n<p>Az XGMA kis kotr\u00f3g\u00e9p XG815EL kan\u00e1lhengere k\u00fcl\u00f6nf\u00e9le t\u00f6m\u00edt\u0151elemeket haszn\u00e1l, p\u00e9ld\u00e1ul dugatty\u00fat\u00f6m\u00edt\u00e9seket \u00e9s r\u00fadt\u00f6m\u00edt\u00e9seket, amelyek kop\u00e1s\u00e1ll\u00f3 anyagokb\u00f3l, p\u00e9ld\u00e1ul poliuret\u00e1nb\u00f3l \u00e9s nitrilgumib\u00f3l k\u00e9sz\u00fclnek. A hengertest \u00e9s a menetes v\u00e9gek finoman megmunk\u00e1ltak a kop\u00e1s\u00e1ll\u00f3s\u00e1g fokoz\u00e1sa \u00e9rdek\u00e9ben. A z\u00f6kken\u0151mentes m\u0171k\u00f6d\u00e9s biztos\u00edt\u00e1s\u00e1hoz rendszeres ken\u00e9s sz\u00fcks\u00e9ges a megfelel\u0151 mennyis\u00e9g\u0171 hidraulikaolajjal.<\/p>\n<h2>Rendszeres ellen\u0151rz\u00e9s \u00e9s megel\u0151z\u0151 karbantart\u00e1s<\/h2>\n<p>Az XGMA kis kotr\u00f3g\u00e9p XG815EL kan\u00e1lhenger\u00e9nek optim\u00e1lis teljes\u00edtm\u00e9ny\u00e9nek fenntart\u00e1s\u00e1hoz rendszeres ellen\u0151rz\u00e9sek \u00e9s megel\u0151z\u0151 karbantart\u00e1s aj\u00e1nlott:<\/p>\n<ul>\n<li>Vizsg\u00e1lja meg a hengert kop\u00e1s, s\u00e9r\u00fcl\u00e9s vagy sziv\u00e1rg\u00e1s jelei szempontj\u00e1b\u00f3l.<\/li>\n<li>Biztos\u00edtsa az \u00f6sszes mozg\u00f3 alkatr\u00e9sz megfelel\u0151 ken\u00e9s\u00e9t.<\/li>\n<li>Cser\u00e9lje ki a t\u00f6m\u00edt\u00e9seket, ha roml\u00e1s vagy sziv\u00e1rg\u00e1s jeleit \u00e9szleli.<\/li>\n<li>V\u00e9gezzen kalibr\u00e1ci\u00f3s ellen\u0151rz\u00e9seket a pontos m\u0171k\u00f6d\u00e9s biztos\u00edt\u00e1sa \u00e9rdek\u00e9ben.<\/li>\n<\/ul>\n<p><img decoding=\"async\" src=\"https:\/\/www.hydraulic-cylinders.net\/wp-content\/uploads\/2025\/01\/songte-chushion-collar.webp\" alt=\"Term\u00e9kk\u00e9p\"><\/p>\n<h2>Biztons\u00e1gi szempontok \u00e9s k\u00f6rnyezeti t\u00e9nyez\u0151k<\/h2>\n<p>Az XGMA kis kotr\u00f3g\u00e9p XG815EL kan\u00e1lhenger\u00e9nek haszn\u00e1latakor fontos a biztons\u00e1gi int\u00e9zked\u00e9sek betart\u00e1sa a balesetek megel\u0151z\u00e9se \u00e9s a k\u00f6rnyezeti hat\u00e1sok minimaliz\u00e1l\u00e1sa \u00e9rdek\u00e9ben. Biztons\u00e1gi \u00f3vint\u00e9zked\u00e9seket kell tenni a henger megfelel\u0151 telep\u00edt\u00e9s\u00e9nek, \u00fczemeltet\u00e9s\u00e9nek \u00e9s karbantart\u00e1s\u00e1nak biztos\u00edt\u00e1sa \u00e9rdek\u00e9ben.<\/p>\n<h2>Hibaelh\u00e1r\u00edt\u00e1s \u00e9s gyakori probl\u00e9m\u00e1k<\/h2>\n<p>Az XGMA kis kotr\u00f3g\u00e9p XG815EL kan\u00e1lhenger\u00e9vel kapcsolatos b\u00e1rmilyen probl\u00e9ma eset\u00e9n a k\u00f6vetkez\u0151 hibaelh\u00e1r\u00edt\u00e1si tippek \u00e9s megold\u00e1sok seg\u00edthetnek a probl\u00e9m\u00e1k hat\u00e9kony diagnosztiz\u00e1l\u00e1s\u00e1ban \u00e9s megold\u00e1s\u00e1ban. Ezenk\u00edv\u00fcl megel\u0151z\u0151 int\u00e9zked\u00e9sekkel minimaliz\u00e1lhat\u00f3k a lehets\u00e9ges probl\u00e9m\u00e1k.<\/p>\n<p><img decoding=\"async\" src=\"https:\/\/www.hydraulic-cylinders.net\/wp-content\/uploads\/2025\/01\/songte-bushings-with-all-kinds-of-excavator-models.webp\" alt=\"Term\u00e9kk\u00e9p\"><\/p>\n<h2>C\u00e9g\u00fcnkr\u0151l<\/h2>\n<p>Cserehidraulikus hengerek gy\u00e1rt\u00f3ja vagyunk, \u00e1tfog\u00f3 term\u00e9kk\u00edn\u00e1lattal. A hidraulikus hengerek egyik vezet\u0151 gy\u00e1rt\u00f3ja \u00e9s nagykereskedelmi forgalmaz\u00f3ja vagyunk mind a hazai, mind a nemzetk\u00f6zi piacokon. Elk\u00f6telezettek vagyunk a kiv\u00e1l\u00f3s\u00e1g \u00e9s az iparos\u00edtott termel\u00e9sir\u00e1ny\u00edt\u00e1si strat\u00e9gi\u00e1k ir\u00e1nt kifinomult gy\u00e1rt\u00f3m\u0171helyeinkben, folyamatosan fejlesztj\u00fck gy\u00e1rt\u00e1si platformunkat, jav\u00edtjuk a term\u00e9kmin\u0151s\u00e9gi gy\u00e1rt\u00e1si \u00fatvonalakat, \u00e9s er\u0151s innovat\u00edv k\u00e9pess\u00e9gekkel rendelkez\u00fcnk. Arra t\u00f6reksz\u00fcnk, hogy nagy hat\u00e9konys\u00e1ggal, nagy pontoss\u00e1ggal \u00e9s magas min\u0151s\u00e9gi elvekkel el\u00e9g\u00edts\u00fck ki a soksz\u00edn\u0171 \u00fcgyf\u00e9lig\u00e9nyeket.<\/p>\n<p><img decoding=\"async\" src=\"https:\/\/www.hydraulic-cylinders.net\/wp-content\/uploads\/2025\/01\/songte-company-3.webp\" alt=\"C\u00e9ges im\u00e1zs\"><\/p>\n<h3>Szakmaiass\u00e1g: <\/h3>\n<p>Tapasztalt szakemberekb\u0151l \u00e1ll\u00f3 csapatunk elk\u00f6telezett a kiv\u00e1l\u00f3 min\u0151s\u00e9g\u0171 term\u00e9kek \u00e9s szolg\u00e1ltat\u00e1sok biztos\u00edt\u00e1sa ir\u00e1nt.<\/p>\n<h3>Nemzetk\u00f6zi tan\u00fas\u00edtv\u00e1nyok: <\/h3>\n<p>Term\u00e9keink megfelelnek a nemzetk\u00f6zi min\u0151s\u00e9gi el\u0151\u00edr\u00e1soknak, \u00e9s tan\u00fas\u00edtv\u00e1nnyal rendelkeznek a megb\u00edzhat\u00f3s\u00e1guk \u00e9s teljes\u00edtm\u00e9ny\u00fck \u00e9rdek\u00e9ben.<\/p>\n<h3>Testreszab\u00e1si szolg\u00e1ltat\u00e1sok: <\/h3>\n<p>Testreszab\u00e1si szolg\u00e1ltat\u00e1sokat k\u00edn\u00e1lunk, hogy a hidraulikus hengereket az adott ig\u00e9nyeknek megfelel\u0151en testre szabhassuk.<\/p>\n<h3>Gy\u00e1rt\u00f3berendez\u00e9sek: <\/h3>\n<p>Korszer\u0171 gy\u00e1rt\u00f3berendez\u00e9seket haszn\u00e1lunk a pontoss\u00e1g \u00e9s a hat\u00e9konys\u00e1g biztos\u00edt\u00e1sa \u00e9rdek\u00e9ben.<\/p>\n<h3>\u00c9rt\u00e9kes\u00edt\u00e9s ut\u00e1ni szolg\u00e1ltat\u00e1s: <\/h3>\n<p>\u00c1tfog\u00f3 \u00e9rt\u00e9kes\u00edt\u00e9s ut\u00e1ni szolg\u00e1ltat\u00e1st ny\u00fajtunk, bele\u00e9rtve az alkatr\u00e9szcser\u00e9t \u00e9s az \u00fajj\u00e1\u00e9p\u00edt\u00e9si szolg\u00e1ltat\u00e1sokat, hogy meghosszabb\u00edtsuk hidraulikus hengereink \u00e9lettartam\u00e1t.<\/p>\n<p><em>Szerz\u0151: lyl<\/em><\/p>\n<p><img decoding=\"async\" src=\"https:\/\/hzpt.com\/wp-content\/uploads\/2024\/11\/songte-company-1.webp\" alt=\"C\u00e9ges im\u00e1zs\"><\/p>","protected":false},"excerpt":{"rendered":"<p>Bucket Cylinder For XGMA Small Excavator XG815EL Introduction The Bucket Cylinder for XGMA Small Excavator XG815EL is a specially designed hydraulic cylinder used to control the movement of the bucket in heavy machinery such as excavators, backhoe loaders, and front-end loaders. Its main function is to enable the bucket to lift, lower, and tilt, making [&hellip;]<\/p>","protected":false},"featured_media":14769,"comment_status":"open","ping_status":"closed","template":"","meta":{"_et_pb_use_builder":"","_et_pb_old_content":"","_et_gb_content_width":""},"product_brand":[],"product_cat":[1494],"product_tag":[1495,1496],"class_list":{"0":"post-15593","1":"product","2":"type-product","3":"status-publish","4":"has-post-thumbnail","6":"product_cat-bucket-cylinders","7":"product_tag-bucket-cylinders","8":"product_tag-hydraulic-cylinders","10":"first","11":"instock","12":"shipping-taxable","13":"product-type-simple"},"amp_enabled":true,"_links":{"self":[{"href":"https:\/\/www.hydraulic-cylinders.net\/hu\/wp-json\/wp\/v2\/product\/15593","targetHints":{"allow":["GET"]}}],"collection":[{"href":"https:\/\/www.hydraulic-cylinders.net\/hu\/wp-json\/wp\/v2\/product"}],"about":[{"href":"https:\/\/www.hydraulic-cylinders.net\/hu\/wp-json\/wp\/v2\/types\/product"}],"replies":[{"embeddable":true,"href":"https:\/\/www.hydraulic-cylinders.net\/hu\/wp-json\/wp\/v2\/comments?post=15593"}],"wp:featuredmedia":[{"embeddable":true,"href":"https:\/\/www.hydraulic-cylinders.net\/hu\/wp-json\/wp\/v2\/media\/14769"}],"wp:attachment":[{"href":"https:\/\/www.hydraulic-cylinders.net\/hu\/wp-json\/wp\/v2\/media?parent=15593"}],"wp:term":[{"taxonomy":"product_brand","embeddable":true,"href":"https:\/\/www.hydraulic-cylinders.net\/hu\/wp-json\/wp\/v2\/product_brand?post=15593"},{"taxonomy":"product_cat","embeddable":true,"href":"https:\/\/www.hydraulic-cylinders.net\/hu\/wp-json\/wp\/v2\/product_cat?post=15593"},{"taxonomy":"product_tag","embeddable":true,"href":"https:\/\/www.hydraulic-cylinders.net\/hu\/wp-json\/wp\/v2\/product_tag?post=15593"}],"curies":[{"name":"munkaf\u00fczet","href":"https:\/\/api.w.org\/{rel}","templated":true}]}}