{"id":15598,"date":"2025-01-19T14:43:48","date_gmt":"2025-01-19T14:43:48","guid":{"rendered":"https:\/\/www.hydraulic-cylinders.net\/product\/bucket-cylinder-for-xgma-middle-excavator-xg822el\/"},"modified":"2025-01-19T14:43:56","modified_gmt":"2025-01-19T14:43:56","slug":"bucket-cylinder-for-xgma-middle-excavator-xg822el","status":"publish","type":"product","link":"https:\/\/www.hydraulic-cylinders.net\/hu\/termek\/bucket-cylinder-for-xgma-middle-excavator-xg822el\/","title":{"rendered":"Kan\u00e1lhenger XGMA k\u00f6z\u00e9ps\u0151 kotr\u00f3g\u00e9phez XG822EL"},"content":{"rendered":"<h1>Kan\u00e1lhenger XGMA k\u00f6z\u00e9ps\u0151 kotr\u00f3g\u00e9phez XG822EL<\/h1>\n<h2>Bevezet\u00e9s<\/h2>\n<p>Az XGMA k\u00f6z\u00e9pkotr\u00f3g\u00e9p XG822EL kan\u00e1lhengere egy speci\u00e1lisan tervezett hidraulikus henger, amelyet els\u0151sorban neh\u00e9zg\u00e9pek, p\u00e9ld\u00e1ul kotr\u00f3g\u00e9pek, kotr\u00f3g\u00e9pek \u00e9s homlokrakod\u00f3k kan\u00e1lmozg\u00e1s\u00e1nak vez\u00e9rl\u00e9s\u00e9re haszn\u00e1lnak. F\u0151 funkci\u00f3ja a kan\u00e1l emel\u00e9se, s\u00fcllyeszt\u00e9se \u00e9s billent\u00e9se, \u00edgy k\u00e9nyelmesen haszn\u00e1lhat\u00f3 k\u00fcl\u00f6nf\u00e9le anyagmozgat\u00e1si feladatokhoz. Egy hidraulikus rendszerben a kan\u00e1lhenger a hidraulikaolaj nyom\u00e1sv\u00e1ltoz\u00e1s\u00e1t haszn\u00e1lja a kan\u00e1l mozg\u00e1s\u00e1nak pontos vez\u00e9rl\u00e9s\u00e9re, lehet\u0151v\u00e9 t\u00e9ve a kezel\u0151 sz\u00e1m\u00e1ra a neh\u00e9z anyagok hat\u00e9kony kezel\u00e9s\u00e9t, valamint az \u00f6sszetett munkak\u00f6r\u00fclm\u00e9nyekhez \u00e9s a v\u00e1ltozatos munkak\u00f6vetelm\u00e9nyekhez val\u00f3 alkalmazkod\u00e1st.<\/p>\n<p><img decoding=\"async\" src=\"https:\/\/www.hydraulic-cylinders.net\/wp-content\/uploads\/2025\/01\/songte-company-2.webp\"><\/p>\n<h2>Jellemz\u0151k<\/h2>\n<ul>\n<li>Nagy szil\u00e1rds\u00e1g \u00e9s tart\u00f3ss\u00e1g: \u00c1ltal\u00e1ban nagy szil\u00e1rds\u00e1g\u00fa ac\u00e9lb\u00f3l vagy alum\u00edniumb\u00f3l k\u00e9sz\u00fcl, \u00edgy ellen\u00e1ll a nagy nyom\u00e1snak \u00e9s a nagy terhel\u00e9seknek, alkalmazkodva a zord munkak\u00f6rnyezethez. A kialak\u00edt\u00e1s sor\u00e1n figyelembe vett\u00e9k a kop\u00e1s\u00e1ll\u00f3s\u00e1got \u00e9s a korr\u00f3zi\u00f3\u00e1ll\u00f3s\u00e1got, meghosszabb\u00edtva az \u00e9lettartamot.<\/li>\n<li>Hat\u00e9kony hidraulikus m\u0171k\u00f6d\u00e9s: A hidraulikaolaj nyom\u00e1s\u00e1t haszn\u00e1lva \u00e9ri el a sima kitol\u00e1st \u00e9s visszah\u00faz\u00e1st, gyorsan reag\u00e1l a vez\u00e9rl\u0151parancsokra, \u00edgy nagy teljes\u00edtm\u00e9ny\u0171 tol\u00f3- \u00e9s h\u00faz\u00f3er\u0151t biztos\u00edt, amely alkalmas neh\u00e9z anyagok \u00e9s \u00f6sszetett feladatok kezel\u00e9s\u00e9re.<\/li>\n<li>K\u00fcl\u00f6nb\u00f6z\u0151 t\u00edpusok: Az egyir\u00e1ny\u00fa hidraulikus m\u0171k\u00f6dtet\u00e9s\u0171) vagy a k\u00e9tir\u00e1ny\u00fa (mindk\u00e9t ir\u00e1ny\u00fa hidraulikus m\u0171k\u00f6dtet\u00e9s\u0171) hengerek a k\u00f6vetelm\u00e9nyeknek megfelel\u0151en v\u00e1laszthat\u00f3k ki, hogy megfeleljenek a k\u00fcl\u00f6nb\u00f6z\u0151 m\u0171k\u00f6d\u00e9si ig\u00e9nyeknek. Egyes modellek teleszk\u00f3posak, \u00edgy nagyobb kiny\u00fal\u00e1st tesznek lehet\u0151v\u00e9 a k\u00fcls\u0151 m\u00e9retek n\u00f6vel\u00e9se n\u00e9lk\u00fcl, \u00edgy alkalmasak korl\u00e1tozott helyig\u00e9ny\u0171 alkalmaz\u00e1sokhoz.<\/li>\n<li>K\u00f6nnyen telep\u00edthet\u0151 \u00e9s karbantarthat\u00f3: C\u00e9g\u00fcnk k\u00e9pes gy\u00e1rtani ezt a term\u00e9ket, \u00e9s term\u00e9keink t\u00f6k\u00e9letesen helyettes\u00edthetik ezeket a hidraulikus hengereket.<\/li>\n<\/ul>\n<p><img decoding=\"async\" src=\"https:\/\/www.hydraulic-cylinders.net\/wp-content\/uploads\/2025\/01\/songte-cylinder-head-with-all-kinds-excavator-models.webp\"><\/p>\n<h2>Alkalmaz\u00e1sok<\/h2>\n<p>Ezt a v\u00f6d\u00f6rhengert sz\u00e9les k\u00f6rben haszn\u00e1lj\u00e1k k\u00fcl\u00f6nf\u00e9le neh\u00e9zg\u00e9pekben, bele\u00e9rtve:<\/p>\n<ul>\n<li>\u00c9p\u00edt\u0151ipari berendez\u00e9sek: Kotr\u00f3g\u00e9pekben elengedhetetlenek az \u00e1s\u00e1shoz, a rakod\u00e1shoz \u00e9s a talaj vagy t\u00f6rmel\u00e9k mozgat\u00e1s\u00e1hoz. A kotr\u00f3g\u00e9pekben a kan\u00e1lhenger seg\u00edt mind az \u00e1s\u00e1sban, mind az emel\u00e9sben. <\/li>\n<li>Mez\u0151gazdas\u00e1gi g\u00e9pek: homlokrakod\u00f3khoz, talaj, sz\u00e9na \u00e9s egy\u00e9b anyagok kotor\u00e1s\u00e1hoz, emel\u00e9s\u00e9hez \u00e9s sz\u00e1ll\u00edt\u00e1s\u00e1hoz haszn\u00e1lj\u00e1k. <\/li>\n<li>Kotr\u00f3g\u00e9pek: A kan\u00e1lhenger lehet\u0151v\u00e9 teszi, hogy a kan\u00e1l behatoljon a talajba az \u00e1s\u00e1s \u00e9rdek\u00e9ben. <\/li>\n<li>Rakod\u00f3k: A homlokrakod\u00f3k hat\u00e9konyan seg\u00edtik az \u00e1ruk emel\u00e9s\u00e9t \u00e9s billent\u00e9s\u00e9t.<\/li>\n<\/ul>\n<h2>Tervez\u00e9si szempontok \u00e9s kiv\u00e1laszt\u00e1si krit\u00e9riumok<\/h2>\n<p>Az XGMA k\u00f6z\u00e9ps\u0151 kotr\u00f3g\u00e9p XG822EL kan\u00e1lhenger\u00e9nek tervez\u00e9si szempontjai kritikus fontoss\u00e1g\u00faak a teljes\u00edtm\u00e9nye szempontj\u00e1b\u00f3l. Az al\u00e1bbiakban a legfontosabb t\u00e9nyez\u0151ket ismertetj\u00fck:<\/p>\n<h3>Teherb\u00edr\u00e1s<\/h3>\n<p>A hengernek megfelel\u0151 teherb\u00edr\u00e1ssal kell rendelkeznie ahhoz, hogy ellen\u00e1lljon a v\u00e1rhat\u00f3 terhel\u00e9snek. A felfekv\u0151fel\u00fcletek m\u00e9rete \u00e9s sz\u00e1ma, az anyagok szil\u00e1rds\u00e1ga \u00e9s a henger geometri\u00e1ja mind kritikus tervez\u00e9si szempontok.<\/p>\n<h3>T\u00f6m\u00edt\u00e9s<\/h3>\n<p>A hengert megfelel\u0151en le kell t\u00f6m\u00edteni, hogy megakad\u00e1lyozzuk a hidraulikafolyad\u00e9k sziv\u00e1rg\u00e1s\u00e1t. A henger t\u00f6m\u00edt\u00e9se \u00e1ltal\u00e1ban poliuret\u00e1nb\u00f3l, nitrilgumib\u00f3l vagy m\u00e1s kop\u00e1s\u00e1ll\u00f3 anyagb\u00f3l k\u00e9sz\u00fcl a sziv\u00e1rg\u00e1sok megel\u0151z\u00e9se \u00e9rdek\u00e9ben. A hengertestet \u00e9s a menetes v\u00e9gfel\u00fcleteket finoman megmunk\u00e1lj\u00e1k a kop\u00e1s\u00e1ll\u00f3s\u00e1g fokoz\u00e1sa \u00e9s a sziv\u00e1rg\u00e1s megel\u0151z\u00e9se \u00e9rdek\u00e9ben.<\/p>\n<h3>Tart\u00f3ss\u00e1g \u00e9s karbantart\u00e1s<\/h3>\n<p>A hengernek tart\u00f3snak \u00e9s minim\u00e1lis karbantart\u00e1st ig\u00e9nyl\u0151nek kell lennie. Hossz\u00fa t\u00e1v\u00fa haszn\u00e1latra, minim\u00e1lis kop\u00e1ssal \u00e9s egyszer\u0171 karbantart\u00e1ssal kell tervezni. A henger karbantart\u00e1sa mag\u00e1ban foglalja a rendszeres olajszint-ellen\u0151rz\u00e9st, a t\u00f6m\u00edt\u00e9sek \u00e9s perselyek cser\u00e9j\u00e9t, az ellen\u0151rz\u00e9st \u00e9s a kalibr\u00e1l\u00e1si ellen\u0151rz\u00e9seket.<\/p>\n<h3>Biztons\u00e1g \u00e9s k\u00f6rnyezetv\u00e9delem<\/h3>\n<p>Az XGMA k\u00f6z\u00e9ps\u0151 kotr\u00f3g\u00e9p XG822EL kan\u00e1lhenger\u00e9t a biztons\u00e1g \u00e9s a k\u00f6rnyezetv\u00e9delem szem el\u0151tt tart\u00e1s\u00e1val kell megtervezni. A hidraulikus rendszernek sziv\u00e1rg\u00e1smentesnek kell lennie, megfelel\u0151 biztons\u00e1gi funkci\u00f3kkal a balesetek megel\u0151z\u00e9se \u00e9rdek\u00e9ben. A felhaszn\u00e1lt anyagoknak alkalmasnak kell lenni\u00fck a munkak\u00f6rnyezetre, k\u00f6rnyezeti hat\u00e1sok n\u00e9lk\u00fcl.<\/p>\n<p><img decoding=\"async\" src=\"https:\/\/www.hydraulic-cylinders.net\/wp-content\/uploads\/2025\/01\/songte-oil-pipes-and-spare-parts.webp\"><\/p>\n<h2>T\u00f6m\u00edt\u00e9s \u00e9s ken\u00e9s<\/h2>\n<p>Az XGMA k\u00f6z\u00e9ps\u0151 kotr\u00f3g\u00e9p XG822EL kan\u00e1lhengere k\u00fcl\u00f6nf\u00e9le t\u00f6m\u00edt\u0151elemeket, p\u00e9ld\u00e1ul dugatty\u00fat\u00f6m\u00edt\u00e9seket, r\u00fadt\u00f6m\u00edt\u00e9seket \u00e9s ablakt\u00f6rl\u0151 t\u00f6m\u00edt\u00e9seket haszn\u00e1l az optim\u00e1lis hidraulikus nyom\u00e1s fenntart\u00e1sa \u00e9s a sziv\u00e1rg\u00e1sok megel\u0151z\u00e9se \u00e9rdek\u00e9ben. A kop\u00e1s\u00e1ll\u00f3 anyagok haszn\u00e1lata \u00e9s a henger fel\u00fcleteinek prec\u00edzi\u00f3s megmunk\u00e1l\u00e1sa fokozza a kop\u00e1s\u00e1ll\u00f3s\u00e1got. A henger mozg\u00f3 r\u00e9szeinek rendszeres ken\u00e9se tov\u00e1bb cs\u00f6kkenti a s\u00farl\u00f3d\u00e1st \u00e9s jav\u00edtja a teljes\u00edtm\u00e9nyt.<\/p>\n<h2>Megel\u0151z\u0151 karbantart\u00e1s<\/h2>\n<p>Az XGMA k\u00f6z\u00e9pkotr\u00f3g\u00e9p XG822EL kan\u00e1lhenger\u00e9nek rendszeres karbantart\u00e1sa elengedhetetlen az \u00e9lettartam\u00e1nak meghosszabb\u00edt\u00e1s\u00e1hoz. A karbantart\u00e1si feladatok k\u00f6z\u00e9 tartozik a rendszeres ellen\u0151rz\u00e9s, ken\u00e9s \u00e9s t\u00f6m\u00edt\u00e9scsere. A henger be\u00e1ll\u00edt\u00e1s\u00e1nak ellen\u0151rz\u00e9se \u00e9s karbantart\u00e1sa, valamint a megfelel\u0151 r\u00f6gz\u00edt\u0151konzolok haszn\u00e1lata szint\u00e9n elengedhetetlen a lehets\u00e9ges probl\u00e9m\u00e1k megel\u0151z\u00e9se \u00e9rdek\u00e9ben. C\u00e9g\u00fcnk cserealkatr\u00e9szeket \u00e9s fel\u00faj\u00edt\u00e1si szolg\u00e1ltat\u00e1sokat k\u00edn\u00e1l a henger \u00e9lettartam\u00e1nak n\u00f6vel\u00e9se \u00e9rdek\u00e9ben.<\/p>\n<p><img decoding=\"async\" src=\"https:\/\/www.hydraulic-cylinders.net\/wp-content\/uploads\/2025\/01\/songte-chushion-collar.webp\"><\/p>\n<h2>Biztons\u00e1g \u00e9s hibaelh\u00e1r\u00edt\u00e1s<\/h2>\n<p>Az XGMA k\u00f6z\u00e9ps\u0151 kotr\u00f3g\u00e9p XG822EL kan\u00e1lhenger\u00e9t biztons\u00e1gosan kell haszn\u00e1lni, \u00e9s rendszeresen ellen\u0151rizni kell a lehets\u00e9ges probl\u00e9m\u00e1k \u00e9szlel\u00e9se \u00e9rdek\u00e9ben. A karbantart\u00e1si \u00e9s \u00fczemeltet\u00e9si k\u00e9zik\u00f6nyv \u00fatmutat\u00e1st tartalmaz a megfelel\u0151 haszn\u00e1lathoz \u00e9s karbantart\u00e1shoz. A gyakori probl\u00e9m\u00e1k k\u00f6z\u00e9 tartozik a sziv\u00e1rg\u00e1s, a nyom\u00e1svesztes\u00e9g \u00e9s a szokatlan zajok. A hibaelh\u00e1r\u00edt\u00e1si m\u00f3dszerek k\u00f6z\u00e9 tartozik a vizu\u00e1lis ellen\u0151rz\u00e9s, a nyom\u00e1spr\u00f3ba \u00e9s az alkatr\u00e9szek cser\u00e9je. A megel\u0151z\u0151 int\u00e9zked\u00e9sek, mint p\u00e9ld\u00e1ul a rendszeres ellen\u0151rz\u00e9s \u00e9s karbantart\u00e1s, cs\u00f6kkentik a probl\u00e9m\u00e1k val\u00f3sz\u00edn\u0171s\u00e9g\u00e9t.<\/p>\n<p><img decoding=\"async\" src=\"https:\/\/www.hydraulic-cylinders.net\/wp-content\/uploads\/2025\/01\/songte-bushings-with-all-kinds-of-excavator-models.webp\"><\/p>\n<h2>C\u00e9gbemutat\u00f3<\/h2>\n<p>C\u00e9g\u00fcnk p\u00f3talkatr\u00e9szk\u00e9nt szolg\u00e1l\u00f3 hidraulikus hengerek gy\u00e1rt\u00f3ja, teljes term\u00e9kk\u00edn\u00e1lattal. A hazai \u00e9s nemzetk\u00f6zi piacok egyik vezet\u0151 hidraulikus hengergy\u00e1rt\u00f3ja \u00e9s nagykereskedelmi forgalmaz\u00f3ja vagyunk. A kiv\u00e1l\u00f3 min\u0151s\u00e9g elv\u00e9t k\u00f6vetj\u00fck, \u00e9s finom gy\u00e1rt\u00f3m\u0171helyeinkben iparos\u00edtott termel\u00e9sir\u00e1ny\u00edt\u00e1si strat\u00e9gi\u00e1kra t\u00e1maszkodunk, folyamatosan fejlesztj\u00fck m\u0171hely\u00fcnk gy\u00e1rt\u00e1si platformj\u00e1t, korszer\u0171s\u00edtj\u00fck a min\u0151s\u00e9gi gy\u00e1rt\u00f3sort, \u00e9s er\u0151s gy\u00e1rt\u00e1si k\u00e9pess\u00e9gekkel rendelkez\u00fcnk. Nagy hat\u00e9konys\u00e1g\u00fa, nagy pontoss\u00e1g\u00fa \u00e9s kiv\u00e1l\u00f3 min\u0151s\u00e9g\u0171 alapelveink megfelelnek a soksz\u00edn\u0171 \u00fcgyf\u00e9lig\u00e9nyeknek. <\/p>\n<p>C\u00e9g\u00fcnk testreszab\u00e1si szolg\u00e1ltat\u00e1sokat, nemzetk\u00f6zi tan\u00fas\u00edt\u00e1sokat, professzion\u00e1lis berendez\u00e9seket \u00e9s \u00e9rt\u00e9kes\u00edt\u00e9s ut\u00e1ni szolg\u00e1ltat\u00e1sokat k\u00edn\u00e1l. Korszer\u0171 technol\u00f3gi\u00e1t, berendez\u00e9seket \u00e9s professzion\u00e1lis tesztel\u00e9si rendszereket haszn\u00e1lunk term\u00e9keink gy\u00e1rt\u00e1s\u00e1nak \u00e9s szolg\u00e1ltat\u00e1saink min\u0151s\u00e9g\u00e9nek folyamatos fejleszt\u00e9se \u00e9rdek\u00e9ben.<\/p>\n<p><img decoding=\"async\" src=\"https:\/\/hzpt.com\/wp-content\/uploads\/2024\/11\/songte-company-1.webp\"><\/p>\n<h3>Szerz\u0151: lyl<\/h3>","protected":false},"excerpt":{"rendered":"<p>Bucket Cylinder For XGMA Middle Excavator XG822EL Introduction The Bucket Cylinder for XGMA Middle Excavator XG822EL is a specially designed hydraulic cylinder primarily used for controlling the movement of the bucket in heavy machinery such as excavators, backhoe excavators, and front loaders. Its main function is to allow the bucket to lift, lower, and tilt, [&hellip;]<\/p>","protected":false},"featured_media":14788,"comment_status":"open","ping_status":"closed","template":"","meta":{"_et_pb_use_builder":"","_et_pb_old_content":"","_et_gb_content_width":""},"product_brand":[],"product_cat":[1494],"product_tag":[1495,1496],"class_list":{"0":"post-15598","1":"product","2":"type-product","3":"status-publish","4":"has-post-thumbnail","6":"product_cat-bucket-cylinders","7":"product_tag-bucket-cylinders","8":"product_tag-hydraulic-cylinders","10":"first","11":"instock","12":"shipping-taxable","13":"product-type-simple"},"amp_enabled":true,"_links":{"self":[{"href":"https:\/\/www.hydraulic-cylinders.net\/hu\/wp-json\/wp\/v2\/product\/15598","targetHints":{"allow":["GET"]}}],"collection":[{"href":"https:\/\/www.hydraulic-cylinders.net\/hu\/wp-json\/wp\/v2\/product"}],"about":[{"href":"https:\/\/www.hydraulic-cylinders.net\/hu\/wp-json\/wp\/v2\/types\/product"}],"replies":[{"embeddable":true,"href":"https:\/\/www.hydraulic-cylinders.net\/hu\/wp-json\/wp\/v2\/comments?post=15598"}],"wp:featuredmedia":[{"embeddable":true,"href":"https:\/\/www.hydraulic-cylinders.net\/hu\/wp-json\/wp\/v2\/media\/14788"}],"wp:attachment":[{"href":"https:\/\/www.hydraulic-cylinders.net\/hu\/wp-json\/wp\/v2\/media?parent=15598"}],"wp:term":[{"taxonomy":"product_brand","embeddable":true,"href":"https:\/\/www.hydraulic-cylinders.net\/hu\/wp-json\/wp\/v2\/product_brand?post=15598"},{"taxonomy":"product_cat","embeddable":true,"href":"https:\/\/www.hydraulic-cylinders.net\/hu\/wp-json\/wp\/v2\/product_cat?post=15598"},{"taxonomy":"product_tag","embeddable":true,"href":"https:\/\/www.hydraulic-cylinders.net\/hu\/wp-json\/wp\/v2\/product_tag?post=15598"}],"curies":[{"name":"munkaf\u00fczet","href":"https:\/\/api.w.org\/{rel}","templated":true}]}}