{"id":15599,"date":"2025-01-19T14:43:59","date_gmt":"2025-01-19T14:43:59","guid":{"rendered":"https:\/\/www.hydraulic-cylinders.net\/product\/bucket-cylinder-for-xgma-middle-excavator-xg825el\/"},"modified":"2025-01-19T14:44:01","modified_gmt":"2025-01-19T14:44:01","slug":"bucket-cylinder-for-xgma-middle-excavator-xg825el","status":"publish","type":"product","link":"https:\/\/www.hydraulic-cylinders.net\/hu\/termek\/bucket-cylinder-for-xgma-middle-excavator-xg825el\/","title":{"rendered":"Kan\u00e1lhenger XGMA k\u00f6z\u00e9ps\u0151 kotr\u00f3g\u00e9phez XG825EL"},"content":{"rendered":"<h2>Bevezet\u00e9s<\/h2>\n<h3>Kan\u00e1lhenger XGMA k\u00f6z\u00e9ps\u0151 kotr\u00f3g\u00e9phez XG825EL<\/h3>\n<p>Az XGMA k\u00f6z\u00e9pkotr\u00f3g\u00e9p XG825EL kan\u00e1lhengere egy speci\u00e1lis hidraulikus henger, amelyet neh\u00e9zg\u00e9pek, p\u00e9ld\u00e1ul kotr\u00f3g\u00e9pek, kotr\u00f3g\u00e9pek \u00e9s homlokrakod\u00f3k kanalainak mozg\u00e1s\u00e1nak vez\u00e9rl\u00e9s\u00e9re terveztek. F\u0151 funkci\u00f3ja a kanalak emel\u00e9s\u00e9nek, s\u00fcllyeszt\u00e9s\u00e9nek \u00e9s billent\u00e9s\u00e9nek megk\u00f6nny\u00edt\u00e9se, megk\u00f6nny\u00edtve a k\u00fcl\u00f6nf\u00e9le anyagmozgat\u00e1si feladatok elv\u00e9gz\u00e9s\u00e9t. A hidraulikus rendszerben a kan\u00e1lhenger a hidraulikaolaj nyom\u00e1s\u00e1nak v\u00e1ltoz\u00e1sait haszn\u00e1lja fel a kan\u00e1l pontos vez\u00e9rl\u00e9s\u00e9hez, lehet\u0151v\u00e9 t\u00e9ve a kezel\u0151k sz\u00e1m\u00e1ra, hogy hat\u00e9konyan kezelj\u00e9k a neh\u00e9z terheket, alkalmazkodjanak az \u00f6sszetett munkak\u00f6rnyezetekhez \u00e9s a v\u00e1ltozatos munkak\u00f6vetelm\u00e9nyekhez.<\/p>\n<p><img decoding=\"async\" src=\"https:\/\/www.hydraulic-cylinders.net\/wp-content\/uploads\/2025\/01\/songte-company-2.webp\" alt=\"V\u00f6d\u00f6rhenger\"><\/p>\n<h2>Jellemz\u0151k<\/h2>\n<ul>\n<li><strong>Nagy szil\u00e1rds\u00e1g \u00e9s tart\u00f3ss\u00e1g:<\/strong> \u00c1ltal\u00e1ban nagy szil\u00e1rds\u00e1g\u00fa ac\u00e9lb\u00f3l vagy alum\u00edniumb\u00f3l k\u00e9sz\u00fcl, ellen\u00e1ll a nagy nyom\u00e1snak \u00e9s a nagy terhel\u00e9seknek, alkalmazkodik a zord munkak\u00f6rnyezethez, \u00e9s kop\u00e1s\u00e1ll\u00f3s\u00e1gra \u00e9s korr\u00f3zi\u00f3\u00e1ll\u00f3s\u00e1gra tervezt\u00e9k, meghosszabb\u00edtva \u00e9lettartam\u00e1t.<\/li>\n<li><strong>Hat\u00e9kony hidraulikus m\u0171k\u00f6dtet\u00e9s:<\/strong> A hidraulikaolaj nyom\u00e1s\u00e1t haszn\u00e1lva \u00e9ri el a sima t\u00e1gul\u00e1st \u00e9s \u00f6sszeh\u00faz\u00f3d\u00e1st, gyorsan reag\u00e1l a vez\u00e9rl\u0151parancsokra, er\u0151teljes tol\u00f3- \u00e9s h\u00faz\u00f3er\u0151t biztos\u00edt, \u00e9s alkalmas neh\u00e9z terhek \u00e9s \u00f6sszetett feladatok kezel\u00e9s\u00e9re.<\/li>\n<li><strong>K\u00fcl\u00f6nb\u00f6z\u0151 t\u00edpusok:<\/strong> Az egyir\u00e1ny\u00fa hidraulikus m\u0171k\u00f6dtet\u00e9s\u0171) vagy k\u00e9tir\u00e1ny\u00fa hidraulikus m\u0171k\u00f6dtet\u00e9s\u0171 (k\u00e9tir\u00e1ny\u00fa hidraulikus m\u0171k\u00f6dtet\u00e9s\u0171) hengerek a k\u00f6vetelm\u00e9nyeknek megfelel\u0151en v\u00e1laszthat\u00f3k ki, hogy megfeleljenek a k\u00fcl\u00f6nb\u00f6z\u0151 m\u0171k\u00f6d\u00e9si ig\u00e9nyeknek. Egyes modellek teleszk\u00f3posak, \u00edgy nagyobb kiny\u00fal\u00e1st tesznek lehet\u0151v\u00e9 a k\u00fcls\u0151 m\u00e9ret n\u00f6vel\u00e9se n\u00e9lk\u00fcl, \u00edgy alkalmasak korl\u00e1tozott helyig\u00e9ny\u0171 alkalmaz\u00e1sokhoz.<\/li>\n<li><strong>K\u00f6nny\u0171 csere:<\/strong> Term\u00e9keink t\u00f6k\u00e9letesen helyettes\u00edthetik ezeket a hidraulikus hengereket.<\/li>\n<\/ul>\n<p><img decoding=\"async\" src=\"https:\/\/www.hydraulic-cylinders.net\/wp-content\/uploads\/2025\/01\/songte-cylinder-head-with-all-kinds-excavator-models.webp\" alt=\"V\u00f6d\u00f6rhenger\"><\/p>\n<h2>Alkalmaz\u00e1sok<\/h2>\n<p>A v\u00f6d\u00f6rhenger sz\u00e9les k\u00f6r\u0171 alkalmaz\u00e1si lehet\u0151s\u00e9gekkel rendelkezik, bele\u00e9rtve, de nem kiz\u00e1r\u00f3lagosan:<\/p>\n<ul>\n<li><strong>\u00c9p\u00edt\u0151ipari berendez\u00e9sek:<\/strong> Kotr\u00f3g\u00e9pekben elengedhetetlenek az \u00e1s\u00e1shoz, rakod\u00e1shoz \u00e9s a talaj vagy t\u00f6rmel\u00e9k mozgat\u00e1s\u00e1hoz. A kotr\u00f3g\u00e9pekben a kan\u00e1lhengerek seg\u00edtik az \u00e1s\u00e1st \u00e9s az emel\u00e9st. <\/li>\n<li><strong>Mez\u0151gazdas\u00e1gi g\u00e9pek:<\/strong> Homlokrakod\u00f3khoz, talaj, sz\u00e9na \u00e9s egy\u00e9b anyagok mer\u00e9s\u00e9hez, emel\u00e9s\u00e9hez \u00e9s sz\u00e1ll\u00edt\u00e1s\u00e1hoz haszn\u00e1lj\u00e1k. <\/li>\n<li><strong>Kotr\u00f3g\u00e9pek:<\/strong> A kan\u00e1lhenger \u00fagy \u00e9ri el a f\u00f6ldmunk\u00e1t, hogy lehet\u0151v\u00e9 teszi a kan\u00e1l talajba val\u00f3 behatol\u00e1s\u00e1t. <\/li>\n<li><strong>Rakod\u00f3g\u00e9pek:<\/strong> A homlokrakod\u00f3kban hat\u00e9konyan seg\u00edtenek az \u00e1ruk emel\u00e9s\u00e9ben \u00e9s billent\u00e9s\u00e9ben.<\/li>\n<\/ul>\n<p>A v\u00f6d\u00f6rhenger minden egyes alkalmaz\u00e1s\u00e1t az al\u00e1bbiakban ismertetj\u00fck:<\/p>\n<ul>\n<li><strong>\u00c9p\u00edt\u0151ipari berendez\u00e9sek:<\/strong> A kotr\u00f3g\u00e9pekben a kan\u00e1lhengerek elengedhetetlenek a talaj vagy t\u00f6rmel\u00e9k \u00e1s\u00e1s\u00e1hoz, rakod\u00e1s\u00e1hoz \u00e9s mozgat\u00e1s\u00e1hoz. Ezek biztos\u00edtj\u00e1k a f\u00f6ldmunk\u00e1khoz sz\u00fcks\u00e9ges emel\u0151- \u00e9s billent\u0151 mechanizmusokat. A kotr\u00f3g\u00e9pekben a kan\u00e1lhengerek seg\u00edtenek az \u00e1s\u00e1sban \u00e9s az emel\u00e9sben, \u00edgy ide\u00e1lisak egyenetlen terep\u0171 \u00e9p\u00edt\u00e9si ter\u00fcletekhez. <\/li>\n<li><strong>Mez\u0151gazdas\u00e1gi g\u00e9pek:<\/strong> A kan\u00e1lhengereket homlokrakod\u00f3kban haszn\u00e1lj\u00e1k, amelyeket talaj, sz\u00e9na \u00e9s egy\u00e9b anyagok mer\u00e9s\u00e9re, emel\u00e9s\u00e9re \u00e9s sz\u00e1ll\u00edt\u00e1s\u00e1ra haszn\u00e1lnak. Ezek biztos\u00edtj\u00e1k a sz\u00fcks\u00e9ges emel\u0151- \u00e9s billent\u0151 mechanizmusokat, amelyek a neh\u00e9z terhek gazdas\u00e1gban t\u00f6rt\u00e9n\u0151 mozgat\u00e1s\u00e1hoz sz\u00fcks\u00e9gesek. <\/li>\n<li><strong>Kotr\u00f3g\u00e9pek:<\/strong> A kan\u00e1lhengerek a talajba hatolva v\u00e9gzik a f\u00f6ldmunk\u00e1t. Elengedhetetlenek \u00e1rkok vagy alapok \u00e1s\u00e1s\u00e1hoz, valamint \u00e9p\u00fcletek vagy egy\u00e9b szerkezetek lebont\u00e1s\u00e1hoz.<\/li>\n<li><strong>Rakod\u00f3g\u00e9pek:<\/strong> A homlokrakod\u00f3kban a kan\u00e1lhengerek hat\u00e9konyan seg\u00edtik az \u00e1ruk emel\u00e9s\u00e9t \u00e9s billent\u00e9s\u00e9t, \u00edgy ide\u00e1lisak neh\u00e9z rakom\u00e1nyok be- \u00e9s kirakod\u00e1s\u00e1hoz. <\/li>\n<\/ul>\n<h2>Tervez\u00e9si szempontok \u00e9s kiv\u00e1laszt\u00e1si krit\u00e9riumok<\/h2>\n<p>A kan\u00e1lhengernek sz\u00e1mos tervez\u00e9si szempontja \u00e9s kiv\u00e1laszt\u00e1si krit\u00e9riuma van, amelyeket az al\u00e1bbiakban ismertet\u00fcnk:<\/p>\n<ul>\n<li><strong>Teherb\u00edr\u00e1s:<\/strong> A kan\u00e1lhengernek k\u00e9pesnek kell lennie az emelt vagy billentett teher s\u00faly\u00e1nak \u00e9s nyom\u00e1s\u00e1nak kezel\u00e9s\u00e9re.<\/li>\n<li><strong>T\u00f6m\u00edt\u00e9s:<\/strong> A kan\u00e1lhengert kiv\u00e1l\u00f3 min\u0151s\u00e9g\u0171 t\u00f6m\u00edt\u00e9sekkel kell megtervezni a hidraulikafolyad\u00e9k sziv\u00e1rg\u00e1s\u00e1nak \u00e9s szennyez\u0151d\u00e9s\u00e9nek megakad\u00e1lyoz\u00e1sa \u00e9rdek\u00e9ben. <\/li>\n<li><strong>Tart\u00f3ss\u00e1g:<\/strong> A kan\u00e1lhengert \u00fagy kell megtervezni, hogy ellen\u00e1lljon a munkater\u00fclet zord k\u00f6r\u00fclm\u00e9nyeinek, bele\u00e9rtve a kop\u00e1st \u00e9s a korr\u00f3zi\u00f3t. <\/li>\n<li><strong>Biztons\u00e1g:<\/strong> A kan\u00e1lhengert a biztons\u00e1g szem el\u0151tt tart\u00e1s\u00e1val kell megtervezni, bele\u00e9rtve az olyan funkci\u00f3kat, mint a z\u00e1r\u00f3szelepek \u00e9s a t\u00falterhel\u00e9s elleni v\u00e9delmi rendszerek. <\/li>\n<li><strong>Karbantart\u00e1s:<\/strong> A kan\u00e1lhengert \u00fagy kell megtervezni, hogy k\u00f6nnyen karbantarthat\u00f3 legyen, bele\u00e9rtve az alkatr\u00e9szekhez val\u00f3 k\u00f6nny\u0171 hozz\u00e1f\u00e9r\u00e9st ellen\u0151rz\u00e9s \u00e9s jav\u00edt\u00e1s c\u00e9lj\u00e1b\u00f3l. <\/li>\n<\/ul>\n<p><img decoding=\"async\" src=\"https:\/\/www.hydraulic-cylinders.net\/wp-content\/uploads\/2025\/01\/songte-oil-pipes-and-spare-parts.webp\" alt=\"V\u00f6d\u00f6rhenger\"><\/p>\n<h2>T\u00f6m\u00edt\u00e9s \u00e9s ken\u00e9s<\/h2>\n<p>A kan\u00e1lhenger k\u00fcl\u00f6nf\u00e9le t\u00f6m\u00edt\u00e9seket haszn\u00e1l, p\u00e9ld\u00e1ul dugatty\u00fat\u00f6m\u00edt\u00e9seket \u00e9s r\u00fadt\u00f6m\u00edt\u00e9seket, amelyek kop\u00e1s\u00e1ll\u00f3 anyagokb\u00f3l, p\u00e9ld\u00e1ul poliuret\u00e1nb\u00f3l \u00e9s nitrilgumib\u00f3l k\u00e9sz\u00fclnek, hogy megakad\u00e1lyozz\u00e1k a hidraulikaolaj sziv\u00e1rg\u00e1s\u00e1t. A hengertest \u00e9s a menetes v\u00e9gfel\u00fclet finoman megmunk\u00e1lt a kop\u00e1s\u00e1ll\u00f3s\u00e1g n\u00f6vel\u00e9se \u00e9rdek\u00e9ben. A kan\u00e1lhenger z\u00f6kken\u0151mentes m\u0171k\u00f6d\u00e9s\u00e9nek biztos\u00edt\u00e1s\u00e1hoz rendszeres hidraulikaolajjal val\u00f3 ken\u00e9s sz\u00fcks\u00e9ges.<\/p>\n<p><img decoding=\"async\" src=\"https:\/\/www.hydraulic-cylinders.net\/wp-content\/uploads\/2025\/01\/songte-chushion-collar.webp\" alt=\"V\u00f6d\u00f6rhenger\"><\/p>\n<h2>Ellen\u0151rz\u00e9s \u00e9s megel\u0151z\u0151 karbantart\u00e1s<\/h2>\n<p>A kan\u00e1lhenger megfelel\u0151 m\u0171k\u00f6d\u00e9s\u00e9hez elengedhetetlen a rendszeres ellen\u0151rz\u00e9s \u00e9s a megel\u0151z\u0151 karbantart\u00e1s. Az al\u00e1bbiakban felsoroljuk a gyakori karbantart\u00e1si feladatokat:<\/p>\n<ul>\n<li><strong>Rendszeres ellen\u0151rz\u00e9s:<\/strong> Vizsg\u00e1lja meg a hengertestet, a dugatty\u00fat \u00e9s a t\u00f6m\u00edt\u00e9seket kop\u00e1s \u00e9s s\u00e9r\u00fcl\u00e9s szempontj\u00e1b\u00f3l. <\/li>\n<li><strong>Ken\u00e9s:<\/strong> A hengert rendszeres id\u0151k\u00f6z\u00f6nk\u00e9nt hidraulikaolajjal kell kenni a zavartalan m\u0171k\u00f6d\u00e9s biztos\u00edt\u00e1sa \u00e9rdek\u00e9ben. <\/li>\n<li><strong>T\u00f6m\u00edt\u00e9scsere:<\/strong> A s\u00e9r\u00fclt vagy kopott t\u00f6m\u00edt\u00e9seket azonnal cser\u00e9lje ki a hidraulikafolyad\u00e9k sziv\u00e1rg\u00e1s\u00e1nak megel\u0151z\u00e9se \u00e9rdek\u00e9ben. <\/li>\n<li><strong>Kalibr\u00e1ci\u00f3s ellen\u0151rz\u00e9s:<\/strong> Rendszeresen ellen\u0151rizze a henger kalibr\u00e1l\u00e1s\u00e1t, hogy megbizonyosodjon arr\u00f3l, hogy a specifik\u00e1ci\u00f3knak megfelel\u0151en m\u0171k\u00f6dik. <\/li>\n<\/ul>\n<p>A megfelel\u0151 beszerel\u00e9s elengedhetetlen a serleghenger megfelel\u0151 m\u0171k\u00f6d\u00e9s\u00e9hez. Fontos a henger megfelel\u0151 be\u00e1ll\u00edt\u00e1sa \u00e9s a megfelel\u0151 r\u00f6gz\u00edt\u0151konzolok haszn\u00e1lata a henger r\u00f6gz\u00edt\u00e9s\u00e9hez. A serleghenger \u00e9lettartam\u00e1nak meghosszabb\u00edt\u00e1sa \u00e9rdek\u00e9ben be kell tartani az aj\u00e1nlott ellen\u0151rz\u00e9si, jav\u00edt\u00e1si \u00e9s csere elj\u00e1r\u00e1sokat.<\/p>\n<p><img decoding=\"async\" src=\"https:\/\/hzpt.com\/wp-content\/uploads\/2024\/11\/songte-company-1.webp\" alt=\"V\u00f6d\u00f6rhenger\"><\/p>\n<h2>Biztons\u00e1gi \u00e9s k\u00f6rnyezetv\u00e9delmi szempontok<\/h2>\n<p>A kan\u00e1lhenger haszn\u00e1latakor biztons\u00e1gi \u00f3vint\u00e9zked\u00e9seket kell tenni a balesetek megel\u0151z\u00e9se \u00e9rdek\u00e9ben. Biztons\u00e1gi berendez\u00e9seket, p\u00e9ld\u00e1ul elz\u00e1r\u00f3szelepeket \u00e9s t\u00falterhel\u00e9s elleni v\u00e9delmi rendszereket kell haszn\u00e1lni a vesz\u00e9lyes helyzetek megel\u0151z\u00e9se \u00e9rdek\u00e9ben. A k\u00f6rnyezetv\u00e9delmi szempontokat is figyelembe kell venni, p\u00e9ld\u00e1ul a hidraulikafolyad\u00e9k megfelel\u0151 \u00e1rtalmatlan\u00edt\u00e1s\u00e1t \u00e9s a k\u00f6rnyezetbar\u00e1t anyagok haszn\u00e1lat\u00e1t.<\/p>\n<p><img decoding=\"async\" src=\"https:\/\/www.hydraulic-cylinders.net\/wp-content\/uploads\/2025\/01\/songte-bushings-with-all-kinds-of-excavator-models.webp\" alt=\"V\u00f6d\u00f6rhenger\"><\/p>\n<h2>Hibaelh\u00e1r\u00edt\u00e1s \u00e9s gyakori probl\u00e9m\u00e1k<\/h2>\n<p>A kan\u00e1l munkahenger\u00e9vel probl\u00e9m\u00e1k ad\u00f3dhatnak kop\u00e1s, s\u00e9r\u00fcl\u00e9s vagy nem megfelel\u0151 haszn\u00e1lat miatt. Gyakori probl\u00e9m\u00e1k k\u00f6z\u00e9 tartozik a hidraulikafolyad\u00e9k sziv\u00e1rg\u00e1sa, a lass\u00fa m\u0171k\u00f6d\u00e9s, valamint az el\u00e9gtelen emel\u0151- vagy billent\u0151er\u0151. Hibaelh\u00e1r\u00edt\u00e1si tippeket \u00e9s megold\u00e1sokat kell biztos\u00edtani, hogy az olvas\u00f3k diagnosztiz\u00e1lhass\u00e1k \u00e9s megoldhass\u00e1k ezeket a probl\u00e9m\u00e1kat. Megel\u0151z\u0151 int\u00e9zked\u00e9seket is be kell mutatni a lehets\u00e9ges probl\u00e9m\u00e1k minimaliz\u00e1l\u00e1sa \u00e9rdek\u00e9ben.<\/p>\n<h2>C\u00e9g\u00fcnkr\u0151l<\/h2>\n<p>Cserehidraulikus hengerek gy\u00e1rt\u00f3jak\u00e9nt, teljes term\u00e9kk\u00edn\u00e1lattal rendelkez\u00fcnk, \u00edgy a hidraulikus hengerek egyik vezet\u0151 gy\u00e1rt\u00f3ja \u00e9s nagykereskedelmi forgalmaz\u00f3ja vagyunk mind a hazai, mind a nemzetk\u00f6zi piacokon. A kiv\u00e1l\u00f3 min\u0151s\u00e9g elv\u00e9t k\u00f6vetj\u00fck, \u00e9s a kifinomult gy\u00e1rt\u00f3m\u0171helyek iparos\u00edtott termel\u00e9sir\u00e1ny\u00edt\u00e1si strat\u00e9gi\u00e1j\u00e1ra t\u00e1maszkodunk. C\u00e9g\u00fcnk folyamatosan fejleszti m\u0171hely\u00fcnk gy\u00e1rt\u00e1si platformj\u00e1t, jav\u00edtja term\u00e9kmin\u0151s\u00e9gi gy\u00e1rt\u00f3sor\u00e1t, \u00e9s er\u0151s kreat\u00edv k\u00e9pess\u00e9gekkel rendelkezik. Elk\u00f6telezettek vagyunk \u00fcgyfeleink sokr\u00e9t\u0171 ig\u00e9nyeinek nagy hat\u00e9konys\u00e1ggal, pontoss\u00e1ggal \u00e9s min\u0151s\u00e9ggel val\u00f3 kiel\u00e9g\u00edt\u00e9se ir\u00e1nt.<\/p>\n<p><img decoding=\"async\" src=\"https:\/\/www.hydraulic-cylinders.net\/wp-content\/uploads\/2025\/01\/songte-company-3.webp\" alt=\"V\u00f6d\u00f6rhenger\"><\/p>\n<p>B\u00fcszk\u00e9k vagyunk professzionalizmusunkra, nemzetk\u00f6zi tan\u00fas\u00edtv\u00e1nyainkra, testreszabott szolg\u00e1ltat\u00e1sainkra, gy\u00e1rt\u00f3berendez\u00e9seinkre \u00e9s \u00e9rt\u00e9kes\u00edt\u00e9s ut\u00e1ni szolg\u00e1ltat\u00e1sainkra. Term\u00e9keink kiv\u00e1l\u00f3 min\u0151s\u00e9g\u0171ek \u00e9s megb\u00edzhat\u00f3 teljes\u00edtm\u00e9nyt ny\u00fajtanak, \u00e9s id\u0151ben t\u00f6rt\u00e9n\u0151, professzion\u00e1lis m\u0171szaki t\u00e1mogat\u00e1st ny\u00fajtunk \u00fcgyfeleinknek. <\/p>\n<h2>Szerz\u0151<\/h2>\n<p>lyl<\/p>","protected":false},"excerpt":{"rendered":"<p>Introduction Bucket Cylinder For XGMA Middle Excavator XG825EL The Bucket Cylinder for XGMA Middle Excavator XG825EL is a specialized hydraulic cylinder designed to control the movement of buckets in heavy machinery such as excavators, backhoe excavators, and front-end loaders. Its main function is to facilitate the lifting, lowering, and tilting of buckets, making it easier [&hellip;]<\/p>","protected":false},"featured_media":14787,"comment_status":"open","ping_status":"closed","template":"","meta":{"_et_pb_use_builder":"","_et_pb_old_content":"","_et_gb_content_width":""},"product_brand":[],"product_cat":[1494],"product_tag":[1495,1496],"class_list":{"0":"post-15599","1":"product","2":"type-product","3":"status-publish","4":"has-post-thumbnail","6":"product_cat-bucket-cylinders","7":"product_tag-bucket-cylinders","8":"product_tag-hydraulic-cylinders","10":"first","11":"instock","12":"shipping-taxable","13":"product-type-simple"},"amp_enabled":true,"_links":{"self":[{"href":"https:\/\/www.hydraulic-cylinders.net\/hu\/wp-json\/wp\/v2\/product\/15599","targetHints":{"allow":["GET"]}}],"collection":[{"href":"https:\/\/www.hydraulic-cylinders.net\/hu\/wp-json\/wp\/v2\/product"}],"about":[{"href":"https:\/\/www.hydraulic-cylinders.net\/hu\/wp-json\/wp\/v2\/types\/product"}],"replies":[{"embeddable":true,"href":"https:\/\/www.hydraulic-cylinders.net\/hu\/wp-json\/wp\/v2\/comments?post=15599"}],"wp:featuredmedia":[{"embeddable":true,"href":"https:\/\/www.hydraulic-cylinders.net\/hu\/wp-json\/wp\/v2\/media\/14787"}],"wp:attachment":[{"href":"https:\/\/www.hydraulic-cylinders.net\/hu\/wp-json\/wp\/v2\/media?parent=15599"}],"wp:term":[{"taxonomy":"product_brand","embeddable":true,"href":"https:\/\/www.hydraulic-cylinders.net\/hu\/wp-json\/wp\/v2\/product_brand?post=15599"},{"taxonomy":"product_cat","embeddable":true,"href":"https:\/\/www.hydraulic-cylinders.net\/hu\/wp-json\/wp\/v2\/product_cat?post=15599"},{"taxonomy":"product_tag","embeddable":true,"href":"https:\/\/www.hydraulic-cylinders.net\/hu\/wp-json\/wp\/v2\/product_tag?post=15599"}],"curies":[{"name":"munkaf\u00fczet","href":"https:\/\/api.w.org\/{rel}","templated":true}]}}