{"id":15606,"date":"2025-01-19T14:44:27","date_gmt":"2025-01-19T14:44:27","guid":{"rendered":"https:\/\/www.hydraulic-cylinders.net\/product\/bucket-cylinder-for-lonking-small-excavator-lg6065\/"},"modified":"2025-01-19T14:44:29","modified_gmt":"2025-01-19T14:44:29","slug":"bucket-cylinder-for-lonking-small-excavator-lg6065","status":"publish","type":"product","link":"https:\/\/www.hydraulic-cylinders.net\/hu\/termek\/bucket-cylinder-for-lonking-small-excavator-lg6065\/","title":{"rendered":"V\u00f6d\u00f6rhenger Lonking kis kotr\u00f3g\u00e9phez LG6065"},"content":{"rendered":"<h1>V\u00f6d\u00f6rhenger Lonking kis kotr\u00f3g\u00e9phez LG6065<\/h1>\n<h2>Bevezet\u00e9s<\/h2>\n<h3>A v\u00f6d\u00f6rhenger meghat\u00e1roz\u00e1sa<\/h3>\n<p>A kan\u00e1lhenger egy speci\u00e1lisan tervezett hidraulikus henger, amelyet els\u0151sorban a kan\u00e1l mozg\u00e1s\u00e1nak vez\u00e9rl\u00e9s\u00e9re haszn\u00e1lnak neh\u00e9zg\u00e9pekben, p\u00e9ld\u00e1ul kotr\u00f3g\u00e9pekben, kotr\u00f3g\u00e9pekben \u00e9s homlokrakod\u00f3kban. F\u0151 funkci\u00f3ja a kan\u00e1l emel\u00e9s\u00e9nek, s\u00fcllyeszt\u00e9s\u00e9nek \u00e9s billent\u00e9s\u00e9nek lehet\u0151v\u00e9 t\u00e9tele, megk\u00f6nny\u00edtve a k\u00fcl\u00f6nf\u00e9le anyagmozgat\u00e1si feladatok elv\u00e9gz\u00e9s\u00e9t. A hidraulikus rendszerben a kan\u00e1lhengerek pontosan szab\u00e1lyozz\u00e1k a kan\u00e1l mozg\u00e1s\u00e1t a hidraulikaolaj nyom\u00e1s\u00e1nak v\u00e1ltoz\u00e1sain kereszt\u00fcl, lehet\u0151v\u00e9 t\u00e9ve a kezel\u0151k sz\u00e1m\u00e1ra, hogy hat\u00e9konyan kezelj\u00e9k a neh\u00e9z terheket, \u00e9s alkalmazkodjanak az \u00f6sszetett munkak\u00f6rnyezetekhez \u00e9s a v\u00e1ltozatos m\u0171k\u00f6d\u00e9si ig\u00e9nyekhez.<\/p>\n<p><img decoding=\"async\" src=\"https:\/\/www.hydraulic-cylinders.net\/wp-content\/uploads\/2025\/01\/songte-company-2.webp\"><\/p>\n<h3>Term\u00e9kjellemz\u0151k<\/h3>\n<ul>\n<li>Nagy szil\u00e1rds\u00e1g \u00e9s tart\u00f3ss\u00e1g: A jellemz\u0151en nagy szil\u00e1rds\u00e1g\u00fa ac\u00e9lb\u00f3l vagy alum\u00edniumb\u00f3l k\u00e9sz\u00fclt kan\u00e1lhengerek ellen\u00e1llnak a nagy nyom\u00e1snak \u00e9s a nagy terhel\u00e9seknek, alkalmazkodnak a zord munkak\u00f6rnyezethez, \u00e9s a kop\u00e1s\u00e1ll\u00f3s\u00e1got \u00e9s a korr\u00f3zi\u00f3v\u00e9delmet szem el\u0151tt tartva tervezt\u00e9k \u0151ket \u00e9lettartamuk meghosszabb\u00edt\u00e1sa \u00e9rdek\u00e9ben.<\/li>\n<li>Hat\u00e9kony hidraulikus m\u0171k\u00f6d\u00e9s: A hidraulikaolaj nyom\u00e1s\u00e1t kihaszn\u00e1lva a kan\u00e1lhengerek z\u00f6kken\u0151mentes kitol\u00e1st \u00e9s visszah\u00faz\u00e1st tesznek lehet\u0151v\u00e9, gyorsan reag\u00e1lva a vez\u00e9rl\u0151parancsokra, \u00edgy nagy nyom\u00f3- \u00e9s h\u00faz\u00f3er\u0151t biztos\u00edtva, amely alkalmas neh\u00e9z terhek \u00e9s \u00f6sszetett \u00fczemeltet\u00e9si feladatok kezel\u00e9s\u00e9re.<\/li>\n<li>K\u00fcl\u00f6nb\u00f6z\u0151 t\u00edpusok: A kan\u00e1lhengerek lehetnek egyszeres m\u0171k\u00f6d\u00e9s\u0171ek (csak egy ir\u00e1nyban haszn\u00e1lj\u00e1k a hidraulik\u00e1t) vagy kett\u0151s m\u0171k\u00f6d\u00e9s\u0171ek (k\u00e9t ir\u00e1nyban haszn\u00e1lj\u00e1k a hidraulik\u00e1t), \u00e9s az \u00fczemeltet\u00e9si ig\u00e9nyeknek megfelel\u0151en v\u00e1laszthat\u00f3k ki. Egyes modellek teleszk\u00f3posak, \u00edgy nagyobb kiny\u00fal\u00e1st tesznek lehet\u0151v\u00e9 a k\u00fcls\u0151 m\u00e9retek n\u00f6vel\u00e9se n\u00e9lk\u00fcl, \u00edgy alkalmasak korl\u00e1tozott helyig\u00e9ny\u0171 alkalmaz\u00e1sokhoz.<\/li>\n<li>M\u00e1s hidraulikus hengereket helyettes\u00edthet: Term\u00e9keink t\u00f6k\u00e9letesen helyettes\u00edthetik a t\u00f6bbi hidraulikus hengert. <\/li>\n<\/ul>\n<p><img decoding=\"async\" src=\"https:\/\/www.hydraulic-cylinders.net\/wp-content\/uploads\/2025\/01\/songte-cylinder-head-with-all-kinds-excavator-models.webp\"><\/p>\n<h3>Alkalmaz\u00e1sok<\/h3>\n<p>A v\u00f6d\u00f6rhengereket sz\u00e9les k\u00f6rben haszn\u00e1lj\u00e1k k\u00fcl\u00f6nf\u00e9le ipar\u00e1gakban, bele\u00e9rtve:<\/p>\n<ul>\n<li>\u00c9p\u00edt\u0151ipari berendez\u00e9sek: Kotr\u00f3g\u00e9pekben kritikus fontoss\u00e1g\u00faak az \u00e1s\u00e1shoz, rakod\u00e1shoz \u00e9s a f\u00f6ld vagy t\u00f6rmel\u00e9k mozgat\u00e1s\u00e1hoz. A kotr\u00f3g\u00e9pekben a kan\u00e1lhengerek seg\u00edtenek mind az \u00e1s\u00e1sban, mind az emel\u00e9sben. <\/li>\n<li>Mez\u0151gazdas\u00e1gi g\u00e9pek: Homlokrakod\u00f3kban haszn\u00e1lj\u00e1k talaj, sz\u00e9na \u00e9s egy\u00e9b anyagok \u00e1s\u00e1s\u00e1ra, emel\u00e9s\u00e9re \u00e9s sz\u00e1ll\u00edt\u00e1s\u00e1ra.<\/li>\n<li>Kotr\u00f3g\u00e9pek: A kan\u00e1lhengerek lehet\u0151v\u00e9 teszik a f\u00f6ldmunk\u00e1k elv\u00e9gz\u00e9s\u00e9t az\u00e1ltal, hogy lehet\u0151v\u00e9 teszik a kan\u00e1l talajba val\u00f3 behatol\u00e1s\u00e1t.<\/li>\n<li>Rakod\u00f3g\u00e9pek: A homlokrakod\u00f3k hat\u00e9konyan seg\u00edtik a rakom\u00e1ny emel\u00e9s\u00e9t \u00e9s \u00fcr\u00edt\u00e9s\u00e9t.<\/li>\n<\/ul>\n<h3>Tervez\u00e9si szempontok \u00e9s kiv\u00e1laszt\u00e1si krit\u00e9riumok<\/h3>\n<p>A kan\u00e1lhengereket sz\u00e1mos kulcsfontoss\u00e1g\u00fa szempont figyelembev\u00e9tel\u00e9vel tervezik, bele\u00e9rtve:<\/p>\n<ul>\n<li>Teherb\u00edr\u00e1s<\/li>\n<li>T\u00f6m\u00edt\u00e9s<\/li>\n<li>Tart\u00f3ss\u00e1g<\/li>\n<li>Biztons\u00e1g<\/li>\n<li>Karbantarthat\u00f3s\u00e1g<\/li>\n<\/ul>\n<p><img decoding=\"async\" src=\"https:\/\/www.hydraulic-cylinders.net\/wp-content\/uploads\/2025\/01\/songte-oil-pipes-and-spare-parts.webp\"><\/p>\n<h3>T\u00f6m\u00edt\u00e9s \u00e9s ken\u00e9s<\/h3>\n<p>A serleghengerek k\u00fcl\u00f6nf\u00e9le t\u00f6m\u00edt\u0151elemekkel vannak felszerelve, p\u00e9ld\u00e1ul dugatty\u00fat\u00f6m\u00edt\u00e9sekkel, r\u00fadt\u00f6m\u00edt\u00e9sekkel \u00e9s egy\u00e9b t\u00f6m\u00edt\u00e9sekkel, amelyek kop\u00e1s\u00e1ll\u00f3 anyagokb\u00f3l, p\u00e9ld\u00e1ul poliuret\u00e1nb\u00f3l \u00e9s nitrilgumib\u00f3l k\u00e9sz\u00fclnek. A hengertest \u00e9s a menetes v\u00e9gek finom megmunk\u00e1l\u00e1s\u00faak a kop\u00e1s\u00e1ll\u00f3s\u00e1g jav\u00edt\u00e1sa \u00e9rdek\u00e9ben. A ken\u00e9shez rendszeres, megfelel\u0151 mennyis\u00e9g\u0171 hidraulikaolaj hozz\u00e1ad\u00e1sa sz\u00fcks\u00e9ges.<\/p>\n<h3>Karbantart\u00e1s \u00e9s jav\u00edt\u00e1s<\/h3>\n<p>A rendszeres ellen\u0151rz\u00e9sek \u00e9s a megel\u0151z\u0151 karbantart\u00e1s elengedhetetlen a serleghenger hossz\u00fa \u00e9lettartam\u00e1nak biztos\u00edt\u00e1s\u00e1hoz. A gyakori karbantart\u00e1si feladatok a k\u00f6vetkez\u0151k:<\/p>\n<ul>\n<li>Rendszeres ellen\u0151rz\u00e9s<\/li>\n<li>Megfelel\u0151 ken\u00e9s<\/li>\n<li>T\u00f6m\u00edt\u00e9s csere<\/li>\n<li>Kalibr\u00e1ci\u00f3s ellen\u0151rz\u00e9sek<\/li>\n<\/ul>\n<p>A megfelel\u0151 telep\u00edt\u00e9s elengedhetetlen a kan\u00e1lhenger optim\u00e1lis teljes\u00edtm\u00e9ny\u00e9nek \u00e9s hossz\u00fa \u00e9lettartam\u00e1nak biztos\u00edt\u00e1s\u00e1hoz. Javasoljuk, hogy megfelel\u0151 r\u00f6gz\u00edt\u0151konzolokat haszn\u00e1ljon a henger r\u00f6gz\u00edt\u00e9s\u00e9hez. Az aj\u00e1nlott ellen\u0151rz\u00e9si, jav\u00edt\u00e1si \u00e9s csereelj\u00e1r\u00e1sok meghosszabb\u00edthatj\u00e1k a henger \u00e9lettartam\u00e1t.<\/p>\n<p><img decoding=\"async\" src=\"https:\/\/www.hydraulic-cylinders.net\/wp-content\/uploads\/2025\/01\/songte-chushion-collar.webp\"><\/p>\n<h3>Biztons\u00e1g \u00e9s k\u00f6rnyezetv\u00e9delem<\/h3>\n<p>A v\u00f6dr\u00f6s palackokat megfelel\u0151 biztons\u00e1gi int\u00e9zked\u00e9sekkel kell haszn\u00e1lni a balesetek megel\u0151z\u00e9se \u00e9rdek\u00e9ben. A palack haszn\u00e1lata sor\u00e1n elengedhetetlen a biztons\u00e1gi ir\u00e1nyelvek betart\u00e1sa \u00e9s a biztons\u00e1gos kezel\u00e9si technik\u00e1k alkalmaz\u00e1sa a s\u00e9r\u00fcl\u00e9sek vagy k\u00e1rok megel\u0151z\u00e9se \u00e9rdek\u00e9ben. A v\u00f6dr\u00f6s palackok haszn\u00e1latakor a k\u00f6rnyezeti t\u00e9nyez\u0151ket is figyelembe kell venni, p\u00e9ld\u00e1ul a zajszennyez\u00e9st \u00e9s a hullad\u00e9kkezel\u00e9st.<\/p>\n<h3>Gyakori probl\u00e9m\u00e1k \u00e9s hibaelh\u00e1r\u00edt\u00e1s<\/h3>\n<p>A kan\u00e1lhengerekkel kapcsolatos gyakori probl\u00e9m\u00e1k k\u00f6z\u00e9 tartozhatnak a sziv\u00e1rg\u00e1sok, az alacsony nyom\u00e1s \u00e9s a szokatlan zajok. Ezen probl\u00e9m\u00e1k elh\u00e1r\u00edt\u00e1sa mag\u00e1ban foglalhatja a s\u00e9r\u00fclt alkatr\u00e9szek ellen\u0151rz\u00e9s\u00e9t, kalibr\u00e1l\u00e1s\u00e1t \u00e9s cser\u00e9j\u00e9t. A rendszeres megel\u0151z\u0151 karbantart\u00e1s seg\u00edthet megel\u0151zni a lehets\u00e9ges probl\u00e9m\u00e1kat.<\/p>\n<p><img decoding=\"async\" src=\"https:\/\/www.hydraulic-cylinders.net\/wp-content\/uploads\/2025\/01\/songte-bushings-with-all-kinds-of-excavator-models.webp\"><\/p>\n<h2>C\u00e9g\u00fcnk<\/h2>\n<p>Hidraulikus hengerek gy\u00e1rt\u00f3jak\u00e9nt teljes term\u00e9kk\u00edn\u00e1latot k\u00edn\u00e1lunk. A hazai \u00e9s nemzetk\u00f6zi piacok egyik vezet\u0151 hidraulikus hengergy\u00e1rt\u00f3j\u00e1v\u00e1 \u00e9s nagykereskedelmi forgalmaz\u00f3j\u00e1v\u00e1 v\u00e1ltunk. A kiv\u00e1l\u00f3 min\u0151s\u00e9g elv\u00e9t k\u00f6vetj\u00fck, \u00e9s a kifinomult gy\u00e1rt\u00f3m\u0171helyek iparos\u00edtott termel\u00e9sir\u00e1ny\u00edt\u00e1si strat\u00e9gi\u00e1j\u00e1ra t\u00e1maszkodunk. Magasan fejlett digit\u00e1lis gy\u00e1rt\u00f3berendez\u00e9sek, professzion\u00e1lis tesztrendszer \u00e9s tapasztalt m\u0171szaki szem\u00e9lyzet haszn\u00e1lat\u00e1val folyamatosan fejlesztj\u00fck gy\u00e1rt\u00e1si platformjainkat \u00e9s term\u00e9kmin\u0151s\u00e9gi gy\u00e1rt\u00f3sorainkat. Ez\u00e1ltal rendk\u00edv\u00fcl hat\u00e9konny\u00e1, prec\u00edzs\u00e9 \u00e9s kiv\u00e1l\u00f3 min\u0151s\u00e9g\u0171v\u00e9 v\u00e1ltunk, hogy jobban megfelelj\u00fcnk \u00fcgyfeleink sokr\u00e9t\u0171 ig\u00e9nyeinek.<\/p>\n<h3>Szakmaiass\u00e1g<\/h3>\n<p>C\u00e9g\u00fcnk elk\u00f6telezett a legmagasabb szint\u0171 professzionalizmus fenntart\u00e1sa ir\u00e1nt \u00fczleti tev\u00e9kenys\u00e9g\u00fcnk minden ter\u00fclet\u00e9n. Az \u00fcgyfelekkel, besz\u00e1ll\u00edt\u00f3kkal \u00e9s partnerekkel folytatott minden kapcsolatunkban a becs\u00fcletess\u00e9g, a feddhetetlens\u00e9g \u00e9s az etikus magatart\u00e1s elveit valljuk.<\/p>\n<h3>Nemzetk\u00f6zi min\u0151s\u00edt\u00e9s<\/h3>\n<p>Term\u00e9keink megfelelnek a legmagasabb nemzetk\u00f6zi szabv\u00e1nyoknak, bele\u00e9rtve az ISO9001, CE \u00e9s T\u00dcV min\u0151s\u00edt\u00e9seket. Elk\u00f6telezettek vagyunk az ir\u00e1nt, hogy \u00fcgyfeleink sz\u00e1m\u00e1ra a legmagasabb min\u0151s\u00e9g\u0171, ig\u00e9nyeiket kiel\u00e9g\u00edt\u0151 term\u00e9keket biztos\u00edtsuk.<\/p>\n<h3>Testreszab\u00e1si szolg\u00e1ltat\u00e1sok<\/h3>\n<p>Testreszab\u00e1si szolg\u00e1ltat\u00e1sokat k\u00edn\u00e1lunk, amelyek \u00fcgyfeleink egyedi ig\u00e9nyeihez igaz\u00edthat\u00f3k. Egyedi hidraulikus hengereket tudunk biztos\u00edtani, amelyek megfelelnek alkalmaz\u00e1saik speci\u00e1lis k\u00f6vetelm\u00e9nyeinek.<\/p>\n<h3>Termel\u00e9si berendez\u00e9sek<\/h3>\n<p>Hidraulikus hengereink gy\u00e1rt\u00e1s\u00e1hoz rendk\u00edv\u00fcl fejlett digit\u00e1lis gy\u00e1rt\u00f3berendez\u00e9seket haszn\u00e1lunk. Gy\u00e1rt\u00f3berendez\u00e9seink k\u00f6z\u00f6tt CNC g\u00e9pek, f\u00e9mmegmunk\u00e1l\u00f3 g\u00e9pek, automata hegeszt\u0151berendez\u00e9sek \u00e9s vizsg\u00e1l\u00f3berendez\u00e9sek is szerepelnek. Elk\u00f6telezettek vagyunk a leg\u00fajabb technol\u00f3gia alkalmaz\u00e1sa ir\u00e1nt a kiv\u00e1l\u00f3 min\u0151s\u00e9g\u0171 term\u00e9kek el\u0151\u00e1ll\u00edt\u00e1sa \u00e9rdek\u00e9ben.<\/p>\n<h3>\u00c9rt\u00e9kes\u00edt\u00e9s ut\u00e1ni szolg\u00e1ltat\u00e1s<\/h3>\n<p>\u00c9rt\u00e9kes\u00edt\u00e9s ut\u00e1ni szolg\u00e1ltat\u00e1sokat ny\u00fajtunk, bele\u00e9rtve a m\u0171szaki t\u00e1mogat\u00e1st, a term\u00e9kkarbantart\u00e1st \u00e9s a jav\u00edt\u00e1si szolg\u00e1ltat\u00e1sokat. Elk\u00f6telezettek vagyunk az ir\u00e1nt, hogy \u00fcgyfeleink a lehet\u0151 legmagasabb szint\u0171 t\u00e1mogat\u00e1st \u00e9s seg\u00edts\u00e9get kapj\u00e1k.<\/p>\n<p><img decoding=\"async\" src=\"https:\/\/hzpt.com\/wp-content\/uploads\/2024\/11\/songte-company-1.webp\"><\/p>\n<p>Szerz\u0151: lyl.<\/p>","protected":false},"excerpt":{"rendered":"<p>Bucket Cylinder For Lonking Small Excavator LG6065 Introduction Defining Bucket Cylinder A bucket cylinder is a specially-designed hydraulic cylinder used primarily to control the movement of the bucket in heavy machinery such as excavators, backhoes, and front-end loaders. Its main function is to enable the bucket to lift, lower, and tilt, making it easier to [&hellip;]<\/p>","protected":false},"featured_media":14773,"comment_status":"open","ping_status":"closed","template":"","meta":{"_et_pb_use_builder":"","_et_pb_old_content":"","_et_gb_content_width":""},"product_brand":[],"product_cat":[1494],"product_tag":[1495,1496],"class_list":{"0":"post-15606","1":"product","2":"type-product","3":"status-publish","4":"has-post-thumbnail","6":"product_cat-bucket-cylinders","7":"product_tag-bucket-cylinders","8":"product_tag-hydraulic-cylinders","10":"first","11":"instock","12":"shipping-taxable","13":"product-type-simple"},"amp_enabled":true,"_links":{"self":[{"href":"https:\/\/www.hydraulic-cylinders.net\/hu\/wp-json\/wp\/v2\/product\/15606","targetHints":{"allow":["GET"]}}],"collection":[{"href":"https:\/\/www.hydraulic-cylinders.net\/hu\/wp-json\/wp\/v2\/product"}],"about":[{"href":"https:\/\/www.hydraulic-cylinders.net\/hu\/wp-json\/wp\/v2\/types\/product"}],"replies":[{"embeddable":true,"href":"https:\/\/www.hydraulic-cylinders.net\/hu\/wp-json\/wp\/v2\/comments?post=15606"}],"wp:featuredmedia":[{"embeddable":true,"href":"https:\/\/www.hydraulic-cylinders.net\/hu\/wp-json\/wp\/v2\/media\/14773"}],"wp:attachment":[{"href":"https:\/\/www.hydraulic-cylinders.net\/hu\/wp-json\/wp\/v2\/media?parent=15606"}],"wp:term":[{"taxonomy":"product_brand","embeddable":true,"href":"https:\/\/www.hydraulic-cylinders.net\/hu\/wp-json\/wp\/v2\/product_brand?post=15606"},{"taxonomy":"product_cat","embeddable":true,"href":"https:\/\/www.hydraulic-cylinders.net\/hu\/wp-json\/wp\/v2\/product_cat?post=15606"},{"taxonomy":"product_tag","embeddable":true,"href":"https:\/\/www.hydraulic-cylinders.net\/hu\/wp-json\/wp\/v2\/product_tag?post=15606"}],"curies":[{"name":"munkaf\u00fczet","href":"https:\/\/api.w.org\/{rel}","templated":true}]}}