{"id":15627,"date":"2025-01-19T14:46:07","date_gmt":"2025-01-19T14:46:07","guid":{"rendered":"https:\/\/www.hydraulic-cylinders.net\/product\/bucket-cylinder-for-liebherr-small-excavator-r906l\/"},"modified":"2025-01-19T14:46:09","modified_gmt":"2025-01-19T14:46:09","slug":"bucket-cylinder-for-liebherr-small-excavator-r906l","status":"publish","type":"product","link":"https:\/\/www.hydraulic-cylinders.net\/hu\/termek\/bucket-cylinder-for-liebherr-small-excavator-r906l\/","title":{"rendered":"Kan\u00e1lhenger Liebherr kis kotr\u00f3g\u00e9phez R906L"},"content":{"rendered":"<h1>Kan\u00e1lhenger Liebherr kis kotr\u00f3g\u00e9phez R906L<\/h1>\n<h2>Bevezet\u00e9s<\/h2>\n<p>A kan\u00e1lhenger, m\u00e1s n\u00e9ven hidraulikus henger, kifejezetten a kan\u00e1l mozg\u00e1s\u00e1nak vez\u00e9rl\u00e9s\u00e9re szolg\u00e1l neh\u00e9zg\u00e9pekben, p\u00e9ld\u00e1ul kotr\u00f3g\u00e9pekben, kotr\u00f3rakod\u00f3kban \u00e9s homlokrakod\u00f3kban. Els\u0151dleges funkci\u00f3ja a kan\u00e1l emel\u00e9se, s\u00fcllyeszt\u00e9se \u00e9s billent\u00e9se, megk\u00f6nny\u00edtve a k\u00fcl\u00f6nf\u00e9le anyagmozgat\u00e1si feladatok elv\u00e9gz\u00e9s\u00e9t. A hidraulikus rendszerben a kan\u00e1lhenger a hidraulikaolaj nyom\u00e1sv\u00e1ltoz\u00e1s\u00e1t haszn\u00e1lja fel a kan\u00e1l pontos vez\u00e9rl\u00e9s\u00e9hez, lehet\u0151v\u00e9 t\u00e9ve a kezel\u0151k sz\u00e1m\u00e1ra a neh\u00e9z terhek hat\u00e9kony kezel\u00e9s\u00e9t, valamint az \u00f6sszetett munkak\u00f6rnyezetekhez \u00e9s a v\u00e1ltozatos munkak\u00f6vetelm\u00e9nyekhez val\u00f3 alkalmazkod\u00e1st.<\/p>\n<p><img decoding=\"async\" src=\"https:\/\/www.hydraulic-cylinders.net\/wp-content\/uploads\/2025\/01\/songte-company-2.webp\" alt=\"V\u00f6d\u00f6r henger k\u00e9pe\"><\/p>\n<h2>Jellemz\u0151k<\/h2>\n<ul>\n<li>Nagy szil\u00e1rds\u00e1g \u00e9s tart\u00f3ss\u00e1g: \u00c1ltal\u00e1ban nagy szil\u00e1rds\u00e1g\u00fa ac\u00e9lb\u00f3l vagy alum\u00edniumb\u00f3l k\u00e9sz\u00fcl, k\u00e9pes ellen\u00e1llni a nagy nyom\u00e1snak \u00e9s a nagy terhel\u00e9seknek, alkalmazkodni a zord munkak\u00f6rnyezethez, \u00e9s a tervez\u00e9si szempontok k\u00f6z\u00e9 tartozik a kop\u00e1s\u00e1ll\u00f3s\u00e1g \u00e9s a korr\u00f3zi\u00f3\u00e1ll\u00f3s\u00e1g az \u00e9lettartam meghosszabb\u00edt\u00e1sa \u00e9rdek\u00e9ben.<\/li>\n<li>Hat\u00e9kony hidraulikus m\u0171k\u00f6d\u00e9s: A hidraulikaolaj nyom\u00e1s\u00e1t haszn\u00e1lva \u00e9ri el a sima kiny\u00fal\u00e1st \u00e9s \u00f6sszeh\u00faz\u00f3d\u00e1st, gyorsan reag\u00e1l a vez\u00e9rl\u0151parancsokra, er\u0151teljes tol\u00f3- \u00e9s h\u00faz\u00f3er\u0151t biztos\u00edt, \u00e9s alkalmas neh\u00e9z terhek \u00e9s \u00f6sszetett feladatok kezel\u00e9s\u00e9re.<\/li>\n<li>K\u00fcl\u00f6nb\u00f6z\u0151 t\u00edpusok: Az ig\u00e9nyeknek megfelel\u0151en egyir\u00e1ny\u00fa hidraulikus vagy kett\u0151s m\u0171k\u00f6d\u00e9s\u0171 (hidraulikus, k\u00e9tir\u00e1ny\u00fa) hengerek v\u00e1laszthat\u00f3k a k\u00fcl\u00f6nb\u00f6z\u0151 m\u0171k\u00f6d\u00e9si k\u00f6vetelm\u00e9nyeknek megfelel\u0151en. Egyes modellek teleszk\u00f3posak, \u00edgy nagyobb kiny\u00fal\u00e1st tesznek lehet\u0151v\u00e9 a k\u00fcls\u0151 m\u00e9retek n\u00f6vel\u00e9se n\u00e9lk\u00fcl, \u00e9s alkalmasak korl\u00e1tozott helyig\u00e9ny\u0171 alkalmaz\u00e1sokhoz.<\/li>\n<li>Csere: Term\u00e9keink t\u00f6k\u00e9letesen helyettes\u00edthetik ezeket a hidraulikus hengereket.<\/li>\n<\/ul>\n<p><img decoding=\"async\" src=\"https:\/\/www.hydraulic-cylinders.net\/wp-content\/uploads\/2025\/01\/songte-cylinder-head-with-all-kinds-excavator-models.webp\" alt=\"V\u00f6d\u00f6r henger k\u00e9pe\"><\/p>\n<h2>Alkalmaz\u00e1sok<\/h2>\n<p>A v\u00f6d\u00f6rhengereket sz\u00e9les k\u00f6rben haszn\u00e1lj\u00e1k k\u00fcl\u00f6nf\u00e9le ipar\u00e1gakban, bele\u00e9rtve:<\/p>\n<ul>\n<li>\u00c9p\u00edt\u0151ipari berendez\u00e9sek: Kotr\u00f3g\u00e9pekben kritikus fontoss\u00e1g\u00faak az \u00e1s\u00e1shoz, a rakod\u00e1shoz \u00e9s a talaj vagy t\u00f6rmel\u00e9k mozgat\u00e1s\u00e1hoz. Kotr\u00f3g\u00e9p-rakod\u00f3kban a kan\u00e1lhenger mind az \u00e1s\u00e1st, mind az emel\u00e9st seg\u00edti. <\/li>\n<li>Mez\u0151gazdas\u00e1gi g\u00e9pek: Homlokrakod\u00f3kban haszn\u00e1lj\u00e1k talaj, sz\u00e9na \u00e9s egy\u00e9b anyagok kanalaz\u00e1s\u00e1ra, emel\u00e9s\u00e9re \u00e9s sz\u00e1ll\u00edt\u00e1s\u00e1ra. <\/li>\n<li>Kotr\u00f3g\u00e9pek: A kan\u00e1lhenger lehet\u0151v\u00e9 teszi az \u00e1s\u00e1st az\u00e1ltal, hogy lehet\u0151v\u00e9 teszi a kan\u00e1l talajba val\u00f3 behatol\u00e1s\u00e1t. <\/li>\n<li>Rakod\u00f3g\u00e9pek: A homlokrakod\u00f3k hat\u00e9konyan seg\u00edtik a rakom\u00e1ny emel\u00e9s\u00e9t \u00e9s \u00fcr\u00edt\u00e9s\u00e9t.<\/li>\n<\/ul>\n<p>Vizsg\u00e1ljuk meg r\u00e9szletesebben ezen alkalmaz\u00e1sok n\u00e9melyik\u00e9t:<\/p>\n<h3>\u00c9p\u00edt\u0151ipari berendez\u00e9sek<\/h3>\n<p>A kan\u00e1lhengerek m\u0171k\u00f6dtetik a kotr\u00f3g\u00e9p g\u00e9met, kanal\u00e1t \u00e9s karj\u00e1t, lehet\u0151v\u00e9 t\u00e9ve a tartoz\u00e9k pontos mozg\u00e1s\u00e1t. Lehet\u0151v\u00e9 teszik a kotr\u00f3g\u00e9p sz\u00e1m\u00e1ra, hogy m\u00e9lyebbre \u00e1sson, t\u00f6bbet rakodjon \u00e9s gyorsabban mozogjon, mint m\u00e1s m\u00f3dszerek, \u00edgy sz\u00e1mos \u00e9p\u00edt\u00e9si projekthez a v\u00e1lasztott g\u00e9p.<\/p>\n<h3>Mez\u0151gazdas\u00e1gi g\u00e9pek<\/h3>\n<p>A kan\u00e1lhengereket k\u00fcl\u00f6nf\u00e9le mez\u0151gazdas\u00e1gi berendez\u00e9sekben haszn\u00e1lj\u00e1k, a traktorokt\u00f3l a komb\u00e1jnokig. Mivel k\u00e9pesek anyagok mer\u00e9s\u00e9re, emel\u00e9s\u00e9re \u00e9s sz\u00e1ll\u00edt\u00e1s\u00e1ra, a kan\u00e1lhengerek elengedhetetlenek olyan feladatokhoz, mint a sz\u00e9nab\u00e1l\u00e1k be- \u00e9s kirakod\u00e1sa, valamint a talaj mozgat\u00e1sa.<\/p>\n<h2>Tervez\u00e9si szempontok \u00e9s kiv\u00e1laszt\u00e1si krit\u00e9riumok<\/h2>\n<p>A hengerek tervez\u00e9sekor \u00e9s kiv\u00e1laszt\u00e1sakor sz\u00e1mos t\u00e9nyez\u0151t kell figyelembe venni:<\/p>\n<ul>\n<li>Teherb\u00edr\u00e1s: A hidraulikus hengernek k\u00e9pesnek kell lennie a g\u00e9p \u00e9s az \u00e1ltala kezelt anyagok terhel\u00e9s\u00e9nek elvisel\u00e9s\u00e9re, \u00e9s m\u0171k\u00f6d\u00e9s k\u00f6zben stabilnak kell maradnia.<\/li>\n<li>T\u00f6m\u00edt\u00e9s: A hidraulikus hengert megfelel\u0151en t\u00f6m\u00edteni kell a sziv\u00e1rg\u00e1sok elker\u00fcl\u00e9se \u00e9s a zavartalan m\u0171k\u00f6d\u00e9s biztos\u00edt\u00e1sa \u00e9rdek\u00e9ben. K\u00fcl\u00f6nf\u00e9le t\u00f6m\u00edt\u00e9seket haszn\u00e1lnak, bele\u00e9rtve a dugatty\u00fat\u00f6m\u00edt\u00e9seket, a r\u00fadt\u00f6m\u00edt\u00e9seket \u00e9s az ablakt\u00f6rl\u0151 t\u00f6m\u00edt\u00e9seket.<\/li>\n<li>Tart\u00f3ss\u00e1g: A hidraulikus hengernek olyan anyagokb\u00f3l kell k\u00e9sz\u00fclnie, amelyek ellen\u00e1llnak a neh\u00e9z haszn\u00e1lat \u00e9s a zord k\u00f6rnyezeti hat\u00e1sok okozta kop\u00e1snak. A felhaszn\u00e1lt anyagok k\u00f6z\u00e9 tartoznak az edzett ac\u00e9l, az alum\u00ednium\u00f6tv\u00f6zetek \u00e9s a nagy teljes\u00edtm\u00e9ny\u0171 polimerek.<\/li>\n<li>Biztons\u00e1g: A hidraulikus hengert a biztons\u00e1g szem el\u0151tt tart\u00e1s\u00e1val kell megtervezni, olyan funkci\u00f3kkal, mint a nyom\u00e1scs\u00f6kkent\u0151 szelepek \u00e9s a hibat\u0171r\u0151 mechanizmusok a balesetek megel\u0151z\u00e9se \u00e9s a meghib\u00e1sod\u00e1s eset\u00e9n keletkez\u0151 k\u00e1rok minimaliz\u00e1l\u00e1sa \u00e9rdek\u00e9ben.<\/li>\n<li>Karbantarthat\u00f3s\u00e1g: A hidraulikus hengert \u00fagy kell megtervezni, hogy k\u00f6nnyen karbantarthat\u00f3 \u00e9s jav\u00edthat\u00f3 legyen, hozz\u00e1f\u00e9rhet\u0151 alkatr\u00e9szekkel \u00e9s egy\u00e9rtelm\u0171 szervizel\u00e9si utas\u00edt\u00e1sokkal.<\/li>\n<\/ul>\n<p><img decoding=\"async\" src=\"https:\/\/www.hydraulic-cylinders.net\/wp-content\/uploads\/2025\/01\/songte-oil-pipes-and-spare-parts.webp\" alt=\"V\u00f6d\u00f6r henger k\u00e9pe\"><\/p>\n<h2>T\u00f6m\u00edt\u00e9s \u00e9s ken\u00e9s<\/h2>\n<p>A serleghengerek megfelel\u0151 t\u00f6m\u00edt\u00e9sre \u00e9s ken\u00e9sre szorulnak a sima \u00e9s hat\u00e9kony m\u0171k\u00f6d\u00e9s biztos\u00edt\u00e1sa \u00e9rdek\u00e9ben. K\u00fcl\u00f6nf\u00e9le t\u00f6m\u00edt\u00e9seket haszn\u00e1lnak, bele\u00e9rtve a poliuret\u00e1nt, a nitrilgumit \u00e9s m\u00e1s kop\u00e1s\u00e1ll\u00f3 anyagokat. A hengertest \u00e9s a menetes v\u00e9gfel\u00fclet finoman megmunk\u00e1lt a kop\u00e1s\u00e1ll\u00f3s\u00e1g jav\u00edt\u00e1sa \u00e9rdek\u00e9ben, \u00e9s a megfelel\u0151 m\u0171k\u00f6d\u00e9s fenntart\u00e1s\u00e1hoz rendszeres ken\u00e9s hidraulikaolajjal sz\u00fcks\u00e9ges.<\/p>\n<h2>Karbantart\u00e1s \u00e9s jav\u00edt\u00e1s<\/h2>\n<p>A megfelel\u0151 karbantart\u00e1s \u00e9s jav\u00edt\u00e1s elengedhetetlen a hidraulikus hengerek hossz\u00fa \u00e9lettartam\u00e1nak \u00e9s teljes\u00edtm\u00e9ny\u00e9nek biztos\u00edt\u00e1s\u00e1hoz. N\u00e9h\u00e1ny gyakori karbantart\u00e1si feladat:<\/p>\n<ul>\n<li>A henger \u00e9s alkatr\u00e9szeinek rendszeres ellen\u0151rz\u00e9se kop\u00e1s vagy s\u00e9r\u00fcl\u00e9s jelei szempontj\u00e1b\u00f3l.<\/li>\n<li>Megfelel\u0151 ken\u00e9s, a megfelel\u0151 t\u00edpus\u00fa \u00e9s mennyis\u00e9g\u0171 hidraulikaolajjal.<\/li>\n<li>A t\u00f6m\u00edt\u00e9sek \u00e9s egy\u00e9b alkatr\u00e9szek rendszeres cser\u00e9je sz\u00fcks\u00e9g szerint.<\/li>\n<\/ul>\n<p>A megfelel\u0151 beszerel\u00e9s szint\u00e9n kulcsfontoss\u00e1g\u00fa, a megfelel\u0151 be\u00e1ll\u00edt\u00e1ssal \u00e9s a henger r\u00f6gz\u00edt\u00e9s\u00e9re szolg\u00e1l\u00f3 megfelel\u0151 r\u00f6gz\u00edt\u0151konzolok haszn\u00e1lat\u00e1val. S\u00e9r\u00fcl\u00e9s vagy meghib\u00e1sod\u00e1s eset\u00e9n jav\u00edt\u00e1sra vagy cser\u00e9re lehet sz\u00fcks\u00e9g. Az optim\u00e1lis teljes\u00edtm\u00e9ny biztos\u00edt\u00e1sa \u00e9rdek\u00e9ben aj\u00e1nlott a megfelel\u0151 elj\u00e1r\u00e1sok betart\u00e1sa \u00e9s eredeti cserealkatr\u00e9szek haszn\u00e1lata.<\/p>\n<p><img decoding=\"async\" src=\"https:\/\/www.hydraulic-cylinders.net\/wp-content\/uploads\/2025\/01\/songte-chushion-collar.webp\" alt=\"V\u00f6d\u00f6r henger k\u00e9pe\"><\/p>\n<h2>Biztons\u00e1gi \u00e9s k\u00f6rnyezetv\u00e9delmi szempontok<\/h2>\n<p>A serlegek vesz\u00e9lyesek lehetnek, ha nem megfelel\u0151en haszn\u00e1lj\u00e1k \u0151ket, \u00e9s biztons\u00e1gi int\u00e9zked\u00e9seket kell tenni a balesetek megel\u0151z\u00e9se \u00e9rdek\u00e9ben. Ez mag\u00e1ban foglalja a kezel\u0151k megfelel\u0151 k\u00e9pz\u00e9s\u00e9t, a berendez\u00e9sek rendszeres ellen\u0151rz\u00e9s\u00e9t \u00e9s a biztons\u00e1gi berendez\u00e9sek, p\u00e9ld\u00e1ul a nyom\u00e1scs\u00f6kkent\u0151 szelepek haszn\u00e1lat\u00e1t. Ezenk\u00edv\u00fcl figyelembe kell venni a k\u00f6rnyezeti t\u00e9nyez\u0151ket, a hidraulikaolaj \u00e9s egy\u00e9b anyagok megfelel\u0151 \u00e1rtalmatlan\u00edt\u00e1s\u00e1val a szennyez\u00e9s megel\u0151z\u00e9se \u00e9s a k\u00f6rnyezeti hat\u00e1sok minimaliz\u00e1l\u00e1sa \u00e9rdek\u00e9ben.<\/p>\n<p><img decoding=\"async\" src=\"https:\/\/www.hydraulic-cylinders.net\/wp-content\/uploads\/2025\/01\/songte-bushings-with-all-kinds-of-excavator-models.webp\" alt=\"V\u00f6d\u00f6r henger k\u00e9pe\"><\/p>\n<h2>Hibaelh\u00e1r\u00edt\u00e1s \u00e9s gyakori probl\u00e9m\u00e1k<\/h2>\n<p>A kan\u00e1lhengerekkel kapcsolatos gyakori probl\u00e9m\u00e1k k\u00f6z\u00e9 tartozik a sziv\u00e1rg\u00e1s, a cs\u00f6kkent teljes\u00edtm\u00e9ny, valamint a kiny\u00fajt\u00e1s vagy visszah\u00faz\u00f3d\u00e1s elmulaszt\u00e1sa. Ezeket a probl\u00e9m\u00e1kat gyakran megfelel\u0151 karbantart\u00e1ssal \u00e9s jav\u00edt\u00e1ssal lehet megoldani, p\u00e9ld\u00e1ul t\u00f6m\u00edt\u00e9sek vagy m\u00e1s alkatr\u00e9szek cser\u00e9j\u00e9vel, vagy a hidraulikus nyom\u00e1s be\u00e1ll\u00edt\u00e1s\u00e1val. Javasoljuk, hogy szakemberhez forduljon, ha a probl\u00e9m\u00e1k tov\u00e1bbra is fenn\u00e1llnak, vagy ha b\u00e1rmilyen k\u00e9ts\u00e9g mer\u00fcl fel a tov\u00e1bbi teend\u0151kkel kapcsolatban.<\/p>\n<h2>C\u00e9g\u00fcnkr\u0151l<\/h2>\n<p><img decoding=\"async\" src=\"https:\/\/hzpt.com\/wp-content\/uploads\/2024\/11\/songte-company-1.webp\" alt=\"V\u00f6d\u00f6r henger k\u00e9pe\"><\/p>\n<p>Cserehidraulikus hengerek gy\u00e1rt\u00f3jak\u00e9nt, teljes term\u00e9kk\u00edn\u00e1lattal a hazai \u00e9s nemzetk\u00f6zi piacok egyik vezet\u0151 hidraulikus henger gy\u00e1rt\u00f3j\u00e1v\u00e1 \u00e9s nagykeresked\u0151j\u00e9v\u00e9 v\u00e1ltunk. A kiv\u00e1l\u00f3 min\u0151s\u00e9g alapelveit k\u00f6vetj\u00fck, \u00e9s egy kifinomult gy\u00e1rt\u00f3m\u0171hely ipari termel\u00e9sir\u00e1ny\u00edt\u00e1si strat\u00e9gi\u00e1j\u00e1ra t\u00e1maszkodunk a m\u0171hely gy\u00e1rt\u00e1si platformj\u00e1nak folyamatos fejleszt\u00e9se, a term\u00e9kek min\u0151s\u00e9gi gy\u00e1rt\u00f3sor\u00e1nak jav\u00edt\u00e1sa \u00e9s er\u0151s kreativit\u00e1s jellemzi. \u00dcgyfeleink sokr\u00e9t\u0171 ig\u00e9nyeit nagy hat\u00e9konys\u00e1ggal, pontoss\u00e1ggal \u00e9s min\u0151s\u00e9ggel el\u00e9g\u00edtj\u00fck ki. <\/p>\n<p>Szolg\u00e1ltat\u00e1sok sz\u00e9les sk\u00e1l\u00e1j\u00e1t k\u00edn\u00e1ljuk, bele\u00e9rtve az egyedi tervez\u00e9st, a nemzetk\u00f6zi tan\u00fas\u00edt\u00e1st \u00e9s az \u00e9rt\u00e9kes\u00edt\u00e9s ut\u00e1ni t\u00e1mogat\u00e1st. Kiv\u00e1l\u00f3 gy\u00e1rt\u00f3berendez\u00e9seket haszn\u00e1lunk \u00e9s k\u00e9pzett szakembereket foglalkoztatunk annak biztos\u00edt\u00e1sa \u00e9rdek\u00e9ben, hogy term\u00e9keink megfeleljenek a legmagasabb min\u0151s\u00e9gi \u00e9s tart\u00f3ss\u00e1gi szabv\u00e1nyoknak. Karbantart\u00e1si, jav\u00edt\u00e1si \u00e9s \u00fajj\u00e1\u00e9p\u00edt\u00e9si szolg\u00e1ltat\u00e1sokat is k\u00edn\u00e1lunk, hogy meghosszabb\u00edtsuk term\u00e9keink \u00e9lettartam\u00e1t \u00e9s cs\u00facsteljes\u00edtm\u00e9nyen m\u0171k\u00f6djenek.<\/p>\n<p><img decoding=\"async\" src=\"https:\/\/www.hydraulic-cylinders.net\/wp-content\/uploads\/2025\/01\/songte-company-3.webp\" alt=\"V\u00f6d\u00f6r henger k\u00e9pe\"><\/p>\n<p>Szerz\u0151: lyl.<\/p>","protected":false},"excerpt":{"rendered":"<p>Bucket Cylinder For Liebherr Small Excavator R906L Introduction A bucket cylinder, also known as a hydraulic cylinder, is specifically designed to control the movement of the bucket in heavy machinery such as excavators, backhoe loaders, and front-end loaders. Its primary function is to enable the bucket to lift, lower, and tilt, making it easier to [&hellip;]<\/p>","protected":false},"featured_media":14789,"comment_status":"open","ping_status":"closed","template":"","meta":{"_et_pb_use_builder":"","_et_pb_old_content":"","_et_gb_content_width":""},"product_brand":[],"product_cat":[1494],"product_tag":[1495,1496],"class_list":{"0":"post-15627","1":"product","2":"type-product","3":"status-publish","4":"has-post-thumbnail","6":"product_cat-bucket-cylinders","7":"product_tag-bucket-cylinders","8":"product_tag-hydraulic-cylinders","10":"first","11":"instock","12":"shipping-taxable","13":"product-type-simple"},"amp_enabled":true,"_links":{"self":[{"href":"https:\/\/www.hydraulic-cylinders.net\/hu\/wp-json\/wp\/v2\/product\/15627","targetHints":{"allow":["GET"]}}],"collection":[{"href":"https:\/\/www.hydraulic-cylinders.net\/hu\/wp-json\/wp\/v2\/product"}],"about":[{"href":"https:\/\/www.hydraulic-cylinders.net\/hu\/wp-json\/wp\/v2\/types\/product"}],"replies":[{"embeddable":true,"href":"https:\/\/www.hydraulic-cylinders.net\/hu\/wp-json\/wp\/v2\/comments?post=15627"}],"wp:featuredmedia":[{"embeddable":true,"href":"https:\/\/www.hydraulic-cylinders.net\/hu\/wp-json\/wp\/v2\/media\/14789"}],"wp:attachment":[{"href":"https:\/\/www.hydraulic-cylinders.net\/hu\/wp-json\/wp\/v2\/media?parent=15627"}],"wp:term":[{"taxonomy":"product_brand","embeddable":true,"href":"https:\/\/www.hydraulic-cylinders.net\/hu\/wp-json\/wp\/v2\/product_brand?post=15627"},{"taxonomy":"product_cat","embeddable":true,"href":"https:\/\/www.hydraulic-cylinders.net\/hu\/wp-json\/wp\/v2\/product_cat?post=15627"},{"taxonomy":"product_tag","embeddable":true,"href":"https:\/\/www.hydraulic-cylinders.net\/hu\/wp-json\/wp\/v2\/product_tag?post=15627"}],"curies":[{"name":"munkaf\u00fczet","href":"https:\/\/api.w.org\/{rel}","templated":true}]}}