{"id":15628,"date":"2025-01-19T14:46:11","date_gmt":"2025-01-19T14:46:11","guid":{"rendered":"https:\/\/www.hydraulic-cylinders.net\/product\/bucket-cylinder-for-liebherr-small-excavator-r916l\/"},"modified":"2025-01-19T14:46:13","modified_gmt":"2025-01-19T14:46:13","slug":"bucket-cylinder-for-liebherr-small-excavator-r916l","status":"publish","type":"product","link":"https:\/\/www.hydraulic-cylinders.net\/hu\/termek\/bucket-cylinder-for-liebherr-small-excavator-r916l\/","title":{"rendered":"Kan\u00e1lhenger Liebherr kis kotr\u00f3g\u00e9phez R916L"},"content":{"rendered":"<h1>Kan\u00e1lhenger Liebherr kis kotr\u00f3g\u00e9phez R916L<\/h1>\n<h2>Bevezet\u00e9s<\/h2>\n<p>A kan\u00e1lhenger egy kifejezetten erre a c\u00e9lra tervezett hidraulikus henger, amelyet f\u0151k\u00e9nt neh\u00e9zg\u00e9pek, p\u00e9ld\u00e1ul kotr\u00f3g\u00e9pek, kotr\u00f3rakod\u00f3k \u00e9s homlokrakod\u00f3k kan\u00e1lj\u00e1nak mozg\u00e1s\u00e1nak vez\u00e9rl\u00e9s\u00e9re haszn\u00e1lnak. Els\u0151dleges funkci\u00f3ja, hogy lehet\u0151v\u00e9 tegye a kan\u00e1l emel\u00e9s\u00e9t, s\u00fcllyeszt\u00e9s\u00e9t \u00e9s billent\u00e9s\u00e9t, ez\u00e1ltal megk\u00f6nny\u00edtve a k\u00fcl\u00f6nf\u00e9le anyagmozgat\u00e1si feladatokat. Egy hidraulikus rendszerben a kan\u00e1lhenger a hidraulikaolaj nyom\u00e1sv\u00e1ltoz\u00e1sain kereszt\u00fcl \u00e9ri el a kan\u00e1l pontos vez\u00e9rl\u00e9s\u00e9t, lehet\u0151v\u00e9 t\u00e9ve a kezel\u0151k sz\u00e1m\u00e1ra a neh\u00e9z terhek hat\u00e9kony kezel\u00e9s\u00e9t, alkalmazkodva az \u00f6sszetett munkak\u00f6rnyezetekhez \u00e9s a v\u00e1ltozatos m\u0171k\u00f6d\u00e9si ig\u00e9nyekhez.<\/p>\n<p><img decoding=\"async\" src=\"https:\/\/www.hydraulic-cylinders.net\/wp-content\/uploads\/2025\/01\/songte-company-2.webp\" alt=\"V\u00f6d\u00f6rhenger\" \/><\/p>\n<h2>Jellemz\u0151k<\/h2>\n<ul>\n<li>Nagy szil\u00e1rds\u00e1g \u00e9s tart\u00f3ss\u00e1g: \u00c1ltal\u00e1ban nagy szil\u00e1rds\u00e1g\u00fa ac\u00e9lb\u00f3l vagy alum\u00edniumb\u00f3l k\u00e9sz\u00fcl, \u00edgy ellen\u00e1ll a nagy nyom\u00e1snak \u00e9s a nagy terhel\u00e9seknek, alkalmazkodva a zord munkak\u00f6rnyezethez. A kialak\u00edt\u00e1s sor\u00e1n figyelembe vett\u00e9k a kop\u00e1s\u00e1ll\u00f3s\u00e1got \u00e9s a korr\u00f3zi\u00f3\u00e1ll\u00f3s\u00e1got, meghosszabb\u00edtva az \u00e9lettartamot.<\/li>\n<li>Hat\u00e9kony hidraulikus m\u0171k\u00f6d\u00e9s: A hidraulikaolaj nyom\u00e1s\u00e1t haszn\u00e1lja ki a sima teleszk\u00f3pos mozg\u00e1sok el\u00e9r\u00e9s\u00e9hez, \u00e9s gyorsan reag\u00e1l a vez\u00e9rl\u0151parancsokra, \u00edgy nagy tol\u00f3- \u00e9s h\u00faz\u00f3er\u0151t biztos\u00edt, alkalmas neh\u00e9z terhek \u00e9s \u00f6sszetett m\u0171k\u00f6d\u00e9si feladatok kezel\u00e9s\u00e9re.<\/li>\n<li>K\u00fcl\u00f6nb\u00f6z\u0151 t\u00edpusok: Az ig\u00e9nyeknek megfelel\u0151en v\u00e1laszthat egyszeres m\u0171k\u00f6d\u00e9s\u0171 (csak egy ir\u00e1nyban haszn\u00e1lhat\u00f3 hidraulikus) vagy kett\u0151s m\u0171k\u00f6d\u00e9s\u0171 (k\u00e9t ir\u00e1nyban haszn\u00e1lhat\u00f3 hidraulikus) hengereket a k\u00fcl\u00f6nb\u00f6z\u0151 m\u0171k\u00f6d\u00e9si ig\u00e9nyek kiel\u00e9g\u00edt\u00e9s\u00e9re. Egyes modellek teleszk\u00f3posak, \u00edgy nagyobb kiny\u00fal\u00e1st tesznek lehet\u0151v\u00e9 a k\u00fcls\u0151 m\u00e9retek n\u00f6vel\u00e9se n\u00e9lk\u00fcl, \u00edgy alkalmasak korl\u00e1tozott helyig\u00e9ny\u0171 alkalmaz\u00e1sokhoz.<\/li>\n<li>M\u00e1s hidraulikus hengereket is helyettes\u00edthet: Term\u00e9keink t\u00f6k\u00e9letesen helyettes\u00edthetik ezeket a hidraulikus hengereket.<\/li>\n<\/ul>\n<p><img decoding=\"async\" src=\"https:\/\/www.hydraulic-cylinders.net\/wp-content\/uploads\/2025\/01\/songte-cylinder-head-with-all-kinds-excavator-models.webp\" alt=\"Kan\u00e1lhenger modellek\" \/><\/p>\n<h2>Alkalmaz\u00e1sok<\/h2>\n<p>A v\u00f6d\u00f6rhengert sz\u00e9les k\u00f6rben haszn\u00e1lj\u00e1k k\u00fcl\u00f6nb\u00f6z\u0151 ipar\u00e1gakban, t\u00f6bbek k\u00f6z\u00f6tt:<\/p>\n<h3>\u00c9p\u00edt\u0151ipari berendez\u00e9sek<\/h3>\n<p>Kotr\u00f3g\u00e9pekben elengedhetetlenek az \u00e1s\u00e1shoz, rakod\u00e1shoz \u00e9s a talaj vagy t\u00f6rmel\u00e9k mozgat\u00e1s\u00e1hoz. Kotr\u00f3g\u00e9p-rakod\u00f3kban a kan\u00e1lhenger mind az \u00e1s\u00e1st, mind az emel\u00e9st seg\u00edti. <\/p>\n<h3>Mez\u0151gazdas\u00e1gi g\u00e9pek<\/h3>\n<p>Homlokrakod\u00f3kban haszn\u00e1lj\u00e1k talaj, sz\u00e9na \u00e9s egy\u00e9b anyagok mer\u00e9s\u00e9re, emel\u00e9s\u00e9re \u00e9s sz\u00e1ll\u00edt\u00e1s\u00e1ra. Kotr\u00f3g\u00e9pekben a kan\u00e1lhenger lehet\u0151v\u00e9 teszi az \u00e1s\u00e1si m\u0171veletet az\u00e1ltal, hogy lehet\u0151v\u00e9 teszi a kan\u00e1l talajba val\u00f3 behatol\u00e1s\u00e1t. Homlokrakod\u00f3kban hat\u00e9konyan billentik \u00e9s \u00fcr\u00edtik az \u00e1rut.<\/p>\n<p><img decoding=\"async\" src=\"https:\/\/www.hydraulic-cylinders.net\/wp-content\/uploads\/2025\/01\/songte-chushion-collar.webp\" alt=\"V\u00f6d\u00f6r henger p\u00e1rna gall\u00e9r\" \/><\/p>\n<h2>Tervez\u00e9si szempontok \u00e9s kiv\u00e1laszt\u00e1si krit\u00e9riumok<\/h2>\n<p>A v\u00f6d\u00f6rhenger kialak\u00edt\u00e1sa sz\u00e1mos t\u00e9nyez\u0151t figyelembe vesz, bele\u00e9rtve a teherb\u00edr\u00e1st, a t\u00f6m\u00edt\u00e9st, a tart\u00f3ss\u00e1got, a biztons\u00e1got \u00e9s a karbantarthat\u00f3s\u00e1got.<\/p>\n<h3>Teherb\u00edr\u00e1s<\/h3>\n<p>A teherb\u00edr\u00e1s az a maxim\u00e1lis s\u00faly, amelyet a hidraulikus henger meghib\u00e1sod\u00e1s n\u00e9lk\u00fcl elb\u00edr. Olyan t\u00e9nyez\u0151kt\u0151l f\u00fcgg, mint a henger m\u00e9rete, a hidraulikus rendszer nyom\u00e1sa \u00e9s a henger gy\u00e1rt\u00e1s\u00e1hoz felhaszn\u00e1lt anyag.<\/p>\n<h3>T\u00f6m\u00edt\u00e9s<\/h3>\n<p>A hidraulikus hengernek hat\u00e9kony t\u00f6m\u00edt\u00e9ssel kell rendelkeznie, hogy megakad\u00e1lyozza a hidraulikafolyad\u00e9k sziv\u00e1rg\u00e1s\u00e1t \u00e9s a szennyez\u0151d\u00e9sek bejut\u00e1s\u00e1t. A megfelel\u0151 t\u00f6m\u00edt\u00e9s biztos\u00edt\u00e1s\u00e1ra jellemz\u0151en k\u00fcl\u00f6nf\u00e9le t\u00f6m\u00edt\u00e9seket, p\u00e9ld\u00e1ul dugatty\u00fat\u00f6m\u00edt\u00e9seket \u00e9s r\u00fadt\u00f6m\u00edt\u00e9seket haszn\u00e1lnak. A t\u00f6m\u00edt\u00e9sek kop\u00e1s\u00e1ll\u00f3 anyagokb\u00f3l, p\u00e9ld\u00e1ul poliuret\u00e1nb\u00f3l vagy nitrilgumib\u00f3l k\u00e9sz\u00fclnek.<\/p>\n<h3>Tart\u00f3ss\u00e1g<\/h3>\n<p>A hengernek el\u00e9g tart\u00f3snak kell lennie ahhoz, hogy elb\u00edrja a zord k\u00f6rnyezetet, \u00e9s hossz\u00fa ideig megb\u00edzhat\u00f3an m\u0171k\u00f6dj\u00f6n. A henger tart\u00f3ss\u00e1ga olyan t\u00e9nyez\u0151kt\u0151l f\u00fcgg, mint a felhaszn\u00e1lt anyag t\u00edpusa, a konstrukci\u00f3 min\u0151s\u00e9ge \u00e9s a megfelel\u0151 karbantart\u00e1s.<\/p>\n<h3>Biztons\u00e1g<\/h3>\n<p>A kan\u00e1lhengert a biztons\u00e1g szem el\u0151tt tart\u00e1s\u00e1val kell megtervezni. A megfelel\u0151 telep\u00edt\u00e9s \u00e9s karbantart\u00e1s seg\u00edthet megel\u0151zni a baleseteket \u00e9s n\u00f6velni a biztons\u00e1got.<\/p>\n<h3>Karbantarthat\u00f3s\u00e1g<\/h3>\n<p>A serleghengernek k\u00f6nnyen karbantarthat\u00f3nak kell lennie, k\u00f6nnyen cser\u00e9lhet\u0151 alkatr\u00e9szekkel. A rendszeres karbantart\u00e1s, bele\u00e9rtve az olajcser\u00e9t, a t\u00f6m\u00edt\u00e9scser\u00e9t \u00e9s a kalibr\u00e1l\u00e1si ellen\u0151rz\u00e9seket, seg\u00edthet meghosszabb\u00edtani a henger \u00e9lettartam\u00e1t.<\/p>\n<p><img decoding=\"async\" src=\"https:\/\/www.hydraulic-cylinders.net\/wp-content\/uploads\/2025\/01\/songte-oil-pipes-and-spare-parts.webp\" alt=\"V\u00f6d\u00f6rhenger alkatr\u00e9szek\" \/><\/p>\n<h2>T\u00f6m\u00edt\u00e9s \u00e9s ken\u00e9s<\/h2>\n<p>A hidraulikus henger megfelel\u0151 t\u00f6m\u00edt\u00e9s\u00e9nek biztos\u00edt\u00e1s\u00e1ra k\u00fcl\u00f6nf\u00e9le t\u00f6m\u00edt\u00e9seket, p\u00e9ld\u00e1ul dugatty\u00fat\u00f6m\u00edt\u00e9seket \u00e9s r\u00fadt\u00f6m\u00edt\u00e9seket haszn\u00e1lnak. A t\u00f6m\u00edt\u00e9sek kop\u00e1s\u00e1ll\u00f3 anyagokb\u00f3l, p\u00e9ld\u00e1ul poliuret\u00e1nb\u00f3l vagy nitrilkaucsukb\u00f3l k\u00e9sz\u00fclnek. A z\u00f6kken\u0151mentes m\u0171k\u00f6d\u00e9s biztos\u00edt\u00e1sa \u00e9rdek\u00e9ben a henger rendszeres ken\u00e9st ig\u00e9nyel, a megfelel\u0151 t\u00edpus\u00fa \u00e9s mennyis\u00e9g\u0171 hidraulikaolajjal. A henger olajvezet\u00e9keit \u00e9s alkatr\u00e9szeit is rendszeresen ellen\u0151rizni kell kop\u00e1s \u00e9s elhaszn\u00e1l\u00f3d\u00e1s szempontj\u00e1b\u00f3l, \u00e9s sz\u00fcks\u00e9g szerint cser\u00e9lni kell.<\/p>\n<h2>Karbantart\u00e1s \u00e9s jav\u00edt\u00e1s<\/h2>\n<p>A kan\u00e1lhenger hossz\u00fa \u00e9lettartam\u00e1nak biztos\u00edt\u00e1sa \u00e9rdek\u00e9ben elengedhetetlen a rendszeres karbantart\u00e1s \u00e9s jav\u00edt\u00e1s. Az al\u00e1bbiakban n\u00e9h\u00e1ny gyakori karbantart\u00e1si feladatot ismertet\u00fcnk:<\/p>\n<h3>Rendszeres ellen\u0151rz\u00e9s<\/h3>\n<p>Rendszeresen ellen\u0151rizze a palackot kop\u00e1s, elhaszn\u00e1l\u00f3d\u00e1s vagy s\u00e9r\u00fcl\u00e9s jelei szempontj\u00e1b\u00f3l. Azonnal kezelje a probl\u00e9m\u00e1kat, miel\u0151tt azok s\u00falyosbodn\u00e1nak.<\/p>\n<h3>Ken\u00e9s<\/h3>\n<p>A megfelel\u0151 ken\u00e9s elengedhetetlen a henger z\u00f6kken\u0151mentes m\u0171k\u00f6d\u00e9s\u00e9hez \u00e9s hossz\u00fa \u00e9lettartam\u00e1hoz. Haszn\u00e1lja a megfelel\u0151 t\u00edpus\u00fa \u00e9s mennyis\u00e9g\u0171 hidraulikaolajat. Rendszeresen t\u00f6lts\u00f6n olajat a hengerbe.<\/p>\n<h3>T\u00f6m\u00edt\u00e9s csere<\/h3>\n<p>A henger haszn\u00e1lat\u00e1t\u00f3l \u00e9s az \u00fczemi k\u00f6rnyezett\u0151l f\u00fcgg\u0151en el\u0151fordulhat, hogy a t\u00f6m\u00edt\u00e9seket cser\u00e9lni kell. A megfelel\u0151 t\u00f6m\u00edt\u00e9s biztos\u00edt\u00e1sa \u00e9rdek\u00e9ben sz\u00fcks\u00e9g szerint cser\u00e9lje ki a t\u00f6m\u00edt\u00e9seket.<\/p>\n<p><img decoding=\"async\" src=\"https:\/\/www.hydraulic-cylinders.net\/wp-content\/uploads\/2025\/01\/songte-bushings-with-all-kinds-of-excavator-models.webp\" alt=\"Kan\u00e1l henger perselyek\" \/><\/p>\n<h2>Biztons\u00e1gi \u00e9s k\u00f6rnyezetv\u00e9delmi szempontok<\/h2>\n<p>Hidraulikus hengerek k\u00f6zel\u00e9ben v\u00e9gzett munka sor\u00e1n elengedhetetlen a biztons\u00e1g. A megfelel\u0151 k\u00e9pz\u00e9s, a v\u00e9d\u0151felszerel\u00e9s \u00e9s a biztons\u00e1gi gyakorlatok seg\u00edthetnek megel\u0151zni a baleseteket. Ezenk\u00edv\u00fcl a k\u00f6rnyezeti t\u00e9nyez\u0151k, mint p\u00e9ld\u00e1ul a h\u0151m\u00e9rs\u00e9klet \u00e9s a p\u00e1ratartalom, befoly\u00e1solhatj\u00e1k a henger teljes\u00edtm\u00e9ny\u00e9t. Ezeket a t\u00e9nyez\u0151ket mindenk\u00e9ppen vegye figyelembe a henger kiv\u00e1laszt\u00e1sakor \u00e9s telep\u00edt\u00e9sekor.<\/p>\n<h2>Hibaelh\u00e1r\u00edt\u00e1s \u00e9s gyakori probl\u00e9m\u00e1k<\/h2>\n<p>Mint minden mechanikus eszk\u00f6zn\u00e9l, a kan\u00e1lhengern\u00e9l is el\u0151fordulhatnak probl\u00e9m\u00e1k haszn\u00e1lat k\u00f6zben. N\u00e9h\u00e1ny gyakori probl\u00e9ma a sziv\u00e1rg\u00e1s, a gyenge teljes\u00edtm\u00e9ny \u00e9s a s\u00e9r\u00fcl\u00e9s. Ezen probl\u00e9m\u00e1k megold\u00e1s\u00e1hoz k\u00f6vesse az al\u00e1bbi tippeket:<\/p>\n<h3>Hibaelh\u00e1r\u00edt\u00e1si tippek<\/h3>\n<ul>\n<li>Rendszeresen ellen\u0151rizze a sziv\u00e1rg\u00e1sokat \u00e9s a kop\u00e1st<\/li>\n<li>Gy\u0151z\u0151dj\u00f6n meg arr\u00f3l, hogy a megfelel\u0151 t\u00edpus\u00fa \u00e9s mennyis\u00e9g\u0171 hidraulikaolajat haszn\u00e1lja<\/li>\n<li>Gy\u0151z\u0151dj\u00f6n meg arr\u00f3l, hogy a henger megfelel\u0151en kenve van<\/li>\n<li>Ellen\u0151rizze a t\u00f6m\u00edt\u00e9sek s\u00e9r\u00fcl\u00e9s\u00e9t vagy kop\u00e1s\u00e1t, \u00e9s sz\u00fcks\u00e9g eset\u00e9n cser\u00e9lje ki \u0151ket<\/li>\n<\/ul>\n<h3>Megel\u0151z\u0151 int\u00e9zked\u00e9sek<\/h3>\n<ul>\n<li>Szakszer\u0171 telep\u00edt\u00e9s \u00e9s karbantart\u00e1s<\/li>\n<li>Rendszeres ellen\u0151rz\u00e9s \u00e9s ken\u00e9s<\/li>\n<li>T\u00f6m\u00edt\u00e9s csere sz\u00fcks\u00e9g szerint<\/li>\n<li>Megfelel\u0151 biztons\u00e1gi felszerel\u00e9sek \u00e9s gyakorlatok haszn\u00e1lata<\/li>\n<\/ul>\n<p><img decoding=\"async\" src=\"https:\/\/hzpt.com\/wp-content\/uploads\/2024\/11\/songte-company-1.webp\" alt=\"Songte T\u00e1rsas\u00e1g\" \/><\/p>\n<h2>C\u00e9g\u00fcnkr\u0151l<\/h2>\n<p>Cserehidraulikus hengerek gy\u00e1rt\u00f3ja vagyunk, teljes term\u00e9kk\u00edn\u00e1lattal. A hazai \u00e9s nemzetk\u00f6zi piacok egyik vezet\u0151 hidraulikus hengergy\u00e1rt\u00f3j\u00e1v\u00e1 \u00e9s nagykereskedelmi forgalmaz\u00f3j\u00e1v\u00e1 v\u00e1ltunk. A kiv\u00e1l\u00f3 min\u0151s\u00e9g elv\u00e9t k\u00f6vetj\u00fck, a finomgy\u00e1rt\u00f3 m\u0171helyek ipari termel\u00e9sir\u00e1ny\u00edt\u00e1si strat\u00e9gi\u00e1j\u00e1ra t\u00e1maszkodunk, folyamatosan fejlesztj\u00fck m\u0171hely\u00fcnk gy\u00e1rt\u00e1si platformj\u00e1t, t\u00f6k\u00e9letes\u00edtj\u00fck a term\u00e9kmin\u0151s\u00e9gi gy\u00e1rt\u00f3sort, \u00e9s er\u0151s kreat\u00edv k\u00e9pess\u00e9gekkel rendelkez\u00fcnk. Nagy hat\u00e9konys\u00e1ggal, nagy pontoss\u00e1ggal \u00e9s magas min\u0151s\u00e9gi elvekkel el\u00e9g\u00edtj\u00fck ki \u00fcgyfeleink sokr\u00e9t\u0171 ig\u00e9nyeit.<\/p>\n<h3>Szakmaiass\u00e1g<\/h3>\n<p>Szakembereink csapata sz\u00e9lesk\u00f6r\u0171 tapasztalattal rendelkezik hidraulikus hengerek tervez\u00e9s\u00e9ben, gy\u00e1rt\u00e1s\u00e1ban, tesztel\u00e9s\u00e9ben \u00e9s karbantart\u00e1s\u00e1ban. Elk\u00f6telezettek vagyunk az ir\u00e1nt, hogy \u00fcgyfeleinknek kiv\u00e1l\u00f3 min\u0151s\u00e9g\u0171 term\u00e9keket \u00e9s szolg\u00e1ltat\u00e1sokat ny\u00fajtsunk.<\/p>\n<h3>Nemzetk\u00f6zi tan\u00fas\u00edtv\u00e1nyok<\/h3>\n<p>Term\u00e9keink megfeleltek a nemzetk\u00f6zi tan\u00fas\u00edtv\u00e1nyoknak, mint p\u00e9ld\u00e1ul az ISO 9001, CE \u00e9s T\u00dcV, \u00edgy biztos\u00edtva, hogy term\u00e9keink megfeleljenek a legmagasabb min\u0151s\u00e9gi \u00e9s biztons\u00e1gi el\u0151\u00edr\u00e1soknak.<\/p>\n<h3>Testreszab\u00e1si szolg\u00e1ltat\u00e1sok<\/h3>\n<p>Sz\u00e9lesk\u00f6r\u0171 testreszab\u00e1si szolg\u00e1ltat\u00e1sokat k\u00edn\u00e1lunk \u00fcgyfeleink v\u00e1ltozatos ig\u00e9nyeinek kiel\u00e9g\u00edt\u00e9s\u00e9re, bele\u00e9rtve az egyedi m\u00e9reteket, form\u00e1kat, anyagokat \u00e9s mint\u00e1kat.<\/p>\n<h3>Termel\u00e9si berendez\u00e9sek<\/h3>\n<p>Term\u00e9keink pontoss\u00e1g\u00e1nak \u00e9s min\u0151s\u00e9g\u00e9nek biztos\u00edt\u00e1sa \u00e9rdek\u00e9ben fejlett digit\u00e1lis gy\u00e1rt\u00f3berendez\u00e9seket haszn\u00e1lunk, bele\u00e9rtve CNC eszterg\u00e1kat, mar\u00f3g\u00e9peket \u00e9s hidraulikus tesztpadokat.<\/p>\n<h3>\u00c9rt\u00e9kes\u00edt\u00e9s ut\u00e1ni szolg\u00e1ltat\u00e1s<\/h3>\n<p>\u00c1tfog\u00f3 \u00e9rt\u00e9kes\u00edt\u00e9s ut\u00e1ni szolg\u00e1ltat\u00e1st ny\u00fajtunk, bele\u00e9rtve az alkatr\u00e9szcser\u00e9t \u00e9s az \u00fajj\u00e1\u00e9p\u00edt\u00e9si szolg\u00e1ltat\u00e1sokat, hogy seg\u00edts\u00fck \u00fcgyfeleinket a hidraulikus hengereikkel felmer\u00fcl\u0151 probl\u00e9m\u00e1k megold\u00e1s\u00e1ban.<\/p>\n<p><img decoding=\"async\" src=\"https:\/\/www.hydraulic-cylinders.net\/wp-content\/uploads\/2025\/01\/songte-company-3.webp\" alt=\"Songte T\u00e1rsas\u00e1g\" \/><\/p>\n<p>Szerz\u0151: lyl<\/p>","protected":false},"excerpt":{"rendered":"<p>Bucket Cylinder For Liebherr Small Excavator R916L Introduction A bucket cylinder is a specifically designed hydraulic cylinder mainly used to control the movement of bucket in heavy machinery such as excavators, backhoe loaders, and front-end loaders. Its primary function is to enable the bucket to perform lifting, lowering, and tilting movements, thus facilitating various material [&hellip;]<\/p>","protected":false},"featured_media":14788,"comment_status":"open","ping_status":"closed","template":"","meta":{"_et_pb_use_builder":"","_et_pb_old_content":"","_et_gb_content_width":""},"product_brand":[],"product_cat":[1494],"product_tag":[1495,1496],"class_list":{"0":"post-15628","1":"product","2":"type-product","3":"status-publish","4":"has-post-thumbnail","6":"product_cat-bucket-cylinders","7":"product_tag-bucket-cylinders","8":"product_tag-hydraulic-cylinders","10":"first","11":"instock","12":"shipping-taxable","13":"product-type-simple"},"amp_enabled":true,"_links":{"self":[{"href":"https:\/\/www.hydraulic-cylinders.net\/hu\/wp-json\/wp\/v2\/product\/15628","targetHints":{"allow":["GET"]}}],"collection":[{"href":"https:\/\/www.hydraulic-cylinders.net\/hu\/wp-json\/wp\/v2\/product"}],"about":[{"href":"https:\/\/www.hydraulic-cylinders.net\/hu\/wp-json\/wp\/v2\/types\/product"}],"replies":[{"embeddable":true,"href":"https:\/\/www.hydraulic-cylinders.net\/hu\/wp-json\/wp\/v2\/comments?post=15628"}],"wp:featuredmedia":[{"embeddable":true,"href":"https:\/\/www.hydraulic-cylinders.net\/hu\/wp-json\/wp\/v2\/media\/14788"}],"wp:attachment":[{"href":"https:\/\/www.hydraulic-cylinders.net\/hu\/wp-json\/wp\/v2\/media?parent=15628"}],"wp:term":[{"taxonomy":"product_brand","embeddable":true,"href":"https:\/\/www.hydraulic-cylinders.net\/hu\/wp-json\/wp\/v2\/product_brand?post=15628"},{"taxonomy":"product_cat","embeddable":true,"href":"https:\/\/www.hydraulic-cylinders.net\/hu\/wp-json\/wp\/v2\/product_cat?post=15628"},{"taxonomy":"product_tag","embeddable":true,"href":"https:\/\/www.hydraulic-cylinders.net\/hu\/wp-json\/wp\/v2\/product_tag?post=15628"}],"curies":[{"name":"munkaf\u00fczet","href":"https:\/\/api.w.org\/{rel}","templated":true}]}}