{"id":15655,"date":"2025-01-19T14:48:13","date_gmt":"2025-01-19T14:48:13","guid":{"rendered":"https:\/\/www.hydraulic-cylinders.net\/product\/bucket-cylinder-for-sdlg-middle-excavator-lg6290e\/"},"modified":"2025-01-19T14:48:15","modified_gmt":"2025-01-19T14:48:15","slug":"bucket-cylinder-for-sdlg-middle-excavator-lg6290e","status":"publish","type":"product","link":"https:\/\/www.hydraulic-cylinders.net\/hu\/termek\/bucket-cylinder-for-sdlg-middle-excavator-lg6290e\/","title":{"rendered":"Kan\u00e1lhenger SDLG k\u00f6z\u00e9ps\u0151 kotr\u00f3g\u00e9phez LG6290E"},"content":{"rendered":"<p><!DOCTYPE html><br \/>\n<html><br \/>\n<head><br \/>\n\t<title>Kan\u00e1lhenger SDLG k\u00f6z\u00e9ps\u0151 kotr\u00f3g\u00e9phez LG6290E<\/title><br \/>\n<\/head><br \/>\n<body><\/p>\n<h1>Kan\u00e1lhenger SDLG k\u00f6z\u00e9ps\u0151 kotr\u00f3g\u00e9phez LG6290E<\/h1>\n<h2>Bevezet\u00e9s<\/h2>\n<p>A kan\u00e1lhenger egy speci\u00e1lisan tervezett hidraulikus henger, amelyet neh\u00e9zg\u00e9pek, p\u00e9ld\u00e1ul kotr\u00f3g\u00e9pek, kotr\u00f3rakod\u00f3k \u00e9s homlokrakod\u00f3k kan\u00e1lj\u00e1nak mozg\u00e1s\u00e1nak vez\u00e9rl\u00e9s\u00e9re haszn\u00e1lnak. F\u0151 funkci\u00f3ja a kan\u00e1l emel\u00e9s\u00e9nek, s\u00fcllyeszt\u00e9s\u00e9nek \u00e9s billent\u00e9s\u00e9nek lehet\u0151v\u00e9 t\u00e9tele, megk\u00f6nny\u00edtve a k\u00fcl\u00f6nf\u00e9le anyagmozgat\u00e1si feladatokat. A hidraulikus rendszerben a kan\u00e1lhenger a hidraulikaolaj nyom\u00e1sv\u00e1ltoz\u00e1sai r\u00e9v\u00e9n prec\u00edzen szab\u00e1lyozza a kan\u00e1l mozg\u00e1s\u00e1t, lehet\u0151v\u00e9 t\u00e9ve a kezel\u0151k sz\u00e1m\u00e1ra a neh\u00e9z terhek hat\u00e9kony kezel\u00e9s\u00e9t, valamint az \u00f6sszetett munkak\u00f6rnyezetekhez \u00e9s a v\u00e1ltozatos munkak\u00f6vetelm\u00e9nyekhez val\u00f3 alkalmazkod\u00e1st.<\/p>\n<p>\t<img decoding=\"async\" src=\"https:\/\/www.hydraulic-cylinders.net\/wp-content\/uploads\/2025\/01\/songte-company-2.webp\"><\/p>\n<h2>Jellemz\u0151k<\/h2>\n<ul>\n<li>Nagy szil\u00e1rds\u00e1g \u00e9s tart\u00f3ss\u00e1g: \u00c1ltal\u00e1ban nagy szil\u00e1rds\u00e1g\u00fa ac\u00e9lb\u00f3l vagy alum\u00edniumb\u00f3l k\u00e9sz\u00fcl, k\u00e9pes ellen\u00e1llni a nagy nyom\u00e1snak \u00e9s a nagy terhel\u00e9seknek, alkalmazkodik a zord munkak\u00f6rnyezethez, \u00e9s a kop\u00e1s\u00e1ll\u00f3s\u00e1g \u00e9s a korr\u00f3zi\u00f3\u00e1ll\u00f3s\u00e1g szempontjaival tervezt\u00e9k az \u00e9lettartam meghosszabb\u00edt\u00e1sa \u00e9rdek\u00e9ben.<\/li>\n<li>Hat\u00e9kony hidraulikus m\u0171k\u00f6d\u00e9s: A hidraulikaolaj nyom\u00e1s\u00e1t kihaszn\u00e1lva sima teleszk\u00f3pos mozg\u00e1st \u00e9r el, gyorsan reag\u00e1l a vez\u00e9rl\u0151parancsokra, er\u0151teljes tol\u00f3- \u00e9s h\u00faz\u00f3er\u0151t biztos\u00edt, alkalmas neh\u00e9z terhek \u00e9s \u00f6sszetett feladatok kezel\u00e9s\u00e9re.<\/li>\n<li>K\u00fcl\u00f6nb\u00f6z\u0151 t\u00edpusok: Ig\u00e9ny szerint v\u00e1laszthat\u00f3 egyszeres m\u0171k\u00f6d\u00e9s\u0171 (a hidraulikus nyom\u00e1s csak az egyik ir\u00e1nyban m\u0171k\u00f6dik) vagy kett\u0151s m\u0171k\u00f6d\u00e9s\u0171 (a hidraulikus nyom\u00e1s mindk\u00e9t ir\u00e1nyban m\u0171k\u00f6dik) hengerk\u00e9nt, amelyek megfelelnek a k\u00fcl\u00f6nb\u00f6z\u0151 m\u0171k\u00f6d\u00e9si k\u00f6vetelm\u00e9nyeknek. Egyes modellek teleszk\u00f3posak, \u00edgy nagyobb kiny\u00fal\u00e1st tesznek lehet\u0151v\u00e9 a k\u00fcls\u0151 m\u00e9retek n\u00f6vel\u00e9se n\u00e9lk\u00fcl, \u00edgy alkalmasak korl\u00e1tozott helyig\u00e9ny\u0171 alkalmaz\u00e1sokhoz.<\/li>\n<li>T\u00f6k\u00e9letes csere: Term\u00e9keink t\u00f6k\u00e9letesen helyettes\u00edthetik ezeket a hidraulikus hengereket.<\/li>\n<\/ul>\n<p>\t<img decoding=\"async\" src=\"https:\/\/www.hydraulic-cylinders.net\/wp-content\/uploads\/2025\/01\/songte-cylinder-head-with-all-kinds-excavator-models.webp\"><\/p>\n<h2>Alkalmaz\u00e1sok<\/h2>\n<p>A kan\u00e1l munkahengerek elengedhetetlenek k\u00fcl\u00f6nf\u00e9le \u00e9p\u00edt\u0151ipari \u00e9s mez\u0151gazdas\u00e1gi g\u00e9pekben:<\/p>\n<ul>\n<li>\u00c9p\u00edt\u0151ipari berendez\u00e9sek: Kotr\u00f3g\u00e9pekben tal\u00e1lhat\u00f3k, kulcsfontoss\u00e1g\u00faak a f\u00f6ldmunk\u00e1k, a rakod\u00e1s \u00e9s a talaj vagy t\u00f6rmel\u00e9k mozgat\u00e1sa sor\u00e1n. A kotr\u00f3g\u00e9p-rakod\u00f3kban a kan\u00e1lhenger mind az \u00e1s\u00e1st, mind az emel\u00e9st seg\u00edti.<\/li>\n<li>Mez\u0151gazdas\u00e1gi g\u00e9pek: Homlokrakod\u00f3kban haszn\u00e1lj\u00e1k talaj, sz\u00e9na \u00e9s egy\u00e9b anyagok \u00e1s\u00e1s\u00e1ra, emel\u00e9s\u00e9re \u00e9s sz\u00e1ll\u00edt\u00e1s\u00e1ra.<\/li>\n<li>Kotr\u00f3g\u00e9pek: A kan\u00e1lhenger lehet\u0151v\u00e9 teszi a f\u00f6ldmunk\u00e1t az\u00e1ltal, hogy lehet\u0151v\u00e9 teszi a kan\u00e1l talajba hatol\u00e1s\u00e1t.<\/li>\n<li>Rakod\u00f3k: A homlokrakod\u00f3kban hat\u00e9konyan seg\u00edtik az \u00e1ruk emel\u00e9s\u00e9t \u00e9s \u00fcr\u00edt\u00e9s\u00e9t.<\/li>\n<\/ul>\n<h2>Tervez\u00e9si szempontok \u00e9s kiv\u00e1laszt\u00e1si krit\u00e9riumok<\/h2>\n<ul>\n<li>Teherb\u00edr\u00e1s: Ismertesse a henger teherb\u00edr\u00e1s\u00e1t \u00e9s annak fontoss\u00e1g\u00e1t a tervez\u00e9sben.<\/li>\n<li>T\u00f6m\u00edt\u00e9s: Magyar\u00e1zza el a k\u00fcl\u00f6nf\u00e9le haszn\u00e1lt t\u00f6m\u00edt\u00e9seket, p\u00e9ld\u00e1ul a dugatty\u00fat\u00f6m\u00edt\u00e9seket \u00e9s a r\u00fadt\u00f6m\u00edt\u00e9seket, amelyek kop\u00e1s\u00e1ll\u00f3 anyagokb\u00f3l, p\u00e9ld\u00e1ul poliuret\u00e1nb\u00f3l \u00e9s nitrilgumib\u00f3l k\u00e9sz\u00fclnek. Hangs\u00falyozza a megfelel\u0151 t\u00f6m\u00edt\u00e9s fontoss\u00e1g\u00e1t a tart\u00f3ss\u00e1g \u00e9rdek\u00e9ben.<\/li>\n<li>Tart\u00f3ss\u00e1g: Ismertesse a kop\u00e1s\u00e1ll\u00f3s\u00e1g fokoz\u00e1sa \u00e9rdek\u00e9ben tett int\u00e9zked\u00e9seket, p\u00e9ld\u00e1ul a hengertest \u00e9s a menetes v\u00e9gek prec\u00edz fel\u00fcletkezel\u00e9s\u00e9t.<\/li>\n<li>Biztons\u00e1g: Ismertesse a tervez\u00e9s sor\u00e1n figyelembe vett biztons\u00e1gi szempontokat, amelyek biztos\u00edtj\u00e1k a palack biztons\u00e1gos m\u0171k\u00f6d\u00e9s\u00e9t k\u00fcl\u00f6nb\u00f6z\u0151 k\u00f6rnyezetekben.<\/li>\n<li>Karbantarthat\u00f3s\u00e1g: A karbantart\u00e1s \u00e9s jav\u00edt\u00e1s egyszer\u0171s\u00e9g\u00e9nek ismertet\u00e9se, bele\u00e9rtve a p\u00f3talkatr\u00e9szek el\u00e9rhet\u0151s\u00e9g\u00e9t \u00e9s az \u00fajj\u00e1\u00e9p\u00edt\u00e9si szolg\u00e1ltat\u00e1sokat a henger \u00e9lettartam\u00e1nak meghosszabb\u00edt\u00e1sa \u00e9rdek\u00e9ben.<\/li>\n<\/ul>\n<p>\t<img decoding=\"async\" src=\"https:\/\/www.hydraulic-cylinders.net\/wp-content\/uploads\/2025\/01\/songte-oil-pipes-and-spare-parts.webp\"><\/p>\n<h2>T\u00f6m\u00edt\u00e9s \u00e9s ken\u00e9s<\/h2>\n<p>A kan\u00e1lhenger k\u00fcl\u00f6nf\u00e9le t\u00f6m\u00edt\u00e9seket haszn\u00e1l, p\u00e9ld\u00e1ul dugatty\u00fat\u00f6m\u00edt\u00e9seket \u00e9s r\u00fadt\u00f6m\u00edt\u00e9seket, amelyek kop\u00e1s\u00e1ll\u00f3 anyagokb\u00f3l, p\u00e9ld\u00e1ul poliuret\u00e1nb\u00f3l \u00e9s nitrilgumib\u00f3l k\u00e9sz\u00fclnek. A hengertest \u00e9s a menetes v\u00e9gek finom megmunk\u00e1l\u00e1son esnek \u00e1t a kop\u00e1s\u00e1ll\u00f3s\u00e1g jav\u00edt\u00e1sa \u00e9rdek\u00e9ben. A z\u00f6kken\u0151mentes m\u0171k\u00f6d\u00e9s biztos\u00edt\u00e1s\u00e1hoz rendszeres ken\u00e9s sz\u00fcks\u00e9ges a megfelel\u0151 mennyis\u00e9g\u0171 hidraulikaolajjal.<\/p>\n<h2>Rendszeres ellen\u0151rz\u00e9s \u00e9s megel\u0151z\u0151 karbantart\u00e1s<\/h2>\n<ul>\n<li>Rendszeresen ellen\u0151rizze a hengert sziv\u00e1rg\u00e1s, s\u00e9r\u00fcl\u00e9s vagy rendellenes kop\u00e1s szempontj\u00e1b\u00f3l.<\/li>\n<li>Gondoskodjon a megfelel\u0151 ken\u00e9sr\u0151l, \u00e9s sz\u00fcks\u00e9g eset\u00e9n cser\u00e9lje ki a t\u00f6m\u00edt\u00e9seket.<\/li>\n<li>V\u00e9gezzen kalibr\u00e1ci\u00f3s ellen\u0151rz\u00e9seket az optim\u00e1lis teljes\u00edtm\u00e9ny fenntart\u00e1sa \u00e9rdek\u00e9ben.<\/li>\n<\/ul>\n<h2>Megfelel\u0151 telep\u00edt\u00e9si \u00fatmutat\u00f3<\/h2>\n<p>A helyes beszerel\u00e9s kulcsfontoss\u00e1g\u00fa a kan\u00e1lhenger teljes\u00edtm\u00e9ny\u00e9hez. Adjon \u00fatmutat\u00e1st a henger megfelel\u0151 be\u00e1ll\u00edt\u00e1s\u00e1hoz, \u00e9s javasolja a megfelel\u0151 r\u00f6gz\u00edt\u0151konzolok haszn\u00e1lat\u00e1t a henger r\u00f6gz\u00edt\u00e9s\u00e9hez. Aj\u00e1nlott elj\u00e1r\u00e1sokat k\u00edn\u00e1ljon az ellen\u0151rz\u00e9shez, jav\u00edt\u00e1shoz \u00e9s cser\u00e9hez, valamint tippeket adjon a henger \u00e9lettartam\u00e1nak meghosszabb\u00edt\u00e1s\u00e1hoz.<\/p>\n<p>\t<img decoding=\"async\" src=\"https:\/\/www.hydraulic-cylinders.net\/wp-content\/uploads\/2025\/01\/songte-chushion-collar.webp\"><\/p>\n<h2>Biztons\u00e1gi szempontok \u00e9s k\u00f6rnyezeti t\u00e9nyez\u0151k<\/h2>\n<p>Hangs\u00falyozza a biztons\u00e1gi int\u00e9zked\u00e9sek fontoss\u00e1g\u00e1t a serleges henger haszn\u00e1latakor, \u00e9s t\u00e9rjen ki minden olyan relev\u00e1ns k\u00f6rnyezeti t\u00e9nyez\u0151re, amelyet figyelembe kell venni.<\/p>\n<h2>Hibaelh\u00e1r\u00edt\u00e1s \u00e9s gyakori probl\u00e9m\u00e1k<\/h2>\n<p>Besz\u00e9lje meg a kan\u00e1lhenger haszn\u00e1lata sor\u00e1n felmer\u00fcl\u0151 lehets\u00e9ges hib\u00e1kat \u00e9s gyakori probl\u00e9m\u00e1kat. Adjon tippeket \u00e9s megold\u00e1sokat, amelyek seg\u00edtenek az olvas\u00f3knak a probl\u00e9m\u00e1k hat\u00e9kony diagnosztiz\u00e1l\u00e1s\u00e1ban \u00e9s megold\u00e1s\u00e1ban. Javasoljon megel\u0151z\u0151 int\u00e9zked\u00e9seket a lehets\u00e9ges probl\u00e9m\u00e1k minimaliz\u00e1l\u00e1sa \u00e9rdek\u00e9ben.<\/p>\n<p>\t<img decoding=\"async\" src=\"https:\/\/www.hydraulic-cylinders.net\/wp-content\/uploads\/2025\/01\/songte-bushings-with-all-kinds-of-excavator-models.webp\"><\/p>\n<h2>C\u00e9ginform\u00e1ci\u00f3<\/h2>\n<p>Cserehidraulikus hengerek gy\u00e1rt\u00f3ja vagyunk, sz\u00e9les term\u00e9kv\u00e1laszt\u00e9kot k\u00edn\u00e1lva. A hazai \u00e9s nemzetk\u00f6zi piacok egyik vezet\u0151 hidraulikus hengergy\u00e1rt\u00f3j\u00e1v\u00e1 \u00e9s nagykereskedelmi forgalmaz\u00f3j\u00e1v\u00e1 v\u00e1ltunk. A kiv\u00e1l\u00f3 min\u0151s\u00e9gre \u00e9s a fejlett gy\u00e1rt\u00f3berendez\u00e9sek kihaszn\u00e1l\u00e1s\u00e1ra \u00f6sszpontos\u00edtva c\u00e9g\u00fcnk folyamatosan fejleszti gy\u00e1rt\u00e1si platformj\u00e1t, hogy nagy hat\u00e9konys\u00e1g\u00fa, prec\u00edz \u00e9s kiv\u00e1l\u00f3 min\u0151s\u00e9g\u0171 term\u00e9keket biztos\u00edtson, amelyek megfelelnek az \u00fcgyfelek sokr\u00e9t\u0171 ig\u00e9nyeinek.<\/p>\n<p>\t<img decoding=\"async\" src=\"https:\/\/hzpt.com\/wp-content\/uploads\/2024\/11\/songte-company-1.webp\"><\/p>\n<h3>Szakmaiass\u00e1g<\/h3>\n<p>C\u00e9g\u00fcnk a professzionalizmusra helyezi a hangs\u00falyt m\u0171k\u00f6d\u00e9s\u00fcnk minden ter\u00fclet\u00e9n, a term\u00e9ktervez\u00e9st\u0151l a gy\u00e1rt\u00e1son \u00e1t az \u00fcgyf\u00e9lszolg\u00e1latig.<\/p>\n<h3>Nemzetk\u00f6zi min\u0151s\u00edt\u00e9s<\/h3>\n<p>Term\u00e9keink min\u0151s\u00e9g\u00e9t \u00e9s megb\u00edzhat\u00f3s\u00e1g\u00e1t garant\u00e1lva rendelkez\u00fcnk a vonatkoz\u00f3 nemzetk\u00f6zi tan\u00fas\u00edtv\u00e1nyokkal.<\/p>\n<h3>Testreszab\u00e1si szolg\u00e1ltat\u00e1sok<\/h3>\n<p>Testreszabott szolg\u00e1ltat\u00e1sokat k\u00edn\u00e1lunk, hogy megfelelj\u00fcnk \u00fcgyfeleink egyedi ig\u00e9nyeinek.<\/p>\n<h3>Termel\u00e9si berendez\u00e9sek<\/h3>\n<p>C\u00e9g\u00fcnk a legmodernebb gy\u00e1rt\u00f3berendez\u00e9sekkel van felszerelve, hogy biztos\u00edtsa gy\u00e1rt\u00e1si folyamataink pontoss\u00e1g\u00e1t \u00e9s hat\u00e9konys\u00e1g\u00e1t.<\/p>\n<h3>\u00c9rt\u00e9kes\u00edt\u00e9s ut\u00e1ni szolg\u00e1ltat\u00e1s<\/h3>\n<p>\u00c1tfog\u00f3 \u00e9rt\u00e9kes\u00edt\u00e9s ut\u00e1ni szolg\u00e1ltat\u00e1sokat ny\u00fajtunk, hogy seg\u00edts\u00fck \u00fcgyfeleinket b\u00e1rmilyen k\u00e9rd\u00e9ssel vagy probl\u00e9m\u00e1val kapcsolatban.<\/p>\n<p>\t<img decoding=\"async\" src=\"https:\/\/www.hydraulic-cylinders.net\/wp-content\/uploads\/2025\/01\/songte-company-3.webp\"><\/p>\n<p>Szerz\u0151: lyl<\/p>\n<p><\/body><br \/>\n<\/html><\/p>","protected":false},"excerpt":{"rendered":"<p>Bucket Cylinder For SDLG Middle Excavator LG6290E Bucket Cylinder For SDLG Middle Excavator LG6290E Introduction The bucket cylinder is a specially designed hydraulic cylinder used to control the movement of the bucket in heavy machinery such as excavators, backhoe loaders, and front-end loaders. Its main function is to enable the bucket to lift, lower, and [&hellip;]<\/p>","protected":false},"featured_media":14762,"comment_status":"open","ping_status":"closed","template":"","meta":{"_et_pb_use_builder":"","_et_pb_old_content":"","_et_gb_content_width":""},"product_brand":[],"product_cat":[1494],"product_tag":[1495,1496],"class_list":{"0":"post-15655","1":"product","2":"type-product","3":"status-publish","4":"has-post-thumbnail","6":"product_cat-bucket-cylinders","7":"product_tag-bucket-cylinders","8":"product_tag-hydraulic-cylinders","10":"first","11":"instock","12":"shipping-taxable","13":"product-type-simple"},"amp_enabled":true,"_links":{"self":[{"href":"https:\/\/www.hydraulic-cylinders.net\/hu\/wp-json\/wp\/v2\/product\/15655","targetHints":{"allow":["GET"]}}],"collection":[{"href":"https:\/\/www.hydraulic-cylinders.net\/hu\/wp-json\/wp\/v2\/product"}],"about":[{"href":"https:\/\/www.hydraulic-cylinders.net\/hu\/wp-json\/wp\/v2\/types\/product"}],"replies":[{"embeddable":true,"href":"https:\/\/www.hydraulic-cylinders.net\/hu\/wp-json\/wp\/v2\/comments?post=15655"}],"wp:featuredmedia":[{"embeddable":true,"href":"https:\/\/www.hydraulic-cylinders.net\/hu\/wp-json\/wp\/v2\/media\/14762"}],"wp:attachment":[{"href":"https:\/\/www.hydraulic-cylinders.net\/hu\/wp-json\/wp\/v2\/media?parent=15655"}],"wp:term":[{"taxonomy":"product_brand","embeddable":true,"href":"https:\/\/www.hydraulic-cylinders.net\/hu\/wp-json\/wp\/v2\/product_brand?post=15655"},{"taxonomy":"product_cat","embeddable":true,"href":"https:\/\/www.hydraulic-cylinders.net\/hu\/wp-json\/wp\/v2\/product_cat?post=15655"},{"taxonomy":"product_tag","embeddable":true,"href":"https:\/\/www.hydraulic-cylinders.net\/hu\/wp-json\/wp\/v2\/product_tag?post=15655"}],"curies":[{"name":"munkaf\u00fczet","href":"https:\/\/api.w.org\/{rel}","templated":true}]}}