{"id":15667,"date":"2025-01-19T14:49:06","date_gmt":"2025-01-19T14:49:06","guid":{"rendered":"https:\/\/www.hydraulic-cylinders.net\/product\/bucket-cylinder-for-jcm-small-excavator-mc136-9\/"},"modified":"2025-01-19T14:49:08","modified_gmt":"2025-01-19T14:49:08","slug":"bucket-cylinder-for-jcm-small-excavator-mc136-9","status":"publish","type":"product","link":"https:\/\/www.hydraulic-cylinders.net\/hu\/termek\/bucket-cylinder-for-jcm-small-excavator-mc136-9\/","title":{"rendered":"Kan\u00e1lhenger JCM kis kotr\u00f3g\u00e9phez MC136-9"},"content":{"rendered":"<h1>Kan\u00e1lhenger JCM kis kotr\u00f3g\u00e9phez MC136-9<\/h1>\n<h2>Bevezet\u00e9s<\/h2>\n<h3>A v\u00f6d\u00f6rhenger meghat\u00e1roz\u00e1sa<\/h3>\n<p>A kan\u00e1lhenger egy speci\u00e1lisan tervezett hidraulikus henger, amelyet f\u0151k\u00e9nt a neh\u00e9zg\u00e9pek, p\u00e9ld\u00e1ul kotr\u00f3g\u00e9pek, kotr\u00f3rakod\u00f3k \u00e9s homlokrakod\u00f3k lap\u00e1tj\u00e1nak mozg\u00e1s\u00e1nak vez\u00e9rl\u00e9s\u00e9re haszn\u00e1lnak. F\u0151 funkci\u00f3ja a lap\u00e1t emel\u00e9se, s\u00fcllyeszt\u00e9se \u00e9s billent\u00e9se, megk\u00f6nny\u00edtve a k\u00fcl\u00f6nf\u00e9le anyagmozgat\u00e1si feladatok elv\u00e9gz\u00e9s\u00e9t. A hidraulikus rendszerben a kan\u00e1lhenger pontosan vez\u00e9rli a lap\u00e1tot a hidraulikaolaj nyom\u00e1s\u00e1nak v\u00e1ltoztat\u00e1s\u00e1val, lehet\u0151v\u00e9 t\u00e9ve a kezel\u0151 sz\u00e1m\u00e1ra a neh\u00e9z t\u00e1rgyak hat\u00e9kony kezel\u00e9s\u00e9t, valamint az \u00f6sszetett munkak\u00f6rnyezetekhez \u00e9s a v\u00e1ltozatos \u00fczemeltet\u00e9si ig\u00e9nyekhez val\u00f3 alkalmazkod\u00e1st.<\/p>\n<p><img decoding=\"async\" src=\"https:\/\/www.hydraulic-cylinders.net\/wp-content\/uploads\/2025\/01\/songte-company-2.webp\" alt=\"V\u00f6d\u00f6r henger k\u00e9pe\"><\/p>\n<h3>A v\u00f6d\u00f6rhenger jellemz\u0151i<\/h3>\n<ul>\n<li>Nagy szil\u00e1rds\u00e1g \u00e9s tart\u00f3ss\u00e1g: \u00c1ltal\u00e1ban nagy szil\u00e1rds\u00e1g\u00fa ac\u00e9lb\u00f3l vagy alum\u00edniumb\u00f3l k\u00e9sz\u00fcl, k\u00e9pes ellen\u00e1llni a nagy nyom\u00e1snak \u00e9s a nagy terhel\u00e9seknek, alkalmas zord munkak\u00f6rnyezetre, \u00e9s a kop\u00e1s\u00e1ll\u00f3s\u00e1g \u00e9s a korr\u00f3zi\u00f3\u00e1ll\u00f3s\u00e1g szempontjait figyelembe v\u00e9ve tervezt\u00e9k, meghosszabb\u00edtva az \u00e9lettartamot.<\/li>\n<li>Hat\u00e9kony hidraulikus m\u0171k\u00f6d\u00e9s: A hidraulikaolaj nyom\u00e1s\u00e1nak kihaszn\u00e1l\u00e1s\u00e1val sima t\u00e1gul\u00e1si \u00e9s \u00f6sszeh\u00faz\u00f3d\u00e1si m\u0171veletek \u00e9rhet\u0151k el, ami lehet\u0151v\u00e9 teszi a vez\u00e9rl\u0151parancsokra adott gyors reag\u00e1l\u00e1st, er\u0151teljes tol\u00f3- \u00e9s h\u00faz\u00f3er\u0151ket biztos\u00edt, \u00e9s alkalmas neh\u00e9z t\u00e1rgyak \u00e9s \u00f6sszetett \u00fczemeltet\u00e9si feladatok kezel\u00e9s\u00e9re.<\/li>\n<li>K\u00fcl\u00f6nb\u00f6z\u0151 t\u00edpusok: Az ig\u00e9nyeknek megfelel\u0151en egyir\u00e1ny\u00fa hidraulikus vagy kett\u0151s m\u0171k\u00f6d\u00e9s\u0171 (hidraulikus, k\u00e9tir\u00e1ny\u00fa) hengerek v\u00e1laszthat\u00f3k a k\u00fcl\u00f6nb\u00f6z\u0151 m\u0171k\u00f6d\u00e9si k\u00f6vetelm\u00e9nyeknek megfelel\u0151en. Egyes modellek teleszk\u00f3posak, \u00edgy nagyobb b\u0151v\u00edt\u00e9st tesznek lehet\u0151v\u00e9 a k\u00fcls\u0151 m\u00e9retek n\u00f6vel\u00e9se n\u00e9lk\u00fcl, \u00edgy alkalmasak korl\u00e1tozott helyig\u00e9ny\u0171 alkalmaz\u00e1sokhoz.<\/li>\n<li>Csere el\u00e9rhet\u0151s\u00e9ge: Term\u00e9keink t\u00f6k\u00e9letesen helyettes\u00edthetik ezeket a hidraulikus hengereket.<\/li>\n<li>Testreszabhat\u00f3s\u00e1g: Hengereink testreszabhat\u00f3k, hogy illeszkedjenek a k\u00fcl\u00f6nb\u00f6z\u0151 kotr\u00f3g\u00e9p modellekhez az optim\u00e1lis teljes\u00edtm\u00e9ny \u00e9rdek\u00e9ben.<\/li>\n<\/ul>\n<p><img decoding=\"async\" src=\"https:\/\/www.hydraulic-cylinders.net\/wp-content\/uploads\/2025\/01\/songte-cylinder-head-with-all-kinds-excavator-models.webp\" alt=\"Kotr\u00f3g\u00e9p henger k\u00e9pe\"><\/p>\n<h3>A v\u00f6d\u00f6rhenger alkalmaz\u00e1sai<\/h3>\n<p>A v\u00f6d\u00f6rhengert sz\u00e9les k\u00f6rben haszn\u00e1lj\u00e1k k\u00fcl\u00f6nf\u00e9le ipari \u00e9s mez\u0151gazdas\u00e1gi g\u00e9pekben, bele\u00e9rtve:<\/p>\n<ul>\n<li>\u00c9p\u00edt\u0151ipari berendez\u00e9sek: Kotr\u00f3g\u00e9pekben elengedhetetlenek az \u00e1s\u00e1shoz, rakod\u00e1shoz \u00e9s a talaj vagy t\u00f6rmel\u00e9k mozgat\u00e1s\u00e1hoz. Kotr\u00f3g\u00e9p-rakod\u00f3kban a kan\u00e1lhenger seg\u00edti az \u00e1s\u00e1st \u00e9s az emel\u00e9st.<\/li>\n<li>Mez\u0151gazdas\u00e1gi g\u00e9pek: Homlokrakod\u00f3kban haszn\u00e1lj\u00e1k \u0151ket, talaj, sz\u00e9na \u00e9s egy\u00e9b anyagok kanalaz\u00e1s\u00e1ra, emel\u00e9s\u00e9re \u00e9s sz\u00e1ll\u00edt\u00e1s\u00e1ra. <\/li>\n<li>Kotr\u00f3g\u00e9pek: A kan\u00e1lhengerek lehet\u0151v\u00e9 teszik a f\u00f6ldmunk\u00e1kat az\u00e1ltal, hogy lehet\u0151v\u00e9 teszik a kan\u00e1l talajba val\u00f3 behatol\u00e1s\u00e1t. <\/li>\n<li>Rakod\u00f3k: A homlokrakod\u00f3k hat\u00e9konyan emelik \u00e9s \u00fcr\u00edtik az \u00e1rukat.<\/li>\n<\/ul>\n<h3>Tervez\u00e9si szempontok \u00e9s kiv\u00e1laszt\u00e1si krit\u00e9riumok<\/h3>\n<p>A serleghengerek gondos tervez\u00e9si szempontokat \u00e9s kiv\u00e1laszt\u00e1si krit\u00e9riumokat ig\u00e9nyelnek az optim\u00e1lis teljes\u00edtm\u00e9ny, tart\u00f3ss\u00e1g \u00e9s biztons\u00e1g biztos\u00edt\u00e1sa \u00e9rdek\u00e9ben. A legfontosabb tervez\u00e9si szempontok a k\u00f6vetkez\u0151k:<\/p>\n<h4>Teherb\u00edr\u00e1s<\/h4>\n<p>A kan\u00e1lhengernek k\u00e9pesnek kell lennie a maxim\u00e1lis terhel\u00e9s elvisel\u00e9s\u00e9re, ami kritikus fontoss\u00e1g\u00fa a biztons\u00e1gos \u00e9s hat\u00e9kony m\u0171k\u00f6d\u00e9s szempontj\u00e1b\u00f3l.<\/p>\n<h4>T\u00f6m\u00edt\u00e9s<\/h4>\n<p>A k\u00fcl\u00f6nb\u00f6z\u0151 t\u00f6m\u00edt\u0151elemeket, p\u00e9ld\u00e1ul a dugatty\u00fat\u00f6m\u00edt\u00e9seket \u00e9s a r\u00fadt\u00f6m\u00edt\u00e9seket gondosan kell kiv\u00e1lasztani az optim\u00e1lis teljes\u00edtm\u00e9ny \u00e9s tart\u00f3ss\u00e1g biztos\u00edt\u00e1sa \u00e9rdek\u00e9ben. Ezek a t\u00f6m\u00edt\u00e9sek gyakran poliuret\u00e1nb\u00f3l \u00e9s nitrilkaucsukb\u00f3l k\u00e9sz\u00fclnek, amelyek kop\u00e1s\u00e1ll\u00f3 anyagok. A hengertestet \u00e9s a menet v\u00e9g\u00e9t finoman megmunk\u00e1lj\u00e1k a kop\u00e1s\u00e1ll\u00f3s\u00e1g jav\u00edt\u00e1sa \u00e9rdek\u00e9ben, \u00e9s a ken\u00e9shez rendszeres olajoz\u00e1s sz\u00fcks\u00e9ges.<\/p>\n<h4>Tart\u00f3ss\u00e1g<\/h4>\n<p>A kan\u00e1lhengernek nagy szil\u00e1rds\u00e1g\u00fa anyagokb\u00f3l kell k\u00e9sz\u00fclnie, hogy ellen\u00e1lljon a zord munkak\u00f6rnyezetnek \u00e9s a nagy terhel\u00e9seknek. Tervez\u00e9s\u00e9n\u00e9l figyelembe kell venni a kop\u00e1s\u00e1ll\u00f3s\u00e1got, a korr\u00f3zi\u00f3\u00e1ll\u00f3s\u00e1got \u00e9s a hossz\u00fa \u00e9lettartamot is.<\/p>\n<h4>Biztons\u00e1g<\/h4>\n<p>A biztons\u00e1g kiemelt fontoss\u00e1g\u00fa a kan\u00e1lhengerek kiv\u00e1laszt\u00e1sakor. A hengereket \u00fagy kell megtervezni, hogy megel\u0151zz\u00e9k a baleseteket \u00e9s biztos\u00edts\u00e1k a biztons\u00e1gos m\u0171k\u00f6d\u00e9st.<\/p>\n<h4>Karbantart\u00e1s<\/h4>\n<p>A karbantart\u00e1s kritikus fontoss\u00e1g\u00fa az optim\u00e1lis teljes\u00edtm\u00e9ny \u00e9s a hossz\u00fa \u00e9lettartam szempontj\u00e1b\u00f3l. A kan\u00e1lhengerek j\u00f3 \u00e1llapot\u00e1nak meg\u0151rz\u00e9s\u00e9hez rendszeres ellen\u0151rz\u00e9sekre, ken\u00e9sre \u00e9s alkatr\u00e9szcser\u00e9re van sz\u00fcks\u00e9g. <\/p>\n<p><img decoding=\"async\" src=\"https:\/\/www.hydraulic-cylinders.net\/wp-content\/uploads\/2025\/01\/songte-oil-pipes-and-spare-parts.webp\" alt=\"Olajcs\u00f6vek \u00e9s alkatr\u00e9szek k\u00e9pe\"><\/p>\n<h3>Telep\u00edt\u00e9si \u00fatmutat\u00f3<\/h3>\n<p>A megfelel\u0151 telep\u00edt\u00e9s elengedhetetlen az optim\u00e1lis teljes\u00edtm\u00e9ny \u00e9s biztons\u00e1g \u00e9rdek\u00e9ben. A k\u00f6vetkez\u0151 ir\u00e1nyelveket kell k\u00f6vetni:<\/p>\n<ul>\n<li>A hengert megfelel\u0151en igaz\u00edtsa be a beszerel\u00e9s el\u0151tt.<\/li>\n<li>Haszn\u00e1ljon megfelel\u0151 r\u00f6gz\u00edt\u0151konzolokat a henger r\u00f6gz\u00edt\u00e9s\u00e9hez.<\/li>\n<li>Az optim\u00e1lis teljes\u00edtm\u00e9ny \u00e9rdek\u00e9ben haszn\u00e1ljon megfelel\u0151 ken\u0151anyagot.<\/li>\n<li>Rendszeresen ellen\u0151rizze \u00e9s cser\u00e9lje ki az elhaszn\u00e1l\u00f3dott t\u00f6m\u00edt\u00e9seket.<\/li>\n<li>Rendszeresen ellen\u0151rizze \u00e9s kalibr\u00e1lja a hengert az optim\u00e1lis teljes\u00edtm\u00e9ny \u00e9rdek\u00e9ben.<\/li>\n<\/ul>\n<p><img decoding=\"async\" src=\"https:\/\/www.hydraulic-cylinders.net\/wp-content\/uploads\/2025\/01\/songte-chushion-collar.webp\" alt=\"Chushion gall\u00e9r k\u00e9p\"><\/p>\n<h3>Biztons\u00e1gi szempontok \u00e9s k\u00f6rnyezeti t\u00e9nyez\u0151k<\/h3>\n<p>A v\u00f6dr\u00f6s hengereket megfelel\u0151 biztons\u00e1gi int\u00e9zked\u00e9sekkel kell haszn\u00e1lni a balesetek megel\u0151z\u00e9se \u00e9s a biztons\u00e1gos \u00fczemeltet\u00e9s biztos\u00edt\u00e1sa \u00e9rdek\u00e9ben. A k\u00f6rnyezeti t\u00e9nyez\u0151ket, p\u00e9ld\u00e1ul a h\u0151m\u00e9rs\u00e9kletet \u00e9s a p\u00e1ratartalmat is figyelembe kell venni az optim\u00e1lis teljes\u00edtm\u00e9ny \u00e9s a hossz\u00fa \u00e9lettartam biztos\u00edt\u00e1sa \u00e9rdek\u00e9ben.<\/p>\n<h3>Hibaelh\u00e1r\u00edt\u00e1s \u00e9s gyakori probl\u00e9m\u00e1k<\/h3>\n<p>A kan\u00e1lhengerekn\u00e9l k\u00fcl\u00f6nf\u00e9le probl\u00e9m\u00e1k mer\u00fclhetnek fel, p\u00e9ld\u00e1ul sziv\u00e1rg\u00e1sok, el\u00e9gtelen teljes\u00edtm\u00e9ny \u00e9s lass\u00fa v\u00e1laszid\u0151. A hibaelh\u00e1r\u00edt\u00e1s \u00e9s a gyakori probl\u00e9m\u00e1k a k\u00f6vetkez\u0151k:<\/p>\n<ul>\n<li>A konkr\u00e9t utas\u00edt\u00e1sok\u00e9rt tekintse meg a gy\u00e1rt\u00f3 k\u00e9zik\u00f6nyv\u00e9t.<\/li>\n<li>Rendszeresen ellen\u0151rizze a sziv\u00e1rg\u00e1sokat \u00e9s az elkopott t\u00f6m\u00edt\u00e9seket.<\/li>\n<li>Ellen\u0151rizze a hidraulikus rendszert, hogy nincs-e probl\u00e9ma.<\/li>\n<li>Ellen\u0151rizze a henger esetleges s\u00e9r\u00fcl\u00e9seit.<\/li>\n<\/ul>\n<p>A megel\u0151z\u0151 int\u00e9zked\u00e9sek, mint p\u00e9ld\u00e1ul a rendszeres karbantart\u00e1s \u00e9s ellen\u0151rz\u00e9sek, seg\u00edthetnek minimaliz\u00e1lni a lehets\u00e9ges probl\u00e9m\u00e1kat.<\/p>\n<p><img decoding=\"async\" src=\"https:\/\/www.hydraulic-cylinders.net\/wp-content\/uploads\/2025\/01\/songte-bushings-with-all-kinds-of-excavator-models.webp\" alt=\"Perselyek k\u00e9pe\"><\/p>\n<h2>C\u00e9g\u00fcnk<\/h2>\n<p>A hidraulikus hengerek vezet\u0151 gy\u00e1rt\u00f3ja \u00e9s nagykereskedelmi forgalmaz\u00f3ja vagyunk, hengercser\u00e9re szakosodva. Term\u00e9keinket \u00fagy tervezz\u00fck, hogy megfeleljenek mind a hazai, mind a nemzetk\u00f6zi piacok ig\u00e9nyeinek. A kiv\u00e9teles min\u0151s\u00e9g elveit k\u00f6vetj\u00fck, az iparos\u00edtott termel\u00e9sir\u00e1ny\u00edt\u00e1si strat\u00e9gi\u00e1kra, a finoman gy\u00e1rtott m\u0171helyekre, a technol\u00f3giai tehets\u00e9gekre, a digit\u00e1lis cs\u00facskateg\u00f3ri\u00e1s gy\u00e1rt\u00f3berendez\u00e9sekre \u00e9s a professzion\u00e1lis tesztel\u0151rendszerekre t\u00e1maszkodva. Folyamatosan fejlesztj\u00fck termel\u00e9si platformunkat term\u00e9keink min\u0151s\u00e9g\u00e9nek jav\u00edt\u00e1sa \u00e9rdek\u00e9ben, \u00e9s er\u0151s kreat\u00edv k\u00e9pess\u00e9gekkel rendelkez\u00fcnk a nagy hat\u00e9konys\u00e1g\u00fa, nagy pontoss\u00e1g\u00fa \u00e9s kiv\u00e1l\u00f3 min\u0151s\u00e9g\u0171 szolg\u00e1ltat\u00e1sok ny\u00fajt\u00e1s\u00e1ban, hogy megfelelj\u00fcnk \u00fcgyfeleink sokr\u00e9t\u0171 ig\u00e9nyeinek.<\/p>\n<p>C\u00e9g\u00fcnk k\u00edn\u00e1lja:<\/p>\n<ul>\n<li>Professzionalizmus: Tapasztalt szakemberekb\u0151l \u00e1ll\u00f3 csapatunk elk\u00f6telezett a kiv\u00e1l\u00f3 min\u0151s\u00e9g\u0171 term\u00e9kek \u00e9s szolg\u00e1ltat\u00e1sok ny\u00fajt\u00e1sa ir\u00e1nt.<\/li>\n<li>Nemzetk\u00f6zi min\u0151s\u00edt\u00e9s: Term\u00e9keink nemzetk\u00f6zi szabv\u00e1nyok szerint tan\u00fas\u00edtottak, ami garant\u00e1lja min\u0151s\u00e9g\u00fcket \u00e9s biztons\u00e1gukat.<\/li>\n<li>Testreszab\u00e1s: Hengereink testreszabhat\u00f3k, hogy k\u00fcl\u00f6nb\u00f6z\u0151 kotr\u00f3g\u00e9p modellekhez illeszkedjenek az optim\u00e1lis teljes\u00edtm\u00e9ny \u00e9rdek\u00e9ben.<\/li>\n<li>Korszer\u0171 gy\u00e1rt\u00f3berendez\u00e9sek: Korszer\u0171 gy\u00e1rt\u00f3berendez\u00e9seket haszn\u00e1lunk kiv\u00e1l\u00f3 min\u0151s\u00e9g\u0171 term\u00e9kek el\u0151\u00e1ll\u00edt\u00e1s\u00e1hoz.<\/li>\n<li>\u00c9rt\u00e9kes\u00edt\u00e9s ut\u00e1ni szolg\u00e1ltat\u00e1s: Karbantart\u00e1si, jav\u00edt\u00e1si \u00e9s fel\u00faj\u00edt\u00e1si szolg\u00e1ltat\u00e1sokat ny\u00fajtunk, hogy seg\u00edts\u00fck \u00fcgyfeleinket hidraulikus hengereik \u00e9lettartam\u00e1nak meghosszabb\u00edt\u00e1s\u00e1ban. <\/li>\n<\/ul>\n<p><img decoding=\"async\" src=\"https:\/\/hzpt.com\/wp-content\/uploads\/2024\/11\/songte-company-1.webp\" alt=\"C\u00e9ges im\u00e1zs\"><\/p>\n<p>Szerz\u0151: lyl<\/p>","protected":false},"excerpt":{"rendered":"<p>Bucket Cylinder For JCM Small Excavator MC136-9 Introduction Definition of Bucket Cylinder The bucket cylinder is a specially designed hydraulic cylinder mainly used to control the movement of the shovel in heavy machinery, such as excavators, backhoe loaders, and front loaders. Its main function is to enable the shovel to lift, lower, and tilt, making [&hellip;]<\/p>","protected":false},"featured_media":14771,"comment_status":"open","ping_status":"closed","template":"","meta":{"_et_pb_use_builder":"","_et_pb_old_content":"","_et_gb_content_width":""},"product_brand":[],"product_cat":[1494],"product_tag":[1495,1496],"class_list":{"0":"post-15667","1":"product","2":"type-product","3":"status-publish","4":"has-post-thumbnail","6":"product_cat-bucket-cylinders","7":"product_tag-bucket-cylinders","8":"product_tag-hydraulic-cylinders","10":"first","11":"instock","12":"shipping-taxable","13":"product-type-simple"},"amp_enabled":true,"_links":{"self":[{"href":"https:\/\/www.hydraulic-cylinders.net\/hu\/wp-json\/wp\/v2\/product\/15667","targetHints":{"allow":["GET"]}}],"collection":[{"href":"https:\/\/www.hydraulic-cylinders.net\/hu\/wp-json\/wp\/v2\/product"}],"about":[{"href":"https:\/\/www.hydraulic-cylinders.net\/hu\/wp-json\/wp\/v2\/types\/product"}],"replies":[{"embeddable":true,"href":"https:\/\/www.hydraulic-cylinders.net\/hu\/wp-json\/wp\/v2\/comments?post=15667"}],"wp:featuredmedia":[{"embeddable":true,"href":"https:\/\/www.hydraulic-cylinders.net\/hu\/wp-json\/wp\/v2\/media\/14771"}],"wp:attachment":[{"href":"https:\/\/www.hydraulic-cylinders.net\/hu\/wp-json\/wp\/v2\/media?parent=15667"}],"wp:term":[{"taxonomy":"product_brand","embeddable":true,"href":"https:\/\/www.hydraulic-cylinders.net\/hu\/wp-json\/wp\/v2\/product_brand?post=15667"},{"taxonomy":"product_cat","embeddable":true,"href":"https:\/\/www.hydraulic-cylinders.net\/hu\/wp-json\/wp\/v2\/product_cat?post=15667"},{"taxonomy":"product_tag","embeddable":true,"href":"https:\/\/www.hydraulic-cylinders.net\/hu\/wp-json\/wp\/v2\/product_tag?post=15667"}],"curies":[{"name":"munkaf\u00fczet","href":"https:\/\/api.w.org\/{rel}","templated":true}]}}