{"id":15676,"date":"2025-01-19T14:49:43","date_gmt":"2025-01-19T14:49:43","guid":{"rendered":"https:\/\/www.hydraulic-cylinders.net\/product\/bucket-cylinder-for-jcm-large-excavator-mc3861c-8\/"},"modified":"2025-01-19T14:49:45","modified_gmt":"2025-01-19T14:49:45","slug":"bucket-cylinder-for-jcm-large-excavator-mc3861c-8","status":"publish","type":"product","link":"https:\/\/www.hydraulic-cylinders.net\/hu\/termek\/bucket-cylinder-for-jcm-large-excavator-mc3861c-8\/","title":{"rendered":"Kan\u00e1lhenger JCM nagy kotr\u00f3g\u00e9phez MC3861C-8"},"content":{"rendered":"<h2>Kan\u00e1lhenger JCM nagy kotr\u00f3g\u00e9phez MC3861C-8<\/h2>\n<p>Bevezet\u00e9s:<\/p>\n<p>A kan\u00e1lhenger egy speci\u00e1lisan tervezett hidraulikus henger, amelyet a kan\u00e1l mozg\u00e1s\u00e1nak vez\u00e9rl\u00e9s\u00e9re haszn\u00e1lnak neh\u00e9zg\u00e9pekben, p\u00e9ld\u00e1ul kotr\u00f3g\u00e9pekben, kotr\u00f3rakod\u00f3kban \u00e9s homlokrakod\u00f3kban. F\u0151 funkci\u00f3ja a kan\u00e1l emel\u00e9s\u00e9nek, s\u00fcllyeszt\u00e9s\u00e9nek \u00e9s billent\u00e9s\u00e9nek lehet\u0151v\u00e9 t\u00e9tele, megk\u00f6nny\u00edtve a k\u00fcl\u00f6nf\u00e9le anyagmozgat\u00e1si feladatok elv\u00e9gz\u00e9s\u00e9t. A hidraulikus rendszerben a kan\u00e1lhenger a hidraulikaolaj nyom\u00e1s\u00e1nak v\u00e1ltoztat\u00e1s\u00e1val \u00e9ri el a kan\u00e1l pontos vez\u00e9rl\u00e9s\u00e9t, lehet\u0151v\u00e9 t\u00e9ve a kezel\u0151k sz\u00e1m\u00e1ra, hogy hat\u00e9konyan kezelj\u00e9k a neh\u00e9z terheket, \u00e9s alkalmazkodjanak az \u00f6sszetett munkak\u00f6rnyezetekhez \u00e9s a v\u00e1ltozatos m\u0171k\u00f6d\u00e9si ig\u00e9nyekhez.<\/p>\n<p><img decoding=\"async\" src=\"https:\/\/www.hydraulic-cylinders.net\/wp-content\/uploads\/2025\/01\/songte-company-2.webp\" alt=\"V\u00f6d\u00f6r henger k\u00e9pe\"><\/p>\n<h3>Jellemz\u0151k:<\/h3>\n<ol>\n<li>Nagy szil\u00e1rds\u00e1g \u00e9s tart\u00f3ss\u00e1g: A jellemz\u0151en nagy szil\u00e1rds\u00e1g\u00fa ac\u00e9lb\u00f3l vagy alum\u00edniumb\u00f3l k\u00e9sz\u00fclt kan\u00e1lhenger nagy nyom\u00e1st \u00e9s nagy terhel\u00e9st k\u00e9pes ellen\u00e1llni, alkalmazkodva a zord munkak\u00f6rnyezethez. Tervez\u00e9se figyelembe veszi a kop\u00e1s\u00e1ll\u00f3s\u00e1got \u00e9s a korr\u00f3zi\u00f3\u00e1ll\u00f3s\u00e1got, meghosszabb\u00edtva \u00e9lettartam\u00e1t.<\/li>\n<li>Hat\u00e9kony hidraulikus m\u0171k\u00f6d\u00e9s: A hidraulikaolaj nyom\u00e1s\u00e1t kihaszn\u00e1lva a kan\u00e1lhenger sima kiny\u00fal\u00e1st \u00e9s \u00f6sszeh\u00faz\u00f3d\u00e1st biztos\u00edt, gyorsan reag\u00e1l a vez\u00e9rl\u0151parancsokra, \u00e9s er\u0151teljes tol\u00f3- \u00e9s h\u00faz\u00f3er\u0151t biztos\u00edt, \u00edgy alkalmass\u00e1 teszi neh\u00e9z terhek \u00e9s \u00f6sszetett m\u0171k\u00f6d\u00e9si feladatok kezel\u00e9s\u00e9re.<\/li>\n<li>K\u00fcl\u00f6nb\u00f6z\u0151 t\u00edpusok: A kan\u00e1lhenger v\u00e1laszthat\u00f3 egyszeres m\u0171k\u00f6d\u00e9s\u0171 (a hidraulika csak az egyik ir\u00e1nyban m\u0171k\u00f6dik) vagy kett\u0151s m\u0171k\u00f6d\u00e9s\u0171 (a hidraulika mindk\u00e9t ir\u00e1nyban m\u0171k\u00f6dik) hengerk\u00e9nt az \u00fczemeltet\u00e9si ig\u00e9nyeknek megfelel\u0151en. Egyes modellek teleszk\u00f3posak, \u00edgy nagyobb kiny\u00fal\u00e1st tesznek lehet\u0151v\u00e9 a k\u00fcls\u0151 m\u00e9retek n\u00f6vel\u00e9se n\u00e9lk\u00fcl, \u00edgy alkalmasak korl\u00e1tozott helyig\u00e9ny\u0171 alkalmaz\u00e1sokhoz.<\/li>\n<li>T\u00f6k\u00e9letes csere: Term\u00e9keink t\u00f6k\u00e9letesen helyettes\u00edthetik ezeket a hidraulikus hengereket.<\/li>\n<\/ol>\n<p><img decoding=\"async\" src=\"https:\/\/www.hydraulic-cylinders.net\/wp-content\/uploads\/2025\/01\/songte-cylinder-head-with-all-kinds-excavator-models.webp\" alt=\"Term\u00e9kk\u00e9p\"><\/p>\n<h3>Alkalmaz\u00e1sok:<\/h3>\n<p>A kan\u00e1lhengerek k\u00fcl\u00f6nf\u00e9le \u00e9p\u00edt\u0151ipari \u00e9s mez\u0151gazdas\u00e1gi g\u00e9pekben tal\u00e1lhat\u00f3k:<\/p>\n<ul>\n<li>\u00c9p\u00edt\u0151ipari berendez\u00e9sek: Kotr\u00f3g\u00e9pekben elengedhetetlenek az \u00e1s\u00e1shoz, a rakod\u00e1shoz \u00e9s a talaj vagy t\u00f6rmel\u00e9k mozgat\u00e1s\u00e1hoz. Kotr\u00f3g\u00e9p-rakod\u00f3kban a kan\u00e1lhenger mind az \u00e1s\u00e1st, mind az emel\u00e9st seg\u00edti.<\/li>\n<li>Mez\u0151gazdas\u00e1gi g\u00e9pek: Homlokrakod\u00f3kban haszn\u00e1lj\u00e1k talaj, sz\u00e9na \u00e9s egy\u00e9b anyagok \u00e1s\u00e1s\u00e1ra, emel\u00e9s\u00e9re \u00e9s sz\u00e1ll\u00edt\u00e1s\u00e1ra.<\/li>\n<li>Kotr\u00f3g\u00e9pek: A kan\u00e1lhenger lehet\u0151v\u00e9 teszi az \u00e1s\u00e1si m\u0171veleteket az\u00e1ltal, hogy lehet\u0151v\u00e9 teszi a kan\u00e1l talajba val\u00f3 behatol\u00e1s\u00e1t.<\/li>\n<li>Homlokrakod\u00f3k: A homlokrakod\u00f3k hat\u00e9konyan seg\u00edtik az \u00e1ruk emel\u00e9s\u00e9t \u00e9s d\u00f6nt\u00e9s\u00e9t.<\/li>\n<\/ul>\n<h3>Tervez\u00e9si szempontok \u00e9s kiv\u00e1laszt\u00e1si krit\u00e9riumok:<\/h3>\n<p>A kan\u00e1lhengerek tervez\u00e9si szempontjai k\u00f6z\u00e9 tartozik a teherb\u00edr\u00e1s, a t\u00f6m\u00edt\u00e9s, a tart\u00f3ss\u00e1g, a biztons\u00e1g \u00e9s a karbantarthat\u00f3s\u00e1g.<\/p>\n<p><img decoding=\"async\" src=\"https:\/\/www.hydraulic-cylinders.net\/wp-content\/uploads\/2025\/01\/songte-oil-pipes-and-spare-parts.webp\" alt=\"Tervez\u00e9si szempontok k\u00e9pe\"><\/p>\n<h3>T\u00f6m\u00edt\u00e9s \u00e9s ken\u00e9s:<\/h3>\n<p>A serleghengerek k\u00fcl\u00f6nf\u00e9le t\u00f6m\u00edt\u0151elemeket haszn\u00e1lnak, p\u00e9ld\u00e1ul dugatty\u00fat\u00f6m\u00edt\u00e9seket \u00e9s r\u00fadt\u00f6m\u00edt\u00e9seket, amelyek kop\u00e1s\u00e1ll\u00f3 anyagokb\u00f3l, p\u00e9ld\u00e1ul poliuret\u00e1nb\u00f3l \u00e9s nitrilgumib\u00f3l k\u00e9sz\u00fclnek. A hengertest \u00e9s a menetes v\u00e9gek prec\u00edzi\u00f3s megmunk\u00e1l\u00e1son esnek \u00e1t a kop\u00e1s\u00e1ll\u00f3s\u00e1g jav\u00edt\u00e1sa \u00e9rdek\u00e9ben. Rendszeres ken\u00e9s megfelel\u0151 hidraulikaolajjal sz\u00fcks\u00e9ges.<\/p>\n<h3>Ellen\u0151rz\u00e9s \u00e9s megel\u0151z\u0151 karbantart\u00e1s:<\/h3>\n<p>A rendszeres ellen\u0151rz\u00e9sek \u00e9s a megel\u0151z\u0151 karbantart\u00e1s elengedhetetlen a serleghengerek optim\u00e1lis teljes\u00edtm\u00e9ny\u00e9nek \u00e9s hossz\u00fa \u00e9lettartam\u00e1nak biztos\u00edt\u00e1s\u00e1hoz:<\/p>\n<ul>\n<li>Rendszeresen ellen\u0151rizze a sziv\u00e1rg\u00e1sokat, a rendellenes zajokat, valamint a kop\u00e1s vagy s\u00e9r\u00fcl\u00e9s jeleit.<\/li>\n<li>Biztos\u00edtsa az \u00f6sszes mozg\u00f3 alkatr\u00e9sz megfelel\u0151 ken\u00e9s\u00e9t.<\/li>\n<li>A t\u00f6m\u00edt\u00e9sek \u00e9s t\u00f6m\u00edt\u0151gy\u0171r\u0171k rendszeres cser\u00e9je a t\u00f6m\u00edt\u00e9s \u00e9ps\u00e9g\u00e9nek meg\u0151rz\u00e9se \u00e9rdek\u00e9ben.<\/li>\n<li>V\u00e9gezzen kalibr\u00e1ci\u00f3s ellen\u0151rz\u00e9seket a pontos m\u0171k\u00f6d\u00e9s biztos\u00edt\u00e1sa \u00e9rdek\u00e9ben.<\/li>\n<\/ul>\n<p><img decoding=\"async\" src=\"https:\/\/www.hydraulic-cylinders.net\/wp-content\/uploads\/2025\/01\/songte-chushion-collar.webp\" alt=\"Karbantart\u00e1si k\u00e9p\"><\/p>\n<h3>Biztons\u00e1gi szempontok \u00e9s k\u00f6rnyezeti t\u00e9nyez\u0151k:<\/h3>\n<p>A serlegpalackok haszn\u00e1latakor rendk\u00edv\u00fcl fontos a biztons\u00e1gi int\u00e9zked\u00e9sek betart\u00e1sa. A balesetek megel\u0151z\u00e9se, valamint a szem\u00e9lyzet \u00e9s a berendez\u00e9sek biztons\u00e1g\u00e1nak garant\u00e1l\u00e1sa \u00e9rdek\u00e9ben elengedhetetlen a megfelel\u0151 telep\u00edt\u00e9si \u00e9s \u00fczemeltet\u00e9si elj\u00e1r\u00e1sok betart\u00e1sa. Az optim\u00e1lis teljes\u00edtm\u00e9ny fenntart\u00e1sa \u00e9rdek\u00e9ben a k\u00f6rnyezeti t\u00e9nyez\u0151ket, p\u00e9ld\u00e1ul a h\u0151m\u00e9rs\u00e9kletet \u00e9s a p\u00e1ratartalmat is figyelembe kell venni.<\/p>\n<h3>Hibaelh\u00e1r\u00edt\u00e1s \u00e9s gyakori probl\u00e9m\u00e1k:<\/h3>\n<p>\u00cdme n\u00e9h\u00e1ny gyakori probl\u00e9ma, amely a kan\u00e1lhengerekkel kapcsolatban felmer\u00fclhet:<\/p>\n<ul>\n<li>Sziv\u00e1rg\u00e1s: Ellen\u0151rizze a s\u00e9r\u00fclt t\u00f6m\u00edt\u00e9seket vagy csatlakoz\u00e1sokat, \u00e9s sz\u00fcks\u00e9g eset\u00e9n cser\u00e9lje ki azokat.<\/li>\n<li>Lass\u00fa m\u0171k\u00f6d\u00e9s: Ellen\u0151rizze a hidraulikus rendszert elt\u00f6m\u0151d\u00e9sek vagy alacsony folyad\u00e9kszintek szempontj\u00e1b\u00f3l, \u00e9s ennek megfelel\u0151en kezelje a probl\u00e9m\u00e1t.<\/li>\n<li>T\u00falzott rezg\u00e9s: Ellen\u0151rizze a kan\u00e1lhenger r\u00f6gz\u00edt\u00e9s\u00e9t \u00e9s be\u00e1ll\u00edt\u00e1s\u00e1t, \u00fcgyelve a megfelel\u0151 telep\u00edt\u00e9sre \u00e9s be\u00e1ll\u00edt\u00e1sra.<\/li>\n<\/ul>\n<p><img decoding=\"async\" src=\"https:\/\/www.hydraulic-cylinders.net\/wp-content\/uploads\/2025\/01\/songte-bushings-with-all-kinds-of-excavator-models.webp\" alt=\"Hibaelh\u00e1r\u00edt\u00e1si k\u00e9p\"><\/p>\n<p>A rendszeres karbantart\u00e1si feladatok, mint p\u00e9ld\u00e1ul az ellen\u0151rz\u00e9sek, a megfelel\u0151 ken\u00e9s, a t\u00f6m\u00edt\u00e9sek cser\u00e9je \u00e9s a kalibr\u00e1l\u00e1si ellen\u0151rz\u00e9sek elengedhetetlenek a serleghengerek hossz\u00fa \u00e9lettartam\u00e1hoz \u00e9s megb\u00edzhat\u00f3 teljes\u00edtm\u00e9ny\u00e9hez. A helyes beszerel\u00e9s, ken\u00e9s \u00e9s be\u00e1ll\u00edt\u00e1s kulcsfontoss\u00e1g\u00fa, \u00e9s a beszerel\u00e9si folyamat sor\u00e1n megfelel\u0151 be\u00e1ll\u00edt\u00e1si \u00fatmutat\u00e1st kell biztos\u00edtani. A henger r\u00f6gz\u00edt\u00e9s\u00e9hez aj\u00e1nlott megfelel\u0151 r\u00f6gz\u00edt\u0151konzolok haszn\u00e1lata. K\u00f6vetni kell az aj\u00e1nlott ellen\u0151rz\u00e9si, jav\u00edt\u00e1si \u00e9s csere elj\u00e1r\u00e1sokat, valamint a serleghenger \u00e9lettartam\u00e1nak n\u00f6vel\u00e9s\u00e9re vonatkoz\u00f3 tippeket.<\/p>\n<p>Ne felejtsd el logikusan fel\u00e9p\u00edteni a cikket, haszn\u00e1lj alc\u00edmeket a k\u00f6nny\u0171 navig\u00e1ci\u00f3 \u00e9rdek\u00e9ben, \u00e9p\u00edts be relev\u00e1ns k\u00e9peket vagy diagramokat a jobb meg\u00e9rt\u00e9s \u00e9rdek\u00e9ben, \u00e9s \u00fcgyelj arra, hogy a tartalom vil\u00e1gos, t\u00f6m\u00f6r \u00e9s k\u00fcl\u00f6nb\u00f6z\u0151 szint\u0171 technikai tud\u00e1ssal rendelkez\u0151 olvas\u00f3k sz\u00e1m\u00e1ra is megfelel\u0151 legyen.<\/p>\n<p><img decoding=\"async\" src=\"https:\/\/hzpt.com\/wp-content\/uploads\/2024\/11\/songte-company-1.webp\" alt=\"C\u00e9ges im\u00e1zs\"><\/p>\n<h2>C\u00e9g\u00fcnkr\u0151l<\/h2>\n<p>Cserehidraulikus hengerek gy\u00e1rt\u00f3ja vagyunk, sz\u00e9les term\u00e9kv\u00e1laszt\u00e9kot k\u00edn\u00e1lva. A hidraulikus hengerek egyik vezet\u0151 gy\u00e1rt\u00f3j\u00e1v\u00e1 \u00e9s nagykereskedelmi forgalmaz\u00f3j\u00e1v\u00e1 v\u00e1ltunk mind a hazai, mind a nemzetk\u00f6zi piacokon. A kiv\u00e1l\u00f3s\u00e1g elveit k\u00f6vetj\u00fck, \u00e9s finomhangolt gy\u00e1rt\u00f3m\u0171helyeinkben ipari termel\u00e9sir\u00e1ny\u00edt\u00e1si strat\u00e9gi\u00e1kra t\u00e1maszkodunk. C\u00e9g\u00fcnk folyamatosan fejleszti gy\u00e1rt\u00e1si platformj\u00e1t, term\u00e9kmin\u0151s\u00e9gi gy\u00e1rt\u00e1si \u00fatvonalait, \u00e9s er\u0151s kreat\u00edv k\u00e9pess\u00e9gekkel rendelkezik. Arra t\u00f6reksz\u00fcnk, hogy nagy hat\u00e9konys\u00e1ggal, pontoss\u00e1ggal \u00e9s min\u0151s\u00e9gben el\u00e9g\u00edts\u00fck ki a soksz\u00edn\u0171 \u00fcgyf\u00e9lig\u00e9nyeket.<\/p>\n<p><img decoding=\"async\" src=\"https:\/\/www.hydraulic-cylinders.net\/wp-content\/uploads\/2025\/01\/songte-company-3.webp\" alt=\"C\u00e9ges im\u00e1zs\"><\/p>\n<h3>C\u00e9g\u00fcnk a k\u00f6vetkez\u0151kr\u0151l ismert:<\/h3>\n<ul>\n<li>Szak\u00e9rtelem \u00e9s profizmus.<\/li>\n<li>Nemzetk\u00f6zi min\u0151s\u00edt\u00e9sek.<\/li>\n<li>Testreszab\u00e1si szolg\u00e1ltat\u00e1sok.<\/li>\n<li>Pr\u00e9mium gy\u00e1rt\u00f3berendez\u00e9sek.<\/li>\n<li>\u00c9rt\u00e9kes\u00edt\u00e9s ut\u00e1ni szolg\u00e1ltat\u00e1sok.<\/li>\n<\/ul>\n<p>Szerz\u0151: lyl<\/p>","protected":false},"excerpt":{"rendered":"<p>Bucket Cylinder For JCM Large Excavator MC3861C-8 Introduction: The bucket cylinder is a specially designed hydraulic cylinder used to control the movement of the bucket in heavy machinery such as excavators, backhoe loaders, and front loaders. Its main function is to enable the lifting, lowering, and tilting of the bucket, making it easier to handle [&hellip;]<\/p>","protected":false},"featured_media":14784,"comment_status":"open","ping_status":"closed","template":"","meta":{"_et_pb_use_builder":"","_et_pb_old_content":"","_et_gb_content_width":""},"product_brand":[],"product_cat":[1494],"product_tag":[1495,1496],"class_list":{"0":"post-15676","1":"product","2":"type-product","3":"status-publish","4":"has-post-thumbnail","6":"product_cat-bucket-cylinders","7":"product_tag-bucket-cylinders","8":"product_tag-hydraulic-cylinders","10":"first","11":"instock","12":"shipping-taxable","13":"product-type-simple"},"amp_enabled":true,"_links":{"self":[{"href":"https:\/\/www.hydraulic-cylinders.net\/hu\/wp-json\/wp\/v2\/product\/15676","targetHints":{"allow":["GET"]}}],"collection":[{"href":"https:\/\/www.hydraulic-cylinders.net\/hu\/wp-json\/wp\/v2\/product"}],"about":[{"href":"https:\/\/www.hydraulic-cylinders.net\/hu\/wp-json\/wp\/v2\/types\/product"}],"replies":[{"embeddable":true,"href":"https:\/\/www.hydraulic-cylinders.net\/hu\/wp-json\/wp\/v2\/comments?post=15676"}],"wp:featuredmedia":[{"embeddable":true,"href":"https:\/\/www.hydraulic-cylinders.net\/hu\/wp-json\/wp\/v2\/media\/14784"}],"wp:attachment":[{"href":"https:\/\/www.hydraulic-cylinders.net\/hu\/wp-json\/wp\/v2\/media?parent=15676"}],"wp:term":[{"taxonomy":"product_brand","embeddable":true,"href":"https:\/\/www.hydraulic-cylinders.net\/hu\/wp-json\/wp\/v2\/product_brand?post=15676"},{"taxonomy":"product_cat","embeddable":true,"href":"https:\/\/www.hydraulic-cylinders.net\/hu\/wp-json\/wp\/v2\/product_cat?post=15676"},{"taxonomy":"product_tag","embeddable":true,"href":"https:\/\/www.hydraulic-cylinders.net\/hu\/wp-json\/wp\/v2\/product_tag?post=15676"}],"curies":[{"name":"munkaf\u00fczet","href":"https:\/\/api.w.org\/{rel}","templated":true}]}}