{"id":15690,"date":"2025-01-19T14:50:55","date_gmt":"2025-01-19T14:50:55","guid":{"rendered":"https:\/\/www.hydraulic-cylinders.net\/product\/bucket-cylinder-for-bobcat-small-excavator-e324\/"},"modified":"2025-01-19T14:50:57","modified_gmt":"2025-01-19T14:50:57","slug":"bucket-cylinder-for-bobcat-small-excavator-e324","status":"publish","type":"product","link":"https:\/\/www.hydraulic-cylinders.net\/hu\/termek\/bucket-cylinder-for-bobcat-small-excavator-e324\/","title":{"rendered":"Kan\u00e1lhenger Bobcat kis kotr\u00f3g\u00e9phez E324"},"content":{"rendered":"<h2>Kan\u00e1lhenger Bobcat kis kotr\u00f3g\u00e9phez E324<\/h2>\n<p>\n    <img decoding=\"async\" src=\"https:\/\/www.hydraulic-cylinders.net\/wp-content\/uploads\/2025\/01\/songte-company-2.webp\" alt=\"V\u00f6d\u00f6rhenger\" \/>\n<\/p>\n<h3>Term\u00e9kdefin\u00edci\u00f3 \u00e9s magyar\u00e1zat<\/h3>\n<p>\n    A kan\u00e1lhenger egy speci\u00e1lisan tervezett hidraulikus henger, amelyet els\u0151sorban a kan\u00e1l mozg\u00e1s\u00e1nak vez\u00e9rl\u00e9s\u00e9re haszn\u00e1lnak neh\u00e9zg\u00e9pekben, p\u00e9ld\u00e1ul kotr\u00f3g\u00e9pekben, kotr\u00f3rakod\u00f3kban \u00e9s homlokrakod\u00f3kban. F\u0151 funkci\u00f3ja a kan\u00e1l emel\u00e9s\u00e9nek, s\u00fcllyeszt\u00e9s\u00e9nek \u00e9s billent\u00e9s\u00e9nek lehet\u0151v\u00e9 t\u00e9tele, megk\u00f6nny\u00edtve a k\u00fcl\u00f6nf\u00e9le anyagmozgat\u00e1si feladatokat. Egy hidraulikus rendszerben a kan\u00e1lhenger a hidraulikaolaj nyom\u00e1s\u00e1nak v\u00e1ltoz\u00e1saival \u00e9ri el a kan\u00e1l pontos vez\u00e9rl\u00e9s\u00e9t, lehet\u0151v\u00e9 t\u00e9ve a kezel\u0151k sz\u00e1m\u00e1ra, hogy hat\u00e9konyan kezelj\u00e9k a neh\u00e9z terheket, \u00e9s alkalmazkodjanak az \u00f6sszetett munkak\u00f6rnyezetekhez \u00e9s a v\u00e1ltozatos m\u0171k\u00f6d\u00e9si k\u00f6vetelm\u00e9nyekhez.\n<\/p>\n<p>\n    <img decoding=\"async\" src=\"https:\/\/www.hydraulic-cylinders.net\/wp-content\/uploads\/2025\/01\/songte-cylinder-head-with-all-kinds-excavator-models.webp\" alt=\"Kan\u00e1lhenger modellek\" \/>\n<\/p>\n<h3>Term\u00e9kjellemz\u0151k<\/h3>\n<ul>\n<li><strong>Nagy szil\u00e1rds\u00e1g \u00e9s tart\u00f3ss\u00e1g:<\/strong> A jellemz\u0151en nagy szil\u00e1rds\u00e1g\u00fa ac\u00e9lb\u00f3l vagy alum\u00edniumb\u00f3l k\u00e9sz\u00fclt kan\u00e1lhenger nagy nyom\u00e1st \u00e9s nagy terhel\u00e9st k\u00e9pes ellen\u00e1llni, alkalmazkodva a zord munkak\u00f6r\u00fclm\u00e9nyekhez. Tervez\u00e9se sor\u00e1n figyelembe vett\u00e9k a kop\u00e1s\u00e1ll\u00f3s\u00e1got \u00e9s a korr\u00f3zi\u00f3\u00e1ll\u00f3s\u00e1got, meghosszabb\u00edtva \u00e9lettartam\u00e1t.<\/li>\n<li><strong>Hat\u00e9kony hidraulikus m\u0171k\u00f6dtet\u00e9s:<\/strong> A hidraulikaolaj-nyom\u00e1s kihaszn\u00e1l\u00e1s\u00e1val a kan\u00e1lhenger sima kitol\u00e1si \u00e9s visszah\u00faz\u00e1si mozg\u00e1sokat \u00e9r el, lehet\u0151v\u00e9 t\u00e9ve a gyors reag\u00e1l\u00e1st a vez\u00e9rl\u0151parancsokra, \u00e9s er\u0151teljes tol\u00f3- \u00e9s h\u00faz\u00f3er\u0151t biztos\u00edtva, amely alkalmas neh\u00e9z terhek \u00e9s \u00f6sszetett \u00fczemeltet\u00e9si feladatok kezel\u00e9s\u00e9re.<\/li>\n<li><strong>K\u00fcl\u00f6nb\u00f6z\u0151 t\u00edpusok:<\/strong> A kan\u00e1lhenger v\u00e1laszthat\u00f3 egyszeres m\u0171k\u00f6d\u00e9s\u0171 (a hidraulikus nyom\u00e1s csak az egyik ir\u00e1nyban m\u0171k\u00f6dik) vagy kett\u0151s m\u0171k\u00f6d\u00e9s\u0171 (a hidraulikus nyom\u00e1s mindk\u00e9t ir\u00e1nyban m\u0171k\u00f6dik) hengerk\u00e9nt az adott m\u0171k\u00f6d\u00e9si k\u00f6vetelm\u00e9nyek alapj\u00e1n. Egyes modellek teleszk\u00f3posak, \u00edgy nagyobb kiny\u00fal\u00e1st tesznek lehet\u0151v\u00e9 a k\u00fcls\u0151 m\u00e9retek n\u00f6vel\u00e9se n\u00e9lk\u00fcl, \u00edgy alkalmasak korl\u00e1tozott helyig\u00e9ny\u0171 alkalmaz\u00e1sokhoz.<\/li>\n<li><strong>T\u00f6k\u00e9letes csere:<\/strong> Term\u00e9keink t\u00f6k\u00e9letesen helyettes\u00edthetik a megl\u00e9v\u0151 hidraulikus hengereket, megb\u00edzhat\u00f3 alternat\u00edv\u00e1t k\u00edn\u00e1lva k\u00fcl\u00f6nf\u00e9le alkalmaz\u00e1sokhoz.<\/li>\n<\/ul>\n<h3>Alkalmaz\u00e1si forgat\u00f3k\u00f6nyvek<\/h3>\n<p>\n    <strong>\u00c9p\u00edt\u0151ipari berendez\u00e9sek:<\/strong> A kan\u00e1lhengerek kotr\u00f3g\u00e9pekben tal\u00e1lhat\u00f3k, ahol elengedhetetlenek a f\u00f6ldmunk\u00e1khoz, rakod\u00e1shoz \u00e9s a talaj vagy t\u00f6rmel\u00e9k mozgat\u00e1s\u00e1hoz. A kotr\u00f3g\u00e9p-rakod\u00f3kban a kan\u00e1lhenger mind az \u00e1s\u00e1st, mind az emel\u00e9st seg\u00edti.\n<\/p>\n<p>\n    <strong>Mez\u0151gazdas\u00e1gi g\u00e9pek:<\/strong> A kan\u00e1lhengereket homlokrakod\u00f3kban haszn\u00e1lj\u00e1k talaj, sz\u00e9na \u00e9s egy\u00e9b anyagok mer\u00e9s\u00e9re, emel\u00e9s\u00e9re \u00e9s sz\u00e1ll\u00edt\u00e1s\u00e1ra.\n<\/p>\n<p>\n    <strong>Kotr\u00f3g\u00e9pek:<\/strong> A kan\u00e1lhengerek megk\u00f6nny\u00edtik az \u00e1s\u00e1si m\u0171veleteket az\u00e1ltal, hogy lehet\u0151v\u00e9 teszik a kan\u00e1l sz\u00e1m\u00e1ra, hogy behatoljon a talajba.\n<\/p>\n<p>\n    <strong>Rakod\u00f3g\u00e9pek:<\/strong> A homlokrakod\u00f3kban a kan\u00e1lhengerek hat\u00e9konyan seg\u00edtik az \u00e1ruk emel\u00e9s\u00e9t \u00e9s billent\u00e9s\u00e9t.\n<\/p>\n<h3>Tervez\u00e9si szempontok \u00e9s kiv\u00e1laszt\u00e1si krit\u00e9riumok<\/h3>\n<p>\n    A tervez\u00e9si szempontokat tekintve sz\u00e1mos kulcsfontoss\u00e1g\u00fa t\u00e9nyez\u0151 j\u00e1tszik d\u00f6nt\u0151 szerepet a megfelel\u0151 kan\u00e1lhenger kiv\u00e1laszt\u00e1s\u00e1ban:\n<\/p>\n<ul>\n<li><strong>Teherb\u00edr\u00e1s:<\/strong> A hengernek k\u00e9pesnek kell lennie ellen\u00e1llni a m\u0171k\u00f6d\u00e9s k\u00f6zben fell\u00e9p\u0151 maxim\u00e1lis terhel\u00e9snek.<\/li>\n<li><strong>T\u00f6m\u00edt\u00e9s:<\/strong> Megfelel\u0151 t\u00f6m\u00edt\u00e9seket, p\u00e9ld\u00e1ul dugatty\u00fa- \u00e9s r\u00fadt\u00f6m\u00edt\u00e9seket kell haszn\u00e1lni, amelyek kop\u00e1s\u00e1ll\u00f3 anyagokb\u00f3l, p\u00e9ld\u00e1ul poliuret\u00e1nb\u00f3l \u00e9s nitrilgumib\u00f3l k\u00e9sz\u00fclnek. A hengertestet \u00e9s a menetes v\u00e9geket prec\u00edz megmunk\u00e1l\u00e1snak kell al\u00e1vetni a kop\u00e1s\u00e1ll\u00f3s\u00e1g fokoz\u00e1sa \u00e9rdek\u00e9ben.<\/li>\n<li><strong>Tart\u00f3ss\u00e1g:<\/strong> A kan\u00e1lhengert \u00fagy kell megtervezni, hogy ellen\u00e1lljon a tervezett munkak\u00f6rnyezetnek \u00e9s az esetleges k\u00fcls\u0151 hat\u00e1soknak.<\/li>\n<li><strong>Biztons\u00e1g:<\/strong> A biztons\u00e1gos m\u0171k\u00f6d\u00e9s biztos\u00edt\u00e1sa \u00e9rdek\u00e9ben a tervez\u00e9sbe be kell \u00e9p\u00edteni olyan biztons\u00e1gi elemeket, mint a nyom\u00e1scs\u00f6kkent\u0151 szelepek \u00e9s a visszacsap\u00f3 szelepek.<\/li>\n<li><strong>Karbantarthat\u00f3s\u00e1g:<\/strong> Gondoskodni kell a karbantart\u00e1s \u00e9s jav\u00edt\u00e1s c\u00e9lj\u00e1b\u00f3l t\u00f6rt\u00e9n\u0151 k\u00f6nny\u0171 hozz\u00e1f\u00e9r\u00e9sr\u0151l, lehet\u0151v\u00e9 t\u00e9ve a henger hat\u00e9kony szervizel\u00e9s\u00e9t.<\/li>\n<\/ul>\n<p>\n    <img decoding=\"async\" src=\"https:\/\/www.hydraulic-cylinders.net\/wp-content\/uploads\/2025\/01\/songte-oil-pipes-and-spare-parts.webp\" alt=\"Hidraulikus henger alkatr\u00e9szek\" \/>\n<\/p>\n<h3>T\u00f6m\u00edt\u00e9s \u00e9s ken\u00e9s<\/h3>\n<p>\n    A kan\u00e1lhenger k\u00fcl\u00f6nf\u00e9le t\u00f6m\u00edt\u0151elemeket haszn\u00e1l, p\u00e9ld\u00e1ul dugatty\u00fat\u00f6m\u00edt\u00e9seket \u00e9s r\u00fadt\u00f6m\u00edt\u00e9seket, amelyek kop\u00e1s\u00e1ll\u00f3 anyagokb\u00f3l, p\u00e9ld\u00e1ul poliuret\u00e1nb\u00f3l \u00e9s nitrilgumib\u00f3l k\u00e9sz\u00fclnek. A hengertest \u00e9s a menetes v\u00e9gek apr\u00f3l\u00e9kos fel\u00fcletkezel\u00e9sen esnek \u00e1t a kop\u00e1s\u00e1ll\u00f3s\u00e1g fokoz\u00e1sa \u00e9rdek\u00e9ben. A rendszeres ken\u00e9s elengedhetetlen, \u00e9s a hengerbe id\u0151szakosan megfelel\u0151 mennyis\u00e9g\u0171 hidraulikaolajat kell ut\u00e1naadni a megfelel\u0151 ken\u00e9s biztos\u00edt\u00e1sa \u00e9rdek\u00e9ben.\n<\/p>\n<h3>Rendszeres ellen\u0151rz\u00e9s \u00e9s megel\u0151z\u0151 karbantart\u00e1s<\/h3>\n<p>\n    A kan\u00e1lhenger optim\u00e1lis teljes\u00edtm\u00e9ny\u00e9nek \u00e9s hossz\u00fa \u00e9lettartam\u00e1nak biztos\u00edt\u00e1sa \u00e9rdek\u00e9ben rendszeres ellen\u0151rz\u00e9st \u00e9s megel\u0151z\u0151 karbantart\u00e1st kell v\u00e9gezni. A k\u00f6vetkez\u0151 int\u00e9zked\u00e9sek aj\u00e1nlottak:\n<\/p>\n<ul>\n<li>Rendszeresen v\u00e9gezzen ellen\u0151rz\u00e9seket a kop\u00e1s, sziv\u00e1rg\u00e1s vagy s\u00e9r\u00fcl\u00e9s jelei ut\u00e1n kutatva.<\/li>\n<li>Minden mozg\u00f3 alkatr\u00e9szt megfelel\u0151en kenjen meg a gy\u00e1rt\u00f3 aj\u00e1nl\u00e1sainak megfelel\u0151en.<\/li>\n<li>A t\u00f6m\u00edt\u00e9sek \u00e9s t\u00f6m\u00edt\u0151gy\u0171r\u0171k sz\u00fcks\u00e9g szerint cser\u00e9lhet\u0151k a megfelel\u0151 t\u00f6m\u00edt\u00e9s fenntart\u00e1sa \u00e9s a sziv\u00e1rg\u00e1s megel\u0151z\u00e9se \u00e9rdek\u00e9ben.<\/li>\n<li>A pontos m\u0171k\u00f6d\u00e9s biztos\u00edt\u00e1sa \u00e9rdek\u00e9ben rendszeres id\u0151k\u00f6z\u00f6nk\u00e9nt kalibr\u00e1ci\u00f3s ellen\u0151rz\u00e9seket v\u00e9gezzen.<\/li>\n<\/ul>\n<p>\n    <img decoding=\"async\" src=\"https:\/\/www.hydraulic-cylinders.net\/wp-content\/uploads\/2025\/01\/songte-chushion-collar.webp\" alt=\"Hidraulikus henger karbantart\u00e1sa\" \/>\n<\/p>\n<h3>Biztons\u00e1gi szempontok \u00e9s k\u00f6rnyezeti t\u00e9nyez\u0151k<\/h3>\n<p>\n    A v\u00f6dr\u00f6s henger haszn\u00e1latakor elengedhetetlen a biztons\u00e1gi \u00f3vint\u00e9zked\u00e9sek priorit\u00e1sk\u00e9nt val\u00f3 kezel\u00e9se. Megfelel\u0151 biztons\u00e1gi int\u00e9zked\u00e9seket kell k\u00f6vetni a balesetek, s\u00e9r\u00fcl\u00e9sek vagy a berendez\u00e9sek k\u00e1rosod\u00e1s\u00e1nak megel\u0151z\u00e9se \u00e9rdek\u00e9ben. A k\u00f6rnyezeti t\u00e9nyez\u0151ket, p\u00e9ld\u00e1ul a h\u0151m\u00e9rs\u00e9kletet \u00e9s a p\u00e1ratartalmat is figyelembe kell venni a henger optim\u00e1lis teljes\u00edtm\u00e9ny\u00e9nek biztos\u00edt\u00e1sa \u00e9rdek\u00e9ben.\n<\/p>\n<h3>Hibadiagn\u00f3zis \u00e9s gyakori probl\u00e9m\u00e1k<\/h3>\n<p>\n    A hib\u00e1k diagnosztiz\u00e1l\u00e1sa \u00e9s a hibaelh\u00e1r\u00edt\u00e1s kulcsfontoss\u00e1g\u00fa a kan\u00e1lhengerrel felmer\u00fcl\u0151 gyakori probl\u00e9m\u00e1k azonos\u00edt\u00e1s\u00e1hoz \u00e9s megold\u00e1s\u00e1hoz. A k\u00f6vetkez\u0151 tippek \u00e9s megold\u00e1sok seg\u00edthetnek az olvas\u00f3knak a probl\u00e9m\u00e1k hat\u00e9kony diagnosztiz\u00e1l\u00e1s\u00e1ban \u00e9s megold\u00e1s\u00e1ban, valamint megel\u0151z\u0151 int\u00e9zked\u00e9seket k\u00edn\u00e1lhatnak a lehets\u00e9ges probl\u00e9m\u00e1k minimaliz\u00e1l\u00e1sa \u00e9rdek\u00e9ben.\n<\/p>\n<p>\n    <img decoding=\"async\" src=\"https:\/\/www.hydraulic-cylinders.net\/wp-content\/uploads\/2025\/01\/songte-bushings-with-all-kinds-of-excavator-models.webp\" alt=\"Hidraulikus henger perselyek\" \/>\n<\/p>\n<h3>K\u00f6vetkeztet\u00e9s<\/h3>\n<p>\n    \u00d6sszefoglalva, c\u00e9g\u00fcnk a hidraulikus hengerek vezet\u0151 gy\u00e1rt\u00f3ja \u00e9s nagykereskedelmi forgalmaz\u00f3ja a hazai \u00e9s a nemzetk\u00f6zi piacon. \u00c1tfog\u00f3 term\u00e9kk\u00edn\u00e1latot k\u00edn\u00e1lunk, \u00e9s a kiv\u00e1l\u00f3 min\u0151s\u00e9g, a hat\u00e9kony gy\u00e1rt\u00e1si folyamatok \u00e9s a kiemelked\u0151 \u00fcgyf\u00e9lszolg\u00e1lat alapelveit k\u00f6vetj\u00fck. C\u00e9g\u00fcnk elk\u00f6telezett amellett, hogy nagy hat\u00e9konys\u00e1ggal, pontoss\u00e1ggal \u00e9s min\u0151s\u00e9ggel el\u00e9g\u00edtse ki \u00fcgyfeleink sokr\u00e9t\u0171 ig\u00e9nyeit.\n<\/p>\n<p>\n    <img decoding=\"async\" src=\"https:\/\/www.hydraulic-cylinders.net\/wp-content\/uploads\/2025\/01\/songte-company-3.webp\" alt=\"C\u00e9ginform\u00e1ci\u00f3\" \/>\n<\/p>\n<h3>C\u00e9ginform\u00e1ci\u00f3<\/h3>\n<p>\n    C\u00e9g\u00fcnk kiv\u00e1l\u00f3 min\u0151s\u00e9g\u0171 p\u00f3talkatr\u00e9sz hidraulikus hengerek gy\u00e1rt\u00e1s\u00e1r\u00f3l ismert. Vezet\u0151 gy\u00e1rt\u00f3 \u00e9s nagykereskedelmi forgalmaz\u00f3 vagyunk a hazai \u00e9s a nemzetk\u00f6zi piacokon. A kiv\u00e1l\u00f3 min\u0151s\u00e9gre \u00f6sszpontos\u00edtva, v\u00e1llalatunk iparos\u00edtott termel\u00e9sir\u00e1ny\u00edt\u00e1si strat\u00e9gi\u00e1kat val\u00f3s\u00edt meg korszer\u0171 gy\u00e1rt\u00f3m\u0171hely\u00fcnkben. Tehets\u00e9ges szakemberek, fejlett digit\u00e1lis gy\u00e1rt\u00f3berendez\u00e9sek \u00e9s professzion\u00e1lis tesztel\u0151rendszerek alkalmaz\u00e1s\u00e1val folyamatosan fejlesztj\u00fck gy\u00e1rt\u00e1si platformunkat \u00e9s term\u00e9kmin\u0151s\u00e9gi gy\u00e1rt\u00f3sorainkat. C\u00e9g\u00fcnk er\u0151s kreat\u00edv k\u00e9pess\u00e9gekkel rendelkezik, amelyek biztos\u00edtj\u00e1k a magas hat\u00e9konys\u00e1got, a pontoss\u00e1got \u00e9s a min\u0151s\u00e9get, hogy megfeleljen a soksz\u00edn\u0171 \u00fcgyf\u00e9lig\u00e9nyeknek.\n<\/p>\n<p>\n    A professzionalizmust\u00f3l, a nemzetk\u00f6zi tan\u00fas\u00edtv\u00e1nyokon, az egyedi szolg\u00e1ltat\u00e1sokon, a gy\u00e1rt\u00f3berendez\u00e9seken \u00e1t az \u00e9rt\u00e9kes\u00edt\u00e9s ut\u00e1ni szolg\u00e1ltat\u00e1sokig, \u00e1tfog\u00f3 megold\u00e1sok ny\u00fajt\u00e1s\u00e1ra t\u00f6reksz\u00fcnk.\n<\/p>\n<p>\n    <img decoding=\"async\" src=\"https:\/\/hzpt.com\/wp-content\/uploads\/2024\/11\/songte-company-1.webp\" alt=\"C\u00e9ges im\u00e1zs\" \/>\n<\/p>\n<p>\n    <em>Szerz\u0151: lyl<\/em><\/p>","protected":false},"excerpt":{"rendered":"<p>Bucket Cylinder For Bobcat Small Excavator E324 Product Definition and Explanation The bucket cylinder is a specially designed hydraulic cylinder primarily used for controlling the movement of the bucket in heavy machinery such as excavators, backhoe loaders, and front loaders. Its main function is to enable the lifting, lowering, and tilting of the bucket, facilitating [&hellip;]<\/p>","protected":false},"featured_media":14785,"comment_status":"open","ping_status":"closed","template":"","meta":{"_et_pb_use_builder":"","_et_pb_old_content":"","_et_gb_content_width":""},"product_brand":[],"product_cat":[1494],"product_tag":[1495,1496],"class_list":{"0":"post-15690","1":"product","2":"type-product","3":"status-publish","4":"has-post-thumbnail","6":"product_cat-bucket-cylinders","7":"product_tag-bucket-cylinders","8":"product_tag-hydraulic-cylinders","10":"first","11":"instock","12":"shipping-taxable","13":"product-type-simple"},"amp_enabled":true,"_links":{"self":[{"href":"https:\/\/www.hydraulic-cylinders.net\/hu\/wp-json\/wp\/v2\/product\/15690","targetHints":{"allow":["GET"]}}],"collection":[{"href":"https:\/\/www.hydraulic-cylinders.net\/hu\/wp-json\/wp\/v2\/product"}],"about":[{"href":"https:\/\/www.hydraulic-cylinders.net\/hu\/wp-json\/wp\/v2\/types\/product"}],"replies":[{"embeddable":true,"href":"https:\/\/www.hydraulic-cylinders.net\/hu\/wp-json\/wp\/v2\/comments?post=15690"}],"wp:featuredmedia":[{"embeddable":true,"href":"https:\/\/www.hydraulic-cylinders.net\/hu\/wp-json\/wp\/v2\/media\/14785"}],"wp:attachment":[{"href":"https:\/\/www.hydraulic-cylinders.net\/hu\/wp-json\/wp\/v2\/media?parent=15690"}],"wp:term":[{"taxonomy":"product_brand","embeddable":true,"href":"https:\/\/www.hydraulic-cylinders.net\/hu\/wp-json\/wp\/v2\/product_brand?post=15690"},{"taxonomy":"product_cat","embeddable":true,"href":"https:\/\/www.hydraulic-cylinders.net\/hu\/wp-json\/wp\/v2\/product_cat?post=15690"},{"taxonomy":"product_tag","embeddable":true,"href":"https:\/\/www.hydraulic-cylinders.net\/hu\/wp-json\/wp\/v2\/product_tag?post=15690"}],"curies":[{"name":"munkaf\u00fczet","href":"https:\/\/api.w.org\/{rel}","templated":true}]}}