{"id":15692,"date":"2025-01-19T14:51:05","date_gmt":"2025-01-19T14:51:05","guid":{"rendered":"https:\/\/www.hydraulic-cylinders.net\/product\/bucket-cylinder-for-bobcat-small-excavator-e35i\/"},"modified":"2025-01-19T14:51:08","modified_gmt":"2025-01-19T14:51:08","slug":"bucket-cylinder-for-bobcat-small-excavator-e35i","status":"publish","type":"product","link":"https:\/\/www.hydraulic-cylinders.net\/hu\/termek\/bucket-cylinder-for-bobcat-small-excavator-e35i\/","title":{"rendered":"Kan\u00e1lhenger Bobcat E35i kis kotr\u00f3g\u00e9phez"},"content":{"rendered":"<h1>Kan\u00e1lhenger Bobcat E35i kis kotr\u00f3g\u00e9phez<\/h1>\n<h2>Bevezet\u00e9s<\/h2>\n<p>A Bobcat E35i kis kotr\u00f3g\u00e9p kan\u00e1lhengere egy speci\u00e1lis hidraulikus henger, amelyet f\u0151k\u00e9nt neh\u00e9zg\u00e9pek, p\u00e9ld\u00e1ul kotr\u00f3g\u00e9pek, kotr\u00f3rakod\u00f3k \u00e9s homlokrakod\u00f3k kan\u00e1lmozg\u00e1s\u00e1nak vez\u00e9rl\u00e9s\u00e9re haszn\u00e1lnak. Els\u0151dleges funkci\u00f3ja a kan\u00e1l emel\u00e9se, s\u00fcllyeszt\u00e9se \u00e9s billent\u00e9se, megk\u00f6nny\u00edtve a k\u00fcl\u00f6nf\u00e9le anyagmozgat\u00e1si feladatok elv\u00e9gz\u00e9s\u00e9t. A hidraulikus rendszerben a kan\u00e1lhenger a hidraulikaolaj nyom\u00e1s\u00e1nak v\u00e1ltoztat\u00e1s\u00e1val prec\u00edzen szab\u00e1lyozza a kan\u00e1l mozg\u00e1s\u00e1t, lehet\u0151v\u00e9 t\u00e9ve a kezel\u0151k sz\u00e1m\u00e1ra a neh\u00e9z terhek hat\u00e9kony kezel\u00e9s\u00e9t, valamint az \u00f6sszetett munkak\u00f6rnyezetekhez \u00e9s a v\u00e1ltozatos m\u0171k\u00f6d\u00e9si ig\u00e9nyekhez val\u00f3 alkalmazkod\u00e1st.<\/p>\n<p><img decoding=\"async\" src=\"https:\/\/www.hydraulic-cylinders.net\/wp-content\/uploads\/2025\/01\/songte-company-2.webp\" alt=\"Kan\u00e1lhenger Bobcat E35i kis kotr\u00f3g\u00e9phez\"><\/p>\n<h2>Jellemz\u0151k<\/h2>\n<ul>\n<li>Nagy szil\u00e1rds\u00e1g \u00e9s tart\u00f3ss\u00e1g: \u00c1ltal\u00e1ban nagy szil\u00e1rds\u00e1g\u00fa ac\u00e9lb\u00f3l vagy alum\u00edniumb\u00f3l k\u00e9sz\u00fcl, k\u00e9pes ellen\u00e1llni a nagy nyom\u00e1snak \u00e9s a nagy terhel\u00e9seknek, alkalmas zord munkak\u00f6rnyezetre, kop\u00e1s\u00e1ll\u00f3s\u00e1got \u00e9s korr\u00f3zi\u00f3\u00e1ll\u00f3s\u00e1got szem el\u0151tt tartva tervezt\u00e9k, meghosszabb\u00edtva \u00e9lettartam\u00e1t.<\/li>\n<li>Hat\u00e9kony hidraulikus m\u0171k\u00f6d\u00e9s: A hidraulikaolaj nyom\u00e1sa sima kiny\u00fal\u00e1si \u00e9s \u00f6sszeh\u00faz\u00e1si mozg\u00e1sokat biztos\u00edt, gyorsan reag\u00e1l a vez\u00e9rl\u0151parancsokra, er\u0151teljes tol\u00f3- \u00e9s h\u00faz\u00f3er\u0151t biztos\u00edt, \u00e9s alkalmas neh\u00e9z terhek \u00e9s \u00f6sszetett \u00fczemeltet\u00e9si feladatok kezel\u00e9s\u00e9re.<\/li>\n<li>T\u00edpusv\u00e1laszt\u00e9k: Az egyszeres m\u0171k\u00f6d\u00e9s\u0171 (csak egy ir\u00e1nyban hidraulikusan m\u0171k\u00f6dtetett) vagy kett\u0151s m\u0171k\u00f6d\u00e9s\u0171 (mindk\u00e9t ir\u00e1nyban hidraulikusan m\u0171k\u00f6dtetett) hengerek az ig\u00e9nyeknek megfelel\u0151en v\u00e1laszthat\u00f3k ki a k\u00fcl\u00f6nb\u00f6z\u0151 m\u0171k\u00f6d\u00e9si k\u00f6vetelm\u00e9nyeknek val\u00f3 megfelel\u00e9s \u00e9rdek\u00e9ben. Egyes modellek teleszk\u00f3posak, \u00edgy nagyobb kiny\u00fal\u00e1st tesznek lehet\u0151v\u00e9 a k\u00fcls\u0151 m\u00e9retek n\u00f6vel\u00e9se n\u00e9lk\u00fcl, \u00edgy alkalmasak korl\u00e1tozott helyig\u00e9ny\u0171 alkalmaz\u00e1sokhoz.<\/li>\n<li>K\u00f6nny\u0171 karbantart\u00e1s \u00e9s jav\u00edt\u00e1s: Term\u00e9keink t\u00f6k\u00e9letesen helyettes\u00edthetik ezeket a hidraulikus hengereket. <\/li>\n<li>Testreszabhat\u00f3: C\u00e9g\u00fcnk az \u00fcgyfelek ig\u00e9nyei szerint testreszabott szolg\u00e1ltat\u00e1sokat tud ny\u00fajtani, p\u00e9ld\u00e1ul k\u00fcl\u00f6nb\u00f6z\u0151 m\u00e9ret\u0171, form\u00e1j\u00fa \u00e9s anyag\u00fa v\u00f6dr\u00f6ket, \u00edgy teljes k\u00f6r\u0171 hidraulikus rendszermegold\u00e1sokat k\u00edn\u00e1lva az \u00fcgyfeleknek. <\/li>\n<\/ul>\n<p><img decoding=\"async\" src=\"https:\/\/www.hydraulic-cylinders.net\/wp-content\/uploads\/2025\/01\/songte-cylinder-head-with-all-kinds-excavator-models.webp\" alt=\"Kan\u00e1lhenger Bobcat E35i kis kotr\u00f3g\u00e9phez\"><\/p>\n<h2>Alkalmaz\u00e1sok<\/h2>\n<p>A Bobcat E35i kis kotr\u00f3g\u00e9p kan\u00e1lhenger\u00e9t sz\u00e9les k\u00f6rben haszn\u00e1lj\u00e1k k\u00fcl\u00f6nf\u00e9le neh\u00e9zg\u00e9pekben, bele\u00e9rtve:<\/p>\n<ul>\n<li>\u00c9p\u00edt\u0151ipari berendez\u00e9sek: A kotr\u00f3g\u00e9pek, kotr\u00f3g\u00e9pek \u00e9s homlokrakod\u00f3k \u00e1s\u00e1shoz, rakod\u00e1shoz \u00e9s talaj vagy t\u00f6rmel\u00e9k mozgat\u00e1s\u00e1hoz haszn\u00e1lj\u00e1k \u0151ket. A kotr\u00f3g\u00e9pekben a kan\u00e1lhengerek seg\u00edtenek mind az \u00e1s\u00e1sban, mind az emel\u00e9sben. <\/li>\n<li>Mez\u0151gazdas\u00e1gi g\u00e9pek: Homlokrakod\u00f3kban haszn\u00e1lj\u00e1k talaj, sz\u00e9na \u00e9s egy\u00e9b anyagok kotor\u00e1s\u00e1ra, emel\u00e9s\u00e9re \u00e9s sz\u00e1ll\u00edt\u00e1s\u00e1ra. <\/li>\n<li>Kotr\u00f3g\u00e9pek: A kan\u00e1lhengerek lehet\u0151v\u00e9 teszik a f\u00f6ldmunk\u00e1t az\u00e1ltal, hogy lehet\u0151v\u00e9 teszik a kan\u00e1l talajba hatol\u00e1s\u00e1t. <\/li>\n<li>Rakod\u00f3k: A homlokrakod\u00f3k hat\u00e9konyan seg\u00edtik az \u00e1ruk emel\u00e9s\u00e9t \u00e9s \u00fcr\u00edt\u00e9s\u00e9t. <\/li>\n<\/ul>\n<p>A Bobcat E35i kis kotr\u00f3g\u00e9p kan\u00e1lhenger\u00e9nek minden egyes alkalmaz\u00e1s\u00e1t r\u00e9szletesen ismertetj\u00fck az al\u00e1bbiakban:<\/p>\n<ul>\n<li><strong>\u00c9p\u00edt\u0151ipari berendez\u00e9sek:<\/strong> A kotr\u00f3g\u00e9pekben a kan\u00e1lhengereket a kan\u00e1l mozg\u00e1s\u00e1nak vez\u00e9rl\u00e9s\u00e9re haszn\u00e1lj\u00e1k. Konkr\u00e9tan a kan\u00e1lhengerek lehet\u0151v\u00e9 teszik, hogy a kan\u00e1l m\u00e9lyen a talajba \u00e1sson, \u00e9s sim\u00e1n berakodja a t\u00f6rmel\u00e9ket a teheraut\u00f3ba. A kotr\u00f3g\u00e9p-rakod\u00f3g\u00e9pekben a kan\u00e1lhengereket az \u00e1s\u00e1si \u00e9s az emel\u00e9si m\u0171veletek vez\u00e9rl\u00e9s\u00e9re is haszn\u00e1lj\u00e1k.<\/li>\n<li><strong>Mez\u0151gazdas\u00e1gi g\u00e9pek:<\/strong> A mez\u0151gazdas\u00e1gi g\u00e9pekben a kan\u00e1lhengereket homlokrakod\u00f3kban haszn\u00e1lj\u00e1k talaj, sz\u00e9na \u00e9s egy\u00e9b anyagok mer\u00e9s\u00e9re, emel\u00e9s\u00e9re \u00e9s sz\u00e1ll\u00edt\u00e1s\u00e1ra. A kan\u00e1lhengerek seg\u00edtik a gazd\u00e1lkod\u00f3kat a sz\u00fcks\u00e9ges feladatok hat\u00e9kony \u00e9s gyors elv\u00e9gz\u00e9s\u00e9ben.<\/li>\n<li><strong>Kotr\u00f3g\u00e9pek:<\/strong> A kan\u00e1lhengerek lehet\u0151v\u00e9 teszik a f\u00f6ldmunk\u00e1t az\u00e1ltal, hogy lehet\u0151v\u00e9 teszik a kan\u00e1l talajba val\u00f3 behatol\u00e1s\u00e1t. A kotr\u00f3g\u00e9peket sz\u00e9les k\u00f6rben haszn\u00e1lj\u00e1k \u00e9p\u00edtkez\u00e9seken \u00e9s b\u00e1ny\u00e1szatban.<\/li>\n<li><strong>Rakod\u00f3g\u00e9pek:<\/strong> A homlokrakod\u00f3kban a kan\u00e1lhengerek lehet\u0151v\u00e9 teszik az \u00e1ruk hat\u00e9kony emel\u00e9s\u00e9t \u00e9s \u00fcr\u00edt\u00e9s\u00e9t. A rakod\u00f3kat gyakran haszn\u00e1lj\u00e1k \u00e9p\u00edtkez\u00e9seken \u00e9s b\u00e1ny\u00e1szatban.<\/li>\n<\/ul>\n<h2>Tervez\u00e9si szempontok \u00e9s kiv\u00e1laszt\u00e1si krit\u00e9riumok<\/h2>\n<p>A Bobcat E35i kis kotr\u00f3g\u00e9p kan\u00e1lhenger\u00e9nek kiv\u00e1laszt\u00e1sakor sz\u00e1mos tervez\u00e9si szempontot \u00e9s kiv\u00e1laszt\u00e1si krit\u00e9riumot kell figyelembe venni:<\/p>\n<ul>\n<li>Teherb\u00edr\u00e1s: A kan\u00e1lhengernek k\u00e9pesnek kell lennie arra, hogy ellen\u00e1lljon a haszn\u00e1lat sor\u00e1n fell\u00e9p\u0151 terhel\u00e9snek.<\/li>\n<li>T\u00f6m\u00edt\u00e9si teljes\u00edtm\u00e9ny: A kan\u00e1lhengert megfelel\u0151 t\u00f6m\u00edt\u00e9ssel kell megtervezni, hogy megakad\u00e1lyozza a hidraulikafolyad\u00e9k sziv\u00e1rg\u00e1s\u00e1t \u00e9s a nedvess\u00e9g bejut\u00e1s\u00e1t.<\/li>\n<li>Tart\u00f3ss\u00e1g: A kan\u00e1lhengernek kiv\u00e1l\u00f3 min\u0151s\u00e9g\u0171 anyagokb\u00f3l kell k\u00e9sz\u00fclnie, hogy ellen\u00e1lljon a zord k\u00f6rnyezeti felt\u00e9teleknek \u00e9s az ism\u00e9tl\u0151d\u0151, nagy ig\u00e9nybev\u00e9telnek.<\/li>\n<li>Biztons\u00e1g: A kan\u00e1lhengert a biztons\u00e1g szem el\u0151tt tart\u00e1s\u00e1val kell megtervezni, bele\u00e9rtve a megfelel\u0151 r\u00f6gz\u00edt\u00e9st \u00e9s a v\u00e9letlen s\u00e9r\u00fcl\u00e9sek vagy s\u00e9r\u00fcl\u00e9sek elleni v\u00e9delmet.<\/li>\n<li>Karbantart\u00e1s \u00e9s jav\u00edt\u00e1s: A serleghengert \u00fagy kell megtervezni, hogy k\u00f6nnyen karbantarthat\u00f3 \u00e9s jav\u00edthat\u00f3 legyen, bele\u00e9rtve az alkatr\u00e9szek egyszer\u0171 sz\u00e9tszerel\u00e9s\u00e9t \u00e9s \u00f6sszeszerel\u00e9s\u00e9t.<\/li>\n<\/ul>\n<p><img decoding=\"async\" src=\"https:\/\/www.hydraulic-cylinders.net\/wp-content\/uploads\/2025\/01\/songte-oil-pipes-and-spare-parts.webp\" alt=\"Kan\u00e1lhenger Bobcat E35i kis kotr\u00f3g\u00e9phez\"><\/p>\n<h2>T\u00f6m\u00edt\u00e9s \u00e9s ken\u00e9s<\/h2>\n<p>A Bobcat E35i kis kotr\u00f3g\u00e9p kan\u00e1lhenger\u00e9nek hat\u00e9kony m\u0171k\u00f6d\u00e9s\u00e9hez \u00e9s \u00e9lettartam\u00e1nak meghosszabb\u00edt\u00e1s\u00e1hoz megfelel\u0151 t\u00f6m\u00edt\u00e9sre \u00e9s ken\u00e9sre van sz\u00fcks\u00e9ge. Sz\u00e1mos int\u00e9zked\u00e9st kell tenni, t\u00f6bbek k\u00f6z\u00f6tt:<\/p>\n<ul>\n<li>K\u00fcl\u00f6nb\u00f6z\u0151 t\u00f6m\u00edt\u00e9sek haszn\u00e1lata: p\u00e9ld\u00e1ul dugatty\u00fat\u00f6m\u00edt\u00e9sek, r\u00fadt\u00f6m\u00edt\u00e9sek \u00e9s ablakt\u00f6rl\u0151k. Ezeknek a t\u00f6m\u00edt\u00e9seknek kop\u00e1s\u00e1ll\u00f3 anyagokb\u00f3l, p\u00e9ld\u00e1ul poliuret\u00e1nb\u00f3l \u00e9s nitrilgumib\u00f3l kell k\u00e9sz\u00fclni\u00fck.<\/li>\n<li>Megfelel\u0151 fel\u00fcletkezel\u00e9s biztos\u00edt\u00e1sa: A hengertestet \u00e9s a menetes v\u00e9gfel\u00fcleteket finoman meg kell munk\u00e1lni a kop\u00e1s\u00e1ll\u00f3s\u00e1g jav\u00edt\u00e1sa \u00e9rdek\u00e9ben.<\/li>\n<li>Megfelel\u0151 hidraulikaolaj haszn\u00e1lata: A megfelel\u0151 ken\u00e9s biztos\u00edt\u00e1sa \u00e9rdek\u00e9ben rendszeresen a megfelel\u0151 hidraulikaolajat kell a hengerbe t\u00f6lteni. <\/li>\n<\/ul>\n<h2>Megel\u0151z\u0151 karbantart\u00e1s \u00e9s jav\u00edt\u00e1s<\/h2>\n<p>A rendszeres ellen\u0151rz\u00e9s \u00e9s a megel\u0151z\u0151 karbantart\u00e1s jelent\u0151sen meghosszabb\u00edthatja a Bobcat E35i kis kotr\u00f3g\u00e9p kan\u00e1lhenger\u00e9nek \u00e9lettartam\u00e1t. Sz\u00e1mos int\u00e9zked\u00e9st kell tenni, t\u00f6bbek k\u00f6z\u00f6tt:<\/p>\n<ul>\n<li>Rendszeres ellen\u0151rz\u00e9s: Rendszeresen ellen\u0151rizze a kan\u00e1lhengert sziv\u00e1rg\u00e1s, kop\u00e1s \u00e9s s\u00e9r\u00fcl\u00e9sek szempontj\u00e1b\u00f3l.<\/li>\n<li>Megfelel\u0151 ken\u00e9s: A kan\u00e1lhengert megfelel\u0151en kenje meg a kop\u00e1s \u00e9s elhaszn\u00e1l\u00f3d\u00e1s megel\u0151z\u00e9se \u00e9rdek\u00e9ben.<\/li>\n<li>T\u00f6m\u00edt\u00e9scsere: Cser\u00e9lje ki a kopott vagy s\u00e9r\u00fclt t\u00f6m\u00edt\u00e9seket a hidraulikus sziv\u00e1rg\u00e1sok megel\u0151z\u00e9se \u00e9rdek\u00e9ben.<\/li>\n<li>Kalibr\u00e1ci\u00f3 ellen\u0151rz\u00e9se: Ellen\u0151rizze a kan\u00e1lhenger kalibr\u00e1l\u00e1s\u00e1t a megfelel\u0151 teljes\u00edtm\u00e9ny biztos\u00edt\u00e1sa \u00e9rdek\u00e9ben.<\/li>\n<\/ul>\n<h2>Term\u00e9ktelep\u00edt\u00e9si \u00fatmutat\u00f3<\/h2>\n<p>A Bobcat E35i kis kotr\u00f3g\u00e9p kan\u00e1lhenger\u00e9nek megfelel\u0151 beszerel\u00e9se elengedhetetlen a megfelel\u0151 m\u0171k\u00f6d\u00e9s \u00e9s biztons\u00e1g biztos\u00edt\u00e1s\u00e1hoz. A telep\u00edt\u00e9s sor\u00e1n t\u00f6bb l\u00e9p\u00e9st is be kell tartani, t\u00f6bbek k\u00f6z\u00f6tt:<\/p>\n<ul>\n<li>A henger megfelel\u0151 be\u00e1ll\u00edt\u00e1sa: Gy\u0151z\u0151dj\u00f6n meg a henger megfelel\u0151 be\u00e1ll\u00edt\u00e1s\u00e1r\u00f3l a g\u00e9p hidraulikus rendszer\u00e9hez k\u00e9pest.<\/li>\n<li>Megfelel\u0151 r\u00f6gz\u00edt\u0151konzolok haszn\u00e1lata: Haszn\u00e1ljon megfelel\u0151 r\u00f6gz\u00edt\u0151konzolokat a henger g\u00e9phez val\u00f3 r\u00f6gz\u00edt\u00e9s\u00e9hez.<\/li>\n<li>Telep\u00edt\u00e9si elj\u00e1r\u00e1sra vonatkoz\u00f3 javaslat: A s\u00e9r\u00fcl\u00e9sek \u00e9s s\u00e9r\u00fcl\u00e9sek elker\u00fcl\u00e9se \u00e9rdek\u00e9ben k\u00f6vesse az aj\u00e1nlott telep\u00edt\u00e9si elj\u00e1r\u00e1sokat.<\/li>\n<\/ul>\n<h2>Gyakori karbantart\u00e1si feladatok<\/h2>\n<p>A Bobcat E35i kis kotr\u00f3g\u00e9p kan\u00e1lhenger\u00e9nek megfelel\u0151 m\u0171k\u00f6d\u00e9s\u00e9nek \u00e9s \u00e9lettartam\u00e1nak meghosszabb\u00edt\u00e1sa \u00e9rdek\u00e9ben sz\u00e1mos gyakori karbantart\u00e1si feladatot rendszeresen el kell v\u00e9gezni, bele\u00e9rtve:<\/p>\n<ul>\n<li>Rendszeres ellen\u0151rz\u00e9s: Rendszeresen ellen\u0151rizze a kan\u00e1lhengert sziv\u00e1rg\u00e1s, kop\u00e1s \u00e9s s\u00e9r\u00fcl\u00e9sek szempontj\u00e1b\u00f3l.<\/li>\n<li>Megfelel\u0151 ken\u00e9s: A kan\u00e1lhengert megfelel\u0151en kenje meg a kop\u00e1s \u00e9s elhaszn\u00e1l\u00f3d\u00e1s megel\u0151z\u00e9se \u00e9rdek\u00e9ben.<\/li>\n<li>T\u00f6m\u00edt\u00e9scsere: Cser\u00e9lje ki a kopott vagy s\u00e9r\u00fclt t\u00f6m\u00edt\u00e9seket a hidraulikus sziv\u00e1rg\u00e1sok megel\u0151z\u00e9se \u00e9rdek\u00e9ben.<\/li>\n<\/ul>\n<p><img decoding=\"async\" src=\"https:\/\/www.hydraulic-cylinders.net\/wp-content\/uploads\/2025\/01\/songte-chushion-collar.webp\" alt=\"Kan\u00e1lhenger Bobcat E35i kis kotr\u00f3g\u00e9phez\"><\/p>\n<h2>Biztons\u00e1gi \u00e9s k\u00f6rnyezetv\u00e9delmi szempontok<\/h2>\n<p>A Bobcat E35i kis kotr\u00f3g\u00e9p kan\u00e1lhenger\u00e9nek haszn\u00e1latakor a biztons\u00e1g a legfontosabb. Sz\u00e1mos biztons\u00e1gi int\u00e9zked\u00e9st kell tenni, bele\u00e9rtve:<\/p>\n<ul>\n<li>Megfelel\u0151 k\u00e9pz\u00e9s: A serleghengert csak k\u00e9pzett szem\u00e9lyzet kezelheti \u00e9s tarthatja karban.<\/li>\n<li>Rendeltet\u00e9sszer\u0171 haszn\u00e1lat: A kan\u00e1lhengert csak rendeltet\u00e9sszer\u0171en szabad haszn\u00e1lni, \u00e9s a kezel\u0151knek be kell tartaniuk az \u00f6sszes biztons\u00e1gi \u00f3vint\u00e9zked\u00e9st.<\/li>\n<\/ul>\n<h2>Hibadiagn\u00f3zis \u00e9s hibaelh\u00e1r\u00edt\u00e1s<\/h2>\n<p>A Bobcat E35i kis kotr\u00f3g\u00e9p kan\u00e1lhenger\u00e9nek m\u0171k\u00f6d\u00e9se sor\u00e1n sz\u00e1mos hiba l\u00e9phet fel. Ezek a hib\u00e1k a k\u00f6vetkez\u0151k:<\/p>\n<ul>\n<li>Sziv\u00e1rg\u00e1s: A sziv\u00e1rg\u00e1s elkopott t\u00f6m\u00edt\u00e9sek vagy s\u00e9r\u00fclt alkatr\u00e9szek miatt fordulhat el\u0151.<\/li>\n<li>Gyenge teljes\u00edtm\u00e9ny: A gyenge teljes\u00edtm\u00e9ny oka lehet a nem elegend\u0151 hidraulikafolyad\u00e9k, a s\u00e9r\u00fclt alkatr\u00e9szek vagy a kalibr\u00e1ci\u00f3s probl\u00e9m\u00e1k.<\/li>\n<\/ul>\n<p>Ezen hib\u00e1k elh\u00e1r\u00edt\u00e1s\u00e1hoz sz\u00e1mos hibaelh\u00e1r\u00edt\u00e1si int\u00e9zked\u00e9st kell tenni, bele\u00e9rtve:<\/p>\n<ul>\n<li>Ellen\u0151rz\u00e9s: Vizsg\u00e1lja meg a hengert sziv\u00e1rg\u00e1s, s\u00e9r\u00fcl\u00e9s vagy kop\u00e1s szempontj\u00e1b\u00f3l.<\/li>\n<li>Csere: Sz\u00fcks\u00e9g szerint cser\u00e9lje ki a kopott vagy s\u00e9r\u00fclt alkatr\u00e9szeket.<\/li>\n<li>Kalibr\u00e1l\u00e1s: Kalibr\u00e1lja a hengert a megfelel\u0151 teljes\u00edtm\u00e9ny biztos\u00edt\u00e1sa \u00e9rdek\u00e9ben.<\/li>\n<\/ul>\n<p><img decoding=\"async\" src=\"https:\/\/www.hydraulic-cylinders.net\/wp-content\/uploads\/2025\/01\/songte-bushings-with-all-kinds-of-excavator-models.webp\" alt=\"Kan\u00e1lhenger Bobcat E35i kis kotr\u00f3g\u00e9phez\"><\/p>\n<h2>C\u00e9g\u00fcnkr\u0151l<\/h2>\n<p>Cserehidraulikus hengerek gy\u00e1rt\u00f3ja vagyunk. C\u00e9g\u00fcnk a hidraulikus hengerek teljes v\u00e1laszt\u00e9k\u00e1t k\u00edn\u00e1lja, \u00edgy a hazai \u00e9s a nemzetk\u00f6zi piacok egyik vezet\u0151 hidraulikus hengergy\u00e1rt\u00f3ja \u00e9s nagykereskedelmi forgalmaz\u00f3ja vagyunk. A kiv\u00e1l\u00f3 min\u0151s\u00e9g alapelveit k\u00f6vetj\u00fck, \u00e9s a finomgy\u00e1rt\u00f3 m\u0171helyek iparos\u00edtott termel\u00e9sir\u00e1ny\u00edt\u00e1si strat\u00e9gi\u00e1j\u00e1ra t\u00e1maszkodunk. M\u0171szaki tehets\u00e9g\u00fcnk, cs\u00facskateg\u00f3ri\u00e1s digit\u00e1lis gy\u00e1rt\u00f3berendez\u00e9seink \u00e9s professzion\u00e1lis tesztel\u0151rendszereink alkalmaz\u00e1s\u00e1val v\u00e1llalatunk folyamatosan fejleszti m\u0171hely\u00fcnk gy\u00e1rt\u00e1si platformj\u00e1t, t\u00f6k\u00e9letes\u00edti a term\u00e9kmin\u0151s\u00e9gi gy\u00e1rt\u00e1si \u00fatvonalat, \u00e9s er\u0151s innov\u00e1ci\u00f3s k\u00e9pess\u00e9ggel rendelkezik. Nagy hat\u00e9konys\u00e1g\u00fa, nagy pontoss\u00e1g\u00fa \u00e9s kiv\u00e1l\u00f3 min\u0151s\u00e9g\u0171 term\u00e9keket k\u00edn\u00e1lunk, hogy kiel\u00e9g\u00edts\u00fck \u00fcgyfeleink sokr\u00e9t\u0171 ig\u00e9nyeit.<\/p>\n<h3>C\u00e9g\u00fcnk professzionalizmusa<\/h3>\n<p>C\u00e9g\u00fcnk hidraulikus rendszermegold\u00e1sok ter\u00e9n gazdag tapasztalattal rendelkez\u0151 szakemberekb\u0151l \u00e1ll\u00f3 csapattal rendelkezik. Min\u0151s\u00e9gir\u00e1ny\u00edt\u00e1si rendszer\u00fcnk ISO9001 tan\u00fas\u00edtv\u00e1nnyal rendelkezik, ami biztos\u00edtja term\u00e9keink legmagasabb min\u0151s\u00e9g\u00e9t.<\/p>\n<h3>C\u00e9g\u00fcnk testreszab\u00e1si szolg\u00e1ltat\u00e1sai<\/h3>\n<p>C\u00e9g\u00fcnk az \u00fcgyfelek ig\u00e9nyei szerint testreszabott szolg\u00e1ltat\u00e1sokat ny\u00fajt, p\u00e9ld\u00e1ul k\u00fcl\u00f6nb\u00f6z\u0151 m\u00e9ret\u0171, form\u00e1j\u00fa \u00e9s anyag\u00fa v\u00f6dr\u00f6ket, \u00edgy teljes k\u00f6r\u0171 hidraulikus rendszermegold\u00e1sokat k\u00edn\u00e1lva \u00fcgyfeleinknek.<\/p>\n<h3>C\u00e9g\u00fcnk gy\u00e1rt\u00f3berendez\u00e9sei<\/h3>\n<p>C\u00e9g\u00fcnk teljes gy\u00e1rt\u00f3berendez\u00e9ssel rendelkezik, bele\u00e9rtve a numerikus vez\u00e9rl\u00e9s\u0171 eszterg\u00e1kat, numerikus vez\u00e9rl\u00e9s\u0171 mar\u00f3g\u00e9peket \u00e9s numerikus vez\u00e9rl\u00e9s\u0171 f\u00far\u00f3g\u00e9peket, biztos\u00edtva, hogy term\u00e9keink a lehet\u0151 legnagyobb pontoss\u00e1ggal k\u00e9sz\u00fcljenek.<\/p>\n<h3>C\u00e9g\u00fcnk \u00e9rt\u00e9kes\u00edt\u00e9s ut\u00e1ni szolg\u00e1ltat\u00e1sa<\/h3>\n<p>C\u00e9g\u00fcnk \u00e9rt\u00e9kes\u00edt\u00e9s ut\u00e1ni szolg\u00e1ltat\u00e1st ny\u00fajt, biztos\u00edtva, hogy \u00fcgyfeleink a legmagasabb szint\u0171 m\u0171szaki t\u00e1mogat\u00e1st kapj\u00e1k, bele\u00e9rtve az id\u0151ben t\u00f6rt\u00e9n\u0151 alkatr\u00e9szcser\u00e9t, a m\u0171szaki tan\u00e1csad\u00e1st \u00e9s a karbantart\u00e1st.<\/p>\n<p><img decoding=\"async\" src=\"https:\/\/www.hydraulic-cylinders.net\/wp-content\/uploads\/2025\/01\/songte-company-3.webp\" alt=\"Kan\u00e1lhenger Bobcat E35i kis kotr\u00f3g\u00e9phez\"><\/p>\n<p>Szerz\u0151: lyl<\/p>","protected":false},"excerpt":{"rendered":"<p>Bucket Cylinder For Bobcat Small Excavator E35i Introduction The bucket cylinder for a Bobcat small excavator E35i is a specialized hydraulic cylinder mainly used to control the movement of the bucket in heavy machinery such as excavators, backhoe loaders, and front-end loaders. Its primary function is to enable the bucket to lift, lower, and tilt, [&hellip;]<\/p>","protected":false},"featured_media":14782,"comment_status":"open","ping_status":"closed","template":"","meta":{"_et_pb_use_builder":"","_et_pb_old_content":"","_et_gb_content_width":""},"product_brand":[],"product_cat":[1494],"product_tag":[1495,1496],"class_list":{"0":"post-15692","1":"product","2":"type-product","3":"status-publish","4":"has-post-thumbnail","6":"product_cat-bucket-cylinders","7":"product_tag-bucket-cylinders","8":"product_tag-hydraulic-cylinders","10":"first","11":"instock","12":"shipping-taxable","13":"product-type-simple"},"amp_enabled":true,"_links":{"self":[{"href":"https:\/\/www.hydraulic-cylinders.net\/hu\/wp-json\/wp\/v2\/product\/15692","targetHints":{"allow":["GET"]}}],"collection":[{"href":"https:\/\/www.hydraulic-cylinders.net\/hu\/wp-json\/wp\/v2\/product"}],"about":[{"href":"https:\/\/www.hydraulic-cylinders.net\/hu\/wp-json\/wp\/v2\/types\/product"}],"replies":[{"embeddable":true,"href":"https:\/\/www.hydraulic-cylinders.net\/hu\/wp-json\/wp\/v2\/comments?post=15692"}],"wp:featuredmedia":[{"embeddable":true,"href":"https:\/\/www.hydraulic-cylinders.net\/hu\/wp-json\/wp\/v2\/media\/14782"}],"wp:attachment":[{"href":"https:\/\/www.hydraulic-cylinders.net\/hu\/wp-json\/wp\/v2\/media?parent=15692"}],"wp:term":[{"taxonomy":"product_brand","embeddable":true,"href":"https:\/\/www.hydraulic-cylinders.net\/hu\/wp-json\/wp\/v2\/product_brand?post=15692"},{"taxonomy":"product_cat","embeddable":true,"href":"https:\/\/www.hydraulic-cylinders.net\/hu\/wp-json\/wp\/v2\/product_cat?post=15692"},{"taxonomy":"product_tag","embeddable":true,"href":"https:\/\/www.hydraulic-cylinders.net\/hu\/wp-json\/wp\/v2\/product_tag?post=15692"}],"curies":[{"name":"munkaf\u00fczet","href":"https:\/\/api.w.org\/{rel}","templated":true}]}}