{"id":15694,"date":"2025-01-19T14:51:15","date_gmt":"2025-01-19T14:51:15","guid":{"rendered":"https:\/\/www.hydraulic-cylinders.net\/product\/bucket-cylinder-for-bobcat-small-excavator-e55\/"},"modified":"2025-01-19T14:51:18","modified_gmt":"2025-01-19T14:51:18","slug":"bucket-cylinder-for-bobcat-small-excavator-e55","status":"publish","type":"product","link":"https:\/\/www.hydraulic-cylinders.net\/hu\/termek\/bucket-cylinder-for-bobcat-small-excavator-e55\/","title":{"rendered":"Kan\u00e1lhenger Bobcat kis kotr\u00f3g\u00e9phez E55"},"content":{"rendered":"<h2>Bevezet\u00e9s<\/h2>\n<h3>A Bobcat E55 kis kotr\u00f3g\u00e9p kan\u00e1lhenger\u00e9nek meghat\u00e1roz\u00e1sa<\/h3>\n<p>A Bobcat E55 kis kotr\u00f3g\u00e9p kan\u00e1lhengere egy speci\u00e1lisan tervezett hidraulikus henger, amelyet els\u0151sorban neh\u00e9zg\u00e9pek, p\u00e9ld\u00e1ul kotr\u00f3g\u00e9pek, kotr\u00f3g\u00e9pek \u00e9s homlokrakod\u00f3k kanalainak mozg\u00e1s\u00e1nak vez\u00e9rl\u00e9s\u00e9re haszn\u00e1lnak. F\u0151 funkci\u00f3ja a kan\u00e1l emel\u00e9se, s\u00fcllyeszt\u00e9se \u00e9s billent\u00e9se, megk\u00f6nny\u00edtve a k\u00fcl\u00f6nf\u00e9le anyagmozgat\u00e1si feladatok elv\u00e9gz\u00e9s\u00e9t. A hidraulikus rendszerben a kan\u00e1lhenger a hidraulikaolaj nyom\u00e1s\u00e1nak v\u00e1ltoz\u00e1s\u00e1n kereszt\u00fcl vez\u00e9rli a kan\u00e1l pontos mozg\u00e1s\u00e1t, lehet\u0151v\u00e9 t\u00e9ve a kezel\u0151k sz\u00e1m\u00e1ra, hogy hat\u00e9konyan kezelj\u00e9k a neh\u00e9z terheket, \u00e9s alkalmazkodjanak az \u00f6sszetett munkak\u00f6rnyezetekhez \u00e9s a v\u00e1ltozatos munkak\u00f6vetelm\u00e9nyekhez.<\/p>\n<p><img decoding=\"async\" src=\"https:\/\/www.hydraulic-cylinders.net\/wp-content\/uploads\/2025\/01\/songte-company-2.webp\"><\/p>\n<h2>Term\u00e9kjellemz\u0151k<\/h2>\n<h3>Nagy szil\u00e1rds\u00e1g \u00e9s tart\u00f3ss\u00e1g<\/h3>\n<p>A Bobcat E55 kis kotr\u00f3g\u00e9p kan\u00e1lhengere \u00e1ltal\u00e1ban nagy szil\u00e1rds\u00e1g\u00fa ac\u00e9lb\u00f3l vagy alum\u00edniumb\u00f3l k\u00e9sz\u00fcl, amely k\u00e9pes ellen\u00e1llni a nagy nyom\u00e1snak \u00e9s a nagy terhel\u00e9seknek, \u00edgy alkalmas zord munkak\u00f6rnyezetre. A kialak\u00edt\u00e1s figyelembe veszi a kop\u00e1s\u00e1ll\u00f3s\u00e1got \u00e9s a korr\u00f3zi\u00f3\u00e1ll\u00f3s\u00e1got, meghosszabb\u00edtva a henger \u00e9lettartam\u00e1t.<\/p>\n<h3>Hat\u00e9kony hidraulikus m\u0171k\u00f6dtet\u00e9s<\/h3>\n<p>A kan\u00e1lhenger hidraulikaolaj nyom\u00e1s\u00e1t haszn\u00e1lja a sima teleszk\u00f3pos m\u0171k\u00f6d\u00e9s el\u00e9r\u00e9s\u00e9hez, gyorsan reag\u00e1l a vez\u00e9rl\u0151parancsokra, er\u0151teljes tol\u00f3- \u00e9s h\u00faz\u00f3er\u0151t biztos\u00edt, alkalmas neh\u00e9z terhek \u00e9s \u00f6sszetett \u00fczemeltet\u00e9si feladatok kezel\u00e9s\u00e9re.<\/p>\n<h3>K\u00fcl\u00f6nb\u00f6z\u0151 t\u00edpusok<\/h3>\n<p>A henger v\u00e1laszthat\u00f3 egyszeres m\u0171k\u00f6d\u00e9s\u0171 hengerk\u00e9nt (csak egy ir\u00e1nyban haszn\u00e1l hidraulik\u00e1t) vagy kett\u0151s m\u0171k\u00f6d\u00e9s\u0171 hengerk\u00e9nt (k\u00e9t ir\u00e1nyban haszn\u00e1l hidraulik\u00e1t) a k\u00fcl\u00f6nb\u00f6z\u0151 m\u0171k\u00f6d\u00e9si k\u00f6vetelm\u00e9nyeknek megfelel\u0151en. Egyes modellek teleszk\u00f3posak, \u00edgy nagyobb kiny\u00fal\u00e1st tesznek lehet\u0151v\u00e9 a k\u00fcls\u0151 m\u00e9retek n\u00f6vel\u00e9se n\u00e9lk\u00fcl, \u00edgy alkalmasak korl\u00e1tozott helyig\u00e9ny\u0171 alkalmaz\u00e1sokhoz.<\/p>\n<h3>Egy\u00e9b hidraulikus hengerek cser\u00e9je<\/h3>\n<p>Term\u00e9k\u00fcnk t\u00f6k\u00e9letesen helyettes\u00edtheti a t\u00f6bbi hidraulikus hengert. Ezt a term\u00e9ket az \u00fcgyf\u00e9l ig\u00e9nyei szerint tudjuk legy\u00e1rtani.<\/p>\n<p><img decoding=\"async\" src=\"https:\/\/www.hydraulic-cylinders.net\/wp-content\/uploads\/2025\/01\/songte-cylinder-head-with-all-kinds-excavator-models.webp\"><\/p>\n<h2>Alkalmaz\u00e1sok<\/h2>\n<h3>\u00c9p\u00edt\u0151ipari berendez\u00e9sek<\/h3>\n<p>Kotr\u00f3g\u00e9pekben elengedhetetlenek az \u00e1s\u00e1shoz, rakod\u00e1shoz \u00e9s talaj vagy t\u00f6rmel\u00e9k mozgat\u00e1s\u00e1hoz. A kotr\u00f3g\u00e9pekben a kan\u00e1lhenger seg\u00edt az \u00e1s\u00e1sban \u00e9s az emel\u00e9sben. A homlokrakod\u00f3kban a rakom\u00e1ny hat\u00e9kony emel\u00e9s\u00e9ben \u00e9s \u00fcr\u00edt\u00e9s\u00e9ben seg\u00edtenek.<\/p>\n<h3>Mez\u0151gazdas\u00e1gi g\u00e9pek<\/h3>\n<p>Homlokrakod\u00f3kban haszn\u00e1lj\u00e1k \u0151ket talaj, sz\u00e9na \u00e9s egy\u00e9b anyagok mer\u00e9s\u00e9re, emel\u00e9s\u00e9re \u00e9s sz\u00e1ll\u00edt\u00e1s\u00e1ra. Kotr\u00f3g\u00e9pekben a kan\u00e1lhenger lehet\u0151v\u00e9 teszi az \u00e1s\u00e1si m\u0171veletet az\u00e1ltal, hogy lehet\u0151v\u00e9 teszi a kan\u00e1l talajba val\u00f3 behatol\u00e1s\u00e1t.<\/p>\n<h2>Tervez\u00e9si szempontok \u00e9s kiv\u00e1laszt\u00e1si krit\u00e9riumok<\/h2>\n<h3>Teherb\u00edr\u00e1s<\/h3>\n<p>A kan\u00e1lhenger teherb\u00edr\u00e1s\u00e1t az anyag, a m\u00e9ret \u00e9s a szerkezeti kialak\u00edt\u00e1s hat\u00e1rozza meg. Alapvet\u0151 fontoss\u00e1g\u00fa a megfelel\u0151 henger kiv\u00e1laszt\u00e1sa a g\u00e9p s\u00falya \u00e9s a munkak\u00f6r\u00fclm\u00e9nyek alapj\u00e1n.<\/p>\n<h3>T\u00f6m\u00edt\u00e9s<\/h3>\n<p>A hengerhez k\u00fcl\u00f6nf\u00e9le t\u00f6m\u00edt\u0151elemekre van sz\u00fcks\u00e9g, p\u00e9ld\u00e1ul dugatty\u00fat\u00f6m\u00edt\u00e9sekre, r\u00fadt\u00f6m\u00edt\u00e9sekre stb. A t\u00f6m\u00edt\u00e9seknek kop\u00e1s\u00e1ll\u00f3 anyagokb\u00f3l, p\u00e9ld\u00e1ul poliuret\u00e1nb\u00f3l, nitrilgumib\u00f3l stb. kell k\u00e9sz\u00fclni\u00fck. A henger hengertest\u00e9t \u00e9s a menetes v\u00e9gek fel\u00fcleteit prec\u00edz megmunk\u00e1l\u00e1snak kell al\u00e1vetni a kop\u00e1s\u00e1ll\u00f3s\u00e1g fokoz\u00e1sa \u00e9rdek\u00e9ben.<\/p>\n<h3>Tart\u00f3ss\u00e1g<\/h3>\n<p>A hengernek tart\u00f3snak kell lennie, ki kell b\u00edrnia a zord \u00fczemi k\u00f6r\u00fclm\u00e9nyeket, \u00e9s hossz\u00fa \u00e9lettartammal kell rendelkeznie. A henger anyag\u00e1nak \u00e9s a tartoz\u00e9kok kialak\u00edt\u00e1s\u00e1nak megfelel\u0151nek kell lennie a s\u00e9r\u00fcl\u00e9sek elker\u00fcl\u00e9se \u00e9rdek\u00e9ben.<\/p>\n<h3>Biztons\u00e1g<\/h3>\n<p>A palacknak \u200b\u200bmeg kell felelnie a nemzetk\u00f6zi biztons\u00e1gi szabv\u00e1nyoknak. \u00dagy kell megtervezni, hogy megel\u0151zze az olyan baleseteket, mint az olajsziv\u00e1rg\u00e1s, t\u00f6r\u00e9s stb. A biztons\u00e1gi t\u00e9nyez\u0151nek elegend\u0151nek kell lennie a kezel\u0151 biztons\u00e1g\u00e1nak garant\u00e1l\u00e1s\u00e1hoz.<\/p>\n<h3>Karbantarthat\u00f3s\u00e1g<\/h3>\n<p>A hengernek k\u00f6nnyen karbantarthat\u00f3nak, ellen\u0151rizhet\u0151nek \u00e9s jav\u00edthat\u00f3nak kell lennie. A tervez\u00e9snek figyelembe kell vennie a henger sz\u00e9tszerel\u00e9s\u00e9t \u00e9s \u00f6sszeszerel\u00e9s\u00e9t. A rendszeres karbantart\u00e1s meghosszabb\u00edthatja a henger \u00e9lettartam\u00e1t \u00e9s kor\u00e1n azonos\u00edthatja a lehets\u00e9ges probl\u00e9m\u00e1kat.<\/p>\n<p><img decoding=\"async\" src=\"https:\/\/www.hydraulic-cylinders.net\/wp-content\/uploads\/2025\/01\/songte-oil-pipes-and-spare-parts.webp\"><\/p>\n<h2>T\u00f6m\u00edt\u00e9s \u00e9s ken\u00e9s<\/h2>\n<p>A henger rendszeres hidraulikaolajjal t\u00f6rt\u00e9n\u0151 ken\u00e9st ig\u00e9nyel. A t\u00f6m\u00edt\u0151 alkatr\u00e9szeket, mint p\u00e9ld\u00e1ul a dugatty\u00fat\u00f6m\u00edt\u00e9seket, a r\u00fadt\u00f6m\u00edt\u00e9seket stb., ki kell cser\u00e9lni, ha b\u00e1rmilyen kop\u00e1s vagy s\u00e9r\u00fcl\u00e9s jeleit \u00e9szlelik. A hengert helyesen kell beszerelni \u00e9s megfelel\u0151en be\u00e1ll\u00edtani, hogy elker\u00fclj\u00fck az olajsziv\u00e1rg\u00e1st \u00e9s a henger k\u00e1rosod\u00e1s\u00e1t. A henger r\u00f6gz\u00edt\u00e9s\u00e9hez elengedhetetlen a megfelel\u0151 r\u00f6gz\u00edt\u0151konzolok haszn\u00e1lata.<\/p>\n<h2>Biztons\u00e1gi szempontok \u00e9s k\u00f6rnyezeti t\u00e9nyez\u0151k<\/h2>\n<p>A henger \u00fczemeltet\u00e9se sor\u00e1n elengedhetetlen a biztons\u00e1gi int\u00e9zked\u00e9sek betart\u00e1sa. A hidraulikus rendszert rendszeresen karban kell tartani az olajsziv\u00e1rg\u00e1s, szennyez\u0151d\u00e9s stb. megel\u0151z\u00e9se \u00e9rdek\u00e9ben. Ez s\u00falyos k\u00e1rokat okozhat a hengerben \u00e9s a k\u00f6rnyezetben. A henger \u00e1rtalmatlan\u00edt\u00e1s\u00e1nak meg kell felelnie a nemzetk\u00f6zi k\u00f6rnyezetv\u00e9delmi el\u0151\u00edr\u00e1soknak.<\/p>\n<h2>Hibaelh\u00e1r\u00edt\u00e1s \u00e9s gyakori probl\u00e9m\u00e1k<\/h2>\n<p>A henger gyakori probl\u00e9m\u00e1i k\u00f6z\u00e9 tartozik az olajsziv\u00e1rg\u00e1s, az egyenetlen l\u00f6ket, az el\u00e9gtelen er\u0151 stb. A rendszeres karbantart\u00e1s megel\u0151zheti ezeket a probl\u00e9m\u00e1kat. Ha ezek a probl\u00e9m\u00e1k el\u0151fordulnak, elengedhetetlen a gy\u00e1rt\u00f3 \u00e1ltal megadott hibaelh\u00e1r\u00edt\u00e1si ir\u00e1nyelvek betart\u00e1sa. Sz\u00fcks\u00e9g lehet az elkopott alkatr\u00e9szek cser\u00e9j\u00e9re, vagy a henger sz\u00e9tszerel\u00e9s\u00e9re \u00e9s \u00fajra \u00f6sszeszerel\u00e9s\u00e9re.<\/p>\n<h2>C\u00e9gbemutat\u00f3<\/h2>\n<p>Cserehidraulikus hengerek gy\u00e1rt\u00f3ja vagyunk. Term\u00e9keink komplettek, \u00edgy a hazai \u00e9s nemzetk\u00f6zi piacok egyik vezet\u0151 hidraulikus henger gy\u00e1rt\u00f3ja \u00e9s nagykereskedelmi forgalmaz\u00f3ja vagyunk. A kiv\u00e1l\u00f3 min\u0151s\u00e9g elv\u00e9t k\u00f6vetj\u00fck, a kifinomult gy\u00e1rt\u00f3m\u0171helyek iparos\u00edtott termel\u00e9sir\u00e1ny\u00edt\u00e1si strat\u00e9gi\u00e1j\u00e1ra t\u00e1maszkodva, \u00e9s folyamatosan fejlesztj\u00fck m\u0171hely\u00fcnk gy\u00e1rt\u00e1si platformj\u00e1t. Nagy hat\u00e9konys\u00e1ggal, nagy pontoss\u00e1ggal \u00e9s kiv\u00e1l\u00f3 min\u0151s\u00e9ggel el\u00e9g\u00edtj\u00fck ki \u00fcgyfeleink sokr\u00e9t\u0171 ig\u00e9nyeit.<\/p>\n<h3>Szakmaiass\u00e1g<\/h3>\n<p>M\u0171szaki szem\u00e9lyzet\u00fcnk, digit\u00e1lis cs\u00facskateg\u00f3ri\u00e1s gy\u00e1rt\u00f3berendez\u00e9seink \u00e9s professzion\u00e1lis tesztel\u0151rendszer-alkalmaz\u00e1sunk folyamatosan fejleszti a m\u0171hely gy\u00e1rt\u00e1si platformj\u00e1t, t\u00f6k\u00e9letes\u00edti a term\u00e9kmin\u0151s\u00e9g-gy\u00e1rt\u00e1si \u00fatvonalat, \u00e9s er\u0151s innov\u00e1ci\u00f3s k\u00e9pess\u00e9gekkel rendelkezik.<\/p>\n<h3>Nemzetk\u00f6zi min\u0151s\u00edt\u00e9s<\/h3>\n<p>Nemzetk\u00f6zi tan\u00fas\u00edtv\u00e1nyokkal rendelkez\u00fcnk, mint p\u00e9ld\u00e1ul az ISO9001, CE stb.<\/p>\n<h3>Testreszabott szolg\u00e1ltat\u00e1sok<\/h3>\n<p>Testreszabott megold\u00e1sokat k\u00edn\u00e1lunk, hogy megfelelj\u00fcnk az \u00fcgyfelek sokr\u00e9t\u0171 ig\u00e9nyeinek.<\/p>\n<h3>Termel\u00e9si berendez\u00e9sek<\/h3>\n<p>Korszer\u0171 CNC megmunk\u00e1l\u00f3k\u00f6zpontokat, prec\u00edzi\u00f3s k\u00f6sz\u00f6r\u0171ket \u00e9s egy\u00e9b cs\u00facskateg\u00f3ri\u00e1s berendez\u00e9seket haszn\u00e1lunk a term\u00e9kmin\u0151s\u00e9g biztos\u00edt\u00e1sa \u00e9rdek\u00e9ben.<\/p>\n<h3>\u00c9rt\u00e9kes\u00edt\u00e9s ut\u00e1ni szolg\u00e1ltat\u00e1s<\/h3>\n<p>Id\u0151szer\u0171 \u00e9s hat\u00e9kony \u00e9rt\u00e9kes\u00edt\u00e9s ut\u00e1ni szolg\u00e1ltat\u00e1st ny\u00fajtunk \u00fcgyfeleinknek.<\/p>\n<p><img decoding=\"async\" src=\"https:\/\/hzpt.com\/wp-content\/uploads\/2024\/11\/songte-company-1.webp\"><\/p>\n<p>Lyl \u00edrta.<\/p>","protected":false},"excerpt":{"rendered":"<p>Introduction Defining Bucket Cylinder for Bobcat Small Excavator E55 The Bucket Cylinder for Bobcat Small Excavator E55 is a specially designed hydraulic cylinder primarily used to control the movement of buckets in heavy machinery such as excavators, backhoe excavators, and front-end loaders. Its main function is to enable the bucket to lift, lower, and tilt, [&hellip;]<\/p>","protected":false},"featured_media":14778,"comment_status":"open","ping_status":"closed","template":"","meta":{"_et_pb_use_builder":"","_et_pb_old_content":"","_et_gb_content_width":""},"product_brand":[],"product_cat":[1494],"product_tag":[1495,1496],"class_list":{"0":"post-15694","1":"product","2":"type-product","3":"status-publish","4":"has-post-thumbnail","6":"product_cat-bucket-cylinders","7":"product_tag-bucket-cylinders","8":"product_tag-hydraulic-cylinders","10":"first","11":"instock","12":"shipping-taxable","13":"product-type-simple"},"amp_enabled":true,"_links":{"self":[{"href":"https:\/\/www.hydraulic-cylinders.net\/hu\/wp-json\/wp\/v2\/product\/15694","targetHints":{"allow":["GET"]}}],"collection":[{"href":"https:\/\/www.hydraulic-cylinders.net\/hu\/wp-json\/wp\/v2\/product"}],"about":[{"href":"https:\/\/www.hydraulic-cylinders.net\/hu\/wp-json\/wp\/v2\/types\/product"}],"replies":[{"embeddable":true,"href":"https:\/\/www.hydraulic-cylinders.net\/hu\/wp-json\/wp\/v2\/comments?post=15694"}],"wp:featuredmedia":[{"embeddable":true,"href":"https:\/\/www.hydraulic-cylinders.net\/hu\/wp-json\/wp\/v2\/media\/14778"}],"wp:attachment":[{"href":"https:\/\/www.hydraulic-cylinders.net\/hu\/wp-json\/wp\/v2\/media?parent=15694"}],"wp:term":[{"taxonomy":"product_brand","embeddable":true,"href":"https:\/\/www.hydraulic-cylinders.net\/hu\/wp-json\/wp\/v2\/product_brand?post=15694"},{"taxonomy":"product_cat","embeddable":true,"href":"https:\/\/www.hydraulic-cylinders.net\/hu\/wp-json\/wp\/v2\/product_cat?post=15694"},{"taxonomy":"product_tag","embeddable":true,"href":"https:\/\/www.hydraulic-cylinders.net\/hu\/wp-json\/wp\/v2\/product_tag?post=15694"}],"curies":[{"name":"munkaf\u00fczet","href":"https:\/\/api.w.org\/{rel}","templated":true}]}}