{"id":15696,"date":"2025-01-19T14:51:25","date_gmt":"2025-01-19T14:51:25","guid":{"rendered":"https:\/\/www.hydraulic-cylinders.net\/product\/bucket-cylinder-for-bobcat-small-excavator-e418\/"},"modified":"2025-01-19T14:51:27","modified_gmt":"2025-01-19T14:51:27","slug":"bucket-cylinder-for-bobcat-small-excavator-e418","status":"publish","type":"product","link":"https:\/\/www.hydraulic-cylinders.net\/hu\/termek\/bucket-cylinder-for-bobcat-small-excavator-e418\/","title":{"rendered":"Kan\u00e1lhenger Bobcat kis kotr\u00f3g\u00e9phez E418"},"content":{"rendered":"<h1>Kan\u00e1lhenger Bobcat kis kotr\u00f3g\u00e9phez E418<\/h1>\n<h2>Bevezet\u00e9s<\/h2>\n<p>A Bobcat E418 kis kotr\u00f3g\u00e9p kan\u00e1lhengere egy speci\u00e1lisan tervezett hidraulikus henger, amelyet els\u0151sorban neh\u00e9zg\u00e9pek, p\u00e9ld\u00e1ul kotr\u00f3g\u00e9pek, kotr\u00f3g\u00e9pek \u00e9s homlokrakod\u00f3k kan\u00e1lmozg\u00e1s\u00e1nak vez\u00e9rl\u00e9s\u00e9re haszn\u00e1lnak. F\u0151 funkci\u00f3ja a kan\u00e1l emel\u00e9se, s\u00fcllyeszt\u00e9se \u00e9s billent\u00e9se, megk\u00f6nny\u00edtve ezzel a k\u00fcl\u00f6nf\u00e9le anyagmozgat\u00e1si feladatok elv\u00e9gz\u00e9s\u00e9t. A hidraulikus rendszerben a kan\u00e1lhenger a hidraulikaolaj nyom\u00e1s\u00e1nak v\u00e1ltoztat\u00e1s\u00e1val vez\u00e9rli a kan\u00e1l pontos mozg\u00e1s\u00e1t, lehet\u0151v\u00e9 t\u00e9ve a kezel\u0151k sz\u00e1m\u00e1ra a neh\u00e9z terhek hat\u00e9kony kezel\u00e9s\u00e9t, valamint az \u00f6sszetett munkak\u00f6rnyezetekhez \u00e9s a v\u00e1ltozatos munkak\u00f6vetelm\u00e9nyekhez val\u00f3 alkalmazkod\u00e1st.<\/p>\n<p><img decoding=\"async\" src=\"https:\/\/www.hydraulic-cylinders.net\/wp-content\/uploads\/2025\/01\/songte-company-2.webp\" alt=\"V\u00f6d\u00f6rhenger\" \/><\/p>\n<h2>Jellemz\u0151k<\/h2>\n<ul>\n<li>Nagy szil\u00e1rds\u00e1g \u00e9s tart\u00f3ss\u00e1g: \u00c1ltal\u00e1ban nagy szil\u00e1rds\u00e1g\u00fa ac\u00e9lb\u00f3l vagy alum\u00edniumb\u00f3l k\u00e9sz\u00fcl, k\u00e9pes ellen\u00e1llni a nagy nyom\u00e1snak \u00e9s a nagy terhel\u00e9seknek, \u00e9s kop\u00e1s\u00e1ll\u00f3s\u00e1gra \u00e9s korr\u00f3zi\u00f3\u00e1ll\u00f3s\u00e1gra tervezt\u00e9k, meghosszabb\u00edtva az \u00e9lettartamot.<\/li>\n<li>Hat\u00e9kony hidraulikus m\u0171k\u00f6d\u00e9s: A hidraulikaolaj nyom\u00e1s\u00e1nak k\u00f6sz\u00f6nhet\u0151en sima t\u00e1gul\u00e1si \u00e9s \u00f6sszeh\u00faz\u00f3d\u00e1si mozg\u00e1sok \u00e9rhet\u0151k el, ami lehet\u0151v\u00e9 teszi a vez\u00e9rl\u0151parancsokra adott gyors reag\u00e1l\u00e1st, er\u0151s tol\u00f3- \u00e9s h\u00faz\u00f3er\u0151ket biztos\u00edt, \u00e9s ide\u00e1lis neh\u00e9z terhek \u00e9s \u00f6sszetett munkafeladatok kezel\u00e9s\u00e9hez.<\/li>\n<li>K\u00fcl\u00f6nb\u00f6z\u0151 t\u00edpusok: A m\u0171k\u00f6d\u00e9si k\u00f6vetelm\u00e9nyeknek megfelel\u0151en v\u00e1laszthat az egyszeres m\u0171k\u00f6d\u00e9s\u0171 (a hidraulika csak az egyik ir\u00e1nyban m\u0171k\u00f6dik) vagy a kett\u0151s m\u0171k\u00f6d\u00e9s\u0171 (a hidraulika mindk\u00e9t ir\u00e1nyban m\u0171k\u00f6dik) hengerek k\u00f6z\u00fcl. Egyes modellek teleszk\u00f3posak, \u00edgy nagyobb kiny\u00fal\u00e1st tesznek lehet\u0151v\u00e9 a k\u00fcls\u0151 m\u00e9retek n\u00f6vel\u00e9se n\u00e9lk\u00fcl, \u00edgy alkalmasak korl\u00e1tozott helyeken t\u00f6rt\u00e9n\u0151 alkalmaz\u00e1sokhoz.<\/li>\n<li>Testreszabhat\u00f3: Term\u00e9keink az \u00d6n egyedi ig\u00e9nyeihez igaz\u00edthat\u00f3k, \u00e9s m\u00e1s gy\u00e1rt\u00f3k hasonl\u00f3 hidraulikus hengereit is k\u00e9pesek helyettes\u00edteni.<\/li>\n<\/ul>\n<p><img decoding=\"async\" src=\"https:\/\/www.hydraulic-cylinders.net\/wp-content\/uploads\/2025\/01\/songte-cylinder-head-with-all-kinds-excavator-models.webp\" alt=\"Testreszabhat\u00f3 v\u00f6d\u00f6rhenger\" \/><\/p>\n<h2>Alkalmaz\u00e1sok<\/h2>\n<p>A v\u00f6d\u00f6rhenger k\u00fcl\u00f6nf\u00e9le alkalmaz\u00e1sokban haszn\u00e1lhat\u00f3:<\/p>\n<ul>\n<li>\u00c9p\u00edt\u0151ipari berendez\u00e9sek: Kotr\u00f3g\u00e9pekben l\u00e9tfontoss\u00e1g\u00faak az \u00e1s\u00e1shoz, a talaj vagy t\u00f6rmel\u00e9k rakod\u00e1s\u00e1hoz \u00e9s mozgat\u00e1s\u00e1hoz. A kotr\u00f3g\u00e9pekben a kan\u00e1lhenger mind az \u00e1s\u00e1st, mind az emel\u00e9st seg\u00edti. <\/li>\n<li>Mez\u0151gazdas\u00e1gi g\u00e9pek: Homlokrakod\u00f3kban haszn\u00e1lj\u00e1k \u0151ket, seg\u00edtenek a talaj, sz\u00e9na \u00e9s egy\u00e9b anyagok emel\u00e9s\u00e9ben \u00e9s \u00fcr\u00edt\u00e9s\u00e9ben. Kotr\u00f3g\u00e9pekben a kan\u00e1lhenger lehet\u0151v\u00e9 teszi az \u00e1s\u00e1st az\u00e1ltal, hogy lehet\u0151v\u00e9 teszi a kan\u00e1l talajba val\u00f3 behatol\u00e1s\u00e1t. <\/li>\n<li>Rakod\u00f3: A homlokrakod\u00f3kban seg\u00edtik az \u00e1ruk hat\u00e9kony emel\u00e9s\u00e9t \u00e9s lerak\u00e1s\u00e1t.<\/li>\n<\/ul>\n<p>Minden egyes alkalmaz\u00e1st r\u00e9szletesen ismertet\u00fcnk az al\u00e1bbiakban:<\/p>\n<h3>\u00c9p\u00edt\u0151ipari berendez\u00e9sek<\/h3>\n<p>A kan\u00e1lhenger kulcsfontoss\u00e1g\u00fa szerepet j\u00e1tszik a kotr\u00f3g\u00e9pek z\u00f6kken\u0151mentes m\u0171k\u00f6d\u00e9s\u00e9ben. \u00c1s\u00e1skor a kan\u00e1lhenger seg\u00edt a talaj k\u00f6nny\u0171 behatol\u00e1s\u00e1ban, a talaj \u00e9s a t\u00f6rmel\u00e9k emel\u00e9s\u00e9ben \u00e9s lerak\u00e1s\u00e1ban. A kotr\u00f3g\u00e9pekn\u00e9l a henger seg\u00edti az \u00e1s\u00e1st \u00e9s az emel\u00e9st, megk\u00f6nny\u00edtve az anyagok berakod\u00e1s\u00e1t \u00e9s sz\u00e1ll\u00edt\u00e1s\u00e1t.<\/p>\n<h3>Mez\u0151gazdas\u00e1gi g\u00e9pek<\/h3>\n<p>A mez\u0151gazdas\u00e1gi g\u00e9pek homlokrakod\u00f3in tal\u00e1lhat\u00f3 kan\u00e1lhengerek hat\u00e9konyan emelik \u00e9s \u00fcr\u00edtik az olyan anyagokat, mint a talaj, sz\u00e9na, takarm\u00e1ny \u00e9s egy\u00e9b mez\u0151gazdas\u00e1gi term\u00e9kek. A mez\u0151gazdas\u00e1gban haszn\u00e1lt kotr\u00f3g\u00e9pekben a kan\u00e1lhenger lehet\u0151v\u00e9 teszi az \u00e1s\u00e1st az\u00e1ltal, hogy lehet\u0151v\u00e9 teszi a kan\u00e1l k\u00f6nny\u0171 talajba hatol\u00e1s\u00e1t.<\/p>\n<h3>Rakod\u00f3<\/h3>\n<p>A homlokrakod\u00f3k kan\u00e1lhengere seg\u00edti az \u00e1ruk hat\u00e9kony emel\u00e9s\u00e9t \u00e9s \u00fcr\u00edt\u00e9s\u00e9t, \u00edgy ide\u00e1lis neh\u00e9z anyagok be- \u00e9s kirakod\u00e1s\u00e1hoz.<\/p>\n<p><img decoding=\"async\" src=\"https:\/\/www.hydraulic-cylinders.net\/wp-content\/uploads\/2025\/01\/songte-bushings-with-all-kinds-of-excavator-models.webp\" alt=\"V\u00f6d\u00f6rhenger haszn\u00e1latban\" \/><\/p>\n<h2>Tervez\u00e9si szempontok \u00e9s kiv\u00e1laszt\u00e1si krit\u00e9riumok<\/h2>\n<p>A henger kiv\u00e1laszt\u00e1sakor sz\u00e1mos t\u00e9nyez\u0151t kell figyelembe venni, p\u00e9ld\u00e1ul a henger teherb\u00edr\u00e1s\u00e1t, t\u00f6m\u00edt\u00e9s\u00e9t, tart\u00f3ss\u00e1g\u00e1t, biztons\u00e1g\u00e1t \u00e9s karbantarthat\u00f3s\u00e1g\u00e1t. <\/p>\n<ul>\n<li>Teherb\u00edr\u00e1s: A kan\u00e1lhengernek k\u00e9pesnek kell lennie a v\u00e1rhat\u00f3 terhel\u00e9s elvisel\u00e9s\u00e9re g\u00f6rb\u00fcl\u00e9s vagy t\u00f6r\u00e9s n\u00e9lk\u00fcl, az alkalmaz\u00e1st\u00f3l f\u00fcgg\u0151en.<\/li>\n<li>T\u00f6m\u00edt\u00e9s: A kan\u00e1lhengert megfelel\u0151en t\u00f6m\u00edteni kell, hogy megakad\u00e1lyozzuk a hidraulikafolyad\u00e9k sziv\u00e1rg\u00e1s\u00e1t \u00e9s a k\u00f6rnyezet szennyez\u0151d\u00e9s\u00e9t.<\/li>\n<li>Tart\u00f3ss\u00e1g: A kan\u00e1lhengert tart\u00f3s anyagokb\u00f3l kell gy\u00e1rtani, hogy ellen\u00e1lljon a zord \u00fczemi k\u00f6rnyezetnek, n\u00f6velve az \u00e9lettartam\u00e1t.<\/li>\n<li>Biztons\u00e1g: A serleghengert \u00fagy kell megtervezni, hogy a kezel\u0151 \u00e9s a berendez\u00e9s k\u00f6r\u00fcl tart\u00f3zkod\u00f3k biztons\u00e1gban legyenek.<\/li>\n<li>Karbantarthat\u00f3s\u00e1g: A serleghengert \u00fagy kell megtervezni, hogy k\u00f6nnyen karbantarthat\u00f3 legyen, bele\u00e9rtve a t\u00f6m\u00edt\u00e9sek cser\u00e9j\u00e9t, tiszt\u00edt\u00e1s\u00e1t \u00e9s ken\u00e9s\u00e9t.<\/li>\n<\/ul>\n<p><img decoding=\"async\" src=\"https:\/\/www.hydraulic-cylinders.net\/wp-content\/uploads\/2025\/01\/songte-oil-pipes-and-spare-parts.webp\" alt=\"Alkatr\u00e9szek kan\u00e1lhengerhez\" \/><\/p>\n<h2>T\u00f6m\u00edt\u00e9s \u00e9s ken\u00e9s<\/h2>\n<p>A kan\u00e1lhenger k\u00fcl\u00f6nf\u00e9le t\u00f6m\u00edt\u00e9seket haszn\u00e1l, p\u00e9ld\u00e1ul dugatty\u00fat\u00f6m\u00edt\u00e9seket \u00e9s r\u00fadt\u00f6m\u00edt\u00e9seket, amelyek kop\u00e1s\u00e1ll\u00f3 anyagokb\u00f3l, p\u00e9ld\u00e1ul poliuret\u00e1nb\u00f3l \u00e9s nitrilgumib\u00f3l k\u00e9sz\u00fclnek, hogy biztos\u00edts\u00e1k a megfelel\u0151 t\u00f6m\u00edt\u00e9st \u00e9s megakad\u00e1lyozz\u00e1k az olajsziv\u00e1rg\u00e1st. A hengertest \u00e9s a menetes v\u00e9gfel\u00fcletek finoman megmunk\u00e1ltak a kop\u00e1s\u00e1ll\u00f3s\u00e1g jav\u00edt\u00e1sa \u00e9rdek\u00e9ben. A hengerfal \u00e9s a dugatty\u00fa rendszeres hidraulikaolaj-befecskendez\u00e9se sz\u00fcks\u00e9ges a ken\u00e9shez \u00e9s a kop\u00e1s megakad\u00e1lyoz\u00e1s\u00e1hoz.<\/p>\n<h2>Karbantart\u00e1s \u00e9s jav\u00edt\u00e1s<\/h2>\n<p>A kan\u00e1lhenger rendszeres ellen\u0151rz\u00e9se \u00e9s megel\u0151z\u0151 karbantart\u00e1sa elengedhetetlen a henger optim\u00e1lis teljes\u00edtm\u00e9ny\u00e9nek biztos\u00edt\u00e1s\u00e1hoz, mik\u00f6zben elker\u00fcli a k\u00f6lts\u00e9ges \u00e1ll\u00e1sid\u0151t \u00e9s jav\u00edt\u00e1sokat. A rendszeres ellen\u0151rz\u00e9s, a megfelel\u0151 ken\u00e9s \u00e9s a kalibr\u00e1ci\u00f3s ellen\u0151rz\u00e9sek a leggyakoribb karbantart\u00e1si feladatok k\u00f6z\u00e9 tartoznak. A megfelel\u0151 beszerel\u00e9s, ken\u00e9s \u00e9s be\u00e1ll\u00edt\u00e1s kulcsfontoss\u00e1g\u00fa, a henger megfelel\u0151 be\u00e1ll\u00edt\u00e1sa pedig elengedhetetlen. A henger r\u00f6gz\u00edt\u00e9s\u00e9hez megfelel\u0151 r\u00f6gz\u00edt\u0151konzolokat kell haszn\u00e1lni. A kan\u00e1lhenger \u00e9lettartam\u00e1nak n\u00f6vel\u00e9se \u00e9rdek\u00e9ben aj\u00e1nlott ellen\u0151rz\u00e9si, jav\u00edt\u00e1si \u00e9s csere elj\u00e1r\u00e1sokat ismertet\u00fcnk. <\/p>\n<p><img decoding=\"async\" src=\"https:\/\/www.hydraulic-cylinders.net\/wp-content\/uploads\/2025\/01\/songte-chushion-collar.webp\" alt=\"Kan\u00e1lhenger karbantart\u00e1sa \u00e9s jav\u00edt\u00e1sa\" \/><\/p>\n<h2>Biztons\u00e1gi szempontok \u00e9s k\u00f6rnyezeti t\u00e9nyez\u0151k<\/h2>\n<p>A kan\u00e1lhengerek haszn\u00e1latakor elengedhetetlen a biztons\u00e1gi \u00f3vint\u00e9zked\u00e9sek betart\u00e1sa, p\u00e9ld\u00e1ul annak megakad\u00e1lyoz\u00e1sa, hogy a munkahenger m\u0171k\u00f6d\u00e9s k\u00f6zben eltal\u00e1lja a munkav\u00e1llal\u00f3kat. A hidraulikaolaj \u00e9s m\u00e1s vesz\u00e9lyes anyagok megfelel\u0151 \u00e1rtalmatlan\u00edt\u00e1s\u00e1t be kell tartani a k\u00f6rnyezetszennyez\u00e9s elker\u00fcl\u00e9se \u00e9rdek\u00e9ben.<\/p>\n<h2>Hibadiagn\u00f3zis \u00e9s hibaelh\u00e1r\u00edt\u00e1s<\/h2>\n<p>A kan\u00e1lhenger gyakori probl\u00e9m\u00e1i k\u00f6z\u00e9 tartozhat az olajsziv\u00e1rg\u00e1s, a lass\u00fa m\u0171k\u00f6d\u00e9s vagy a cs\u00f6kkent teljes\u00edtm\u00e9ny. A rendszeres ellen\u0151rz\u00e9s, a megel\u0151z\u0151 karbantart\u00e1s \u00e9s az azonnali jav\u00edt\u00e1s elengedhetetlen ezen probl\u00e9m\u00e1k elker\u00fcl\u00e9se \u00e9rdek\u00e9ben. Ha probl\u00e9m\u00e1k mer\u00fclnek fel, a hiba ok\u00e1nak azonos\u00edt\u00e1s\u00e1val, majd a hib\u00e1s alkatr\u00e9szek jav\u00edt\u00e1s\u00e1val vagy cser\u00e9j\u00e9vel elh\u00e1r\u00edthat\u00f3k a hib\u00e1k.<\/p>\n<p><img decoding=\"async\" src=\"https:\/\/hzpt.com\/wp-content\/uploads\/2024\/11\/songte-company-1.webp\" alt=\"Kan\u00e1lhenger hibaelh\u00e1r\u00edt\u00e1sa\" \/><\/p>\n<h2>R\u00f3lunk<\/h2>\n<p>Hidraulikus hengergy\u00e1rt\u00f3k\u00e9nt a term\u00e9kek teljes sk\u00e1l\u00e1j\u00e1t k\u00edn\u00e1ljuk, \u00e9s a hazai \u00e9s nemzetk\u00f6zi piacok egyik vezet\u0151 hidraulikus hengergy\u00e1rt\u00f3j\u00e1v\u00e1 \u00e9s nagykereskedelmi forgalmaz\u00f3j\u00e1v\u00e1 v\u00e1ltunk. Kiv\u00e1l\u00f3 min\u0151s\u00e9gi strat\u00e9gi\u00e1t k\u00f6vet\u00fcnk, \u00e9s a finomgy\u00e1rt\u00f3 m\u0171helyek ipari termel\u00e9sir\u00e1ny\u00edt\u00e1s\u00e1ra t\u00e1maszkodunk. Folyamatosan fejlesztj\u00fck a m\u0171helyi gy\u00e1rt\u00e1si platformot, jav\u00edtjuk a term\u00e9kmin\u0151s\u00e9get biztos\u00edt\u00f3 gy\u00e1rt\u00f3sorokat, \u00e9s er\u0151s gy\u00e1rt\u00e1si k\u00e9pess\u00e9gekkel rendelkez\u00fcnk, hogy nagy hat\u00e9konys\u00e1ggal, nagy pontoss\u00e1ggal \u00e9s magas min\u0151s\u00e9gi elvekkel el\u00e9g\u00edts\u00fck ki az \u00fcgyfelek soksz\u00edn\u0171 ig\u00e9nyeit. <\/p>\n<p>C\u00e9g\u00fcnk professzion\u00e1lis szak\u00e9rtelmet, nemzetk\u00f6zi tan\u00fas\u00edtv\u00e1nyokat, testreszabott szolg\u00e1ltat\u00e1sokat, gy\u00e1rt\u00f3berendez\u00e9seket \u00e9s \u00e9rt\u00e9kes\u00edt\u00e9s ut\u00e1ni szolg\u00e1ltat\u00e1st k\u00edn\u00e1l. <\/p>\n<p><img decoding=\"async\" src=\"https:\/\/www.hydraulic-cylinders.net\/wp-content\/uploads\/2025\/01\/songte-company-3.webp\" alt=\"R\u00f3lunk\" \/><\/p>\n<p>Szerz\u0151: lyl<\/p>","protected":false},"excerpt":{"rendered":"<p>Bucket Cylinder For Bobcat Small Excavator E418 Introduction The bucket cylinder for Bobcat small excavator E418 is a specially designed hydraulic cylinder primarily used to control the movement of the bucket in heavy machinery such as excavators, backhoe excavators, and front-end loaders. Its main function is to allow the bucket to lift, lower, and tilt, [&hellip;]<\/p>","protected":false},"featured_media":14773,"comment_status":"open","ping_status":"closed","template":"","meta":{"_et_pb_use_builder":"","_et_pb_old_content":"","_et_gb_content_width":""},"product_brand":[],"product_cat":[1494],"product_tag":[1495,1496],"class_list":{"0":"post-15696","1":"product","2":"type-product","3":"status-publish","4":"has-post-thumbnail","6":"product_cat-bucket-cylinders","7":"product_tag-bucket-cylinders","8":"product_tag-hydraulic-cylinders","10":"first","11":"instock","12":"shipping-taxable","13":"product-type-simple"},"amp_enabled":true,"_links":{"self":[{"href":"https:\/\/www.hydraulic-cylinders.net\/hu\/wp-json\/wp\/v2\/product\/15696","targetHints":{"allow":["GET"]}}],"collection":[{"href":"https:\/\/www.hydraulic-cylinders.net\/hu\/wp-json\/wp\/v2\/product"}],"about":[{"href":"https:\/\/www.hydraulic-cylinders.net\/hu\/wp-json\/wp\/v2\/types\/product"}],"replies":[{"embeddable":true,"href":"https:\/\/www.hydraulic-cylinders.net\/hu\/wp-json\/wp\/v2\/comments?post=15696"}],"wp:featuredmedia":[{"embeddable":true,"href":"https:\/\/www.hydraulic-cylinders.net\/hu\/wp-json\/wp\/v2\/media\/14773"}],"wp:attachment":[{"href":"https:\/\/www.hydraulic-cylinders.net\/hu\/wp-json\/wp\/v2\/media?parent=15696"}],"wp:term":[{"taxonomy":"product_brand","embeddable":true,"href":"https:\/\/www.hydraulic-cylinders.net\/hu\/wp-json\/wp\/v2\/product_brand?post=15696"},{"taxonomy":"product_cat","embeddable":true,"href":"https:\/\/www.hydraulic-cylinders.net\/hu\/wp-json\/wp\/v2\/product_cat?post=15696"},{"taxonomy":"product_tag","embeddable":true,"href":"https:\/\/www.hydraulic-cylinders.net\/hu\/wp-json\/wp\/v2\/product_tag?post=15696"}],"curies":[{"name":"munkaf\u00fczet","href":"https:\/\/api.w.org\/{rel}","templated":true}]}}