{"id":15710,"date":"2025-01-19T14:52:38","date_gmt":"2025-01-19T14:52:38","guid":{"rendered":"https:\/\/www.hydraulic-cylinders.net\/product\/bucket-cylinder-for-takeuchi-small-excavator-tb153fr\/"},"modified":"2025-01-19T14:52:40","modified_gmt":"2025-01-19T14:52:40","slug":"bucket-cylinder-for-takeuchi-small-excavator-tb153fr","status":"publish","type":"product","link":"https:\/\/www.hydraulic-cylinders.net\/hu\/termek\/bucket-cylinder-for-takeuchi-small-excavator-tb153fr\/","title":{"rendered":"Kan\u00e1lhenger Takeuchi TB153FR kis kotr\u00f3g\u00e9phez"},"content":{"rendered":"<h2>Kan\u00e1lhenger Takeuchi TB153FR kis kotr\u00f3g\u00e9phez<\/h2>\n<h3>Bevezet\u00e9s<\/h3>\n<p>A kan\u00e1lhenger egy kifejezetten erre a c\u00e9lra tervezett hidraulikus henger, amelyet els\u0151sorban a kan\u00e1l mozg\u00e1s\u00e1nak vez\u00e9rl\u00e9s\u00e9re haszn\u00e1lnak neh\u00e9zg\u00e9pekben, p\u00e9ld\u00e1ul kotr\u00f3g\u00e9pekben, kotr\u00f3g\u00e9pekben \u00e9s homlokrakod\u00f3kban. F\u0151 funkci\u00f3ja a kan\u00e1l emel\u00e9s\u00e9nek, s\u00fcllyeszt\u00e9s\u00e9nek \u00e9s billent\u00e9s\u00e9nek lehet\u0151v\u00e9 t\u00e9tele, megk\u00f6nny\u00edtve a k\u00fcl\u00f6nf\u00e9le anyagmozgat\u00e1si feladatok elv\u00e9gz\u00e9s\u00e9t. A hidraulikus rendszerben a kan\u00e1lhenger pontosan szab\u00e1lyozza a kan\u00e1l mozg\u00e1s\u00e1t a hidraulikaolaj nyom\u00e1sv\u00e1ltoz\u00e1sain kereszt\u00fcl, lehet\u0151v\u00e9 t\u00e9ve a kezel\u0151k sz\u00e1m\u00e1ra, hogy hat\u00e9konyan kezelj\u00e9k a neh\u00e9z terheket, \u00e9s alkalmazkodjanak az \u00f6sszetett munkak\u00f6rnyezetekhez \u00e9s a v\u00e1ltozatos munkak\u00f6vetelm\u00e9nyekhez.<\/p>\n<p><img decoding=\"async\" src=\"https:\/\/www.hydraulic-cylinders.net\/wp-content\/uploads\/2025\/01\/songte-company-2.webp\"><\/p>\n<h3>Term\u00e9kjellemz\u0151k<\/h3>\n<ul>\n<li>Nagy szil\u00e1rds\u00e1g \u00e9s tart\u00f3ss\u00e1g: \u00c1ltal\u00e1ban nagy szil\u00e1rds\u00e1g\u00fa ac\u00e9lb\u00f3l vagy alum\u00edniumb\u00f3l k\u00e9sz\u00fcl, ellen\u00e1ll a nagy nyom\u00e1snak \u00e9s a nagy terhel\u00e9seknek, alkalmazkodik a zord munkak\u00f6rnyezethez, \u00e9s kop\u00e1s\u00e1ll\u00f3s\u00e1ggal \u00e9s korr\u00f3zi\u00f3\u00e1ll\u00f3s\u00e1ggal tervezt\u00e9k, hogy meghosszabb\u00edtsa \u00e9lettartam\u00e1t.<\/li>\n<li>Hat\u00e9kony hidraulikus m\u0171k\u00f6d\u00e9s: A hidraulikaolaj-nyom\u00e1s seg\u00edts\u00e9g\u00e9vel sima teleszk\u00f3pos mozg\u00e1sok \u00e9rhet\u0151k el, ami lehet\u0151v\u00e9 teszi a vez\u00e9rl\u0151parancsokra adott gyors reag\u00e1l\u00e1st, er\u0151teljes tol\u00f3- \u00e9s h\u00faz\u00f3er\u0151t biztos\u00edt, \u00e9s alkalmas neh\u00e9z terhek \u00e9s \u00f6sszetett feladatok kezel\u00e9s\u00e9re.<\/li>\n<li>K\u00fcl\u00f6nb\u00f6z\u0151 t\u00edpusok: Az egyszeres m\u0171k\u00f6d\u00e9s\u0171 (a hidraulika csak az egyik ir\u00e1nyban m\u0171k\u00f6dik) vagy kett\u0151s m\u0171k\u00f6d\u00e9s\u0171 (a hidraulika mindk\u00e9t ir\u00e1nyban m\u0171k\u00f6dik) hengerek a k\u00f6vetelm\u00e9nyeknek megfelel\u0151en v\u00e1laszthat\u00f3k ki, hogy megfeleljenek a k\u00fcl\u00f6nb\u00f6z\u0151 m\u0171k\u00f6d\u00e9si ig\u00e9nyeknek. Egyes modellek teleszk\u00f3posak, \u00edgy nagyobb kiny\u00fal\u00e1st tesznek lehet\u0151v\u00e9 a k\u00fcls\u0151 m\u00e9retek n\u00f6vel\u00e9se n\u00e9lk\u00fcl, \u00edgy alkalmasak korl\u00e1tozott helyig\u00e9ny\u0171 alkalmaz\u00e1sokhoz.<\/li>\n<li>Cser\u00e9lhet\u0151 term\u00e9k: Term\u00e9keink t\u00f6k\u00e9letesen helyettes\u00edthetik ezeket a hidraulikus hengereket.<\/li>\n<\/ul>\n<p><img decoding=\"async\" src=\"https:\/\/www.hydraulic-cylinders.net\/wp-content\/uploads\/2025\/01\/songte-cylinder-head-with-all-kinds-excavator-models.webp\"><\/p>\n<h3>V\u00f6d\u00f6rhenger alkalmaz\u00e1sa<\/h3>\n<p>A kan\u00e1lhengereket sz\u00e9les k\u00f6rben haszn\u00e1lj\u00e1k k\u00fcl\u00f6nf\u00e9le neh\u00e9zg\u00e9pekben, bele\u00e9rtve:<\/p>\n<ul>\n<li>\u00c9p\u00edt\u0151ipari berendez\u00e9sek: Kotr\u00f3g\u00e9pekben elengedhetetlenek az \u00e1s\u00e1shoz, rakod\u00e1shoz \u00e9s a talaj vagy t\u00f6rmel\u00e9k mozgat\u00e1s\u00e1hoz. A kotr\u00f3g\u00e9pekben a kan\u00e1lhengerek mind az \u00e1s\u00e1st, mind az emel\u00e9st seg\u00edtik. <\/li>\n<li>Mez\u0151gazdas\u00e1gi g\u00e9pek: Homlokrakod\u00f3kon haszn\u00e1lj\u00e1k talaj, sz\u00e9na \u00e9s egy\u00e9b anyagok kanalaz\u00e1s\u00e1ra, emel\u00e9s\u00e9re \u00e9s sz\u00e1ll\u00edt\u00e1s\u00e1ra. <\/li>\n<li>Kotr\u00f3g\u00e9pek: A kan\u00e1lhengerek lehet\u0151v\u00e9 teszik az \u00e1s\u00e1si m\u0171veleteket az\u00e1ltal, hogy lehet\u0151v\u00e9 teszik a kan\u00e1l talajba hatol\u00e1s\u00e1t.<\/li>\n<li>Rakod\u00f3k: A homlokrakod\u00f3kban hat\u00e9konyan seg\u00edtik az \u00e1ruk emel\u00e9s\u00e9t \u00e9s billent\u00e9s\u00e9t. <\/li>\n<\/ul>\n<p>N\u00e9zz\u00fck meg k\u00f6zelebbr\u0151l az egyes alkalmaz\u00e1sokat:<\/p>\n<h4>\u00c9p\u00edt\u0151ipari berendez\u00e9sek<\/h4>\n<p>A kotr\u00f3g\u00e9pekn\u00e9l a kan\u00e1lhengerek az egyik legfontosabb alkatr\u00e9sz. Kritikus szerepet j\u00e1tszanak a talaj vagy t\u00f6rmel\u00e9k \u00e1s\u00e1s\u00e1ban, rakod\u00e1s\u00e1ban \u00e9s mozgat\u00e1s\u00e1ban. <\/p>\n<h4>Mez\u0151gazdas\u00e1gi g\u00e9pek<\/h4>\n<p>A kan\u00e1lhengereket gyakran haszn\u00e1lj\u00e1k mez\u0151gazdas\u00e1gi g\u00e9pekben k\u00fcl\u00f6nf\u00e9le anyagmozgat\u00e1si feladatok seg\u00edt\u00e9s\u00e9re. Homlokrakod\u00f3kon haszn\u00e1lj\u00e1k \u0151ket talaj, sz\u00e9na \u00e9s egy\u00e9b anyagok mer\u00e9s\u00e9re, emel\u00e9s\u00e9re \u00e9s sz\u00e1ll\u00edt\u00e1s\u00e1ra. <\/p>\n<h4>Kotr\u00f3g\u00e9pek<\/h4>\n<p>A kan\u00e1lhengerek lehet\u0151v\u00e9 teszik a f\u00f6ldmunk\u00e1k elv\u00e9gz\u00e9s\u00e9t az\u00e1ltal, hogy lehet\u0151v\u00e9 teszik a kan\u00e1l talajba val\u00f3 behatol\u00e1s\u00e1t. Ezek minden kotr\u00f3g\u00e9p alapvet\u0151 r\u00e9sz\u00e9t k\u00e9pezik. <\/p>\n<h4>Rakod\u00f3k<\/h4>\n<p>A kan\u00e1lhengerek kritikus szerepet j\u00e1tszanak a homlokrakod\u00f3kban. Seg\u00edtenek az \u00e1ruk hat\u00e9kony emel\u00e9s\u00e9ben \u00e9s billent\u00e9s\u00e9ben.<\/p>\n<h3>Tervez\u00e9si szempontok \u00e9s kiv\u00e1laszt\u00e1si krit\u00e9riumok<\/h3>\n<p>A hengerek tervez\u00e9sekor sz\u00e1mos kritikus t\u00e9nyez\u0151t kell figyelembe venni:<\/p>\n<ul>\n<li>Teherb\u00edr\u00e1s: A kan\u00e1lhengereknek nagy terhel\u00e9st \u00e9s nyom\u00e1st kell elviselni\u00fck. <\/li>\n<li>T\u00f6m\u00edt\u00e9s: A serleghengereknek kiv\u00e1l\u00f3 t\u00f6m\u00edt\u0151teljes\u00edtm\u00e9nyre van sz\u00fcks\u00e9g\u00fck a sziv\u00e1rg\u00e1s megel\u0151z\u00e9se \u00e9s a megb\u00edzhat\u00f3 m\u0171k\u00f6d\u00e9s biztos\u00edt\u00e1sa \u00e9rdek\u00e9ben.<\/li>\n<li>Tart\u00f3ss\u00e1g: A kan\u00e1lhengerek v\u00e1rhat\u00f3an zord k\u00f6rnyezetben m\u0171k\u00f6dnek, ez\u00e9rt tart\u00f3saknak \u00e9s robusztusaknak kell lenni\u00fck. <\/li>\n<li>Biztons\u00e1g: A serleghengereket a biztons\u00e1g szem el\u0151tt tart\u00e1s\u00e1val kell megtervezni, biztos\u00edtva, hogy ne jelentsenek kock\u00e1zatot a kezel\u0151kre vagy a k\u00f6rnyezetre n\u00e9zve.<\/li>\n<li>Karbantart\u00e1s: A serleghengereknek k\u00f6nnyen karbantarthat\u00f3knak \u00e9s jav\u00edthat\u00f3knak kell lenni\u00fck, cs\u00f6kkentve az \u00e1ll\u00e1sid\u0151t \u00e9s a karbantart\u00e1si k\u00f6lts\u00e9geket.<\/li>\n<\/ul>\n<p><img decoding=\"async\" src=\"https:\/\/www.hydraulic-cylinders.net\/wp-content\/uploads\/2025\/01\/songte-oil-pipes-and-spare-parts.webp\"><\/p>\n<h3>T\u00f6m\u00edt\u00e9s \u00e9s ken\u00e9s<\/h3>\n<p>A kan\u00e1lhengerek k\u00fcl\u00f6nf\u00e9le t\u00f6m\u00edt\u0151elemeket haszn\u00e1lnak, p\u00e9ld\u00e1ul dugatty\u00fat\u00f6m\u00edt\u00e9seket \u00e9s r\u00fadt\u00f6m\u00edt\u00e9seket, amelyeket a kop\u00e1s- \u00e9s h\u0151\u00e1ll\u00f3s\u00e1guk alapj\u00e1n v\u00e1lasztanak ki. A t\u00f6m\u00edt\u0151elemek \u00e1ltal\u00e1ban olyan anyagokb\u00f3l k\u00e9sz\u00fclnek, mint a poliuret\u00e1n \u00e9s a nitrilgumi. A hengertestet \u00e9s a menetes v\u00e9gfel\u00fcleteket finoman megmunk\u00e1lj\u00e1k a kop\u00e1s\u00e1ll\u00f3s\u00e1g jav\u00edt\u00e1sa \u00e9rdek\u00e9ben. A rendszeres hidraulikaolajjal val\u00f3 ken\u00e9s elengedhetetlen a kan\u00e1lhenger megfelel\u0151 m\u0171k\u00f6d\u00e9s\u00e9hez \u00e9s \u00e9lettartam\u00e1nak meghosszabb\u00edt\u00e1s\u00e1hoz.<\/p>\n<h3>Karbantart\u00e1s \u00e9s jav\u00edt\u00e1s<\/h3>\n<p>A serleghengerek karbantart\u00e1s\u00e1hoz aj\u00e1nlott rendszeresen elv\u00e9gezni a k\u00f6vetkez\u0151 feladatokat:<\/p>\n<ul>\n<li>Ellen\u0151rizze a sziv\u00e1rg\u00e1sokat \u00e9s a s\u00e9r\u00fclt t\u00f6m\u00edt\u00e9seket<\/li>\n<li>Gy\u0151z\u0151dj\u00f6n meg arr\u00f3l, hogy a kan\u00e1lhenger r\u00f6gz\u00edt\u00e9si pontjai biztons\u00e1gosak<\/li>\n<li>Ellen\u0151rizze a hidraulikat\u00f6ml\u0151ket s\u00e9r\u00fcl\u00e9s vagy kop\u00e1s jelei szempontj\u00e1b\u00f3l<\/li>\n<\/ul>\n<p>A megfelel\u0151 beszerel\u00e9s, ken\u00e9s \u00e9s be\u00e1ll\u00edt\u00e1s elengedhetetlen a kan\u00e1lhenger megfelel\u0151 m\u0171k\u00f6d\u00e9s\u00e9nek \u00e9s \u00e9lettartam\u00e1nak meghosszabb\u00edt\u00e1s\u00e1hoz. Haszn\u00e1ljon megfelel\u0151 be\u00e1ll\u00edt\u00e1st \u00e9s megfelel\u0151 r\u00f6gz\u00edt\u0151konzolokat a henger r\u00f6gz\u00edt\u00e9s\u00e9hez.<\/p>\n<p><img decoding=\"async\" src=\"https:\/\/www.hydraulic-cylinders.net\/wp-content\/uploads\/2025\/01\/songte-chushion-collar.webp\"><\/p>\n<h3>Biztons\u00e1gi szempontok \u00e9s k\u00f6rnyezeti t\u00e9nyez\u0151k<\/h3>\n<p>A biztons\u00e1g kritikus fontoss\u00e1g\u00fa a serleghengerekkel v\u00e9gzett munka sor\u00e1n. A kezel\u0151knek be kell tartaniuk a biztons\u00e1gi ir\u00e1nyelveket, \u00e9s megfelel\u0151 szem\u00e9lyi v\u00e9d\u0151felszerel\u00e9st kell viselni\u00fck a serleghengerekkel v\u00e9gzett munka sor\u00e1n. <\/p>\n<p>A v\u00f6d\u00f6rhengereket k\u00f6rnyezetbar\u00e1t m\u00f3don tervezik, \u00e9s meg kell felelni\u00fck a k\u00f6rnyezetv\u00e9delmi el\u0151\u00edr\u00e1soknak \u00e9s szabv\u00e1nyoknak. <\/p>\n<h3>Hibadiagn\u00f3zis \u00e9s hibaelh\u00e1r\u00edt\u00e1s<\/h3>\n<p>A kan\u00e1lhenger meghib\u00e1sod\u00e1sa eset\u00e9n a k\u00f6vetkez\u0151 hibaelh\u00e1r\u00edt\u00e1si l\u00e9p\u00e9seket lehet tenni:<\/p>\n<ul>\n<li>Ellen\u0151rizze a t\u00f6m\u00edt\u0151 alkatr\u00e9szek sziv\u00e1rg\u00e1sait, s\u00e9r\u00fcl\u00e9seit vagy kop\u00e1s\u00e1t<\/li>\n<li>Ellen\u0151rizze a hidraulikat\u00f6ml\u0151ket s\u00e9r\u00fcl\u00e9s vagy kop\u00e1s jelei szempontj\u00e1b\u00f3l<\/li>\n<li>Ellen\u0151rizze a r\u00f6gz\u00edt\u00e9si pontokat s\u00e9r\u00fcl\u00e9s vagy lazas\u00e1g szempontj\u00e1b\u00f3l<\/li>\n<\/ul>\n<p>A megel\u0151z\u0151 int\u00e9zked\u00e9sek, mint p\u00e9ld\u00e1ul a rendszeres karbantart\u00e1s \u00e9s a szakszer\u0171 telep\u00edt\u00e9s, seg\u00edthetnek minimaliz\u00e1lni a lehets\u00e9ges probl\u00e9m\u00e1kat.<\/p>\n<p><img decoding=\"async\" src=\"https:\/\/www.hydraulic-cylinders.net\/wp-content\/uploads\/2025\/01\/songte-bushings-with-all-kinds-of-excavator-models.webp\"><\/p>\n<h3>C\u00e9g\u00fcnkr\u0151l<\/h3>\n<p>Hidraulikus hengerek gy\u00e1rt\u00f3ja vagyunk, amelyek k\u00e9pesek helyettes\u00edteni a hagyom\u00e1nyos hidraulikus hengereket. C\u00e9g\u00fcnk sz\u00e9les term\u00e9kv\u00e1laszt\u00e9kot k\u00edn\u00e1l, \u00e9s a hazai \u00e9s nemzetk\u00f6zi piacok egyik vezet\u0151 hidraulikus hengergy\u00e1rt\u00f3j\u00e1v\u00e1 \u00e9s nagykereskedelmi forgalmaz\u00f3j\u00e1v\u00e1 v\u00e1lt. A kiv\u00e1l\u00f3 min\u0151s\u00e9g elv\u00e9t k\u00f6vetj\u00fck, a kifinomult gy\u00e1rt\u00f3m\u0171hely ipari termel\u00e9sir\u00e1ny\u00edt\u00e1si strat\u00e9gi\u00e1j\u00e1ra t\u00e1maszkodunk, folyamatosan fejlesztj\u00fck a gy\u00e1rt\u00e1si platformot, jav\u00edtjuk a termel\u00e9s min\u0151s\u00e9g\u00e9t, \u00e9s er\u0151s alkot\u00f3k\u00e9pess\u00e9ggel rendelkez\u00fcnk. Hat\u00e9kony, nagy pontoss\u00e1g\u00fa \u00e9s kiv\u00e1l\u00f3 min\u0151s\u00e9g\u0171 term\u00e9keket k\u00edn\u00e1lunk \u00fcgyfeleinknek, hogy kiel\u00e9g\u00edts\u00fck a sokr\u00e9t\u0171 \u00fcgyf\u00e9lig\u00e9nyeket.<\/p>\n<p>C\u00e9g\u00fcnket a professzionalizmus, a nemzetk\u00f6zi tan\u00fas\u00edtv\u00e1nyok, a testreszab\u00e1si szolg\u00e1ltat\u00e1sok, a gy\u00e1rt\u00f3berendez\u00e9sek \u00e9s az \u00e9rt\u00e9kes\u00edt\u00e9s ut\u00e1ni szolg\u00e1ltat\u00e1sok jellemzik. <\/p>\n<p><img decoding=\"async\" src=\"https:\/\/hzpt.com\/wp-content\/uploads\/2024\/11\/songte-company-1.webp\"><\/p>\n<p>Szerz\u0151: lyl.<\/p>","protected":false},"excerpt":{"rendered":"<p>Bucket Cylinder For Takeuchi Small Excavator TB153FR Introduction A bucket cylinder is a specifically designed hydraulic cylinder primarily used to control the movement of the bucket in heavy machinery such as excavators, backhoes, and front-end loaders. Its main function is to enable the bucket to lift, lower, and tilt, making it easier to handle various [&hellip;]<\/p>","protected":false},"featured_media":14776,"comment_status":"open","ping_status":"closed","template":"","meta":{"_et_pb_use_builder":"","_et_pb_old_content":"","_et_gb_content_width":""},"product_brand":[],"product_cat":[1494],"product_tag":[1495,1496],"class_list":{"0":"post-15710","1":"product","2":"type-product","3":"status-publish","4":"has-post-thumbnail","6":"product_cat-bucket-cylinders","7":"product_tag-bucket-cylinders","8":"product_tag-hydraulic-cylinders","10":"first","11":"instock","12":"shipping-taxable","13":"product-type-simple"},"amp_enabled":true,"_links":{"self":[{"href":"https:\/\/www.hydraulic-cylinders.net\/hu\/wp-json\/wp\/v2\/product\/15710","targetHints":{"allow":["GET"]}}],"collection":[{"href":"https:\/\/www.hydraulic-cylinders.net\/hu\/wp-json\/wp\/v2\/product"}],"about":[{"href":"https:\/\/www.hydraulic-cylinders.net\/hu\/wp-json\/wp\/v2\/types\/product"}],"replies":[{"embeddable":true,"href":"https:\/\/www.hydraulic-cylinders.net\/hu\/wp-json\/wp\/v2\/comments?post=15710"}],"wp:featuredmedia":[{"embeddable":true,"href":"https:\/\/www.hydraulic-cylinders.net\/hu\/wp-json\/wp\/v2\/media\/14776"}],"wp:attachment":[{"href":"https:\/\/www.hydraulic-cylinders.net\/hu\/wp-json\/wp\/v2\/media?parent=15710"}],"wp:term":[{"taxonomy":"product_brand","embeddable":true,"href":"https:\/\/www.hydraulic-cylinders.net\/hu\/wp-json\/wp\/v2\/product_brand?post=15710"},{"taxonomy":"product_cat","embeddable":true,"href":"https:\/\/www.hydraulic-cylinders.net\/hu\/wp-json\/wp\/v2\/product_cat?post=15710"},{"taxonomy":"product_tag","embeddable":true,"href":"https:\/\/www.hydraulic-cylinders.net\/hu\/wp-json\/wp\/v2\/product_tag?post=15710"}],"curies":[{"name":"munkaf\u00fczet","href":"https:\/\/api.w.org\/{rel}","templated":true}]}}