{"id":15726,"date":"2025-01-19T14:53:54","date_gmt":"2025-01-19T14:53:54","guid":{"rendered":"https:\/\/www.hydraulic-cylinders.net\/product\/bucket-cylinder-for-case-large-excavator-cx300b\/"},"modified":"2025-01-19T14:53:56","modified_gmt":"2025-01-19T14:53:56","slug":"bucket-cylinder-for-case-large-excavator-cx300b","status":"publish","type":"product","link":"https:\/\/www.hydraulic-cylinders.net\/hu\/termek\/bucket-cylinder-for-case-large-excavator-cx300b\/","title":{"rendered":"Kan\u00e1lhenger Case nagym\u00e9ret\u0171 kotr\u00f3g\u00e9phez CX300B"},"content":{"rendered":"<h1>Kan\u00e1lhenger Case nagym\u00e9ret\u0171 kotr\u00f3g\u00e9phez CX300B<\/h1>\n<h2>Bevezet\u00e9s<\/h2>\n<p>A kan\u00e1lhenger egy speci\u00e1lisan tervezett hidraulikus henger, amelyet els\u0151sorban neh\u00e9zg\u00e9pek, p\u00e9ld\u00e1ul kotr\u00f3g\u00e9pek, kotr\u00f3rakod\u00f3k \u00e9s homlokrakod\u00f3k kanalainak mozg\u00e1s\u00e1nak vez\u00e9rl\u00e9s\u00e9re haszn\u00e1lnak. F\u0151 funkci\u00f3ja a kan\u00e1l emel\u00e9se, s\u00fcllyeszt\u00e9se \u00e9s billent\u00e9se, megk\u00f6nny\u00edtve a k\u00fcl\u00f6nf\u00e9le anyagmozgat\u00e1si feladatok elv\u00e9gz\u00e9s\u00e9t. A hidraulikus rendszerben a kan\u00e1lhenger a hidraulikaolaj nyom\u00e1s\u00e1nak v\u00e1ltoztat\u00e1s\u00e1val \u00e9ri el a kan\u00e1l pontos vez\u00e9rl\u00e9s\u00e9t, lehet\u0151v\u00e9 t\u00e9ve a kezel\u0151k sz\u00e1m\u00e1ra a neh\u00e9z terhek hat\u00e9kony kezel\u00e9s\u00e9t, valamint az \u00f6sszetett munkak\u00f6rnyezetekhez \u00e9s a v\u00e1ltozatos m\u0171k\u00f6d\u00e9si k\u00f6vetelm\u00e9nyekhez val\u00f3 alkalmazkod\u00e1st.<\/p>\n<p><img decoding=\"async\" src=\"https:\/\/www.hydraulic-cylinders.net\/wp-content\/uploads\/2025\/01\/songte-company-2.webp\"><\/p>\n<h2>Jellemz\u0151k<\/h2>\n<ul>\n<li><strong>Nagy szil\u00e1rds\u00e1g \u00e9s tart\u00f3ss\u00e1g:<\/strong> \u00c1ltal\u00e1ban nagy szil\u00e1rds\u00e1g\u00fa ac\u00e9lb\u00f3l vagy alum\u00edniumb\u00f3l k\u00e9sz\u00fcl, ellen\u00e1ll a nagy nyom\u00e1snak \u00e9s a nagy terhel\u00e9seknek, alkalmazkodik a zord munkak\u00f6rnyezethez, \u00e9s a kop\u00e1s\u00e1ll\u00f3s\u00e1got \u00e9s a korr\u00f3zi\u00f3\u00e1ll\u00f3s\u00e1got szem el\u0151tt tartva tervezt\u00e9k, meghosszabb\u00edtva \u00e9lettartam\u00e1t.<\/li>\n<li><strong>Hat\u00e9kony hidraulikus m\u0171k\u00f6d\u00e9s:<\/strong> Hidraulikaolaj-nyom\u00e1st haszn\u00e1l a sima kiny\u00fal\u00e1s \u00e9s \u00f6sszeh\u00faz\u00e1s \u00e9rdek\u00e9ben, gyorsan reag\u00e1l a vez\u00e9rl\u0151parancsokra, er\u0151teljes tol\u00f3- \u00e9s h\u00faz\u00f3er\u0151t biztos\u00edt, alkalmas neh\u00e9z terhek kezel\u00e9s\u00e9re \u00e9s \u00f6sszetett m\u0171k\u00f6d\u00e9si feladatokra.<\/li>\n<li><strong>K\u00fcl\u00f6nb\u00f6z\u0151 t\u00edpusok:<\/strong> Az egyir\u00e1ny\u00fa hidraulikus m\u0171k\u00f6dtet\u00e9s\u0171) vagy a k\u00e9tir\u00e1ny\u00fa (mindk\u00e9t ir\u00e1ny\u00fa hidraulikus m\u0171k\u00f6dtet\u00e9s\u0171) hengerek a k\u00f6vetelm\u00e9nyeknek megfelel\u0151en v\u00e1laszthat\u00f3k ki, hogy megfeleljenek a k\u00fcl\u00f6nb\u00f6z\u0151 m\u0171k\u00f6d\u00e9si ig\u00e9nyeknek. Egyes modellek teleszk\u00f3posak, \u00edgy nagyobb kiny\u00fal\u00e1st tesznek lehet\u0151v\u00e9 a k\u00fcls\u0151 m\u00e9retek n\u00f6vel\u00e9se n\u00e9lk\u00fcl, \u00edgy alkalmasak korl\u00e1tozott helyig\u00e9ny\u0171 alkalmaz\u00e1sokhoz.<\/li>\n<li><strong>K\u00f6nny\u0171 csere:<\/strong> Term\u00e9keink t\u00f6k\u00e9letesen helyettes\u00edthet\u0151k ezekkel a hidraulikus hengerekkel. Hengerfej modellek sz\u00e9les v\u00e1laszt\u00e9k\u00e1t k\u00edn\u00e1ljuk, hogy minden kotr\u00f3g\u00e9p modellhez illeszkedjenek.<\/li>\n<\/ul>\n<p><img decoding=\"async\" src=\"https:\/\/www.hydraulic-cylinders.net\/wp-content\/uploads\/2025\/01\/songte-cylinder-head-with-all-kinds-excavator-models.webp\"><\/p>\n<h2>Alkalmaz\u00e1sok<\/h2>\n<p>A v\u00f6d\u00f6rhengert sz\u00e9les k\u00f6rben haszn\u00e1lj\u00e1k k\u00fcl\u00f6nb\u00f6z\u0151 ipar\u00e1gakban, t\u00f6bbek k\u00f6z\u00f6tt:<\/p>\n<ul>\n<li><strong>\u00c9p\u00edt\u0151ipari berendez\u00e9sek:<\/strong> Kotr\u00f3g\u00e9pekben tal\u00e1lhat\u00f3k, elengedhetetlenek az \u00e1s\u00e1shoz, rakod\u00e1shoz \u00e9s a talaj vagy t\u00f6rmel\u00e9k mozgat\u00e1s\u00e1hoz. A kotr\u00f3g\u00e9p-rakod\u00f3kban a kan\u00e1lhengerek seg\u00edtenek mind az \u00e1s\u00e1sban, mind az emel\u00e9sben. <\/li>\n<li><strong>Mez\u0151gazdas\u00e1gi g\u00e9pek:<\/strong> Homlokrakod\u00f3kban haszn\u00e1lj\u00e1k talaj, sz\u00e9na \u00e9s egy\u00e9b anyagok mer\u00e9s\u00e9re, emel\u00e9s\u00e9re \u00e9s sz\u00e1ll\u00edt\u00e1s\u00e1ra. <\/li>\n<li><strong>Kotr\u00f3g\u00e9pek:<\/strong> A kan\u00e1lhengerek lehet\u0151v\u00e9 teszik az \u00e1s\u00e1si m\u0171veleteket az\u00e1ltal, hogy lehet\u0151v\u00e9 teszik a kan\u00e1l sz\u00e1m\u00e1ra a talajba val\u00f3 behatol\u00e1st. <\/li>\n<li><strong>Rakod\u00f3g\u00e9pek:<\/strong> A homlokrakod\u00f3kban hat\u00e9konyan seg\u00edtenek a rakom\u00e1ny emel\u00e9s\u00e9ben \u00e9s \u00fcr\u00edt\u00e9s\u00e9ben.<\/li>\n<\/ul>\n<h2>Term\u00e9ktervez\u00e9si szempontok \u00e9s kiv\u00e1laszt\u00e1si szabv\u00e1nyok<\/h2>\n<p>A kan\u00e1lhengerek kiv\u00e1laszt\u00e1sakor elengedhetetlen a tervez\u00e9si t\u00e9nyez\u0151k figyelembev\u00e9tele, mint p\u00e9ld\u00e1ul a teherb\u00edr\u00e1s, a t\u00f6m\u00edt\u00e9s, a tart\u00f3ss\u00e1g, a biztons\u00e1g \u00e9s a karbantarthat\u00f3s\u00e1g. N\u00e9h\u00e1ny tervez\u00e9si szempont:<\/p>\n<ul>\n<li><strong>Teherb\u00edr\u00e1s:<\/strong> A kan\u00e1lhengernek k\u00e9pesnek kell lennie a berendez\u00e9s maxim\u00e1lis terhel\u00e9s\u00e9nek \u00e9s az emelt anyag s\u00faly\u00e1nak kezel\u00e9s\u00e9re.<\/li>\n<li><strong>T\u00f6m\u00edt\u00e9s:<\/strong> Haszn\u00e1ljon k\u00fcl\u00f6nb\u00f6z\u0151 t\u00f6m\u00edt\u00e9seket, p\u00e9ld\u00e1ul dugatty\u00fat\u00f6m\u00edt\u00e9seket, r\u00fadt\u00f6m\u00edt\u00e9seket, amelyek kop\u00e1s\u00e1ll\u00f3 anyagokb\u00f3l, p\u00e9ld\u00e1ul poliuret\u00e1nb\u00f3l \u00e9s nitrilgumib\u00f3l k\u00e9sz\u00fcltek, a t\u00f6m\u00edt\u0151teljes\u00edtm\u00e9ny biztos\u00edt\u00e1sa \u00e9rdek\u00e9ben, ami elengedhetetlen a hidraulikus rendszerekn\u00e9l.<\/li>\n<li><strong>Tart\u00f3ss\u00e1g:<\/strong> A hengertestet \u00e9s a menet v\u00e9g\u00e9t finoman meg kell munk\u00e1lni a kop\u00e1s\u00e1ll\u00f3s\u00e1g jav\u00edt\u00e1sa \u00e9rdek\u00e9ben. <\/li>\n<li><strong>Biztons\u00e1g:<\/strong> Biztons\u00e1gi szelepet kell be\u00e9p\u00edteni, hogy hidraulikus hiba eset\u00e9n megakad\u00e1lyozza a v\u00f6d\u00f6r hirtelen lees\u00e9s\u00e9t. <\/li>\n<li><strong>Karbantarthat\u00f3s\u00e1g:<\/strong> A hengernek k\u00f6nnyen sz\u00e9tszerelhet\u0151nek \u00e9s jav\u00edthat\u00f3nak kell lennie, \u00e9s a karbantart\u00e1si k\u00f6lts\u00e9geket alacsonyan kell tartani.<\/li>\n<\/ul>\n<p><img decoding=\"async\" src=\"https:\/\/www.hydraulic-cylinders.net\/wp-content\/uploads\/2025\/01\/songte-oil-pipes-and-spare-parts.webp\"><\/p>\n<h2>T\u00f6m\u00edt\u00e9s \u00e9s ken\u00e9s<\/h2>\n<p>A kan\u00e1lhengernek k\u00fcl\u00f6nf\u00e9le t\u00f6m\u00edt\u00e9seket kell haszn\u00e1lnia, p\u00e9ld\u00e1ul dugatty\u00fat\u00f6m\u00edt\u00e9seket \u00e9s r\u00fadt\u00f6m\u00edt\u00e9seket, amelyek kop\u00e1s\u00e1ll\u00f3 anyagokb\u00f3l, p\u00e9ld\u00e1ul poliuret\u00e1nb\u00f3l \u00e9s nitrilgumib\u00f3l k\u00e9sz\u00fclnek a t\u00f6m\u00edt\u0151teljes\u00edtm\u00e9ny biztos\u00edt\u00e1sa \u00e9rdek\u00e9ben. A hengertestet gondosan meg kell munk\u00e1lni a kop\u00e1s\u00e1ll\u00f3s\u00e1g jav\u00edt\u00e1sa \u00e9rdek\u00e9ben. Az optim\u00e1lis teljes\u00edtm\u00e9ny fenntart\u00e1s\u00e1hoz rendszeresen megfelel\u0151 mennyis\u00e9g\u0171 hidraulikaolajat kell hozz\u00e1adni ken\u00e9shez.<\/p>\n<h2>Karbantart\u00e1s \u00e9s jav\u00edt\u00e1s<\/h2>\n<p>A serleghenger \u00e9lettartam\u00e1nak meghosszabb\u00edt\u00e1s\u00e1hoz elengedhetetlen a rendszeres ellen\u0151rz\u00e9s \u00e9s a megel\u0151z\u0151 karbantart\u00e1s. A karbantart\u00e1si feladatok a k\u00f6vetkez\u0151k:<\/p>\n<ul>\n<li>Rendszeres ellen\u0151rz\u00e9sek <\/li>\n<li>Megfelel\u0151 ken\u00e9s <\/li>\n<li>T\u00f6m\u00edt\u00e9sek \u00e9s t\u00f6m\u00edt\u0151gy\u0171r\u0171k cser\u00e9je <\/li>\n<li>Kalibr\u00e1ci\u00f3s ellen\u0151rz\u00e9sek <\/li>\n<\/ul>\n<p>A megfelel\u0151 beszerel\u00e9s, ken\u00e9s \u00e9s be\u00e1ll\u00edt\u00e1s elengedhetetlen. A beszerel\u00e9s sor\u00e1n aj\u00e1nlott a megfelel\u0151 be\u00e1ll\u00edt\u00e1si \u00fatmutat\u00e1s, valamint a henger r\u00f6gz\u00edt\u00e9s\u00e9hez megfelel\u0151 r\u00f6gz\u00edt\u0151konzolok haszn\u00e1lata. A term\u00e9k \u00e9lettartam\u00e1nak n\u00f6vel\u00e9se \u00e9rdek\u00e9ben ellen\u0151rz\u00e9si, jav\u00edt\u00e1si \u00e9s csereprogramot javaslunk.<\/p>\n<p><img decoding=\"async\" src=\"https:\/\/www.hydraulic-cylinders.net\/wp-content\/uploads\/2025\/01\/songte-chushion-collar.webp\"><\/p>\n<h2>Biztons\u00e1gi szempontok \u00e9s k\u00f6rnyezeti t\u00e9nyez\u0151k<\/h2>\n<p>B\u00e1rmely hidraulikus henger kezel\u00e9sekor elengedhetetlen a biztons\u00e1gi int\u00e9zked\u00e9sek betart\u00e1sa, p\u00e9ld\u00e1ul v\u00e9d\u0151felszerel\u00e9s, p\u00e9ld\u00e1ul keszty\u0171 \u00e9s v\u00e9d\u0151szem\u00fcveg visel\u00e9se. Az is kulcsfontoss\u00e1g\u00fa, hogy betartsuk a k\u00f6rnyezetv\u00e9delmi el\u0151\u00edr\u00e1sokat a hidraulikaolaj \u00e9s a karbantart\u00e1s \u00e9s jav\u00edt\u00e1s sor\u00e1n keletkez\u0151 egy\u00e9b hullad\u00e9kok \u00e1rtalmatlan\u00edt\u00e1s\u00e1ra vonatkoz\u00f3an.<\/p>\n<h2>Hibaelh\u00e1r\u00edt\u00e1s \u00e9s gyakori probl\u00e9m\u00e1k<\/h2>\n<p>A kan\u00e1lhengerek gyakori probl\u00e9m\u00e1i k\u00f6z\u00e9 tartoznak a s\u00e9r\u00fclt t\u00f6m\u00edt\u00e9sek, sziv\u00e1rg\u00e1sok \u00e9s a cs\u00f6kkent \u00fczemi teljes\u00edtm\u00e9ny. A hibaelh\u00e1r\u00edt\u00e1s vizu\u00e1lis ellen\u0151rz\u00e9ssel \u00e9s hidraulikus nyom\u00e1spr\u00f3b\u00e1val v\u00e9gezhet\u0151 el. Javasoljuk, hogy b\u00e1rmilyen probl\u00e9ma eset\u00e9n forduljon szakemberhez.<\/p>\n<p><img decoding=\"async\" src=\"https:\/\/www.hydraulic-cylinders.net\/wp-content\/uploads\/2025\/01\/songte-bushings-with-all-kinds-of-excavator-models.webp\"><\/p>\n<h2>C\u00e9g\u00fcnkr\u0151l<\/h2>\n<p>Cserehidraulikus hengerek gy\u00e1rt\u00f3ja vagyunk, teljes term\u00e9kk\u00edn\u00e1lattal, \u00e9s a hazai \u00e9s nemzetk\u00f6zi piacok egyik vezet\u0151 hidraulikus hengergy\u00e1rt\u00f3j\u00e1v\u00e1 \u00e9s nagykereskedelmi forgalmaz\u00f3j\u00e1v\u00e1 v\u00e1ltunk. A kiv\u00e1l\u00f3 min\u0151s\u00e9g elv\u00e9t k\u00f6vetj\u00fck, \u00e9s a finomgy\u00e1rt\u00f3 m\u0171helyek ipari termel\u00e9sir\u00e1ny\u00edt\u00e1si strat\u00e9gi\u00e1j\u00e1ra t\u00e1maszkodunk. Folyamatosan fejlesztj\u00fck a m\u0171helygy\u00e1rt\u00e1si platformot \u00e9s jav\u00edtjuk a term\u00e9kmin\u0151s\u00e9gi gy\u00e1rt\u00e1si \u00fatvonalakat, valamint er\u0151s kreativit\u00e1ssal, hat\u00e9konys\u00e1ggal, nagy pontoss\u00e1ggal \u00e9s magas min\u0151s\u00e9ggel kapcsolatos elvekkel rendelkez\u00fcnk, hogy kiel\u00e9g\u00edts\u00fck \u00fcgyfeleink sokr\u00e9t\u0171 ig\u00e9nyeit.<\/p>\n<p>C\u00e9g\u00fcnk m\u0171szaki szakemberekb\u0151l \u00e1ll\u00f3 csapattal, cs\u00facskateg\u00f3ri\u00e1s digit\u00e1lis gy\u00e1rt\u00f3berendez\u00e9sekkel \u00e9s professzion\u00e1lis tesztel\u0151rendszerekkel rendelkezik term\u00e9keink min\u0151s\u00e9g\u00e9nek folyamatos fejleszt\u00e9se \u00e9s szem\u00e9lyre szabott szolg\u00e1ltat\u00e1sok ny\u00fajt\u00e1sa \u00e9rdek\u00e9ben. Professzion\u00e1lis \u00e9rt\u00e9kes\u00edt\u00e9s ut\u00e1ni szolg\u00e1ltat\u00e1sokat ny\u00fajtunk az \u00fcgyfelek el\u00e9gedetts\u00e9g\u00e9nek \u00e9s a hossz\u00fa t\u00e1v\u00fa egy\u00fcttm\u0171k\u00f6d\u00e9snek a biztos\u00edt\u00e1sa \u00e9rdek\u00e9ben.<\/p>\n<p><img decoding=\"async\" src=\"https:\/\/hzpt.com\/wp-content\/uploads\/2024\/11\/songte-company-1.webp\"> <\/p>\n<p>Szerz\u0151: lyl<\/p>","protected":false},"excerpt":{"rendered":"<p>Bucket Cylinder For Case Large Excavator CX300B Introduction A bucket cylinder is a specially designed hydraulic cylinder primarily used to control the movement of buckets in heavy machinery such as excavators, backhoe loaders, and front-end loaders. Its main function is to allow the bucket to lift, lower, and tilt, making it easier to handle various [&hellip;]<\/p>","protected":false},"featured_media":14773,"comment_status":"open","ping_status":"closed","template":"","meta":{"_et_pb_use_builder":"","_et_pb_old_content":"","_et_gb_content_width":""},"product_brand":[],"product_cat":[1494],"product_tag":[1495,1496],"class_list":{"0":"post-15726","1":"product","2":"type-product","3":"status-publish","4":"has-post-thumbnail","6":"product_cat-bucket-cylinders","7":"product_tag-bucket-cylinders","8":"product_tag-hydraulic-cylinders","10":"first","11":"instock","12":"shipping-taxable","13":"product-type-simple"},"amp_enabled":true,"_links":{"self":[{"href":"https:\/\/www.hydraulic-cylinders.net\/hu\/wp-json\/wp\/v2\/product\/15726","targetHints":{"allow":["GET"]}}],"collection":[{"href":"https:\/\/www.hydraulic-cylinders.net\/hu\/wp-json\/wp\/v2\/product"}],"about":[{"href":"https:\/\/www.hydraulic-cylinders.net\/hu\/wp-json\/wp\/v2\/types\/product"}],"replies":[{"embeddable":true,"href":"https:\/\/www.hydraulic-cylinders.net\/hu\/wp-json\/wp\/v2\/comments?post=15726"}],"wp:featuredmedia":[{"embeddable":true,"href":"https:\/\/www.hydraulic-cylinders.net\/hu\/wp-json\/wp\/v2\/media\/14773"}],"wp:attachment":[{"href":"https:\/\/www.hydraulic-cylinders.net\/hu\/wp-json\/wp\/v2\/media?parent=15726"}],"wp:term":[{"taxonomy":"product_brand","embeddable":true,"href":"https:\/\/www.hydraulic-cylinders.net\/hu\/wp-json\/wp\/v2\/product_brand?post=15726"},{"taxonomy":"product_cat","embeddable":true,"href":"https:\/\/www.hydraulic-cylinders.net\/hu\/wp-json\/wp\/v2\/product_cat?post=15726"},{"taxonomy":"product_tag","embeddable":true,"href":"https:\/\/www.hydraulic-cylinders.net\/hu\/wp-json\/wp\/v2\/product_tag?post=15726"}],"curies":[{"name":"munkaf\u00fczet","href":"https:\/\/api.w.org\/{rel}","templated":true}]}}