{"id":15733,"date":"2025-01-19T14:54:24","date_gmt":"2025-01-19T14:54:24","guid":{"rendered":"https:\/\/www.hydraulic-cylinders.net\/product\/bucket-cylinder-for-case-wheel-excavator-wx218\/"},"modified":"2025-01-19T14:54:29","modified_gmt":"2025-01-19T14:54:29","slug":"bucket-cylinder-for-case-wheel-excavator-wx218","status":"publish","type":"product","link":"https:\/\/www.hydraulic-cylinders.net\/hu\/termek\/bucket-cylinder-for-case-wheel-excavator-wx218\/","title":{"rendered":"Kan\u00e1lhenger Case WX218 kerekes kotr\u00f3g\u00e9phez"},"content":{"rendered":"<p><!DOCTYPE html><br \/>\n<html><br \/>\n<head><br \/>\n  <title>Kan\u00e1lhenger Case WX218 kerekes kotr\u00f3g\u00e9phez<\/title><br \/>\n<\/head><br \/>\n<body><\/p>\n<h1>Kan\u00e1lhenger Case WX218 kerekes kotr\u00f3g\u00e9phez<\/h1>\n<h2>Bevezet\u00e9s<\/h2>\n<p>A Case WX218 kerekes kotr\u00f3g\u00e9p kan\u00e1lhengere egy speci\u00e1lisan tervezett hidraulikus henger, amelyet neh\u00e9zg\u00e9pek, p\u00e9ld\u00e1ul kotr\u00f3g\u00e9pek, kotr\u00f3g\u00e9pek \u00e9s homlokrakod\u00f3k kan\u00e1lmozg\u00e1s\u00e1nak vez\u00e9rl\u00e9s\u00e9re haszn\u00e1lnak. F\u0151 funkci\u00f3ja a kan\u00e1l emel\u00e9se, s\u00fcllyeszt\u00e9se \u00e9s billent\u00e9se, megk\u00f6nny\u00edtve a k\u00fcl\u00f6nf\u00e9le anyagmozgat\u00e1si feladatok elv\u00e9gz\u00e9s\u00e9t. A hidraulikus rendszerben a kan\u00e1lhenger a hidraulikaolaj nyom\u00e1sv\u00e1ltoz\u00e1sainak felhaszn\u00e1l\u00e1s\u00e1val \u00e9ri el a kan\u00e1l pontos vez\u00e9rl\u00e9s\u00e9t, lehet\u0151v\u00e9 t\u00e9ve a kezel\u0151k sz\u00e1m\u00e1ra, hogy hat\u00e9konyan kezelj\u00e9k a neh\u00e9z terheket, \u00e9s alkalmazkodjanak az \u00f6sszetett munkak\u00f6rnyezetekhez \u00e9s a v\u00e1ltozatos m\u0171k\u00f6d\u00e9si k\u00f6vetelm\u00e9nyekhez.<\/p>\n<p>  <img decoding=\"async\" src=\"https:\/\/www.hydraulic-cylinders.net\/wp-content\/uploads\/2025\/01\/songte-company-2.webp\"><\/p>\n<h2>Jellemz\u0151k<\/h2>\n<ul>\n<li>Nagy szil\u00e1rds\u00e1g \u00e9s tart\u00f3ss\u00e1g: \u00c1ltal\u00e1ban nagy szil\u00e1rds\u00e1g\u00fa ac\u00e9lb\u00f3l vagy alum\u00edniumb\u00f3l k\u00e9sz\u00fcl, k\u00e9pes ellen\u00e1llni a nagy nyom\u00e1snak \u00e9s a nagy terhel\u00e9seknek, alkalmazkodik a zord munkak\u00f6rnyezethez, \u00e9s a kop\u00e1s\u00e1ll\u00f3s\u00e1g \u00e9s a korr\u00f3zi\u00f3\u00e1ll\u00f3s\u00e1g figyelembev\u00e9tel\u00e9vel tervezt\u00e9k az \u00e9lettartam meghosszabb\u00edt\u00e1sa \u00e9rdek\u00e9ben.<\/li>\n<li>Hat\u00e9kony hidraulikus m\u0171k\u00f6d\u00e9s: A hidraulikaolaj nyom\u00e1s\u00e1t haszn\u00e1lva sima kitol\u00e1si \u00e9s visszah\u00faz\u00e1si mozg\u00e1sokat \u00e9r el, lehet\u0151v\u00e9 t\u00e9ve a gyors reag\u00e1l\u00e1st a vez\u00e9rl\u0151parancsokra, er\u0151teljes tol\u00f3- \u00e9s h\u00faz\u00f3er\u0151t biztos\u00edtva, alkalmas neh\u00e9z terhek \u00e9s \u00f6sszetett m\u0171k\u00f6d\u00e9si feladatok kezel\u00e9s\u00e9re.<\/li>\n<li>T\u00f6bb t\u00edpus: Az ig\u00e9nyeknek megfelel\u0151en v\u00e1laszthat egyszeres m\u0171k\u00f6d\u00e9s\u0171 (csak egy ir\u00e1nyban hidraulikusan haszn\u00e1lhat\u00f3) vagy kett\u0151s m\u0171k\u00f6d\u00e9s\u0171 (mindk\u00e9t ir\u00e1nyban hidraulikusan haszn\u00e1lhat\u00f3) hengerek k\u00f6z\u00f6tt. Egyes modellek teleszk\u00f3posak, \u00edgy nagyobb kiny\u00fal\u00e1st tesznek lehet\u0151v\u00e9 a k\u00fcls\u0151 m\u00e9retek n\u00f6vel\u00e9se n\u00e9lk\u00fcl, \u00edgy alkalmasak korl\u00e1tozott helyig\u00e9ny\u0171 alkalmaz\u00e1sokhoz.<\/li>\n<li>T\u00f6k\u00e9letes csere: Term\u00e9keink t\u00f6k\u00e9letesen helyettes\u00edthetik ezeket a hidraulikus hengereket.<\/li>\n<\/ul>\n<p>  <img decoding=\"async\" src=\"https:\/\/www.hydraulic-cylinders.net\/wp-content\/uploads\/2025\/01\/songte-cylinder-head-with-all-kinds-excavator-models.webp\"><\/p>\n<h2>Alkalmaz\u00e1sok<\/h2>\n<ul>\n<li>\u00c9p\u00edt\u0151ipari berendez\u00e9sek: Kotr\u00f3g\u00e9pekben tal\u00e1lhat\u00f3k, elengedhetetlenek a f\u00f6ldmunk\u00e1khoz, a rakod\u00e1shoz \u00e9s a talaj vagy t\u00f6rmel\u00e9k mozgat\u00e1s\u00e1hoz. A kotr\u00f3g\u00e9pekben a kan\u00e1lhenger seg\u00edti mind az \u00e1s\u00e1st, mind az emel\u00e9st.<\/li>\n<li>Mez\u0151gazdas\u00e1gi g\u00e9pek: Homlokrakod\u00f3kban haszn\u00e1lj\u00e1k talaj, sz\u00e9na \u00e9s egy\u00e9b anyagok \u00e1s\u00e1s\u00e1ra, emel\u00e9s\u00e9re \u00e9s sz\u00e1ll\u00edt\u00e1s\u00e1ra.<\/li>\n<li>Kotr\u00f3g\u00e9pek: A kan\u00e1lhenger lehet\u0151v\u00e9 teszi az \u00e1s\u00e1si m\u0171veleteket az\u00e1ltal, hogy lehet\u0151v\u00e9 teszi a kan\u00e1l talajba val\u00f3 behatol\u00e1s\u00e1t.<\/li>\n<li>Rakod\u00f3k: A homlokrakod\u00f3kban hat\u00e9konyan seg\u00edtik az \u00e1ruk emel\u00e9s\u00e9t \u00e9s \u00fcr\u00edt\u00e9s\u00e9t.<\/li>\n<\/ul>\n<h2>Tervez\u00e9si szempontok \u00e9s kiv\u00e1laszt\u00e1si krit\u00e9riumok<\/h2>\n<ul>\n<li>Teherb\u00edr\u00e1s: Besz\u00e9lje meg a henger azon k\u00e9pess\u00e9g\u00e9t, hogy ellen\u00e1lljon a nagy terhel\u00e9seknek \u00e9s nyom\u00e1soknak.<\/li>\n<li>T\u00f6m\u00edt\u00e9s: Besz\u00e9lje meg a kop\u00e1s\u00e1ll\u00f3 anyagokb\u00f3l, p\u00e9ld\u00e1ul poliuret\u00e1nb\u00f3l \u00e9s nitrilgumib\u00f3l k\u00e9sz\u00fclt k\u00fcl\u00f6nf\u00e9le t\u00f6m\u00edt\u00e9sek, p\u00e9ld\u00e1ul dugatty\u00fat\u00f6m\u00edt\u00e9sek \u00e9s r\u00fadt\u00f6m\u00edt\u00e9sek haszn\u00e1lat\u00e1nak fontoss\u00e1g\u00e1t, valamint a hengertest \u00e9s a menetes v\u00e9gek fel\u00fcletkezel\u00e9s\u00e9t a kop\u00e1s\u00e1ll\u00f3s\u00e1g jav\u00edt\u00e1sa \u00e9rdek\u00e9ben.<\/li>\n<li>Tart\u00f3ss\u00e1g: Besz\u00e9lje meg a hossz\u00fa t\u00e1v\u00fa teljes\u00edtm\u00e9ny biztos\u00edt\u00e1s\u00e1t c\u00e9lz\u00f3 tervez\u00e9si szempontokat.<\/li>\n<li>Biztons\u00e1g: Mutassa be a tervbe be\u00e9p\u00edtett biztons\u00e1gi int\u00e9zked\u00e9seket.<\/li>\n<li>Karbantarthat\u00f3s\u00e1g: Besz\u00e9lje meg a karbantart\u00e1s \u00e9s a jav\u00edt\u00e1s egyszer\u0171s\u00e9g\u00e9t.<\/li>\n<\/ul>\n<p>  <img decoding=\"async\" src=\"https:\/\/www.hydraulic-cylinders.net\/wp-content\/uploads\/2025\/01\/songte-oil-pipes-and-spare-parts.webp\"><\/p>\n<h2>T\u00f6m\u00edt\u00e9s \u00e9s ken\u00e9s<\/h2>\n<p>A kan\u00e1lhenger k\u00fcl\u00f6nf\u00e9le t\u00f6m\u00edt\u0151elemeket haszn\u00e1l, p\u00e9ld\u00e1ul dugatty\u00fat\u00f6m\u00edt\u00e9seket \u00e9s r\u00fadt\u00f6m\u00edt\u00e9seket, amelyek kop\u00e1s\u00e1ll\u00f3 anyagokb\u00f3l k\u00e9sz\u00fclnek. A hengertest \u00e9s a menetes v\u00e9gek finom megmunk\u00e1l\u00e1son esnek \u00e1t a kop\u00e1s\u00e1ll\u00f3s\u00e1g fokoz\u00e1sa \u00e9rdek\u00e9ben. A z\u00f6kken\u0151mentes m\u0171k\u00f6d\u00e9s biztos\u00edt\u00e1s\u00e1hoz rendszeres ken\u00e9s sz\u00fcks\u00e9ges a megfelel\u0151 mennyis\u00e9g\u0171 hidraulikaolajjal.<\/p>\n<h2>Rendszeres ellen\u0151rz\u00e9s \u00e9s megel\u0151z\u0151 karbantart\u00e1s<\/h2>\n<ul>\n<li>Rendszeresen ellen\u0151rizze a palackot kop\u00e1s, sziv\u00e1rg\u00e1s vagy s\u00e9r\u00fcl\u00e9s jelei szempontj\u00e1b\u00f3l.<\/li>\n<li>A korai kop\u00e1s elker\u00fcl\u00e9se \u00e9rdek\u00e9ben gondoskodjon a megfelel\u0151 ken\u00e9sr\u0151l.<\/li>\n<li>A t\u00f6m\u00edt\u00e9seket sz\u00fcks\u00e9g szerint cser\u00e9lje ki az optim\u00e1lis teljes\u00edtm\u00e9ny fenntart\u00e1sa \u00e9rdek\u00e9ben.<\/li>\n<li>V\u00e9gezzen kalibr\u00e1ci\u00f3s ellen\u0151rz\u00e9seket a pontos m\u0171k\u00f6d\u00e9s biztos\u00edt\u00e1sa \u00e9rdek\u00e9ben.<\/li>\n<\/ul>\n<h2>Helyes term\u00e9ktelep\u00edt\u00e9si \u00fatmutat\u00f3<\/h2>\n<p>A serleghenger megfelel\u0151 beszerel\u00e9se elengedhetetlen az optim\u00e1lis teljes\u00edtm\u00e9nyhez. Javasoljuk, hogy a beszerel\u00e9s sor\u00e1n megfelel\u0151en igaz\u00edtsa a hengert, \u00e9s megfelel\u0151 r\u00f6gz\u00edt\u0151konzolokat haszn\u00e1ljon a henger r\u00f6gz\u00edt\u00e9s\u00e9hez. Adja meg az ellen\u0151rz\u00e9sre, jav\u00edt\u00e1sra \u00e9s cser\u00e9re vonatkoz\u00f3 aj\u00e1nlott elj\u00e1r\u00e1sokat, valamint tippeket ad a henger \u00e9lettartam\u00e1nak meghosszabb\u00edt\u00e1s\u00e1ra.<\/p>\n<p>  <img decoding=\"async\" src=\"https:\/\/www.hydraulic-cylinders.net\/wp-content\/uploads\/2025\/01\/songte-chushion-collar.webp\"><\/p>\n<h2>Biztons\u00e1gi szempontok \u00e9s k\u00f6rnyezeti t\u00e9nyez\u0151k<\/h2>\n<p>Hangs\u00falyozza a biztons\u00e1gi int\u00e9zked\u00e9sek fontoss\u00e1g\u00e1t a serleghengerrel v\u00e9gzett munka sor\u00e1n, valamint a k\u00f6rnyezeti t\u00e9nyez\u0151k figyelembev\u00e9tel\u00e9t a m\u0171k\u00f6d\u00e9se sor\u00e1n.<\/p>\n<h2>Hibaelh\u00e1r\u00edt\u00e1s \u00e9s gyakori probl\u00e9m\u00e1k<\/h2>\n<p>Besz\u00e9lje meg a kan\u00e1lhengerrel kapcsolatban felmer\u00fcl\u0151 gyakori probl\u00e9m\u00e1kat, adjon hibaelh\u00e1r\u00edt\u00e1si tippeket, \u00e9s k\u00edn\u00e1ljon megold\u00e1sokat, amelyek seg\u00edtik az olvas\u00f3kat a probl\u00e9m\u00e1k hat\u00e9kony diagnosztiz\u00e1l\u00e1s\u00e1ban \u00e9s megold\u00e1s\u00e1ban. Mutassa be a megel\u0151z\u0151 int\u00e9zked\u00e9seket a lehets\u00e9ges probl\u00e9m\u00e1k minimaliz\u00e1l\u00e1sa \u00e9rdek\u00e9ben.<\/p>\n<p>  <img decoding=\"async\" src=\"https:\/\/www.hydraulic-cylinders.net\/wp-content\/uploads\/2025\/01\/songte-bushings-with-all-kinds-of-excavator-models.webp\"><\/p>\n<h2>C\u00e9gbemutat\u00f3<\/h2>\n<p>Hidraulikus munkahengerek gy\u00e1rt\u00f3jak\u00e9nt, valamint a hazai \u00e9s nemzetk\u00f6zi piacok egyik vezet\u0151 hidraulikus munkahenger gy\u00e1rt\u00f3ja \u00e9s nagykereskedelmi forgalmaz\u00f3jak\u00e9nt m\u0171k\u00f6d\u00fcnk. Kiv\u00e1l\u00f3 min\u0151s\u00e9gi elveket k\u00f6vet\u00fcnk, \u00e9s j\u00f3l felszerelt gy\u00e1rt\u00f3m\u0171helyeinkben ipari termel\u00e9sir\u00e1ny\u00edt\u00e1si strat\u00e9gi\u00e1kra t\u00e1maszkodunk. Technol\u00f3giai tehets\u00e9g\u00fcnkkel, fejlett digit\u00e1lis gy\u00e1rt\u00f3berendez\u00e9seinkkel \u00e9s professzion\u00e1lis tesztel\u0151rendszereinkkel folyamatosan fejlesztj\u00fck gy\u00e1rt\u00e1si platformunkat, finom\u00edtjuk term\u00e9kmin\u0151s\u00e9gi gy\u00e1rt\u00e1si \u00fatvonalainkat, \u00e9s er\u0151s kreat\u00edv k\u00e9pess\u00e9gekkel rendelkez\u00fcnk. Term\u00e9keink hat\u00e9konyak, prec\u00edzek \u00e9s kiv\u00e1l\u00f3 min\u0151s\u00e9g\u0171ek, megfelelve \u00fcgyfeleink sokr\u00e9t\u0171 ig\u00e9nyeinek.<\/p>\n<p>  <img decoding=\"async\" src=\"https:\/\/hzpt.com\/wp-content\/uploads\/2024\/11\/songte-company-1.webp\"><\/p>\n<h3>Szakmaiass\u00e1g<\/h3>\n<p>Hangs\u00falyozza c\u00e9g\u00fcnk professzionalizmus\u00e1t a hidraulikus hengerek gy\u00e1rt\u00e1s\u00e1ban.<\/p>\n<h3>Nemzetk\u00f6zi min\u0151s\u00edt\u00e9s<\/h3>\n<p>Kiemelj\u00fck v\u00e1llalatunk nemzetk\u00f6zi tan\u00fas\u00edt\u00e1si szabv\u00e1nyok betart\u00e1s\u00e1t.<\/p>\n<h3>Testreszab\u00e1si szolg\u00e1ltat\u00e1sok<\/h3>\n<p>Mutassa be c\u00e9g\u00fcnk azon k\u00e9pess\u00e9g\u00e9t, hogy szem\u00e9lyre szabott szolg\u00e1ltat\u00e1sokat ny\u00fajtson.<\/p>\n<h3>Termel\u00e9si berendez\u00e9sek<\/h3>\n<p>Besz\u00e9ljen a gy\u00e1rt\u00e1si folyamatunkban haszn\u00e1lt korszer\u0171 gy\u00e1rt\u00f3berendez\u00e9sekr\u0151l.<\/p>\n<h3>\u00c9rt\u00e9kes\u00edt\u00e9s ut\u00e1ni szolg\u00e1ltat\u00e1s<\/h3>\n<p>Ismertesse c\u00e9g\u00fcnk elk\u00f6telezetts\u00e9g\u00e9t a kiv\u00e1l\u00f3 \u00e9rt\u00e9kes\u00edt\u00e9s ut\u00e1ni szolg\u00e1ltat\u00e1s ny\u00fajt\u00e1sa ir\u00e1nt.<\/p>\n<p>  <img decoding=\"async\" src=\"https:\/\/www.hydraulic-cylinders.net\/wp-content\/uploads\/2025\/01\/songte-company-3.webp\"><\/p>\n<p>Szerz\u0151: lyl<\/p>\n<p><\/body><br \/>\n<\/html><\/p>","protected":false},"excerpt":{"rendered":"<p>Bucket Cylinder For Case Wheel Excavator WX218 Bucket Cylinder For Case Wheel Excavator WX218 Introduction The bucket cylinder for Case wheel excavator WX218 is a specially designed hydraulic cylinder used to control the movement of the bucket in heavy machinery such as excavators, backhoe excavators, and front-end loaders. Its main function is to enable the [&hellip;]<\/p>","protected":false},"featured_media":14788,"comment_status":"open","ping_status":"closed","template":"","meta":{"_et_pb_use_builder":"","_et_pb_old_content":"","_et_gb_content_width":""},"product_brand":[],"product_cat":[1494],"product_tag":[1495,1496],"class_list":{"0":"post-15733","1":"product","2":"type-product","3":"status-publish","4":"has-post-thumbnail","6":"product_cat-bucket-cylinders","7":"product_tag-bucket-cylinders","8":"product_tag-hydraulic-cylinders","10":"first","11":"instock","12":"shipping-taxable","13":"product-type-simple"},"amp_enabled":true,"_links":{"self":[{"href":"https:\/\/www.hydraulic-cylinders.net\/hu\/wp-json\/wp\/v2\/product\/15733","targetHints":{"allow":["GET"]}}],"collection":[{"href":"https:\/\/www.hydraulic-cylinders.net\/hu\/wp-json\/wp\/v2\/product"}],"about":[{"href":"https:\/\/www.hydraulic-cylinders.net\/hu\/wp-json\/wp\/v2\/types\/product"}],"replies":[{"embeddable":true,"href":"https:\/\/www.hydraulic-cylinders.net\/hu\/wp-json\/wp\/v2\/comments?post=15733"}],"wp:featuredmedia":[{"embeddable":true,"href":"https:\/\/www.hydraulic-cylinders.net\/hu\/wp-json\/wp\/v2\/media\/14788"}],"wp:attachment":[{"href":"https:\/\/www.hydraulic-cylinders.net\/hu\/wp-json\/wp\/v2\/media?parent=15733"}],"wp:term":[{"taxonomy":"product_brand","embeddable":true,"href":"https:\/\/www.hydraulic-cylinders.net\/hu\/wp-json\/wp\/v2\/product_brand?post=15733"},{"taxonomy":"product_cat","embeddable":true,"href":"https:\/\/www.hydraulic-cylinders.net\/hu\/wp-json\/wp\/v2\/product_cat?post=15733"},{"taxonomy":"product_tag","embeddable":true,"href":"https:\/\/www.hydraulic-cylinders.net\/hu\/wp-json\/wp\/v2\/product_tag?post=15733"}],"curies":[{"name":"munkaf\u00fczet","href":"https:\/\/api.w.org\/{rel}","templated":true}]}}