{"id":15737,"date":"2025-01-19T14:54:44","date_gmt":"2025-01-19T14:54:44","guid":{"rendered":"https:\/\/www.hydraulic-cylinders.net\/product\/bucket-cylinder-for-world-small-excavator-w235\/"},"modified":"2025-01-19T14:54:46","modified_gmt":"2025-01-19T14:54:46","slug":"bucket-cylinder-for-world-small-excavator-w235","status":"publish","type":"product","link":"https:\/\/www.hydraulic-cylinders.net\/hu\/termek\/bucket-cylinder-for-world-small-excavator-w235\/","title":{"rendered":"Kan\u00e1lhenger a W235 vil\u00e1gm\u00e9ret\u0171 kis kotr\u00f3g\u00e9phez"},"content":{"rendered":"<h1>Kan\u00e1lhenger a W235 vil\u00e1gm\u00e9ret\u0171 kis kotr\u00f3g\u00e9phez<\/h1>\n<h2>Bevezet\u00e9s<\/h2>\n<p>The bucket cylinder, also known as a hydraulic cylinder, is a specially designed hydraulic actuator that primarily controls the movement of the bucket in heavy machinery such as excavators, backhoes, and front loaders. Its main function is to lift, lower and tilt the bucket, making it easier to handle various material-handling tasks. In the hydraulic system, the bucket cylinder precisely controls the bucket&#8217;s movement by changing the pressure of hydraulic oil, enabling operators to handle heavy objects efficiently and adapt to complex work environments and diverse job requirements.<\/p>\n<p><img decoding=\"async\" src=\"https:\/\/www.hydraulic-cylinders.net\/wp-content\/uploads\/2025\/01\/songte-company-2.webp\" alt=\"V\u00f6d\u00f6r henger k\u00e9pe\"><\/p>\n<h2>Jellemz\u0151k<\/h2>\n<ul>\n<li>Nagy szil\u00e1rds\u00e1g \u00e9s tart\u00f3ss\u00e1g: \u00c1ltal\u00e1ban nagy szil\u00e1rds\u00e1g\u00fa ac\u00e9lb\u00f3l vagy alum\u00edniumb\u00f3l k\u00e9sz\u00fcl, \u00edgy ellen\u00e1ll a nagy nyom\u00e1snak \u00e9s a nagy terhel\u00e9seknek, alkalmazkodva a zord munkak\u00f6rnyezethez. A kialak\u00edt\u00e1s sor\u00e1n a kop\u00e1s\u00e1ll\u00f3s\u00e1got \u00e9s a korr\u00f3zi\u00f3\u00e1ll\u00f3s\u00e1got is figyelembe vett\u00e9k, meghosszabb\u00edtva az \u00e9lettartam\u00e1t.<\/li>\n<li>Hat\u00e9kony hidraulikus m\u0171k\u00f6d\u00e9s: A hidraulikaolaj nyom\u00e1s\u00e1t kihaszn\u00e1lva sima kiny\u00fal\u00e1si \u00e9s \u00f6sszeh\u00faz\u00e1si mozg\u00e1sokat \u00e9r el, gyorsan reag\u00e1l a vez\u00e9rl\u0151parancsokra, er\u0151teljes tol\u00f3- \u00e9s h\u00faz\u00f3er\u0151t biztos\u00edtva, amely alkalmas neh\u00e9z t\u00e1rgyak \u00e9s \u00f6sszetett feladatok kezel\u00e9s\u00e9re.<\/li>\n<li>K\u00fcl\u00f6nb\u00f6z\u0151 t\u00edpusok: Az egyir\u00e1ny\u00fa hidraulikus m\u0171k\u00f6dtet\u00e9s\u0171) vagy a k\u00e9tir\u00e1ny\u00fa (mindk\u00e9t ir\u00e1ny\u00fa hidraulikus m\u0171k\u00f6dtet\u00e9s\u0171) hengerek a k\u00f6vetelm\u00e9nyeknek megfelel\u0151en v\u00e1laszthat\u00f3k ki, hogy megfeleljenek a k\u00fcl\u00f6nb\u00f6z\u0151 m\u0171k\u00f6d\u00e9si ig\u00e9nyeknek. Egyes modellek teleszk\u00f3posak, \u00edgy nagyobb kiny\u00fal\u00e1st tesznek lehet\u0151v\u00e9 a k\u00fcls\u0151 m\u00e9retek n\u00f6vel\u00e9se n\u00e9lk\u00fcl, \u00edgy alkalmasak korl\u00e1tozott helyig\u00e9ny\u0171 alkalmaz\u00e1sokhoz.<\/li>\n<li>Cser\u00e9lhet\u0151s\u00e9g: Term\u00e9keink t\u00f6k\u00e9letesen helyettes\u00edthetik ezeket a hidraulikus hengereket.<\/li>\n<\/ul>\n<p><img decoding=\"async\" src=\"https:\/\/www.hydraulic-cylinders.net\/wp-content\/uploads\/2025\/01\/songte-cylinder-head-with-all-kinds-excavator-models.webp\" alt=\"Hidraulikus henger k\u00e9pe\"><\/p>\n<h2>Alkalmaz\u00e1sok<\/h2>\n<p>A hengerfej sz\u00e9les k\u00f6rben alkalmazhat\u00f3 k\u00fcl\u00f6nb\u00f6z\u0151 ipar\u00e1gakban, p\u00e9ld\u00e1ul:<\/p>\n<ul>\n<li>\u00c9p\u00edt\u0151ipari berendez\u00e9sek: A kan\u00e1lhenger kulcsfontoss\u00e1g\u00fa a kotr\u00f3g\u00e9pekben az \u00e1s\u00e1shoz, rakod\u00e1shoz \u00e9s a talaj vagy t\u00f6rmel\u00e9k mozgat\u00e1s\u00e1hoz. A kotr\u00f3g\u00e9pekben seg\u00edt mind az \u00e1s\u00e1sban, mind az emel\u00e9sben. <\/li>\n<li>Mez\u0151gazdas\u00e1gi g\u00e9pek: Homlokrakod\u00f3khoz haszn\u00e1lj\u00e1k, f\u00f6ldet, sz\u00e9n\u00e1t \u00e9s egy\u00e9b anyagokat vesznek fel, emelnek fel \u00e9s sz\u00e1ll\u00edtanak. Kotr\u00f3g\u00e9pekben a kan\u00e1lhenger lehet\u0151v\u00e9 teszi, hogy a kan\u00e1l a f\u00f6ldbe hatoljon a f\u00f6ldmunka sor\u00e1n. <\/li>\n<li>Rakod\u00f3: Homlokrakod\u00f3kn\u00e1l seg\u00edt a rakom\u00e1ny hat\u00e9kony billent\u00e9s\u00e9ben \u00e9s \u00fcr\u00edt\u00e9s\u00e9ben.<\/li>\n<\/ul>\n<h2>Tervez\u00e9si szempontok \u00e9s kiv\u00e1laszt\u00e1si szabv\u00e1nyok<\/h2>\n<p>A hengerek tervez\u00e9sekor sz\u00e1mos t\u00e9nyez\u0151t kell figyelembe venni, t\u00f6bbek k\u00f6z\u00f6tt:<\/p>\n<ul>\n<li>Teherb\u00edr\u00e1s: A kan\u00e1lhengerek teherb\u00edr\u00e1s\u00e1nak elegend\u0151nek kell lennie ahhoz, hogy elb\u00edrja a mozgatand\u00f3 anyag s\u00faly\u00e1t \u00e9s a kan\u00e1lra hat\u00f3 k\u00fcls\u0151 er\u0151ket.<\/li>\n<li>T\u00f6m\u00edt\u00e9s: K\u00fcl\u00f6nb\u00f6z\u0151 t\u00f6m\u00edt\u00e9seket, p\u00e9ld\u00e1ul dugatty\u00fat\u00f6m\u00edt\u00e9seket \u00e9s r\u00fadt\u00f6m\u00edt\u00e9seket haszn\u00e1lnak az olajsziv\u00e1rg\u00e1s megakad\u00e1lyoz\u00e1s\u00e1ra \u00e9s a szennyez\u0151d\u00e9sek bejut\u00e1s\u00e1nak megakad\u00e1lyoz\u00e1s\u00e1ra.<\/li>\n<li>Tart\u00f3ss\u00e1g: A hengert \u00fagy kell megtervezni, hogy ellen\u00e1lljon a zord k\u00f6rnyezeti felt\u00e9teleknek, \u00e9s ellen\u00e1lljon a kop\u00e1snak \u00e9s a korr\u00f3zi\u00f3nak.<\/li>\n<li>Biztons\u00e1g: A kan\u00e1lhengert biztons\u00e1gi funkci\u00f3kkal kell ell\u00e1tni a balesetek megel\u0151z\u00e9se \u00e9s a kezel\u0151 biztons\u00e1g\u00e1nak garant\u00e1l\u00e1sa \u00e9rdek\u00e9ben.<\/li>\n<li>Karbantarthat\u00f3s\u00e1g: A hengert \u00fagy kell megtervezni, hogy k\u00f6nnyen karbantarthat\u00f3 \u00e9s jav\u00edthat\u00f3 legyen, cs\u00f6kkentve az \u00e1ll\u00e1sid\u0151t \u00e9s a karbantart\u00e1si k\u00f6lts\u00e9geket.<\/li>\n<\/ul>\n<p><img decoding=\"async\" src=\"https:\/\/www.hydraulic-cylinders.net\/wp-content\/uploads\/2025\/01\/songte-oil-pipes-and-spare-parts.webp\" alt=\"Hidraulikus henger alkatr\u00e9szek\"><\/p>\n<h2>T\u00f6m\u00edt\u00e9s \u00e9s ken\u00e9s<\/h2>\n<p>A kan\u00e1lhengerek k\u00fcl\u00f6nf\u00e9le t\u00f6m\u00edt\u00e9seket haszn\u00e1lnak, p\u00e9ld\u00e1ul dugatty\u00fat\u00f6m\u00edt\u00e9seket \u00e9s r\u00fadt\u00f6m\u00edt\u00e9seket az olajsziv\u00e1rg\u00e1s megakad\u00e1lyoz\u00e1s\u00e1ra \u00e9s a szennyez\u0151d\u00e9sek bejut\u00e1s\u00e1nak megakad\u00e1lyoz\u00e1s\u00e1ra. A t\u00f6m\u00edt\u00e9sek kop\u00e1s\u00e1ll\u00f3 anyagokb\u00f3l, p\u00e9ld\u00e1ul poliuret\u00e1nb\u00f3l \u00e9s nitrilgumib\u00f3l k\u00e9sz\u00fclnek. A hengertest \u00e9s a menetes v\u00e9gfel\u00fclet finoman megmunk\u00e1lt a kop\u00e1s\u00e1ll\u00f3s\u00e1g jav\u00edt\u00e1sa \u00e9rdek\u00e9ben. A kan\u00e1lhenger z\u00f6kken\u0151mentes m\u0171k\u00f6d\u00e9s\u00e9nek biztos\u00edt\u00e1s\u00e1hoz megfelel\u0151 hidraulikaolajjal t\u00f6rt\u00e9n\u0151 ken\u00e9s sz\u00fcks\u00e9ges.<\/p>\n<h2>Karbantart\u00e1s<\/h2>\n<p>A kan\u00e1lhenger hossz\u00fa \u00e9lettartam\u00e1nak \u00e9s hat\u00e9kony m\u0171k\u00f6d\u00e9s\u00e9nek biztos\u00edt\u00e1sa \u00e9rdek\u00e9ben elengedhetetlen a rendszeres karbantart\u00e1s. N\u00e9h\u00e1ny gyakori karbantart\u00e1si feladat:<\/p>\n<ul>\n<li>Regular checks of the cylinder&#8217;s condition and performance.<\/li>\n<li>A henger ken\u00e9se a sima m\u0171k\u00f6d\u00e9s biztos\u00edt\u00e1sa \u00e9rdek\u00e9ben.<\/li>\n<li>Elkopott t\u00f6m\u00edt\u00e9sek cser\u00e9je.<\/li>\n<li>Kalibr\u00e1ci\u00f3s ellen\u0151rz\u00e9sek a megfelel\u0151 m\u0171k\u00f6d\u00e9s biztos\u00edt\u00e1s\u00e1ra.<\/li>\n<li>Regular inspection and cleaning of the cylinder&#8217;s external parts.<\/li>\n<\/ul>\n<p><img decoding=\"async\" src=\"https:\/\/www.hydraulic-cylinders.net\/wp-content\/uploads\/2025\/01\/songte-chushion-collar.webp\" alt=\"Hidraulikus henger gall\u00e9r\"><\/p>\n<h2>Biztons\u00e1gi \u00e9s k\u00f6rnyezetv\u00e9delmi szempontok<\/h2>\n<p>A balesetek megel\u0151z\u00e9se \u00e9s a kezel\u0151 biztons\u00e1g\u00e1nak garant\u00e1l\u00e1sa \u00e9rdek\u00e9ben a kan\u00e1lhenger kezel\u00e9sekor megfelel\u0151 biztons\u00e1gi \u00f3vint\u00e9zked\u00e9seket kell tenni. Fontos figyelembe venni a k\u00f6rnyezeti t\u00e9nyez\u0151ket is, p\u00e9ld\u00e1ul az olajsziv\u00e1rg\u00e1sokat \u00e9s -ki\u00f6ml\u00e9seket, valamint a hidraulikaolaj \u00e9s egy\u00e9b hullad\u00e9kanyagok megfelel\u0151 \u00e1rtalmatlan\u00edt\u00e1s\u00e1t.<\/p>\n<h2>Hibaelh\u00e1r\u00edt\u00e1s \u00e9s gyakori probl\u00e9m\u00e1k<\/h2>\n<p>A kan\u00e1lhengerek k\u00fcl\u00f6nf\u00e9le probl\u00e9m\u00e1kra hajlamosak, p\u00e9ld\u00e1ul olajsziv\u00e1rg\u00e1sra, s\u00e9r\u00fclt t\u00f6m\u00edt\u00e9sekre \u00e9s hib\u00e1san m\u0171k\u00f6d\u0151 szelepekre. Rendk\u00edv\u00fcl fontos ezen probl\u00e9m\u00e1k miel\u0151bbi diagnosztiz\u00e1l\u00e1sa \u00e9s megold\u00e1sa, hogy elker\u00fclj\u00fck az \u00e1ll\u00e1sid\u0151t \u00e9s a k\u00f6lts\u00e9ges jav\u00edt\u00e1sokat. A megfelel\u0151 megel\u0151z\u0151 int\u00e9zked\u00e9sek, mint p\u00e9ld\u00e1ul a rendszeres karbantart\u00e1s \u00e9s ellen\u0151rz\u00e9s, szint\u00e9n cs\u00f6kkenthetik a lehets\u00e9ges probl\u00e9m\u00e1kat.<\/p>\n<p><img decoding=\"async\" src=\"https:\/\/www.hydraulic-cylinders.net\/wp-content\/uploads\/2025\/01\/songte-bushings-with-all-kinds-of-excavator-models.webp\" alt=\"Hidraulikus henger perselyek\"><\/p>\n<h2>C\u00e9g\u00fcnkr\u0151l<\/h2>\n<p>Vezet\u0151 hidraulikus hengerek, bele\u00e9rtve a kan\u00e1lhengereket is, gy\u00e1rt\u00f3ja \u00e9s nagykereskedelmi forgalmaz\u00f3ja vagyunk. A kiv\u00e1l\u00f3 min\u0151s\u00e9g alapelveit k\u00f6vetj\u00fck, \u00e9s egy kifinomult gy\u00e1rt\u00f3m\u0171hely ipari termel\u00e9sir\u00e1ny\u00edt\u00e1si strat\u00e9gi\u00e1j\u00e1ra t\u00e1maszkodunk. C\u00e9g\u00fcnk folyamatosan fejleszti gy\u00e1rt\u00e1si platformjait, t\u00f6k\u00e9letes\u00edti term\u00e9kmin\u0151s\u00e9gi gy\u00e1rt\u00f3sorait, \u00e9s er\u0151s kreat\u00edv \u00e9s hat\u00e9kony k\u00e9pess\u00e9gekkel rendelkezik az \u00fcgyfelek sokr\u00e9t\u0171 ig\u00e9nyeinek kiel\u00e9g\u00edt\u00e9s\u00e9re. Professzion\u00e1lis, nemzetk\u00f6zi \u00e9s testreszabott szolg\u00e1ltat\u00e1sokat k\u00edn\u00e1lunk, korszer\u0171 gy\u00e1rt\u00f3berendez\u00e9sekkel rendelkez\u00fcnk, \u00e9s \u00e9rt\u00e9kes\u00edt\u00e9s ut\u00e1ni szolg\u00e1ltat\u00e1st is ny\u00fajtunk.<\/p>\n<p><img decoding=\"async\" src=\"https:\/\/hzpt.com\/wp-content\/uploads\/2024\/11\/songte-company-1.webp\" alt=\"C\u00e9ges im\u00e1zs\"><\/p>\n<p>C\u00e9g\u00fcnk a k\u00f6vetkez\u0151ket is k\u00edn\u00e1lja:<\/p>\n<ul>\n<li>Professzionalizmus: Szak\u00e9rt\u0151i csapatunk t\u00f6bb \u00e9ves tapasztalattal rendelkezik a hidraulikus hengerek ter\u00fclet\u00e9n.<\/li>\n<li>Nemzetk\u00f6zi min\u0151s\u00edt\u00e9s: Term\u00e9keink nemzetk\u00f6zi min\u0151s\u00edt\u00e9sekkel rendelkeznek, mint p\u00e9ld\u00e1ul a CE \u00e9s az ISO.<\/li>\n<li>Testreszab\u00e1si szolg\u00e1ltat\u00e1sok: Egyedi hidraulikus henger megold\u00e1sokat k\u00edn\u00e1lunk az \u00fcgyfelek speci\u00e1lis ig\u00e9nyeinek kiel\u00e9g\u00edt\u00e9s\u00e9re.<\/li>\n<li>Gy\u00e1rt\u00f3berendez\u00e9sek: Korszer\u0171 gy\u00e1rt\u00f3berendez\u00e9sekkel rendelkez\u00fcnk, mint p\u00e9ld\u00e1ul CNC g\u00e9pekkel, hegeszt\u0151g\u00e9pekkel \u00e9s csiszol\u00f3g\u00e9pekkel.<\/li>\n<li>\u00c9rt\u00e9kes\u00edt\u00e9s ut\u00e1ni szolg\u00e1ltat\u00e1s: \u00c9rt\u00e9kes\u00edt\u00e9s ut\u00e1ni szolg\u00e1ltat\u00e1st ny\u00fajtunk, bele\u00e9rtve a jav\u00edt\u00e1st \u00e9s az alkatr\u00e9szcser\u00e9t.<\/li>\n<\/ul>\n<p>Szerz\u0151: lyl.<\/p>","protected":false},"excerpt":{"rendered":"<p>Bucket Cylinder For World Small Excavator W235 Introduction The bucket cylinder, also known as a hydraulic cylinder, is a specially designed hydraulic actuator that primarily controls the movement of the bucket in heavy machinery such as excavators, backhoes, and front loaders. Its main function is to lift, lower and tilt the bucket, making it easier [&hellip;]<\/p>","protected":false},"featured_media":14782,"comment_status":"open","ping_status":"closed","template":"","meta":{"_et_pb_use_builder":"","_et_pb_old_content":"","_et_gb_content_width":""},"product_brand":[],"product_cat":[1494],"product_tag":[1495,1496],"class_list":{"0":"post-15737","1":"product","2":"type-product","3":"status-publish","4":"has-post-thumbnail","6":"product_cat-bucket-cylinders","7":"product_tag-bucket-cylinders","8":"product_tag-hydraulic-cylinders","10":"first","11":"instock","12":"shipping-taxable","13":"product-type-simple"},"amp_enabled":true,"_links":{"self":[{"href":"https:\/\/www.hydraulic-cylinders.net\/hu\/wp-json\/wp\/v2\/product\/15737","targetHints":{"allow":["GET"]}}],"collection":[{"href":"https:\/\/www.hydraulic-cylinders.net\/hu\/wp-json\/wp\/v2\/product"}],"about":[{"href":"https:\/\/www.hydraulic-cylinders.net\/hu\/wp-json\/wp\/v2\/types\/product"}],"replies":[{"embeddable":true,"href":"https:\/\/www.hydraulic-cylinders.net\/hu\/wp-json\/wp\/v2\/comments?post=15737"}],"wp:featuredmedia":[{"embeddable":true,"href":"https:\/\/www.hydraulic-cylinders.net\/hu\/wp-json\/wp\/v2\/media\/14782"}],"wp:attachment":[{"href":"https:\/\/www.hydraulic-cylinders.net\/hu\/wp-json\/wp\/v2\/media?parent=15737"}],"wp:term":[{"taxonomy":"product_brand","embeddable":true,"href":"https:\/\/www.hydraulic-cylinders.net\/hu\/wp-json\/wp\/v2\/product_brand?post=15737"},{"taxonomy":"product_cat","embeddable":true,"href":"https:\/\/www.hydraulic-cylinders.net\/hu\/wp-json\/wp\/v2\/product_cat?post=15737"},{"taxonomy":"product_tag","embeddable":true,"href":"https:\/\/www.hydraulic-cylinders.net\/hu\/wp-json\/wp\/v2\/product_tag?post=15737"}],"curies":[{"name":"munkaf\u00fczet","href":"https:\/\/api.w.org\/{rel}","templated":true}]}}