{"id":15740,"date":"2025-01-19T14:54:56","date_gmt":"2025-01-19T14:54:56","guid":{"rendered":"https:\/\/www.hydraulic-cylinders.net\/product\/bucket-cylinder-for-world-small-excavator-w285b-8\/"},"modified":"2025-01-19T14:54:58","modified_gmt":"2025-01-19T14:54:58","slug":"bucket-cylinder-for-world-small-excavator-w285b-8","status":"publish","type":"product","link":"https:\/\/www.hydraulic-cylinders.net\/hu\/termek\/bucket-cylinder-for-world-small-excavator-w285b-8\/","title":{"rendered":"Kan\u00e1lhenger a W285B-8 vil\u00e1gm\u00e9ret\u0171 kis kotr\u00f3g\u00e9phez"},"content":{"rendered":"<h1>Kan\u00e1lhenger a W285B-8 vil\u00e1gm\u00e9ret\u0171 kis kotr\u00f3g\u00e9phez<\/h1>\n<h2>Bevezet\u00e9s<\/h2>\n<p>A kan\u00e1lhenger egy speci\u00e1lisan tervezett hidraulikus henger, amelyet neh\u00e9zg\u00e9pek, p\u00e9ld\u00e1ul kotr\u00f3g\u00e9pek, kotr\u00f3g\u00e9pek \u00e9s homlokrakod\u00f3k kanalainak mozg\u00e1s\u00e1nak vez\u00e9rl\u00e9s\u00e9re haszn\u00e1lnak. F\u0151 funkci\u00f3ja a kan\u00e1l emel\u00e9s\u00e9nek, s\u00fcllyeszt\u00e9s\u00e9nek \u00e9s billent\u00e9s\u00e9nek lehet\u0151v\u00e9 t\u00e9tele, ez\u00e1ltal megk\u00f6nny\u00edtve a k\u00fcl\u00f6nf\u00e9le anyagmozgat\u00e1si feladatokat. A hidraulikus rendszerben a kan\u00e1lhenger a hidraulikaolaj nyom\u00e1sv\u00e1ltoz\u00e1s\u00e1t haszn\u00e1lja fel a kan\u00e1l pontos vez\u00e9rl\u00e9s\u00e9hez, lehet\u0151v\u00e9 t\u00e9ve a kezel\u0151 sz\u00e1m\u00e1ra a neh\u00e9z terhek hat\u00e9kony kezel\u00e9s\u00e9t, az \u00f6sszetett munkak\u00f6rnyezetekhez \u00e9s a v\u00e1ltozatos m\u0171k\u00f6d\u00e9si ig\u00e9nyekhez val\u00f3 alkalmazkod\u00e1st.<\/p>\n<p><img decoding=\"async\" src=\"https:\/\/www.hydraulic-cylinders.net\/wp-content\/uploads\/2025\/01\/songte-company-2.webp\" alt=\"V\u00f6d\u00f6r henger k\u00e9pe\"><\/p>\n<h2>Jellemz\u0151k<\/h2>\n<ul>\n<li>Nagy szil\u00e1rds\u00e1g \u00e9s tart\u00f3ss\u00e1g: \u00c1ltal\u00e1ban nagy szil\u00e1rds\u00e1g\u00fa ac\u00e9lb\u00f3l vagy alum\u00edniumb\u00f3l k\u00e9sz\u00fcl, ellen\u00e1ll a nagy nyom\u00e1snak \u00e9s a nagy terhel\u00e9seknek, alkalmazkodik a zord munkak\u00f6rnyezethez, \u00e9s kop\u00e1s\u00e1ll\u00f3s\u00e1ggal \u00e9s korr\u00f3zi\u00f3\u00e1ll\u00f3s\u00e1ggal tervezt\u00e9k az \u00e9lettartam meghosszabb\u00edt\u00e1sa \u00e9rdek\u00e9ben.<\/li>\n<li>Hat\u00e9kony hidraulikus m\u0171k\u00f6d\u00e9s: A hidraulikaolaj nyom\u00e1s\u00e1nak k\u00f6sz\u00f6nhet\u0151en a sima kiny\u00fajt\u00e1s \u00e9s \u00f6sszeh\u00faz\u00e1s gyorsan reag\u00e1l a vez\u00e9rl\u0151parancsokra, er\u0151teljes tol\u00f3- \u00e9s h\u00faz\u00f3er\u0151t biztos\u00edt, \u00e9s alkalmas neh\u00e9z terhek \u00e9s \u00f6sszetett \u00fczemeltet\u00e9si feladatok kezel\u00e9s\u00e9re.<\/li>\n<li>K\u00fcl\u00f6nb\u00f6z\u0151 t\u00edpusok: Az egyszeres m\u0171k\u00f6d\u00e9s\u0171 (csak egy ir\u00e1nyban hidraulikus) vagy kett\u0151s m\u0171k\u00f6d\u00e9s\u0171 (mindk\u00e9t ir\u00e1nyban hidraulikus) hengerek az \u00fczemeltet\u00e9si ig\u00e9nyeknek megfelel\u0151en v\u00e1laszthat\u00f3k. Egyes modellek teleszk\u00f3posak, \u00edgy nagyobb kiny\u00fal\u00e1st tesznek lehet\u0151v\u00e9 a k\u00fcls\u0151 m\u00e9retek n\u00f6vel\u00e9se n\u00e9lk\u00fcl, \u00edgy alkalmasak korl\u00e1tozott helyig\u00e9ny\u0171 alkalmaz\u00e1sokhoz.<\/li>\n<li>Gy\u00e1rt\u00e1si kapacit\u00e1s: Term\u00e9keink t\u00f6k\u00e9letesen helyettes\u00edthetik ezeket a hidraulikus hengereket.<\/li>\n<\/ul>\n<p><img decoding=\"async\" src=\"https:\/\/www.hydraulic-cylinders.net\/wp-content\/uploads\/2025\/01\/songte-cylinder-head-with-all-kinds-excavator-models.webp\" alt=\"V\u00f6d\u00f6rhenger csere k\u00e9p\"><\/p>\n<h2>Alkalmaz\u00e1sok<\/h2>\n<p>A kan\u00e1lhengert sz\u00e9les k\u00f6rben haszn\u00e1lj\u00e1k k\u00fcl\u00f6nf\u00e9le ipar\u00e1gakban, p\u00e9ld\u00e1ul \u00e9p\u00edt\u0151ipari berendez\u00e9sekben, mez\u0151gazdas\u00e1gi g\u00e9pekben, kotr\u00f3g\u00e9pekben \u00e9s rakod\u00f3g\u00e9pekben. F\u0151k\u00e9nt emel\u00e9sre, s\u00fcllyeszt\u00e9sre, billent\u00e9sre \u00e9s egy\u00e9b feladatokra haszn\u00e1lj\u00e1k. <\/p>\n<h3>\u00c9p\u00edt\u0151ipari berendez\u00e9sek<\/h3>\n<p>Kotr\u00f3g\u00e9pekben elengedhetetlenek az \u00e1s\u00e1shoz, rakod\u00e1shoz \u00e9s talaj vagy t\u00f6rmel\u00e9k mozgat\u00e1s\u00e1hoz. A kotr\u00f3g\u00e9pekben a kan\u00e1lhenger seg\u00edti mind az \u00e1s\u00e1st, mind az emel\u00e9st. Homlokrakod\u00f3kban az \u00e1ruk hat\u00e9kony emel\u00e9s\u00e9t \u00e9s \u00fcr\u00edt\u00e9s\u00e9t seg\u00edtik el\u0151.<\/p>\n<h3>Mez\u0151gazdas\u00e1gi g\u00e9pek<\/h3>\n<p>A kan\u00e1lhengert homlokrakod\u00f3khoz haszn\u00e1lj\u00e1k, \u00e9s elengedhetetlen a talaj, sz\u00e9na \u00e9s egy\u00e9b anyagok emel\u00e9s\u00e9hez \u00e9s billent\u00e9s\u00e9hez.<\/p>\n<h3>Kotr\u00f3g\u00e9pek<\/h3>\n<p>A kan\u00e1lhenger lehet\u0151v\u00e9 teszi, hogy a kan\u00e1l behatoljon a talajba \u00e1s\u00e1si m\u0171veletek v\u00e9grehajt\u00e1sa \u00e9rdek\u00e9ben.<\/p>\n<h3>Rakod\u00f3k<\/h3>\n<p>A homlokrakod\u00f3kban hat\u00e9konyan seg\u00edtenek az \u00e1ruk emel\u00e9s\u00e9ben \u00e9s billent\u00e9s\u00e9ben.<\/p>\n<p><img decoding=\"async\" src=\"https:\/\/www.hydraulic-cylinders.net\/wp-content\/uploads\/2025\/01\/songte-bushings-with-all-kinds-of-excavator-models.webp\" alt=\"V\u00f6d\u00f6rhenger alkalmaz\u00e1sk\u00e9pe\"><\/p>\n<h2>Tervez\u00e9si szempontok \u00e9s kiv\u00e1laszt\u00e1si krit\u00e9riumok<\/h2>\n<p>A kan\u00e1lhenger kialak\u00edt\u00e1s\u00e1nak \u00e9s anyagainak kiv\u00e1laszt\u00e1sa kritikus fontoss\u00e1g\u00fa az optim\u00e1lis teljes\u00edtm\u00e9ny \u00e9s tart\u00f3ss\u00e1g biztos\u00edt\u00e1sa \u00e9rdek\u00e9ben. A legfontosabb szempontok k\u00f6z\u00e9 tartozik a teherb\u00edr\u00e1s, a t\u00f6m\u00edt\u00e9s, a tart\u00f3ss\u00e1g, a biztons\u00e1g \u00e9s a karbantarthat\u00f3s\u00e1g.<\/p>\n<h3>Teherb\u00edr\u00e1s<\/h3>\n<p>A serleghengerek extr\u00e9m terhel\u00e9seknek vannak kit\u00e9ve, ez\u00e9rt elengedhetetlen olyan anyagok, vastags\u00e1g \u00e9s kialak\u00edt\u00e1s kiv\u00e1laszt\u00e1sa, amelyek ellen\u00e1llnak ezeknek az er\u0151knek. A serleghengerek gy\u00e1rt\u00e1s\u00e1hoz \u00e1ltal\u00e1ban nagy szil\u00e1rds\u00e1g\u00fa ac\u00e9lt vagy alum\u00edniumot haszn\u00e1lnak a sz\u00fcks\u00e9ges szil\u00e1rds\u00e1g biztos\u00edt\u00e1sa \u00e9rdek\u00e9ben.<\/p>\n<h3>T\u00f6m\u00edt\u00e9s<\/h3>\n<p>A kan\u00e1lhenger a hidraulikus rendszer alapvet\u0151 eleme, \u00e9s a megfelel\u0151 t\u00f6m\u00edt\u00e9s kritikus fontoss\u00e1g\u00fa a hat\u00e9kony m\u0171k\u00f6d\u00e9s\u00e9hez. K\u00fcl\u00f6nb\u00f6z\u0151 t\u00f6m\u00edt\u00e9seket, p\u00e9ld\u00e1ul dugatty\u00fat\u00f6m\u00edt\u00e9seket \u00e9s r\u00fadt\u00f6m\u00edt\u00e9seket haszn\u00e1lnak annak biztos\u00edt\u00e1s\u00e1ra, hogy a hidraulikafolyad\u00e9k a hengeren bel\u00fcl maradjon, \u00e9s megakad\u00e1lyozza a szennyez\u0151d\u00e9sek bejut\u00e1s\u00e1t a rendszerbe.<\/p>\n<h3>Tart\u00f3ss\u00e1g<\/h3>\n<p>A serleghenger zord k\u00f6rnyezeti hat\u00e1soknak van kit\u00e9ve, anyagainak pedig ellen\u00e1llniuk kell a kop\u00e1snak \u00e9s a korr\u00f3zi\u00f3nak. A hengerek nagy szil\u00e1rds\u00e1g\u00fa anyagokb\u00f3l k\u00e9sz\u00fclnek, amelyeket \u00fagy terveztek, hogy ellen\u00e1lljanak ezeknek a zord k\u00f6r\u00fclm\u00e9nyeknek, \u00e9s a henger fel\u00fclet\u00e9t kezelik a tov\u00e1bbi kop\u00e1s\u00e1ll\u00f3s\u00e1g biztos\u00edt\u00e1sa \u00e9rdek\u00e9ben.<\/p>\n<h3>Biztons\u00e1g<\/h3>\n<p>A serleghengerek extr\u00e9m terhel\u00e9snek vannak kit\u00e9ve, ez\u00e9rt elengedhetetlen a biztons\u00e1gos \u00fczemeltet\u00e9s\u00fck biztos\u00edt\u00e1sa. A tervez\u00e9si szempontok, mint p\u00e9ld\u00e1ul a biztons\u00e1gi szelepek, a v\u00e9szle\u00e1ll\u00edt\u00f3 kapcsol\u00f3k \u00e9s a nyom\u00e1scs\u00f6kkent\u0151 szelepek, biztos\u00edtj\u00e1k a rendszer biztons\u00e1gos m\u0171k\u00f6d\u00e9s\u00e9t \u00e9s megakad\u00e1lyozz\u00e1k a henger k\u00e1rosod\u00e1s\u00e1t.<\/p>\n<h3>Karbantarthat\u00f3s\u00e1g<\/h3>\n<p>A serleghengerek rendszeres karbantart\u00e1st ig\u00e9nyelnek az optim\u00e1lis teljes\u00edtm\u00e9ny biztos\u00edt\u00e1sa \u00e9s az \u00e9lettartam meghosszabb\u00edt\u00e1sa \u00e9rdek\u00e9ben. A k\u00f6nnyen cser\u00e9lhet\u0151 t\u00f6m\u00edt\u00e9sek haszn\u00e1lata, a kritikus alkatr\u00e9szekhez val\u00f3 k\u00fcls\u0151 hozz\u00e1f\u00e9r\u00e9s \u00e9s a megfelel\u0151 ken\u00e9s elengedhetetlen a karbantarthat\u00f3s\u00e1g biztos\u00edt\u00e1s\u00e1hoz.<\/p>\n<p><img decoding=\"async\" src=\"https:\/\/www.hydraulic-cylinders.net\/wp-content\/uploads\/2025\/01\/songte-oil-pipes-and-spare-parts.webp\" alt=\"V\u00f6d\u00f6rhenger tervez\u00e9si k\u00e9p\"><\/p>\n<h2>T\u00f6m\u00edt\u00e9sek \u00e9s ken\u00e9s<\/h2>\n<p>A t\u00f6m\u00edt\u00e9sek \u00e9s ken\u00e9s megfelel\u0151 kiv\u00e1laszt\u00e1sa elengedhetetlen az optim\u00e1lis teljes\u00edtm\u00e9ny biztos\u00edt\u00e1s\u00e1hoz \u00e9s az \u00e9lettartam meghosszabb\u00edt\u00e1s\u00e1hoz. K\u00fcl\u00f6nb\u00f6z\u0151 t\u00f6m\u00edt\u00e9seket, p\u00e9ld\u00e1ul dugatty\u00fat\u00f6m\u00edt\u00e9seket, r\u00fadt\u00f6m\u00edt\u00e9seket \u00e9s ablakt\u00f6rl\u0151ket haszn\u00e1lnak a folyad\u00e9ksziv\u00e1rg\u00e1s megakad\u00e1lyoz\u00e1s\u00e1ra \u00e9s a hat\u00e9kony m\u0171k\u00f6d\u00e9s biztos\u00edt\u00e1s\u00e1ra. Ken\u0151anyagok, p\u00e9ld\u00e1ul hidraulikaolaj haszn\u00e1lata elengedhetetlen a s\u00farl\u00f3d\u00e1s \u00e9s a kop\u00e1s cs\u00f6kkent\u00e9s\u00e9hez, valamint a hat\u00e9kony m\u0171k\u00f6d\u00e9s fenntart\u00e1s\u00e1hoz. A rendszeres karbantart\u00e1s elengedhetetlen a megfelel\u0151 ken\u00e9si szint biztos\u00edt\u00e1s\u00e1hoz \u00e9s a kritikus alkatr\u00e9szek kop\u00e1s\u00e1nak megel\u0151z\u00e9s\u00e9hez.<\/p>\n<h2>Karbantart\u00e1s \u00e9s jav\u00edt\u00e1s<\/h2>\n<p>A kan\u00e1lhenger rendszeres karbantart\u00e1sa \u00e9s jav\u00edt\u00e1sa elengedhetetlen az optim\u00e1lis teljes\u00edtm\u00e9ny biztos\u00edt\u00e1s\u00e1hoz \u00e9s az \u00e9lettartam meghosszabb\u00edt\u00e1s\u00e1hoz. Az \u00e1ltal\u00e1nos karbantart\u00e1si feladatok k\u00f6z\u00e9 tartozik a rendszeres ellen\u0151rz\u00e9s, a megfelel\u0151 ken\u00e9s, a t\u00f6m\u00edt\u00e9sek cser\u00e9je \u00e9s a kalibr\u00e1ci\u00f3s ellen\u0151rz\u00e9sek. A megfelel\u0151 telep\u00edt\u00e9s szint\u00e9n kritikus fontoss\u00e1g\u00fa az optim\u00e1lis teljes\u00edtm\u00e9ny biztos\u00edt\u00e1s\u00e1hoz, \u00e9s aj\u00e1nlott a szerel\u0151konzolok megfelel\u0151 be\u00e1ll\u00edt\u00e1sa \u00e9s haszn\u00e1lata. Az optim\u00e1lis teljes\u00edtm\u00e9ny biztos\u00edt\u00e1sa \u00e9s az \u00e9lettartam meghosszabb\u00edt\u00e1sa \u00e9rdek\u00e9ben aj\u00e1nlott az alkatr\u00e9szeket sz\u00fcks\u00e9g szerint cser\u00e9lni, \u00e9s ig\u00e9nybe venni a fel\u00faj\u00edt\u00e1si szolg\u00e1ltat\u00e1sokat.<\/p>\n<h2>Biztons\u00e1gi \u00e9s k\u00f6rnyezetv\u00e9delmi szempontok<\/h2>\n<p>Serleghengerek haszn\u00e1latakor elengedhetetlen a megfelel\u0151 biztons\u00e1gi elj\u00e1r\u00e1sok \u00e9s ir\u00e1nyelvek betart\u00e1sa az optim\u00e1lis teljes\u00edtm\u00e9ny biztos\u00edt\u00e1sa \u00e9s a balesetek megel\u0151z\u00e9se \u00e9rdek\u00e9ben. A biztons\u00e1gi szempontok, mint p\u00e9ld\u00e1ul a megfelel\u0151 v\u00e9d\u0151felszerel\u00e9s visel\u00e9se, a megfelel\u0151 telep\u00edt\u00e9s \u00e9s \u00fczemeltet\u00e9s, valamint a megfelel\u0151 karbantart\u00e1si \u00fctemtervek betart\u00e1sa elengedhetetlenek a biztons\u00e1gos \u00fczemeltet\u00e9s biztos\u00edt\u00e1s\u00e1hoz. A k\u00f6rnyezetv\u00e9delmi szempontok, mint p\u00e9ld\u00e1ul a haszn\u00e1lt hidraulikaolaj \u00e9s alkatr\u00e9szek megfelel\u0151 \u00e1rtalmatlan\u00edt\u00e1sa, szint\u00e9n elengedhetetlenek a k\u00f6rnyezeti hat\u00e1sok cs\u00f6kkent\u00e9se \u00e9s az el\u0151\u00edr\u00e1soknak val\u00f3 megfelel\u00e9s biztos\u00edt\u00e1sa \u00e9rdek\u00e9ben.<\/p>\n<h2>Hibadiagn\u00f3zis \u00e9s hibaelh\u00e1r\u00edt\u00e1s<\/h2>\n<p>A kan\u00e1lhengerek gyakori probl\u00e9m\u00e1i k\u00f6z\u00e9 tartozhatnak a sziv\u00e1rg\u00e1sok, a teljes\u00edtm\u00e9nykies\u00e9s \u00e9s a cs\u00f6kkent teljes\u00edtm\u00e9ny. A megfelel\u0151 diagn\u00f3zis \u00e9s hibaelh\u00e1r\u00edt\u00e1s elengedhetetlen ezen probl\u00e9m\u00e1k kiv\u00e1lt\u00f3 ok\u00e1nak azonos\u00edt\u00e1s\u00e1hoz \u00e9s hat\u00e9kony megold\u00e1sok kidolgoz\u00e1s\u00e1hoz. A gyakori hibaelh\u00e1r\u00edt\u00e1si l\u00e9p\u00e9sek k\u00f6z\u00e9 tartozik a sziv\u00e1rg\u00e1sok ellen\u0151rz\u00e9se, a folyad\u00e9kszintek ellen\u0151rz\u00e9se \u00e9s a kritikus alkatr\u00e9szek vizsg\u00e1lata. A megfelel\u0151 megel\u0151z\u0151 int\u00e9zked\u00e9sek, mint p\u00e9ld\u00e1ul a rendszeres karbantart\u00e1s \u00e9s ellen\u0151rz\u00e9s, seg\u00edthetnek cs\u00f6kkenteni ezen probl\u00e9m\u00e1k val\u00f3sz\u00edn\u0171s\u00e9g\u00e9t \u00e9s biztos\u00edtani az optim\u00e1lis teljes\u00edtm\u00e9nyt.<\/p>\n<p><img decoding=\"async\" src=\"https:\/\/www.hydraulic-cylinders.net\/wp-content\/uploads\/2025\/01\/songte-chushion-collar.webp\" alt=\"V\u00f6d\u00f6rhenger jav\u00edt\u00e1si k\u00e9p\"><\/p>\n<h2>C\u00e9g\u00fcnkr\u0151l<\/h2>\n<p>A hidraulikus hengerek vezet\u0151 gy\u00e1rt\u00f3ja \u00e9s forgalmaz\u00f3ja vagyunk, szakter\u00fclet\u00fcnk a p\u00f3thengerek gy\u00e1rt\u00e1sa. C\u00e9g\u00fcnk a kiv\u00e1l\u00f3 min\u0151s\u00e9g elv\u00e9t k\u00f6veti, ipari termel\u00e9sir\u00e1ny\u00edt\u00e1si strat\u00e9gi\u00e1kra, technol\u00f3giai tehets\u00e9gre, digit\u00e1lis, cs\u00facskateg\u00f3ri\u00e1s gy\u00e1rt\u00f3berendez\u00e9sekre \u00e9s professzion\u00e1lis tesztel\u0151rendszerekre t\u00e1maszkodva folyamatosan fejlesztj\u00fck gy\u00e1rt\u00e1si platformunkat \u00e9s t\u00f6k\u00e9letes term\u00e9kmin\u0151s\u00e9get biztos\u00edt\u00f3 gy\u00e1rt\u00f3sorainkat. Term\u00e9keink nagy hat\u00e9konys\u00e1ggal, nagy pontoss\u00e1ggal \u00e9s kiv\u00e1l\u00f3 min\u0151s\u00e9ggel rendelkeznek, kiel\u00e9g\u00edtve \u00fcgyfeleink sokr\u00e9t\u0171 ig\u00e9nyeit mind belf\u00f6ld\u00f6n, mind k\u00fclf\u00f6ld\u00f6n.<\/p>\n<h3>Szakmaiass\u00e1g<\/h3>\n<p>Szakemberekb\u0151l \u00e1ll\u00f3 csapatunk a hidraulikus hengerek ter\u00fclet\u00e9n nagy tapasztalattal rendelkezik, \u00e9s szak\u00e9rt\u0151i tan\u00e1csokat tud adni a term\u00e9k kiv\u00e1laszt\u00e1s\u00e1ban, telep\u00edt\u00e9s\u00e9ben \u00e9s karbantart\u00e1s\u00e1ban.<\/p>\n<h3>Nemzetk\u00f6zi min\u0151s\u00edt\u00e9s<\/h3>\n<p>Term\u00e9keink sz\u00e1mos nemzetk\u00f6zi tan\u00fas\u00edtv\u00e1nyt kaptak, \u00edgy biztos\u00edtva, hogy megfeleljenek a legmagasabb ipar\u00e1gi szabv\u00e1nyoknak.<\/p>\n<h3>Testreszab\u00e1s<\/h3>\n<p>Testreszabott szolg\u00e1ltat\u00e1sokat k\u00edn\u00e1lunk, hogy megfelelj\u00fcnk \u00fcgyfeleink speci\u00e1lis ig\u00e9nyeinek \u00e9s biztos\u00edtsuk az optim\u00e1lis teljes\u00edtm\u00e9nyt.<\/p>\n<h3>Termel\u00e9si berendez\u00e9sek<\/h3>\n<p>Gy\u00e1rt\u00f3berendez\u00e9seink a legmagasabb min\u0151s\u00e9g\u0171ek, \u00e9s a legmagasabb ipari szabv\u00e1nyoknak megfelel\u0151 hidraulikus hengerek gy\u00e1rt\u00e1s\u00e1ra tervezt\u00e9k \u0151ket.<\/p>\n<h3>\u00c9rt\u00e9kes\u00edt\u00e9s ut\u00e1ni szolg\u00e1ltat\u00e1s<\/h3>\n<p>\u00c1tfog\u00f3 \u00e9rt\u00e9kes\u00edt\u00e9s ut\u00e1ni szolg\u00e1ltat\u00e1st k\u00edn\u00e1lunk, hogy \u00fcgyfeleink el\u00e9gedettek legyenek v\u00e1s\u00e1rl\u00e1saikkal \u00e9s megkapj\u00e1k a sz\u00fcks\u00e9ges t\u00e1mogat\u00e1st.<\/p>\n<p><img decoding=\"async\" src=\"https:\/\/hzpt.com\/wp-content\/uploads\/2024\/11\/songte-company-1.webp\" alt=\"C\u00e9ges im\u00e1zs\"><\/p>\n<h4>Szerz\u0151: lyl.<\/h4>","protected":false},"excerpt":{"rendered":"<p>Bucket Cylinder For World Small Excavator W285B-8 Introduction A bucket cylinder is a specially designed hydraulic cylinder used to control the movement of buckets in heavy machinery such as excavators, backhoe excavators, and front-end loaders. Its main function is to enable the bucket to lift, lower, and tilt, thus facilitating various material handling tasks. In [&hellip;]<\/p>","protected":false},"featured_media":14776,"comment_status":"open","ping_status":"closed","template":"","meta":{"_et_pb_use_builder":"","_et_pb_old_content":"","_et_gb_content_width":""},"product_brand":[],"product_cat":[1494],"product_tag":[1495,1496],"class_list":{"0":"post-15740","1":"product","2":"type-product","3":"status-publish","4":"has-post-thumbnail","6":"product_cat-bucket-cylinders","7":"product_tag-bucket-cylinders","8":"product_tag-hydraulic-cylinders","10":"first","11":"instock","12":"shipping-taxable","13":"product-type-simple"},"amp_enabled":true,"_links":{"self":[{"href":"https:\/\/www.hydraulic-cylinders.net\/hu\/wp-json\/wp\/v2\/product\/15740","targetHints":{"allow":["GET"]}}],"collection":[{"href":"https:\/\/www.hydraulic-cylinders.net\/hu\/wp-json\/wp\/v2\/product"}],"about":[{"href":"https:\/\/www.hydraulic-cylinders.net\/hu\/wp-json\/wp\/v2\/types\/product"}],"replies":[{"embeddable":true,"href":"https:\/\/www.hydraulic-cylinders.net\/hu\/wp-json\/wp\/v2\/comments?post=15740"}],"wp:featuredmedia":[{"embeddable":true,"href":"https:\/\/www.hydraulic-cylinders.net\/hu\/wp-json\/wp\/v2\/media\/14776"}],"wp:attachment":[{"href":"https:\/\/www.hydraulic-cylinders.net\/hu\/wp-json\/wp\/v2\/media?parent=15740"}],"wp:term":[{"taxonomy":"product_brand","embeddable":true,"href":"https:\/\/www.hydraulic-cylinders.net\/hu\/wp-json\/wp\/v2\/product_brand?post=15740"},{"taxonomy":"product_cat","embeddable":true,"href":"https:\/\/www.hydraulic-cylinders.net\/hu\/wp-json\/wp\/v2\/product_cat?post=15740"},{"taxonomy":"product_tag","embeddable":true,"href":"https:\/\/www.hydraulic-cylinders.net\/hu\/wp-json\/wp\/v2\/product_tag?post=15740"}],"curies":[{"name":"munkaf\u00fczet","href":"https:\/\/api.w.org\/{rel}","templated":true}]}}