{"id":15748,"date":"2025-01-19T14:55:47","date_gmt":"2025-01-19T14:55:47","guid":{"rendered":"https:\/\/www.hydraulic-cylinders.net\/product\/bucket-cylinder-for-world-large-excavator-w2330lc-8\/"},"modified":"2025-01-19T14:55:49","modified_gmt":"2025-01-19T14:55:49","slug":"bucket-cylinder-for-world-large-excavator-w2330lc-8","status":"publish","type":"product","link":"https:\/\/www.hydraulic-cylinders.net\/hu\/termek\/bucket-cylinder-for-world-large-excavator-w2330lc-8\/","title":{"rendered":"Kan\u00e1lhenger a W2330LC-8 vil\u00e1gm\u00e9ret\u0171 kotr\u00f3g\u00e9phez"},"content":{"rendered":"<h1>Kan\u00e1lhenger a W2330LC-8 vil\u00e1gm\u00e9ret\u0171 kotr\u00f3g\u00e9phez<\/h1>\n<h2>Bevezet\u00e9s<\/h2>\n<h3>A v\u00f6d\u00f6rhenger meghat\u00e1roz\u00e1sa<\/h3>\n<p>A kan\u00e1lhenger egy speci\u00e1lisan tervezett hidraulikus henger, amelyet els\u0151sorban a neh\u00e9zg\u00e9pek, p\u00e9ld\u00e1ul kotr\u00f3g\u00e9pek, kotr\u00f3g\u00e9pek \u00e9s homlokrakod\u00f3k kan\u00e1lj\u00e1nak mozg\u00e1s\u00e1nak vez\u00e9rl\u00e9s\u00e9re haszn\u00e1lnak. F\u0151 funkci\u00f3ja a kan\u00e1l emel\u00e9se, s\u00fcllyeszt\u00e9se \u00e9s billent\u00e9se, megk\u00f6nny\u00edtve a k\u00fcl\u00f6nf\u00e9le anyagmozgat\u00e1si feladatok elv\u00e9gz\u00e9s\u00e9t.<\/p>\n<p>A hidraulikus rendszerben a kan\u00e1lhenger a hidraulikaolaj nyom\u00e1s\u00e1nak v\u00e1ltoztat\u00e1s\u00e1val prec\u00edzen szab\u00e1lyozza a kan\u00e1l m\u0171k\u00f6d\u00e9s\u00e9t, lehet\u0151v\u00e9 t\u00e9ve a kezel\u0151k sz\u00e1m\u00e1ra a neh\u00e9z terhek hat\u00e9kony kezel\u00e9s\u00e9t, valamint az \u00f6sszetett munkak\u00f6rnyezetekhez \u00e9s a v\u00e1ltozatos munkak\u00f6vetelm\u00e9nyekhez val\u00f3 alkalmazkod\u00e1st.<\/p>\n<p><img decoding=\"async\" src=\"https:\/\/www.hydraulic-cylinders.net\/wp-content\/uploads\/2025\/01\/songte-company-2.webp\" alt=\"V\u00f6d\u00f6r henger k\u00e9pe\"><\/p>\n<h3>A v\u00f6d\u00f6rhenger jellemz\u0151i<\/h3>\n<ul>\n<li><strong>Nagy szil\u00e1rds\u00e1g \u00e9s tart\u00f3ss\u00e1g:<\/strong> \u00c1ltal\u00e1ban nagy szil\u00e1rds\u00e1g\u00fa ac\u00e9lb\u00f3l vagy alum\u00edniumb\u00f3l k\u00e9sz\u00fcl, ellen\u00e1ll a nagy nyom\u00e1snak \u00e9s a nagy terhel\u00e9seknek, alkalmazkodik a zord munkak\u00f6rnyezethez, \u00e9s \u00fagy tervezt\u00e9k, hogy figyelembe vegye a kop\u00e1s\u00e1ll\u00f3s\u00e1got \u00e9s a korr\u00f3zi\u00f3\u00e1ll\u00f3s\u00e1got, ami meghosszabb\u00edtja az \u00e9lettartamot.<\/li>\n<li><strong>Hat\u00e9kony hidraulikus m\u0171k\u00f6dtet\u00e9s:<\/strong> A hidraulikaolaj nyom\u00e1s\u00e1nak k\u00f6sz\u00f6nhet\u0151en sima kiny\u00fal\u00e1si \u00e9s \u00f6sszeh\u00faz\u00e1si mozg\u00e1sokat \u00e9r el, gyorsan reag\u00e1l a m\u0171k\u00f6d\u00e9si parancsokra, er\u0151teljes tol\u00f3- \u00e9s h\u00faz\u00f3er\u0151t biztos\u00edt, \u00e9s alkalmas neh\u00e9z terhek \u00e9s \u00f6sszetett feladatok kezel\u00e9s\u00e9re.<\/li>\n<li><strong>K\u00fcl\u00f6nb\u00f6z\u0151 t\u00edpusok:<\/strong> Az ig\u00e9nyeknek megfelel\u0151en egyszeres m\u0171k\u00f6d\u00e9s\u0171 (a hidraulika csak az egyik ir\u00e1nyban m\u0171k\u00f6dik) vagy kett\u0151s m\u0171k\u00f6d\u00e9s\u0171 (a hidraulika mindk\u00e9t ir\u00e1nyban m\u0171k\u00f6dik) hengerek v\u00e1laszthat\u00f3k, egyes modellek pedig teleszk\u00f3posak, \u00edgy nagyobb kiny\u00fal\u00e1st tesznek lehet\u0151v\u00e9 a k\u00fcls\u0151 m\u00e9retek n\u00f6vel\u00e9se n\u00e9lk\u00fcl, \u00edgy alkalmasak korl\u00e1tozott helyig\u00e9ny\u0171 alkalmaz\u00e1sokhoz.<\/li>\n<li><strong>Helyettes\u00edthet\u0151:<\/strong> Term\u00e9k\u00fcnk t\u00f6k\u00e9letesen helyettes\u00edtheti ezeket a hidraulikus hengereket. <\/li>\n<\/ul>\n<p><img decoding=\"async\" src=\"https:\/\/www.hydraulic-cylinders.net\/wp-content\/uploads\/2025\/01\/songte-cylinder-head-with-all-kinds-excavator-models.webp\" alt=\"Kan\u00e1lhenger csere\"><\/p>\n<h3>A v\u00f6d\u00f6rhenger alkalmaz\u00e1sai<\/h3>\n<p>A v\u00f6d\u00f6rhengert sz\u00e9les k\u00f6rben haszn\u00e1lj\u00e1k k\u00fcl\u00f6nf\u00e9le neh\u00e9zg\u00e9pekben, bele\u00e9rtve:<\/p>\n<ul>\n<li><strong>\u00c9p\u00edt\u0151ipari berendez\u00e9sek:<\/strong> Kotr\u00f3g\u00e9pekben elengedhetetlenek a talaj vagy t\u00f6rmel\u00e9k ki\u00e1s\u00e1s\u00e1hoz, rakod\u00e1s\u00e1hoz \u00e9s mozgat\u00e1s\u00e1hoz. A kotr\u00f3g\u00e9pekben a kan\u00e1lhenger seg\u00edt mind az \u00e1s\u00e1sban, mind az emel\u00e9sben. <\/li>\n<li><strong>Mez\u0151gazdas\u00e1gi g\u00e9pek:<\/strong> Homlokrakod\u00f3khoz haszn\u00e1lj\u00e1k, talaj, sz\u00e9na \u00e9s egy\u00e9b anyagok felv\u00e9tel\u00e9re, emel\u00e9s\u00e9re \u00e9s sz\u00e1ll\u00edt\u00e1s\u00e1ra. <\/li>\n<li><strong>Kotr\u00f3g\u00e9pek:<\/strong> A kan\u00e1lhenger lehet\u0151v\u00e9 teszi az \u00e1s\u00e1si m\u0171veletet az\u00e1ltal, hogy lehet\u0151v\u00e9 teszi a kan\u00e1l talajba hatol\u00e1s\u00e1t. <\/li>\n<li><strong>Rakod\u00f3g\u00e9pek:<\/strong> A homlokrakod\u00f3kban hat\u00e9konyan seg\u00edtenek az \u00e1ruk emel\u00e9s\u00e9ben \u00e9s billent\u00e9s\u00e9ben. <\/li>\n<\/ul>\n<h3>Tervez\u00e9si szempontok \u00e9s kiv\u00e1laszt\u00e1si krit\u00e9riumok<\/h3>\n<p>A hengeres cs\u00f6vek tervez\u00e9sekor sz\u00e1mos t\u00e9nyez\u0151t kell figyelembe venni, t\u00f6bbek k\u00f6z\u00f6tt:<\/p>\n<ul>\n<li><strong>Teherb\u00edr\u00e1s:<\/strong> A hengert \u00fagy kell megtervezni, hogy ellen\u00e1lljon a berendez\u00e9ssel \u00e9s az alkalmaz\u00e1ssal j\u00e1r\u00f3 terhel\u00e9seknek.<\/li>\n<li><strong>T\u00f6m\u00edt\u00e9s:<\/strong> A folyad\u00e9k sziv\u00e1rg\u00e1s\u00e1nak megakad\u00e1lyoz\u00e1sa \u00e9rdek\u00e9ben a hengert le kell z\u00e1rni.<\/li>\n<li><strong>Tart\u00f3ss\u00e1g:<\/strong> A hengert olyan anyagokb\u00f3l kell gy\u00e1rtani, amelyek ellen\u00e1llnak a zord munkak\u00f6rnyezetnek, \u00e9s ellen\u00e1llnak a kop\u00e1snak \u00e9s a korr\u00f3zi\u00f3nak.<\/li>\n<li><strong>Biztons\u00e1g:<\/strong> A palackot biztons\u00e1gszempontb\u00f3l kell megtervezni, hogy elker\u00fclje a szem\u00e9lyi s\u00e9r\u00fcl\u00e9seket \u00e9s a berendez\u00e9sek k\u00e1rosod\u00e1s\u00e1t.<\/li>\n<li><strong>Karbantarthat\u00f3s\u00e1g:<\/strong> A hengert \u00fagy kell megtervezni, hogy k\u00f6nnyen karbantarthat\u00f3 \u00e9s jav\u00edthat\u00f3 legyen.<\/li>\n<\/ul>\n<p><img decoding=\"async\" src=\"https:\/\/www.hydraulic-cylinders.net\/wp-content\/uploads\/2025\/01\/songte-oil-pipes-and-spare-parts.webp\" alt=\"V\u00f6d\u00f6rhenger kialak\u00edt\u00e1sa\"><\/p>\n<h3>T\u00f6m\u00edt\u00e9s \u00e9s ken\u00e9s<\/h3>\n<p>A kan\u00e1lhenger k\u00fcl\u00f6nf\u00e9le t\u00f6m\u00edt\u00e9sekkel van felszerelve, p\u00e9ld\u00e1ul dugatty\u00fat\u00f6m\u00edt\u0151gy\u0171r\u0171vel \u00e9s r\u00fadt\u00f6m\u00edt\u0151gy\u0171r\u0171vel, amelyek kop\u00e1s\u00e1ll\u00f3 anyagokb\u00f3l, p\u00e9ld\u00e1ul poliuret\u00e1nb\u00f3l \u00e9s nitrilgumib\u00f3l k\u00e9sz\u00fclnek. A hengertest \u00e9s a menetes v\u00e9gfel\u00fclet finoman megmunk\u00e1lt a kop\u00e1s\u00e1ll\u00f3s\u00e1g jav\u00edt\u00e1sa \u00e9rdek\u00e9ben. Rendszeresen megfelel\u0151 mennyis\u00e9g\u0171 hidraulikaolajat kell hozz\u00e1adni a ken\u00e9shez.<\/p>\n<h3>Ellen\u0151rz\u00e9s \u00e9s megel\u0151z\u0151 karbantart\u00e1s<\/h3>\n<p>A rendszeres ellen\u0151rz\u00e9sek \u00e9s a megel\u0151z\u0151 karbantart\u00e1s elengedhetetlen a serleghengerek megfelel\u0151 m\u0171k\u00f6d\u00e9s\u00e9nek biztos\u00edt\u00e1s\u00e1hoz. Az al\u00e1bbiakban felsoroljuk a gyakori karbantart\u00e1si feladatokat:<\/p>\n<ul>\n<li>Rendszeres ellen\u0151rz\u00e9sek<\/li>\n<li>Megfelel\u0151 ken\u00e9s<\/li>\n<li>T\u00f6m\u00edt\u00e9s csere<\/li>\n<li>Kalibr\u00e1ci\u00f3s ellen\u0151rz\u00e9s<\/li>\n<\/ul>\n<p><img decoding=\"async\" src=\"https:\/\/www.hydraulic-cylinders.net\/wp-content\/uploads\/2025\/01\/songte-chushion-collar.webp\" alt=\"Kan\u00e1lhenger karbantart\u00e1sa\"><\/p>\n<h3>Biztons\u00e1gi szempontok \u00e9s k\u00f6rnyezeti t\u00e9nyez\u0151k<\/h3>\n<p>A serleghenger haszn\u00e1latakor biztons\u00e1gi int\u00e9zked\u00e9seket kell tenni a szem\u00e9lyi s\u00e9r\u00fcl\u00e9sek \u00e9s a berendez\u00e9sek k\u00e1rosod\u00e1s\u00e1nak elker\u00fcl\u00e9se \u00e9rdek\u00e9ben. Fontos, hogy a gy\u00e1rt\u00f3 utas\u00edt\u00e1sait betartsuk a megfelel\u0151 telep\u00edt\u00e9s \u00e9s haszn\u00e1lat \u00e9rdek\u00e9ben. A k\u00f6rnyezeti t\u00e9nyez\u0151k, mint p\u00e9ld\u00e1ul a h\u0151m\u00e9rs\u00e9klet \u00e9s a p\u00e1ratartalom, szint\u00e9n befoly\u00e1solhatj\u00e1k a henger m\u0171k\u00f6d\u00e9s\u00e9t, \u00e9s ezeket figyelembe kell venni.<\/p>\n<h3>Hibaelh\u00e1r\u00edt\u00e1s \u00e9s gyakori probl\u00e9m\u00e1k<\/h3>\n<p>A serleghenger hibaelh\u00e1r\u00edt\u00e1sakor gyakori probl\u00e9m\u00e1k lehetnek a folyad\u00e9ksziv\u00e1rg\u00e1s, a nyom\u00e1svesztes\u00e9g \u00e9s a henger eltol\u00f3d\u00e1sa. Az al\u00e1bbiakban n\u00e9h\u00e1ny megold\u00e1st tal\u00e1l ezekre a probl\u00e9m\u00e1kra:<\/p>\n<ul>\n<li>Folyad\u00e9ksziv\u00e1rg\u00e1s: Ellen\u0151rizze a t\u00f6m\u00edt\u00e9seket, \u00e9s sz\u00fcks\u00e9g eset\u00e9n cser\u00e9lje ki \u0151ket.<\/li>\n<li>Nyom\u00e1scs\u00f6kken\u00e9s: Ellen\u0151rizze a hidraulikus rendszert, \u00e9s jav\u00edtsa ki az esetleges sziv\u00e1rg\u00e1sokat.<\/li>\n<li>Henger eltol\u00f3d\u00e1sa: Ellen\u0151rizze a szelepeket \u00e9s t\u00f6m\u00edt\u00e9seket, \u00e9s sz\u00fcks\u00e9g eset\u00e9n jav\u00edtsa meg vagy cser\u00e9lje ki.<\/li>\n<\/ul>\n<p><img decoding=\"async\" src=\"https:\/\/www.hydraulic-cylinders.net\/wp-content\/uploads\/2025\/01\/songte-bushings-with-all-kinds-of-excavator-models.webp\" alt=\"Kan\u00e1lhenger hibaelh\u00e1r\u00edt\u00e1sa\"><\/p>\n<h2>C\u00e9gbemutat\u00f3<\/h2>\n<p>Hidraulikus hengerek cserealkatr\u00e9szeinek gy\u00e1rt\u00f3ja vagyunk. Teljes term\u00e9kk\u00edn\u00e1lattal rendelkez\u00fcnk, \u00e9s a hazai \u00e9s nemzetk\u00f6zi piacok egyik vezet\u0151 hidraulikus hengergy\u00e1rt\u00f3j\u00e1v\u00e1 \u00e9s nagykereskedelmi forgalmaz\u00f3j\u00e1v\u00e1 v\u00e1ltunk. A kiv\u00e1l\u00f3 min\u0151s\u00e9g elv\u00e9t k\u00f6vetj\u00fck, a kifinomult gy\u00e1rt\u00f3m\u0171helyek ipari termel\u00e9sir\u00e1ny\u00edt\u00e1si strat\u00e9gi\u00e1j\u00e1ra t\u00e1maszkodunk, \u00e9s folyamatosan fejlesztj\u00fck m\u0171hely\u00fcnk gy\u00e1rt\u00e1si platformj\u00e1t. Er\u0151s kreat\u00edv k\u00e9pess\u00e9gekkel rendelkez\u00fcnk, \u00e9s nagy hat\u00e9konys\u00e1ggal, nagy pontoss\u00e1ggal \u00e9s magas min\u0151s\u00e9gi elvekkel tudjuk kiel\u00e9g\u00edteni az \u00fcgyfelek soksz\u00edn\u0171 ig\u00e9nyeit.<\/p>\n<p>C\u00e9g\u00fcnk professzion\u00e1lis, nemzetk\u00f6zileg tan\u00fas\u00edtott, szem\u00e9lyre szabott szolg\u00e1ltat\u00e1sokat k\u00edn\u00e1l, korszer\u0171 gy\u00e1rt\u00f3berendez\u00e9sekkel \u00e9s kiv\u00e1l\u00f3 \u00e9rt\u00e9kes\u00edt\u00e9s ut\u00e1ni szolg\u00e1ltat\u00e1ssal rendelkezik.<\/p>\n<p><img decoding=\"async\" src=\"https:\/\/hzpt.com\/wp-content\/uploads\/2024\/11\/songte-company-1.webp\" alt=\"C\u00e9ges im\u00e1zs\"><\/p>\n<p>Term\u00e9keink sz\u00e9les k\u00f6rben alkalmazhat\u00f3k, \u00e9s sz\u00e1mos ipar\u00e1gban alkalmazhat\u00f3k, bele\u00e9rtve az \u00e9p\u00edt\u0151ipart, a mez\u0151gazdas\u00e1got, a b\u00e1ny\u00e1szatot \u00e9s egyebeket. Elk\u00f6telezettek vagyunk az ir\u00e1nt, hogy kiv\u00e1l\u00f3 min\u0151s\u00e9g\u0171 term\u00e9keket \u00e9s szolg\u00e1ltat\u00e1sokat ny\u00fajtsunk \u00fcgyfeleink sz\u00e1m\u00e1ra, \u00e9s biztos\u00edtsuk el\u00e9gedetts\u00e9g\u00fcket.<\/p>\n<p>Szerz\u0151: lyl<\/p>","protected":false},"excerpt":{"rendered":"<p>Bucket Cylinder For World Large Excavator W2330LC-8 Introduction Defining the Bucket Cylinder The Bucket Cylinder is a specially designed hydraulic cylinder that is primarily used to control the movement of the bucket in heavy machinery such as excavators, backhoes, and front loaders. Its main function is to enable the bucket to be lifted, lowered, and [&hellip;]<\/p>","protected":false},"featured_media":14788,"comment_status":"open","ping_status":"closed","template":"","meta":{"_et_pb_use_builder":"","_et_pb_old_content":"","_et_gb_content_width":""},"product_brand":[],"product_cat":[1494],"product_tag":[1495,1496],"class_list":{"0":"post-15748","1":"product","2":"type-product","3":"status-publish","4":"has-post-thumbnail","6":"product_cat-bucket-cylinders","7":"product_tag-bucket-cylinders","8":"product_tag-hydraulic-cylinders","10":"first","11":"instock","12":"shipping-taxable","13":"product-type-simple"},"amp_enabled":true,"_links":{"self":[{"href":"https:\/\/www.hydraulic-cylinders.net\/hu\/wp-json\/wp\/v2\/product\/15748","targetHints":{"allow":["GET"]}}],"collection":[{"href":"https:\/\/www.hydraulic-cylinders.net\/hu\/wp-json\/wp\/v2\/product"}],"about":[{"href":"https:\/\/www.hydraulic-cylinders.net\/hu\/wp-json\/wp\/v2\/types\/product"}],"replies":[{"embeddable":true,"href":"https:\/\/www.hydraulic-cylinders.net\/hu\/wp-json\/wp\/v2\/comments?post=15748"}],"wp:featuredmedia":[{"embeddable":true,"href":"https:\/\/www.hydraulic-cylinders.net\/hu\/wp-json\/wp\/v2\/media\/14788"}],"wp:attachment":[{"href":"https:\/\/www.hydraulic-cylinders.net\/hu\/wp-json\/wp\/v2\/media?parent=15748"}],"wp:term":[{"taxonomy":"product_brand","embeddable":true,"href":"https:\/\/www.hydraulic-cylinders.net\/hu\/wp-json\/wp\/v2\/product_brand?post=15748"},{"taxonomy":"product_cat","embeddable":true,"href":"https:\/\/www.hydraulic-cylinders.net\/hu\/wp-json\/wp\/v2\/product_cat?post=15748"},{"taxonomy":"product_tag","embeddable":true,"href":"https:\/\/www.hydraulic-cylinders.net\/hu\/wp-json\/wp\/v2\/product_tag?post=15748"}],"curies":[{"name":"munkaf\u00fczet","href":"https:\/\/api.w.org\/{rel}","templated":true}]}}