{"id":15777,"date":"2025-01-19T14:58:01","date_gmt":"2025-01-19T14:58:01","guid":{"rendered":"https:\/\/www.hydraulic-cylinders.net\/product\/bucket-cylinder-for-tck-hd1023lc-8h\/"},"modified":"2025-01-19T14:58:03","modified_gmt":"2025-01-19T14:58:03","slug":"bucket-cylinder-for-tck-hd1023lc-8h","status":"publish","type":"product","link":"https:\/\/www.hydraulic-cylinders.net\/hu\/termek\/bucket-cylinder-for-tck-hd1023lc-8h\/","title":{"rendered":"Kan\u00e1lhenger TCK HD1023LC-8H-hoz"},"content":{"rendered":"<h1>Kan\u00e1lhenger TCK HD1023LC-8H-hoz<\/h1>\n<h2>Bevezet\u00e9s<\/h2>\n<p>A kan\u00e1lhenger egy speci\u00e1lisan tervezett hidraulikus henger, amelyet els\u0151sorban neh\u00e9zg\u00e9pek, p\u00e9ld\u00e1ul kotr\u00f3g\u00e9pek, kotr\u00f3g\u00e9pek \u00e9s homlokrakod\u00f3k kanalainak mozg\u00e1s\u00e1nak vez\u00e9rl\u00e9s\u00e9re haszn\u00e1lnak. F\u0151 funkci\u00f3ja a kan\u00e1l emel\u00e9se, s\u00fcllyeszt\u00e9se \u00e9s billent\u00e9se k\u00fcl\u00f6nf\u00e9le anyagmozgat\u00e1si feladatokhoz. A hidraulikus rendszerben a kan\u00e1lhenger a hidraulikaolaj nyom\u00e1s\u00e1nak v\u00e1ltoz\u00e1s\u00e1n kereszt\u00fcl vez\u00e9rli a kan\u00e1l pontos mozg\u00e1s\u00e1t, lehet\u0151v\u00e9 t\u00e9ve a kezel\u0151k sz\u00e1m\u00e1ra, hogy hat\u00e9konyan kezelj\u00e9k a neh\u00e9z terheket, \u00e9s alkalmazkodjanak az \u00f6sszetett munkak\u00f6rnyezetekhez \u00e9s a v\u00e1ltozatos munkak\u00f6vetelm\u00e9nyekhez.<\/p>\n<p><img decoding=\"async\" src=\"https:\/\/www.hydraulic-cylinders.net\/wp-content\/uploads\/2025\/01\/songte-company-2.webp\" alt=\"V\u00f6d\u00f6r henger k\u00e9pe\"><\/p>\n<h2>Jellemz\u0151k<\/h2>\n<ul>\n<li>Nagy szil\u00e1rds\u00e1g \u00e9s tart\u00f3ss\u00e1g: \u00c1ltal\u00e1ban nagy szil\u00e1rds\u00e1g\u00fa ac\u00e9lb\u00f3l vagy alum\u00edniumb\u00f3l k\u00e9sz\u00fcl, k\u00e9pes ellen\u00e1llni a nagy nyom\u00e1snak \u00e9s a nagy terhel\u00e9seknek, alkalmas zord munkak\u00f6rnyezetre, kop\u00e1s\u00e1ll\u00f3s\u00e1g \u00e9s korr\u00f3zi\u00f3\u00e1ll\u00f3s\u00e1g, valamint hosszabb \u00e9lettartam figyelembev\u00e9tel\u00e9vel tervezt\u00e9k.<\/li>\n<li>Hat\u00e9kony hidraulikus m\u0171k\u00f6d\u00e9s: Sima teleszk\u00f3pos mozg\u00e1s a hidraulikaolaj nyom\u00e1s\u00e1nak k\u00f6sz\u00f6nhet\u0151en, gyorsan reag\u00e1l a vez\u00e9rl\u0151parancsokra, er\u0151teljes tol\u00f3- \u00e9s h\u00faz\u00f3er\u0151t biztos\u00edt, alkalmas neh\u00e9z terhek \u00e9s \u00f6sszetett feladatok kezel\u00e9s\u00e9re.<\/li>\n<li>K\u00fcl\u00f6nb\u00f6z\u0151 t\u00edpusok: A hengerek t\u00edpusai k\u00f6z\u00e9 tartoznak az egyszeres m\u0171k\u00f6d\u00e9s\u0171 (csak egy ir\u00e1nyban hidraulikusan m\u0171k\u00f6d\u0151) vagy a kett\u0151s m\u0171k\u00f6d\u00e9s\u0171 (mindk\u00e9t ir\u00e1nyban hidraulikusan m\u0171k\u00f6d\u0151) hengerek, hogy megfeleljenek a k\u00fcl\u00f6nb\u00f6z\u0151 m\u0171k\u00f6d\u00e9si k\u00f6vetelm\u00e9nyeknek; egyes modellek teleszk\u00f3posak, \u00edgy nagyobb kiny\u00fal\u00e1st tesznek lehet\u0151v\u00e9 a k\u00fcls\u0151 m\u00e9retek n\u00f6vel\u00e9se n\u00e9lk\u00fcl, \u00edgy alkalmasak korl\u00e1tozott helyig\u00e9ny\u0171 alkalmaz\u00e1sokhoz.<\/li>\n<li>T\u00f6k\u00e9letes cserelehet\u0151s\u00e9g: Term\u00e9k\u00fcnkkel k\u00f6nnyen cser\u00e9lhet\u0151k hasonl\u00f3 hidraulikus hengerek.<\/li>\n<\/ul>\n<p><img decoding=\"async\" src=\"https:\/\/www.hydraulic-cylinders.net\/wp-content\/uploads\/2025\/01\/songte-cylinder-head-with-all-kinds-excavator-models.webp\" alt=\"V\u00f6d\u00f6r henger k\u00e9pe\"><\/p>\n<h2>Alkalmaz\u00e1s<\/h2>\n<p>A kan\u00e1lhenger sz\u00e9les k\u00f6rben alkalmazhat\u00f3 neh\u00e9zg\u00e9pekben:<\/p>\n<ul>\n<li>\u00c9p\u00edt\u0151ipari berendez\u00e9sek: Kotr\u00f3g\u00e9pekben elengedhetetlenek az \u00e1s\u00e1shoz, rakod\u00e1shoz \u00e9s talaj vagy t\u00f6rmel\u00e9k mozgat\u00e1s\u00e1hoz. A kotr\u00f3g\u00e9pekben a kan\u00e1lhengerek seg\u00edtik az \u00e1s\u00e1st \u00e9s az emel\u00e9st. Homlokrakod\u00f3kban a rakom\u00e1ny hat\u00e9kony emel\u00e9s\u00e9ben \u00e9s billent\u00e9s\u00e9ben seg\u00edtenek.<\/li>\n<li>Mez\u0151gazdas\u00e1gi g\u00e9pek: Homlokrakod\u00f3khoz haszn\u00e1lj\u00e1k, talaj, sz\u00e9na \u00e9s egy\u00e9b anyagok felv\u00e9tel\u00e9re, emel\u00e9s\u00e9re \u00e9s sz\u00e1ll\u00edt\u00e1s\u00e1ra. Kotr\u00f3g\u00e9pekben a kan\u00e1lhengerek \u00fagy m\u0171k\u00f6dnek, hogy lehet\u0151v\u00e9 teszik a kan\u00e1l sz\u00e1m\u00e1ra, hogy behatoljon a talajba a ki\u00e1s\u00e1shoz.<\/li>\n<\/ul>\n<h2>Tervez\u00e9si szempontok \u00e9s kiv\u00e1laszt\u00e1si szabv\u00e1nyok<\/h2>\n<p>A hengerfejek tervez\u00e9sekor sz\u00e1mos kulcsfontoss\u00e1g\u00fa t\u00e9nyez\u0151t kell figyelembe venni:<\/p>\n<ul>\n<li>Teherb\u00edr\u00e1s: A hengernek k\u00e9pesnek kell lennie arra, hogy elb\u00edrja a sz\u00e1ll\u00edtott berendez\u00e9sek \u00e9s anyagok terhel\u00e9s\u00e9t.<\/li>\n<li>T\u00f6m\u00edt\u00e9s: K\u00fcl\u00f6nb\u00f6z\u0151 t\u00edpus\u00fa t\u00f6m\u00edt\u00e9seket, p\u00e9ld\u00e1ul dugatty\u00fat\u00f6m\u00edt\u00e9seket \u00e9s r\u00fadt\u00f6m\u00edt\u00e9seket haszn\u00e1lnak a hidraulikafolyad\u00e9k sziv\u00e1rg\u00e1s\u00e1nak \u00e9s szennyez\u0151d\u00e9s\u00e9nek megakad\u00e1lyoz\u00e1s\u00e1ra.<\/li>\n<li>Tart\u00f3ss\u00e1g: A hengereket \u00fagy tervezt\u00e9k, hogy ellen\u00e1lljanak a zord k\u00f6rnyezetnek \u00e9s a nagy nyom\u00e1snak, az anyagokat pedig kop\u00e1s\u00e1ll\u00f3s\u00e1g \u00e9s korr\u00f3zi\u00f3\u00e1ll\u00f3s\u00e1g szempontj\u00e1b\u00f3l v\u00e1lasztott\u00e1k ki.<\/li>\n<li>Biztons\u00e1g: Biztons\u00e1gi funkci\u00f3k, p\u00e9ld\u00e1ul nyom\u00e1scs\u00f6kkent\u0151 szelepek tal\u00e1lhat\u00f3k a t\u00falterhel\u00e9s \u00e9s a palack k\u00e1rosod\u00e1s\u00e1nak megakad\u00e1lyoz\u00e1sa \u00e9rdek\u00e9ben.<\/li>\n<li>Karbantart\u00e1s: A hozz\u00e1f\u00e9rhet\u0151s\u00e9g \u00e9s a k\u00f6nny\u0171 karbantart\u00e1s a le\u00e1ll\u00e1si id\u0151 cs\u00f6kkent\u00e9se \u00e9s az \u00e9lettartam jav\u00edt\u00e1sa \u00e9rdek\u00e9ben fontos szempont.<\/li>\n<\/ul>\n<p><img decoding=\"async\" src=\"https:\/\/www.hydraulic-cylinders.net\/wp-content\/uploads\/2025\/01\/songte-oil-pipes-and-spare-parts.webp\" alt=\"V\u00f6d\u00f6r henger k\u00e9pe\"><\/p>\n<h2>T\u00f6m\u00edt\u00e9s \u00e9s ken\u00e9s<\/h2>\n<p>A serleghengerek k\u00fcl\u00f6nf\u00e9le t\u00f6m\u00edt\u00e9seket haszn\u00e1lnak, p\u00e9ld\u00e1ul dugatty\u00fat\u00f6m\u00edt\u00e9seket \u00e9s r\u00fadt\u00f6m\u00edt\u00e9seket, amelyek kop\u00e1s\u00e1ll\u00f3 anyagokb\u00f3l, p\u00e9ld\u00e1ul poliuret\u00e1nb\u00f3l vagy nitrilkaucsukb\u00f3l k\u00e9sz\u00fclnek, a sziv\u00e1rg\u00e1s \u00e9s a szennyez\u0151d\u00e9s megakad\u00e1lyoz\u00e1sa \u00e9rdek\u00e9ben. A hengertestet \u00e9s a menetes v\u00e9gfel\u00fcleteket prec\u00edzen kezelik a kop\u00e1s\u00e1ll\u00f3s\u00e1g jav\u00edt\u00e1sa \u00e9rdek\u00e9ben. A henger ken\u00e9s\u00e9hez \u00e9s a zavartalan m\u0171k\u00f6d\u00e9s biztos\u00edt\u00e1s\u00e1hoz rendszeres hidraulikaolaj hozz\u00e1ad\u00e1sa sz\u00fcks\u00e9ges.<\/p>\n<p><img decoding=\"async\" src=\"https:\/\/www.hydraulic-cylinders.net\/wp-content\/uploads\/2025\/01\/songte-chushion-collar.webp\" alt=\"V\u00f6d\u00f6r henger k\u00e9pe\"><\/p>\n<h2>Megel\u0151z\u0151 karbantart\u00e1s<\/h2>\n<p>A serleghengerek biztons\u00e1gos \u00e9s hat\u00e9kony m\u0171k\u00f6d\u00e9s\u00e9nek biztos\u00edt\u00e1s\u00e1hoz elengedhetetlen a rendszeres ellen\u0151rz\u00e9s \u00e9s karbantart\u00e1s. A gyakori karbantart\u00e1si feladatok a k\u00f6vetkez\u0151k:<\/p>\n<ul>\n<li>A henger rendszeres ellen\u0151rz\u00e9se sziv\u00e1rg\u00e1sok, s\u00e9r\u00fcl\u00e9sek \u00e9s kop\u00e1s szempontj\u00e1b\u00f3l.<\/li>\n<li>A henger rendszeres ken\u00e9se biztos\u00edtja a zavartalan m\u0171k\u00f6d\u00e9st.<\/li>\n<li>T\u00f6m\u00edt\u00e9sek cser\u00e9je \u00e9s a henger \u00fajrakalibr\u00e1l\u00e1sa sz\u00fcks\u00e9g szerint.<\/li>\n<\/ul>\n<h2>Biztons\u00e1gi szempontok \u00e9s k\u00f6rnyezeti t\u00e9nyez\u0151k<\/h2>\n<p>V\u00f6dr\u00f6s henger haszn\u00e1latakor a biztons\u00e1gi int\u00e9zked\u00e9sek elengedhetetlenek a balesetek megel\u0151z\u00e9se \u00e9rdek\u00e9ben. Fontos betartani az \u00f6sszes biztons\u00e1gi el\u0151\u00edr\u00e1st, \u00e9s megfelel\u0151 szem\u00e9lyi v\u00e9d\u0151felszerel\u00e9st, p\u00e9ld\u00e1ul keszty\u0171t, v\u00e9d\u0151szem\u00fcveget \u00e9s v\u00e9d\u0151sisakot haszn\u00e1lni. Neh\u00e9zg\u00e9pek kezel\u00e9sekor a k\u00f6rnyezeti t\u00e9nyez\u0151ket, p\u00e9ld\u00e1ul az id\u0151j\u00e1r\u00e1st \u00e9s a terepviszonyokat is figyelembe kell venni.<\/p>\n<p><img decoding=\"async\" src=\"https:\/\/www.hydraulic-cylinders.net\/wp-content\/uploads\/2025\/01\/songte-bushings-with-all-kinds-of-excavator-models.webp\" alt=\"V\u00f6d\u00f6r henger k\u00e9pe\"><\/p>\n<h2>Gyakori probl\u00e9m\u00e1k \u00e9s hibaelh\u00e1r\u00edt\u00e1s<\/h2>\n<p>A kan\u00e1lhengerek gyakori probl\u00e9m\u00e1i k\u00f6z\u00e9 tartozik a sziv\u00e1rg\u00e1s, a s\u00e9r\u00fcl\u00e9s \u00e9s a kop\u00e1s. Ezen probl\u00e9m\u00e1k elh\u00e1r\u00edt\u00e1s\u00e1hoz:<\/p>\n<ul>\n<li>Vizsg\u00e1lja meg a hengert sziv\u00e1rg\u00e1s \u00e9s s\u00e9r\u00fcl\u00e9s szempontj\u00e1b\u00f3l.<\/li>\n<li>Cser\u00e9lje ki az \u00f6sszes kopott vagy s\u00e9r\u00fclt alkatr\u00e9szt, p\u00e9ld\u00e1ul t\u00f6m\u00edt\u00e9seket vagy csap\u00e1gyakat.<\/li>\n<li>Sz\u00fcks\u00e9g szerint kalibr\u00e1lja \u00fajra a hengert.<\/li>\n<\/ul>\n<h2>C\u00e9g\u00fcnkr\u0151l<\/h2>\n<p>Hidraulikus hengerek gy\u00e1rt\u00f3jak\u00e9nt term\u00e9keinket a hazai \u00e9s nemzetk\u00f6zi piacok egyik vezet\u0151 hidraulikus hengergy\u00e1rt\u00f3jak\u00e9nt \u00e9s nagykereskedelmi forgalmaz\u00f3jak\u00e9nt ismerik el. C\u00e9g\u00fcnk a kiv\u00e1l\u00f3 min\u0151s\u00e9g alapelveit k\u00f6veti, a kifinomult gy\u00e1rt\u00f3m\u0171helyek iparos\u00edtott termel\u00e9sir\u00e1ny\u00edt\u00e1si strat\u00e9gi\u00e1ira t\u00e1maszkodik, \u00e9s folyamatosan fejleszti m\u0171helyeink gy\u00e1rt\u00e1si platformj\u00e1t m\u0171szaki szem\u00e9lyzet, digit\u00e1lis, cs\u00facskateg\u00f3ri\u00e1s gy\u00e1rt\u00f3berendez\u00e9sek \u00e9s professzion\u00e1lis tesztel\u0151rendszerek alkalmaz\u00e1s\u00e1val. Er\u0151s kreat\u00edv k\u00e9pess\u00e9gekkel rendelkez\u00fcnk, \u00e9s nagy hat\u00e9konys\u00e1g\u00fa, nagy pontoss\u00e1g\u00fa \u00e9s kiv\u00e1l\u00f3 min\u0151s\u00e9g\u0171 term\u00e9keket k\u00edn\u00e1lunk \u00fcgyfeleink sokr\u00e9t\u0171 ig\u00e9nyeinek kiel\u00e9g\u00edt\u00e9s\u00e9re.<\/p>\n<p><img decoding=\"async\" src=\"https:\/\/hzpt.com\/wp-content\/uploads\/2024\/11\/songte-company-1.webp\" alt=\"V\u00f6d\u00f6r henger k\u00e9pe\"><\/p>\n<h2>C\u00e9g\u00fcnk el\u0151nyei<\/h2>\n<ul>\n<li>Szakmai hozz\u00e1\u00e9rt\u00e9s: Kiterjedt tapasztalattal rendelkez\u00fcnk a hidraulikus hengerek ipar\u00e1g\u00e1ban, \u00e9s rengeteg tud\u00e1st \u00e9s szak\u00e9rtelmet halmoztunk fel ezen a ter\u00fcleten.<\/li>\n<li>Nemzetk\u00f6zi min\u0151s\u00edt\u00e9s: Term\u00e9keink nemzetk\u00f6zi min\u0151s\u00edt\u00e9ssel rendelkeznek, \u00e9s a legmagasabb min\u0151s\u00e9g\u0171ek.<\/li>\n<li>Testreszab\u00e1si szolg\u00e1ltat\u00e1sok: \u00dcgyfeleink egyedi ig\u00e9nyeinek kiel\u00e9g\u00edt\u00e9s\u00e9re egyedi hengertervez\u00e9si szolg\u00e1ltat\u00e1sokat k\u00edn\u00e1lunk.<\/li>\n<li>Gy\u00e1rt\u00f3berendez\u00e9sek: Gy\u00e1rt\u00f3berendez\u00e9seink a legmodernebbek, \u00e9s lehet\u0151v\u00e9 teszik sz\u00e1munkra, hogy hat\u00e9konyan, kiv\u00e1l\u00f3 min\u0151s\u00e9g\u0171 hengereket \u00e1ll\u00edtsunk el\u0151.<\/li>\n<li>\u00c9rt\u00e9kes\u00edt\u00e9s ut\u00e1ni szolg\u00e1ltat\u00e1s: Kiv\u00e1l\u00f3 \u00e9rt\u00e9kes\u00edt\u00e9s ut\u00e1ni szolg\u00e1ltat\u00e1st ny\u00fajtunk, bele\u00e9rtve az alkatr\u00e9szcser\u00e9t \u00e9s az \u00fajj\u00e1\u00e9p\u00edt\u00e9si szolg\u00e1ltat\u00e1sokat, hogy meghosszabb\u00edtsuk hengereink \u00e9lettartam\u00e1t.<\/li>\n<\/ul>\n<p>Szerz\u0151: lyl<\/p>","protected":false},"excerpt":{"rendered":"<p>Bucket Cylinder for TCK HD1023LC-8H Introduction Bucket cylinder is a specially designed hydraulic cylinder used primarily for controlling the movement of buckets in heavy machinery such as excavators, backhoe excavators, and front loaders. Its main function is to allow the bucket to be lifted, lowered, and tilted for various material handling tasks. In the hydraulic [&hellip;]<\/p>","protected":false},"featured_media":14789,"comment_status":"open","ping_status":"closed","template":"","meta":{"_et_pb_use_builder":"","_et_pb_old_content":"","_et_gb_content_width":""},"product_brand":[],"product_cat":[1494],"product_tag":[1495,1496],"class_list":{"0":"post-15777","1":"product","2":"type-product","3":"status-publish","4":"has-post-thumbnail","6":"product_cat-bucket-cylinders","7":"product_tag-bucket-cylinders","8":"product_tag-hydraulic-cylinders","10":"first","11":"instock","12":"shipping-taxable","13":"product-type-simple"},"amp_enabled":true,"_links":{"self":[{"href":"https:\/\/www.hydraulic-cylinders.net\/hu\/wp-json\/wp\/v2\/product\/15777","targetHints":{"allow":["GET"]}}],"collection":[{"href":"https:\/\/www.hydraulic-cylinders.net\/hu\/wp-json\/wp\/v2\/product"}],"about":[{"href":"https:\/\/www.hydraulic-cylinders.net\/hu\/wp-json\/wp\/v2\/types\/product"}],"replies":[{"embeddable":true,"href":"https:\/\/www.hydraulic-cylinders.net\/hu\/wp-json\/wp\/v2\/comments?post=15777"}],"wp:featuredmedia":[{"embeddable":true,"href":"https:\/\/www.hydraulic-cylinders.net\/hu\/wp-json\/wp\/v2\/media\/14789"}],"wp:attachment":[{"href":"https:\/\/www.hydraulic-cylinders.net\/hu\/wp-json\/wp\/v2\/media?parent=15777"}],"wp:term":[{"taxonomy":"product_brand","embeddable":true,"href":"https:\/\/www.hydraulic-cylinders.net\/hu\/wp-json\/wp\/v2\/product_brand?post=15777"},{"taxonomy":"product_cat","embeddable":true,"href":"https:\/\/www.hydraulic-cylinders.net\/hu\/wp-json\/wp\/v2\/product_cat?post=15777"},{"taxonomy":"product_tag","embeddable":true,"href":"https:\/\/www.hydraulic-cylinders.net\/hu\/wp-json\/wp\/v2\/product_tag?post=15777"}],"curies":[{"name":"munkaf\u00fczet","href":"https:\/\/api.w.org\/{rel}","templated":true}]}}